{"id":9767,"date":"2023-07-19T09:53:50","date_gmt":"2023-07-19T08:53:50","guid":{"rendered":"https:\/\/www.barosa.com\/?post_type=product&#038;p=9767"},"modified":"2025-06-01T00:00:41","modified_gmt":"2025-06-01T00:00:41","slug":"ben-jerrys-dulce-de-lish-427ml","status":"publish","type":"product","link":"https:\/\/www.barosa.com\/fr\/produto\/ben-jerrys-dulce-de-lish-427ml\/","title":{"rendered":"Ben &amp; Jerry\u2019s Dulce De-lish 427 ml"},"content":{"rendered":"","protected":false},"excerpt":{"rendered":"<p>Cr\u00e8me glac\u00e9e au caramel sal\u00e9 avec morceaux de caramel et tourbillons de caramel, garnie de cr\u00e8me glac\u00e9e au chocolat fouett\u00e9e, de tourbillons de caramel et de morceaux de chocolat avec sel de mer.<\/p>\n<h6>C-A-R-A-M-E-L-O qui fond dans la bouche \u00e0 chaque cuiller\u00e9e ! Quoi de mieux que le nouveau Sundae au lait sucr\u00e9 ? C'est votre nouveau meilleur ami au caramel, avec une g\u00e9n\u00e9reuse couche de cr\u00e8me glac\u00e9e au chocolat fouett\u00e9e, des morceaux de chocolat et de sel de mer et des tourbillons de caramel ! Ce Sundae est fabriqu\u00e9 avec du cacao issu de la cha\u00eene ouverte de tra\u00e7abilit\u00e9. En d'autres termes, cela signifie que les producteurs de cacao ont plus de justice.<\/h6>\n<p>Bo\u00eete de 8 paquets<\/p>\n<p><strong>Marque:<\/strong> Ben &amp; Jerry's<\/p>\n<h6><em>Produit surgel\u00e9<\/em><\/h6>","protected":false},"featured_media":9768,"template":"","meta":[],"product_brand":[],"product_cat":[516],"product_tag":[592],"class_list":{"0":"post-9767","1":"product","2":"type-product","3":"status-publish","4":"has-post-thumbnail","6":"product_cat-gelados-in-home","7":"product_tag-ben-jerrys","9":"first","10":"instock","11":"taxable","12":"shipping-taxable","13":"purchasable","14":"product-type-simple"},"yoast_head":"<!-- This site is optimized with the Yoast SEO Premium plugin v27.6 (Yoast SEO v27.6) - https:\/\/yoast.com\/product\/yoast-seo-premium-wordpress\/ -->\n<title>Ben &amp; Jerry&#039;s Dulce De-lish 427ml - BAROSA Congelados | Manuel de Sousa Barosa, Lda.<\/title>\n<meta name=\"description\" content=\"Gelado de Caramelo Salgado com Chunks de caramelo e Swirls de caramelo, coberto com Gelado de Chocolate batido, Swirls de Caramelo e Chunks de Chocolate com Sal Marinho.\" \/>\n<meta name=\"robots\" content=\"index, follow, max-snippet:-1, max-image-preview:large, max-video-preview:-1\" \/>\n<link rel=\"canonical\" href=\"https:\/\/www.barosa.com\/fr\/produit\/ben-jerrys-dulce-de-lish-427ml\/\" \/>\n<meta property=\"og:locale\" content=\"fr_FR\" \/>\n<meta property=\"og:type\" content=\"article\" \/>\n<meta property=\"og:title\" content=\"Ben &amp; Jerry&#039;s Dulce De-lish 427ml\" \/>\n<meta property=\"og:description\" content=\"Gelado de Caramelo Salgado com Chunks de caramelo e Swirls de caramelo, coberto com Gelado de Chocolate batido, Swirls de Caramelo e Chunks de Chocolate com Sal Marinho.\" \/>\n<meta property=\"og:url\" content=\"https:\/\/www.barosa.com\/fr\/produit\/ben-jerrys-dulce-de-lish-427ml\/\" \/>\n<meta property=\"og:site_name\" content=\"BAROSA Congelados | Manuel de Sousa Barosa, Lda.\" \/>\n<meta property=\"article:publisher\" content=\"http:\/\/www.facebook.com\/barosa\/\" \/>\n<meta property=\"article:modified_time\" content=\"2025-06-01T00:00:41+00:00\" \/>\n<meta property=\"og:image\" content=\"https:\/\/www.barosa.com\/wp-content\/uploads\/2023\/07\/Ben-Jerry-s-Dulce-De-lish-427ml.jpg\" \/>\n\t<meta property=\"og:image:width\" content=\"801\" \/>\n\t<meta property=\"og:image:height\" content=\"801\" \/>\n\t<meta property=\"og:image:type\" content=\"image\/jpeg\" \/>\n<meta name=\"twitter:card\" content=\"summary_large_image\" \/>\n<meta name=\"twitter:site\" content=\"@barosa_lda\" \/>\n<meta name=\"twitter:label1\" content=\"Dur\u00e9e de lecture estim\u00e9e\" \/>\n\t<meta name=\"twitter:data1\" content=\"1 minute\" \/>\n<script type=\"application\/ld+json\" class=\"yoast-schema-graph\">{\"@context\":\"https:\\\/\\\/schema.org\",\"@graph\":[{\"@type\":\"WebPage\",\"@id\":\"https:\\\/\\\/www.barosa.com\\\/produto\\\/ben-jerrys-dulce-de-lish-427ml\\\/\",\"url\":\"https:\\\/\\\/www.barosa.com\\\/produto\\\/ben-jerrys-dulce-de-lish-427ml\\\/\",\"name\":\"Ben &amp; Jerry's Dulce De-lish 427ml - BAROSA Congelados | Manuel de Sousa Barosa, Lda.\",\"isPartOf\":{\"@id\":\"https:\\\/\\\/www.barosa.com\\\/#website\"},\"primaryImageOfPage\":{\"@id\":\"https:\\\/\\\/www.barosa.com\\\/produto\\\/ben-jerrys-dulce-de-lish-427ml\\\/#primaryimage\"},\"image\":{\"@id\":\"https:\\\/\\\/www.barosa.com\\\/produto\\\/ben-jerrys-dulce-de-lish-427ml\\\/#primaryimage\"},\"thumbnailUrl\":\"https:\\\/\\\/www.barosa.com\\\/wp-content\\\/uploads\\\/2023\\\/07\\\/Ben-Jerry-s-Dulce-De-lish-427ml.jpg\",\"datePublished\":\"2023-07-19T08:53:50+00:00\",\"dateModified\":\"2025-06-01T00:00:41+00:00\",\"description\":\"Gelado de Caramelo Salgado com Chunks de caramelo e Swirls de caramelo, coberto com Gelado de Chocolate batido, Swirls de Caramelo e Chunks de Chocolate com Sal Marinho.\",\"breadcrumb\":{\"@id\":\"https:\\\/\\\/www.barosa.com\\\/produto\\\/ben-jerrys-dulce-de-lish-427ml\\\/#breadcrumb\"},\"inLanguage\":\"fr-FR\",\"potentialAction\":[{\"@type\":\"ReadAction\",\"target\":[\"https:\\\/\\\/www.barosa.com\\\/produto\\\/ben-jerrys-dulce-de-lish-427ml\\\/\"]}]},{\"@type\":\"ImageObject\",\"inLanguage\":\"fr-FR\",\"@id\":\"https:\\\/\\\/www.barosa.com\\\/produto\\\/ben-jerrys-dulce-de-lish-427ml\\\/#primaryimage\",\"url\":\"https:\\\/\\\/www.barosa.com\\\/wp-content\\\/uploads\\\/2023\\\/07\\\/Ben-Jerry-s-Dulce-De-lish-427ml.jpg\",\"contentUrl\":\"https:\\\/\\\/www.barosa.com\\\/wp-content\\\/uploads\\\/2023\\\/07\\\/Ben-Jerry-s-Dulce-De-lish-427ml.jpg\",\"width\":801,\"height\":801,\"caption\":\"Ben & Jerry's Dulce De-lish 427ml\"},{\"@type\":\"BreadcrumbList\",\"@id\":\"https:\\\/\\\/www.barosa.com\\\/produto\\\/ben-jerrys-dulce-de-lish-427ml\\\/#breadcrumb\",\"itemListElement\":[{\"@type\":\"ListItem\",\"position\":1,\"name\":\"In\u00edcio\",\"item\":\"https:\\\/\\\/www.barosa.com\\\/\"},{\"@type\":\"ListItem\",\"position\":2,\"name\":\"Shop\",\"item\":\"https:\\\/\\\/www.barosa.com\\\/shop\\\/\"},{\"@type\":\"ListItem\",\"position\":3,\"name\":\"Ben &amp; Jerry&#8217;s Dulce De-lish 427ml\"}]},{\"@type\":\"WebSite\",\"@id\":\"https:\\\/\\\/www.barosa.com\\\/#website\",\"url\":\"https:\\\/\\\/www.barosa.com\\\/\",\"name\":\"BAROSA Congelados | Manuel de Sousa Barosa, Lda.\",\"description\":\"Empresa de transforma\u00e7\u00e3o e comercializa\u00e7\u00e3o de produtos alimentares congelados. BAROSA \u00ae Pescados, &quot;N\u00e3o h\u00e1 bom garfo que resista\u00ae&quot;. BAROSA \u00ae FoodService &quot;O lado bom da comida\u00ae&quot;. Pescados Crust\u00e1ceos Mariscos Cefal\u00f3podes Bivalves Padaria Pastelaria Pizzas Sobremesas\",\"publisher\":{\"@id\":\"https:\\\/\\\/www.barosa.com\\\/#organization\"},\"alternateName\":\"BAROSA\u00ae\",\"potentialAction\":[{\"@type\":\"SearchAction\",\"target\":{\"@type\":\"EntryPoint\",\"urlTemplate\":\"https:\\\/\\\/www.barosa.com\\\/?s={search_term_string}\"},\"query-input\":{\"@type\":\"PropertyValueSpecification\",\"valueRequired\":true,\"valueName\":\"search_term_string\"}}],\"inLanguage\":\"fr-FR\"},{\"@type\":\"Organization\",\"@id\":\"https:\\\/\\\/www.barosa.com\\\/#organization\",\"name\":\"Manuel de Sousa Barosa, Lda.\",\"alternateName\":\"BAROSA\",\"url\":\"https:\\\/\\\/www.barosa.com\\\/\",\"logo\":{\"@type\":\"ImageObject\",\"inLanguage\":\"fr-FR\",\"@id\":\"https:\\\/\\\/www.barosa.com\\\/#\\\/schema\\\/logo\\\/image\\\/\",\"url\":\"https:\\\/\\\/www.barosa.com\\\/wp-content\\\/uploads\\\/2025\\\/03\\\/BAROSA-Logo-696x696-1.jpg\",\"contentUrl\":\"https:\\\/\\\/www.barosa.com\\\/wp-content\\\/uploads\\\/2025\\\/03\\\/BAROSA-Logo-696x696-1.jpg\",\"width\":696,\"height\":696,\"caption\":\"Manuel de Sousa Barosa, Lda.\"},\"image\":{\"@id\":\"https:\\\/\\\/www.barosa.com\\\/#\\\/schema\\\/logo\\\/image\\\/\"},\"sameAs\":[\"http:\\\/\\\/www.facebook.com\\\/barosa\\\/\",\"https:\\\/\\\/x.com\\\/barosa_lda\",\"https:\\\/\\\/www.instagram.com\\\/barosa_lda\\\/\",\"https:\\\/\\\/pt.linkedin.com\\\/company\\\/barosa-lda\"],\"description\":\"Empresa de transforma\u00e7\u00e3o e comercializa\u00e7\u00e3o de produtos alimentares congelados. BAROSA \u00ae Pescados, \\\"N\u00e3o h\u00e1 bom garfo que resista\u00ae\\\". BAROSA \u00ae FoodService \\\"O lado bom da comida!\u00ae\\\"\",\"email\":\"info@barosa.com\",\"telephone\":\"+351 262824403\",\"legalName\":\"Manuel de Sousa Barosa, Lda.\",\"foundingDate\":\"1975-05-21\",\"vatID\":\"503365190\",\"taxID\":\"503365190\",\"duns\":\"452388713\",\"numberOfEmployees\":{\"@type\":\"QuantitativeValue\",\"minValue\":\"11\",\"maxValue\":\"50\"},\"ethicsPolicy\":\"https:\\\/\\\/www.barosa.com\\\/politicaprivacidade\\\/\"}]}<\/script>\n<!-- \/ Yoast SEO Premium plugin. -->","yoast_head_json":{"title":"Ben &amp; Jerry's Dulce De-lish 427ml - BAROSA Congelados | Manuel de Sousa Barosa, Lda.","description":"Cr\u00e8me glac\u00e9e au caramel sal\u00e9 avec morceaux de caramel et tourbillons de caramel, garnie de cr\u00e8me glac\u00e9e au chocolat fouett\u00e9e, de tourbillons de caramel et de morceaux de chocolat avec sel de mer.","robots":{"index":"index","follow":"follow","max-snippet":"max-snippet:-1","max-image-preview":"max-image-preview:large","max-video-preview":"max-video-preview:-1"},"canonical":"https:\/\/www.barosa.com\/fr\/produit\/ben-jerrys-dulce-de-lish-427ml\/","og_locale":"fr_FR","og_type":"article","og_title":"Ben &amp; Jerry's Dulce De-lish 427ml","og_description":"Gelado de Caramelo Salgado com Chunks de caramelo e Swirls de caramelo, coberto com Gelado de Chocolate batido, Swirls de Caramelo e Chunks de Chocolate com Sal Marinho.","og_url":"https:\/\/www.barosa.com\/fr\/produit\/ben-jerrys-dulce-de-lish-427ml\/","og_site_name":"BAROSA Congelados | Manuel de Sousa Barosa, Lda.","article_publisher":"http:\/\/www.facebook.com\/barosa\/","article_modified_time":"2025-06-01T00:00:41+00:00","og_image":[{"width":801,"height":801,"url":"https:\/\/www.barosa.com\/wp-content\/uploads\/2023\/07\/Ben-Jerry-s-Dulce-De-lish-427ml.jpg","type":"image\/jpeg"}],"twitter_card":"summary_large_image","twitter_site":"@barosa_lda","twitter_misc":{"Dur\u00e9e de lecture estim\u00e9e":"1 minute"},"schema":{"@context":"https:\/\/schema.org","@graph":[{"@type":"WebPage","@id":"https:\/\/www.barosa.com\/produto\/ben-jerrys-dulce-de-lish-427ml\/","url":"https:\/\/www.barosa.com\/produto\/ben-jerrys-dulce-de-lish-427ml\/","name":"Ben &amp; Jerry's Dulce De-lish 427ml - BAROSA Congelados | Manuel de Sousa Barosa, Lda.","isPartOf":{"@id":"https:\/\/www.barosa.com\/#website"},"primaryImageOfPage":{"@id":"https:\/\/www.barosa.com\/produto\/ben-jerrys-dulce-de-lish-427ml\/#primaryimage"},"image":{"@id":"https:\/\/www.barosa.com\/produto\/ben-jerrys-dulce-de-lish-427ml\/#primaryimage"},"thumbnailUrl":"https:\/\/www.barosa.com\/wp-content\/uploads\/2023\/07\/Ben-Jerry-s-Dulce-De-lish-427ml.jpg","datePublished":"2023-07-19T08:53:50+00:00","dateModified":"2025-06-01T00:00:41+00:00","description":"Cr\u00e8me glac\u00e9e au caramel sal\u00e9 avec morceaux de caramel et tourbillons de caramel, garnie de cr\u00e8me glac\u00e9e au chocolat fouett\u00e9e, de tourbillons de caramel et de morceaux de chocolat avec sel de mer.","breadcrumb":{"@id":"https:\/\/www.barosa.com\/produto\/ben-jerrys-dulce-de-lish-427ml\/#breadcrumb"},"inLanguage":"fr-FR","potentialAction":[{"@type":"ReadAction","target":["https:\/\/www.barosa.com\/produto\/ben-jerrys-dulce-de-lish-427ml\/"]}]},{"@type":"ImageObject","inLanguage":"fr-FR","@id":"https:\/\/www.barosa.com\/produto\/ben-jerrys-dulce-de-lish-427ml\/#primaryimage","url":"https:\/\/www.barosa.com\/wp-content\/uploads\/2023\/07\/Ben-Jerry-s-Dulce-De-lish-427ml.jpg","contentUrl":"https:\/\/www.barosa.com\/wp-content\/uploads\/2023\/07\/Ben-Jerry-s-Dulce-De-lish-427ml.jpg","width":801,"height":801,"caption":"Ben & Jerry's Dulce De-lish 427ml"},{"@type":"BreadcrumbList","@id":"https:\/\/www.barosa.com\/produto\/ben-jerrys-dulce-de-lish-427ml\/#breadcrumb","itemListElement":[{"@type":"ListItem","position":1,"name":"In\u00edcio","item":"https:\/\/www.barosa.com\/"},{"@type":"ListItem","position":2,"name":"Shop","item":"https:\/\/www.barosa.com\/shop\/"},{"@type":"ListItem","position":3,"name":"Ben &amp; Jerry&#8217;s Dulce De-lish 427ml"}]},{"@type":"WebSite","@id":"https:\/\/www.barosa.com\/#website","url":"https:\/\/www.barosa.com\/","name":"BAROSA Congelados | Manuel de Sousa Barosa, Lda.","description":"Entreprise de transformation et commercialisation de produits alimentaires surgel\u00e9s. BAROSA \u00ae Pescados, \" Aucune bonne fourchette ne peut y r\u00e9sister\u00ae \". BAROSA \u00ae FoodService \" Le bon c\u00f4t\u00e9 de la nourriture\u00ae \". Poissons Crustac\u00e9s Fruits de mer C\u00e9phalopodes Bivalves Boulangerie P\u00e2tisserie Pizzas Desserts","publisher":{"@id":"https:\/\/www.barosa.com\/#organization"},"alternateName":"BAROSA\u00ae","potentialAction":[{"@type":"SearchAction","target":{"@type":"EntryPoint","urlTemplate":"https:\/\/www.barosa.com\/?s={search_term_string}"},"query-input":{"@type":"PropertyValueSpecification","valueRequired":true,"valueName":"search_term_string"}}],"inLanguage":"fr-FR"},{"@type":"Organization","@id":"https:\/\/www.barosa.com\/#organization","name":"Manuel de Sousa Barosa, Lda.","alternateName":"BAROSA","url":"https:\/\/www.barosa.com\/","logo":{"@type":"ImageObject","inLanguage":"fr-FR","@id":"https:\/\/www.barosa.com\/#\/schema\/logo\/image\/","url":"https:\/\/www.barosa.com\/wp-content\/uploads\/2025\/03\/BAROSA-Logo-696x696-1.jpg","contentUrl":"https:\/\/www.barosa.com\/wp-content\/uploads\/2025\/03\/BAROSA-Logo-696x696-1.jpg","width":696,"height":696,"caption":"Manuel de Sousa Barosa, Lda."},"image":{"@id":"https:\/\/www.barosa.com\/#\/schema\/logo\/image\/"},"sameAs":["http:\/\/www.facebook.com\/barosa\/","https:\/\/x.com\/barosa_lda","https:\/\/www.instagram.com\/barosa_lda\/","https:\/\/pt.linkedin.com\/company\/barosa-lda"],"description":"Entreprise de transformation et commercialisation de produits alimentaires surgel\u00e9s. BAROSA \u00ae Pescados, \" Aucune bonne fourchette ne peut y r\u00e9sister\u00ae \". BAROSA \u00ae FoodService \" Le bon c\u00f4t\u00e9 de la nourriture !\u00ae \"","email":"info@barosa.com","telephone":"+351 262824403","legalName":"Manuel de Sousa Barosa, Lda.","foundingDate":"1975-05-21","vatID":"503365190","taxID":"503365190","duns":"452388713","numberOfEmployees":{"@type":"QuantitativeValue","minValue":"11","maxValue":"50"},"ethicsPolicy":"https:\/\/www.barosa.com\/politicaprivacidade\/"}]}},"_links":{"self":[{"href":"https:\/\/www.barosa.com\/fr\/wp-json\/wp\/v2\/product\/9767","targetHints":{"allow":["GET"]}}],"collection":[{"href":"https:\/\/www.barosa.com\/fr\/wp-json\/wp\/v2\/product"}],"about":[{"href":"https:\/\/www.barosa.com\/fr\/wp-json\/wp\/v2\/types\/product"}],"wp:featuredmedia":[{"embeddable":true,"href":"https:\/\/www.barosa.com\/fr\/wp-json\/wp\/v2\/media\/9768"}],"wp:attachment":[{"href":"https:\/\/www.barosa.com\/fr\/wp-json\/wp\/v2\/media?parent=9767"}],"wp:term":[{"taxonomy":"product_brand","embeddable":true,"href":"https:\/\/www.barosa.com\/fr\/wp-json\/wp\/v2\/product_brand?post=9767"},{"taxonomy":"product_cat","embeddable":true,"href":"https:\/\/www.barosa.com\/fr\/wp-json\/wp\/v2\/product_cat?post=9767"},{"taxonomy":"product_tag","embeddable":true,"href":"https:\/\/www.barosa.com\/fr\/wp-json\/wp\/v2\/product_tag?post=9767"}],"curies":[{"name":"wp","href":"https:\/\/api.w.org\/{rel}","templated":true}]}}