{"id":7402,"date":"2022-04-06T19:38:30","date_gmt":"2022-04-06T18:38:30","guid":{"rendered":"https:\/\/www.barosa.com\/?post_type=product&#038;p=7402"},"modified":"2022-04-06T19:42:24","modified_gmt":"2022-04-06T18:42:24","slug":"sifao-para-chantilly-1-lt-normal","status":"publish","type":"product","link":"https:\/\/www.barosa.com\/fr\/produto\/sifao-para-chantilly-1-lt-normal\/","title":{"rendered":"Siphon pour cr\u00e8me fouett\u00e9e 1 litre normal"},"content":{"rendered":"","protected":false},"excerpt":{"rendered":"<p>Sif\u00e3o Cream Profi Whip 1 L<\/p>\n<p>Material: A\u00e7o Inox<br \/>\nCapacidade: 1 L<\/p>\n<ul>\n<li>Pequeno, pr\u00e1tico e flex\u00edvel<\/li>\n<li>F\u00e1cil opera\u00e7\u00e3o e limpeza<\/li>\n<li>Muitos acess\u00f3rios para f\u00e1cil decora\u00e7\u00e3o e organiza\u00e7\u00e3o de alimentos<\/li>\n<li>Fabricado em a\u00e7o inoxid\u00e1vel de alta qualidade<\/li>\n<li>Certificado NSF<\/li>\n<li>Desenvolvido para cozinhas profissionais<\/li>\n<\/ul>\n[bg_collapse view=\"link\" color=\"#4a4949\" icon=\"arrow\" expand_text=\"Detalhes\" collapse_text=\"Esconder\" ]<\/p>\n<p><strong>Detalhes<\/strong><\/p>\n<p>O equipamento obrigat\u00f3rio para a prepara\u00e7\u00e3o de chantilly puro, natas aromatizadas e sobremesas refinadas.<\/p>\n<p>Produz at\u00e9 ao dobro da quantidade de nata batida em compara\u00e7\u00e3o com outros m\u00e9todos de chantilly.<br \/>\nO chantilly profissional para cafetarias, gelatarias e pastelarias.<br \/>\nConcebida apenas para prepara\u00e7\u00f5es frias<br \/>\nGarrafa e cabe\u00e7a em a\u00e7o inoxid\u00e1vel concebida para uso profissional.<br \/>\nCabe\u00e7a com pega protectora de silicone e v\u00e1lvula de a\u00e7o inoxid\u00e1vel amov\u00edvel para f\u00e1cil limpeza.<br \/>\nConte\u00fado m\u00e1ximo: 1 L , ponta de tulipa inclu\u00edda, suporte de carregador ergon\u00f3mico, lav\u00e1vel na m\u00e1quina de lavar lou\u00e7a, certificado NSF<br \/>\nAjuda a cumprir os requisitos HACCP<\/p>\n<p>Pequeno, pr\u00e1tico e flex\u00edvel: tamb\u00e9m adequado para pequenas cozinhas e balc\u00f5es<br \/>\nF\u00e1cil opera\u00e7\u00e3o e limpeza:<br \/>\nTotalmente lav\u00e1vel na m\u00e1quina de lavar lou\u00e7a<br \/>\nMuitos acess\u00f3rios para f\u00e1cil decora\u00e7\u00e3o e organiza\u00e7\u00e3o de alimentos<br \/>\nFabricado em a\u00e7o inoxid\u00e1vel de alta qualidade para uma longa vida \u00fatil e seguran\u00e7a.<br \/>\nCertificado NSF e desenvolvido para cozinhas profissionais<\/p>\n<p>Ao trabalhar com natas, \u00e9 importante verificar o teor de gordura.<br \/>\nAgitar durante demasiado tempo pode fazer com que o creme se torne demasiado r\u00edgido.<br \/>\nPara melhores resultados, utilizar natas com um teor de gordura de 32-36%.<br \/>\nAs natas frescas com um teor de gordura de 36% devem ser agitadas um m\u00e1ximo de 3 vezes.<\/p>\n<p>Utilize apenas cargas originais iSi Cream Chargers com o seu iSi Whipper!<br \/>\nO sistema iSi foi adaptado para funcionar perfeitamente em conjunto, garantindo a melhor qualidade.<br \/>\nSer\u00e1 necess\u00e1rio o seguinte n\u00famero de cargas, dependendo do tamanho do sif\u00e3o:<br \/>\n1 Carga iSi para Sif\u00f5es de 0,25 L e 0,5 L<br \/>\n2 Cargas iSi para Sif\u00f5es de 1 L<\/p>\n<p>[\/bg_collapse]\n","protected":false},"featured_media":7403,"template":"","meta":[],"product_brand":[],"product_cat":[539],"product_tag":[],"class_list":{"0":"post-7402","1":"product","2":"type-product","3":"status-publish","4":"has-post-thumbnail","6":"product_cat-servico-de-apoio","8":"first","9":"instock","10":"taxable","11":"shipping-taxable","12":"purchasable","13":"product-type-simple"},"yoast_head":"<!-- This site is optimized with the Yoast SEO Premium plugin v27.6 (Yoast SEO v27.6) - https:\/\/yoast.com\/product\/yoast-seo-premium-wordpress\/ -->\n<title>Sif\u00e3o para Chantilly 1 Lt normal - BAROSA Congelados | Manuel de Sousa Barosa, Lda.<\/title>\n<meta name=\"description\" content=\"Pequeno, pr\u00e1tico e flex\u00edvel, f\u00e1cil opera\u00e7\u00e3o e limpeza, desenvolvido para cozinhas profissionais.\" \/>\n<meta name=\"robots\" content=\"index, follow, max-snippet:-1, max-image-preview:large, max-video-preview:-1\" \/>\n<link rel=\"canonical\" href=\"https:\/\/www.barosa.com\/fr\/produit\/sifao-para-chantilly-1-lt-normal\/\" \/>\n<meta property=\"og:locale\" content=\"fr_FR\" \/>\n<meta property=\"og:type\" content=\"article\" \/>\n<meta property=\"og:title\" content=\"Sif\u00e3o para Chantilly 1 Lt normal\" \/>\n<meta property=\"og:description\" content=\"Pequeno, pr\u00e1tico e flex\u00edvel, f\u00e1cil opera\u00e7\u00e3o e limpeza, desenvolvido para cozinhas profissionais.\" \/>\n<meta property=\"og:url\" content=\"https:\/\/www.barosa.com\/fr\/produit\/sifao-para-chantilly-1-lt-normal\/\" \/>\n<meta property=\"og:site_name\" content=\"BAROSA Congelados | Manuel de Sousa Barosa, Lda.\" \/>\n<meta property=\"article:publisher\" content=\"http:\/\/www.facebook.com\/barosa\/\" \/>\n<meta property=\"article:modified_time\" content=\"2022-04-06T18:42:24+00:00\" \/>\n<meta property=\"og:image\" content=\"https:\/\/www.barosa.com\/wp-content\/uploads\/2022\/04\/Sifao-para-Chantily-1-Lt-normal.jpg\" \/>\n\t<meta property=\"og:image:width\" content=\"522\" \/>\n\t<meta property=\"og:image:height\" content=\"522\" \/>\n\t<meta property=\"og:image:type\" content=\"image\/jpeg\" \/>\n<meta name=\"twitter:card\" content=\"summary_large_image\" \/>\n<meta name=\"twitter:site\" content=\"@barosa_lda\" \/>\n<script type=\"application\/ld+json\" class=\"yoast-schema-graph\">{\"@context\":\"https:\\\/\\\/schema.org\",\"@graph\":[{\"@type\":\"WebPage\",\"@id\":\"https:\\\/\\\/www.barosa.com\\\/produto\\\/sifao-para-chantilly-1-lt-normal\\\/\",\"url\":\"https:\\\/\\\/www.barosa.com\\\/produto\\\/sifao-para-chantilly-1-lt-normal\\\/\",\"name\":\"Sif\u00e3o para Chantilly 1 Lt normal - BAROSA Congelados | Manuel de Sousa Barosa, Lda.\",\"isPartOf\":{\"@id\":\"https:\\\/\\\/www.barosa.com\\\/#website\"},\"primaryImageOfPage\":{\"@id\":\"https:\\\/\\\/www.barosa.com\\\/produto\\\/sifao-para-chantilly-1-lt-normal\\\/#primaryimage\"},\"image\":{\"@id\":\"https:\\\/\\\/www.barosa.com\\\/produto\\\/sifao-para-chantilly-1-lt-normal\\\/#primaryimage\"},\"thumbnailUrl\":\"https:\\\/\\\/www.barosa.com\\\/wp-content\\\/uploads\\\/2022\\\/04\\\/Sifao-para-Chantily-1-Lt-normal.jpg\",\"datePublished\":\"2022-04-06T18:38:30+00:00\",\"dateModified\":\"2022-04-06T18:42:24+00:00\",\"description\":\"Pequeno, pr\u00e1tico e flex\u00edvel, f\u00e1cil opera\u00e7\u00e3o e limpeza, desenvolvido para cozinhas profissionais.\",\"breadcrumb\":{\"@id\":\"https:\\\/\\\/www.barosa.com\\\/produto\\\/sifao-para-chantilly-1-lt-normal\\\/#breadcrumb\"},\"inLanguage\":\"fr-FR\",\"potentialAction\":[{\"@type\":\"ReadAction\",\"target\":[\"https:\\\/\\\/www.barosa.com\\\/produto\\\/sifao-para-chantilly-1-lt-normal\\\/\"]}]},{\"@type\":\"ImageObject\",\"inLanguage\":\"fr-FR\",\"@id\":\"https:\\\/\\\/www.barosa.com\\\/produto\\\/sifao-para-chantilly-1-lt-normal\\\/#primaryimage\",\"url\":\"https:\\\/\\\/www.barosa.com\\\/wp-content\\\/uploads\\\/2022\\\/04\\\/Sifao-para-Chantily-1-Lt-normal.jpg\",\"contentUrl\":\"https:\\\/\\\/www.barosa.com\\\/wp-content\\\/uploads\\\/2022\\\/04\\\/Sifao-para-Chantily-1-Lt-normal.jpg\",\"width\":522,\"height\":522,\"caption\":\"Sif\u00e3o para Chantilly 1 Lt normal\"},{\"@type\":\"BreadcrumbList\",\"@id\":\"https:\\\/\\\/www.barosa.com\\\/produto\\\/sifao-para-chantilly-1-lt-normal\\\/#breadcrumb\",\"itemListElement\":[{\"@type\":\"ListItem\",\"position\":1,\"name\":\"In\u00edcio\",\"item\":\"https:\\\/\\\/www.barosa.com\\\/\"},{\"@type\":\"ListItem\",\"position\":2,\"name\":\"Shop\",\"item\":\"https:\\\/\\\/www.barosa.com\\\/shop\\\/\"},{\"@type\":\"ListItem\",\"position\":3,\"name\":\"Sif\u00e3o para Chantilly 1 Lt normal\"}]},{\"@type\":\"WebSite\",\"@id\":\"https:\\\/\\\/www.barosa.com\\\/#website\",\"url\":\"https:\\\/\\\/www.barosa.com\\\/\",\"name\":\"BAROSA Congelados | Manuel de Sousa Barosa, Lda.\",\"description\":\"Empresa de transforma\u00e7\u00e3o e comercializa\u00e7\u00e3o de produtos alimentares congelados. BAROSA \u00ae Pescados, &quot;N\u00e3o h\u00e1 bom garfo que resista\u00ae&quot;. BAROSA \u00ae FoodService &quot;O lado bom da comida\u00ae&quot;. Pescados Crust\u00e1ceos Mariscos Cefal\u00f3podes Bivalves Padaria Pastelaria Pizzas Sobremesas\",\"publisher\":{\"@id\":\"https:\\\/\\\/www.barosa.com\\\/#organization\"},\"alternateName\":\"BAROSA\u00ae\",\"potentialAction\":[{\"@type\":\"SearchAction\",\"target\":{\"@type\":\"EntryPoint\",\"urlTemplate\":\"https:\\\/\\\/www.barosa.com\\\/?s={search_term_string}\"},\"query-input\":{\"@type\":\"PropertyValueSpecification\",\"valueRequired\":true,\"valueName\":\"search_term_string\"}}],\"inLanguage\":\"fr-FR\"},{\"@type\":\"Organization\",\"@id\":\"https:\\\/\\\/www.barosa.com\\\/#organization\",\"name\":\"Manuel de Sousa Barosa, Lda.\",\"alternateName\":\"BAROSA\",\"url\":\"https:\\\/\\\/www.barosa.com\\\/\",\"logo\":{\"@type\":\"ImageObject\",\"inLanguage\":\"fr-FR\",\"@id\":\"https:\\\/\\\/www.barosa.com\\\/#\\\/schema\\\/logo\\\/image\\\/\",\"url\":\"https:\\\/\\\/www.barosa.com\\\/wp-content\\\/uploads\\\/2025\\\/03\\\/BAROSA-Logo-696x696-1.jpg\",\"contentUrl\":\"https:\\\/\\\/www.barosa.com\\\/wp-content\\\/uploads\\\/2025\\\/03\\\/BAROSA-Logo-696x696-1.jpg\",\"width\":696,\"height\":696,\"caption\":\"Manuel de Sousa Barosa, Lda.\"},\"image\":{\"@id\":\"https:\\\/\\\/www.barosa.com\\\/#\\\/schema\\\/logo\\\/image\\\/\"},\"sameAs\":[\"http:\\\/\\\/www.facebook.com\\\/barosa\\\/\",\"https:\\\/\\\/x.com\\\/barosa_lda\",\"https:\\\/\\\/www.instagram.com\\\/barosa_lda\\\/\",\"https:\\\/\\\/pt.linkedin.com\\\/company\\\/barosa-lda\"],\"description\":\"Empresa de transforma\u00e7\u00e3o e comercializa\u00e7\u00e3o de produtos alimentares congelados. BAROSA \u00ae Pescados, \\\"N\u00e3o h\u00e1 bom garfo que resista\u00ae\\\". BAROSA \u00ae FoodService \\\"O lado bom da comida!\u00ae\\\"\",\"email\":\"info@barosa.com\",\"telephone\":\"+351 262824403\",\"legalName\":\"Manuel de Sousa Barosa, Lda.\",\"foundingDate\":\"1975-05-21\",\"vatID\":\"503365190\",\"taxID\":\"503365190\",\"duns\":\"452388713\",\"numberOfEmployees\":{\"@type\":\"QuantitativeValue\",\"minValue\":\"11\",\"maxValue\":\"50\"},\"ethicsPolicy\":\"https:\\\/\\\/www.barosa.com\\\/politicaprivacidade\\\/\"}]}<\/script>\n<!-- \/ Yoast SEO Premium plugin. -->","yoast_head_json":{"title":"Siphon pour cr\u00e8me fouett\u00e9e 1 Lt normal - BAROSA Congelados | Manuel de Sousa Barosa, Lda.","description":"Petit, pratique et flexible, facile \u00e0 utiliser et \u00e0 nettoyer, con\u00e7u pour les cuisines professionnelles.","robots":{"index":"index","follow":"follow","max-snippet":"max-snippet:-1","max-image-preview":"max-image-preview:large","max-video-preview":"max-video-preview:-1"},"canonical":"https:\/\/www.barosa.com\/fr\/produit\/sifao-para-chantilly-1-lt-normal\/","og_locale":"fr_FR","og_type":"article","og_title":"Sif\u00e3o para Chantilly 1 Lt normal","og_description":"Pequeno, pr\u00e1tico e flex\u00edvel, f\u00e1cil opera\u00e7\u00e3o e limpeza, desenvolvido para cozinhas profissionais.","og_url":"https:\/\/www.barosa.com\/fr\/produit\/sifao-para-chantilly-1-lt-normal\/","og_site_name":"BAROSA Congelados | Manuel de Sousa Barosa, Lda.","article_publisher":"http:\/\/www.facebook.com\/barosa\/","article_modified_time":"2022-04-06T18:42:24+00:00","og_image":[{"width":522,"height":522,"url":"https:\/\/www.barosa.com\/wp-content\/uploads\/2022\/04\/Sifao-para-Chantily-1-Lt-normal.jpg","type":"image\/jpeg"}],"twitter_card":"summary_large_image","twitter_site":"@barosa_lda","schema":{"@context":"https:\/\/schema.org","@graph":[{"@type":"WebPage","@id":"https:\/\/www.barosa.com\/produto\/sifao-para-chantilly-1-lt-normal\/","url":"https:\/\/www.barosa.com\/produto\/sifao-para-chantilly-1-lt-normal\/","name":"Siphon pour cr\u00e8me fouett\u00e9e 1 Lt normal - BAROSA Congelados | Manuel de Sousa Barosa, Lda.","isPartOf":{"@id":"https:\/\/www.barosa.com\/#website"},"primaryImageOfPage":{"@id":"https:\/\/www.barosa.com\/produto\/sifao-para-chantilly-1-lt-normal\/#primaryimage"},"image":{"@id":"https:\/\/www.barosa.com\/produto\/sifao-para-chantilly-1-lt-normal\/#primaryimage"},"thumbnailUrl":"https:\/\/www.barosa.com\/wp-content\/uploads\/2022\/04\/Sifao-para-Chantily-1-Lt-normal.jpg","datePublished":"2022-04-06T18:38:30+00:00","dateModified":"2022-04-06T18:42:24+00:00","description":"Petit, pratique et flexible, facile \u00e0 utiliser et \u00e0 nettoyer, con\u00e7u pour les cuisines professionnelles.","breadcrumb":{"@id":"https:\/\/www.barosa.com\/produto\/sifao-para-chantilly-1-lt-normal\/#breadcrumb"},"inLanguage":"fr-FR","potentialAction":[{"@type":"ReadAction","target":["https:\/\/www.barosa.com\/produto\/sifao-para-chantilly-1-lt-normal\/"]}]},{"@type":"ImageObject","inLanguage":"fr-FR","@id":"https:\/\/www.barosa.com\/produto\/sifao-para-chantilly-1-lt-normal\/#primaryimage","url":"https:\/\/www.barosa.com\/wp-content\/uploads\/2022\/04\/Sifao-para-Chantily-1-Lt-normal.jpg","contentUrl":"https:\/\/www.barosa.com\/wp-content\/uploads\/2022\/04\/Sifao-para-Chantily-1-Lt-normal.jpg","width":522,"height":522,"caption":"Sif\u00e3o para Chantilly 1 Lt normal"},{"@type":"BreadcrumbList","@id":"https:\/\/www.barosa.com\/produto\/sifao-para-chantilly-1-lt-normal\/#breadcrumb","itemListElement":[{"@type":"ListItem","position":1,"name":"In\u00edcio","item":"https:\/\/www.barosa.com\/"},{"@type":"ListItem","position":2,"name":"Shop","item":"https:\/\/www.barosa.com\/shop\/"},{"@type":"ListItem","position":3,"name":"Sif\u00e3o para Chantilly 1 Lt normal"}]},{"@type":"WebSite","@id":"https:\/\/www.barosa.com\/#website","url":"https:\/\/www.barosa.com\/","name":"BAROSA Congelados | Manuel de Sousa Barosa, Lda.","description":"Entreprise de transformation et commercialisation de produits alimentaires surgel\u00e9s. BAROSA \u00ae Pescados, \" Aucune bonne fourchette ne peut y r\u00e9sister\u00ae \". BAROSA \u00ae FoodService \" Le bon c\u00f4t\u00e9 de la nourriture\u00ae \". Poissons Crustac\u00e9s Fruits de mer C\u00e9phalopodes Bivalves Boulangerie P\u00e2tisserie Pizzas Desserts","publisher":{"@id":"https:\/\/www.barosa.com\/#organization"},"alternateName":"BAROSA\u00ae","potentialAction":[{"@type":"SearchAction","target":{"@type":"EntryPoint","urlTemplate":"https:\/\/www.barosa.com\/?s={search_term_string}"},"query-input":{"@type":"PropertyValueSpecification","valueRequired":true,"valueName":"search_term_string"}}],"inLanguage":"fr-FR"},{"@type":"Organization","@id":"https:\/\/www.barosa.com\/#organization","name":"Manuel de Sousa Barosa, Lda.","alternateName":"BAROSA","url":"https:\/\/www.barosa.com\/","logo":{"@type":"ImageObject","inLanguage":"fr-FR","@id":"https:\/\/www.barosa.com\/#\/schema\/logo\/image\/","url":"https:\/\/www.barosa.com\/wp-content\/uploads\/2025\/03\/BAROSA-Logo-696x696-1.jpg","contentUrl":"https:\/\/www.barosa.com\/wp-content\/uploads\/2025\/03\/BAROSA-Logo-696x696-1.jpg","width":696,"height":696,"caption":"Manuel de Sousa Barosa, Lda."},"image":{"@id":"https:\/\/www.barosa.com\/#\/schema\/logo\/image\/"},"sameAs":["http:\/\/www.facebook.com\/barosa\/","https:\/\/x.com\/barosa_lda","https:\/\/www.instagram.com\/barosa_lda\/","https:\/\/pt.linkedin.com\/company\/barosa-lda"],"description":"Entreprise de transformation et commercialisation de produits alimentaires surgel\u00e9s. BAROSA \u00ae Pescados, \" Aucune bonne fourchette ne peut y r\u00e9sister\u00ae \". BAROSA \u00ae FoodService \" Le bon c\u00f4t\u00e9 de la nourriture !\u00ae \"","email":"info@barosa.com","telephone":"+351 262824403","legalName":"Manuel de Sousa Barosa, Lda.","foundingDate":"1975-05-21","vatID":"503365190","taxID":"503365190","duns":"452388713","numberOfEmployees":{"@type":"QuantitativeValue","minValue":"11","maxValue":"50"},"ethicsPolicy":"https:\/\/www.barosa.com\/politicaprivacidade\/"}]}},"_links":{"self":[{"href":"https:\/\/www.barosa.com\/fr\/wp-json\/wp\/v2\/product\/7402","targetHints":{"allow":["GET"]}}],"collection":[{"href":"https:\/\/www.barosa.com\/fr\/wp-json\/wp\/v2\/product"}],"about":[{"href":"https:\/\/www.barosa.com\/fr\/wp-json\/wp\/v2\/types\/product"}],"wp:featuredmedia":[{"embeddable":true,"href":"https:\/\/www.barosa.com\/fr\/wp-json\/wp\/v2\/media\/7403"}],"wp:attachment":[{"href":"https:\/\/www.barosa.com\/fr\/wp-json\/wp\/v2\/media?parent=7402"}],"wp:term":[{"taxonomy":"product_brand","embeddable":true,"href":"https:\/\/www.barosa.com\/fr\/wp-json\/wp\/v2\/product_brand?post=7402"},{"taxonomy":"product_cat","embeddable":true,"href":"https:\/\/www.barosa.com\/fr\/wp-json\/wp\/v2\/product_cat?post=7402"},{"taxonomy":"product_tag","embeddable":true,"href":"https:\/\/www.barosa.com\/fr\/wp-json\/wp\/v2\/product_tag?post=7402"}],"curies":[{"name":"wp","href":"https:\/\/api.w.org\/{rel}","templated":true}]}}