{"id":7303,"date":"2022-03-29T22:18:36","date_gmt":"2022-03-29T21:18:36","guid":{"rendered":"https:\/\/www.barosa.com\/?post_type=product&#038;p=7303"},"modified":"2026-01-01T11:35:07","modified_gmt":"2026-01-01T10:35:07","slug":"favas-350g-iglo","status":"publish","type":"product","link":"https:\/\/www.barosa.com\/fr\/produto\/favas-350g-iglo\/","title":{"rendered":"Favas (350g) [Iglo]"},"content":{"rendered":"","protected":false},"excerpt":{"rendered":"<p>A Iglo tem especial cuidado com as suas favas, congelando-as o mais rapidamente poss\u00edvel no dia da colheita para que retenham o m\u00e1ximo de nutrientes. Para lhe trazermos as favas mais saborosas, bem ao gosto portugu\u00eas, colhemos as nossas favas na fase ideal de matura\u00e7\u00e3o congelando-as num r\u00e1pido per\u00edodo de tempo para assegurar que todo o sabor, nutrientes e qualidade fiquem intactos.<\/p>\n<p>&nbsp;<\/p>\n[bg_collapse view=\"link\" color=\"#4a4949\" icon=\"arrow\" expand_text=\"Modo de Prepara\u00e7\u00e3o\" collapse_text=\"Esconder\" ]<\/p>\n<h3>Modo de Prepara\u00e7\u00e3o<\/h3>\n<p>Para preservar todo o seu valor nutritivo, aconselhamos que prepare as Favas em pouca \u00e1gua.<\/p>\n<p><img loading=\"lazy\" decoding=\"async\" class=\"size-full wp-image-6533\" src=\"https:\/\/www.barosa.com\/wp-content\/uploads\/2021\/11\/Microondas.png\" alt=\"Micro-Ondas\" width=\"50\" height=\"50\" srcset=\"https:\/\/www.barosa.com\/wp-content\/uploads\/2021\/11\/Microondas.png 50w, https:\/\/www.barosa.com\/wp-content\/uploads\/2021\/11\/Microondas-12x12.png 12w\" sizes=\"auto, (max-width: 50px) 100vw, 50px\" \/><\/p>\n<p>Para 2 por\u00e7\u00f5es (160g). Sem descongelar, coloque o produto num recipiente pr\u00f3prio para microondas e adicione 3 colher de sopa de \u00e1gua. Coloque no micro-ondas durante 7 minutos com uma pot\u00eancia de 750W.<\/p>\n<h5>NOTA : Os tempos referidos entendem-se como valores m\u00e9dios, dependendo do micro-ondas utilizado.<\/h5>\n<p><img loading=\"lazy\" decoding=\"async\" class=\"size-full wp-image-7282\" src=\"https:\/\/www.barosa.com\/wp-content\/uploads\/2022\/03\/panela.png\" alt=\"Panela\" width=\"30\" height=\"30\" srcset=\"https:\/\/www.barosa.com\/wp-content\/uploads\/2022\/03\/panela.png 30w, https:\/\/www.barosa.com\/wp-content\/uploads\/2022\/03\/panela-12x12.png 12w\" sizes=\"auto, (max-width: 30px) 100vw, 30px\" \/><\/p>\n<p>Modo Tradicional:<\/p>\n<p>Coloque as Favas num tacho com \u00e1gua a ferver e temperada com sal. Deixe levantar fervura novamente e coza-as durante 10 minutos.<\/p>\n<p>[\/bg_collapse]\n<p>&nbsp;<\/p>\n<p>Embalagem com 16 sacos de 350 grs.<\/p>\n<p><strong>Marca:<\/strong> Iglo<\/p>\n<h6><em>Produto congelado<\/em><\/h6>\n","protected":false},"featured_media":7413,"template":"","meta":[],"product_brand":[713],"product_cat":[183],"product_tag":[],"class_list":{"0":"post-7303","1":"product","2":"type-product","3":"status-publish","4":"has-post-thumbnail","6":"product_brand-iglo","7":"product_cat-vegetais-embalados","9":"first","10":"instock","11":"taxable","12":"shipping-taxable","13":"purchasable","14":"product-type-simple"},"yoast_head":"<!-- This site is optimized with the Yoast SEO Premium plugin v27.5 (Yoast SEO v27.5) - https:\/\/yoast.com\/product\/yoast-seo-premium-wordpress\/ -->\n<title>Favas (350g) [Iglo] - BAROSA Congelados | Manuel de Sousa Barosa, Lda.<\/title>\n<meta name=\"description\" content=\"Colhemos as nossas favas na fase ideal de matura\u00e7\u00e3o congelando-as num r\u00e1pido per\u00edodo de tempo para assegurar que todo o sabor, nutrientes e qualidade fiquem intactos.\" \/>\n<meta name=\"robots\" content=\"index, follow, max-snippet:-1, max-image-preview:large, max-video-preview:-1\" \/>\n<link rel=\"canonical\" href=\"https:\/\/www.barosa.com\/fr\/produit\/favas-350g-iglo\/\" \/>\n<meta property=\"og:locale\" content=\"fr_FR\" \/>\n<meta property=\"og:type\" content=\"article\" \/>\n<meta property=\"og:title\" content=\"Favas (350g) [Iglo]\" \/>\n<meta property=\"og:description\" content=\"Colhemos as nossas favas na fase ideal de matura\u00e7\u00e3o congelando-as num r\u00e1pido per\u00edodo de tempo para assegurar que todo o sabor, nutrientes e qualidade fiquem intactos.\" \/>\n<meta property=\"og:url\" content=\"https:\/\/www.barosa.com\/fr\/produit\/favas-350g-iglo\/\" \/>\n<meta property=\"og:site_name\" content=\"BAROSA Congelados | Manuel de Sousa Barosa, Lda.\" \/>\n<meta property=\"article:publisher\" content=\"http:\/\/www.facebook.com\/barosa\/\" \/>\n<meta property=\"article:modified_time\" content=\"2026-01-01T10:35:07+00:00\" \/>\n<meta property=\"og:image\" content=\"https:\/\/www.barosa.com\/wp-content\/uploads\/2022\/04\/Favas-350g-Iglo.jpg\" \/>\n\t<meta property=\"og:image:width\" content=\"1280\" \/>\n\t<meta property=\"og:image:height\" content=\"1280\" \/>\n\t<meta property=\"og:image:type\" content=\"image\/jpeg\" \/>\n<meta name=\"twitter:card\" content=\"summary_large_image\" \/>\n<meta name=\"twitter:site\" content=\"@barosa_lda\" \/>\n<script type=\"application\/ld+json\" class=\"yoast-schema-graph\">{\"@context\":\"https:\\\/\\\/schema.org\",\"@graph\":[{\"@type\":\"WebPage\",\"@id\":\"https:\\\/\\\/www.barosa.com\\\/produto\\\/favas-350g-iglo\\\/\",\"url\":\"https:\\\/\\\/www.barosa.com\\\/produto\\\/favas-350g-iglo\\\/\",\"name\":\"Favas (350g) [Iglo] - BAROSA Congelados | Manuel de Sousa Barosa, Lda.\",\"isPartOf\":{\"@id\":\"https:\\\/\\\/www.barosa.com\\\/#website\"},\"primaryImageOfPage\":{\"@id\":\"https:\\\/\\\/www.barosa.com\\\/produto\\\/favas-350g-iglo\\\/#primaryimage\"},\"image\":{\"@id\":\"https:\\\/\\\/www.barosa.com\\\/produto\\\/favas-350g-iglo\\\/#primaryimage\"},\"thumbnailUrl\":\"https:\\\/\\\/www.barosa.com\\\/wp-content\\\/uploads\\\/2022\\\/04\\\/Favas-350g-Iglo.jpg\",\"datePublished\":\"2022-03-29T21:18:36+00:00\",\"dateModified\":\"2026-01-01T10:35:07+00:00\",\"description\":\"Colhemos as nossas favas na fase ideal de matura\u00e7\u00e3o congelando-as num r\u00e1pido per\u00edodo de tempo para assegurar que todo o sabor, nutrientes e qualidade fiquem intactos.\",\"breadcrumb\":{\"@id\":\"https:\\\/\\\/www.barosa.com\\\/produto\\\/favas-350g-iglo\\\/#breadcrumb\"},\"inLanguage\":\"fr-FR\",\"potentialAction\":[{\"@type\":\"ReadAction\",\"target\":[\"https:\\\/\\\/www.barosa.com\\\/produto\\\/favas-350g-iglo\\\/\"]}]},{\"@type\":\"ImageObject\",\"inLanguage\":\"fr-FR\",\"@id\":\"https:\\\/\\\/www.barosa.com\\\/produto\\\/favas-350g-iglo\\\/#primaryimage\",\"url\":\"https:\\\/\\\/www.barosa.com\\\/wp-content\\\/uploads\\\/2022\\\/04\\\/Favas-350g-Iglo.jpg\",\"contentUrl\":\"https:\\\/\\\/www.barosa.com\\\/wp-content\\\/uploads\\\/2022\\\/04\\\/Favas-350g-Iglo.jpg\",\"width\":1280,\"height\":1280,\"caption\":\"Favas (350g) [Iglo]\"},{\"@type\":\"BreadcrumbList\",\"@id\":\"https:\\\/\\\/www.barosa.com\\\/produto\\\/favas-350g-iglo\\\/#breadcrumb\",\"itemListElement\":[{\"@type\":\"ListItem\",\"position\":1,\"name\":\"In\u00edcio\",\"item\":\"https:\\\/\\\/www.barosa.com\\\/\"},{\"@type\":\"ListItem\",\"position\":2,\"name\":\"Shop\",\"item\":\"https:\\\/\\\/www.barosa.com\\\/shop\\\/\"},{\"@type\":\"ListItem\",\"position\":3,\"name\":\"Favas (350g) [Iglo]\"}]},{\"@type\":\"WebSite\",\"@id\":\"https:\\\/\\\/www.barosa.com\\\/#website\",\"url\":\"https:\\\/\\\/www.barosa.com\\\/\",\"name\":\"BAROSA Congelados | Manuel de Sousa Barosa, Lda.\",\"description\":\"Empresa de transforma\u00e7\u00e3o e comercializa\u00e7\u00e3o de produtos alimentares congelados. BAROSA \u00ae Pescados, &quot;N\u00e3o h\u00e1 bom garfo que resista\u00ae&quot;. BAROSA \u00ae FoodService &quot;O lado bom da comida\u00ae&quot;. Pescados Crust\u00e1ceos Mariscos Cefal\u00f3podes Bivalves Padaria Pastelaria Pizzas Sobremesas\",\"publisher\":{\"@id\":\"https:\\\/\\\/www.barosa.com\\\/#organization\"},\"alternateName\":\"BAROSA\u00ae\",\"potentialAction\":[{\"@type\":\"SearchAction\",\"target\":{\"@type\":\"EntryPoint\",\"urlTemplate\":\"https:\\\/\\\/www.barosa.com\\\/?s={search_term_string}\"},\"query-input\":{\"@type\":\"PropertyValueSpecification\",\"valueRequired\":true,\"valueName\":\"search_term_string\"}}],\"inLanguage\":\"fr-FR\"},{\"@type\":\"Organization\",\"@id\":\"https:\\\/\\\/www.barosa.com\\\/#organization\",\"name\":\"Manuel de Sousa Barosa, Lda.\",\"alternateName\":\"BAROSA\",\"url\":\"https:\\\/\\\/www.barosa.com\\\/\",\"logo\":{\"@type\":\"ImageObject\",\"inLanguage\":\"fr-FR\",\"@id\":\"https:\\\/\\\/www.barosa.com\\\/#\\\/schema\\\/logo\\\/image\\\/\",\"url\":\"https:\\\/\\\/www.barosa.com\\\/wp-content\\\/uploads\\\/2025\\\/03\\\/BAROSA-Logo-696x696-1.jpg\",\"contentUrl\":\"https:\\\/\\\/www.barosa.com\\\/wp-content\\\/uploads\\\/2025\\\/03\\\/BAROSA-Logo-696x696-1.jpg\",\"width\":696,\"height\":696,\"caption\":\"Manuel de Sousa Barosa, Lda.\"},\"image\":{\"@id\":\"https:\\\/\\\/www.barosa.com\\\/#\\\/schema\\\/logo\\\/image\\\/\"},\"sameAs\":[\"http:\\\/\\\/www.facebook.com\\\/barosa\\\/\",\"https:\\\/\\\/x.com\\\/barosa_lda\",\"https:\\\/\\\/www.instagram.com\\\/barosa_lda\\\/\",\"https:\\\/\\\/pt.linkedin.com\\\/company\\\/barosa-lda\"],\"description\":\"Empresa de transforma\u00e7\u00e3o e comercializa\u00e7\u00e3o de produtos alimentares congelados. BAROSA \u00ae Pescados, \\\"N\u00e3o h\u00e1 bom garfo que resista\u00ae\\\". BAROSA \u00ae FoodService \\\"O lado bom da comida!\u00ae\\\"\",\"email\":\"info@barosa.com\",\"telephone\":\"+351 262824403\",\"legalName\":\"Manuel de Sousa Barosa, Lda.\",\"foundingDate\":\"1975-05-21\",\"vatID\":\"503365190\",\"taxID\":\"503365190\",\"duns\":\"452388713\",\"numberOfEmployees\":{\"@type\":\"QuantitativeValue\",\"minValue\":\"11\",\"maxValue\":\"50\"},\"ethicsPolicy\":\"https:\\\/\\\/www.barosa.com\\\/politicaprivacidade\\\/\"}]}<\/script>\n<!-- \/ Yoast SEO Premium plugin. -->","yoast_head_json":{"title":"Favas (350g) [Iglo] - BAROSA Congelados | Manuel de Sousa Barosa, Lda.","description":"Nous r\u00e9coltons nos f\u00e8ves au stade id\u00e9al de maturit\u00e9 et les congelons rapidement afin de garantir que toute la saveur, les nutriments et la qualit\u00e9 restent intacts.","robots":{"index":"index","follow":"follow","max-snippet":"max-snippet:-1","max-image-preview":"max-image-preview:large","max-video-preview":"max-video-preview:-1"},"canonical":"https:\/\/www.barosa.com\/fr\/produit\/favas-350g-iglo\/","og_locale":"fr_FR","og_type":"article","og_title":"Favas (350g) [Iglo]","og_description":"Colhemos as nossas favas na fase ideal de matura\u00e7\u00e3o congelando-as num r\u00e1pido per\u00edodo de tempo para assegurar que todo o sabor, nutrientes e qualidade fiquem intactos.","og_url":"https:\/\/www.barosa.com\/fr\/produit\/favas-350g-iglo\/","og_site_name":"BAROSA Congelados | Manuel de Sousa Barosa, Lda.","article_publisher":"http:\/\/www.facebook.com\/barosa\/","article_modified_time":"2026-01-01T10:35:07+00:00","og_image":[{"width":1280,"height":1280,"url":"https:\/\/www.barosa.com\/wp-content\/uploads\/2022\/04\/Favas-350g-Iglo.jpg","type":"image\/jpeg"}],"twitter_card":"summary_large_image","twitter_site":"@barosa_lda","schema":{"@context":"https:\/\/schema.org","@graph":[{"@type":"WebPage","@id":"https:\/\/www.barosa.com\/produto\/favas-350g-iglo\/","url":"https:\/\/www.barosa.com\/produto\/favas-350g-iglo\/","name":"Favas (350g) [Iglo] - BAROSA Congelados | Manuel de Sousa Barosa, Lda.","isPartOf":{"@id":"https:\/\/www.barosa.com\/#website"},"primaryImageOfPage":{"@id":"https:\/\/www.barosa.com\/produto\/favas-350g-iglo\/#primaryimage"},"image":{"@id":"https:\/\/www.barosa.com\/produto\/favas-350g-iglo\/#primaryimage"},"thumbnailUrl":"https:\/\/www.barosa.com\/wp-content\/uploads\/2022\/04\/Favas-350g-Iglo.jpg","datePublished":"2022-03-29T21:18:36+00:00","dateModified":"2026-01-01T10:35:07+00:00","description":"Nous r\u00e9coltons nos f\u00e8ves au stade id\u00e9al de maturit\u00e9 et les congelons rapidement afin de garantir que toute la saveur, les nutriments et la qualit\u00e9 restent intacts.","breadcrumb":{"@id":"https:\/\/www.barosa.com\/produto\/favas-350g-iglo\/#breadcrumb"},"inLanguage":"fr-FR","potentialAction":[{"@type":"ReadAction","target":["https:\/\/www.barosa.com\/produto\/favas-350g-iglo\/"]}]},{"@type":"ImageObject","inLanguage":"fr-FR","@id":"https:\/\/www.barosa.com\/produto\/favas-350g-iglo\/#primaryimage","url":"https:\/\/www.barosa.com\/wp-content\/uploads\/2022\/04\/Favas-350g-Iglo.jpg","contentUrl":"https:\/\/www.barosa.com\/wp-content\/uploads\/2022\/04\/Favas-350g-Iglo.jpg","width":1280,"height":1280,"caption":"Favas (350g) [Iglo]"},{"@type":"BreadcrumbList","@id":"https:\/\/www.barosa.com\/produto\/favas-350g-iglo\/#breadcrumb","itemListElement":[{"@type":"ListItem","position":1,"name":"In\u00edcio","item":"https:\/\/www.barosa.com\/"},{"@type":"ListItem","position":2,"name":"Shop","item":"https:\/\/www.barosa.com\/shop\/"},{"@type":"ListItem","position":3,"name":"Favas (350g) [Iglo]"}]},{"@type":"WebSite","@id":"https:\/\/www.barosa.com\/#website","url":"https:\/\/www.barosa.com\/","name":"BAROSA Congelados | Manuel de Sousa Barosa, Lda.","description":"Entreprise de transformation et commercialisation de produits alimentaires surgel\u00e9s. BAROSA \u00ae Pescados, \" Aucune bonne fourchette ne peut y r\u00e9sister\u00ae \". BAROSA \u00ae FoodService \" Le bon c\u00f4t\u00e9 de la nourriture\u00ae \". Poissons Crustac\u00e9s Fruits de mer C\u00e9phalopodes Bivalves Boulangerie P\u00e2tisserie Pizzas Desserts","publisher":{"@id":"https:\/\/www.barosa.com\/#organization"},"alternateName":"BAROSA\u00ae","potentialAction":[{"@type":"SearchAction","target":{"@type":"EntryPoint","urlTemplate":"https:\/\/www.barosa.com\/?s={search_term_string}"},"query-input":{"@type":"PropertyValueSpecification","valueRequired":true,"valueName":"search_term_string"}}],"inLanguage":"fr-FR"},{"@type":"Organization","@id":"https:\/\/www.barosa.com\/#organization","name":"Manuel de Sousa Barosa, Lda.","alternateName":"BAROSA","url":"https:\/\/www.barosa.com\/","logo":{"@type":"ImageObject","inLanguage":"fr-FR","@id":"https:\/\/www.barosa.com\/#\/schema\/logo\/image\/","url":"https:\/\/www.barosa.com\/wp-content\/uploads\/2025\/03\/BAROSA-Logo-696x696-1.jpg","contentUrl":"https:\/\/www.barosa.com\/wp-content\/uploads\/2025\/03\/BAROSA-Logo-696x696-1.jpg","width":696,"height":696,"caption":"Manuel de Sousa Barosa, Lda."},"image":{"@id":"https:\/\/www.barosa.com\/#\/schema\/logo\/image\/"},"sameAs":["http:\/\/www.facebook.com\/barosa\/","https:\/\/x.com\/barosa_lda","https:\/\/www.instagram.com\/barosa_lda\/","https:\/\/pt.linkedin.com\/company\/barosa-lda"],"description":"Entreprise de transformation et commercialisation de produits alimentaires surgel\u00e9s. BAROSA \u00ae Pescados, \" Aucune bonne fourchette ne peut y r\u00e9sister\u00ae \". BAROSA \u00ae FoodService \" Le bon c\u00f4t\u00e9 de la nourriture !\u00ae \"","email":"info@barosa.com","telephone":"+351 262824403","legalName":"Manuel de Sousa Barosa, Lda.","foundingDate":"1975-05-21","vatID":"503365190","taxID":"503365190","duns":"452388713","numberOfEmployees":{"@type":"QuantitativeValue","minValue":"11","maxValue":"50"},"ethicsPolicy":"https:\/\/www.barosa.com\/politicaprivacidade\/"}]}},"_links":{"self":[{"href":"https:\/\/www.barosa.com\/fr\/wp-json\/wp\/v2\/product\/7303","targetHints":{"allow":["GET"]}}],"collection":[{"href":"https:\/\/www.barosa.com\/fr\/wp-json\/wp\/v2\/product"}],"about":[{"href":"https:\/\/www.barosa.com\/fr\/wp-json\/wp\/v2\/types\/product"}],"wp:featuredmedia":[{"embeddable":true,"href":"https:\/\/www.barosa.com\/fr\/wp-json\/wp\/v2\/media\/7413"}],"wp:attachment":[{"href":"https:\/\/www.barosa.com\/fr\/wp-json\/wp\/v2\/media?parent=7303"}],"wp:term":[{"taxonomy":"product_brand","embeddable":true,"href":"https:\/\/www.barosa.com\/fr\/wp-json\/wp\/v2\/product_brand?post=7303"},{"taxonomy":"product_cat","embeddable":true,"href":"https:\/\/www.barosa.com\/fr\/wp-json\/wp\/v2\/product_cat?post=7303"},{"taxonomy":"product_tag","embeddable":true,"href":"https:\/\/www.barosa.com\/fr\/wp-json\/wp\/v2\/product_tag?post=7303"}],"curies":[{"name":"wp","href":"https:\/\/api.w.org\/{rel}","templated":true}]}}