{"id":7291,"date":"2022-03-28T10:56:45","date_gmt":"2022-03-28T09:56:45","guid":{"rendered":"https:\/\/www.barosa.com\/?post_type=product&#038;p=7291"},"modified":"2025-07-04T09:45:22","modified_gmt":"2025-07-04T09:45:22","slug":"esparregado-de-espinafres-750grs","status":"publish","type":"product","link":"https:\/\/www.barosa.com\/fr\/produto\/esparregado-de-espinafres-750grs\/","title":{"rendered":"Esparregado de Espinafres 750grs [Iglo]"},"content":{"rendered":"","protected":false},"excerpt":{"rendered":"<p>Para elaborar este Esparregado, a Iglo colheu os espinafres na altura certa de matura\u00e7\u00e3o e incorporou-os nesta deliciosa receita. Da horta para a sua cozinha, o Esparregado Iglo \u00e9 feito com espinafres crus que cozinham enquanto o prepara, conferindo uma cor e sabor \u00fanicos a esta receita. Delicioso e pronto em poucos minutos, o Esparregado Iglo \u00e9 o acompamento perfeito para as suas refei\u00e7\u00f5es.<\/p>\n<p>&nbsp;<\/p>\n[bg_collapse view=\"link\" color=\"#4a4949\" icon=\"arrow\" expand_text=\"Modo de Prepara\u00e7\u00e3o\" collapse_text=\"Esconder\" ]<\/p>\n<h3>Modo de Prepara\u00e7\u00e3o<\/h3>\n<p><img loading=\"lazy\" decoding=\"async\" class=\"size-full wp-image-6531\" src=\"https:\/\/www.barosa.com\/wp-content\/uploads\/2021\/11\/Frigideira.png\" alt=\"Frigideira\" width=\"30\" height=\"30\" srcset=\"https:\/\/www.barosa.com\/wp-content\/uploads\/2021\/11\/Frigideira.png 30w, https:\/\/www.barosa.com\/wp-content\/uploads\/2021\/11\/Frigideira-12x12.png 12w\" sizes=\"auto, (max-width: 30px) 100vw, 30px\" \/><\/p>\n<p>Na Frigideira:<\/p>\n<p>Numa frigideira anti-aderente, adicione as mini-por\u00e7\u00f5es de Esparregado desejadas, sem descongelar. Deixe cozinhar em lume brando, mexendo com frequ\u00eancia (nesta fase o Esparregado apresenta ainda uma consist\u00eancia l\u00edquida). Depois de iniciar fervura, deixe cozinhar mais 2 minutos. Assim, o Esparregado vai espessar e ganhar a consist\u00eancia habitual.<\/p>\n<p>&nbsp;<\/p>\n<p><img loading=\"lazy\" decoding=\"async\" class=\"size-full wp-image-6533\" src=\"https:\/\/www.barosa.com\/wp-content\/uploads\/2021\/11\/Microondas.png\" alt=\"Micro-Ondas\" width=\"50\" height=\"50\" srcset=\"https:\/\/www.barosa.com\/wp-content\/uploads\/2021\/11\/Microondas.png 50w, https:\/\/www.barosa.com\/wp-content\/uploads\/2021\/11\/Microondas-12x12.png 12w\" sizes=\"auto, (max-width: 50px) 100vw, 50px\" \/><\/p>\n<p>No Micro-Ondas:<\/p>\n<p>Sem descongelar, adicione as por\u00e7\u00f5es desejadas de Esparregado num recipiente adequado para micro-ondas. Tape o recipiente com uma pel\u00edcula ou com uma tampa de micro-ondas. Para 1 dose (150g) aque\u00e7a a 750W 3 minutos, abra o micro-ondas e mexa vigorosamente e volte a aquecer mais 1 minuto e no final mexa novamente. Para 2 doses (300g) aque\u00e7a a 750W 5 minutos, abra o micro-ondas e mexa vigorosamente e volte a aquecer mais 2 minutos e no final mexa novamente.<\/p>\n<h5>NOTA : Os tempos referidos s\u00e3o aproximados, dependendo da pot\u00eancia do seu micro-ondas. Aten\u00e7\u00e3o: Para evitar que o Esparregado se apresente demasiadamente l\u00edquido \u00e9 importante que mexa o produto vigorosamente durante a prepara\u00e7\u00e3o, at\u00e9 atingir a consist\u00eancia desejada.<\/h5>\n<p>[\/bg_collapse]\n<p>&nbsp;<\/p>\n<p>Embalagem com 8 caixas de 750 grs.<\/p>\n<p><strong>Marca:<\/strong> Iglo<\/p>\n<h6><em>Produto congelado<\/em><\/h6>\n","protected":false},"featured_media":7292,"template":"","meta":[],"product_brand":[713],"product_cat":[183],"product_tag":[],"class_list":{"0":"post-7291","1":"product","2":"type-product","3":"status-publish","4":"has-post-thumbnail","6":"product_brand-iglo","7":"product_cat-vegetais-embalados","9":"first","10":"instock","11":"taxable","12":"shipping-taxable","13":"purchasable","14":"product-type-simple"},"yoast_head":"<!-- This site is optimized with the Yoast SEO Premium plugin v27.5 (Yoast SEO v27.5) - https:\/\/yoast.com\/product\/yoast-seo-premium-wordpress\/ -->\n<title>Esparregado de Espinafres 750grs [Iglo] - BAROSA Congelados | Manuel de Sousa Barosa, Lda.<\/title>\n<meta name=\"description\" content=\"Da horta para a sua cozinha, o Esparregado Iglo \u00e9 feito com espinafres crus que cozinham enquanto o prepara, conferindo uma cor e sabor \u00fanicos a esta receita.\" \/>\n<meta name=\"robots\" content=\"index, follow, max-snippet:-1, max-image-preview:large, max-video-preview:-1\" \/>\n<link rel=\"canonical\" href=\"https:\/\/www.barosa.com\/fr\/produit\/esparregado-de-espinafres-750grs\/\" \/>\n<meta property=\"og:locale\" content=\"fr_FR\" \/>\n<meta property=\"og:type\" content=\"article\" \/>\n<meta property=\"og:title\" content=\"Esparregado de Espinafres 750grs [Iglo]\" \/>\n<meta property=\"og:description\" content=\"Da horta para a sua cozinha, o Esparregado Iglo \u00e9 feito com espinafres crus que cozinham enquanto o prepara, conferindo uma cor e sabor \u00fanicos a esta receita.\" \/>\n<meta property=\"og:url\" content=\"https:\/\/www.barosa.com\/fr\/produit\/esparregado-de-espinafres-750grs\/\" \/>\n<meta property=\"og:site_name\" content=\"BAROSA Congelados | Manuel de Sousa Barosa, Lda.\" \/>\n<meta property=\"article:publisher\" content=\"http:\/\/www.facebook.com\/barosa\/\" \/>\n<meta property=\"article:modified_time\" content=\"2025-07-04T09:45:22+00:00\" \/>\n<meta property=\"og:image\" content=\"https:\/\/www.barosa.com\/wp-content\/uploads\/2022\/03\/Esparregado-de-Espinafres.jpg\" \/>\n\t<meta property=\"og:image:width\" content=\"458\" \/>\n\t<meta property=\"og:image:height\" content=\"458\" \/>\n\t<meta property=\"og:image:type\" content=\"image\/jpeg\" \/>\n<meta name=\"twitter:card\" content=\"summary_large_image\" \/>\n<meta name=\"twitter:site\" content=\"@barosa_lda\" \/>\n<script type=\"application\/ld+json\" class=\"yoast-schema-graph\">{\"@context\":\"https:\\\/\\\/schema.org\",\"@graph\":[{\"@type\":\"WebPage\",\"@id\":\"https:\\\/\\\/www.barosa.com\\\/produto\\\/esparregado-de-espinafres-750grs\\\/\",\"url\":\"https:\\\/\\\/www.barosa.com\\\/produto\\\/esparregado-de-espinafres-750grs\\\/\",\"name\":\"Esparregado de Espinafres 750grs [Iglo] - BAROSA Congelados | Manuel de Sousa Barosa, Lda.\",\"isPartOf\":{\"@id\":\"https:\\\/\\\/www.barosa.com\\\/#website\"},\"primaryImageOfPage\":{\"@id\":\"https:\\\/\\\/www.barosa.com\\\/produto\\\/esparregado-de-espinafres-750grs\\\/#primaryimage\"},\"image\":{\"@id\":\"https:\\\/\\\/www.barosa.com\\\/produto\\\/esparregado-de-espinafres-750grs\\\/#primaryimage\"},\"thumbnailUrl\":\"https:\\\/\\\/www.barosa.com\\\/wp-content\\\/uploads\\\/2022\\\/03\\\/Esparregado-de-Espinafres.jpg\",\"datePublished\":\"2022-03-28T09:56:45+00:00\",\"dateModified\":\"2025-07-04T09:45:22+00:00\",\"description\":\"Da horta para a sua cozinha, o Esparregado Iglo \u00e9 feito com espinafres crus que cozinham enquanto o prepara, conferindo uma cor e sabor \u00fanicos a esta receita.\",\"breadcrumb\":{\"@id\":\"https:\\\/\\\/www.barosa.com\\\/produto\\\/esparregado-de-espinafres-750grs\\\/#breadcrumb\"},\"inLanguage\":\"fr-FR\",\"potentialAction\":[{\"@type\":\"ReadAction\",\"target\":[\"https:\\\/\\\/www.barosa.com\\\/produto\\\/esparregado-de-espinafres-750grs\\\/\"]}]},{\"@type\":\"ImageObject\",\"inLanguage\":\"fr-FR\",\"@id\":\"https:\\\/\\\/www.barosa.com\\\/produto\\\/esparregado-de-espinafres-750grs\\\/#primaryimage\",\"url\":\"https:\\\/\\\/www.barosa.com\\\/wp-content\\\/uploads\\\/2022\\\/03\\\/Esparregado-de-Espinafres.jpg\",\"contentUrl\":\"https:\\\/\\\/www.barosa.com\\\/wp-content\\\/uploads\\\/2022\\\/03\\\/Esparregado-de-Espinafres.jpg\",\"width\":458,\"height\":458,\"caption\":\"Esparregado de Espinafres\"},{\"@type\":\"BreadcrumbList\",\"@id\":\"https:\\\/\\\/www.barosa.com\\\/produto\\\/esparregado-de-espinafres-750grs\\\/#breadcrumb\",\"itemListElement\":[{\"@type\":\"ListItem\",\"position\":1,\"name\":\"In\u00edcio\",\"item\":\"https:\\\/\\\/www.barosa.com\\\/\"},{\"@type\":\"ListItem\",\"position\":2,\"name\":\"Shop\",\"item\":\"https:\\\/\\\/www.barosa.com\\\/shop\\\/\"},{\"@type\":\"ListItem\",\"position\":3,\"name\":\"Esparregado de Espinafres 750grs [Iglo]\"}]},{\"@type\":\"WebSite\",\"@id\":\"https:\\\/\\\/www.barosa.com\\\/#website\",\"url\":\"https:\\\/\\\/www.barosa.com\\\/\",\"name\":\"BAROSA Congelados | Manuel de Sousa Barosa, Lda.\",\"description\":\"Empresa de transforma\u00e7\u00e3o e comercializa\u00e7\u00e3o de produtos alimentares congelados. BAROSA \u00ae Pescados, &quot;N\u00e3o h\u00e1 bom garfo que resista\u00ae&quot;. BAROSA \u00ae FoodService &quot;O lado bom da comida\u00ae&quot;. Pescados Crust\u00e1ceos Mariscos Cefal\u00f3podes Bivalves Padaria Pastelaria Pizzas Sobremesas\",\"publisher\":{\"@id\":\"https:\\\/\\\/www.barosa.com\\\/#organization\"},\"alternateName\":\"BAROSA\u00ae\",\"potentialAction\":[{\"@type\":\"SearchAction\",\"target\":{\"@type\":\"EntryPoint\",\"urlTemplate\":\"https:\\\/\\\/www.barosa.com\\\/?s={search_term_string}\"},\"query-input\":{\"@type\":\"PropertyValueSpecification\",\"valueRequired\":true,\"valueName\":\"search_term_string\"}}],\"inLanguage\":\"fr-FR\"},{\"@type\":\"Organization\",\"@id\":\"https:\\\/\\\/www.barosa.com\\\/#organization\",\"name\":\"Manuel de Sousa Barosa, Lda.\",\"alternateName\":\"BAROSA\",\"url\":\"https:\\\/\\\/www.barosa.com\\\/\",\"logo\":{\"@type\":\"ImageObject\",\"inLanguage\":\"fr-FR\",\"@id\":\"https:\\\/\\\/www.barosa.com\\\/#\\\/schema\\\/logo\\\/image\\\/\",\"url\":\"https:\\\/\\\/www.barosa.com\\\/wp-content\\\/uploads\\\/2025\\\/03\\\/BAROSA-Logo-696x696-1.jpg\",\"contentUrl\":\"https:\\\/\\\/www.barosa.com\\\/wp-content\\\/uploads\\\/2025\\\/03\\\/BAROSA-Logo-696x696-1.jpg\",\"width\":696,\"height\":696,\"caption\":\"Manuel de Sousa Barosa, Lda.\"},\"image\":{\"@id\":\"https:\\\/\\\/www.barosa.com\\\/#\\\/schema\\\/logo\\\/image\\\/\"},\"sameAs\":[\"http:\\\/\\\/www.facebook.com\\\/barosa\\\/\",\"https:\\\/\\\/x.com\\\/barosa_lda\",\"https:\\\/\\\/www.instagram.com\\\/barosa_lda\\\/\",\"https:\\\/\\\/pt.linkedin.com\\\/company\\\/barosa-lda\"],\"description\":\"Empresa de transforma\u00e7\u00e3o e comercializa\u00e7\u00e3o de produtos alimentares congelados. BAROSA \u00ae Pescados, \\\"N\u00e3o h\u00e1 bom garfo que resista\u00ae\\\". BAROSA \u00ae FoodService \\\"O lado bom da comida!\u00ae\\\"\",\"email\":\"info@barosa.com\",\"telephone\":\"+351 262824403\",\"legalName\":\"Manuel de Sousa Barosa, Lda.\",\"foundingDate\":\"1975-05-21\",\"vatID\":\"503365190\",\"taxID\":\"503365190\",\"duns\":\"452388713\",\"numberOfEmployees\":{\"@type\":\"QuantitativeValue\",\"minValue\":\"11\",\"maxValue\":\"50\"},\"ethicsPolicy\":\"https:\\\/\\\/www.barosa.com\\\/politicaprivacidade\\\/\"}]}<\/script>\n<!-- \/ Yoast SEO Premium plugin. -->","yoast_head_json":{"title":"Esparregado de Espinafres 750grs [Iglo] - BAROSA Congelados | Manuel de Sousa Barosa, Lda.","description":"Du jardin \u00e0 votre cuisine, les \u00e9pinards Iglo sont faits d'\u00e9pinards crus qui cuisent pendant que vous les pr\u00e9parez, ce qui donne \u00e0 cette recette une couleur et une saveur uniques.","robots":{"index":"index","follow":"follow","max-snippet":"max-snippet:-1","max-image-preview":"max-image-preview:large","max-video-preview":"max-video-preview:-1"},"canonical":"https:\/\/www.barosa.com\/fr\/produit\/esparregado-de-espinafres-750grs\/","og_locale":"fr_FR","og_type":"article","og_title":"Esparregado de Espinafres 750grs [Iglo]","og_description":"Da horta para a sua cozinha, o Esparregado Iglo \u00e9 feito com espinafres crus que cozinham enquanto o prepara, conferindo uma cor e sabor \u00fanicos a esta receita.","og_url":"https:\/\/www.barosa.com\/fr\/produit\/esparregado-de-espinafres-750grs\/","og_site_name":"BAROSA Congelados | Manuel de Sousa Barosa, Lda.","article_publisher":"http:\/\/www.facebook.com\/barosa\/","article_modified_time":"2025-07-04T09:45:22+00:00","og_image":[{"width":458,"height":458,"url":"https:\/\/www.barosa.com\/wp-content\/uploads\/2022\/03\/Esparregado-de-Espinafres.jpg","type":"image\/jpeg"}],"twitter_card":"summary_large_image","twitter_site":"@barosa_lda","schema":{"@context":"https:\/\/schema.org","@graph":[{"@type":"WebPage","@id":"https:\/\/www.barosa.com\/produto\/esparregado-de-espinafres-750grs\/","url":"https:\/\/www.barosa.com\/produto\/esparregado-de-espinafres-750grs\/","name":"Esparregado de Espinafres 750grs [Iglo] - BAROSA Congelados | Manuel de Sousa Barosa, Lda.","isPartOf":{"@id":"https:\/\/www.barosa.com\/#website"},"primaryImageOfPage":{"@id":"https:\/\/www.barosa.com\/produto\/esparregado-de-espinafres-750grs\/#primaryimage"},"image":{"@id":"https:\/\/www.barosa.com\/produto\/esparregado-de-espinafres-750grs\/#primaryimage"},"thumbnailUrl":"https:\/\/www.barosa.com\/wp-content\/uploads\/2022\/03\/Esparregado-de-Espinafres.jpg","datePublished":"2022-03-28T09:56:45+00:00","dateModified":"2025-07-04T09:45:22+00:00","description":"Du jardin \u00e0 votre cuisine, les \u00e9pinards Iglo sont faits d'\u00e9pinards crus qui cuisent pendant que vous les pr\u00e9parez, ce qui donne \u00e0 cette recette une couleur et une saveur uniques.","breadcrumb":{"@id":"https:\/\/www.barosa.com\/produto\/esparregado-de-espinafres-750grs\/#breadcrumb"},"inLanguage":"fr-FR","potentialAction":[{"@type":"ReadAction","target":["https:\/\/www.barosa.com\/produto\/esparregado-de-espinafres-750grs\/"]}]},{"@type":"ImageObject","inLanguage":"fr-FR","@id":"https:\/\/www.barosa.com\/produto\/esparregado-de-espinafres-750grs\/#primaryimage","url":"https:\/\/www.barosa.com\/wp-content\/uploads\/2022\/03\/Esparregado-de-Espinafres.jpg","contentUrl":"https:\/\/www.barosa.com\/wp-content\/uploads\/2022\/03\/Esparregado-de-Espinafres.jpg","width":458,"height":458,"caption":"Esparregado de Espinafres"},{"@type":"BreadcrumbList","@id":"https:\/\/www.barosa.com\/produto\/esparregado-de-espinafres-750grs\/#breadcrumb","itemListElement":[{"@type":"ListItem","position":1,"name":"In\u00edcio","item":"https:\/\/www.barosa.com\/"},{"@type":"ListItem","position":2,"name":"Shop","item":"https:\/\/www.barosa.com\/shop\/"},{"@type":"ListItem","position":3,"name":"Esparregado de Espinafres 750grs [Iglo]"}]},{"@type":"WebSite","@id":"https:\/\/www.barosa.com\/#website","url":"https:\/\/www.barosa.com\/","name":"BAROSA Congelados | Manuel de Sousa Barosa, Lda.","description":"Entreprise de transformation et commercialisation de produits alimentaires surgel\u00e9s. BAROSA \u00ae Pescados, \" Aucune bonne fourchette ne peut y r\u00e9sister\u00ae \". BAROSA \u00ae FoodService \" Le bon c\u00f4t\u00e9 de la nourriture\u00ae \". Poissons Crustac\u00e9s Fruits de mer C\u00e9phalopodes Bivalves Boulangerie P\u00e2tisserie Pizzas Desserts","publisher":{"@id":"https:\/\/www.barosa.com\/#organization"},"alternateName":"BAROSA\u00ae","potentialAction":[{"@type":"SearchAction","target":{"@type":"EntryPoint","urlTemplate":"https:\/\/www.barosa.com\/?s={search_term_string}"},"query-input":{"@type":"PropertyValueSpecification","valueRequired":true,"valueName":"search_term_string"}}],"inLanguage":"fr-FR"},{"@type":"Organization","@id":"https:\/\/www.barosa.com\/#organization","name":"Manuel de Sousa Barosa, Lda.","alternateName":"BAROSA","url":"https:\/\/www.barosa.com\/","logo":{"@type":"ImageObject","inLanguage":"fr-FR","@id":"https:\/\/www.barosa.com\/#\/schema\/logo\/image\/","url":"https:\/\/www.barosa.com\/wp-content\/uploads\/2025\/03\/BAROSA-Logo-696x696-1.jpg","contentUrl":"https:\/\/www.barosa.com\/wp-content\/uploads\/2025\/03\/BAROSA-Logo-696x696-1.jpg","width":696,"height":696,"caption":"Manuel de Sousa Barosa, Lda."},"image":{"@id":"https:\/\/www.barosa.com\/#\/schema\/logo\/image\/"},"sameAs":["http:\/\/www.facebook.com\/barosa\/","https:\/\/x.com\/barosa_lda","https:\/\/www.instagram.com\/barosa_lda\/","https:\/\/pt.linkedin.com\/company\/barosa-lda"],"description":"Entreprise de transformation et commercialisation de produits alimentaires surgel\u00e9s. BAROSA \u00ae Pescados, \" Aucune bonne fourchette ne peut y r\u00e9sister\u00ae \". BAROSA \u00ae FoodService \" Le bon c\u00f4t\u00e9 de la nourriture !\u00ae \"","email":"info@barosa.com","telephone":"+351 262824403","legalName":"Manuel de Sousa Barosa, Lda.","foundingDate":"1975-05-21","vatID":"503365190","taxID":"503365190","duns":"452388713","numberOfEmployees":{"@type":"QuantitativeValue","minValue":"11","maxValue":"50"},"ethicsPolicy":"https:\/\/www.barosa.com\/politicaprivacidade\/"}]}},"_links":{"self":[{"href":"https:\/\/www.barosa.com\/fr\/wp-json\/wp\/v2\/product\/7291","targetHints":{"allow":["GET"]}}],"collection":[{"href":"https:\/\/www.barosa.com\/fr\/wp-json\/wp\/v2\/product"}],"about":[{"href":"https:\/\/www.barosa.com\/fr\/wp-json\/wp\/v2\/types\/product"}],"wp:featuredmedia":[{"embeddable":true,"href":"https:\/\/www.barosa.com\/fr\/wp-json\/wp\/v2\/media\/7292"}],"wp:attachment":[{"href":"https:\/\/www.barosa.com\/fr\/wp-json\/wp\/v2\/media?parent=7291"}],"wp:term":[{"taxonomy":"product_brand","embeddable":true,"href":"https:\/\/www.barosa.com\/fr\/wp-json\/wp\/v2\/product_brand?post=7291"},{"taxonomy":"product_cat","embeddable":true,"href":"https:\/\/www.barosa.com\/fr\/wp-json\/wp\/v2\/product_cat?post=7291"},{"taxonomy":"product_tag","embeddable":true,"href":"https:\/\/www.barosa.com\/fr\/wp-json\/wp\/v2\/product_tag?post=7291"}],"curies":[{"name":"wp","href":"https:\/\/api.w.org\/{rel}","templated":true}]}}