{"id":6558,"date":"2021-11-08T13:25:18","date_gmt":"2021-11-08T12:25:18","guid":{"rendered":"https:\/\/www.barosa.com\/?post_type=product&#038;p=6558"},"modified":"2022-12-05T13:54:39","modified_gmt":"2022-12-05T12:54:39","slug":"hamburguer-de-couve-flor-e-queijo","status":"publish","type":"product","link":"https:\/\/www.barosa.com\/fr\/produto\/hamburguer-de-couve-flor-e-queijo\/","title":{"rendered":"Burger au chou-fleur et au fromage"},"content":{"rendered":"","protected":false},"excerpt":{"rendered":"<p>Estes hamb\u00fargueres parecem caseiros, como se voc\u00ea os tivesse feito sozinho. Com 75 gramas cada, combinam perfeitamente com uma ampla variedade de refei\u00e7\u00f5es, incluindo carne, peixe ou pratos vegetarianos. Uma varia\u00e7\u00e3o deliciosa e deliciosa de vegetais convencionais.<\/p>\n<p>Uma mistura de pequenos floretes de couve-flor com alho-porro e queijo envoltos numa crosta crocante coberta com sementes de s\u00e9samo dando ao hamb\u00farguer aquele toque especial.<\/p>\n<p>Tipo de embalagem:<\/p>\n<ul>\n<li>Peso unit\u00e1rio: \u00b175 grs<\/li>\n<li>Numero de unidades: \u00b1 26<\/li>\n<li>Peso por caixa: 2 Kg<\/li>\n<\/ul>\n[bg_collapse view=\"link\" color=\"#4a4949\" expand_text=\"Mostrar mais \u25bc\" collapse_text=\"Mostrar menos \u25b2\" ]<\/p>\n<p><strong><span style=\"color: #000080;\">Modos de Prepara\u00e7\u00e3o<\/span><\/strong><\/p>\n<p><img loading=\"lazy\" decoding=\"async\" class=\"size-full wp-image-6529\" src=\"https:\/\/www.barosa.com\/wp-content\/uploads\/2021\/11\/Fritadeira.png\" alt=\"Fritadeira\" width=\"30\" height=\"30\" srcset=\"https:\/\/www.barosa.com\/wp-content\/uploads\/2021\/11\/Fritadeira.png 30w, https:\/\/www.barosa.com\/wp-content\/uploads\/2021\/11\/Fritadeira-12x12.png 12w\" sizes=\"auto, (max-width: 30px) 100vw, 30px\" \/><\/p>\n<p><strong>Na fritadeira<\/strong><\/p>\n<ul>\n<li>Fritar a 175\u00b0C\u00a0 \u00a0 +\/- 3 a 4 min<\/li>\n<\/ul>\n<p>&nbsp;<\/p>\n<p><img loading=\"lazy\" decoding=\"async\" class=\"size-full wp-image-6531\" src=\"https:\/\/www.barosa.com\/wp-content\/uploads\/2021\/11\/Frigideira.png\" alt=\"Frigideira\" width=\"30\" height=\"30\" srcset=\"https:\/\/www.barosa.com\/wp-content\/uploads\/2021\/11\/Frigideira.png 30w, https:\/\/www.barosa.com\/wp-content\/uploads\/2021\/11\/Frigideira-12x12.png 12w\" sizes=\"auto, (max-width: 30px) 100vw, 30px\" \/><\/p>\n<p><strong>Na frigideira<\/strong><\/p>\n<ul>\n<li>Aque\u00e7a 1 a 2 colheres de sopa de \u00f3leo vegetal em uma frigideira. Coloque a quantidade desejada do produto na frigideira e mexa bem no produto.<\/li>\n<\/ul>\n<p><img loading=\"lazy\" decoding=\"async\" class=\"size-full wp-image-6530\" src=\"https:\/\/www.barosa.com\/wp-content\/uploads\/2021\/11\/Forno.png\" alt=\"Forno\" width=\"30\" height=\"30\" srcset=\"https:\/\/www.barosa.com\/wp-content\/uploads\/2021\/11\/Forno.png 30w, https:\/\/www.barosa.com\/wp-content\/uploads\/2021\/11\/Forno-12x12.png 12w\" sizes=\"auto, (max-width: 30px) 100vw, 30px\" \/><\/p>\n<p><strong>Forno<\/strong><\/p>\n<ul>\n<li>Coloque o produto numa \u00fanica camada sobre um tabuleiro. Asse em forno pr\u00e9-aquecido a 200 \u00b0 C durante 18-20 min. at\u00e9 dourar, virando uma vez.<\/li>\n<\/ul>\n<p>&nbsp;<\/p>\n<p><strong>Alerg\u00e9nicos:<\/strong> Gl\u00faten, Ovo, Leite, S\u00e9samo<\/p>\n<p><strong>Ingredientes:<\/strong><\/p>\n<p>Couve-flor (39%), p\u00e3o ralado (farinha de trigo, sal, fermento), queijo (13%) (ovo), \u00f3leo de girassol, \u00e1gua, amido de milho, farinha de trigo, alho-porro, creme, s\u00e9samo 1%, salsa, sal iodado (sal , iodeto de pot\u00e1ssio), pimenta branca.<\/p>\n<p>[\/bg_collapse]\n<p>&nbsp;<\/p>\n<p>Marca: Ardo<\/p>\n<h6><em>Produto congelado<\/em><\/h6>\n","protected":false},"featured_media":6559,"template":"","meta":[],"product_brand":[],"product_cat":[446,182],"product_tag":[],"class_list":{"0":"post-6558","1":"product","2":"type-product","3":"status-publish","4":"has-post-thumbnail","6":"product_cat-alternativos-a-carne","7":"product_cat-vegetais-catering","8":"pa_preco-680e","10":"first","11":"instock","12":"shipping-taxable","13":"purchasable","14":"product-type-simple"},"yoast_head":"<!-- This site is optimized with the Yoast SEO Premium plugin v27.3 (Yoast SEO v27.3) - https:\/\/yoast.com\/product\/yoast-seo-premium-wordpress\/ -->\n<title>Hamb\u00farguer de Couve Flor e Queijo - BAROSA Congelados | Manuel de Sousa Barosa, Lda.<\/title>\n<meta name=\"description\" content=\"Estes hamb\u00fargueres parecem caseiros, como se voc\u00ea os tivesse feito sozinho, combinam perfeitamente com uma ampla variedade de refei\u00e7\u00f5es.\" \/>\n<meta name=\"robots\" content=\"index, follow, max-snippet:-1, max-image-preview:large, max-video-preview:-1\" \/>\n<link rel=\"canonical\" href=\"https:\/\/www.barosa.com\/fr\/produit\/hamburguer-de-couve-flor-e-queijo\/\" \/>\n<meta property=\"og:locale\" content=\"fr_FR\" \/>\n<meta property=\"og:type\" content=\"article\" \/>\n<meta property=\"og:title\" content=\"Hamb\u00farguer de Couve Flor e Queijo\" \/>\n<meta property=\"og:description\" content=\"Estes hamb\u00fargueres parecem caseiros, como se voc\u00ea os tivesse feito sozinho, combinam perfeitamente com uma ampla variedade de refei\u00e7\u00f5es.\" \/>\n<meta property=\"og:url\" content=\"https:\/\/www.barosa.com\/fr\/produit\/hamburguer-de-couve-flor-e-queijo\/\" \/>\n<meta property=\"og:site_name\" content=\"BAROSA Congelados | Manuel de Sousa Barosa, Lda.\" \/>\n<meta property=\"article:publisher\" content=\"http:\/\/www.facebook.com\/barosa\/\" \/>\n<meta property=\"article:modified_time\" content=\"2022-12-05T12:54:39+00:00\" \/>\n<meta property=\"og:image\" content=\"https:\/\/www.barosa.com\/wp-content\/uploads\/2021\/11\/Hamburguer-de-Couve-Flor-e-Queijo.jpg\" \/>\n\t<meta property=\"og:image:width\" content=\"1280\" \/>\n\t<meta property=\"og:image:height\" content=\"1280\" \/>\n\t<meta property=\"og:image:type\" content=\"image\/jpeg\" \/>\n<meta name=\"twitter:card\" content=\"summary_large_image\" \/>\n<meta name=\"twitter:site\" content=\"@barosa_lda\" \/>\n<script type=\"application\/ld+json\" class=\"yoast-schema-graph\">{\"@context\":\"https:\\\/\\\/schema.org\",\"@graph\":[{\"@type\":\"WebPage\",\"@id\":\"https:\\\/\\\/www.barosa.com\\\/produto\\\/hamburguer-de-couve-flor-e-queijo\\\/\",\"url\":\"https:\\\/\\\/www.barosa.com\\\/produto\\\/hamburguer-de-couve-flor-e-queijo\\\/\",\"name\":\"Hamb\u00farguer de Couve Flor e Queijo - BAROSA Congelados | Manuel de Sousa Barosa, Lda.\",\"isPartOf\":{\"@id\":\"https:\\\/\\\/www.barosa.com\\\/#website\"},\"primaryImageOfPage\":{\"@id\":\"https:\\\/\\\/www.barosa.com\\\/produto\\\/hamburguer-de-couve-flor-e-queijo\\\/#primaryimage\"},\"image\":{\"@id\":\"https:\\\/\\\/www.barosa.com\\\/produto\\\/hamburguer-de-couve-flor-e-queijo\\\/#primaryimage\"},\"thumbnailUrl\":\"https:\\\/\\\/www.barosa.com\\\/wp-content\\\/uploads\\\/2021\\\/11\\\/Hamburguer-de-Couve-Flor-e-Queijo.jpg\",\"datePublished\":\"2021-11-08T12:25:18+00:00\",\"dateModified\":\"2022-12-05T12:54:39+00:00\",\"description\":\"Estes hamb\u00fargueres parecem caseiros, como se voc\u00ea os tivesse feito sozinho, combinam perfeitamente com uma ampla variedade de refei\u00e7\u00f5es.\",\"breadcrumb\":{\"@id\":\"https:\\\/\\\/www.barosa.com\\\/produto\\\/hamburguer-de-couve-flor-e-queijo\\\/#breadcrumb\"},\"inLanguage\":\"fr-FR\",\"potentialAction\":[{\"@type\":\"ReadAction\",\"target\":[\"https:\\\/\\\/www.barosa.com\\\/produto\\\/hamburguer-de-couve-flor-e-queijo\\\/\"]}]},{\"@type\":\"ImageObject\",\"inLanguage\":\"fr-FR\",\"@id\":\"https:\\\/\\\/www.barosa.com\\\/produto\\\/hamburguer-de-couve-flor-e-queijo\\\/#primaryimage\",\"url\":\"https:\\\/\\\/www.barosa.com\\\/wp-content\\\/uploads\\\/2021\\\/11\\\/Hamburguer-de-Couve-Flor-e-Queijo.jpg\",\"contentUrl\":\"https:\\\/\\\/www.barosa.com\\\/wp-content\\\/uploads\\\/2021\\\/11\\\/Hamburguer-de-Couve-Flor-e-Queijo.jpg\",\"width\":1280,\"height\":1280,\"caption\":\"Hamb\u00farguer de Couve Flor e Queijo\"},{\"@type\":\"BreadcrumbList\",\"@id\":\"https:\\\/\\\/www.barosa.com\\\/produto\\\/hamburguer-de-couve-flor-e-queijo\\\/#breadcrumb\",\"itemListElement\":[{\"@type\":\"ListItem\",\"position\":1,\"name\":\"In\u00edcio\",\"item\":\"https:\\\/\\\/www.barosa.com\\\/\"},{\"@type\":\"ListItem\",\"position\":2,\"name\":\"Shop\",\"item\":\"https:\\\/\\\/www.barosa.com\\\/shop\\\/\"},{\"@type\":\"ListItem\",\"position\":3,\"name\":\"Hamb\u00farguer de Couve Flor e Queijo\"}]},{\"@type\":\"WebSite\",\"@id\":\"https:\\\/\\\/www.barosa.com\\\/#website\",\"url\":\"https:\\\/\\\/www.barosa.com\\\/\",\"name\":\"BAROSA Congelados | Manuel de Sousa Barosa, Lda.\",\"description\":\"Empresa de transforma\u00e7\u00e3o e comercializa\u00e7\u00e3o de produtos alimentares congelados. BAROSA \u00ae Pescados, &quot;N\u00e3o h\u00e1 bom garfo que resista\u00ae&quot;. BAROSA \u00ae FoodService &quot;O lado bom da comida\u00ae&quot;. Pescados Crust\u00e1ceos Mariscos Cefal\u00f3podes Bivalves Padaria Pastelaria Pizzas Sobremesas\",\"publisher\":{\"@id\":\"https:\\\/\\\/www.barosa.com\\\/#organization\"},\"alternateName\":\"BAROSA\u00ae\",\"potentialAction\":[{\"@type\":\"SearchAction\",\"target\":{\"@type\":\"EntryPoint\",\"urlTemplate\":\"https:\\\/\\\/www.barosa.com\\\/?s={search_term_string}\"},\"query-input\":{\"@type\":\"PropertyValueSpecification\",\"valueRequired\":true,\"valueName\":\"search_term_string\"}}],\"inLanguage\":\"fr-FR\"},{\"@type\":\"Organization\",\"@id\":\"https:\\\/\\\/www.barosa.com\\\/#organization\",\"name\":\"Manuel de Sousa Barosa, Lda.\",\"alternateName\":\"BAROSA\",\"url\":\"https:\\\/\\\/www.barosa.com\\\/\",\"logo\":{\"@type\":\"ImageObject\",\"inLanguage\":\"fr-FR\",\"@id\":\"https:\\\/\\\/www.barosa.com\\\/#\\\/schema\\\/logo\\\/image\\\/\",\"url\":\"https:\\\/\\\/www.barosa.com\\\/wp-content\\\/uploads\\\/2025\\\/03\\\/BAROSA-Logo-696x696-1.jpg\",\"contentUrl\":\"https:\\\/\\\/www.barosa.com\\\/wp-content\\\/uploads\\\/2025\\\/03\\\/BAROSA-Logo-696x696-1.jpg\",\"width\":696,\"height\":696,\"caption\":\"Manuel de Sousa Barosa, Lda.\"},\"image\":{\"@id\":\"https:\\\/\\\/www.barosa.com\\\/#\\\/schema\\\/logo\\\/image\\\/\"},\"sameAs\":[\"http:\\\/\\\/www.facebook.com\\\/barosa\\\/\",\"https:\\\/\\\/x.com\\\/barosa_lda\",\"https:\\\/\\\/www.instagram.com\\\/barosa_lda\\\/\",\"https:\\\/\\\/pt.linkedin.com\\\/company\\\/barosa-lda\"],\"description\":\"Empresa de transforma\u00e7\u00e3o e comercializa\u00e7\u00e3o de produtos alimentares congelados. BAROSA \u00ae Pescados, \\\"N\u00e3o h\u00e1 bom garfo que resista\u00ae\\\". BAROSA \u00ae FoodService \\\"O lado bom da comida!\u00ae\\\"\",\"email\":\"info@barosa.com\",\"telephone\":\"+351 262824403\",\"legalName\":\"Manuel de Sousa Barosa, Lda.\",\"foundingDate\":\"1975-05-21\",\"vatID\":\"503365190\",\"taxID\":\"503365190\",\"duns\":\"452388713\",\"numberOfEmployees\":{\"@type\":\"QuantitativeValue\",\"minValue\":\"11\",\"maxValue\":\"50\"},\"ethicsPolicy\":\"https:\\\/\\\/www.barosa.com\\\/politicaprivacidade\\\/\"}]}<\/script>\n<!-- \/ Yoast SEO Premium plugin. -->","yoast_head_json":{"title":"Burger au chou-fleur et au fromage - BAROSA Congelados | Manuel de Sousa Barosa, Lda.","description":"Ces hamburgers ont l'air d'\u00eatre faits maison, comme si vous les aviez pr\u00e9par\u00e9s vous-m\u00eame, et se marient parfaitement avec une grande vari\u00e9t\u00e9 de repas.","robots":{"index":"index","follow":"follow","max-snippet":"max-snippet:-1","max-image-preview":"max-image-preview:large","max-video-preview":"max-video-preview:-1"},"canonical":"https:\/\/www.barosa.com\/fr\/produit\/hamburguer-de-couve-flor-e-queijo\/","og_locale":"fr_FR","og_type":"article","og_title":"Hamb\u00farguer de Couve Flor e Queijo","og_description":"Estes hamb\u00fargueres parecem caseiros, como se voc\u00ea os tivesse feito sozinho, combinam perfeitamente com uma ampla variedade de refei\u00e7\u00f5es.","og_url":"https:\/\/www.barosa.com\/fr\/produit\/hamburguer-de-couve-flor-e-queijo\/","og_site_name":"BAROSA Congelados | Manuel de Sousa Barosa, Lda.","article_publisher":"http:\/\/www.facebook.com\/barosa\/","article_modified_time":"2022-12-05T12:54:39+00:00","og_image":[{"width":1280,"height":1280,"url":"https:\/\/www.barosa.com\/wp-content\/uploads\/2021\/11\/Hamburguer-de-Couve-Flor-e-Queijo.jpg","type":"image\/jpeg"}],"twitter_card":"summary_large_image","twitter_site":"@barosa_lda","schema":{"@context":"https:\/\/schema.org","@graph":[{"@type":"WebPage","@id":"https:\/\/www.barosa.com\/produto\/hamburguer-de-couve-flor-e-queijo\/","url":"https:\/\/www.barosa.com\/produto\/hamburguer-de-couve-flor-e-queijo\/","name":"Burger au chou-fleur et au fromage - BAROSA Congelados | Manuel de Sousa Barosa, Lda.","isPartOf":{"@id":"https:\/\/www.barosa.com\/#website"},"primaryImageOfPage":{"@id":"https:\/\/www.barosa.com\/produto\/hamburguer-de-couve-flor-e-queijo\/#primaryimage"},"image":{"@id":"https:\/\/www.barosa.com\/produto\/hamburguer-de-couve-flor-e-queijo\/#primaryimage"},"thumbnailUrl":"https:\/\/www.barosa.com\/wp-content\/uploads\/2021\/11\/Hamburguer-de-Couve-Flor-e-Queijo.jpg","datePublished":"2021-11-08T12:25:18+00:00","dateModified":"2022-12-05T12:54:39+00:00","description":"Ces hamburgers ont l'air d'\u00eatre faits maison, comme si vous les aviez pr\u00e9par\u00e9s vous-m\u00eame, et se marient parfaitement avec une grande vari\u00e9t\u00e9 de repas.","breadcrumb":{"@id":"https:\/\/www.barosa.com\/produto\/hamburguer-de-couve-flor-e-queijo\/#breadcrumb"},"inLanguage":"fr-FR","potentialAction":[{"@type":"ReadAction","target":["https:\/\/www.barosa.com\/produto\/hamburguer-de-couve-flor-e-queijo\/"]}]},{"@type":"ImageObject","inLanguage":"fr-FR","@id":"https:\/\/www.barosa.com\/produto\/hamburguer-de-couve-flor-e-queijo\/#primaryimage","url":"https:\/\/www.barosa.com\/wp-content\/uploads\/2021\/11\/Hamburguer-de-Couve-Flor-e-Queijo.jpg","contentUrl":"https:\/\/www.barosa.com\/wp-content\/uploads\/2021\/11\/Hamburguer-de-Couve-Flor-e-Queijo.jpg","width":1280,"height":1280,"caption":"Hamb\u00farguer de Couve Flor e Queijo"},{"@type":"BreadcrumbList","@id":"https:\/\/www.barosa.com\/produto\/hamburguer-de-couve-flor-e-queijo\/#breadcrumb","itemListElement":[{"@type":"ListItem","position":1,"name":"In\u00edcio","item":"https:\/\/www.barosa.com\/"},{"@type":"ListItem","position":2,"name":"Shop","item":"https:\/\/www.barosa.com\/shop\/"},{"@type":"ListItem","position":3,"name":"Hamb\u00farguer de Couve Flor e Queijo"}]},{"@type":"WebSite","@id":"https:\/\/www.barosa.com\/#website","url":"https:\/\/www.barosa.com\/","name":"BAROSA Congelados | Manuel de Sousa Barosa, Lda.","description":"Entreprise de transformation et commercialisation de produits alimentaires surgel\u00e9s. BAROSA \u00ae Pescados, \" Aucune bonne fourchette ne peut y r\u00e9sister\u00ae \". BAROSA \u00ae FoodService \" Le bon c\u00f4t\u00e9 de la nourriture\u00ae \". Poissons Crustac\u00e9s Fruits de mer C\u00e9phalopodes Bivalves Boulangerie P\u00e2tisserie Pizzas Desserts","publisher":{"@id":"https:\/\/www.barosa.com\/#organization"},"alternateName":"BAROSA\u00ae","potentialAction":[{"@type":"SearchAction","target":{"@type":"EntryPoint","urlTemplate":"https:\/\/www.barosa.com\/?s={search_term_string}"},"query-input":{"@type":"PropertyValueSpecification","valueRequired":true,"valueName":"search_term_string"}}],"inLanguage":"fr-FR"},{"@type":"Organization","@id":"https:\/\/www.barosa.com\/#organization","name":"Manuel de Sousa Barosa, Lda.","alternateName":"BAROSA","url":"https:\/\/www.barosa.com\/","logo":{"@type":"ImageObject","inLanguage":"fr-FR","@id":"https:\/\/www.barosa.com\/#\/schema\/logo\/image\/","url":"https:\/\/www.barosa.com\/wp-content\/uploads\/2025\/03\/BAROSA-Logo-696x696-1.jpg","contentUrl":"https:\/\/www.barosa.com\/wp-content\/uploads\/2025\/03\/BAROSA-Logo-696x696-1.jpg","width":696,"height":696,"caption":"Manuel de Sousa Barosa, Lda."},"image":{"@id":"https:\/\/www.barosa.com\/#\/schema\/logo\/image\/"},"sameAs":["http:\/\/www.facebook.com\/barosa\/","https:\/\/x.com\/barosa_lda","https:\/\/www.instagram.com\/barosa_lda\/","https:\/\/pt.linkedin.com\/company\/barosa-lda"],"description":"Entreprise de transformation et commercialisation de produits alimentaires surgel\u00e9s. BAROSA \u00ae Pescados, \" Aucune bonne fourchette ne peut y r\u00e9sister\u00ae \". BAROSA \u00ae FoodService \" Le bon c\u00f4t\u00e9 de la nourriture !\u00ae \"","email":"info@barosa.com","telephone":"+351 262824403","legalName":"Manuel de Sousa Barosa, Lda.","foundingDate":"1975-05-21","vatID":"503365190","taxID":"503365190","duns":"452388713","numberOfEmployees":{"@type":"QuantitativeValue","minValue":"11","maxValue":"50"},"ethicsPolicy":"https:\/\/www.barosa.com\/politicaprivacidade\/"}]}},"_links":{"self":[{"href":"https:\/\/www.barosa.com\/fr\/wp-json\/wp\/v2\/product\/6558","targetHints":{"allow":["GET"]}}],"collection":[{"href":"https:\/\/www.barosa.com\/fr\/wp-json\/wp\/v2\/product"}],"about":[{"href":"https:\/\/www.barosa.com\/fr\/wp-json\/wp\/v2\/types\/product"}],"wp:featuredmedia":[{"embeddable":true,"href":"https:\/\/www.barosa.com\/fr\/wp-json\/wp\/v2\/media\/6559"}],"wp:attachment":[{"href":"https:\/\/www.barosa.com\/fr\/wp-json\/wp\/v2\/media?parent=6558"}],"wp:term":[{"taxonomy":"product_brand","embeddable":true,"href":"https:\/\/www.barosa.com\/fr\/wp-json\/wp\/v2\/product_brand?post=6558"},{"taxonomy":"product_cat","embeddable":true,"href":"https:\/\/www.barosa.com\/fr\/wp-json\/wp\/v2\/product_cat?post=6558"},{"taxonomy":"product_tag","embeddable":true,"href":"https:\/\/www.barosa.com\/fr\/wp-json\/wp\/v2\/product_tag?post=6558"}],"curies":[{"name":"wp","href":"https:\/\/api.w.org\/{rel}","templated":true}]}}