{"id":6355,"date":"2021-05-10T18:18:12","date_gmt":"2021-05-10T18:18:12","guid":{"rendered":"https:\/\/www.barosa.com\/?post_type=product&#038;p=6355"},"modified":"2025-07-04T10:05:04","modified_gmt":"2025-07-04T10:05:04","slug":"ristorante-margherita-pomodori-vegan","status":"publish","type":"product","link":"https:\/\/www.barosa.com\/fr\/produto\/ristorante-margherita-pomodori-vegan\/","title":{"rendered":"Ristorante Margherita Pomodori Vegan"},"content":{"rendered":"","protected":false},"excerpt":{"rendered":"<p>Tipo de embalagem:<\/p>\n<ul>\n<li>Peso da unidade: 340 Grs<\/li>\n<li>Di\u00e2metro por unidade: 25 cm<\/li>\n<li>N\u00famero de unidades: 7<\/li>\n<\/ul>\n<p>A base fina e crocante, a cobertura rica e ingredientes selecionados tornam esta pizza irresist\u00edvel para todos que gostam dela como os italianos &#8211; e que n\u00e3o comem ingredientes de origem animal.<\/p>\n<p>Dr. Oetker Ristorante Pizza Margherita Pomodori \u00e9 coberto com tomate cocktail, peda\u00e7os de tomate marinado, pesto de ervas verdes e finalizado com uma alternativa de queijo picante \u00e0 base de \u00f3leo de coco.<\/p>\n[bg_collapse view=\"link\" color=\"#4a4949\" icon=\"arrow\" expand_text=\"\u00a0 \u00a0Mostrar mais\" collapse_text=\"\u00a0 \u00a0Mostrar menos\" ]<\/p>\n<p><img decoding=\"async\" src=\"https:\/\/nomadfoodscdn.com\/-\/media\/project\/bluesteel\/iglo-pt\/icons\/oven.png?la=pt-pt&amp;h=30&amp;w=30&amp;hash=FAA6936502D95C7653F18FA37D2EA457\" alt=\"oven\" \/><\/p>\n<p>Prepara\u00e7\u00e3o no forno:<\/p>\n<ol>\n<li>Pr\u00e9-aque\u00e7a o forno: aquecimento superior \/ inferior: 220 \u00b0 C, ar quente: 200 \u00b0 C, g\u00e1s: 4<\/li>\n<li>Retire o papel alum\u00ednio<\/li>\n<li>Asse a pizza na grelha no ter\u00e7o inferior do forno por 10- 12 minutos<\/li>\n<\/ol>\n<p>Nossa dica:<br \/>\nA sua Ristorante Pizza fica ainda melhor se voc\u00ea assar com calor superior e inferior em vez de convec\u00e7\u00e3o. A cobertura ficar\u00e1 ent\u00e3o particularmente suculenta!<\/p>\n<p>&nbsp;<\/p>\n<p>O produto cont\u00e9m os seguintes ingredientes alerg\u00eanicos:<\/p>\n<ul>\n<li>Trigo e produtos de trigo (cereais contendo gl\u00faten)<\/li>\n<li>Cereais contendo gl\u00faten e produtos de cereais contendo gl\u00faten<\/li>\n<\/ul>\n<p>Os seguintes rastros n\u00e3o podem ser completamente exclu\u00eddos:<\/p>\n<ul>\n<li>Produtos de espelta e espelta (cereais contendo gl\u00faten)<\/li>\n<li>Cevada e produtos de cevada (cereais contendo gl\u00faten)<\/li>\n<li>Aveia e produtos de aveia (cereais contendo gl\u00faten)<\/li>\n<li>Centeio e produtos de centeio (cereais contendo gl\u00faten)<\/li>\n<\/ul>\n<p>[\/bg_collapse]\n<p>&nbsp;<\/p>\n<p>Marca: Dr. Oetker<\/p>\n<h6>Produto congelado<\/h6>\n","protected":false},"featured_media":6354,"template":"","meta":[],"product_brand":[715,713],"product_cat":[446,210],"product_tag":[630],"class_list":{"0":"post-6355","1":"product","2":"type-product","3":"status-publish","4":"has-post-thumbnail","6":"product_brand-dr-oetker","7":"product_brand-iglo","8":"product_cat-alternativos-a-carne","9":"product_cat-pizzas-embaladas","10":"product_tag-ristorante","12":"first","13":"instock","14":"taxable","15":"shipping-taxable","16":"purchasable","17":"product-type-simple"},"yoast_head":"<!-- This site is optimized with the Yoast SEO Premium plugin v27.6 (Yoast SEO v27.6) - https:\/\/yoast.com\/product\/yoast-seo-premium-wordpress\/ -->\n<title>Ristorante Margherita Pomodori Vegan - BAROSA Congelados | Manuel de Sousa Barosa, Lda.<\/title>\n<meta name=\"description\" content=\"A base fina e crocante, a cobertura rica e ingredientes selecionados tornam esta pizza irresist\u00edvel para todos que gostam dela como os italianos.\" \/>\n<meta name=\"robots\" content=\"index, follow, max-snippet:-1, max-image-preview:large, max-video-preview:-1\" \/>\n<link rel=\"canonical\" href=\"https:\/\/www.barosa.com\/fr\/produit\/ristorante-margherita-pomodori-vegan\/\" \/>\n<meta property=\"og:locale\" content=\"fr_FR\" \/>\n<meta property=\"og:type\" content=\"article\" \/>\n<meta property=\"og:title\" content=\"Ristorante Margherita Pomodori Vegan\" \/>\n<meta property=\"og:description\" content=\"A base fina e crocante, a cobertura rica e ingredientes selecionados tornam esta pizza irresist\u00edvel para todos que gostam dela como os italianos.\" \/>\n<meta property=\"og:url\" content=\"https:\/\/www.barosa.com\/fr\/produit\/ristorante-margherita-pomodori-vegan\/\" \/>\n<meta property=\"og:site_name\" content=\"BAROSA Congelados | Manuel de Sousa Barosa, Lda.\" \/>\n<meta property=\"article:publisher\" content=\"http:\/\/www.facebook.com\/barosa\/\" \/>\n<meta property=\"article:modified_time\" content=\"2025-07-04T10:05:04+00:00\" \/>\n<meta property=\"og:image\" content=\"https:\/\/www.barosa.com\/wp-content\/uploads\/2021\/05\/Ristorante-Margherita-Pomodori-Vegan.jpg\" \/>\n\t<meta property=\"og:image:width\" content=\"954\" \/>\n\t<meta property=\"og:image:height\" content=\"1024\" \/>\n\t<meta property=\"og:image:type\" content=\"image\/jpeg\" \/>\n<meta name=\"twitter:card\" content=\"summary_large_image\" \/>\n<meta name=\"twitter:site\" content=\"@barosa_lda\" \/>\n<script type=\"application\/ld+json\" class=\"yoast-schema-graph\">{\"@context\":\"https:\\\/\\\/schema.org\",\"@graph\":[{\"@type\":\"WebPage\",\"@id\":\"https:\\\/\\\/www.barosa.com\\\/produto\\\/ristorante-margherita-pomodori-vegan\\\/\",\"url\":\"https:\\\/\\\/www.barosa.com\\\/produto\\\/ristorante-margherita-pomodori-vegan\\\/\",\"name\":\"Ristorante Margherita Pomodori Vegan - BAROSA Congelados | Manuel de Sousa Barosa, Lda.\",\"isPartOf\":{\"@id\":\"https:\\\/\\\/www.barosa.com\\\/#website\"},\"primaryImageOfPage\":{\"@id\":\"https:\\\/\\\/www.barosa.com\\\/produto\\\/ristorante-margherita-pomodori-vegan\\\/#primaryimage\"},\"image\":{\"@id\":\"https:\\\/\\\/www.barosa.com\\\/produto\\\/ristorante-margherita-pomodori-vegan\\\/#primaryimage\"},\"thumbnailUrl\":\"https:\\\/\\\/www.barosa.com\\\/wp-content\\\/uploads\\\/2021\\\/05\\\/Ristorante-Margherita-Pomodori-Vegan.jpg\",\"datePublished\":\"2021-05-10T18:18:12+00:00\",\"dateModified\":\"2025-07-04T10:05:04+00:00\",\"description\":\"A base fina e crocante, a cobertura rica e ingredientes selecionados tornam esta pizza irresist\u00edvel para todos que gostam dela como os italianos.\",\"breadcrumb\":{\"@id\":\"https:\\\/\\\/www.barosa.com\\\/produto\\\/ristorante-margherita-pomodori-vegan\\\/#breadcrumb\"},\"inLanguage\":\"fr-FR\",\"potentialAction\":[{\"@type\":\"ReadAction\",\"target\":[\"https:\\\/\\\/www.barosa.com\\\/produto\\\/ristorante-margherita-pomodori-vegan\\\/\"]}]},{\"@type\":\"ImageObject\",\"inLanguage\":\"fr-FR\",\"@id\":\"https:\\\/\\\/www.barosa.com\\\/produto\\\/ristorante-margherita-pomodori-vegan\\\/#primaryimage\",\"url\":\"https:\\\/\\\/www.barosa.com\\\/wp-content\\\/uploads\\\/2021\\\/05\\\/Ristorante-Margherita-Pomodori-Vegan.jpg\",\"contentUrl\":\"https:\\\/\\\/www.barosa.com\\\/wp-content\\\/uploads\\\/2021\\\/05\\\/Ristorante-Margherita-Pomodori-Vegan.jpg\",\"width\":954,\"height\":1024,\"caption\":\"Ristorante Margherita Pomodori Vegan\"},{\"@type\":\"BreadcrumbList\",\"@id\":\"https:\\\/\\\/www.barosa.com\\\/produto\\\/ristorante-margherita-pomodori-vegan\\\/#breadcrumb\",\"itemListElement\":[{\"@type\":\"ListItem\",\"position\":1,\"name\":\"In\u00edcio\",\"item\":\"https:\\\/\\\/www.barosa.com\\\/\"},{\"@type\":\"ListItem\",\"position\":2,\"name\":\"Shop\",\"item\":\"https:\\\/\\\/www.barosa.com\\\/shop\\\/\"},{\"@type\":\"ListItem\",\"position\":3,\"name\":\"Ristorante Margherita Pomodori Vegan\"}]},{\"@type\":\"WebSite\",\"@id\":\"https:\\\/\\\/www.barosa.com\\\/#website\",\"url\":\"https:\\\/\\\/www.barosa.com\\\/\",\"name\":\"BAROSA Congelados | Manuel de Sousa Barosa, Lda.\",\"description\":\"Empresa de transforma\u00e7\u00e3o e comercializa\u00e7\u00e3o de produtos alimentares congelados. BAROSA \u00ae Pescados, &quot;N\u00e3o h\u00e1 bom garfo que resista\u00ae&quot;. BAROSA \u00ae FoodService &quot;O lado bom da comida\u00ae&quot;. Pescados Crust\u00e1ceos Mariscos Cefal\u00f3podes Bivalves Padaria Pastelaria Pizzas Sobremesas\",\"publisher\":{\"@id\":\"https:\\\/\\\/www.barosa.com\\\/#organization\"},\"alternateName\":\"BAROSA\u00ae\",\"potentialAction\":[{\"@type\":\"SearchAction\",\"target\":{\"@type\":\"EntryPoint\",\"urlTemplate\":\"https:\\\/\\\/www.barosa.com\\\/?s={search_term_string}\"},\"query-input\":{\"@type\":\"PropertyValueSpecification\",\"valueRequired\":true,\"valueName\":\"search_term_string\"}}],\"inLanguage\":\"fr-FR\"},{\"@type\":\"Organization\",\"@id\":\"https:\\\/\\\/www.barosa.com\\\/#organization\",\"name\":\"Manuel de Sousa Barosa, Lda.\",\"alternateName\":\"BAROSA\",\"url\":\"https:\\\/\\\/www.barosa.com\\\/\",\"logo\":{\"@type\":\"ImageObject\",\"inLanguage\":\"fr-FR\",\"@id\":\"https:\\\/\\\/www.barosa.com\\\/#\\\/schema\\\/logo\\\/image\\\/\",\"url\":\"https:\\\/\\\/www.barosa.com\\\/wp-content\\\/uploads\\\/2025\\\/03\\\/BAROSA-Logo-696x696-1.jpg\",\"contentUrl\":\"https:\\\/\\\/www.barosa.com\\\/wp-content\\\/uploads\\\/2025\\\/03\\\/BAROSA-Logo-696x696-1.jpg\",\"width\":696,\"height\":696,\"caption\":\"Manuel de Sousa Barosa, Lda.\"},\"image\":{\"@id\":\"https:\\\/\\\/www.barosa.com\\\/#\\\/schema\\\/logo\\\/image\\\/\"},\"sameAs\":[\"http:\\\/\\\/www.facebook.com\\\/barosa\\\/\",\"https:\\\/\\\/x.com\\\/barosa_lda\",\"https:\\\/\\\/www.instagram.com\\\/barosa_lda\\\/\",\"https:\\\/\\\/pt.linkedin.com\\\/company\\\/barosa-lda\"],\"description\":\"Empresa de transforma\u00e7\u00e3o e comercializa\u00e7\u00e3o de produtos alimentares congelados. BAROSA \u00ae Pescados, \\\"N\u00e3o h\u00e1 bom garfo que resista\u00ae\\\". BAROSA \u00ae FoodService \\\"O lado bom da comida!\u00ae\\\"\",\"email\":\"info@barosa.com\",\"telephone\":\"+351 262824403\",\"legalName\":\"Manuel de Sousa Barosa, Lda.\",\"foundingDate\":\"1975-05-21\",\"vatID\":\"503365190\",\"taxID\":\"503365190\",\"duns\":\"452388713\",\"numberOfEmployees\":{\"@type\":\"QuantitativeValue\",\"minValue\":\"11\",\"maxValue\":\"50\"},\"ethicsPolicy\":\"https:\\\/\\\/www.barosa.com\\\/politicaprivacidade\\\/\"}]}<\/script>\n<!-- \/ Yoast SEO Premium plugin. -->","yoast_head_json":{"title":"Ristorante Margherita Pomodori Vegan - BAROSA Congelados | Manuel de Sousa Barosa, Lda.","description":"La base fine et croustillante, les garnitures riches et les ingr\u00e9dients s\u00e9lectionn\u00e9s rendent cette pizza irr\u00e9sistible pour tous ceux qui l'aiment comme les Italiens.","robots":{"index":"index","follow":"follow","max-snippet":"max-snippet:-1","max-image-preview":"max-image-preview:large","max-video-preview":"max-video-preview:-1"},"canonical":"https:\/\/www.barosa.com\/fr\/produit\/ristorante-margherita-pomodori-vegan\/","og_locale":"fr_FR","og_type":"article","og_title":"Ristorante Margherita Pomodori Vegan","og_description":"A base fina e crocante, a cobertura rica e ingredientes selecionados tornam esta pizza irresist\u00edvel para todos que gostam dela como os italianos.","og_url":"https:\/\/www.barosa.com\/fr\/produit\/ristorante-margherita-pomodori-vegan\/","og_site_name":"BAROSA Congelados | Manuel de Sousa Barosa, Lda.","article_publisher":"http:\/\/www.facebook.com\/barosa\/","article_modified_time":"2025-07-04T10:05:04+00:00","og_image":[{"width":954,"height":1024,"url":"https:\/\/www.barosa.com\/wp-content\/uploads\/2021\/05\/Ristorante-Margherita-Pomodori-Vegan.jpg","type":"image\/jpeg"}],"twitter_card":"summary_large_image","twitter_site":"@barosa_lda","schema":{"@context":"https:\/\/schema.org","@graph":[{"@type":"WebPage","@id":"https:\/\/www.barosa.com\/produto\/ristorante-margherita-pomodori-vegan\/","url":"https:\/\/www.barosa.com\/produto\/ristorante-margherita-pomodori-vegan\/","name":"Ristorante Margherita Pomodori Vegan - BAROSA Congelados | Manuel de Sousa Barosa, Lda.","isPartOf":{"@id":"https:\/\/www.barosa.com\/#website"},"primaryImageOfPage":{"@id":"https:\/\/www.barosa.com\/produto\/ristorante-margherita-pomodori-vegan\/#primaryimage"},"image":{"@id":"https:\/\/www.barosa.com\/produto\/ristorante-margherita-pomodori-vegan\/#primaryimage"},"thumbnailUrl":"https:\/\/www.barosa.com\/wp-content\/uploads\/2021\/05\/Ristorante-Margherita-Pomodori-Vegan.jpg","datePublished":"2021-05-10T18:18:12+00:00","dateModified":"2025-07-04T10:05:04+00:00","description":"La base fine et croustillante, les garnitures riches et les ingr\u00e9dients s\u00e9lectionn\u00e9s rendent cette pizza irr\u00e9sistible pour tous ceux qui l'aiment comme les Italiens.","breadcrumb":{"@id":"https:\/\/www.barosa.com\/produto\/ristorante-margherita-pomodori-vegan\/#breadcrumb"},"inLanguage":"fr-FR","potentialAction":[{"@type":"ReadAction","target":["https:\/\/www.barosa.com\/produto\/ristorante-margherita-pomodori-vegan\/"]}]},{"@type":"ImageObject","inLanguage":"fr-FR","@id":"https:\/\/www.barosa.com\/produto\/ristorante-margherita-pomodori-vegan\/#primaryimage","url":"https:\/\/www.barosa.com\/wp-content\/uploads\/2021\/05\/Ristorante-Margherita-Pomodori-Vegan.jpg","contentUrl":"https:\/\/www.barosa.com\/wp-content\/uploads\/2021\/05\/Ristorante-Margherita-Pomodori-Vegan.jpg","width":954,"height":1024,"caption":"Ristorante Margherita Pomodori Vegan"},{"@type":"BreadcrumbList","@id":"https:\/\/www.barosa.com\/produto\/ristorante-margherita-pomodori-vegan\/#breadcrumb","itemListElement":[{"@type":"ListItem","position":1,"name":"In\u00edcio","item":"https:\/\/www.barosa.com\/"},{"@type":"ListItem","position":2,"name":"Shop","item":"https:\/\/www.barosa.com\/shop\/"},{"@type":"ListItem","position":3,"name":"Ristorante Margherita Pomodori Vegan"}]},{"@type":"WebSite","@id":"https:\/\/www.barosa.com\/#website","url":"https:\/\/www.barosa.com\/","name":"BAROSA Congelados | Manuel de Sousa Barosa, Lda.","description":"Entreprise de transformation et commercialisation de produits alimentaires surgel\u00e9s. BAROSA \u00ae Pescados, \" Aucune bonne fourchette ne peut y r\u00e9sister\u00ae \". BAROSA \u00ae FoodService \" Le bon c\u00f4t\u00e9 de la nourriture\u00ae \". Poissons Crustac\u00e9s Fruits de mer C\u00e9phalopodes Bivalves Boulangerie P\u00e2tisserie Pizzas Desserts","publisher":{"@id":"https:\/\/www.barosa.com\/#organization"},"alternateName":"BAROSA\u00ae","potentialAction":[{"@type":"SearchAction","target":{"@type":"EntryPoint","urlTemplate":"https:\/\/www.barosa.com\/?s={search_term_string}"},"query-input":{"@type":"PropertyValueSpecification","valueRequired":true,"valueName":"search_term_string"}}],"inLanguage":"fr-FR"},{"@type":"Organization","@id":"https:\/\/www.barosa.com\/#organization","name":"Manuel de Sousa Barosa, Lda.","alternateName":"BAROSA","url":"https:\/\/www.barosa.com\/","logo":{"@type":"ImageObject","inLanguage":"fr-FR","@id":"https:\/\/www.barosa.com\/#\/schema\/logo\/image\/","url":"https:\/\/www.barosa.com\/wp-content\/uploads\/2025\/03\/BAROSA-Logo-696x696-1.jpg","contentUrl":"https:\/\/www.barosa.com\/wp-content\/uploads\/2025\/03\/BAROSA-Logo-696x696-1.jpg","width":696,"height":696,"caption":"Manuel de Sousa Barosa, Lda."},"image":{"@id":"https:\/\/www.barosa.com\/#\/schema\/logo\/image\/"},"sameAs":["http:\/\/www.facebook.com\/barosa\/","https:\/\/x.com\/barosa_lda","https:\/\/www.instagram.com\/barosa_lda\/","https:\/\/pt.linkedin.com\/company\/barosa-lda"],"description":"Entreprise de transformation et commercialisation de produits alimentaires surgel\u00e9s. BAROSA \u00ae Pescados, \" Aucune bonne fourchette ne peut y r\u00e9sister\u00ae \". BAROSA \u00ae FoodService \" Le bon c\u00f4t\u00e9 de la nourriture !\u00ae \"","email":"info@barosa.com","telephone":"+351 262824403","legalName":"Manuel de Sousa Barosa, Lda.","foundingDate":"1975-05-21","vatID":"503365190","taxID":"503365190","duns":"452388713","numberOfEmployees":{"@type":"QuantitativeValue","minValue":"11","maxValue":"50"},"ethicsPolicy":"https:\/\/www.barosa.com\/politicaprivacidade\/"}]}},"_links":{"self":[{"href":"https:\/\/www.barosa.com\/fr\/wp-json\/wp\/v2\/product\/6355","targetHints":{"allow":["GET"]}}],"collection":[{"href":"https:\/\/www.barosa.com\/fr\/wp-json\/wp\/v2\/product"}],"about":[{"href":"https:\/\/www.barosa.com\/fr\/wp-json\/wp\/v2\/types\/product"}],"wp:featuredmedia":[{"embeddable":true,"href":"https:\/\/www.barosa.com\/fr\/wp-json\/wp\/v2\/media\/6354"}],"wp:attachment":[{"href":"https:\/\/www.barosa.com\/fr\/wp-json\/wp\/v2\/media?parent=6355"}],"wp:term":[{"taxonomy":"product_brand","embeddable":true,"href":"https:\/\/www.barosa.com\/fr\/wp-json\/wp\/v2\/product_brand?post=6355"},{"taxonomy":"product_cat","embeddable":true,"href":"https:\/\/www.barosa.com\/fr\/wp-json\/wp\/v2\/product_cat?post=6355"},{"taxonomy":"product_tag","embeddable":true,"href":"https:\/\/www.barosa.com\/fr\/wp-json\/wp\/v2\/product_tag?post=6355"}],"curies":[{"name":"wp","href":"https:\/\/api.w.org\/{rel}","templated":true}]}}