{"id":5364,"date":"2020-04-07T16:59:50","date_gmt":"2020-04-07T16:59:50","guid":{"rendered":"http:\/\/www.barosa.com\/?post_type=product&#038;p=5364"},"modified":"2020-06-16T20:08:02","modified_gmt":"2020-06-16T20:08:02","slug":"manteiga-milhafre-dos-acores-250-grs","status":"publish","type":"product","link":"https:\/\/www.barosa.com\/fr\/produto\/manteiga-milhafre-dos-acores-250-grs\/","title":{"rendered":"Beurre Milhafre dos A\u00e7ores 250 g"},"content":{"rendered":"","protected":false},"excerpt":{"rendered":"<p><strong>Format:<\/strong><\/p>\n<ul>\n<li>Poids net : 250 grs<\/li>\n<\/ul>\n<p><strong>Description du produit<\/strong><\/p>\n<p>Une couleur profonde, une saveur intense et une teneur en sel l\u00e9g\u00e8rement \u201c\u00e9pic\u00e9e\u201d sont les caract\u00e9ristiques qui font de ce beurre un produit unique et tr\u00e8s appr\u00e9ci\u00e9.<\/p>\n<p>Manteiga Milhafre dos A\u00e7ores est reconnu pour ses caract\u00e9ristiques sensorielles distinctives, qui lui ont valu la pr\u00e9f\u00e9rence des consommateurs. Sa saveur unique, sa couleur intense et sa texture moelleuse lui permettent de se marier parfaitement avec tous les types de pain et de toasts. La puret\u00e9 et le caract\u00e8re naturel de sa r\u00e9gion d'origine - les A\u00e7ores - contribuent \u00e0 son caract\u00e8re unique.<\/p>\n<p><strong>Marque:<\/strong> Cerf-volant des A\u00e7ores<\/p>","protected":false},"featured_media":5365,"template":"","meta":[],"product_brand":[],"product_cat":[356],"product_tag":[],"class_list":{"0":"post-5364","1":"product","2":"type-product","3":"status-publish","4":"has-post-thumbnail","6":"product_cat-cremes-vegetais-manteigas","8":"first","9":"instock","10":"taxable","11":"shipping-taxable","12":"purchasable","13":"product-type-simple"},"yoast_head":"<!-- This site is optimized with the Yoast SEO Premium plugin v27.6 (Yoast SEO v27.6) - https:\/\/yoast.com\/product\/yoast-seo-premium-wordpress\/ -->\n<title>Manteiga Milhafre dos A\u00e7ores 250 grs - BAROSA Congelados | Manuel de Sousa Barosa, Lda.<\/title>\n<meta name=\"description\" content=\"Cor acentuada, sabor intenso e teor suavemente \u201cpicante\u201d ao sal, s\u00e3o as caracter\u00edsticas que fazem com que esta seja uma manteiga \u00fanica e muito apreciada.\" \/>\n<meta name=\"robots\" content=\"index, follow, max-snippet:-1, max-image-preview:large, max-video-preview:-1\" \/>\n<link rel=\"canonical\" href=\"https:\/\/www.barosa.com\/fr\/produit\/manteiga-milhafre-dos-acores-250-grs\/\" \/>\n<meta property=\"og:locale\" content=\"fr_FR\" \/>\n<meta property=\"og:type\" content=\"article\" \/>\n<meta property=\"og:title\" content=\"Manteiga Milhafre dos A\u00e7ores 250 grs\" \/>\n<meta property=\"og:description\" content=\"Cor acentuada, sabor intenso e teor suavemente \u201cpicante\u201d ao sal, s\u00e3o as caracter\u00edsticas que fazem com que esta seja uma manteiga \u00fanica e muito apreciada.\" \/>\n<meta property=\"og:url\" content=\"https:\/\/www.barosa.com\/fr\/produit\/manteiga-milhafre-dos-acores-250-grs\/\" \/>\n<meta property=\"og:site_name\" content=\"BAROSA Congelados | Manuel de Sousa Barosa, Lda.\" \/>\n<meta property=\"article:publisher\" content=\"http:\/\/www.facebook.com\/barosa\/\" \/>\n<meta property=\"article:modified_time\" content=\"2020-06-16T20:08:02+00:00\" \/>\n<meta property=\"og:image\" content=\"https:\/\/www.barosa.com\/wp-content\/uploads\/2020\/04\/F3-LA661433.jpg\" \/>\n\t<meta property=\"og:image:width\" content=\"602\" \/>\n\t<meta property=\"og:image:height\" content=\"602\" \/>\n\t<meta property=\"og:image:type\" content=\"image\/jpeg\" \/>\n<meta name=\"twitter:card\" content=\"summary_large_image\" \/>\n<meta name=\"twitter:site\" content=\"@barosa_lda\" \/>\n<script type=\"application\/ld+json\" class=\"yoast-schema-graph\">{\"@context\":\"https:\\\/\\\/schema.org\",\"@graph\":[{\"@type\":\"WebPage\",\"@id\":\"https:\\\/\\\/www.barosa.com\\\/produto\\\/manteiga-milhafre-dos-acores-250-grs\\\/\",\"url\":\"https:\\\/\\\/www.barosa.com\\\/produto\\\/manteiga-milhafre-dos-acores-250-grs\\\/\",\"name\":\"Manteiga Milhafre dos A\u00e7ores 250 grs - BAROSA Congelados | Manuel de Sousa Barosa, Lda.\",\"isPartOf\":{\"@id\":\"https:\\\/\\\/www.barosa.com\\\/#website\"},\"primaryImageOfPage\":{\"@id\":\"https:\\\/\\\/www.barosa.com\\\/produto\\\/manteiga-milhafre-dos-acores-250-grs\\\/#primaryimage\"},\"image\":{\"@id\":\"https:\\\/\\\/www.barosa.com\\\/produto\\\/manteiga-milhafre-dos-acores-250-grs\\\/#primaryimage\"},\"thumbnailUrl\":\"https:\\\/\\\/www.barosa.com\\\/wp-content\\\/uploads\\\/2020\\\/04\\\/F3-LA661433.jpg\",\"datePublished\":\"2020-04-07T16:59:50+00:00\",\"dateModified\":\"2020-06-16T20:08:02+00:00\",\"description\":\"Cor acentuada, sabor intenso e teor suavemente \u201cpicante\u201d ao sal, s\u00e3o as caracter\u00edsticas que fazem com que esta seja uma manteiga \u00fanica e muito apreciada.\",\"breadcrumb\":{\"@id\":\"https:\\\/\\\/www.barosa.com\\\/produto\\\/manteiga-milhafre-dos-acores-250-grs\\\/#breadcrumb\"},\"inLanguage\":\"fr-FR\",\"potentialAction\":[{\"@type\":\"ReadAction\",\"target\":[\"https:\\\/\\\/www.barosa.com\\\/produto\\\/manteiga-milhafre-dos-acores-250-grs\\\/\"]}]},{\"@type\":\"ImageObject\",\"inLanguage\":\"fr-FR\",\"@id\":\"https:\\\/\\\/www.barosa.com\\\/produto\\\/manteiga-milhafre-dos-acores-250-grs\\\/#primaryimage\",\"url\":\"https:\\\/\\\/www.barosa.com\\\/wp-content\\\/uploads\\\/2020\\\/04\\\/F3-LA661433.jpg\",\"contentUrl\":\"https:\\\/\\\/www.barosa.com\\\/wp-content\\\/uploads\\\/2020\\\/04\\\/F3-LA661433.jpg\",\"width\":602,\"height\":602,\"caption\":\"Manteiga Milhafre dos A\u00e7ores 250 g\"},{\"@type\":\"BreadcrumbList\",\"@id\":\"https:\\\/\\\/www.barosa.com\\\/produto\\\/manteiga-milhafre-dos-acores-250-grs\\\/#breadcrumb\",\"itemListElement\":[{\"@type\":\"ListItem\",\"position\":1,\"name\":\"In\u00edcio\",\"item\":\"https:\\\/\\\/www.barosa.com\\\/\"},{\"@type\":\"ListItem\",\"position\":2,\"name\":\"Shop\",\"item\":\"https:\\\/\\\/www.barosa.com\\\/shop\\\/\"},{\"@type\":\"ListItem\",\"position\":3,\"name\":\"Manteiga Milhafre dos A\u00e7ores 250 grs\"}]},{\"@type\":\"WebSite\",\"@id\":\"https:\\\/\\\/www.barosa.com\\\/#website\",\"url\":\"https:\\\/\\\/www.barosa.com\\\/\",\"name\":\"BAROSA Congelados | Manuel de Sousa Barosa, Lda.\",\"description\":\"Empresa de transforma\u00e7\u00e3o e comercializa\u00e7\u00e3o de produtos alimentares congelados. BAROSA \u00ae Pescados, &quot;N\u00e3o h\u00e1 bom garfo que resista\u00ae&quot;. BAROSA \u00ae FoodService &quot;O lado bom da comida\u00ae&quot;. Pescados Crust\u00e1ceos Mariscos Cefal\u00f3podes Bivalves Padaria Pastelaria Pizzas Sobremesas\",\"publisher\":{\"@id\":\"https:\\\/\\\/www.barosa.com\\\/#organization\"},\"alternateName\":\"BAROSA\u00ae\",\"potentialAction\":[{\"@type\":\"SearchAction\",\"target\":{\"@type\":\"EntryPoint\",\"urlTemplate\":\"https:\\\/\\\/www.barosa.com\\\/?s={search_term_string}\"},\"query-input\":{\"@type\":\"PropertyValueSpecification\",\"valueRequired\":true,\"valueName\":\"search_term_string\"}}],\"inLanguage\":\"fr-FR\"},{\"@type\":\"Organization\",\"@id\":\"https:\\\/\\\/www.barosa.com\\\/#organization\",\"name\":\"Manuel de Sousa Barosa, Lda.\",\"alternateName\":\"BAROSA\",\"url\":\"https:\\\/\\\/www.barosa.com\\\/\",\"logo\":{\"@type\":\"ImageObject\",\"inLanguage\":\"fr-FR\",\"@id\":\"https:\\\/\\\/www.barosa.com\\\/#\\\/schema\\\/logo\\\/image\\\/\",\"url\":\"https:\\\/\\\/www.barosa.com\\\/wp-content\\\/uploads\\\/2025\\\/03\\\/BAROSA-Logo-696x696-1.jpg\",\"contentUrl\":\"https:\\\/\\\/www.barosa.com\\\/wp-content\\\/uploads\\\/2025\\\/03\\\/BAROSA-Logo-696x696-1.jpg\",\"width\":696,\"height\":696,\"caption\":\"Manuel de Sousa Barosa, Lda.\"},\"image\":{\"@id\":\"https:\\\/\\\/www.barosa.com\\\/#\\\/schema\\\/logo\\\/image\\\/\"},\"sameAs\":[\"http:\\\/\\\/www.facebook.com\\\/barosa\\\/\",\"https:\\\/\\\/x.com\\\/barosa_lda\",\"https:\\\/\\\/www.instagram.com\\\/barosa_lda\\\/\",\"https:\\\/\\\/pt.linkedin.com\\\/company\\\/barosa-lda\"],\"description\":\"Empresa de transforma\u00e7\u00e3o e comercializa\u00e7\u00e3o de produtos alimentares congelados. BAROSA \u00ae Pescados, \\\"N\u00e3o h\u00e1 bom garfo que resista\u00ae\\\". BAROSA \u00ae FoodService \\\"O lado bom da comida!\u00ae\\\"\",\"email\":\"info@barosa.com\",\"telephone\":\"+351 262824403\",\"legalName\":\"Manuel de Sousa Barosa, Lda.\",\"foundingDate\":\"1975-05-21\",\"vatID\":\"503365190\",\"taxID\":\"503365190\",\"duns\":\"452388713\",\"numberOfEmployees\":{\"@type\":\"QuantitativeValue\",\"minValue\":\"11\",\"maxValue\":\"50\"},\"ethicsPolicy\":\"https:\\\/\\\/www.barosa.com\\\/politicaprivacidade\\\/\"}]}<\/script>\n<!-- \/ Yoast SEO Premium plugin. -->","yoast_head_json":{"title":"Beurre de cerf-volant des A\u00e7ores 250 grs - BAROSA Congelados | Manuel de Sousa Barosa, Lda.","description":"Une couleur profonde, une saveur intense et une teneur en sel l\u00e9g\u00e8rement \u201c\u00e9pic\u00e9e\u201d sont les caract\u00e9ristiques qui font de ce beurre un produit unique et tr\u00e8s appr\u00e9ci\u00e9.","robots":{"index":"index","follow":"follow","max-snippet":"max-snippet:-1","max-image-preview":"max-image-preview:large","max-video-preview":"max-video-preview:-1"},"canonical":"https:\/\/www.barosa.com\/fr\/produit\/manteiga-milhafre-dos-acores-250-grs\/","og_locale":"fr_FR","og_type":"article","og_title":"Manteiga Milhafre dos A\u00e7ores 250 grs","og_description":"Cor acentuada, sabor intenso e teor suavemente \u201cpicante\u201d ao sal, s\u00e3o as caracter\u00edsticas que fazem com que esta seja uma manteiga \u00fanica e muito apreciada.","og_url":"https:\/\/www.barosa.com\/fr\/produit\/manteiga-milhafre-dos-acores-250-grs\/","og_site_name":"BAROSA Congelados | Manuel de Sousa Barosa, Lda.","article_publisher":"http:\/\/www.facebook.com\/barosa\/","article_modified_time":"2020-06-16T20:08:02+00:00","og_image":[{"width":602,"height":602,"url":"https:\/\/www.barosa.com\/wp-content\/uploads\/2020\/04\/F3-LA661433.jpg","type":"image\/jpeg"}],"twitter_card":"summary_large_image","twitter_site":"@barosa_lda","schema":{"@context":"https:\/\/schema.org","@graph":[{"@type":"WebPage","@id":"https:\/\/www.barosa.com\/produto\/manteiga-milhafre-dos-acores-250-grs\/","url":"https:\/\/www.barosa.com\/produto\/manteiga-milhafre-dos-acores-250-grs\/","name":"Beurre de cerf-volant des A\u00e7ores 250 grs - BAROSA Congelados | Manuel de Sousa Barosa, Lda.","isPartOf":{"@id":"https:\/\/www.barosa.com\/#website"},"primaryImageOfPage":{"@id":"https:\/\/www.barosa.com\/produto\/manteiga-milhafre-dos-acores-250-grs\/#primaryimage"},"image":{"@id":"https:\/\/www.barosa.com\/produto\/manteiga-milhafre-dos-acores-250-grs\/#primaryimage"},"thumbnailUrl":"https:\/\/www.barosa.com\/wp-content\/uploads\/2020\/04\/F3-LA661433.jpg","datePublished":"2020-04-07T16:59:50+00:00","dateModified":"2020-06-16T20:08:02+00:00","description":"Une couleur profonde, une saveur intense et une teneur en sel l\u00e9g\u00e8rement \u201c\u00e9pic\u00e9e\u201d sont les caract\u00e9ristiques qui font de ce beurre un produit unique et tr\u00e8s appr\u00e9ci\u00e9.","breadcrumb":{"@id":"https:\/\/www.barosa.com\/produto\/manteiga-milhafre-dos-acores-250-grs\/#breadcrumb"},"inLanguage":"fr-FR","potentialAction":[{"@type":"ReadAction","target":["https:\/\/www.barosa.com\/produto\/manteiga-milhafre-dos-acores-250-grs\/"]}]},{"@type":"ImageObject","inLanguage":"fr-FR","@id":"https:\/\/www.barosa.com\/produto\/manteiga-milhafre-dos-acores-250-grs\/#primaryimage","url":"https:\/\/www.barosa.com\/wp-content\/uploads\/2020\/04\/F3-LA661433.jpg","contentUrl":"https:\/\/www.barosa.com\/wp-content\/uploads\/2020\/04\/F3-LA661433.jpg","width":602,"height":602,"caption":"Manteiga Milhafre dos A\u00e7ores 250 g"},{"@type":"BreadcrumbList","@id":"https:\/\/www.barosa.com\/produto\/manteiga-milhafre-dos-acores-250-grs\/#breadcrumb","itemListElement":[{"@type":"ListItem","position":1,"name":"In\u00edcio","item":"https:\/\/www.barosa.com\/"},{"@type":"ListItem","position":2,"name":"Shop","item":"https:\/\/www.barosa.com\/shop\/"},{"@type":"ListItem","position":3,"name":"Manteiga Milhafre dos A\u00e7ores 250 grs"}]},{"@type":"WebSite","@id":"https:\/\/www.barosa.com\/#website","url":"https:\/\/www.barosa.com\/","name":"BAROSA Congelados | Manuel de Sousa Barosa, Lda.","description":"Entreprise de transformation et commercialisation de produits alimentaires surgel\u00e9s. BAROSA \u00ae Pescados, \" Aucune bonne fourchette ne peut y r\u00e9sister\u00ae \". BAROSA \u00ae FoodService \" Le bon c\u00f4t\u00e9 de la nourriture\u00ae \". Poissons Crustac\u00e9s Fruits de mer C\u00e9phalopodes Bivalves Boulangerie P\u00e2tisserie Pizzas Desserts","publisher":{"@id":"https:\/\/www.barosa.com\/#organization"},"alternateName":"BAROSA\u00ae","potentialAction":[{"@type":"SearchAction","target":{"@type":"EntryPoint","urlTemplate":"https:\/\/www.barosa.com\/?s={search_term_string}"},"query-input":{"@type":"PropertyValueSpecification","valueRequired":true,"valueName":"search_term_string"}}],"inLanguage":"fr-FR"},{"@type":"Organization","@id":"https:\/\/www.barosa.com\/#organization","name":"Manuel de Sousa Barosa, Lda.","alternateName":"BAROSA","url":"https:\/\/www.barosa.com\/","logo":{"@type":"ImageObject","inLanguage":"fr-FR","@id":"https:\/\/www.barosa.com\/#\/schema\/logo\/image\/","url":"https:\/\/www.barosa.com\/wp-content\/uploads\/2025\/03\/BAROSA-Logo-696x696-1.jpg","contentUrl":"https:\/\/www.barosa.com\/wp-content\/uploads\/2025\/03\/BAROSA-Logo-696x696-1.jpg","width":696,"height":696,"caption":"Manuel de Sousa Barosa, Lda."},"image":{"@id":"https:\/\/www.barosa.com\/#\/schema\/logo\/image\/"},"sameAs":["http:\/\/www.facebook.com\/barosa\/","https:\/\/x.com\/barosa_lda","https:\/\/www.instagram.com\/barosa_lda\/","https:\/\/pt.linkedin.com\/company\/barosa-lda"],"description":"Entreprise de transformation et commercialisation de produits alimentaires surgel\u00e9s. BAROSA \u00ae Pescados, \" Aucune bonne fourchette ne peut y r\u00e9sister\u00ae \". BAROSA \u00ae FoodService \" Le bon c\u00f4t\u00e9 de la nourriture !\u00ae \"","email":"info@barosa.com","telephone":"+351 262824403","legalName":"Manuel de Sousa Barosa, Lda.","foundingDate":"1975-05-21","vatID":"503365190","taxID":"503365190","duns":"452388713","numberOfEmployees":{"@type":"QuantitativeValue","minValue":"11","maxValue":"50"},"ethicsPolicy":"https:\/\/www.barosa.com\/politicaprivacidade\/"}]}},"_links":{"self":[{"href":"https:\/\/www.barosa.com\/fr\/wp-json\/wp\/v2\/product\/5364","targetHints":{"allow":["GET"]}}],"collection":[{"href":"https:\/\/www.barosa.com\/fr\/wp-json\/wp\/v2\/product"}],"about":[{"href":"https:\/\/www.barosa.com\/fr\/wp-json\/wp\/v2\/types\/product"}],"wp:featuredmedia":[{"embeddable":true,"href":"https:\/\/www.barosa.com\/fr\/wp-json\/wp\/v2\/media\/5365"}],"wp:attachment":[{"href":"https:\/\/www.barosa.com\/fr\/wp-json\/wp\/v2\/media?parent=5364"}],"wp:term":[{"taxonomy":"product_brand","embeddable":true,"href":"https:\/\/www.barosa.com\/fr\/wp-json\/wp\/v2\/product_brand?post=5364"},{"taxonomy":"product_cat","embeddable":true,"href":"https:\/\/www.barosa.com\/fr\/wp-json\/wp\/v2\/product_cat?post=5364"},{"taxonomy":"product_tag","embeddable":true,"href":"https:\/\/www.barosa.com\/fr\/wp-json\/wp\/v2\/product_tag?post=5364"}],"curies":[{"name":"wp","href":"https:\/\/api.w.org\/{rel}","templated":true}]}}