{"id":4497,"date":"2019-12-02T19:32:23","date_gmt":"2019-12-02T18:32:23","guid":{"rendered":"http:\/\/www.barosa.com\/?post_type=product&#038;p=4497"},"modified":"2023-08-28T15:55:05","modified_gmt":"2023-08-28T14:55:05","slug":"vaqueiro-profissional-alternativa-as-natas-creme-creme-1lt","status":"publish","type":"product","link":"https:\/\/www.barosa.com\/fr\/produto\/vaqueiro-profissional-alternativa-as-natas-creme-creme-1lt\/","title":{"rendered":"Vaqueiro Profissional Alternative \u00e0 la cr\u00e8me fra\u00eeche Cr\u00e8me &amp; Cr\u00e8me 1 litre"},"content":{"rendered":"","protected":false},"excerpt":{"rendered":"<p><strong>Formato: <\/strong>Embalagem com 1 Litro<\/p>\n<p><strong>Descri\u00e7\u00e3o<\/strong><\/p>\n<p>Efici\u00eancia a altas temperaturas e acidez. 31% de Mat\u00e9ria Gorda. Versatilidade, para cozinha e pastelaria. Isento de gl\u00faten.<\/p>\n<ul>\n<li>A mais r\u00e1pida a montar. A mais est\u00e1vel.<\/li>\n<li>Alta rentabilidade: 1Lt natas = 2,5Lt (+25% que a m\u00e9dia do mercado) e a mais r\u00e1pida a montar<\/li>\n<li>A mais est\u00e1vel e n\u00e3o desla\u00e7a a altas temperaturas, em banho-maria e com a adi\u00e7\u00e3o de citrinos<\/li>\n<li>Principais utiliza\u00e7\u00f5es: pastelaria, sobremesas e molhos<\/li>\n<li>Uma vez batida pode ser congelada<\/li>\n<\/ul>\n[bg_collapse view=\"link\" color=\"#4a4949\" icon=\"arrow\" expand_text=\"\u00a0 \u00a0Mostrar mais\" collapse_text=\"\u00a0 \u00a0Mostrar menos\" ]<\/p>\n<p><strong>Alerg\u00e9neos<\/strong><br \/>\nIsento de gl\u00faten<\/p>\n<p><strong>Informa\u00e7\u00e3o diet\u00e9tica<\/strong><br \/>\nOvo Lacto Vegetariano<\/p>\n<p><strong>Prepara\u00e7\u00e3o<\/strong><br \/>\nAntes da utiliza\u00e7\u00e3o, o produto deve estar refrigerado.<\/p>\n<p><strong>Marca:<\/strong> Vaqueiro<\/p>\n<p>[\/bg_collapse]\n","protected":false},"featured_media":4498,"template":"","meta":[],"product_brand":[],"product_cat":[356],"product_tag":[],"class_list":{"0":"post-4497","1":"product","2":"type-product","3":"status-publish","4":"has-post-thumbnail","6":"product_cat-cremes-vegetais-manteigas","8":"first","9":"instock","10":"taxable","11":"shipping-taxable","12":"purchasable","13":"product-type-simple"},"yoast_head":"<!-- This site is optimized with the Yoast SEO Premium plugin v27.6 (Yoast SEO v27.6) - https:\/\/yoast.com\/product\/yoast-seo-premium-wordpress\/ -->\n<title>Vaqueiro Profissional Alternativa \u00e0s Natas Creme &amp; Creme 1Lt - BAROSA Congelados | Manuel de Sousa Barosa, Lda.<\/title>\n<meta name=\"robots\" content=\"index, follow, max-snippet:-1, max-image-preview:large, max-video-preview:-1\" \/>\n<link rel=\"canonical\" href=\"https:\/\/www.barosa.com\/fr\/produit\/vaqueiro-profissional-alternativa-as-natas-creme-creme-1lt\/\" \/>\n<meta property=\"og:locale\" content=\"fr_FR\" \/>\n<meta property=\"og:type\" content=\"article\" \/>\n<meta property=\"og:title\" content=\"Vaqueiro Profissional Alternativa \u00e0s Natas Creme &amp; Creme 1Lt\" \/>\n<meta property=\"og:description\" content=\"Formato: Embalagem com 1 Litro  Descri\u00e7\u00e3o  Efici\u00eancia a altas temperaturas e acidez. 31% de Mat\u00e9ria Gorda. Versatilidade, para cozinha e pastelaria. Isento de gl\u00faten.   A mais r\u00e1pida a montar. A mais est\u00e1vel.  Alta rentabilidade: 1Lt natas = 2,5Lt (+25% que a m\u00e9dia do mercado) e a mais r\u00e1pida a montar  A mais est\u00e1vel e n\u00e3o desla\u00e7a a altas temperaturas, em banho-maria e com a adi\u00e7\u00e3o de citrinos  Principais utiliza\u00e7\u00f5es: pastelaria, sobremesas e molhos  Uma vez batida pode ser congelada\" \/>\n<meta property=\"og:url\" content=\"https:\/\/www.barosa.com\/fr\/produit\/vaqueiro-profissional-alternativa-as-natas-creme-creme-1lt\/\" \/>\n<meta property=\"og:site_name\" content=\"BAROSA Congelados | Manuel de Sousa Barosa, Lda.\" \/>\n<meta property=\"article:publisher\" content=\"http:\/\/www.facebook.com\/barosa\/\" \/>\n<meta property=\"article:modified_time\" content=\"2023-08-28T14:55:05+00:00\" \/>\n<meta property=\"og:image\" content=\"https:\/\/www.barosa.com\/wp-content\/uploads\/2019\/12\/27049701.png\" \/>\n\t<meta property=\"og:image:width\" content=\"450\" \/>\n\t<meta property=\"og:image:height\" content=\"450\" \/>\n\t<meta property=\"og:image:type\" content=\"image\/png\" \/>\n<meta name=\"twitter:card\" content=\"summary_large_image\" \/>\n<meta name=\"twitter:site\" content=\"@barosa_lda\" \/>\n<script type=\"application\/ld+json\" class=\"yoast-schema-graph\">{\"@context\":\"https:\\\/\\\/schema.org\",\"@graph\":[{\"@type\":\"WebPage\",\"@id\":\"https:\\\/\\\/www.barosa.com\\\/produto\\\/vaqueiro-profissional-alternativa-as-natas-creme-creme-1lt\\\/\",\"url\":\"https:\\\/\\\/www.barosa.com\\\/produto\\\/vaqueiro-profissional-alternativa-as-natas-creme-creme-1lt\\\/\",\"name\":\"Vaqueiro Profissional Alternativa \u00e0s Natas Creme &amp; Creme 1Lt - BAROSA Congelados | Manuel de Sousa Barosa, Lda.\",\"isPartOf\":{\"@id\":\"https:\\\/\\\/www.barosa.com\\\/#website\"},\"primaryImageOfPage\":{\"@id\":\"https:\\\/\\\/www.barosa.com\\\/produto\\\/vaqueiro-profissional-alternativa-as-natas-creme-creme-1lt\\\/#primaryimage\"},\"image\":{\"@id\":\"https:\\\/\\\/www.barosa.com\\\/produto\\\/vaqueiro-profissional-alternativa-as-natas-creme-creme-1lt\\\/#primaryimage\"},\"thumbnailUrl\":\"https:\\\/\\\/www.barosa.com\\\/wp-content\\\/uploads\\\/2019\\\/12\\\/27049701.png\",\"datePublished\":\"2019-12-02T18:32:23+00:00\",\"dateModified\":\"2023-08-28T14:55:05+00:00\",\"breadcrumb\":{\"@id\":\"https:\\\/\\\/www.barosa.com\\\/produto\\\/vaqueiro-profissional-alternativa-as-natas-creme-creme-1lt\\\/#breadcrumb\"},\"inLanguage\":\"fr-FR\",\"potentialAction\":[{\"@type\":\"ReadAction\",\"target\":[\"https:\\\/\\\/www.barosa.com\\\/produto\\\/vaqueiro-profissional-alternativa-as-natas-creme-creme-1lt\\\/\"]}]},{\"@type\":\"ImageObject\",\"inLanguage\":\"fr-FR\",\"@id\":\"https:\\\/\\\/www.barosa.com\\\/produto\\\/vaqueiro-profissional-alternativa-as-natas-creme-creme-1lt\\\/#primaryimage\",\"url\":\"https:\\\/\\\/www.barosa.com\\\/wp-content\\\/uploads\\\/2019\\\/12\\\/27049701.png\",\"contentUrl\":\"https:\\\/\\\/www.barosa.com\\\/wp-content\\\/uploads\\\/2019\\\/12\\\/27049701.png\",\"width\":450,\"height\":450,\"caption\":\"Vaqueiro Profissional Alternativa \u00e0s Natas Creme & Creme 1Lt\"},{\"@type\":\"BreadcrumbList\",\"@id\":\"https:\\\/\\\/www.barosa.com\\\/produto\\\/vaqueiro-profissional-alternativa-as-natas-creme-creme-1lt\\\/#breadcrumb\",\"itemListElement\":[{\"@type\":\"ListItem\",\"position\":1,\"name\":\"In\u00edcio\",\"item\":\"https:\\\/\\\/www.barosa.com\\\/\"},{\"@type\":\"ListItem\",\"position\":2,\"name\":\"Shop\",\"item\":\"https:\\\/\\\/www.barosa.com\\\/shop\\\/\"},{\"@type\":\"ListItem\",\"position\":3,\"name\":\"Vaqueiro Profissional Alternativa \u00e0s Natas Creme &amp; Creme 1Lt\"}]},{\"@type\":\"WebSite\",\"@id\":\"https:\\\/\\\/www.barosa.com\\\/#website\",\"url\":\"https:\\\/\\\/www.barosa.com\\\/\",\"name\":\"BAROSA Congelados | Manuel de Sousa Barosa, Lda.\",\"description\":\"Empresa de transforma\u00e7\u00e3o e comercializa\u00e7\u00e3o de produtos alimentares congelados. BAROSA \u00ae Pescados, &quot;N\u00e3o h\u00e1 bom garfo que resista\u00ae&quot;. BAROSA \u00ae FoodService &quot;O lado bom da comida\u00ae&quot;. Pescados Crust\u00e1ceos Mariscos Cefal\u00f3podes Bivalves Padaria Pastelaria Pizzas Sobremesas\",\"publisher\":{\"@id\":\"https:\\\/\\\/www.barosa.com\\\/#organization\"},\"alternateName\":\"BAROSA\u00ae\",\"potentialAction\":[{\"@type\":\"SearchAction\",\"target\":{\"@type\":\"EntryPoint\",\"urlTemplate\":\"https:\\\/\\\/www.barosa.com\\\/?s={search_term_string}\"},\"query-input\":{\"@type\":\"PropertyValueSpecification\",\"valueRequired\":true,\"valueName\":\"search_term_string\"}}],\"inLanguage\":\"fr-FR\"},{\"@type\":\"Organization\",\"@id\":\"https:\\\/\\\/www.barosa.com\\\/#organization\",\"name\":\"Manuel de Sousa Barosa, Lda.\",\"alternateName\":\"BAROSA\",\"url\":\"https:\\\/\\\/www.barosa.com\\\/\",\"logo\":{\"@type\":\"ImageObject\",\"inLanguage\":\"fr-FR\",\"@id\":\"https:\\\/\\\/www.barosa.com\\\/#\\\/schema\\\/logo\\\/image\\\/\",\"url\":\"https:\\\/\\\/www.barosa.com\\\/wp-content\\\/uploads\\\/2025\\\/03\\\/BAROSA-Logo-696x696-1.jpg\",\"contentUrl\":\"https:\\\/\\\/www.barosa.com\\\/wp-content\\\/uploads\\\/2025\\\/03\\\/BAROSA-Logo-696x696-1.jpg\",\"width\":696,\"height\":696,\"caption\":\"Manuel de Sousa Barosa, Lda.\"},\"image\":{\"@id\":\"https:\\\/\\\/www.barosa.com\\\/#\\\/schema\\\/logo\\\/image\\\/\"},\"sameAs\":[\"http:\\\/\\\/www.facebook.com\\\/barosa\\\/\",\"https:\\\/\\\/x.com\\\/barosa_lda\",\"https:\\\/\\\/www.instagram.com\\\/barosa_lda\\\/\",\"https:\\\/\\\/pt.linkedin.com\\\/company\\\/barosa-lda\"],\"description\":\"Empresa de transforma\u00e7\u00e3o e comercializa\u00e7\u00e3o de produtos alimentares congelados. BAROSA \u00ae Pescados, \\\"N\u00e3o h\u00e1 bom garfo que resista\u00ae\\\". BAROSA \u00ae FoodService \\\"O lado bom da comida!\u00ae\\\"\",\"email\":\"info@barosa.com\",\"telephone\":\"+351 262824403\",\"legalName\":\"Manuel de Sousa Barosa, Lda.\",\"foundingDate\":\"1975-05-21\",\"vatID\":\"503365190\",\"taxID\":\"503365190\",\"duns\":\"452388713\",\"numberOfEmployees\":{\"@type\":\"QuantitativeValue\",\"minValue\":\"11\",\"maxValue\":\"50\"},\"ethicsPolicy\":\"https:\\\/\\\/www.barosa.com\\\/politicaprivacidade\\\/\"}]}<\/script>\n<!-- \/ Yoast SEO Premium plugin. -->","yoast_head_json":{"title":"Vaqueiro Profissional Alternativa \u00e0s Natas Creme &amp; Creme 1Lt - BAROSA Congelados | Manuel de Sousa Barosa, Lda.","robots":{"index":"index","follow":"follow","max-snippet":"max-snippet:-1","max-image-preview":"max-image-preview:large","max-video-preview":"max-video-preview:-1"},"canonical":"https:\/\/www.barosa.com\/fr\/produit\/vaqueiro-profissional-alternativa-as-natas-creme-creme-1lt\/","og_locale":"fr_FR","og_type":"article","og_title":"Vaqueiro Profissional Alternativa \u00e0s Natas Creme &amp; Creme 1Lt","og_description":"Formato: Embalagem com 1 Litro  Descri\u00e7\u00e3o  Efici\u00eancia a altas temperaturas e acidez. 31% de Mat\u00e9ria Gorda. Versatilidade, para cozinha e pastelaria. Isento de gl\u00faten.   A mais r\u00e1pida a montar. A mais est\u00e1vel.  Alta rentabilidade: 1Lt natas = 2,5Lt (+25% que a m\u00e9dia do mercado) e a mais r\u00e1pida a montar  A mais est\u00e1vel e n\u00e3o desla\u00e7a a altas temperaturas, em banho-maria e com a adi\u00e7\u00e3o de citrinos  Principais utiliza\u00e7\u00f5es: pastelaria, sobremesas e molhos  Uma vez batida pode ser congelada","og_url":"https:\/\/www.barosa.com\/fr\/produit\/vaqueiro-profissional-alternativa-as-natas-creme-creme-1lt\/","og_site_name":"BAROSA Congelados | Manuel de Sousa Barosa, Lda.","article_publisher":"http:\/\/www.facebook.com\/barosa\/","article_modified_time":"2023-08-28T14:55:05+00:00","og_image":[{"width":450,"height":450,"url":"https:\/\/www.barosa.com\/wp-content\/uploads\/2019\/12\/27049701.png","type":"image\/png"}],"twitter_card":"summary_large_image","twitter_site":"@barosa_lda","schema":{"@context":"https:\/\/schema.org","@graph":[{"@type":"WebPage","@id":"https:\/\/www.barosa.com\/produto\/vaqueiro-profissional-alternativa-as-natas-creme-creme-1lt\/","url":"https:\/\/www.barosa.com\/produto\/vaqueiro-profissional-alternativa-as-natas-creme-creme-1lt\/","name":"Vaqueiro Profissional Alternativa \u00e0s Natas Creme &amp; Creme 1Lt - BAROSA Congelados | Manuel de Sousa Barosa, Lda.","isPartOf":{"@id":"https:\/\/www.barosa.com\/#website"},"primaryImageOfPage":{"@id":"https:\/\/www.barosa.com\/produto\/vaqueiro-profissional-alternativa-as-natas-creme-creme-1lt\/#primaryimage"},"image":{"@id":"https:\/\/www.barosa.com\/produto\/vaqueiro-profissional-alternativa-as-natas-creme-creme-1lt\/#primaryimage"},"thumbnailUrl":"https:\/\/www.barosa.com\/wp-content\/uploads\/2019\/12\/27049701.png","datePublished":"2019-12-02T18:32:23+00:00","dateModified":"2023-08-28T14:55:05+00:00","breadcrumb":{"@id":"https:\/\/www.barosa.com\/produto\/vaqueiro-profissional-alternativa-as-natas-creme-creme-1lt\/#breadcrumb"},"inLanguage":"fr-FR","potentialAction":[{"@type":"ReadAction","target":["https:\/\/www.barosa.com\/produto\/vaqueiro-profissional-alternativa-as-natas-creme-creme-1lt\/"]}]},{"@type":"ImageObject","inLanguage":"fr-FR","@id":"https:\/\/www.barosa.com\/produto\/vaqueiro-profissional-alternativa-as-natas-creme-creme-1lt\/#primaryimage","url":"https:\/\/www.barosa.com\/wp-content\/uploads\/2019\/12\/27049701.png","contentUrl":"https:\/\/www.barosa.com\/wp-content\/uploads\/2019\/12\/27049701.png","width":450,"height":450,"caption":"Vaqueiro Profissional Alternativa \u00e0s Natas Creme & Creme 1Lt"},{"@type":"BreadcrumbList","@id":"https:\/\/www.barosa.com\/produto\/vaqueiro-profissional-alternativa-as-natas-creme-creme-1lt\/#breadcrumb","itemListElement":[{"@type":"ListItem","position":1,"name":"In\u00edcio","item":"https:\/\/www.barosa.com\/"},{"@type":"ListItem","position":2,"name":"Shop","item":"https:\/\/www.barosa.com\/shop\/"},{"@type":"ListItem","position":3,"name":"Vaqueiro Profissional Alternativa \u00e0s Natas Creme &amp; Creme 1Lt"}]},{"@type":"WebSite","@id":"https:\/\/www.barosa.com\/#website","url":"https:\/\/www.barosa.com\/","name":"BAROSA Congelados | Manuel de Sousa Barosa, Lda.","description":"Entreprise de transformation et commercialisation de produits alimentaires surgel\u00e9s. BAROSA \u00ae Pescados, \" Aucune bonne fourchette ne peut y r\u00e9sister\u00ae \". BAROSA \u00ae FoodService \" Le bon c\u00f4t\u00e9 de la nourriture\u00ae \". Poissons Crustac\u00e9s Fruits de mer C\u00e9phalopodes Bivalves Boulangerie P\u00e2tisserie Pizzas Desserts","publisher":{"@id":"https:\/\/www.barosa.com\/#organization"},"alternateName":"BAROSA\u00ae","potentialAction":[{"@type":"SearchAction","target":{"@type":"EntryPoint","urlTemplate":"https:\/\/www.barosa.com\/?s={search_term_string}"},"query-input":{"@type":"PropertyValueSpecification","valueRequired":true,"valueName":"search_term_string"}}],"inLanguage":"fr-FR"},{"@type":"Organization","@id":"https:\/\/www.barosa.com\/#organization","name":"Manuel de Sousa Barosa, Lda.","alternateName":"BAROSA","url":"https:\/\/www.barosa.com\/","logo":{"@type":"ImageObject","inLanguage":"fr-FR","@id":"https:\/\/www.barosa.com\/#\/schema\/logo\/image\/","url":"https:\/\/www.barosa.com\/wp-content\/uploads\/2025\/03\/BAROSA-Logo-696x696-1.jpg","contentUrl":"https:\/\/www.barosa.com\/wp-content\/uploads\/2025\/03\/BAROSA-Logo-696x696-1.jpg","width":696,"height":696,"caption":"Manuel de Sousa Barosa, Lda."},"image":{"@id":"https:\/\/www.barosa.com\/#\/schema\/logo\/image\/"},"sameAs":["http:\/\/www.facebook.com\/barosa\/","https:\/\/x.com\/barosa_lda","https:\/\/www.instagram.com\/barosa_lda\/","https:\/\/pt.linkedin.com\/company\/barosa-lda"],"description":"Entreprise de transformation et commercialisation de produits alimentaires surgel\u00e9s. BAROSA \u00ae Pescados, \" Aucune bonne fourchette ne peut y r\u00e9sister\u00ae \". BAROSA \u00ae FoodService \" Le bon c\u00f4t\u00e9 de la nourriture !\u00ae \"","email":"info@barosa.com","telephone":"+351 262824403","legalName":"Manuel de Sousa Barosa, Lda.","foundingDate":"1975-05-21","vatID":"503365190","taxID":"503365190","duns":"452388713","numberOfEmployees":{"@type":"QuantitativeValue","minValue":"11","maxValue":"50"},"ethicsPolicy":"https:\/\/www.barosa.com\/politicaprivacidade\/"}]}},"_links":{"self":[{"href":"https:\/\/www.barosa.com\/fr\/wp-json\/wp\/v2\/product\/4497","targetHints":{"allow":["GET"]}}],"collection":[{"href":"https:\/\/www.barosa.com\/fr\/wp-json\/wp\/v2\/product"}],"about":[{"href":"https:\/\/www.barosa.com\/fr\/wp-json\/wp\/v2\/types\/product"}],"wp:featuredmedia":[{"embeddable":true,"href":"https:\/\/www.barosa.com\/fr\/wp-json\/wp\/v2\/media\/4498"}],"wp:attachment":[{"href":"https:\/\/www.barosa.com\/fr\/wp-json\/wp\/v2\/media?parent=4497"}],"wp:term":[{"taxonomy":"product_brand","embeddable":true,"href":"https:\/\/www.barosa.com\/fr\/wp-json\/wp\/v2\/product_brand?post=4497"},{"taxonomy":"product_cat","embeddable":true,"href":"https:\/\/www.barosa.com\/fr\/wp-json\/wp\/v2\/product_cat?post=4497"},{"taxonomy":"product_tag","embeddable":true,"href":"https:\/\/www.barosa.com\/fr\/wp-json\/wp\/v2\/product_tag?post=4497"}],"curies":[{"name":"wp","href":"https:\/\/api.w.org\/{rel}","templated":true}]}}