{"id":4402,"date":"2019-11-27T23:34:50","date_gmt":"2019-11-27T22:34:50","guid":{"rendered":"http:\/\/www.barosa.com\/?post_type=product&#038;p=4402"},"modified":"2024-01-19T16:53:58","modified_gmt":"2024-01-19T15:53:58","slug":"lipton-cha-sabores-frutos-do-bosque","status":"publish","type":"product","link":"https:\/\/www.barosa.com\/fr\/produto\/lipton-cha-sabores-frutos-do-bosque\/","title":{"rendered":"Le th\u00e9 Lipton aromatise Frutos do Bosque"},"content":{"rendered":"","protected":false},"excerpt":{"rendered":"<p><strong>Format: <\/strong>Paquet de 25 sachets<\/p>\n<p><strong>Description<br \/>\n<\/strong>Nous avons une grande vari\u00e9t\u00e9 de th\u00e9s aromatis\u00e9s : th\u00e9 au caramel, avec un ar\u00f4me de caramel, menthe poivr\u00e9e, th\u00e9 au citron, th\u00e9 aux fruits des bois, th\u00e9 noir aux fruits des bois, th\u00e9 \u00e0 la fraise, avec un ar\u00f4me de fraise, th\u00e9 au cassis, avec un ar\u00f4me de groseille et Rooibos Spice, le c\u00e9l\u00e8bre th\u00e9 rouge.<\/p>\n<p><strong>Marque:<\/strong> Lipton<\/p>","protected":false},"featured_media":4403,"template":"","meta":[],"product_brand":[],"product_cat":[241],"product_tag":[],"class_list":{"0":"post-4402","1":"product","2":"type-product","3":"status-publish","4":"has-post-thumbnail","6":"product_cat-chas","8":"first","9":"instock","10":"taxable","11":"shipping-taxable","12":"purchasable","13":"product-type-simple"},"yoast_head":"<!-- This site is optimized with the Yoast SEO Premium plugin v27.6 (Yoast SEO v27.6) - https:\/\/yoast.com\/product\/yoast-seo-premium-wordpress\/ -->\n<title>Lipton ch\u00e1 sabores Frutos do Bosque - BAROSA Congelados | Manuel de Sousa Barosa, Lda.<\/title>\n<meta name=\"robots\" content=\"index, follow, max-snippet:-1, max-image-preview:large, max-video-preview:-1\" \/>\n<link rel=\"canonical\" href=\"https:\/\/www.barosa.com\/fr\/produit\/lipton-cha-sabores-frutos-do-bosque\/\" \/>\n<meta property=\"og:locale\" content=\"fr_FR\" \/>\n<meta property=\"og:type\" content=\"article\" \/>\n<meta property=\"og:title\" content=\"Lipton ch\u00e1 sabores Frutos do Bosque\" \/>\n<meta property=\"og:description\" content=\"Formato: Embalagem com 25 Saquetas  Descri\u00e7\u00e3o Temos uma enorme variedade de Ch\u00e1s de sabores, o Caramel tea, com aroma a Caramelo, o Peppermint, o Lemon tea, com aroma a lim\u00e3o, o Forest Fruit Tea, Ch\u00e1 Preto com Frutos do Bosque, o Strawberry Tea, com aroma a morango, o BlackCurrant Tea com aroma a groselhas e o Rooibos Spice, o famoso ch\u00e1 vermelho.  Marca: Lipton\" \/>\n<meta property=\"og:url\" content=\"https:\/\/www.barosa.com\/fr\/produit\/lipton-cha-sabores-frutos-do-bosque\/\" \/>\n<meta property=\"og:site_name\" content=\"BAROSA Congelados | Manuel de Sousa Barosa, Lda.\" \/>\n<meta property=\"article:publisher\" content=\"http:\/\/www.facebook.com\/barosa\/\" \/>\n<meta property=\"article:modified_time\" content=\"2024-01-19T15:53:58+00:00\" \/>\n<meta property=\"og:image\" content=\"https:\/\/www.barosa.com\/wp-content\/uploads\/2019\/11\/23848001.jpg\" \/>\n\t<meta property=\"og:image:width\" content=\"480\" \/>\n\t<meta property=\"og:image:height\" content=\"480\" \/>\n\t<meta property=\"og:image:type\" content=\"image\/jpeg\" \/>\n<meta name=\"twitter:card\" content=\"summary_large_image\" \/>\n<meta name=\"twitter:site\" content=\"@barosa_lda\" \/>\n<meta name=\"twitter:label1\" content=\"Dur\u00e9e de lecture estim\u00e9e\" \/>\n\t<meta name=\"twitter:data1\" content=\"1 minute\" \/>\n<script type=\"application\/ld+json\" class=\"yoast-schema-graph\">{\"@context\":\"https:\\\/\\\/schema.org\",\"@graph\":[{\"@type\":\"WebPage\",\"@id\":\"https:\\\/\\\/www.barosa.com\\\/produto\\\/lipton-cha-sabores-frutos-do-bosque\\\/\",\"url\":\"https:\\\/\\\/www.barosa.com\\\/produto\\\/lipton-cha-sabores-frutos-do-bosque\\\/\",\"name\":\"Lipton ch\u00e1 sabores Frutos do Bosque - BAROSA Congelados | Manuel de Sousa Barosa, Lda.\",\"isPartOf\":{\"@id\":\"https:\\\/\\\/www.barosa.com\\\/#website\"},\"primaryImageOfPage\":{\"@id\":\"https:\\\/\\\/www.barosa.com\\\/produto\\\/lipton-cha-sabores-frutos-do-bosque\\\/#primaryimage\"},\"image\":{\"@id\":\"https:\\\/\\\/www.barosa.com\\\/produto\\\/lipton-cha-sabores-frutos-do-bosque\\\/#primaryimage\"},\"thumbnailUrl\":\"https:\\\/\\\/www.barosa.com\\\/wp-content\\\/uploads\\\/2019\\\/11\\\/23848001.jpg\",\"datePublished\":\"2019-11-27T22:34:50+00:00\",\"dateModified\":\"2024-01-19T15:53:58+00:00\",\"breadcrumb\":{\"@id\":\"https:\\\/\\\/www.barosa.com\\\/produto\\\/lipton-cha-sabores-frutos-do-bosque\\\/#breadcrumb\"},\"inLanguage\":\"fr-FR\",\"potentialAction\":[{\"@type\":\"ReadAction\",\"target\":[\"https:\\\/\\\/www.barosa.com\\\/produto\\\/lipton-cha-sabores-frutos-do-bosque\\\/\"]}]},{\"@type\":\"ImageObject\",\"inLanguage\":\"fr-FR\",\"@id\":\"https:\\\/\\\/www.barosa.com\\\/produto\\\/lipton-cha-sabores-frutos-do-bosque\\\/#primaryimage\",\"url\":\"https:\\\/\\\/www.barosa.com\\\/wp-content\\\/uploads\\\/2019\\\/11\\\/23848001.jpg\",\"contentUrl\":\"https:\\\/\\\/www.barosa.com\\\/wp-content\\\/uploads\\\/2019\\\/11\\\/23848001.jpg\",\"width\":480,\"height\":480,\"caption\":\"Lipton ch\u00e1 sabores Frutos do Bosque\"},{\"@type\":\"BreadcrumbList\",\"@id\":\"https:\\\/\\\/www.barosa.com\\\/produto\\\/lipton-cha-sabores-frutos-do-bosque\\\/#breadcrumb\",\"itemListElement\":[{\"@type\":\"ListItem\",\"position\":1,\"name\":\"In\u00edcio\",\"item\":\"https:\\\/\\\/www.barosa.com\\\/\"},{\"@type\":\"ListItem\",\"position\":2,\"name\":\"Shop\",\"item\":\"https:\\\/\\\/www.barosa.com\\\/shop\\\/\"},{\"@type\":\"ListItem\",\"position\":3,\"name\":\"Lipton ch\u00e1 sabores Frutos do Bosque\"}]},{\"@type\":\"WebSite\",\"@id\":\"https:\\\/\\\/www.barosa.com\\\/#website\",\"url\":\"https:\\\/\\\/www.barosa.com\\\/\",\"name\":\"BAROSA Congelados | Manuel de Sousa Barosa, Lda.\",\"description\":\"Empresa de transforma\u00e7\u00e3o e comercializa\u00e7\u00e3o de produtos alimentares congelados. BAROSA \u00ae Pescados, &quot;N\u00e3o h\u00e1 bom garfo que resista\u00ae&quot;. BAROSA \u00ae FoodService &quot;O lado bom da comida\u00ae&quot;. Pescados Crust\u00e1ceos Mariscos Cefal\u00f3podes Bivalves Padaria Pastelaria Pizzas Sobremesas\",\"publisher\":{\"@id\":\"https:\\\/\\\/www.barosa.com\\\/#organization\"},\"alternateName\":\"BAROSA\u00ae\",\"potentialAction\":[{\"@type\":\"SearchAction\",\"target\":{\"@type\":\"EntryPoint\",\"urlTemplate\":\"https:\\\/\\\/www.barosa.com\\\/?s={search_term_string}\"},\"query-input\":{\"@type\":\"PropertyValueSpecification\",\"valueRequired\":true,\"valueName\":\"search_term_string\"}}],\"inLanguage\":\"fr-FR\"},{\"@type\":\"Organization\",\"@id\":\"https:\\\/\\\/www.barosa.com\\\/#organization\",\"name\":\"Manuel de Sousa Barosa, Lda.\",\"alternateName\":\"BAROSA\",\"url\":\"https:\\\/\\\/www.barosa.com\\\/\",\"logo\":{\"@type\":\"ImageObject\",\"inLanguage\":\"fr-FR\",\"@id\":\"https:\\\/\\\/www.barosa.com\\\/#\\\/schema\\\/logo\\\/image\\\/\",\"url\":\"https:\\\/\\\/www.barosa.com\\\/wp-content\\\/uploads\\\/2025\\\/03\\\/BAROSA-Logo-696x696-1.jpg\",\"contentUrl\":\"https:\\\/\\\/www.barosa.com\\\/wp-content\\\/uploads\\\/2025\\\/03\\\/BAROSA-Logo-696x696-1.jpg\",\"width\":696,\"height\":696,\"caption\":\"Manuel de Sousa Barosa, Lda.\"},\"image\":{\"@id\":\"https:\\\/\\\/www.barosa.com\\\/#\\\/schema\\\/logo\\\/image\\\/\"},\"sameAs\":[\"http:\\\/\\\/www.facebook.com\\\/barosa\\\/\",\"https:\\\/\\\/x.com\\\/barosa_lda\",\"https:\\\/\\\/www.instagram.com\\\/barosa_lda\\\/\",\"https:\\\/\\\/pt.linkedin.com\\\/company\\\/barosa-lda\"],\"description\":\"Empresa de transforma\u00e7\u00e3o e comercializa\u00e7\u00e3o de produtos alimentares congelados. BAROSA \u00ae Pescados, \\\"N\u00e3o h\u00e1 bom garfo que resista\u00ae\\\". BAROSA \u00ae FoodService \\\"O lado bom da comida!\u00ae\\\"\",\"email\":\"info@barosa.com\",\"telephone\":\"+351 262824403\",\"legalName\":\"Manuel de Sousa Barosa, Lda.\",\"foundingDate\":\"1975-05-21\",\"vatID\":\"503365190\",\"taxID\":\"503365190\",\"duns\":\"452388713\",\"numberOfEmployees\":{\"@type\":\"QuantitativeValue\",\"minValue\":\"11\",\"maxValue\":\"50\"},\"ethicsPolicy\":\"https:\\\/\\\/www.barosa.com\\\/politicaprivacidade\\\/\"}]}<\/script>\n<!-- \/ Yoast SEO Premium plugin. -->","yoast_head_json":{"title":"Lipton ch\u00e1 sabores Frutos do Bosque - BAROSA Congelados | Manuel de Sousa Barosa, Lda.","robots":{"index":"index","follow":"follow","max-snippet":"max-snippet:-1","max-image-preview":"max-image-preview:large","max-video-preview":"max-video-preview:-1"},"canonical":"https:\/\/www.barosa.com\/fr\/produit\/lipton-cha-sabores-frutos-do-bosque\/","og_locale":"fr_FR","og_type":"article","og_title":"Lipton ch\u00e1 sabores Frutos do Bosque","og_description":"Formato: Embalagem com 25 Saquetas  Descri\u00e7\u00e3o Temos uma enorme variedade de Ch\u00e1s de sabores, o Caramel tea, com aroma a Caramelo, o Peppermint, o Lemon tea, com aroma a lim\u00e3o, o Forest Fruit Tea, Ch\u00e1 Preto com Frutos do Bosque, o Strawberry Tea, com aroma a morango, o BlackCurrant Tea com aroma a groselhas e o Rooibos Spice, o famoso ch\u00e1 vermelho.  Marca: Lipton","og_url":"https:\/\/www.barosa.com\/fr\/produit\/lipton-cha-sabores-frutos-do-bosque\/","og_site_name":"BAROSA Congelados | Manuel de Sousa Barosa, Lda.","article_publisher":"http:\/\/www.facebook.com\/barosa\/","article_modified_time":"2024-01-19T15:53:58+00:00","og_image":[{"width":480,"height":480,"url":"https:\/\/www.barosa.com\/wp-content\/uploads\/2019\/11\/23848001.jpg","type":"image\/jpeg"}],"twitter_card":"summary_large_image","twitter_site":"@barosa_lda","twitter_misc":{"Dur\u00e9e de lecture estim\u00e9e":"1 minute"},"schema":{"@context":"https:\/\/schema.org","@graph":[{"@type":"WebPage","@id":"https:\/\/www.barosa.com\/produto\/lipton-cha-sabores-frutos-do-bosque\/","url":"https:\/\/www.barosa.com\/produto\/lipton-cha-sabores-frutos-do-bosque\/","name":"Lipton ch\u00e1 sabores Frutos do Bosque - BAROSA Congelados | Manuel de Sousa Barosa, Lda.","isPartOf":{"@id":"https:\/\/www.barosa.com\/#website"},"primaryImageOfPage":{"@id":"https:\/\/www.barosa.com\/produto\/lipton-cha-sabores-frutos-do-bosque\/#primaryimage"},"image":{"@id":"https:\/\/www.barosa.com\/produto\/lipton-cha-sabores-frutos-do-bosque\/#primaryimage"},"thumbnailUrl":"https:\/\/www.barosa.com\/wp-content\/uploads\/2019\/11\/23848001.jpg","datePublished":"2019-11-27T22:34:50+00:00","dateModified":"2024-01-19T15:53:58+00:00","breadcrumb":{"@id":"https:\/\/www.barosa.com\/produto\/lipton-cha-sabores-frutos-do-bosque\/#breadcrumb"},"inLanguage":"fr-FR","potentialAction":[{"@type":"ReadAction","target":["https:\/\/www.barosa.com\/produto\/lipton-cha-sabores-frutos-do-bosque\/"]}]},{"@type":"ImageObject","inLanguage":"fr-FR","@id":"https:\/\/www.barosa.com\/produto\/lipton-cha-sabores-frutos-do-bosque\/#primaryimage","url":"https:\/\/www.barosa.com\/wp-content\/uploads\/2019\/11\/23848001.jpg","contentUrl":"https:\/\/www.barosa.com\/wp-content\/uploads\/2019\/11\/23848001.jpg","width":480,"height":480,"caption":"Lipton ch\u00e1 sabores Frutos do Bosque"},{"@type":"BreadcrumbList","@id":"https:\/\/www.barosa.com\/produto\/lipton-cha-sabores-frutos-do-bosque\/#breadcrumb","itemListElement":[{"@type":"ListItem","position":1,"name":"In\u00edcio","item":"https:\/\/www.barosa.com\/"},{"@type":"ListItem","position":2,"name":"Shop","item":"https:\/\/www.barosa.com\/shop\/"},{"@type":"ListItem","position":3,"name":"Lipton ch\u00e1 sabores Frutos do Bosque"}]},{"@type":"WebSite","@id":"https:\/\/www.barosa.com\/#website","url":"https:\/\/www.barosa.com\/","name":"BAROSA Congelados | Manuel de Sousa Barosa, Lda.","description":"Entreprise de transformation et commercialisation de produits alimentaires surgel\u00e9s. BAROSA \u00ae Pescados, \" Aucune bonne fourchette ne peut y r\u00e9sister\u00ae \". BAROSA \u00ae FoodService \" Le bon c\u00f4t\u00e9 de la nourriture\u00ae \". Poissons Crustac\u00e9s Fruits de mer C\u00e9phalopodes Bivalves Boulangerie P\u00e2tisserie Pizzas Desserts","publisher":{"@id":"https:\/\/www.barosa.com\/#organization"},"alternateName":"BAROSA\u00ae","potentialAction":[{"@type":"SearchAction","target":{"@type":"EntryPoint","urlTemplate":"https:\/\/www.barosa.com\/?s={search_term_string}"},"query-input":{"@type":"PropertyValueSpecification","valueRequired":true,"valueName":"search_term_string"}}],"inLanguage":"fr-FR"},{"@type":"Organization","@id":"https:\/\/www.barosa.com\/#organization","name":"Manuel de Sousa Barosa, Lda.","alternateName":"BAROSA","url":"https:\/\/www.barosa.com\/","logo":{"@type":"ImageObject","inLanguage":"fr-FR","@id":"https:\/\/www.barosa.com\/#\/schema\/logo\/image\/","url":"https:\/\/www.barosa.com\/wp-content\/uploads\/2025\/03\/BAROSA-Logo-696x696-1.jpg","contentUrl":"https:\/\/www.barosa.com\/wp-content\/uploads\/2025\/03\/BAROSA-Logo-696x696-1.jpg","width":696,"height":696,"caption":"Manuel de Sousa Barosa, Lda."},"image":{"@id":"https:\/\/www.barosa.com\/#\/schema\/logo\/image\/"},"sameAs":["http:\/\/www.facebook.com\/barosa\/","https:\/\/x.com\/barosa_lda","https:\/\/www.instagram.com\/barosa_lda\/","https:\/\/pt.linkedin.com\/company\/barosa-lda"],"description":"Entreprise de transformation et commercialisation de produits alimentaires surgel\u00e9s. BAROSA \u00ae Pescados, \" Aucune bonne fourchette ne peut y r\u00e9sister\u00ae \". BAROSA \u00ae FoodService \" Le bon c\u00f4t\u00e9 de la nourriture !\u00ae \"","email":"info@barosa.com","telephone":"+351 262824403","legalName":"Manuel de Sousa Barosa, Lda.","foundingDate":"1975-05-21","vatID":"503365190","taxID":"503365190","duns":"452388713","numberOfEmployees":{"@type":"QuantitativeValue","minValue":"11","maxValue":"50"},"ethicsPolicy":"https:\/\/www.barosa.com\/politicaprivacidade\/"}]}},"_links":{"self":[{"href":"https:\/\/www.barosa.com\/fr\/wp-json\/wp\/v2\/product\/4402","targetHints":{"allow":["GET"]}}],"collection":[{"href":"https:\/\/www.barosa.com\/fr\/wp-json\/wp\/v2\/product"}],"about":[{"href":"https:\/\/www.barosa.com\/fr\/wp-json\/wp\/v2\/types\/product"}],"wp:featuredmedia":[{"embeddable":true,"href":"https:\/\/www.barosa.com\/fr\/wp-json\/wp\/v2\/media\/4403"}],"wp:attachment":[{"href":"https:\/\/www.barosa.com\/fr\/wp-json\/wp\/v2\/media?parent=4402"}],"wp:term":[{"taxonomy":"product_brand","embeddable":true,"href":"https:\/\/www.barosa.com\/fr\/wp-json\/wp\/v2\/product_brand?post=4402"},{"taxonomy":"product_cat","embeddable":true,"href":"https:\/\/www.barosa.com\/fr\/wp-json\/wp\/v2\/product_cat?post=4402"},{"taxonomy":"product_tag","embeddable":true,"href":"https:\/\/www.barosa.com\/fr\/wp-json\/wp\/v2\/product_tag?post=4402"}],"curies":[{"name":"wp","href":"https:\/\/api.w.org\/{rel}","templated":true}]}}