{"id":4317,"date":"2019-11-24T23:11:15","date_gmt":"2019-11-24T22:11:15","guid":{"rendered":"http:\/\/www.barosa.com\/?post_type=product&#038;p=4317"},"modified":"2023-08-25T16:44:18","modified_gmt":"2023-08-25T15:44:18","slug":"knorr-caldo-liquido-concentrado-galinha-1lt","status":"publish","type":"product","link":"https:\/\/www.barosa.com\/fr\/produto\/knorr-caldo-liquido-concentrado-galinha-1lt\/","title":{"rendered":"Knorr Bouillon de Poulet Liquide Concentr\u00e9 1Lt"},"content":{"rendered":"","protected":false},"excerpt":{"rendered":"<p><strong>Format:<\/strong><\/p>\n<ul>\n<li>Emballage de 1 litre<\/li>\n<\/ul>\n<p><strong>Description<\/strong><br \/>\nBouillon de poulet liquide concentr\u00e9. Exempt d'exhausteurs de go\u00fbt, de gluten, de graisse de palme, de colorants artificiels et de conservateurs. Peut \u00eatre utilis\u00e9 dilu\u00e9 ou pur \u00e0 tous les stades de la pr\u00e9paration.<\/p>\n<ul>\n<li>La nouvelle g\u00e9n\u00e9ration de bouillons : Des bouillons liquides concentr\u00e9s avec toute la saveur !<\/li>\n<li>Bouillon concentr\u00e9 - Pas besoin d'ajouter de sel<\/li>\n<li>Peut \u00eatre utilis\u00e9 dilu\u00e9 ou pur<\/li>\n<li>Exempt de : exhausteurs de go\u00fbt ; gluten ; graisse de palme ; colorants artificiels ; conservateurs<\/li>\n<li>\u00c0 utiliser dans les plats grill\u00e9s, bouillis, mijot\u00e9s, brais\u00e9s, r\u00f4tis, frits et gratin\u00e9s.<\/li>\n<\/ul>\n<p><strong>Pr\u00e9paration<\/strong><br \/>\nAgiter avant utilisation. Pour pr\u00e9parer un bouillon, ajouter 33 g de bouillon liquide Knorr \u00e0 1 litre d'eau.<\/p>\n<p><strong>Rendement<\/strong><br \/>\n1 litre de bouillon = 30 litres de bouillon pr\u00e9par\u00e9<\/p>\n<p><strong>Additifs<\/strong><br \/>\nSans conservateurs<br \/>\nSans colorants artificiels<br \/>\nSans exhausteur de go\u00fbt<\/p>\n<p><strong>Allerg\u00e8nes<\/strong><br \/>\nSans gluten<\/p>\n<p><strong>Marque:<\/strong> Knorr<\/p>","protected":false},"featured_media":4318,"template":"","meta":[],"product_brand":[],"product_cat":[231],"product_tag":[],"class_list":{"0":"post-4317","1":"product","2":"type-product","3":"status-publish","4":"has-post-thumbnail","6":"product_cat-caldos","8":"first","9":"instock","10":"taxable","11":"shipping-taxable","12":"purchasable","13":"product-type-simple"},"yoast_head":"<!-- This site is optimized with the Yoast SEO Premium plugin v27.5 (Yoast SEO v27.5) - https:\/\/yoast.com\/product\/yoast-seo-premium-wordpress\/ -->\n<title>Knorr Caldo L\u00edquido Concentrado Galinha 1Lt - BAROSA Congelados | Manuel de Sousa Barosa, Lda.<\/title>\n<meta name=\"robots\" content=\"index, follow, max-snippet:-1, max-image-preview:large, max-video-preview:-1\" \/>\n<link rel=\"canonical\" href=\"https:\/\/www.barosa.com\/fr\/produit\/knorr-caldo-liquido-concentrado-galinha-1lt\/\" \/>\n<meta property=\"og:locale\" content=\"fr_FR\" \/>\n<meta property=\"og:type\" content=\"article\" \/>\n<meta property=\"og:title\" content=\"Knorr Caldo L\u00edquido Concentrado Galinha 1Lt\" \/>\n<meta property=\"og:description\" content=\"Formato:   Embalagem com 1 litro  Descri\u00e7\u00e3o Caldo L\u00edquido Concentrado de Galinha. Sem intensificadores de sabor, gl\u00faten, gordura de palma, corantes artificiais e conservantes. Pode ser usado dilu\u00eddo ou direto em todas as fases da prepara\u00e7\u00e3o.   A Nova Gera\u00e7\u00e3o de Caldos: Caldos L\u00edquidos Concentrados com todo o sabor!  Caldo Concentrado \u2013 Dispensa adi\u00e7\u00e3o de sal  Pode ser usado dilu\u00eddo ou direto  Sem: Intensificadores de Sabor; Gl\u00faten; Gordura de Palma; Corantes Artificias; Conservantes  Utiliza\u00e7\u00e3o em Grelhados, Cozidos, Guisados, Estufados, Assados, Fritos e gratinados  Prepara\u00e7\u00e3o Agitar antes de usar. Para preparar um caldo, junte 33 g de Knorr caldo l\u00edquido a 1 L de \u00e1gua.  Rendimento 1L de Caldo = 30 L de Caldo Preparado  Aditivos Sem conservantes Sem corantes artificiais Sem intensificadores de sabor  Alerg\u00e9neos Isento de gl\u00faten  Marca: Knorr\" \/>\n<meta property=\"og:url\" content=\"https:\/\/www.barosa.com\/fr\/produit\/knorr-caldo-liquido-concentrado-galinha-1lt\/\" \/>\n<meta property=\"og:site_name\" content=\"BAROSA Congelados | Manuel de Sousa Barosa, Lda.\" \/>\n<meta property=\"article:publisher\" content=\"http:\/\/www.facebook.com\/barosa\/\" \/>\n<meta property=\"article:modified_time\" content=\"2023-08-25T15:44:18+00:00\" \/>\n<meta property=\"og:image\" content=\"https:\/\/www.barosa.com\/wp-content\/uploads\/2019\/11\/67820991.jpg\" \/>\n\t<meta property=\"og:image:width\" content=\"446\" \/>\n\t<meta property=\"og:image:height\" content=\"480\" \/>\n\t<meta property=\"og:image:type\" content=\"image\/jpeg\" \/>\n<meta name=\"twitter:card\" content=\"summary_large_image\" \/>\n<meta name=\"twitter:site\" content=\"@barosa_lda\" \/>\n<script type=\"application\/ld+json\" class=\"yoast-schema-graph\">{\"@context\":\"https:\\\/\\\/schema.org\",\"@graph\":[{\"@type\":\"WebPage\",\"@id\":\"https:\\\/\\\/www.barosa.com\\\/produto\\\/knorr-caldo-liquido-concentrado-galinha-1lt\\\/\",\"url\":\"https:\\\/\\\/www.barosa.com\\\/produto\\\/knorr-caldo-liquido-concentrado-galinha-1lt\\\/\",\"name\":\"Knorr Caldo L\u00edquido Concentrado Galinha 1Lt - BAROSA Congelados | Manuel de Sousa Barosa, Lda.\",\"isPartOf\":{\"@id\":\"https:\\\/\\\/www.barosa.com\\\/#website\"},\"primaryImageOfPage\":{\"@id\":\"https:\\\/\\\/www.barosa.com\\\/produto\\\/knorr-caldo-liquido-concentrado-galinha-1lt\\\/#primaryimage\"},\"image\":{\"@id\":\"https:\\\/\\\/www.barosa.com\\\/produto\\\/knorr-caldo-liquido-concentrado-galinha-1lt\\\/#primaryimage\"},\"thumbnailUrl\":\"https:\\\/\\\/www.barosa.com\\\/wp-content\\\/uploads\\\/2019\\\/11\\\/67820991.jpg\",\"datePublished\":\"2019-11-24T22:11:15+00:00\",\"dateModified\":\"2023-08-25T15:44:18+00:00\",\"breadcrumb\":{\"@id\":\"https:\\\/\\\/www.barosa.com\\\/produto\\\/knorr-caldo-liquido-concentrado-galinha-1lt\\\/#breadcrumb\"},\"inLanguage\":\"fr-FR\",\"potentialAction\":[{\"@type\":\"ReadAction\",\"target\":[\"https:\\\/\\\/www.barosa.com\\\/produto\\\/knorr-caldo-liquido-concentrado-galinha-1lt\\\/\"]}]},{\"@type\":\"ImageObject\",\"inLanguage\":\"fr-FR\",\"@id\":\"https:\\\/\\\/www.barosa.com\\\/produto\\\/knorr-caldo-liquido-concentrado-galinha-1lt\\\/#primaryimage\",\"url\":\"https:\\\/\\\/www.barosa.com\\\/wp-content\\\/uploads\\\/2019\\\/11\\\/67820991.jpg\",\"contentUrl\":\"https:\\\/\\\/www.barosa.com\\\/wp-content\\\/uploads\\\/2019\\\/11\\\/67820991.jpg\",\"width\":446,\"height\":480,\"caption\":\"Knorr Caldo L\u00edquido Concentrado Galinha 1Lt\"},{\"@type\":\"BreadcrumbList\",\"@id\":\"https:\\\/\\\/www.barosa.com\\\/produto\\\/knorr-caldo-liquido-concentrado-galinha-1lt\\\/#breadcrumb\",\"itemListElement\":[{\"@type\":\"ListItem\",\"position\":1,\"name\":\"In\u00edcio\",\"item\":\"https:\\\/\\\/www.barosa.com\\\/\"},{\"@type\":\"ListItem\",\"position\":2,\"name\":\"Shop\",\"item\":\"https:\\\/\\\/www.barosa.com\\\/shop\\\/\"},{\"@type\":\"ListItem\",\"position\":3,\"name\":\"Knorr Caldo L\u00edquido Concentrado Galinha 1Lt\"}]},{\"@type\":\"WebSite\",\"@id\":\"https:\\\/\\\/www.barosa.com\\\/#website\",\"url\":\"https:\\\/\\\/www.barosa.com\\\/\",\"name\":\"BAROSA Congelados | Manuel de Sousa Barosa, Lda.\",\"description\":\"Empresa de transforma\u00e7\u00e3o e comercializa\u00e7\u00e3o de produtos alimentares congelados. BAROSA \u00ae Pescados, &quot;N\u00e3o h\u00e1 bom garfo que resista\u00ae&quot;. BAROSA \u00ae FoodService &quot;O lado bom da comida\u00ae&quot;. Pescados Crust\u00e1ceos Mariscos Cefal\u00f3podes Bivalves Padaria Pastelaria Pizzas Sobremesas\",\"publisher\":{\"@id\":\"https:\\\/\\\/www.barosa.com\\\/#organization\"},\"alternateName\":\"BAROSA\u00ae\",\"potentialAction\":[{\"@type\":\"SearchAction\",\"target\":{\"@type\":\"EntryPoint\",\"urlTemplate\":\"https:\\\/\\\/www.barosa.com\\\/?s={search_term_string}\"},\"query-input\":{\"@type\":\"PropertyValueSpecification\",\"valueRequired\":true,\"valueName\":\"search_term_string\"}}],\"inLanguage\":\"fr-FR\"},{\"@type\":\"Organization\",\"@id\":\"https:\\\/\\\/www.barosa.com\\\/#organization\",\"name\":\"Manuel de Sousa Barosa, Lda.\",\"alternateName\":\"BAROSA\",\"url\":\"https:\\\/\\\/www.barosa.com\\\/\",\"logo\":{\"@type\":\"ImageObject\",\"inLanguage\":\"fr-FR\",\"@id\":\"https:\\\/\\\/www.barosa.com\\\/#\\\/schema\\\/logo\\\/image\\\/\",\"url\":\"https:\\\/\\\/www.barosa.com\\\/wp-content\\\/uploads\\\/2025\\\/03\\\/BAROSA-Logo-696x696-1.jpg\",\"contentUrl\":\"https:\\\/\\\/www.barosa.com\\\/wp-content\\\/uploads\\\/2025\\\/03\\\/BAROSA-Logo-696x696-1.jpg\",\"width\":696,\"height\":696,\"caption\":\"Manuel de Sousa Barosa, Lda.\"},\"image\":{\"@id\":\"https:\\\/\\\/www.barosa.com\\\/#\\\/schema\\\/logo\\\/image\\\/\"},\"sameAs\":[\"http:\\\/\\\/www.facebook.com\\\/barosa\\\/\",\"https:\\\/\\\/x.com\\\/barosa_lda\",\"https:\\\/\\\/www.instagram.com\\\/barosa_lda\\\/\",\"https:\\\/\\\/pt.linkedin.com\\\/company\\\/barosa-lda\"],\"description\":\"Empresa de transforma\u00e7\u00e3o e comercializa\u00e7\u00e3o de produtos alimentares congelados. BAROSA \u00ae Pescados, \\\"N\u00e3o h\u00e1 bom garfo que resista\u00ae\\\". BAROSA \u00ae FoodService \\\"O lado bom da comida!\u00ae\\\"\",\"email\":\"info@barosa.com\",\"telephone\":\"+351 262824403\",\"legalName\":\"Manuel de Sousa Barosa, Lda.\",\"foundingDate\":\"1975-05-21\",\"vatID\":\"503365190\",\"taxID\":\"503365190\",\"duns\":\"452388713\",\"numberOfEmployees\":{\"@type\":\"QuantitativeValue\",\"minValue\":\"11\",\"maxValue\":\"50\"},\"ethicsPolicy\":\"https:\\\/\\\/www.barosa.com\\\/politicaprivacidade\\\/\"}]}<\/script>\n<!-- \/ Yoast SEO Premium plugin. -->","yoast_head_json":{"title":"Knorr Caldo L\u00edquido Concentrado Galinha 1Lt - BAROSA Congelados | Manuel de Sousa Barosa, Lda.","robots":{"index":"index","follow":"follow","max-snippet":"max-snippet:-1","max-image-preview":"max-image-preview:large","max-video-preview":"max-video-preview:-1"},"canonical":"https:\/\/www.barosa.com\/fr\/produit\/knorr-caldo-liquido-concentrado-galinha-1lt\/","og_locale":"fr_FR","og_type":"article","og_title":"Knorr Caldo L\u00edquido Concentrado Galinha 1Lt","og_description":"Formato:   Embalagem com 1 litro  Descri\u00e7\u00e3o Caldo L\u00edquido Concentrado de Galinha. Sem intensificadores de sabor, gl\u00faten, gordura de palma, corantes artificiais e conservantes. Pode ser usado dilu\u00eddo ou direto em todas as fases da prepara\u00e7\u00e3o.   A Nova Gera\u00e7\u00e3o de Caldos: Caldos L\u00edquidos Concentrados com todo o sabor!  Caldo Concentrado \u2013 Dispensa adi\u00e7\u00e3o de sal  Pode ser usado dilu\u00eddo ou direto  Sem: Intensificadores de Sabor; Gl\u00faten; Gordura de Palma; Corantes Artificias; Conservantes  Utiliza\u00e7\u00e3o em Grelhados, Cozidos, Guisados, Estufados, Assados, Fritos e gratinados  Prepara\u00e7\u00e3o Agitar antes de usar. Para preparar um caldo, junte 33 g de Knorr caldo l\u00edquido a 1 L de \u00e1gua.  Rendimento 1L de Caldo = 30 L de Caldo Preparado  Aditivos Sem conservantes Sem corantes artificiais Sem intensificadores de sabor  Alerg\u00e9neos Isento de gl\u00faten  Marca: Knorr","og_url":"https:\/\/www.barosa.com\/fr\/produit\/knorr-caldo-liquido-concentrado-galinha-1lt\/","og_site_name":"BAROSA Congelados | Manuel de Sousa Barosa, Lda.","article_publisher":"http:\/\/www.facebook.com\/barosa\/","article_modified_time":"2023-08-25T15:44:18+00:00","og_image":[{"width":446,"height":480,"url":"https:\/\/www.barosa.com\/wp-content\/uploads\/2019\/11\/67820991.jpg","type":"image\/jpeg"}],"twitter_card":"summary_large_image","twitter_site":"@barosa_lda","schema":{"@context":"https:\/\/schema.org","@graph":[{"@type":"WebPage","@id":"https:\/\/www.barosa.com\/produto\/knorr-caldo-liquido-concentrado-galinha-1lt\/","url":"https:\/\/www.barosa.com\/produto\/knorr-caldo-liquido-concentrado-galinha-1lt\/","name":"Knorr Caldo L\u00edquido Concentrado Galinha 1Lt - BAROSA Congelados | Manuel de Sousa Barosa, Lda.","isPartOf":{"@id":"https:\/\/www.barosa.com\/#website"},"primaryImageOfPage":{"@id":"https:\/\/www.barosa.com\/produto\/knorr-caldo-liquido-concentrado-galinha-1lt\/#primaryimage"},"image":{"@id":"https:\/\/www.barosa.com\/produto\/knorr-caldo-liquido-concentrado-galinha-1lt\/#primaryimage"},"thumbnailUrl":"https:\/\/www.barosa.com\/wp-content\/uploads\/2019\/11\/67820991.jpg","datePublished":"2019-11-24T22:11:15+00:00","dateModified":"2023-08-25T15:44:18+00:00","breadcrumb":{"@id":"https:\/\/www.barosa.com\/produto\/knorr-caldo-liquido-concentrado-galinha-1lt\/#breadcrumb"},"inLanguage":"fr-FR","potentialAction":[{"@type":"ReadAction","target":["https:\/\/www.barosa.com\/produto\/knorr-caldo-liquido-concentrado-galinha-1lt\/"]}]},{"@type":"ImageObject","inLanguage":"fr-FR","@id":"https:\/\/www.barosa.com\/produto\/knorr-caldo-liquido-concentrado-galinha-1lt\/#primaryimage","url":"https:\/\/www.barosa.com\/wp-content\/uploads\/2019\/11\/67820991.jpg","contentUrl":"https:\/\/www.barosa.com\/wp-content\/uploads\/2019\/11\/67820991.jpg","width":446,"height":480,"caption":"Knorr Caldo L\u00edquido Concentrado Galinha 1Lt"},{"@type":"BreadcrumbList","@id":"https:\/\/www.barosa.com\/produto\/knorr-caldo-liquido-concentrado-galinha-1lt\/#breadcrumb","itemListElement":[{"@type":"ListItem","position":1,"name":"In\u00edcio","item":"https:\/\/www.barosa.com\/"},{"@type":"ListItem","position":2,"name":"Shop","item":"https:\/\/www.barosa.com\/shop\/"},{"@type":"ListItem","position":3,"name":"Knorr Caldo L\u00edquido Concentrado Galinha 1Lt"}]},{"@type":"WebSite","@id":"https:\/\/www.barosa.com\/#website","url":"https:\/\/www.barosa.com\/","name":"BAROSA Congelados | Manuel de Sousa Barosa, Lda.","description":"Entreprise de transformation et commercialisation de produits alimentaires surgel\u00e9s. BAROSA \u00ae Pescados, \" Aucune bonne fourchette ne peut y r\u00e9sister\u00ae \". BAROSA \u00ae FoodService \" Le bon c\u00f4t\u00e9 de la nourriture\u00ae \". Poissons Crustac\u00e9s Fruits de mer C\u00e9phalopodes Bivalves Boulangerie P\u00e2tisserie Pizzas Desserts","publisher":{"@id":"https:\/\/www.barosa.com\/#organization"},"alternateName":"BAROSA\u00ae","potentialAction":[{"@type":"SearchAction","target":{"@type":"EntryPoint","urlTemplate":"https:\/\/www.barosa.com\/?s={search_term_string}"},"query-input":{"@type":"PropertyValueSpecification","valueRequired":true,"valueName":"search_term_string"}}],"inLanguage":"fr-FR"},{"@type":"Organization","@id":"https:\/\/www.barosa.com\/#organization","name":"Manuel de Sousa Barosa, Lda.","alternateName":"BAROSA","url":"https:\/\/www.barosa.com\/","logo":{"@type":"ImageObject","inLanguage":"fr-FR","@id":"https:\/\/www.barosa.com\/#\/schema\/logo\/image\/","url":"https:\/\/www.barosa.com\/wp-content\/uploads\/2025\/03\/BAROSA-Logo-696x696-1.jpg","contentUrl":"https:\/\/www.barosa.com\/wp-content\/uploads\/2025\/03\/BAROSA-Logo-696x696-1.jpg","width":696,"height":696,"caption":"Manuel de Sousa Barosa, Lda."},"image":{"@id":"https:\/\/www.barosa.com\/#\/schema\/logo\/image\/"},"sameAs":["http:\/\/www.facebook.com\/barosa\/","https:\/\/x.com\/barosa_lda","https:\/\/www.instagram.com\/barosa_lda\/","https:\/\/pt.linkedin.com\/company\/barosa-lda"],"description":"Entreprise de transformation et commercialisation de produits alimentaires surgel\u00e9s. BAROSA \u00ae Pescados, \" Aucune bonne fourchette ne peut y r\u00e9sister\u00ae \". BAROSA \u00ae FoodService \" Le bon c\u00f4t\u00e9 de la nourriture !\u00ae \"","email":"info@barosa.com","telephone":"+351 262824403","legalName":"Manuel de Sousa Barosa, Lda.","foundingDate":"1975-05-21","vatID":"503365190","taxID":"503365190","duns":"452388713","numberOfEmployees":{"@type":"QuantitativeValue","minValue":"11","maxValue":"50"},"ethicsPolicy":"https:\/\/www.barosa.com\/politicaprivacidade\/"}]}},"_links":{"self":[{"href":"https:\/\/www.barosa.com\/fr\/wp-json\/wp\/v2\/product\/4317","targetHints":{"allow":["GET"]}}],"collection":[{"href":"https:\/\/www.barosa.com\/fr\/wp-json\/wp\/v2\/product"}],"about":[{"href":"https:\/\/www.barosa.com\/fr\/wp-json\/wp\/v2\/types\/product"}],"wp:featuredmedia":[{"embeddable":true,"href":"https:\/\/www.barosa.com\/fr\/wp-json\/wp\/v2\/media\/4318"}],"wp:attachment":[{"href":"https:\/\/www.barosa.com\/fr\/wp-json\/wp\/v2\/media?parent=4317"}],"wp:term":[{"taxonomy":"product_brand","embeddable":true,"href":"https:\/\/www.barosa.com\/fr\/wp-json\/wp\/v2\/product_brand?post=4317"},{"taxonomy":"product_cat","embeddable":true,"href":"https:\/\/www.barosa.com\/fr\/wp-json\/wp\/v2\/product_cat?post=4317"},{"taxonomy":"product_tag","embeddable":true,"href":"https:\/\/www.barosa.com\/fr\/wp-json\/wp\/v2\/product_tag?post=4317"}],"curies":[{"name":"wp","href":"https:\/\/api.w.org\/{rel}","templated":true}]}}