{"id":4129,"date":"2019-11-21T16:51:09","date_gmt":"2019-11-21T15:51:09","guid":{"rendered":"http:\/\/www.barosa.com\/?post_type=product&#038;p=4129"},"modified":"2023-07-31T20:18:38","modified_gmt":"2023-07-31T19:18:38","slug":"penha-expositor-balcao-caramelos-de-frutas","status":"publish","type":"product","link":"https:\/\/www.barosa.com\/fr\/produto\/penha-expositor-balcao-caramelos-de-frutas\/","title":{"rendered":"Penha Pr\u00e9sentoir Comptoir Fruits Caramels"},"content":{"rendered":"","protected":false},"excerpt":{"rendered":"<p><strong>Format:<\/strong><\/p>\n<ul>\n<li>Bo\u00eete de \u00b1 300 unit\u00e9s, de 1 Kg<\/li>\n<\/ul>\n<p><strong>Description du produit<\/strong><br \/>\nCaramels de fruits aux saveurs de fraise, ananas, p\u00eache, myrtille, citron et orange qui font fondre tout le monde.<\/p>\n<p><strong>\u00c9nonc\u00e9 nutritionnel 100g<\/strong><br \/>\n\u00c9nergie 1564kJ \/ 368kcal \u2022 Lipides 0g, dont satur\u00e9s 0g \u2022 Glucides 86,3g, dont sucres 55,4g, dont amidon 6,0g \u2022 Prot\u00e9ines 4,2g \u2022 Sel 0,13g<\/p>\n<p><strong>Information<\/strong><br \/>\nSans gluten<\/p>\n<p><strong>Ingr\u00e9dients<\/strong><br \/>\nA\u00e7\u00facar, Xarope de Glicose, Gordura Vegetal (\u00d3leo de Palma), Gelatina, Regulador de Acidez (\u00c1cido C\u00edtrico), Aromas, Espessante (Goma Ar\u00e1bica), Emulsionante (Lecitina de Soja), Dextrina e Antioxidantes (Vit.E e Vit.C)<\/p>\n<p><strong>Conserver dans un endroit frais et sec.<\/strong><\/p>","protected":false},"featured_media":4130,"template":"","meta":[],"product_brand":[],"product_cat":[225],"product_tag":[],"class_list":{"0":"post-4129","1":"product","2":"type-product","3":"status-publish","4":"has-post-thumbnail","6":"product_cat-rebucados","8":"first","9":"instock","10":"taxable","11":"shipping-taxable","12":"purchasable","13":"product-type-simple"},"yoast_head":"<!-- This site is optimized with the Yoast SEO Premium plugin v27.6 (Yoast SEO v27.6) - https:\/\/yoast.com\/product\/yoast-seo-premium-wordpress\/ -->\n<title>Penha Expositor Balc\u00e3o Caramelos de Frutas - BAROSA Congelados | Manuel de Sousa Barosa, Lda.<\/title>\n<meta name=\"robots\" content=\"index, follow, max-snippet:-1, max-image-preview:large, max-video-preview:-1\" \/>\n<link rel=\"canonical\" href=\"https:\/\/www.barosa.com\/fr\/produit\/penha-expositor-balcao-caramelos-de-frutas\/\" \/>\n<meta property=\"og:locale\" content=\"fr_FR\" \/>\n<meta property=\"og:type\" content=\"article\" \/>\n<meta property=\"og:title\" content=\"Penha Expositor Balc\u00e3o Caramelos de Frutas\" \/>\n<meta property=\"og:description\" content=\"Formato:   Caixa com \u00b1300 unidades, de 1 Kg  Descri\u00e7\u00e3o do Produto Caramelos de fruta nos sabores morango, anan\u00e1s, p\u00eassego, mirtilo, lim\u00e3o e laranja que derretem toda a gente.  Declara\u00e7\u00e3o Nutricional 100g Energia 1564kJ \/ 368kcal \u2022 L\u00edpidos 0g, dos quais saturados 0g \u2022 Hidratos de Carbono 86,3g, dos quais a\u00e7\u00facares 55,4g, dos quais amido 6,0g \u2022 Prote\u00ednas 4,2g \u2022 Sal 0,13g  Informa\u00e7\u00e3o Sem gl\u00faten  Ingredientes A\u00e7\u00facar, Xarope de Glicose, Gordura Vegetal (\u00d3leo de Palma), Gelatina, Regulador de Acidez (\u00c1cido C\u00edtrico), Aromas, Espessante (Goma Ar\u00e1bica), Emulsionante (Lecitina de Soja), Dextrina e Antioxidantes (Vit.E e Vit.C)  Conservar em local fresco e seco.\" \/>\n<meta property=\"og:url\" content=\"https:\/\/www.barosa.com\/fr\/produit\/penha-expositor-balcao-caramelos-de-frutas\/\" \/>\n<meta property=\"og:site_name\" content=\"BAROSA Congelados | Manuel de Sousa Barosa, Lda.\" \/>\n<meta property=\"article:publisher\" content=\"http:\/\/www.facebook.com\/barosa\/\" \/>\n<meta property=\"article:modified_time\" content=\"2023-07-31T19:18:38+00:00\" \/>\n<meta property=\"og:image\" content=\"https:\/\/www.barosa.com\/wp-content\/uploads\/2019\/11\/6000555.jpg\" \/>\n\t<meta property=\"og:image:width\" content=\"500\" \/>\n\t<meta property=\"og:image:height\" content=\"500\" \/>\n\t<meta property=\"og:image:type\" content=\"image\/jpeg\" \/>\n<meta name=\"twitter:card\" content=\"summary_large_image\" \/>\n<meta name=\"twitter:site\" content=\"@barosa_lda\" \/>\n<script type=\"application\/ld+json\" class=\"yoast-schema-graph\">{\"@context\":\"https:\\\/\\\/schema.org\",\"@graph\":[{\"@type\":\"WebPage\",\"@id\":\"https:\\\/\\\/www.barosa.com\\\/produto\\\/penha-expositor-balcao-caramelos-de-frutas\\\/\",\"url\":\"https:\\\/\\\/www.barosa.com\\\/produto\\\/penha-expositor-balcao-caramelos-de-frutas\\\/\",\"name\":\"Penha Expositor Balc\u00e3o Caramelos de Frutas - BAROSA Congelados | Manuel de Sousa Barosa, Lda.\",\"isPartOf\":{\"@id\":\"https:\\\/\\\/www.barosa.com\\\/#website\"},\"primaryImageOfPage\":{\"@id\":\"https:\\\/\\\/www.barosa.com\\\/produto\\\/penha-expositor-balcao-caramelos-de-frutas\\\/#primaryimage\"},\"image\":{\"@id\":\"https:\\\/\\\/www.barosa.com\\\/produto\\\/penha-expositor-balcao-caramelos-de-frutas\\\/#primaryimage\"},\"thumbnailUrl\":\"https:\\\/\\\/www.barosa.com\\\/wp-content\\\/uploads\\\/2019\\\/11\\\/6000555.jpg\",\"datePublished\":\"2019-11-21T15:51:09+00:00\",\"dateModified\":\"2023-07-31T19:18:38+00:00\",\"breadcrumb\":{\"@id\":\"https:\\\/\\\/www.barosa.com\\\/produto\\\/penha-expositor-balcao-caramelos-de-frutas\\\/#breadcrumb\"},\"inLanguage\":\"fr-FR\",\"potentialAction\":[{\"@type\":\"ReadAction\",\"target\":[\"https:\\\/\\\/www.barosa.com\\\/produto\\\/penha-expositor-balcao-caramelos-de-frutas\\\/\"]}]},{\"@type\":\"ImageObject\",\"inLanguage\":\"fr-FR\",\"@id\":\"https:\\\/\\\/www.barosa.com\\\/produto\\\/penha-expositor-balcao-caramelos-de-frutas\\\/#primaryimage\",\"url\":\"https:\\\/\\\/www.barosa.com\\\/wp-content\\\/uploads\\\/2019\\\/11\\\/6000555.jpg\",\"contentUrl\":\"https:\\\/\\\/www.barosa.com\\\/wp-content\\\/uploads\\\/2019\\\/11\\\/6000555.jpg\",\"width\":500,\"height\":500,\"caption\":\"Penha Expositor Balc\u00e3o Caramelos de Frutas\"},{\"@type\":\"BreadcrumbList\",\"@id\":\"https:\\\/\\\/www.barosa.com\\\/produto\\\/penha-expositor-balcao-caramelos-de-frutas\\\/#breadcrumb\",\"itemListElement\":[{\"@type\":\"ListItem\",\"position\":1,\"name\":\"In\u00edcio\",\"item\":\"https:\\\/\\\/www.barosa.com\\\/\"},{\"@type\":\"ListItem\",\"position\":2,\"name\":\"Shop\",\"item\":\"https:\\\/\\\/www.barosa.com\\\/shop\\\/\"},{\"@type\":\"ListItem\",\"position\":3,\"name\":\"Penha Expositor Balc\u00e3o Caramelos de Frutas\"}]},{\"@type\":\"WebSite\",\"@id\":\"https:\\\/\\\/www.barosa.com\\\/#website\",\"url\":\"https:\\\/\\\/www.barosa.com\\\/\",\"name\":\"BAROSA Congelados | Manuel de Sousa Barosa, Lda.\",\"description\":\"Empresa de transforma\u00e7\u00e3o e comercializa\u00e7\u00e3o de produtos alimentares congelados. BAROSA \u00ae Pescados, &quot;N\u00e3o h\u00e1 bom garfo que resista\u00ae&quot;. BAROSA \u00ae FoodService &quot;O lado bom da comida\u00ae&quot;. Pescados Crust\u00e1ceos Mariscos Cefal\u00f3podes Bivalves Padaria Pastelaria Pizzas Sobremesas\",\"publisher\":{\"@id\":\"https:\\\/\\\/www.barosa.com\\\/#organization\"},\"alternateName\":\"BAROSA\u00ae\",\"potentialAction\":[{\"@type\":\"SearchAction\",\"target\":{\"@type\":\"EntryPoint\",\"urlTemplate\":\"https:\\\/\\\/www.barosa.com\\\/?s={search_term_string}\"},\"query-input\":{\"@type\":\"PropertyValueSpecification\",\"valueRequired\":true,\"valueName\":\"search_term_string\"}}],\"inLanguage\":\"fr-FR\"},{\"@type\":\"Organization\",\"@id\":\"https:\\\/\\\/www.barosa.com\\\/#organization\",\"name\":\"Manuel de Sousa Barosa, Lda.\",\"alternateName\":\"BAROSA\",\"url\":\"https:\\\/\\\/www.barosa.com\\\/\",\"logo\":{\"@type\":\"ImageObject\",\"inLanguage\":\"fr-FR\",\"@id\":\"https:\\\/\\\/www.barosa.com\\\/#\\\/schema\\\/logo\\\/image\\\/\",\"url\":\"https:\\\/\\\/www.barosa.com\\\/wp-content\\\/uploads\\\/2025\\\/03\\\/BAROSA-Logo-696x696-1.jpg\",\"contentUrl\":\"https:\\\/\\\/www.barosa.com\\\/wp-content\\\/uploads\\\/2025\\\/03\\\/BAROSA-Logo-696x696-1.jpg\",\"width\":696,\"height\":696,\"caption\":\"Manuel de Sousa Barosa, Lda.\"},\"image\":{\"@id\":\"https:\\\/\\\/www.barosa.com\\\/#\\\/schema\\\/logo\\\/image\\\/\"},\"sameAs\":[\"http:\\\/\\\/www.facebook.com\\\/barosa\\\/\",\"https:\\\/\\\/x.com\\\/barosa_lda\",\"https:\\\/\\\/www.instagram.com\\\/barosa_lda\\\/\",\"https:\\\/\\\/pt.linkedin.com\\\/company\\\/barosa-lda\"],\"description\":\"Empresa de transforma\u00e7\u00e3o e comercializa\u00e7\u00e3o de produtos alimentares congelados. BAROSA \u00ae Pescados, \\\"N\u00e3o h\u00e1 bom garfo que resista\u00ae\\\". BAROSA \u00ae FoodService \\\"O lado bom da comida!\u00ae\\\"\",\"email\":\"info@barosa.com\",\"telephone\":\"+351 262824403\",\"legalName\":\"Manuel de Sousa Barosa, Lda.\",\"foundingDate\":\"1975-05-21\",\"vatID\":\"503365190\",\"taxID\":\"503365190\",\"duns\":\"452388713\",\"numberOfEmployees\":{\"@type\":\"QuantitativeValue\",\"minValue\":\"11\",\"maxValue\":\"50\"},\"ethicsPolicy\":\"https:\\\/\\\/www.barosa.com\\\/politicaprivacidade\\\/\"}]}<\/script>\n<!-- \/ Yoast SEO Premium plugin. -->","yoast_head_json":{"title":"Penha Expositor Balc\u00e3o Caramelos de Frutas - BAROSA Congelados | Manuel de Sousa Barosa, Lda.","robots":{"index":"index","follow":"follow","max-snippet":"max-snippet:-1","max-image-preview":"max-image-preview:large","max-video-preview":"max-video-preview:-1"},"canonical":"https:\/\/www.barosa.com\/fr\/produit\/penha-expositor-balcao-caramelos-de-frutas\/","og_locale":"fr_FR","og_type":"article","og_title":"Penha Expositor Balc\u00e3o Caramelos de Frutas","og_description":"Formato:   Caixa com \u00b1300 unidades, de 1 Kg  Descri\u00e7\u00e3o do Produto Caramelos de fruta nos sabores morango, anan\u00e1s, p\u00eassego, mirtilo, lim\u00e3o e laranja que derretem toda a gente.  Declara\u00e7\u00e3o Nutricional 100g Energia 1564kJ \/ 368kcal \u2022 L\u00edpidos 0g, dos quais saturados 0g \u2022 Hidratos de Carbono 86,3g, dos quais a\u00e7\u00facares 55,4g, dos quais amido 6,0g \u2022 Prote\u00ednas 4,2g \u2022 Sal 0,13g  Informa\u00e7\u00e3o Sem gl\u00faten  Ingredientes A\u00e7\u00facar, Xarope de Glicose, Gordura Vegetal (\u00d3leo de Palma), Gelatina, Regulador de Acidez (\u00c1cido C\u00edtrico), Aromas, Espessante (Goma Ar\u00e1bica), Emulsionante (Lecitina de Soja), Dextrina e Antioxidantes (Vit.E e Vit.C)  Conservar em local fresco e seco.","og_url":"https:\/\/www.barosa.com\/fr\/produit\/penha-expositor-balcao-caramelos-de-frutas\/","og_site_name":"BAROSA Congelados | Manuel de Sousa Barosa, Lda.","article_publisher":"http:\/\/www.facebook.com\/barosa\/","article_modified_time":"2023-07-31T19:18:38+00:00","og_image":[{"width":500,"height":500,"url":"https:\/\/www.barosa.com\/wp-content\/uploads\/2019\/11\/6000555.jpg","type":"image\/jpeg"}],"twitter_card":"summary_large_image","twitter_site":"@barosa_lda","schema":{"@context":"https:\/\/schema.org","@graph":[{"@type":"WebPage","@id":"https:\/\/www.barosa.com\/produto\/penha-expositor-balcao-caramelos-de-frutas\/","url":"https:\/\/www.barosa.com\/produto\/penha-expositor-balcao-caramelos-de-frutas\/","name":"Penha Expositor Balc\u00e3o Caramelos de Frutas - BAROSA Congelados | Manuel de Sousa Barosa, Lda.","isPartOf":{"@id":"https:\/\/www.barosa.com\/#website"},"primaryImageOfPage":{"@id":"https:\/\/www.barosa.com\/produto\/penha-expositor-balcao-caramelos-de-frutas\/#primaryimage"},"image":{"@id":"https:\/\/www.barosa.com\/produto\/penha-expositor-balcao-caramelos-de-frutas\/#primaryimage"},"thumbnailUrl":"https:\/\/www.barosa.com\/wp-content\/uploads\/2019\/11\/6000555.jpg","datePublished":"2019-11-21T15:51:09+00:00","dateModified":"2023-07-31T19:18:38+00:00","breadcrumb":{"@id":"https:\/\/www.barosa.com\/produto\/penha-expositor-balcao-caramelos-de-frutas\/#breadcrumb"},"inLanguage":"fr-FR","potentialAction":[{"@type":"ReadAction","target":["https:\/\/www.barosa.com\/produto\/penha-expositor-balcao-caramelos-de-frutas\/"]}]},{"@type":"ImageObject","inLanguage":"fr-FR","@id":"https:\/\/www.barosa.com\/produto\/penha-expositor-balcao-caramelos-de-frutas\/#primaryimage","url":"https:\/\/www.barosa.com\/wp-content\/uploads\/2019\/11\/6000555.jpg","contentUrl":"https:\/\/www.barosa.com\/wp-content\/uploads\/2019\/11\/6000555.jpg","width":500,"height":500,"caption":"Penha Expositor Balc\u00e3o Caramelos de Frutas"},{"@type":"BreadcrumbList","@id":"https:\/\/www.barosa.com\/produto\/penha-expositor-balcao-caramelos-de-frutas\/#breadcrumb","itemListElement":[{"@type":"ListItem","position":1,"name":"In\u00edcio","item":"https:\/\/www.barosa.com\/"},{"@type":"ListItem","position":2,"name":"Shop","item":"https:\/\/www.barosa.com\/shop\/"},{"@type":"ListItem","position":3,"name":"Penha Expositor Balc\u00e3o Caramelos de Frutas"}]},{"@type":"WebSite","@id":"https:\/\/www.barosa.com\/#website","url":"https:\/\/www.barosa.com\/","name":"BAROSA Congelados | Manuel de Sousa Barosa, Lda.","description":"Entreprise de transformation et commercialisation de produits alimentaires surgel\u00e9s. BAROSA \u00ae Pescados, \" Aucune bonne fourchette ne peut y r\u00e9sister\u00ae \". BAROSA \u00ae FoodService \" Le bon c\u00f4t\u00e9 de la nourriture\u00ae \". Poissons Crustac\u00e9s Fruits de mer C\u00e9phalopodes Bivalves Boulangerie P\u00e2tisserie Pizzas Desserts","publisher":{"@id":"https:\/\/www.barosa.com\/#organization"},"alternateName":"BAROSA\u00ae","potentialAction":[{"@type":"SearchAction","target":{"@type":"EntryPoint","urlTemplate":"https:\/\/www.barosa.com\/?s={search_term_string}"},"query-input":{"@type":"PropertyValueSpecification","valueRequired":true,"valueName":"search_term_string"}}],"inLanguage":"fr-FR"},{"@type":"Organization","@id":"https:\/\/www.barosa.com\/#organization","name":"Manuel de Sousa Barosa, Lda.","alternateName":"BAROSA","url":"https:\/\/www.barosa.com\/","logo":{"@type":"ImageObject","inLanguage":"fr-FR","@id":"https:\/\/www.barosa.com\/#\/schema\/logo\/image\/","url":"https:\/\/www.barosa.com\/wp-content\/uploads\/2025\/03\/BAROSA-Logo-696x696-1.jpg","contentUrl":"https:\/\/www.barosa.com\/wp-content\/uploads\/2025\/03\/BAROSA-Logo-696x696-1.jpg","width":696,"height":696,"caption":"Manuel de Sousa Barosa, Lda."},"image":{"@id":"https:\/\/www.barosa.com\/#\/schema\/logo\/image\/"},"sameAs":["http:\/\/www.facebook.com\/barosa\/","https:\/\/x.com\/barosa_lda","https:\/\/www.instagram.com\/barosa_lda\/","https:\/\/pt.linkedin.com\/company\/barosa-lda"],"description":"Entreprise de transformation et commercialisation de produits alimentaires surgel\u00e9s. BAROSA \u00ae Pescados, \" Aucune bonne fourchette ne peut y r\u00e9sister\u00ae \". BAROSA \u00ae FoodService \" Le bon c\u00f4t\u00e9 de la nourriture !\u00ae \"","email":"info@barosa.com","telephone":"+351 262824403","legalName":"Manuel de Sousa Barosa, Lda.","foundingDate":"1975-05-21","vatID":"503365190","taxID":"503365190","duns":"452388713","numberOfEmployees":{"@type":"QuantitativeValue","minValue":"11","maxValue":"50"},"ethicsPolicy":"https:\/\/www.barosa.com\/politicaprivacidade\/"}]}},"_links":{"self":[{"href":"https:\/\/www.barosa.com\/fr\/wp-json\/wp\/v2\/product\/4129","targetHints":{"allow":["GET"]}}],"collection":[{"href":"https:\/\/www.barosa.com\/fr\/wp-json\/wp\/v2\/product"}],"about":[{"href":"https:\/\/www.barosa.com\/fr\/wp-json\/wp\/v2\/types\/product"}],"wp:featuredmedia":[{"embeddable":true,"href":"https:\/\/www.barosa.com\/fr\/wp-json\/wp\/v2\/media\/4130"}],"wp:attachment":[{"href":"https:\/\/www.barosa.com\/fr\/wp-json\/wp\/v2\/media?parent=4129"}],"wp:term":[{"taxonomy":"product_brand","embeddable":true,"href":"https:\/\/www.barosa.com\/fr\/wp-json\/wp\/v2\/product_brand?post=4129"},{"taxonomy":"product_cat","embeddable":true,"href":"https:\/\/www.barosa.com\/fr\/wp-json\/wp\/v2\/product_cat?post=4129"},{"taxonomy":"product_tag","embeddable":true,"href":"https:\/\/www.barosa.com\/fr\/wp-json\/wp\/v2\/product_tag?post=4129"}],"curies":[{"name":"wp","href":"https:\/\/api.w.org\/{rel}","templated":true}]}}