{"id":21122,"date":"2026-03-25T23:32:23","date_gmt":"2026-03-25T22:32:23","guid":{"rendered":"https:\/\/www.barosa.com\/?post_type=product&#038;p=21122"},"modified":"2026-03-25T23:35:43","modified_gmt":"2026-03-25T22:35:43","slug":"hamburgers-de-vaca-16-un-sem-gluten-iglo","status":"publish","type":"product","link":"https:\/\/www.barosa.com\/fr\/produto\/hamburgers-de-vaca-16-un-sem-gluten-iglo\/","title":{"rendered":"Hamburgers de Vaca (16 Un.) Sem Gl\u00faten [Iglo]"},"content":{"rendered":"","protected":false},"excerpt":{"rendered":"<p>Para oferecer a toda a fam\u00edlia a melhor qualidade de carne, a Iglo selecionou a melhor carne de vaca e preparou estes suculentos hamburgers, feitos a pensar no gosto de toda a fam\u00edlia. Queremos tamb\u00e9m que cada vez mais pessoas provem os nossos produtos. Por isso desenvolvemos esta receita de forma a ser apta para uma dieta sem gl\u00faten, mantendo todo o sabor que caracteriza os produtos Iglo.<\/p>\n<p>&nbsp;<\/p>\n[bg_collapse view=\"link\" color=\"#4a4949\" icon=\"arrow\" expand_text=\"Modo de Prepara\u00e7\u00e3o\" collapse_text=\"Esconder\" ]<\/p>\n<h3>Modo de Prepara\u00e7\u00e3o<\/h3>\n<p>Os Hamburgers devem ser totalmente cozinhados antes de serem consumidos.<\/p>\n<p>&nbsp;<\/p>\n<p><img loading=\"lazy\" decoding=\"async\" class=\"size-full wp-image-6908\" src=\"https:\/\/www.barosa.com\/wp-content\/uploads\/2019\/01\/grelha.jpg\" alt=\"grelha \/ grelhador\" width=\"30\" height=\"30\" srcset=\"https:\/\/www.barosa.com\/wp-content\/uploads\/2019\/01\/grelha.jpg 30w, https:\/\/www.barosa.com\/wp-content\/uploads\/2019\/01\/grelha-12x12.jpg 12w\" sizes=\"auto, (max-width: 30px) 100vw, 30px\" \/><\/p>\n<p>No Grelhador:<\/p>\n<p>Pincele com um pouco de \u00f3leo a superf\u00edcie do grelhador e aque\u00e7a a uma temperatura m\u00e9dia. Sem descongelar coloque os Hamburgers sobre a placa aquecida e grelhe durante 7 a 10 minutos, virando-os de vez em quando.<\/p>\n<p>&nbsp;<\/p>\n<p><img loading=\"lazy\" decoding=\"async\" class=\"size-full wp-image-6530\" src=\"https:\/\/www.barosa.com\/wp-content\/uploads\/2021\/11\/Forno.png\" alt=\"Forno\" width=\"30\" height=\"30\" srcset=\"https:\/\/www.barosa.com\/wp-content\/uploads\/2021\/11\/Forno.png 30w, https:\/\/www.barosa.com\/wp-content\/uploads\/2021\/11\/Forno-12x12.png 12w\" sizes=\"auto, (max-width: 30px) 100vw, 30px\" \/><\/p>\n<p>No Forno:<\/p>\n<p>Pr\u00e9 &#8211; aque\u00e7a o forno a 220 \u00b0C durante 10 minutos. Coloque os Hamburgers num prato de forno. Introduza o prato no meio do forno e deixe 10 a 12 minutos.<\/p>\n<h5>NOTA : Os tempos referidos entendem-se como valores m\u00e9dios, dependendo do tipo de forno utilizado.<\/h5>\n<p>[\/bg_collapse]\n<p>Embalagem com 5 caixas.<\/p>\n<h6><em>Produto congelado<\/em><\/h6>\n","protected":false},"featured_media":21123,"template":"","meta":[],"product_brand":[713],"product_cat":[216],"product_tag":[],"class_list":{"0":"post-21122","1":"product","2":"type-product","3":"status-publish","4":"has-post-thumbnail","6":"product_brand-iglo","7":"product_cat-snacks-embalados","9":"first","10":"instock","11":"shipping-taxable","12":"purchasable","13":"product-type-simple"},"yoast_head":"<!-- This site is optimized with the Yoast SEO Premium plugin v27.2 (Yoast SEO v27.3) - https:\/\/yoast.com\/product\/yoast-seo-premium-wordpress\/ -->\n<title>Hamburgers de Vaca (16 Un.) Sem Gl\u00faten [Iglo] - BAROSA Congelados | Manuel de Sousa Barosa, Lda.<\/title>\n<meta name=\"description\" content=\"Para oferecer a toda a fam\u00edlia a melhor qualidade de carne, a Iglo selecionou a melhor carne de vaca e preparou estes suculentos hamburgers.\" \/>\n<meta name=\"robots\" content=\"index, follow, max-snippet:-1, max-image-preview:large, max-video-preview:-1\" \/>\n<link rel=\"canonical\" href=\"https:\/\/www.barosa.com\/fr\/produit\/hamburgers-de-vaca-16-un-sem-gluten-iglo\/\" \/>\n<meta property=\"og:locale\" content=\"fr_FR\" \/>\n<meta property=\"og:type\" content=\"article\" \/>\n<meta property=\"og:title\" content=\"Hamburgers de Vaca (16 Un.) Sem Gl\u00faten [Iglo]\" \/>\n<meta property=\"og:description\" content=\"Para oferecer a toda a fam\u00edlia a melhor qualidade de carne, a Iglo selecionou a melhor carne de vaca e preparou estes suculentos hamburgers.\" \/>\n<meta property=\"og:url\" content=\"https:\/\/www.barosa.com\/fr\/produit\/hamburgers-de-vaca-16-un-sem-gluten-iglo\/\" \/>\n<meta property=\"og:site_name\" content=\"BAROSA Congelados | Manuel de Sousa Barosa, Lda.\" \/>\n<meta property=\"article:publisher\" content=\"http:\/\/www.facebook.com\/barosa\/\" \/>\n<meta property=\"article:modified_time\" content=\"2026-03-25T22:35:43+00:00\" \/>\n<meta property=\"og:image\" content=\"https:\/\/www.barosa.com\/wp-content\/uploads\/2026\/03\/96023414_.webp\" \/>\n\t<meta property=\"og:image:width\" content=\"1280\" \/>\n\t<meta property=\"og:image:height\" content=\"907\" \/>\n\t<meta property=\"og:image:type\" content=\"image\/jpeg\" \/>\n<meta name=\"twitter:card\" content=\"summary_large_image\" \/>\n<meta name=\"twitter:site\" content=\"@barosa_lda\" \/>\n<meta name=\"twitter:label1\" content=\"Dur\u00e9e de lecture estim\u00e9e\" \/>\n\t<meta name=\"twitter:data1\" content=\"1 minute\" \/>\n<script type=\"application\/ld+json\" class=\"yoast-schema-graph\">{\"@context\":\"https:\\\/\\\/schema.org\",\"@graph\":[{\"@type\":\"WebPage\",\"@id\":\"https:\\\/\\\/www.barosa.com\\\/produto\\\/hamburgers-de-vaca-16-un-sem-gluten-iglo\\\/\",\"url\":\"https:\\\/\\\/www.barosa.com\\\/produto\\\/hamburgers-de-vaca-16-un-sem-gluten-iglo\\\/\",\"name\":\"Hamburgers de Vaca (16 Un.) Sem Gl\u00faten [Iglo] - BAROSA Congelados | Manuel de Sousa Barosa, Lda.\",\"isPartOf\":{\"@id\":\"https:\\\/\\\/www.barosa.com\\\/#website\"},\"primaryImageOfPage\":{\"@id\":\"https:\\\/\\\/www.barosa.com\\\/produto\\\/hamburgers-de-vaca-16-un-sem-gluten-iglo\\\/#primaryimage\"},\"image\":{\"@id\":\"https:\\\/\\\/www.barosa.com\\\/produto\\\/hamburgers-de-vaca-16-un-sem-gluten-iglo\\\/#primaryimage\"},\"thumbnailUrl\":\"https:\\\/\\\/www.barosa.com\\\/wp-content\\\/uploads\\\/2026\\\/03\\\/96023414_.webp\",\"datePublished\":\"2026-03-25T22:32:23+00:00\",\"dateModified\":\"2026-03-25T22:35:43+00:00\",\"description\":\"Para oferecer a toda a fam\u00edlia a melhor qualidade de carne, a Iglo selecionou a melhor carne de vaca e preparou estes suculentos hamburgers.\",\"breadcrumb\":{\"@id\":\"https:\\\/\\\/www.barosa.com\\\/produto\\\/hamburgers-de-vaca-16-un-sem-gluten-iglo\\\/#breadcrumb\"},\"inLanguage\":\"fr-FR\",\"potentialAction\":[{\"@type\":\"ReadAction\",\"target\":[\"https:\\\/\\\/www.barosa.com\\\/produto\\\/hamburgers-de-vaca-16-un-sem-gluten-iglo\\\/\"]}]},{\"@type\":\"ImageObject\",\"inLanguage\":\"fr-FR\",\"@id\":\"https:\\\/\\\/www.barosa.com\\\/produto\\\/hamburgers-de-vaca-16-un-sem-gluten-iglo\\\/#primaryimage\",\"url\":\"https:\\\/\\\/www.barosa.com\\\/wp-content\\\/uploads\\\/2026\\\/03\\\/96023414_.webp\",\"contentUrl\":\"https:\\\/\\\/www.barosa.com\\\/wp-content\\\/uploads\\\/2026\\\/03\\\/96023414_.webp\",\"width\":1280,\"height\":907,\"caption\":\"Hamburgers de Vaca (16 Un.) Sem Gl\u00faten [Iglo]\"},{\"@type\":\"BreadcrumbList\",\"@id\":\"https:\\\/\\\/www.barosa.com\\\/produto\\\/hamburgers-de-vaca-16-un-sem-gluten-iglo\\\/#breadcrumb\",\"itemListElement\":[{\"@type\":\"ListItem\",\"position\":1,\"name\":\"In\u00edcio\",\"item\":\"https:\\\/\\\/www.barosa.com\\\/\"},{\"@type\":\"ListItem\",\"position\":2,\"name\":\"Shop\",\"item\":\"https:\\\/\\\/www.barosa.com\\\/shop\\\/\"},{\"@type\":\"ListItem\",\"position\":3,\"name\":\"Hamburgers de Vaca (16 Un.) Sem Gl\u00faten [Iglo]\"}]},{\"@type\":\"WebSite\",\"@id\":\"https:\\\/\\\/www.barosa.com\\\/#website\",\"url\":\"https:\\\/\\\/www.barosa.com\\\/\",\"name\":\"BAROSA Congelados | Manuel de Sousa Barosa, Lda.\",\"description\":\"Empresa de transforma\u00e7\u00e3o e comercializa\u00e7\u00e3o de produtos alimentares congelados. BAROSA \u00ae Pescados, &quot;N\u00e3o h\u00e1 bom garfo que resista\u00ae&quot;. BAROSA \u00ae FoodService &quot;O lado bom da comida\u00ae&quot;. Pescados Crust\u00e1ceos Mariscos Cefal\u00f3podes Bivalves Padaria Pastelaria Pizzas Sobremesas\",\"publisher\":{\"@id\":\"https:\\\/\\\/www.barosa.com\\\/#organization\"},\"alternateName\":\"BAROSA\u00ae\",\"potentialAction\":[{\"@type\":\"SearchAction\",\"target\":{\"@type\":\"EntryPoint\",\"urlTemplate\":\"https:\\\/\\\/www.barosa.com\\\/?s={search_term_string}\"},\"query-input\":{\"@type\":\"PropertyValueSpecification\",\"valueRequired\":true,\"valueName\":\"search_term_string\"}}],\"inLanguage\":\"fr-FR\"},{\"@type\":\"Organization\",\"@id\":\"https:\\\/\\\/www.barosa.com\\\/#organization\",\"name\":\"Manuel de Sousa Barosa, Lda.\",\"alternateName\":\"BAROSA\",\"url\":\"https:\\\/\\\/www.barosa.com\\\/\",\"logo\":{\"@type\":\"ImageObject\",\"inLanguage\":\"fr-FR\",\"@id\":\"https:\\\/\\\/www.barosa.com\\\/#\\\/schema\\\/logo\\\/image\\\/\",\"url\":\"https:\\\/\\\/www.barosa.com\\\/wp-content\\\/uploads\\\/2025\\\/03\\\/BAROSA-Logo-696x696-1.jpg\",\"contentUrl\":\"https:\\\/\\\/www.barosa.com\\\/wp-content\\\/uploads\\\/2025\\\/03\\\/BAROSA-Logo-696x696-1.jpg\",\"width\":696,\"height\":696,\"caption\":\"Manuel de Sousa Barosa, Lda.\"},\"image\":{\"@id\":\"https:\\\/\\\/www.barosa.com\\\/#\\\/schema\\\/logo\\\/image\\\/\"},\"sameAs\":[\"http:\\\/\\\/www.facebook.com\\\/barosa\\\/\",\"https:\\\/\\\/x.com\\\/barosa_lda\",\"https:\\\/\\\/www.instagram.com\\\/barosa_lda\\\/\",\"https:\\\/\\\/pt.linkedin.com\\\/company\\\/barosa-lda\"],\"description\":\"Empresa de transforma\u00e7\u00e3o e comercializa\u00e7\u00e3o de produtos alimentares congelados. BAROSA \u00ae Pescados, \\\"N\u00e3o h\u00e1 bom garfo que resista\u00ae\\\". BAROSA \u00ae FoodService \\\"O lado bom da comida!\u00ae\\\"\",\"email\":\"info@barosa.com\",\"telephone\":\"+351 262824403\",\"legalName\":\"Manuel de Sousa Barosa, Lda.\",\"foundingDate\":\"1975-05-21\",\"vatID\":\"503365190\",\"taxID\":\"503365190\",\"duns\":\"452388713\",\"numberOfEmployees\":{\"@type\":\"QuantitativeValue\",\"minValue\":\"11\",\"maxValue\":\"50\"},\"ethicsPolicy\":\"https:\\\/\\\/www.barosa.com\\\/politicaprivacidade\\\/\"}]}<\/script>\n<!-- \/ Yoast SEO Premium plugin. -->","yoast_head_json":{"title":"Hamburgers de Vaca (16 Un.) Sem Gl\u00faten [Iglo] - BAROSA Congelados | Manuel de Sousa Barosa, Lda.","description":"Pour offrir \u00e0 toute la famille une viande de qualit\u00e9, Iglo a s\u00e9lectionn\u00e9 les meilleures viandes de b\u0153uf et pr\u00e9par\u00e9 ces succulents burgers.","robots":{"index":"index","follow":"follow","max-snippet":"max-snippet:-1","max-image-preview":"max-image-preview:large","max-video-preview":"max-video-preview:-1"},"canonical":"https:\/\/www.barosa.com\/fr\/produit\/hamburgers-de-vaca-16-un-sem-gluten-iglo\/","og_locale":"fr_FR","og_type":"article","og_title":"Hamburgers de Vaca (16 Un.) Sem Gl\u00faten [Iglo]","og_description":"Para oferecer a toda a fam\u00edlia a melhor qualidade de carne, a Iglo selecionou a melhor carne de vaca e preparou estes suculentos hamburgers.","og_url":"https:\/\/www.barosa.com\/fr\/produit\/hamburgers-de-vaca-16-un-sem-gluten-iglo\/","og_site_name":"BAROSA Congelados | Manuel de Sousa Barosa, Lda.","article_publisher":"http:\/\/www.facebook.com\/barosa\/","article_modified_time":"2026-03-25T22:35:43+00:00","og_image":[{"width":1280,"height":907,"url":"https:\/\/www.barosa.com\/wp-content\/uploads\/2026\/03\/96023414_.webp","type":"image\/jpeg"}],"twitter_card":"summary_large_image","twitter_site":"@barosa_lda","twitter_misc":{"Dur\u00e9e de lecture estim\u00e9e":"1 minute"},"schema":{"@context":"https:\/\/schema.org","@graph":[{"@type":"WebPage","@id":"https:\/\/www.barosa.com\/produto\/hamburgers-de-vaca-16-un-sem-gluten-iglo\/","url":"https:\/\/www.barosa.com\/produto\/hamburgers-de-vaca-16-un-sem-gluten-iglo\/","name":"Hamburgers de Vaca (16 Un.) Sem Gl\u00faten [Iglo] - BAROSA Congelados | Manuel de Sousa Barosa, Lda.","isPartOf":{"@id":"https:\/\/www.barosa.com\/#website"},"primaryImageOfPage":{"@id":"https:\/\/www.barosa.com\/produto\/hamburgers-de-vaca-16-un-sem-gluten-iglo\/#primaryimage"},"image":{"@id":"https:\/\/www.barosa.com\/produto\/hamburgers-de-vaca-16-un-sem-gluten-iglo\/#primaryimage"},"thumbnailUrl":"https:\/\/www.barosa.com\/wp-content\/uploads\/2026\/03\/96023414_.webp","datePublished":"2026-03-25T22:32:23+00:00","dateModified":"2026-03-25T22:35:43+00:00","description":"Pour offrir \u00e0 toute la famille une viande de qualit\u00e9, Iglo a s\u00e9lectionn\u00e9 les meilleures viandes de b\u0153uf et pr\u00e9par\u00e9 ces succulents burgers.","breadcrumb":{"@id":"https:\/\/www.barosa.com\/produto\/hamburgers-de-vaca-16-un-sem-gluten-iglo\/#breadcrumb"},"inLanguage":"fr-FR","potentialAction":[{"@type":"ReadAction","target":["https:\/\/www.barosa.com\/produto\/hamburgers-de-vaca-16-un-sem-gluten-iglo\/"]}]},{"@type":"ImageObject","inLanguage":"fr-FR","@id":"https:\/\/www.barosa.com\/produto\/hamburgers-de-vaca-16-un-sem-gluten-iglo\/#primaryimage","url":"https:\/\/www.barosa.com\/wp-content\/uploads\/2026\/03\/96023414_.webp","contentUrl":"https:\/\/www.barosa.com\/wp-content\/uploads\/2026\/03\/96023414_.webp","width":1280,"height":907,"caption":"Hamburgers de Vaca (16 Un.) Sem Gl\u00faten [Iglo]"},{"@type":"BreadcrumbList","@id":"https:\/\/www.barosa.com\/produto\/hamburgers-de-vaca-16-un-sem-gluten-iglo\/#breadcrumb","itemListElement":[{"@type":"ListItem","position":1,"name":"In\u00edcio","item":"https:\/\/www.barosa.com\/"},{"@type":"ListItem","position":2,"name":"Shop","item":"https:\/\/www.barosa.com\/shop\/"},{"@type":"ListItem","position":3,"name":"Hamburgers de Vaca (16 Un.) Sem Gl\u00faten [Iglo]"}]},{"@type":"WebSite","@id":"https:\/\/www.barosa.com\/#website","url":"https:\/\/www.barosa.com\/","name":"BAROSA Congelados | Manuel de Sousa Barosa, Lda.","description":"Entreprise de transformation et commercialisation de produits alimentaires surgel\u00e9s. BAROSA \u00ae Pescados, \" Aucune bonne fourchette ne peut y r\u00e9sister\u00ae \". BAROSA \u00ae FoodService \" Le bon c\u00f4t\u00e9 de la nourriture\u00ae \". Poissons Crustac\u00e9s Fruits de mer C\u00e9phalopodes Bivalves Boulangerie P\u00e2tisserie Pizzas Desserts","publisher":{"@id":"https:\/\/www.barosa.com\/#organization"},"alternateName":"BAROSA\u00ae","potentialAction":[{"@type":"SearchAction","target":{"@type":"EntryPoint","urlTemplate":"https:\/\/www.barosa.com\/?s={search_term_string}"},"query-input":{"@type":"PropertyValueSpecification","valueRequired":true,"valueName":"search_term_string"}}],"inLanguage":"fr-FR"},{"@type":"Organization","@id":"https:\/\/www.barosa.com\/#organization","name":"Manuel de Sousa Barosa, Lda.","alternateName":"BAROSA","url":"https:\/\/www.barosa.com\/","logo":{"@type":"ImageObject","inLanguage":"fr-FR","@id":"https:\/\/www.barosa.com\/#\/schema\/logo\/image\/","url":"https:\/\/www.barosa.com\/wp-content\/uploads\/2025\/03\/BAROSA-Logo-696x696-1.jpg","contentUrl":"https:\/\/www.barosa.com\/wp-content\/uploads\/2025\/03\/BAROSA-Logo-696x696-1.jpg","width":696,"height":696,"caption":"Manuel de Sousa Barosa, Lda."},"image":{"@id":"https:\/\/www.barosa.com\/#\/schema\/logo\/image\/"},"sameAs":["http:\/\/www.facebook.com\/barosa\/","https:\/\/x.com\/barosa_lda","https:\/\/www.instagram.com\/barosa_lda\/","https:\/\/pt.linkedin.com\/company\/barosa-lda"],"description":"Entreprise de transformation et commercialisation de produits alimentaires surgel\u00e9s. BAROSA \u00ae Pescados, \" Aucune bonne fourchette ne peut y r\u00e9sister\u00ae \". BAROSA \u00ae FoodService \" Le bon c\u00f4t\u00e9 de la nourriture !\u00ae \"","email":"info@barosa.com","telephone":"+351 262824403","legalName":"Manuel de Sousa Barosa, Lda.","foundingDate":"1975-05-21","vatID":"503365190","taxID":"503365190","duns":"452388713","numberOfEmployees":{"@type":"QuantitativeValue","minValue":"11","maxValue":"50"},"ethicsPolicy":"https:\/\/www.barosa.com\/politicaprivacidade\/"}]}},"_links":{"self":[{"href":"https:\/\/www.barosa.com\/fr\/wp-json\/wp\/v2\/product\/21122","targetHints":{"allow":["GET"]}}],"collection":[{"href":"https:\/\/www.barosa.com\/fr\/wp-json\/wp\/v2\/product"}],"about":[{"href":"https:\/\/www.barosa.com\/fr\/wp-json\/wp\/v2\/types\/product"}],"wp:featuredmedia":[{"embeddable":true,"href":"https:\/\/www.barosa.com\/fr\/wp-json\/wp\/v2\/media\/21123"}],"wp:attachment":[{"href":"https:\/\/www.barosa.com\/fr\/wp-json\/wp\/v2\/media?parent=21122"}],"wp:term":[{"taxonomy":"product_brand","embeddable":true,"href":"https:\/\/www.barosa.com\/fr\/wp-json\/wp\/v2\/product_brand?post=21122"},{"taxonomy":"product_cat","embeddable":true,"href":"https:\/\/www.barosa.com\/fr\/wp-json\/wp\/v2\/product_cat?post=21122"},{"taxonomy":"product_tag","embeddable":true,"href":"https:\/\/www.barosa.com\/fr\/wp-json\/wp\/v2\/product_tag?post=21122"}],"curies":[{"name":"wp","href":"https:\/\/api.w.org\/{rel}","templated":true}]}}