{"id":19370,"date":"2025-11-18T23:02:56","date_gmt":"2025-11-18T22:02:56","guid":{"rendered":"https:\/\/www.barosa.com\/?post_type=product&#038;p=19370"},"modified":"2025-11-18T23:04:25","modified_gmt":"2025-11-18T22:04:25","slug":"vieiras-do-peru-meia-concha-30-40-catering","status":"publish","type":"product","link":"https:\/\/www.barosa.com\/fr\/produto\/vieiras-do-peru-meia-concha-30-40-catering\/","title":{"rendered":"Coquilles Saint-Jacques de Turquie demi-coquille 30\/40 (catering)"},"content":{"rendered":"","protected":false},"excerpt":{"rendered":"<p><strong><em>Argopecten purpuratus<\/em><\/strong><br \/>\nCap. Oceano Pac\u00edfico<\/p>\n<p><em>As nossas vieiras s\u00e3o um convite \u00e0 indulg\u00eancia: apetitosas, saborosas e com uma textura que se desfaz na boca a cada mordida.<\/em><\/p>\n<p>A vieira \u00e9 um fruto do mar leve e suculento que costuma ser servido em restaurantes sofisticados. Depois de descongel\u00e1-la, voc\u00ea pode grelhar ou assar a vieira para servir uma refei\u00e7\u00e3o deliciosa!<\/p>\n<p>Tipo de embalagem:<\/p>\n<ul>\n<li>Embalagem a vulso (catering)<\/li>\n<li>Peso por caixa: 3 Kgs (l\u00edquido)<\/li>\n<\/ul>\n[bg_collapse view=\"link\" color=\"#4a4949\" icon=\"arrow\" expand_text=\"Modo de prepara\u00e7\u00e3o\" collapse_text=\"Esconder\" ]<\/p>\n<p><strong>Vieiras na chapa <\/strong><\/p>\n<p>-&gt; preparar com elas ainda congeladas<\/p>\n<p>Com a chapa j\u00e1 bem quente, colocar a Vieira com o miolo virado diretamente para baixo. Deixa cozinhar assim durante 1 minuto.<br \/>\nDepois, vira-a, desta vez com a concha em contacto com a chapa. Rega com um fio generoso de azeite virgem extra misturado com sal e salsa picada, deixa cozinhar por mais 5 minutos.<\/p>\n<p>Est\u00e1\u00a0pronta\u00a0a\u00a0servir<\/p>\n<p>[\/bg_collapse]\n<p>&nbsp;<\/p>\n<h6><em>Produto congelado<\/em><\/h6>\n","protected":false},"featured_media":12013,"template":"","meta":[],"product_brand":[716],"product_cat":[168],"product_tag":[],"class_list":{"0":"post-19370","1":"product","2":"type-product","3":"status-publish","4":"has-post-thumbnail","6":"product_brand-barosa","7":"product_cat-mariscos-catering","8":"pa_preco-1695e","10":"first","11":"instock","12":"taxable","13":"shipping-taxable","14":"purchasable","15":"product-type-simple"},"yoast_head":"<!-- This site is optimized with the Yoast SEO Premium plugin v27.4 (Yoast SEO v27.5) - https:\/\/yoast.com\/product\/yoast-seo-premium-wordpress\/ -->\n<title>Vieiras do Per\u00fa Meia Concha 30\/40 (catering) - BAROSA Congelados | Manuel de Sousa Barosa, Lda.<\/title>\n<meta name=\"description\" content=\"A vieira \u00e9 um fruto do mar leve e suculento que costuma ser servido em restaurantes sofisticados. Depois de descongel\u00e1-la, voc\u00ea pode grelhar ou assar a vieira para servir uma refei\u00e7\u00e3o deliciosa!\" \/>\n<meta name=\"robots\" content=\"index, follow, max-snippet:-1, max-image-preview:large, max-video-preview:-1\" \/>\n<link rel=\"canonical\" href=\"https:\/\/www.barosa.com\/fr\/produit\/vieiras-do-peru-meia-concha-30-40-catering\/\" \/>\n<meta property=\"og:locale\" content=\"fr_FR\" \/>\n<meta property=\"og:type\" content=\"article\" \/>\n<meta property=\"og:title\" content=\"Vieiras do Per\u00fa Meia Concha 30\/40 (catering)\" \/>\n<meta property=\"og:description\" content=\"A vieira \u00e9 um fruto do mar leve e suculento que costuma ser servido em restaurantes sofisticados. Depois de descongel\u00e1-la, voc\u00ea pode grelhar ou assar a vieira para servir uma refei\u00e7\u00e3o deliciosa!\" \/>\n<meta property=\"og:url\" content=\"https:\/\/www.barosa.com\/fr\/produit\/vieiras-do-peru-meia-concha-30-40-catering\/\" \/>\n<meta property=\"og:site_name\" content=\"BAROSA Congelados | Manuel de Sousa Barosa, Lda.\" \/>\n<meta property=\"article:publisher\" content=\"http:\/\/www.facebook.com\/barosa\/\" \/>\n<meta property=\"article:modified_time\" content=\"2025-11-18T22:04:25+00:00\" \/>\n<meta property=\"og:image\" content=\"https:\/\/www.barosa.com\/wp-content\/uploads\/2024\/07\/Vieira-do-Peru-Meia-Concha.jpg\" \/>\n\t<meta property=\"og:image:width\" content=\"1000\" \/>\n\t<meta property=\"og:image:height\" content=\"1000\" \/>\n\t<meta property=\"og:image:type\" content=\"image\/jpeg\" \/>\n<meta name=\"twitter:card\" content=\"summary_large_image\" \/>\n<meta name=\"twitter:site\" content=\"@barosa_lda\" \/>\n<meta name=\"twitter:label1\" content=\"Dur\u00e9e de lecture estim\u00e9e\" \/>\n\t<meta name=\"twitter:data1\" content=\"1 minute\" \/>\n<script type=\"application\/ld+json\" class=\"yoast-schema-graph\">{\"@context\":\"https:\\\/\\\/schema.org\",\"@graph\":[{\"@type\":\"WebPage\",\"@id\":\"https:\\\/\\\/www.barosa.com\\\/produto\\\/vieiras-do-peru-meia-concha-30-40-catering\\\/\",\"url\":\"https:\\\/\\\/www.barosa.com\\\/produto\\\/vieiras-do-peru-meia-concha-30-40-catering\\\/\",\"name\":\"Vieiras do Per\u00fa Meia Concha 30\\\/40 (catering) - BAROSA Congelados | Manuel de Sousa Barosa, Lda.\",\"isPartOf\":{\"@id\":\"https:\\\/\\\/www.barosa.com\\\/#website\"},\"primaryImageOfPage\":{\"@id\":\"https:\\\/\\\/www.barosa.com\\\/produto\\\/vieiras-do-peru-meia-concha-30-40-catering\\\/#primaryimage\"},\"image\":{\"@id\":\"https:\\\/\\\/www.barosa.com\\\/produto\\\/vieiras-do-peru-meia-concha-30-40-catering\\\/#primaryimage\"},\"thumbnailUrl\":\"https:\\\/\\\/www.barosa.com\\\/wp-content\\\/uploads\\\/2024\\\/07\\\/Vieira-do-Peru-Meia-Concha.jpg\",\"datePublished\":\"2025-11-18T22:02:56+00:00\",\"dateModified\":\"2025-11-18T22:04:25+00:00\",\"description\":\"A vieira \u00e9 um fruto do mar leve e suculento que costuma ser servido em restaurantes sofisticados. Depois de descongel\u00e1-la, voc\u00ea pode grelhar ou assar a vieira para servir uma refei\u00e7\u00e3o deliciosa!\",\"breadcrumb\":{\"@id\":\"https:\\\/\\\/www.barosa.com\\\/produto\\\/vieiras-do-peru-meia-concha-30-40-catering\\\/#breadcrumb\"},\"inLanguage\":\"fr-FR\",\"potentialAction\":[{\"@type\":\"ReadAction\",\"target\":[\"https:\\\/\\\/www.barosa.com\\\/produto\\\/vieiras-do-peru-meia-concha-30-40-catering\\\/\"]}]},{\"@type\":\"ImageObject\",\"inLanguage\":\"fr-FR\",\"@id\":\"https:\\\/\\\/www.barosa.com\\\/produto\\\/vieiras-do-peru-meia-concha-30-40-catering\\\/#primaryimage\",\"url\":\"https:\\\/\\\/www.barosa.com\\\/wp-content\\\/uploads\\\/2024\\\/07\\\/Vieira-do-Peru-Meia-Concha.jpg\",\"contentUrl\":\"https:\\\/\\\/www.barosa.com\\\/wp-content\\\/uploads\\\/2024\\\/07\\\/Vieira-do-Peru-Meia-Concha.jpg\",\"width\":1000,\"height\":1000,\"caption\":\"Vieira do Peru Meia Concha\"},{\"@type\":\"BreadcrumbList\",\"@id\":\"https:\\\/\\\/www.barosa.com\\\/produto\\\/vieiras-do-peru-meia-concha-30-40-catering\\\/#breadcrumb\",\"itemListElement\":[{\"@type\":\"ListItem\",\"position\":1,\"name\":\"In\u00edcio\",\"item\":\"https:\\\/\\\/www.barosa.com\\\/\"},{\"@type\":\"ListItem\",\"position\":2,\"name\":\"Shop\",\"item\":\"https:\\\/\\\/www.barosa.com\\\/shop\\\/\"},{\"@type\":\"ListItem\",\"position\":3,\"name\":\"Vieiras do Per\u00fa Meia Concha 30\\\/40 (catering)\"}]},{\"@type\":\"WebSite\",\"@id\":\"https:\\\/\\\/www.barosa.com\\\/#website\",\"url\":\"https:\\\/\\\/www.barosa.com\\\/\",\"name\":\"BAROSA Congelados | Manuel de Sousa Barosa, Lda.\",\"description\":\"Empresa de transforma\u00e7\u00e3o e comercializa\u00e7\u00e3o de produtos alimentares congelados. BAROSA \u00ae Pescados, &quot;N\u00e3o h\u00e1 bom garfo que resista\u00ae&quot;. BAROSA \u00ae FoodService &quot;O lado bom da comida\u00ae&quot;. Pescados Crust\u00e1ceos Mariscos Cefal\u00f3podes Bivalves Padaria Pastelaria Pizzas Sobremesas\",\"publisher\":{\"@id\":\"https:\\\/\\\/www.barosa.com\\\/#organization\"},\"alternateName\":\"BAROSA\u00ae\",\"potentialAction\":[{\"@type\":\"SearchAction\",\"target\":{\"@type\":\"EntryPoint\",\"urlTemplate\":\"https:\\\/\\\/www.barosa.com\\\/?s={search_term_string}\"},\"query-input\":{\"@type\":\"PropertyValueSpecification\",\"valueRequired\":true,\"valueName\":\"search_term_string\"}}],\"inLanguage\":\"fr-FR\"},{\"@type\":\"Organization\",\"@id\":\"https:\\\/\\\/www.barosa.com\\\/#organization\",\"name\":\"Manuel de Sousa Barosa, Lda.\",\"alternateName\":\"BAROSA\",\"url\":\"https:\\\/\\\/www.barosa.com\\\/\",\"logo\":{\"@type\":\"ImageObject\",\"inLanguage\":\"fr-FR\",\"@id\":\"https:\\\/\\\/www.barosa.com\\\/#\\\/schema\\\/logo\\\/image\\\/\",\"url\":\"https:\\\/\\\/www.barosa.com\\\/wp-content\\\/uploads\\\/2025\\\/03\\\/BAROSA-Logo-696x696-1.jpg\",\"contentUrl\":\"https:\\\/\\\/www.barosa.com\\\/wp-content\\\/uploads\\\/2025\\\/03\\\/BAROSA-Logo-696x696-1.jpg\",\"width\":696,\"height\":696,\"caption\":\"Manuel de Sousa Barosa, Lda.\"},\"image\":{\"@id\":\"https:\\\/\\\/www.barosa.com\\\/#\\\/schema\\\/logo\\\/image\\\/\"},\"sameAs\":[\"http:\\\/\\\/www.facebook.com\\\/barosa\\\/\",\"https:\\\/\\\/x.com\\\/barosa_lda\",\"https:\\\/\\\/www.instagram.com\\\/barosa_lda\\\/\",\"https:\\\/\\\/pt.linkedin.com\\\/company\\\/barosa-lda\"],\"description\":\"Empresa de transforma\u00e7\u00e3o e comercializa\u00e7\u00e3o de produtos alimentares congelados. BAROSA \u00ae Pescados, \\\"N\u00e3o h\u00e1 bom garfo que resista\u00ae\\\". BAROSA \u00ae FoodService \\\"O lado bom da comida!\u00ae\\\"\",\"email\":\"info@barosa.com\",\"telephone\":\"+351 262824403\",\"legalName\":\"Manuel de Sousa Barosa, Lda.\",\"foundingDate\":\"1975-05-21\",\"vatID\":\"503365190\",\"taxID\":\"503365190\",\"duns\":\"452388713\",\"numberOfEmployees\":{\"@type\":\"QuantitativeValue\",\"minValue\":\"11\",\"maxValue\":\"50\"},\"ethicsPolicy\":\"https:\\\/\\\/www.barosa.com\\\/politicaprivacidade\\\/\"}]}<\/script>\n<!-- \/ Yoast SEO Premium plugin. -->","yoast_head_json":{"title":"Coquilles Saint-Jacques de Turquie demi-coquille 30\/40 (catering) - BAROSA Congelados | Manuel de Sousa Barosa, Lda.","description":"La coquille Saint-Jacques est un fruit de mer l\u00e9ger et succulent qui est souvent servi dans les restaurants sophistiqu\u00e9s. Apr\u00e8s l'avoir d\u00e9congel\u00e9e, vous pouvez la faire griller ou cuire au four pour servir un d\u00e9licieux repas !","robots":{"index":"index","follow":"follow","max-snippet":"max-snippet:-1","max-image-preview":"max-image-preview:large","max-video-preview":"max-video-preview:-1"},"canonical":"https:\/\/www.barosa.com\/fr\/produit\/vieiras-do-peru-meia-concha-30-40-catering\/","og_locale":"fr_FR","og_type":"article","og_title":"Vieiras do Per\u00fa Meia Concha 30\/40 (catering)","og_description":"A vieira \u00e9 um fruto do mar leve e suculento que costuma ser servido em restaurantes sofisticados. Depois de descongel\u00e1-la, voc\u00ea pode grelhar ou assar a vieira para servir uma refei\u00e7\u00e3o deliciosa!","og_url":"https:\/\/www.barosa.com\/fr\/produit\/vieiras-do-peru-meia-concha-30-40-catering\/","og_site_name":"BAROSA Congelados | Manuel de Sousa Barosa, Lda.","article_publisher":"http:\/\/www.facebook.com\/barosa\/","article_modified_time":"2025-11-18T22:04:25+00:00","og_image":[{"width":1000,"height":1000,"url":"https:\/\/www.barosa.com\/wp-content\/uploads\/2024\/07\/Vieira-do-Peru-Meia-Concha.jpg","type":"image\/jpeg"}],"twitter_card":"summary_large_image","twitter_site":"@barosa_lda","twitter_misc":{"Dur\u00e9e de lecture estim\u00e9e":"1 minute"},"schema":{"@context":"https:\/\/schema.org","@graph":[{"@type":"WebPage","@id":"https:\/\/www.barosa.com\/produto\/vieiras-do-peru-meia-concha-30-40-catering\/","url":"https:\/\/www.barosa.com\/produto\/vieiras-do-peru-meia-concha-30-40-catering\/","name":"Coquilles Saint-Jacques de Turquie demi-coquille 30\/40 (catering) - BAROSA Congelados | Manuel de Sousa Barosa, Lda.","isPartOf":{"@id":"https:\/\/www.barosa.com\/#website"},"primaryImageOfPage":{"@id":"https:\/\/www.barosa.com\/produto\/vieiras-do-peru-meia-concha-30-40-catering\/#primaryimage"},"image":{"@id":"https:\/\/www.barosa.com\/produto\/vieiras-do-peru-meia-concha-30-40-catering\/#primaryimage"},"thumbnailUrl":"https:\/\/www.barosa.com\/wp-content\/uploads\/2024\/07\/Vieira-do-Peru-Meia-Concha.jpg","datePublished":"2025-11-18T22:02:56+00:00","dateModified":"2025-11-18T22:04:25+00:00","description":"La coquille Saint-Jacques est un fruit de mer l\u00e9ger et succulent qui est souvent servi dans les restaurants sophistiqu\u00e9s. Apr\u00e8s l'avoir d\u00e9congel\u00e9e, vous pouvez la faire griller ou cuire au four pour servir un d\u00e9licieux repas !","breadcrumb":{"@id":"https:\/\/www.barosa.com\/produto\/vieiras-do-peru-meia-concha-30-40-catering\/#breadcrumb"},"inLanguage":"fr-FR","potentialAction":[{"@type":"ReadAction","target":["https:\/\/www.barosa.com\/produto\/vieiras-do-peru-meia-concha-30-40-catering\/"]}]},{"@type":"ImageObject","inLanguage":"fr-FR","@id":"https:\/\/www.barosa.com\/produto\/vieiras-do-peru-meia-concha-30-40-catering\/#primaryimage","url":"https:\/\/www.barosa.com\/wp-content\/uploads\/2024\/07\/Vieira-do-Peru-Meia-Concha.jpg","contentUrl":"https:\/\/www.barosa.com\/wp-content\/uploads\/2024\/07\/Vieira-do-Peru-Meia-Concha.jpg","width":1000,"height":1000,"caption":"Vieira do Peru Meia Concha"},{"@type":"BreadcrumbList","@id":"https:\/\/www.barosa.com\/produto\/vieiras-do-peru-meia-concha-30-40-catering\/#breadcrumb","itemListElement":[{"@type":"ListItem","position":1,"name":"In\u00edcio","item":"https:\/\/www.barosa.com\/"},{"@type":"ListItem","position":2,"name":"Shop","item":"https:\/\/www.barosa.com\/shop\/"},{"@type":"ListItem","position":3,"name":"Vieiras do Per\u00fa Meia Concha 30\/40 (catering)"}]},{"@type":"WebSite","@id":"https:\/\/www.barosa.com\/#website","url":"https:\/\/www.barosa.com\/","name":"BAROSA Congelados | Manuel de Sousa Barosa, Lda.","description":"Entreprise de transformation et commercialisation de produits alimentaires surgel\u00e9s. BAROSA \u00ae Pescados, \" Aucune bonne fourchette ne peut y r\u00e9sister\u00ae \". BAROSA \u00ae FoodService \" Le bon c\u00f4t\u00e9 de la nourriture\u00ae \". Poissons Crustac\u00e9s Fruits de mer C\u00e9phalopodes Bivalves Boulangerie P\u00e2tisserie Pizzas Desserts","publisher":{"@id":"https:\/\/www.barosa.com\/#organization"},"alternateName":"BAROSA\u00ae","potentialAction":[{"@type":"SearchAction","target":{"@type":"EntryPoint","urlTemplate":"https:\/\/www.barosa.com\/?s={search_term_string}"},"query-input":{"@type":"PropertyValueSpecification","valueRequired":true,"valueName":"search_term_string"}}],"inLanguage":"fr-FR"},{"@type":"Organization","@id":"https:\/\/www.barosa.com\/#organization","name":"Manuel de Sousa Barosa, Lda.","alternateName":"BAROSA","url":"https:\/\/www.barosa.com\/","logo":{"@type":"ImageObject","inLanguage":"fr-FR","@id":"https:\/\/www.barosa.com\/#\/schema\/logo\/image\/","url":"https:\/\/www.barosa.com\/wp-content\/uploads\/2025\/03\/BAROSA-Logo-696x696-1.jpg","contentUrl":"https:\/\/www.barosa.com\/wp-content\/uploads\/2025\/03\/BAROSA-Logo-696x696-1.jpg","width":696,"height":696,"caption":"Manuel de Sousa Barosa, Lda."},"image":{"@id":"https:\/\/www.barosa.com\/#\/schema\/logo\/image\/"},"sameAs":["http:\/\/www.facebook.com\/barosa\/","https:\/\/x.com\/barosa_lda","https:\/\/www.instagram.com\/barosa_lda\/","https:\/\/pt.linkedin.com\/company\/barosa-lda"],"description":"Entreprise de transformation et commercialisation de produits alimentaires surgel\u00e9s. BAROSA \u00ae Pescados, \" Aucune bonne fourchette ne peut y r\u00e9sister\u00ae \". BAROSA \u00ae FoodService \" Le bon c\u00f4t\u00e9 de la nourriture !\u00ae \"","email":"info@barosa.com","telephone":"+351 262824403","legalName":"Manuel de Sousa Barosa, Lda.","foundingDate":"1975-05-21","vatID":"503365190","taxID":"503365190","duns":"452388713","numberOfEmployees":{"@type":"QuantitativeValue","minValue":"11","maxValue":"50"},"ethicsPolicy":"https:\/\/www.barosa.com\/politicaprivacidade\/"}]}},"_links":{"self":[{"href":"https:\/\/www.barosa.com\/fr\/wp-json\/wp\/v2\/product\/19370","targetHints":{"allow":["GET"]}}],"collection":[{"href":"https:\/\/www.barosa.com\/fr\/wp-json\/wp\/v2\/product"}],"about":[{"href":"https:\/\/www.barosa.com\/fr\/wp-json\/wp\/v2\/types\/product"}],"wp:featuredmedia":[{"embeddable":true,"href":"https:\/\/www.barosa.com\/fr\/wp-json\/wp\/v2\/media\/12013"}],"wp:attachment":[{"href":"https:\/\/www.barosa.com\/fr\/wp-json\/wp\/v2\/media?parent=19370"}],"wp:term":[{"taxonomy":"product_brand","embeddable":true,"href":"https:\/\/www.barosa.com\/fr\/wp-json\/wp\/v2\/product_brand?post=19370"},{"taxonomy":"product_cat","embeddable":true,"href":"https:\/\/www.barosa.com\/fr\/wp-json\/wp\/v2\/product_cat?post=19370"},{"taxonomy":"product_tag","embeddable":true,"href":"https:\/\/www.barosa.com\/fr\/wp-json\/wp\/v2\/product_tag?post=19370"}],"curies":[{"name":"wp","href":"https:\/\/api.w.org\/{rel}","templated":true}]}}