{"id":16652,"date":"2025-07-06T19:21:58","date_gmt":"2025-07-06T19:21:58","guid":{"rendered":"https:\/\/www.barosa.com\/?post_type=product&#038;p=16652"},"modified":"2025-08-06T21:22:04","modified_gmt":"2025-08-06T21:22:04","slug":"maizena-desmoldante-spray-500ml","status":"publish","type":"product","link":"https:\/\/www.barosa.com\/fr\/produto\/maizena-desmoldante-spray-500ml\/","title":{"rendered":"Maizena Release Spray 500ml"},"content":{"rendered":"","protected":false},"excerpt":{"rendered":"<p><strong>Formato: <\/strong>Embalagem com 500 ml<\/p>\n<p><strong>Descri\u00e7\u00e3o<\/strong><br \/>\nDesmoldante em spray para utiliza\u00e7\u00e3o em qualquer tipo de produto de padaria e pastelaria.<\/p>\n[bg_collapse view=\"link\" color=\"#49494a\" icon=\"arrow\" expand_text=\"Mostrar mais\" collapse_text=\"Mostrar menos\" ]<\/p>\n<p>Spray anti-aderente \u00e0 base de \u00f3leo de colza. Sem odor, cor nem sabor.<\/p>\n<p><strong>Principais utiliza\u00e7\u00f5es:<\/strong><\/p>\n<ul>\n<li>Formas;<\/li>\n<li>Tabuleiros;<\/li>\n<li>Frigideiras;<\/li>\n<li>Pizzas;<\/li>\n<li>Chapas;<\/li>\n<li>Grelhas.<\/li>\n<\/ul>\n<p><strong>Benef\u00edcios:<\/strong><\/p>\n<ul>\n<li>Adere facilmente \u00e0s superf\u00edcies;<\/li>\n<li>Resistente a altas temperaturas;<\/li>\n<li>N\u00e3o altera as prepara\u00e7\u00f5es doces nem salgadas;<\/li>\n<li>F\u00e1cil de dosear, reduzindo o desperd\u00edcio;<\/li>\n<li>Pr\u00e1tico e liberta tempo;<\/li>\n<li>Higi\u00e9nico (sem manuseamento direto).<\/li>\n<\/ul>\n<p><strong>Este produto cont\u00e9m:<\/strong><\/p>\n<p>\u00d3leos essenciais (colza, girassol), propulsor: butano, propano, isobutano; cera de carna\u00faba, emulsificante: lecitina; antioxidante: extratos ricos em tocoferol.<\/p>\n<p>[\/bg_collapse]\n<p><img loading=\"lazy\" decoding=\"async\" class=\"alignnone wp-image-7280\" src=\"https:\/\/www.barosa.com\/wp-content\/uploads\/2022\/03\/vegan.png\" alt=\"vegan\" width=\"50\" height=\"45\" srcset=\"https:\/\/www.barosa.com\/wp-content\/uploads\/2022\/03\/vegan.png 110w, https:\/\/www.barosa.com\/wp-content\/uploads\/2022\/03\/vegan-13x12.png 13w\" sizes=\"auto, (max-width: 50px) 100vw, 50px\" \/><img loading=\"lazy\" decoding=\"async\" class=\"alignnone wp-image-8698\" src=\"https:\/\/www.barosa.com\/wp-content\/uploads\/2022\/11\/sem-lactose-grey.png\" alt=\"Sem lactose grey\" width=\"50\" height=\"50\" srcset=\"https:\/\/www.barosa.com\/wp-content\/uploads\/2022\/11\/sem-lactose-grey.png 81w, https:\/\/www.barosa.com\/wp-content\/uploads\/2022\/11\/sem-lactose-grey-12x12.png 12w\" sizes=\"auto, (max-width: 50px) 100vw, 50px\" \/><img loading=\"lazy\" decoding=\"async\" class=\"alignnone wp-image-9276\" src=\"https:\/\/www.barosa.com\/wp-content\/uploads\/2023\/04\/Sem-Gluten-300x300.png\" alt=\"Sem Gl\u00faten\" width=\"50\" height=\"50\" srcset=\"https:\/\/www.barosa.com\/wp-content\/uploads\/2023\/04\/Sem-Gluten-300x300.png 300w, https:\/\/www.barosa.com\/wp-content\/uploads\/2023\/04\/Sem-Gluten-150x150.png 150w, https:\/\/www.barosa.com\/wp-content\/uploads\/2023\/04\/Sem-Gluten-12x12.png 12w, https:\/\/www.barosa.com\/wp-content\/uploads\/2023\/04\/Sem-Gluten-500x500.png 500w, https:\/\/www.barosa.com\/wp-content\/uploads\/2023\/04\/Sem-Gluten-100x100.png 100w, https:\/\/www.barosa.com\/wp-content\/uploads\/2023\/04\/Sem-Gluten.png 525w\" sizes=\"auto, (max-width: 50px) 100vw, 50px\" \/><\/p>\n","protected":false},"featured_media":16653,"template":"","meta":[],"product_brand":[741],"product_cat":[506],"product_tag":[],"class_list":{"0":"post-16652","1":"product","2":"type-product","3":"status-publish","4":"has-post-thumbnail","6":"product_brand-maizena","7":"product_cat-outras-categorias","9":"first","10":"instock","11":"taxable","12":"shipping-taxable","13":"purchasable","14":"product-type-simple"},"yoast_head":"<!-- This site is optimized with the Yoast SEO Premium plugin v27.6 (Yoast SEO v27.6) - https:\/\/yoast.com\/product\/yoast-seo-premium-wordpress\/ -->\n<title>Maizena Desmoldante Spray 500ml - BAROSA Congelados | Manuel de Sousa Barosa, Lda.<\/title>\n<meta name=\"description\" content=\"Desmoldante em spray para utiliza\u00e7\u00e3o em qualquer tipo de produto de padaria e pastelaria.\" \/>\n<meta name=\"robots\" content=\"index, follow, max-snippet:-1, max-image-preview:large, max-video-preview:-1\" \/>\n<link rel=\"canonical\" href=\"https:\/\/www.barosa.com\/fr\/produit\/maizena-desmoldante-spray-500ml\/\" \/>\n<meta property=\"og:locale\" content=\"fr_FR\" \/>\n<meta property=\"og:type\" content=\"article\" \/>\n<meta property=\"og:title\" content=\"Maizena Desmoldante Spray 500ml\" \/>\n<meta property=\"og:description\" content=\"Desmoldante em spray para utiliza\u00e7\u00e3o em qualquer tipo de produto de padaria e pastelaria.\" \/>\n<meta property=\"og:url\" content=\"https:\/\/www.barosa.com\/fr\/produit\/maizena-desmoldante-spray-500ml\/\" \/>\n<meta property=\"og:site_name\" content=\"BAROSA Congelados | Manuel de Sousa Barosa, Lda.\" \/>\n<meta property=\"article:publisher\" content=\"http:\/\/www.facebook.com\/barosa\/\" \/>\n<meta property=\"article:modified_time\" content=\"2025-08-06T21:22:04+00:00\" \/>\n<meta property=\"og:image\" content=\"https:\/\/www.barosa.com\/wp-content\/uploads\/2025\/07\/Maizena-Stacca-Facile.webp\" \/>\n\t<meta property=\"og:image:width\" content=\"1000\" \/>\n\t<meta property=\"og:image:height\" content=\"1000\" \/>\n\t<meta property=\"og:image:type\" content=\"image\/jpeg\" \/>\n<meta name=\"twitter:card\" content=\"summary_large_image\" \/>\n<meta name=\"twitter:site\" content=\"@barosa_lda\" \/>\n<meta name=\"twitter:label1\" content=\"Dur\u00e9e de lecture estim\u00e9e\" \/>\n\t<meta name=\"twitter:data1\" content=\"1 minute\" \/>\n<script type=\"application\/ld+json\" class=\"yoast-schema-graph\">{\"@context\":\"https:\\\/\\\/schema.org\",\"@graph\":[{\"@type\":\"WebPage\",\"@id\":\"https:\\\/\\\/www.barosa.com\\\/produto\\\/maizena-desmoldante-spray-500ml\\\/\",\"url\":\"https:\\\/\\\/www.barosa.com\\\/produto\\\/maizena-desmoldante-spray-500ml\\\/\",\"name\":\"Maizena Desmoldante Spray 500ml - BAROSA Congelados | Manuel de Sousa Barosa, Lda.\",\"isPartOf\":{\"@id\":\"https:\\\/\\\/www.barosa.com\\\/#website\"},\"primaryImageOfPage\":{\"@id\":\"https:\\\/\\\/www.barosa.com\\\/produto\\\/maizena-desmoldante-spray-500ml\\\/#primaryimage\"},\"image\":{\"@id\":\"https:\\\/\\\/www.barosa.com\\\/produto\\\/maizena-desmoldante-spray-500ml\\\/#primaryimage\"},\"thumbnailUrl\":\"https:\\\/\\\/www.barosa.com\\\/wp-content\\\/uploads\\\/2025\\\/07\\\/Maizena-Stacca-Facile.webp\",\"datePublished\":\"2025-07-06T19:21:58+00:00\",\"dateModified\":\"2025-08-06T21:22:04+00:00\",\"description\":\"Desmoldante em spray para utiliza\u00e7\u00e3o em qualquer tipo de produto de padaria e pastelaria.\",\"breadcrumb\":{\"@id\":\"https:\\\/\\\/www.barosa.com\\\/produto\\\/maizena-desmoldante-spray-500ml\\\/#breadcrumb\"},\"inLanguage\":\"fr-FR\",\"potentialAction\":[{\"@type\":\"ReadAction\",\"target\":[\"https:\\\/\\\/www.barosa.com\\\/produto\\\/maizena-desmoldante-spray-500ml\\\/\"]}]},{\"@type\":\"ImageObject\",\"inLanguage\":\"fr-FR\",\"@id\":\"https:\\\/\\\/www.barosa.com\\\/produto\\\/maizena-desmoldante-spray-500ml\\\/#primaryimage\",\"url\":\"https:\\\/\\\/www.barosa.com\\\/wp-content\\\/uploads\\\/2025\\\/07\\\/Maizena-Stacca-Facile.webp\",\"contentUrl\":\"https:\\\/\\\/www.barosa.com\\\/wp-content\\\/uploads\\\/2025\\\/07\\\/Maizena-Stacca-Facile.webp\",\"width\":1000,\"height\":1000,\"caption\":\"Maizena Stacca Facile\"},{\"@type\":\"BreadcrumbList\",\"@id\":\"https:\\\/\\\/www.barosa.com\\\/produto\\\/maizena-desmoldante-spray-500ml\\\/#breadcrumb\",\"itemListElement\":[{\"@type\":\"ListItem\",\"position\":1,\"name\":\"In\u00edcio\",\"item\":\"https:\\\/\\\/www.barosa.com\\\/\"},{\"@type\":\"ListItem\",\"position\":2,\"name\":\"Shop\",\"item\":\"https:\\\/\\\/www.barosa.com\\\/shop\\\/\"},{\"@type\":\"ListItem\",\"position\":3,\"name\":\"Maizena Desmoldante Spray 500ml\"}]},{\"@type\":\"WebSite\",\"@id\":\"https:\\\/\\\/www.barosa.com\\\/#website\",\"url\":\"https:\\\/\\\/www.barosa.com\\\/\",\"name\":\"BAROSA Congelados | Manuel de Sousa Barosa, Lda.\",\"description\":\"Empresa de transforma\u00e7\u00e3o e comercializa\u00e7\u00e3o de produtos alimentares congelados. BAROSA \u00ae Pescados, &quot;N\u00e3o h\u00e1 bom garfo que resista\u00ae&quot;. BAROSA \u00ae FoodService &quot;O lado bom da comida\u00ae&quot;. Pescados Crust\u00e1ceos Mariscos Cefal\u00f3podes Bivalves Padaria Pastelaria Pizzas Sobremesas\",\"publisher\":{\"@id\":\"https:\\\/\\\/www.barosa.com\\\/#organization\"},\"alternateName\":\"BAROSA\u00ae\",\"potentialAction\":[{\"@type\":\"SearchAction\",\"target\":{\"@type\":\"EntryPoint\",\"urlTemplate\":\"https:\\\/\\\/www.barosa.com\\\/?s={search_term_string}\"},\"query-input\":{\"@type\":\"PropertyValueSpecification\",\"valueRequired\":true,\"valueName\":\"search_term_string\"}}],\"inLanguage\":\"fr-FR\"},{\"@type\":\"Organization\",\"@id\":\"https:\\\/\\\/www.barosa.com\\\/#organization\",\"name\":\"Manuel de Sousa Barosa, Lda.\",\"alternateName\":\"BAROSA\",\"url\":\"https:\\\/\\\/www.barosa.com\\\/\",\"logo\":{\"@type\":\"ImageObject\",\"inLanguage\":\"fr-FR\",\"@id\":\"https:\\\/\\\/www.barosa.com\\\/#\\\/schema\\\/logo\\\/image\\\/\",\"url\":\"https:\\\/\\\/www.barosa.com\\\/wp-content\\\/uploads\\\/2025\\\/03\\\/BAROSA-Logo-696x696-1.jpg\",\"contentUrl\":\"https:\\\/\\\/www.barosa.com\\\/wp-content\\\/uploads\\\/2025\\\/03\\\/BAROSA-Logo-696x696-1.jpg\",\"width\":696,\"height\":696,\"caption\":\"Manuel de Sousa Barosa, Lda.\"},\"image\":{\"@id\":\"https:\\\/\\\/www.barosa.com\\\/#\\\/schema\\\/logo\\\/image\\\/\"},\"sameAs\":[\"http:\\\/\\\/www.facebook.com\\\/barosa\\\/\",\"https:\\\/\\\/x.com\\\/barosa_lda\",\"https:\\\/\\\/www.instagram.com\\\/barosa_lda\\\/\",\"https:\\\/\\\/pt.linkedin.com\\\/company\\\/barosa-lda\"],\"description\":\"Empresa de transforma\u00e7\u00e3o e comercializa\u00e7\u00e3o de produtos alimentares congelados. BAROSA \u00ae Pescados, \\\"N\u00e3o h\u00e1 bom garfo que resista\u00ae\\\". BAROSA \u00ae FoodService \\\"O lado bom da comida!\u00ae\\\"\",\"email\":\"info@barosa.com\",\"telephone\":\"+351 262824403\",\"legalName\":\"Manuel de Sousa Barosa, Lda.\",\"foundingDate\":\"1975-05-21\",\"vatID\":\"503365190\",\"taxID\":\"503365190\",\"duns\":\"452388713\",\"numberOfEmployees\":{\"@type\":\"QuantitativeValue\",\"minValue\":\"11\",\"maxValue\":\"50\"},\"ethicsPolicy\":\"https:\\\/\\\/www.barosa.com\\\/politicaprivacidade\\\/\"}]}<\/script>\n<!-- \/ Yoast SEO Premium plugin. -->","yoast_head_json":{"title":"Maizena Release Spray 500ml - BAROSA Congelados | Manuel de Sousa Barosa, Lda.","description":"Agent de d\u00e9moulage par pulv\u00e9risation pour tous les types de produits de boulangerie et de p\u00e2tisserie.","robots":{"index":"index","follow":"follow","max-snippet":"max-snippet:-1","max-image-preview":"max-image-preview:large","max-video-preview":"max-video-preview:-1"},"canonical":"https:\/\/www.barosa.com\/fr\/produit\/maizena-desmoldante-spray-500ml\/","og_locale":"fr_FR","og_type":"article","og_title":"Maizena Desmoldante Spray 500ml","og_description":"Desmoldante em spray para utiliza\u00e7\u00e3o em qualquer tipo de produto de padaria e pastelaria.","og_url":"https:\/\/www.barosa.com\/fr\/produit\/maizena-desmoldante-spray-500ml\/","og_site_name":"BAROSA Congelados | Manuel de Sousa Barosa, Lda.","article_publisher":"http:\/\/www.facebook.com\/barosa\/","article_modified_time":"2025-08-06T21:22:04+00:00","og_image":[{"width":1000,"height":1000,"url":"https:\/\/www.barosa.com\/wp-content\/uploads\/2025\/07\/Maizena-Stacca-Facile.webp","type":"image\/jpeg"}],"twitter_card":"summary_large_image","twitter_site":"@barosa_lda","twitter_misc":{"Dur\u00e9e de lecture estim\u00e9e":"1 minute"},"schema":{"@context":"https:\/\/schema.org","@graph":[{"@type":"WebPage","@id":"https:\/\/www.barosa.com\/produto\/maizena-desmoldante-spray-500ml\/","url":"https:\/\/www.barosa.com\/produto\/maizena-desmoldante-spray-500ml\/","name":"Maizena Release Spray 500ml - BAROSA Congelados | Manuel de Sousa Barosa, Lda.","isPartOf":{"@id":"https:\/\/www.barosa.com\/#website"},"primaryImageOfPage":{"@id":"https:\/\/www.barosa.com\/produto\/maizena-desmoldante-spray-500ml\/#primaryimage"},"image":{"@id":"https:\/\/www.barosa.com\/produto\/maizena-desmoldante-spray-500ml\/#primaryimage"},"thumbnailUrl":"https:\/\/www.barosa.com\/wp-content\/uploads\/2025\/07\/Maizena-Stacca-Facile.webp","datePublished":"2025-07-06T19:21:58+00:00","dateModified":"2025-08-06T21:22:04+00:00","description":"Agent de d\u00e9moulage par pulv\u00e9risation pour tous les types de produits de boulangerie et de p\u00e2tisserie.","breadcrumb":{"@id":"https:\/\/www.barosa.com\/produto\/maizena-desmoldante-spray-500ml\/#breadcrumb"},"inLanguage":"fr-FR","potentialAction":[{"@type":"ReadAction","target":["https:\/\/www.barosa.com\/produto\/maizena-desmoldante-spray-500ml\/"]}]},{"@type":"ImageObject","inLanguage":"fr-FR","@id":"https:\/\/www.barosa.com\/produto\/maizena-desmoldante-spray-500ml\/#primaryimage","url":"https:\/\/www.barosa.com\/wp-content\/uploads\/2025\/07\/Maizena-Stacca-Facile.webp","contentUrl":"https:\/\/www.barosa.com\/wp-content\/uploads\/2025\/07\/Maizena-Stacca-Facile.webp","width":1000,"height":1000,"caption":"Maizena Stacca Facile"},{"@type":"BreadcrumbList","@id":"https:\/\/www.barosa.com\/produto\/maizena-desmoldante-spray-500ml\/#breadcrumb","itemListElement":[{"@type":"ListItem","position":1,"name":"In\u00edcio","item":"https:\/\/www.barosa.com\/"},{"@type":"ListItem","position":2,"name":"Shop","item":"https:\/\/www.barosa.com\/shop\/"},{"@type":"ListItem","position":3,"name":"Maizena Desmoldante Spray 500ml"}]},{"@type":"WebSite","@id":"https:\/\/www.barosa.com\/#website","url":"https:\/\/www.barosa.com\/","name":"BAROSA Congelados | Manuel de Sousa Barosa, Lda.","description":"Entreprise de transformation et commercialisation de produits alimentaires surgel\u00e9s. BAROSA \u00ae Pescados, \" Aucune bonne fourchette ne peut y r\u00e9sister\u00ae \". BAROSA \u00ae FoodService \" Le bon c\u00f4t\u00e9 de la nourriture\u00ae \". Poissons Crustac\u00e9s Fruits de mer C\u00e9phalopodes Bivalves Boulangerie P\u00e2tisserie Pizzas Desserts","publisher":{"@id":"https:\/\/www.barosa.com\/#organization"},"alternateName":"BAROSA\u00ae","potentialAction":[{"@type":"SearchAction","target":{"@type":"EntryPoint","urlTemplate":"https:\/\/www.barosa.com\/?s={search_term_string}"},"query-input":{"@type":"PropertyValueSpecification","valueRequired":true,"valueName":"search_term_string"}}],"inLanguage":"fr-FR"},{"@type":"Organization","@id":"https:\/\/www.barosa.com\/#organization","name":"Manuel de Sousa Barosa, Lda.","alternateName":"BAROSA","url":"https:\/\/www.barosa.com\/","logo":{"@type":"ImageObject","inLanguage":"fr-FR","@id":"https:\/\/www.barosa.com\/#\/schema\/logo\/image\/","url":"https:\/\/www.barosa.com\/wp-content\/uploads\/2025\/03\/BAROSA-Logo-696x696-1.jpg","contentUrl":"https:\/\/www.barosa.com\/wp-content\/uploads\/2025\/03\/BAROSA-Logo-696x696-1.jpg","width":696,"height":696,"caption":"Manuel de Sousa Barosa, Lda."},"image":{"@id":"https:\/\/www.barosa.com\/#\/schema\/logo\/image\/"},"sameAs":["http:\/\/www.facebook.com\/barosa\/","https:\/\/x.com\/barosa_lda","https:\/\/www.instagram.com\/barosa_lda\/","https:\/\/pt.linkedin.com\/company\/barosa-lda"],"description":"Entreprise de transformation et commercialisation de produits alimentaires surgel\u00e9s. BAROSA \u00ae Pescados, \" Aucune bonne fourchette ne peut y r\u00e9sister\u00ae \". BAROSA \u00ae FoodService \" Le bon c\u00f4t\u00e9 de la nourriture !\u00ae \"","email":"info@barosa.com","telephone":"+351 262824403","legalName":"Manuel de Sousa Barosa, Lda.","foundingDate":"1975-05-21","vatID":"503365190","taxID":"503365190","duns":"452388713","numberOfEmployees":{"@type":"QuantitativeValue","minValue":"11","maxValue":"50"},"ethicsPolicy":"https:\/\/www.barosa.com\/politicaprivacidade\/"}]}},"_links":{"self":[{"href":"https:\/\/www.barosa.com\/fr\/wp-json\/wp\/v2\/product\/16652","targetHints":{"allow":["GET"]}}],"collection":[{"href":"https:\/\/www.barosa.com\/fr\/wp-json\/wp\/v2\/product"}],"about":[{"href":"https:\/\/www.barosa.com\/fr\/wp-json\/wp\/v2\/types\/product"}],"wp:featuredmedia":[{"embeddable":true,"href":"https:\/\/www.barosa.com\/fr\/wp-json\/wp\/v2\/media\/16653"}],"wp:attachment":[{"href":"https:\/\/www.barosa.com\/fr\/wp-json\/wp\/v2\/media?parent=16652"}],"wp:term":[{"taxonomy":"product_brand","embeddable":true,"href":"https:\/\/www.barosa.com\/fr\/wp-json\/wp\/v2\/product_brand?post=16652"},{"taxonomy":"product_cat","embeddable":true,"href":"https:\/\/www.barosa.com\/fr\/wp-json\/wp\/v2\/product_cat?post=16652"},{"taxonomy":"product_tag","embeddable":true,"href":"https:\/\/www.barosa.com\/fr\/wp-json\/wp\/v2\/product_tag?post=16652"}],"curies":[{"name":"wp","href":"https:\/\/api.w.org\/{rel}","templated":true}]}}