{"id":14040,"date":"2025-02-12T22:53:45","date_gmt":"2025-02-12T22:53:45","guid":{"rendered":"https:\/\/www.barosa.com\/?post_type=product&#038;p=14040"},"modified":"2025-04-03T22:19:03","modified_gmt":"2025-04-03T22:19:03","slug":"cornetto-max-tropical","status":"publish","type":"product","link":"https:\/\/www.barosa.com\/fr\/produto\/cornetto-max-tropical\/","title":{"rendered":"Cornetto Max Tropical"},"content":{"rendered":"","protected":false},"excerpt":{"rendered":"<p><span class=\"_ap3a _aaco _aacu _aacx _aad7 _aade\" dir=\"auto\">Glace fruit\u00e9e \u00e0 la mangue et sorbet cr\u00e9meux \u00e0 la vanille, surmont\u00e9s d'un disque blanc recouvert d'une fine couche de noix de coco et de morceaux de mangue. Au centre et sous le disque, une sauce tropicale \u00e0 la mangue et au fruit de la passion, surmont\u00e9e d'une gaufrette croustillante.<\/span><\/p>\n<p>Bo\u00eete de 24 unit\u00e9s<\/p>\n<h6><em>Produit surgel\u00e9<\/em><\/h6>","protected":false},"featured_media":14041,"template":"","meta":[],"product_brand":[712],"product_cat":[528],"product_tag":[],"class_list":{"0":"post-14040","1":"product","2":"type-product","3":"status-publish","4":"has-post-thumbnail","6":"product_brand-ola","7":"product_cat-gelados-impulse","9":"first","10":"instock","11":"taxable","12":"shipping-taxable","13":"purchasable","14":"product-type-simple"},"yoast_head":"<!-- This site is optimized with the Yoast SEO Premium plugin v27.6 (Yoast SEO v27.6) - https:\/\/yoast.com\/product\/yoast-seo-premium-wordpress\/ -->\n<title>Cornetto Max Tropical - BAROSA Congelados | Manuel de Sousa Barosa, Lda.<\/title>\n<meta name=\"description\" content=\"Gelado de manga frutado e sorvete cremoso de baunilha, coberto com um disco branco com uma fina cobertura de peda\u00e7os de coco e manga. Infundido com um molho tropical de manga e maracuj\u00e1 no centro e sob o disco, coberto com um wafer crocante.\" \/>\n<meta name=\"robots\" content=\"index, follow, max-snippet:-1, max-image-preview:large, max-video-preview:-1\" \/>\n<link rel=\"canonical\" href=\"https:\/\/www.barosa.com\/fr\/produit\/cornetto-max-tropical\/\" \/>\n<meta property=\"og:locale\" content=\"fr_FR\" \/>\n<meta property=\"og:type\" content=\"article\" \/>\n<meta property=\"og:title\" content=\"Cornetto Max Tropical\" \/>\n<meta property=\"og:description\" content=\"Gelado de manga frutado e sorvete cremoso de baunilha, coberto com um disco branco com uma fina cobertura de peda\u00e7os de coco e manga. Infundido com um molho tropical de manga e maracuj\u00e1 no centro e sob o disco, coberto com um wafer crocante.\" \/>\n<meta property=\"og:url\" content=\"https:\/\/www.barosa.com\/fr\/produit\/cornetto-max-tropical\/\" \/>\n<meta property=\"og:site_name\" content=\"BAROSA Congelados | Manuel de Sousa Barosa, Lda.\" \/>\n<meta property=\"article:publisher\" content=\"http:\/\/www.facebook.com\/barosa\/\" \/>\n<meta property=\"article:modified_time\" content=\"2025-04-03T22:19:03+00:00\" \/>\n<meta property=\"og:image\" content=\"https:\/\/www.barosa.com\/wp-content\/uploads\/2025\/02\/64902581_.jpg\" \/>\n\t<meta property=\"og:image:width\" content=\"1024\" \/>\n\t<meta property=\"og:image:height\" content=\"1024\" \/>\n\t<meta property=\"og:image:type\" content=\"image\/jpeg\" \/>\n<meta name=\"twitter:card\" content=\"summary_large_image\" \/>\n<meta name=\"twitter:site\" content=\"@barosa_lda\" \/>\n<meta name=\"twitter:label1\" content=\"Dur\u00e9e de lecture estim\u00e9e\" \/>\n\t<meta name=\"twitter:data1\" content=\"1 minute\" \/>\n<script type=\"application\/ld+json\" class=\"yoast-schema-graph\">{\"@context\":\"https:\\\/\\\/schema.org\",\"@graph\":[{\"@type\":\"WebPage\",\"@id\":\"https:\\\/\\\/www.barosa.com\\\/produto\\\/cornetto-max-tropical\\\/\",\"url\":\"https:\\\/\\\/www.barosa.com\\\/produto\\\/cornetto-max-tropical\\\/\",\"name\":\"Cornetto Max Tropical - BAROSA Congelados | Manuel de Sousa Barosa, Lda.\",\"isPartOf\":{\"@id\":\"https:\\\/\\\/www.barosa.com\\\/#website\"},\"primaryImageOfPage\":{\"@id\":\"https:\\\/\\\/www.barosa.com\\\/produto\\\/cornetto-max-tropical\\\/#primaryimage\"},\"image\":{\"@id\":\"https:\\\/\\\/www.barosa.com\\\/produto\\\/cornetto-max-tropical\\\/#primaryimage\"},\"thumbnailUrl\":\"https:\\\/\\\/www.barosa.com\\\/wp-content\\\/uploads\\\/2025\\\/02\\\/64902581_.jpg\",\"datePublished\":\"2025-02-12T22:53:45+00:00\",\"dateModified\":\"2025-04-03T22:19:03+00:00\",\"description\":\"Gelado de manga frutado e sorvete cremoso de baunilha, coberto com um disco branco com uma fina cobertura de peda\u00e7os de coco e manga. Infundido com um molho tropical de manga e maracuj\u00e1 no centro e sob o disco, coberto com um wafer crocante.\",\"breadcrumb\":{\"@id\":\"https:\\\/\\\/www.barosa.com\\\/produto\\\/cornetto-max-tropical\\\/#breadcrumb\"},\"inLanguage\":\"fr-FR\",\"potentialAction\":[{\"@type\":\"ReadAction\",\"target\":[\"https:\\\/\\\/www.barosa.com\\\/produto\\\/cornetto-max-tropical\\\/\"]}]},{\"@type\":\"ImageObject\",\"inLanguage\":\"fr-FR\",\"@id\":\"https:\\\/\\\/www.barosa.com\\\/produto\\\/cornetto-max-tropical\\\/#primaryimage\",\"url\":\"https:\\\/\\\/www.barosa.com\\\/wp-content\\\/uploads\\\/2025\\\/02\\\/64902581_.jpg\",\"contentUrl\":\"https:\\\/\\\/www.barosa.com\\\/wp-content\\\/uploads\\\/2025\\\/02\\\/64902581_.jpg\",\"width\":1024,\"height\":1024,\"caption\":\"Cornetto Max Tropical\"},{\"@type\":\"BreadcrumbList\",\"@id\":\"https:\\\/\\\/www.barosa.com\\\/produto\\\/cornetto-max-tropical\\\/#breadcrumb\",\"itemListElement\":[{\"@type\":\"ListItem\",\"position\":1,\"name\":\"In\u00edcio\",\"item\":\"https:\\\/\\\/www.barosa.com\\\/\"},{\"@type\":\"ListItem\",\"position\":2,\"name\":\"Shop\",\"item\":\"https:\\\/\\\/www.barosa.com\\\/shop\\\/\"},{\"@type\":\"ListItem\",\"position\":3,\"name\":\"Cornetto Max Tropical\"}]},{\"@type\":\"WebSite\",\"@id\":\"https:\\\/\\\/www.barosa.com\\\/#website\",\"url\":\"https:\\\/\\\/www.barosa.com\\\/\",\"name\":\"BAROSA Congelados | Manuel de Sousa Barosa, Lda.\",\"description\":\"Empresa de transforma\u00e7\u00e3o e comercializa\u00e7\u00e3o de produtos alimentares congelados. BAROSA \u00ae Pescados, &quot;N\u00e3o h\u00e1 bom garfo que resista\u00ae&quot;. BAROSA \u00ae FoodService &quot;O lado bom da comida\u00ae&quot;. Pescados Crust\u00e1ceos Mariscos Cefal\u00f3podes Bivalves Padaria Pastelaria Pizzas Sobremesas\",\"publisher\":{\"@id\":\"https:\\\/\\\/www.barosa.com\\\/#organization\"},\"alternateName\":\"BAROSA\u00ae\",\"potentialAction\":[{\"@type\":\"SearchAction\",\"target\":{\"@type\":\"EntryPoint\",\"urlTemplate\":\"https:\\\/\\\/www.barosa.com\\\/?s={search_term_string}\"},\"query-input\":{\"@type\":\"PropertyValueSpecification\",\"valueRequired\":true,\"valueName\":\"search_term_string\"}}],\"inLanguage\":\"fr-FR\"},{\"@type\":\"Organization\",\"@id\":\"https:\\\/\\\/www.barosa.com\\\/#organization\",\"name\":\"Manuel de Sousa Barosa, Lda.\",\"alternateName\":\"BAROSA\",\"url\":\"https:\\\/\\\/www.barosa.com\\\/\",\"logo\":{\"@type\":\"ImageObject\",\"inLanguage\":\"fr-FR\",\"@id\":\"https:\\\/\\\/www.barosa.com\\\/#\\\/schema\\\/logo\\\/image\\\/\",\"url\":\"https:\\\/\\\/www.barosa.com\\\/wp-content\\\/uploads\\\/2025\\\/03\\\/BAROSA-Logo-696x696-1.jpg\",\"contentUrl\":\"https:\\\/\\\/www.barosa.com\\\/wp-content\\\/uploads\\\/2025\\\/03\\\/BAROSA-Logo-696x696-1.jpg\",\"width\":696,\"height\":696,\"caption\":\"Manuel de Sousa Barosa, Lda.\"},\"image\":{\"@id\":\"https:\\\/\\\/www.barosa.com\\\/#\\\/schema\\\/logo\\\/image\\\/\"},\"sameAs\":[\"http:\\\/\\\/www.facebook.com\\\/barosa\\\/\",\"https:\\\/\\\/x.com\\\/barosa_lda\",\"https:\\\/\\\/www.instagram.com\\\/barosa_lda\\\/\",\"https:\\\/\\\/pt.linkedin.com\\\/company\\\/barosa-lda\"],\"description\":\"Empresa de transforma\u00e7\u00e3o e comercializa\u00e7\u00e3o de produtos alimentares congelados. BAROSA \u00ae Pescados, \\\"N\u00e3o h\u00e1 bom garfo que resista\u00ae\\\". BAROSA \u00ae FoodService \\\"O lado bom da comida!\u00ae\\\"\",\"email\":\"info@barosa.com\",\"telephone\":\"+351 262824403\",\"legalName\":\"Manuel de Sousa Barosa, Lda.\",\"foundingDate\":\"1975-05-21\",\"vatID\":\"503365190\",\"taxID\":\"503365190\",\"duns\":\"452388713\",\"numberOfEmployees\":{\"@type\":\"QuantitativeValue\",\"minValue\":\"11\",\"maxValue\":\"50\"},\"ethicsPolicy\":\"https:\\\/\\\/www.barosa.com\\\/politicaprivacidade\\\/\"}]}<\/script>\n<!-- \/ Yoast SEO Premium plugin. -->","yoast_head_json":{"title":"Cornetto Max Tropical - BAROSA Congelados | Manuel de Sousa Barosa, Lda.","description":"Glace fruit\u00e9e \u00e0 la mangue et sorbet cr\u00e9meux \u00e0 la vanille, surmont\u00e9s d'un disque blanc recouvert d'une fine couche de noix de coco et de morceaux de mangue. Au centre et sous le disque, une sauce tropicale \u00e0 la mangue et au fruit de la passion, surmont\u00e9e d'une gaufrette croustillante.","robots":{"index":"index","follow":"follow","max-snippet":"max-snippet:-1","max-image-preview":"max-image-preview:large","max-video-preview":"max-video-preview:-1"},"canonical":"https:\/\/www.barosa.com\/fr\/produit\/cornetto-max-tropical\/","og_locale":"fr_FR","og_type":"article","og_title":"Cornetto Max Tropical","og_description":"Gelado de manga frutado e sorvete cremoso de baunilha, coberto com um disco branco com uma fina cobertura de peda\u00e7os de coco e manga. Infundido com um molho tropical de manga e maracuj\u00e1 no centro e sob o disco, coberto com um wafer crocante.","og_url":"https:\/\/www.barosa.com\/fr\/produit\/cornetto-max-tropical\/","og_site_name":"BAROSA Congelados | Manuel de Sousa Barosa, Lda.","article_publisher":"http:\/\/www.facebook.com\/barosa\/","article_modified_time":"2025-04-03T22:19:03+00:00","og_image":[{"width":1024,"height":1024,"url":"https:\/\/www.barosa.com\/wp-content\/uploads\/2025\/02\/64902581_.jpg","type":"image\/jpeg"}],"twitter_card":"summary_large_image","twitter_site":"@barosa_lda","twitter_misc":{"Dur\u00e9e de lecture estim\u00e9e":"1 minute"},"schema":{"@context":"https:\/\/schema.org","@graph":[{"@type":"WebPage","@id":"https:\/\/www.barosa.com\/produto\/cornetto-max-tropical\/","url":"https:\/\/www.barosa.com\/produto\/cornetto-max-tropical\/","name":"Cornetto Max Tropical - BAROSA Congelados | Manuel de Sousa Barosa, Lda.","isPartOf":{"@id":"https:\/\/www.barosa.com\/#website"},"primaryImageOfPage":{"@id":"https:\/\/www.barosa.com\/produto\/cornetto-max-tropical\/#primaryimage"},"image":{"@id":"https:\/\/www.barosa.com\/produto\/cornetto-max-tropical\/#primaryimage"},"thumbnailUrl":"https:\/\/www.barosa.com\/wp-content\/uploads\/2025\/02\/64902581_.jpg","datePublished":"2025-02-12T22:53:45+00:00","dateModified":"2025-04-03T22:19:03+00:00","description":"Glace fruit\u00e9e \u00e0 la mangue et sorbet cr\u00e9meux \u00e0 la vanille, surmont\u00e9s d'un disque blanc recouvert d'une fine couche de noix de coco et de morceaux de mangue. Au centre et sous le disque, une sauce tropicale \u00e0 la mangue et au fruit de la passion, surmont\u00e9e d'une gaufrette croustillante.","breadcrumb":{"@id":"https:\/\/www.barosa.com\/produto\/cornetto-max-tropical\/#breadcrumb"},"inLanguage":"fr-FR","potentialAction":[{"@type":"ReadAction","target":["https:\/\/www.barosa.com\/produto\/cornetto-max-tropical\/"]}]},{"@type":"ImageObject","inLanguage":"fr-FR","@id":"https:\/\/www.barosa.com\/produto\/cornetto-max-tropical\/#primaryimage","url":"https:\/\/www.barosa.com\/wp-content\/uploads\/2025\/02\/64902581_.jpg","contentUrl":"https:\/\/www.barosa.com\/wp-content\/uploads\/2025\/02\/64902581_.jpg","width":1024,"height":1024,"caption":"Cornetto Max Tropical"},{"@type":"BreadcrumbList","@id":"https:\/\/www.barosa.com\/produto\/cornetto-max-tropical\/#breadcrumb","itemListElement":[{"@type":"ListItem","position":1,"name":"In\u00edcio","item":"https:\/\/www.barosa.com\/"},{"@type":"ListItem","position":2,"name":"Shop","item":"https:\/\/www.barosa.com\/shop\/"},{"@type":"ListItem","position":3,"name":"Cornetto Max Tropical"}]},{"@type":"WebSite","@id":"https:\/\/www.barosa.com\/#website","url":"https:\/\/www.barosa.com\/","name":"BAROSA Congelados | Manuel de Sousa Barosa, Lda.","description":"Entreprise de transformation et commercialisation de produits alimentaires surgel\u00e9s. BAROSA \u00ae Pescados, \" Aucune bonne fourchette ne peut y r\u00e9sister\u00ae \". BAROSA \u00ae FoodService \" Le bon c\u00f4t\u00e9 de la nourriture\u00ae \". Poissons Crustac\u00e9s Fruits de mer C\u00e9phalopodes Bivalves Boulangerie P\u00e2tisserie Pizzas Desserts","publisher":{"@id":"https:\/\/www.barosa.com\/#organization"},"alternateName":"BAROSA\u00ae","potentialAction":[{"@type":"SearchAction","target":{"@type":"EntryPoint","urlTemplate":"https:\/\/www.barosa.com\/?s={search_term_string}"},"query-input":{"@type":"PropertyValueSpecification","valueRequired":true,"valueName":"search_term_string"}}],"inLanguage":"fr-FR"},{"@type":"Organization","@id":"https:\/\/www.barosa.com\/#organization","name":"Manuel de Sousa Barosa, Lda.","alternateName":"BAROSA","url":"https:\/\/www.barosa.com\/","logo":{"@type":"ImageObject","inLanguage":"fr-FR","@id":"https:\/\/www.barosa.com\/#\/schema\/logo\/image\/","url":"https:\/\/www.barosa.com\/wp-content\/uploads\/2025\/03\/BAROSA-Logo-696x696-1.jpg","contentUrl":"https:\/\/www.barosa.com\/wp-content\/uploads\/2025\/03\/BAROSA-Logo-696x696-1.jpg","width":696,"height":696,"caption":"Manuel de Sousa Barosa, Lda."},"image":{"@id":"https:\/\/www.barosa.com\/#\/schema\/logo\/image\/"},"sameAs":["http:\/\/www.facebook.com\/barosa\/","https:\/\/x.com\/barosa_lda","https:\/\/www.instagram.com\/barosa_lda\/","https:\/\/pt.linkedin.com\/company\/barosa-lda"],"description":"Entreprise de transformation et commercialisation de produits alimentaires surgel\u00e9s. BAROSA \u00ae Pescados, \" Aucune bonne fourchette ne peut y r\u00e9sister\u00ae \". BAROSA \u00ae FoodService \" Le bon c\u00f4t\u00e9 de la nourriture !\u00ae \"","email":"info@barosa.com","telephone":"+351 262824403","legalName":"Manuel de Sousa Barosa, Lda.","foundingDate":"1975-05-21","vatID":"503365190","taxID":"503365190","duns":"452388713","numberOfEmployees":{"@type":"QuantitativeValue","minValue":"11","maxValue":"50"},"ethicsPolicy":"https:\/\/www.barosa.com\/politicaprivacidade\/"}]}},"_links":{"self":[{"href":"https:\/\/www.barosa.com\/fr\/wp-json\/wp\/v2\/product\/14040","targetHints":{"allow":["GET"]}}],"collection":[{"href":"https:\/\/www.barosa.com\/fr\/wp-json\/wp\/v2\/product"}],"about":[{"href":"https:\/\/www.barosa.com\/fr\/wp-json\/wp\/v2\/types\/product"}],"wp:featuredmedia":[{"embeddable":true,"href":"https:\/\/www.barosa.com\/fr\/wp-json\/wp\/v2\/media\/14041"}],"wp:attachment":[{"href":"https:\/\/www.barosa.com\/fr\/wp-json\/wp\/v2\/media?parent=14040"}],"wp:term":[{"taxonomy":"product_brand","embeddable":true,"href":"https:\/\/www.barosa.com\/fr\/wp-json\/wp\/v2\/product_brand?post=14040"},{"taxonomy":"product_cat","embeddable":true,"href":"https:\/\/www.barosa.com\/fr\/wp-json\/wp\/v2\/product_cat?post=14040"},{"taxonomy":"product_tag","embeddable":true,"href":"https:\/\/www.barosa.com\/fr\/wp-json\/wp\/v2\/product_tag?post=14040"}],"curies":[{"name":"wp","href":"https:\/\/api.w.org\/{rel}","templated":true}]}}