{"id":911,"date":"2017-07-07T04:19:18","date_gmt":"2017-07-07T04:19:18","guid":{"rendered":"https:\/\/digitextus.pt\/barosa\/?page_id=911"},"modified":"2026-01-05T21:34:41","modified_gmt":"2026-01-05T20:34:41","slug":"sobrenos","status":"publish","type":"page","link":"https:\/\/www.barosa.com\/fr\/sobrenos\/","title":{"rendered":"Qui sommes-nous?"},"content":{"rendered":"<div class=\"wpb-content-wrapper\"><section class=\"vc_section bt-about-section2 vc_custom_1551975862016\"><div class=\"container\"><div class=\"vc_row wpb_row vc_row-fluid\"><div class=\"wpb_animate_when_almost_visible wpb_fadeInLeft fadeInLeft wpb_column vc_column_container vc_col-sm-12 vc_col-lg-6 vc_col-md-6\"><div class=\"vc_column-inner vc_custom_1502267040366\"><div class=\"wpb_wrapper\"><h3 style=\"font-size: 30px;line-height: 48px;text-align: left;letter-spacing: 0.2em;\" class=\"vc_custom_heading bt-text-uppercase wpb_animate_when_almost_visible wpb_fadeInDown fadeInDown\" >Notre mission<\/h3><\/div><\/div><\/div><div class=\"wpb_column vc_column_container vc_col-sm-12 vc_col-lg-6 vc_col-md-6\"><div class=\"vc_column-inner\"><div class=\"wpb_wrapper\"><h3 style=\"font-size: 30px;line-height: 42px;text-align: left;\" class=\"vc_custom_heading wpb_animate_when_almost_visible wpb_fadeInUp fadeInUp\" >Fournir un service de qualit\u00e9<\/h3>\n\t<div class=\"wpb_text_column wpb_content_element wpb_animate_when_almost_visible wpb_fadeInUp fadeInUp\" >\n\t\t<div class=\"wpb_wrapper\">\n\t\t\t<p>Servir nos clients et les consommateurs finaux avec la meilleure qualit\u00e9 et le meilleur service possible. Nous nous conformons au maximum au code alimentaire.<\/p>\n<p>Pr\u00e9server la nature en mettant en \u0153uvre les techniques environnementales les plus diverses.<\/p>\n\n\t\t<\/div>\n\t<\/div>\n<\/div><\/div><\/div><\/div><\/div><\/section><section class=\"vc_section vc_custom_1551975876579 vc_section-has-fill\"><div class=\"container\"><div class=\"vc_row wpb_row vc_row-fluid\"><div class=\"wpb_column vc_column_container vc_col-sm-3\"><div class=\"vc_column-inner\"><div class=\"wpb_wrapper\"><h3 style=\"font-size: 30px;line-height: 48px;text-align: left;letter-spacing: 0.2em;\" class=\"vc_custom_heading bt-text-uppercase wpb_animate_when_almost_visible wpb_fadeInDown fadeInDown\" >L'HISTOIRE<\/h3><\/div><\/div><\/div><div class=\"wpb_column vc_column_container vc_col-sm-9\"><div class=\"vc_column-inner\"><div class=\"wpb_wrapper\"><div style=\"text-align: justify;\" class=\"vc_custom_heading wpb_animate_when_almost_visible wpb_fadeInUp fadeInUp\" >C'est en 1978 que la marque BAROSA est apparue sur le march\u00e9 du poisson surgel\u00e9, toujours avec une petite industrie primaire par le biais de son fondateur Manuel de Sousa Barosa.<\/p>\n<p>Actuellement, Manuel de Sousa Barosa, Lda. A une capacit\u00e9 de 3000 m3, ax\u00e9e sur la transformation et la commercialisation du poisson congel\u00e9, mettant en \u00e9vidence la d\u00e9coupe et l\u2019emballage transform\u00e9s en 30 esp\u00e8ces au total, en utilisant le syst\u00e8me HACCP pour le contr\u00f4le de la qualit\u00e9.<\/p>\n<p>En fait, avec le temps, nous constatons que le march\u00e9 \u00e9volue constamment. Devenant plus exigeants, pour cette raison et pour d\u2019autres, nous nous affirmons avec des produits de premi\u00e8re qualit\u00e9.<\/p>\n<p>Les aspects les plus recherch\u00e9s par les consommateurs sont les qualit\u00e9s li\u00e9es \u00e0 la fra\u00eecheur, \u00e0 la qualit\u00e9, au go\u00fbt et aux valeurs nutritionnelles des produits.<\/p>\n<p>Cela a \u00e9t\u00e9 notre r\u00e9ponse en tant que strat\u00e9gie principale pour grandir et satisfaire nos clients, permettant ainsi de r\u00e9ussir sur ce march\u00e9.<\/p>\n<p>Tout cela, combin\u00e9 \u00e0 la logistique de distribution la plus moderne, nous permet de couvrir et de supporter l\u2019ensemble de notre zone client sur la c\u00f4te ouest du Portugal.<\/p>\n<p>Plus r\u00e9cemment, en raison de l'\u00e9volution constante du march\u00e9, nous avons commenc\u00e9 \u00e0 placer notre produit parmi des partenaires strat\u00e9giques, ce qui fait de nous un op\u00e9rateur international.<\/div><\/div><\/div><\/div><\/div><\/div><div class=\"container\"><div class=\"vc_row wpb_row vc_row-fluid\"><div class=\"wpb_column vc_column_container vc_col-sm-3\"><div class=\"vc_column-inner\"><div class=\"wpb_wrapper\"><h3 style=\"font-size: 30px;line-height: 48px;text-align: left;letter-spacing: 0.2em;\" class=\"vc_custom_heading bt-text-uppercase wpb_animate_when_almost_visible wpb_fadeInDown fadeInDown\" >QUALIT\u00c9<\/h3><\/div><\/div><\/div><div class=\"wpb_column vc_column_container vc_col-sm-6\"><div class=\"vc_column-inner\"><div class=\"wpb_wrapper\"><div style=\"text-align: justify;\" class=\"vc_custom_heading wpb_animate_when_almost_visible wpb_fadeInUp fadeInUp\" >Les produits transform\u00e9s dans cette unit\u00e9 sont soumis \u00e0 un plan de contr\u00f4le qualit\u00e9 rigoureux \u00e0 toutes les \u00e9tapes du traitement, gr\u00e2ce \u00e0 un syst\u00e8me d'autocontr\u00f4le et \u00e0 un code de pratique mis en \u0153uvre dans l'entreprise.<\/p>\n<p>Ce syst\u00e8me (HACCP - Hazard Analysis and Critical Control Point) consiste en une analyse des risques et en un contr\u00f4le des points critiques. Il est mis en \u0153uvre en tenant compte d'un programme pr\u00e9ventif de contr\u00f4le de la s\u00e9curit\u00e9 des denr\u00e9es alimentaires, qui permet d'obtenir des produits de haute qualit\u00e9 pour satisfaire tous les clients.<\/div><\/div><\/div><\/div><div class=\"wpb_column vc_column_container vc_col-sm-3\"><div class=\"vc_column-inner\"><div class=\"wpb_wrapper\">\n\t<div  class=\"wpb_single_image wpb_content_element vc_align_center wpb_content_element wpb_animate_when_almost_visible wpb_fadeInRightBig fadeInRightBig\">\n\t\t\n\t\t<figure class=\"wpb_wrapper vc_figure\">\n\t\t\t<div class=\"vc_single_image-wrapper   vc_box_border_grey\"><img decoding=\"async\" class=\"vc_single_image-img\" src=\"https:\/\/www.barosa.com\/wp-content\/uploads\/2019\/01\/HACCP-150x150.png\" width=\"150\" height=\"150\" alt=\"HACCP\" title=\"HACCP\" loading=\"lazy\" \/><\/div>\n\t\t<\/figure>\n\t<\/div>\n<\/div><\/div><\/div><\/div><\/div><div class=\"container\"><div class=\"vc_row wpb_row vc_row-fluid\"><div class=\"wpb_column vc_column_container vc_col-sm-3\"><div class=\"vc_column-inner\"><div class=\"wpb_wrapper\"><h3 style=\"font-size: 30px;line-height: 48px;text-align: left;letter-spacing: 0.2em;\" class=\"vc_custom_heading bt-text-uppercase wpb_animate_when_almost_visible wpb_fadeInDown fadeInDown\" >MARCH\u00c9<\/h3><\/div><\/div><\/div><div class=\"wpb_column vc_column_container vc_col-sm-9\"><div class=\"vc_column-inner\"><div class=\"wpb_wrapper\"><div style=\"text-align: justify;\" class=\"vc_custom_heading wpb_animate_when_almost_visible wpb_fadeInUp fadeInUp\" >Notre zone d'influence directe couvre toute la zone g\u00e9ographique de la c\u00f4te ouest, d\u00e9limit\u00e9e par une client\u00e8le diversifi\u00e9e, ayant pour centre de r\u00e9f\u00e9rence la ville et la municipalit\u00e9 de Caldas da Rainha et pour p\u00e9riph\u00e9rie les municipalit\u00e9s d'Alcoba\u00e7a, Bombarral, Cadaval, Lourinh\u00e3, Nazar\u00e9, \u00d3bidos, Peniche et Rio Maior.<\/p>\n<p>L'internationalisation de la soci\u00e9t\u00e9 devient une r\u00e9alit\u00e9 lors de l'entr\u00e9e sur le march\u00e9 d'importation \/ exportation o\u00f9 l'influence dans ces lieux est indirecte.<\/div><\/div><\/div><\/div><\/div><\/div><div class=\"container\"><div class=\"vc_row wpb_row vc_row-fluid\"><div class=\"wpb_column vc_column_container vc_col-sm-3\"><div class=\"vc_column-inner\"><div class=\"wpb_wrapper\"><h3 style=\"font-size: 30px;line-height: 48px;text-align: left;letter-spacing: 0.2em;\" class=\"vc_custom_heading bt-text-uppercase wpb_animate_when_almost_visible wpb_fadeInDown fadeInDown\" >EMPLACEMENT<\/h3><\/div><\/div><\/div><div class=\"wpb_column vc_column_container vc_col-sm-9\"><div class=\"vc_column-inner\"><div class=\"wpb_wrapper\"><div style=\"text-align: justify;\" class=\"vc_custom_heading wpb_animate_when_almost_visible wpb_fadeInUp fadeInUp\" >Nous sommes bas\u00e9s \u00e0 Caldas da Rainha, au nord de Lisbonne, dans la r\u00e9gion occidentale, entre les ports maritimes de Peniche et de Nazar\u00e9.<\/div><\/div><\/div><\/div><\/div><\/div><\/section><section class=\"vc_section bt-newsletter-section vc_custom_1499072224680\"><div class=\"container\"><div class=\"vc_row wpb_row vc_row-fluid\"><div class=\"wpb_column vc_column_container vc_col-sm-12 vc_col-lg-7 vc_col-md-7\"><div class=\"vc_column-inner\"><div class=\"wpb_wrapper\"><h3 style=\"font-size: 36px;line-height: 42px;text-align: left;\" class=\"vc_custom_heading bt-light-color wpb_animate_when_almost_visible wpb_fadeInUp fadeInUp vc_custom_1546956082171\" >Abonnez-vous \u00e0 notre newsletter<\/h3><div style=\"text-align: left;\" class=\"vc_custom_heading bt-light-color wpb_animate_when_almost_visible wpb_fadeInUp fadeInUp vc_custom_1546956090901\" >Recevez toutes les nouvelles dans votre email<\/div><\/div><\/div><\/div><div class=\"wpb_animate_when_almost_visible wpb_bounceInRight bounceInRight wpb_column vc_column_container vc_col-sm-12 vc_col-lg-5 vc_col-md-5\"><div class=\"vc_column-inner\"><div class=\"wpb_wrapper\">\n\t<div class=\"wpb_text_column wpb_content_element\" >\n\t\t<div class=\"wpb_wrapper\">\n\t\t\t<script>(function() {\n\twindow.mc4wp = window.mc4wp || {\n\t\tlisteners: [],\n\t\tforms: {\n\t\t\ton: function(evt, cb) {\n\t\t\t\twindow.mc4wp.listeners.push(\n\t\t\t\t\t{\n\t\t\t\t\t\tevent   : evt,\n\t\t\t\t\t\tcallback: cb\n\t\t\t\t\t}\n\t\t\t\t);\n\t\t\t}\n\t\t}\n\t}\n})();\n<\/script><!-- Mailchimp for WordPress v4.12.5 - https:\/\/wordpress.org\/plugins\/mailchimp-for-wp\/ --><form id=\"mc4wp-form-1\" class=\"mc4wp-form mc4wp-form-2930\" method=\"post\" data-id=\"2930\" data-name=\"Subscrever\" action=\"\" ><div class=\"mc4wp-form-fields\"><p>\r\n\t<input class=\"newsletter-email\" type=\"email\" name=\"EMAIL\" placeholder=\"Courriel\" required \/><input class=\"newsletter-submit\" type=\"submit\"  value=\"Confirmer\" \/>\r\n<\/p>\r\n<\/div><label style=\"display: none !important;\">Laissez ce champ vide si vous \u00eates humain\u00a0: <input type=\"text\" name=\"_mc4wp_honeypot\" value=\"\" tabindex=\"-1\" autocomplete=\"off\" \/><\/label><input type=\"hidden\" name=\"_mc4wp_timestamp\" value=\"1778621960\" \/><input type=\"hidden\" name=\"_mc4wp_form_id\" value=\"2930\" \/><input type=\"hidden\" name=\"_mc4wp_form_element_id\" value=\"mc4wp-form-1\" \/><div class=\"mc4wp-response\"><\/div><input type=\"hidden\" name=\"trp-form-language\" value=\"fr\"\/><\/form><!-- \/ Mailchimp for WordPress Plugin -->\n\n\t\t<\/div>\n\t<\/div>\n<div  class=\"wpb_widgetised_column wpb_content_element\">\n\t\t<div class=\"wpb_wrapper\">\n\t\t\t\n\t\t\t\n\t\t<\/div>\n\t<\/div>\n<\/div><\/div><\/div><\/div><\/div><\/section>\n<\/div>","protected":false},"excerpt":{"rendered":"A nossa miss\u00e3oPrestar um Servi\u00e7o de Qualidade Servir com a melhor qualidade e servi\u00e7o poss\u00edvel os nossos clientes e os consumidores finais. Cumprir com o m\u00e1ximo rigor o C\u00f3digo Alimentar. Preservar a natureza implementando as mais diversas t\u00e9cnicas ambientais. HistorialFoi em 1978 que a marca BAROSA apareceu no mercado dos pescados congelados, ainda com uma [...]","protected":false},"author":1,"featured_media":0,"parent":0,"menu_order":0,"comment_status":"closed","ping_status":"closed","template":"page-nocontainer.php","meta":{"footnotes":""},"class_list":["post-911","page","type-page","status-publish","hentry"],"yoast_head":"<!-- This site is optimized with the Yoast SEO Premium plugin v27.6 (Yoast SEO v27.6) - https:\/\/yoast.com\/product\/yoast-seo-premium-wordpress\/ -->\n<title>Manuel de Sousa Barosa, Lda. | Sobre N\u00f3s<\/title>\n<meta name=\"robots\" content=\"index, follow, max-snippet:-1, max-image-preview:large, max-video-preview:-1\" \/>\n<link rel=\"canonical\" href=\"https:\/\/www.barosa.com\/fr\/sobrenos\/\" \/>\n<meta property=\"og:locale\" content=\"fr_FR\" \/>\n<meta property=\"og:type\" content=\"article\" \/>\n<meta property=\"og:title\" content=\"Sobre N\u00f3s\" \/>\n<meta property=\"og:url\" content=\"https:\/\/www.barosa.com\/fr\/sobrenos\/\" \/>\n<meta property=\"og:site_name\" content=\"BAROSA Congelados | Manuel de Sousa Barosa, Lda.\" \/>\n<meta property=\"article:publisher\" content=\"http:\/\/www.facebook.com\/barosa\/\" \/>\n<meta property=\"article:modified_time\" content=\"2026-01-05T20:34:41+00:00\" \/>\n<meta property=\"og:image\" content=\"https:\/\/www.barosa.com\/wp-content\/uploads\/2024\/02\/BAROSA-Logo-1200-x-675.jpg\" \/>\n\t<meta property=\"og:image:width\" content=\"1200\" \/>\n\t<meta property=\"og:image:height\" content=\"675\" \/>\n\t<meta property=\"og:image:type\" content=\"image\/jpeg\" \/>\n<meta name=\"twitter:card\" content=\"summary_large_image\" \/>\n<meta name=\"twitter:site\" content=\"@barosa_lda\" \/>\n<meta name=\"twitter:label1\" content=\"Dur\u00e9e de lecture estim\u00e9e\" \/>\n\t<meta name=\"twitter:data1\" content=\"5 minutes\" \/>\n<script type=\"application\/ld+json\" class=\"yoast-schema-graph\">{\"@context\":\"https:\\\/\\\/schema.org\",\"@graph\":[{\"@type\":\"WebPage\",\"@id\":\"https:\\\/\\\/www.barosa.com\\\/sobrenos\\\/\",\"url\":\"https:\\\/\\\/www.barosa.com\\\/sobrenos\\\/\",\"name\":\"Manuel de Sousa Barosa, Lda. | Sobre N\u00f3s\",\"isPartOf\":{\"@id\":\"https:\\\/\\\/www.barosa.com\\\/#website\"},\"datePublished\":\"2017-07-07T04:19:18+00:00\",\"dateModified\":\"2026-01-05T20:34:41+00:00\",\"breadcrumb\":{\"@id\":\"https:\\\/\\\/www.barosa.com\\\/sobrenos\\\/#breadcrumb\"},\"inLanguage\":\"fr-FR\",\"potentialAction\":[{\"@type\":\"ReadAction\",\"target\":[\"https:\\\/\\\/www.barosa.com\\\/sobrenos\\\/\"]}]},{\"@type\":\"BreadcrumbList\",\"@id\":\"https:\\\/\\\/www.barosa.com\\\/sobrenos\\\/#breadcrumb\",\"itemListElement\":[{\"@type\":\"ListItem\",\"position\":1,\"name\":\"In\u00edcio\",\"item\":\"https:\\\/\\\/www.barosa.com\\\/\"},{\"@type\":\"ListItem\",\"position\":2,\"name\":\"Sobre N\u00f3s\"}]},{\"@type\":\"WebSite\",\"@id\":\"https:\\\/\\\/www.barosa.com\\\/#website\",\"url\":\"https:\\\/\\\/www.barosa.com\\\/\",\"name\":\"BAROSA Congelados | Manuel de Sousa Barosa, Lda.\",\"description\":\"Empresa de transforma\u00e7\u00e3o e comercializa\u00e7\u00e3o de produtos alimentares congelados. BAROSA \u00ae Pescados, &quot;N\u00e3o h\u00e1 bom garfo que resista\u00ae&quot;. BAROSA \u00ae FoodService &quot;O lado bom da comida\u00ae&quot;. Pescados Crust\u00e1ceos Mariscos Cefal\u00f3podes Bivalves Padaria Pastelaria Pizzas Sobremesas\",\"publisher\":{\"@id\":\"https:\\\/\\\/www.barosa.com\\\/#organization\"},\"alternateName\":\"BAROSA\u00ae\",\"potentialAction\":[{\"@type\":\"SearchAction\",\"target\":{\"@type\":\"EntryPoint\",\"urlTemplate\":\"https:\\\/\\\/www.barosa.com\\\/?s={search_term_string}\"},\"query-input\":{\"@type\":\"PropertyValueSpecification\",\"valueRequired\":true,\"valueName\":\"search_term_string\"}}],\"inLanguage\":\"fr-FR\"},{\"@type\":\"Organization\",\"@id\":\"https:\\\/\\\/www.barosa.com\\\/#organization\",\"name\":\"Manuel de Sousa Barosa, Lda.\",\"alternateName\":\"BAROSA\",\"url\":\"https:\\\/\\\/www.barosa.com\\\/\",\"logo\":{\"@type\":\"ImageObject\",\"inLanguage\":\"fr-FR\",\"@id\":\"https:\\\/\\\/www.barosa.com\\\/#\\\/schema\\\/logo\\\/image\\\/\",\"url\":\"https:\\\/\\\/www.barosa.com\\\/wp-content\\\/uploads\\\/2025\\\/03\\\/BAROSA-Logo-696x696-1.jpg\",\"contentUrl\":\"https:\\\/\\\/www.barosa.com\\\/wp-content\\\/uploads\\\/2025\\\/03\\\/BAROSA-Logo-696x696-1.jpg\",\"width\":696,\"height\":696,\"caption\":\"Manuel de Sousa Barosa, Lda.\"},\"image\":{\"@id\":\"https:\\\/\\\/www.barosa.com\\\/#\\\/schema\\\/logo\\\/image\\\/\"},\"sameAs\":[\"http:\\\/\\\/www.facebook.com\\\/barosa\\\/\",\"https:\\\/\\\/x.com\\\/barosa_lda\",\"https:\\\/\\\/www.instagram.com\\\/barosa_lda\\\/\",\"https:\\\/\\\/pt.linkedin.com\\\/company\\\/barosa-lda\"],\"description\":\"Empresa de transforma\u00e7\u00e3o e comercializa\u00e7\u00e3o de produtos alimentares congelados. BAROSA \u00ae Pescados, \\\"N\u00e3o h\u00e1 bom garfo que resista\u00ae\\\". BAROSA \u00ae FoodService \\\"O lado bom da comida!\u00ae\\\"\",\"email\":\"info@barosa.com\",\"telephone\":\"+351 262824403\",\"legalName\":\"Manuel de Sousa Barosa, Lda.\",\"foundingDate\":\"1975-05-21\",\"vatID\":\"503365190\",\"taxID\":\"503365190\",\"duns\":\"452388713\",\"numberOfEmployees\":{\"@type\":\"QuantitativeValue\",\"minValue\":\"11\",\"maxValue\":\"50\"},\"ethicsPolicy\":\"https:\\\/\\\/www.barosa.com\\\/politicaprivacidade\\\/\"}]}<\/script>\n<!-- \/ Yoast SEO Premium plugin. -->","yoast_head_json":{"title":"Manuel de Sousa Barosa, Lda | \u00c0 propos de nous","robots":{"index":"index","follow":"follow","max-snippet":"max-snippet:-1","max-image-preview":"max-image-preview:large","max-video-preview":"max-video-preview:-1"},"canonical":"https:\/\/www.barosa.com\/fr\/sobrenos\/","og_locale":"fr_FR","og_type":"article","og_title":"Sobre N\u00f3s","og_url":"https:\/\/www.barosa.com\/fr\/sobrenos\/","og_site_name":"BAROSA Congelados | Manuel de Sousa Barosa, Lda.","article_publisher":"http:\/\/www.facebook.com\/barosa\/","article_modified_time":"2026-01-05T20:34:41+00:00","og_image":[{"width":1200,"height":675,"url":"https:\/\/www.barosa.com\/wp-content\/uploads\/2024\/02\/BAROSA-Logo-1200-x-675.jpg","type":"image\/jpeg"}],"twitter_card":"summary_large_image","twitter_site":"@barosa_lda","twitter_misc":{"Dur\u00e9e de lecture estim\u00e9e":"5 minutes"},"schema":{"@context":"https:\/\/schema.org","@graph":[{"@type":"WebPage","@id":"https:\/\/www.barosa.com\/sobrenos\/","url":"https:\/\/www.barosa.com\/sobrenos\/","name":"Manuel de Sousa Barosa, Lda | \u00c0 propos de nous","isPartOf":{"@id":"https:\/\/www.barosa.com\/#website"},"datePublished":"2017-07-07T04:19:18+00:00","dateModified":"2026-01-05T20:34:41+00:00","breadcrumb":{"@id":"https:\/\/www.barosa.com\/sobrenos\/#breadcrumb"},"inLanguage":"fr-FR","potentialAction":[{"@type":"ReadAction","target":["https:\/\/www.barosa.com\/sobrenos\/"]}]},{"@type":"BreadcrumbList","@id":"https:\/\/www.barosa.com\/sobrenos\/#breadcrumb","itemListElement":[{"@type":"ListItem","position":1,"name":"In\u00edcio","item":"https:\/\/www.barosa.com\/"},{"@type":"ListItem","position":2,"name":"Sobre N\u00f3s"}]},{"@type":"WebSite","@id":"https:\/\/www.barosa.com\/#website","url":"https:\/\/www.barosa.com\/","name":"BAROSA Congelados | Manuel de Sousa Barosa, Lda.","description":"Entreprise de transformation et commercialisation de produits alimentaires surgel\u00e9s. BAROSA \u00ae Pescados, \" Aucune bonne fourchette ne peut y r\u00e9sister\u00ae \". BAROSA \u00ae FoodService \" Le bon c\u00f4t\u00e9 de la nourriture\u00ae \". Poissons Crustac\u00e9s Fruits de mer C\u00e9phalopodes Bivalves Boulangerie P\u00e2tisserie Pizzas Desserts","publisher":{"@id":"https:\/\/www.barosa.com\/#organization"},"alternateName":"BAROSA\u00ae","potentialAction":[{"@type":"SearchAction","target":{"@type":"EntryPoint","urlTemplate":"https:\/\/www.barosa.com\/?s={search_term_string}"},"query-input":{"@type":"PropertyValueSpecification","valueRequired":true,"valueName":"search_term_string"}}],"inLanguage":"fr-FR"},{"@type":"Organization","@id":"https:\/\/www.barosa.com\/#organization","name":"Manuel de Sousa Barosa, Lda.","alternateName":"BAROSA","url":"https:\/\/www.barosa.com\/","logo":{"@type":"ImageObject","inLanguage":"fr-FR","@id":"https:\/\/www.barosa.com\/#\/schema\/logo\/image\/","url":"https:\/\/www.barosa.com\/wp-content\/uploads\/2025\/03\/BAROSA-Logo-696x696-1.jpg","contentUrl":"https:\/\/www.barosa.com\/wp-content\/uploads\/2025\/03\/BAROSA-Logo-696x696-1.jpg","width":696,"height":696,"caption":"Manuel de Sousa Barosa, Lda."},"image":{"@id":"https:\/\/www.barosa.com\/#\/schema\/logo\/image\/"},"sameAs":["http:\/\/www.facebook.com\/barosa\/","https:\/\/x.com\/barosa_lda","https:\/\/www.instagram.com\/barosa_lda\/","https:\/\/pt.linkedin.com\/company\/barosa-lda"],"description":"Entreprise de transformation et commercialisation de produits alimentaires surgel\u00e9s. BAROSA \u00ae Pescados, \" Aucune bonne fourchette ne peut y r\u00e9sister\u00ae \". BAROSA \u00ae FoodService \" Le bon c\u00f4t\u00e9 de la nourriture !\u00ae \"","email":"info@barosa.com","telephone":"+351 262824403","legalName":"Manuel de Sousa Barosa, Lda.","foundingDate":"1975-05-21","vatID":"503365190","taxID":"503365190","duns":"452388713","numberOfEmployees":{"@type":"QuantitativeValue","minValue":"11","maxValue":"50"},"ethicsPolicy":"https:\/\/www.barosa.com\/politicaprivacidade\/"}]}},"_links":{"self":[{"href":"https:\/\/www.barosa.com\/fr\/wp-json\/wp\/v2\/pages\/911","targetHints":{"allow":["GET"]}}],"collection":[{"href":"https:\/\/www.barosa.com\/fr\/wp-json\/wp\/v2\/pages"}],"about":[{"href":"https:\/\/www.barosa.com\/fr\/wp-json\/wp\/v2\/types\/page"}],"author":[{"embeddable":true,"href":"https:\/\/www.barosa.com\/fr\/wp-json\/wp\/v2\/users\/1"}],"replies":[{"embeddable":true,"href":"https:\/\/www.barosa.com\/fr\/wp-json\/wp\/v2\/comments?post=911"}],"version-history":[{"count":32,"href":"https:\/\/www.barosa.com\/fr\/wp-json\/wp\/v2\/pages\/911\/revisions"}],"predecessor-version":[{"id":20417,"href":"https:\/\/www.barosa.com\/fr\/wp-json\/wp\/v2\/pages\/911\/revisions\/20417"}],"wp:attachment":[{"href":"https:\/\/www.barosa.com\/fr\/wp-json\/wp\/v2\/media?parent=911"}],"curies":[{"name":"wp","href":"https:\/\/api.w.org\/{rel}","templated":true}]}}