{"id":3193,"date":"2019-10-30T14:50:43","date_gmt":"2019-10-30T14:50:43","guid":{"rendered":"https:\/\/digitextus.pt\/barosa\/?page_id=3193"},"modified":"2025-09-29T10:04:26","modified_gmt":"2025-09-29T09:04:26","slug":"empresa-amiga-do-meio-ambiente","status":"publish","type":"page","link":"https:\/\/www.barosa.com\/fr\/empresa-amiga-do-meio-ambiente\/","title":{"rendered":"Entreprise respectueuse de l'environnement"},"content":{"rendered":"<div class=\"wpb-content-wrapper\"><div class=\"vc_row wpb_row vc_row-fluid\"><div class=\"wpb_column vc_column_container vc_col-sm-12\"><div class=\"vc_column-inner\"><div class=\"wpb_wrapper\">\n\t<div class=\"wpb_text_column wpb_content_element\" >\n\t\t<div class=\"wpb_wrapper\">\n\t\t\t<p>Le groupe BAROSA a assum\u00e9 sa responsabilit\u00e9 sociale dans la r\u00e9gion en investissant dans des zones d'influence environnementale afin de pr\u00e9server la sant\u00e9 de notre plan\u00e8te, pour cela, il a mis en place les mesures suivantes:<\/p>\n<ul>\n<li>En 2012, 522 panneaux photovolta\u00efques ont \u00e9t\u00e9 install\u00e9s, avec une production de 137,79\u202fkW. Actuellement, l\u2019entreprise dispose de 644 panneaux photovolta\u00efques, pour une production maximale de 222,97\u202fkW, \u00e9vitant ainsi l\u2019\u00e9mission d\u2019environ 145\u202ftonnes de CO\u2082 par an dans l\u2019atmosph\u00e8re;<\/li>\n<li>Il poss\u00e8de des panneaux solaires thermiques pour le chauffage de l\u2019eau chaude depuis 2012;<\/li>\n<li>Installation de lampes \u00e0 LED dans tous les secteurs de l'entreprise.<\/li>\n<li>Il a des syst\u00e8mes \u00e9lectroniques pour le contr\u00f4le de l'\u00e9nergie;<\/li>\n<li>Depuis 2013, nous avons commenc\u00e9 l\u2019\u00e9lectrification de la flotte automobile (l\u00e9g\u00e8re et lourde);<\/li>\n<li>En 2022, des tests de la technologie de l\u2019hydrog\u00e8ne ont commenc\u00e9 sur les v\u00e9hicules afin de r\u00e9duire les \u00e9missions de carbone; <strong>jusqu'\u00e0 80%<\/strong>;<\/li>\n<li>Utilise de l\u2019eau non potable pour le lavage ext\u00e9rieur (v\u00e9hicules\/autres) depuis 2010\u202f;<\/li>\n<li>S\u00e9lectionne les d\u00e9chets solides;<\/li>\n<li>Recycle le papier d\u00e9j\u00e0 utilis\u00e9 dans vos photocopies internes, en l\u2019utilisant une seconde fois;<\/li>\n<li>Agrafez les factures de Manuel Barosa, Lda. sans agrafes m\u00e9talliques\u202f;<\/li>\n<li>Utilise des agrafeuses \u00e9cologiques dans ses services administratifs, \u00e9vitant ainsi l\u2019utilisation d\u2019agrafes m\u00e9talliques;<\/li>\n<li>Envoie des enveloppes non imprim\u00e9es contenant des documents aux clients afin qu\u2019elles puissent \u00eatre r\u00e9utilis\u00e9es par ceux-ci;<\/li>\n<li>R\u00e9cup\u00e8re les piles usag\u00e9es de tous les employ\u00e9s \/ visiteurs de l'entreprise.<\/li>\n<\/ul>\n<p>Nous continuerons d'investir dans la qualit\u00e9 de vie de la plan\u00e8te en mettant en \u0153uvre les meilleures pratiques environnementales les plus r\u00e9centes.<\/p>\n<p style=\"text-align: center;\"><img decoding=\"async\" src=\"https:\/\/gallery.mailchimp.com\/aedc27a2337b728fbfb89d96a\/images\/838125a1-3a9e-4c13-83b2-9d6acbaf82c7.jpg\" \/><\/p>\n\n\t\t<\/div>\n\t<\/div>\n<\/div><\/div><\/div><\/div>\n<\/div>","protected":false},"excerpt":{"rendered":"O grupo BAROSA tem assumido a sua responsabilidade social na regi\u00e3o, investindo nas \u00e1reas de influ\u00eancia ambiental, por modo a preservar a sa\u00fade do nosso planeta, para tal implementou as seguintes medidas: Em 2012 montou 522 pain\u00e9is fotovoltaicos com uma produ\u00e7\u00e3o de 137,79kW, atualmente tem 644 pain\u00e9is fotovoltaicos com uma produ\u00e7\u00e3o m\u00e1xima de 222,97kW evitando [...]","protected":false},"author":1,"featured_media":0,"parent":0,"menu_order":0,"comment_status":"closed","ping_status":"closed","template":"","meta":{"footnotes":""},"class_list":["post-3193","page","type-page","status-publish","hentry"],"yoast_head":"<!-- This site is optimized with the Yoast SEO Premium plugin v27.6 (Yoast SEO v27.6) - https:\/\/yoast.com\/product\/yoast-seo-premium-wordpress\/ -->\n<title>BAROSA | Empresa Amiga do Meio Ambiente<\/title>\n<meta name=\"description\" content=\"O grupo BAROSA tem assumido a sua responsabilidade social na regi\u00e3o, investindo nas \u00e1reas de influ\u00eancia ambiental, por modo a preservar a sa\u00fade do nosso planeta.\" \/>\n<meta name=\"robots\" content=\"index, follow, max-snippet:-1, max-image-preview:large, max-video-preview:-1\" \/>\n<link rel=\"canonical\" href=\"https:\/\/www.barosa.com\/fr\/empresa-amiga-do-meio-ambiente\/\" \/>\n<meta property=\"og:locale\" content=\"fr_FR\" \/>\n<meta property=\"og:type\" content=\"article\" \/>\n<meta property=\"og:title\" content=\"Empresa Amiga do Meio Ambiente\" \/>\n<meta property=\"og:description\" content=\"O grupo BAROSA tem assumido a sua responsabilidade social na regi\u00e3o, investindo nas \u00e1reas de influ\u00eancia ambiental, por modo a preservar a sa\u00fade do nosso planeta.\" \/>\n<meta property=\"og:url\" content=\"https:\/\/www.barosa.com\/fr\/empresa-amiga-do-meio-ambiente\/\" \/>\n<meta property=\"og:site_name\" content=\"BAROSA Congelados | Manuel de Sousa Barosa, Lda.\" \/>\n<meta property=\"article:publisher\" content=\"http:\/\/www.facebook.com\/barosa\/\" \/>\n<meta property=\"article:modified_time\" content=\"2025-09-29T09:04:26+00:00\" \/>\n<meta property=\"og:image\" content=\"https:\/\/gallery.mailchimp.com\/aedc27a2337b728fbfb89d96a\/images\/838125a1-3a9e-4c13-83b2-9d6acbaf82c7.jpg\" \/>\n<meta name=\"twitter:card\" content=\"summary_large_image\" \/>\n<meta name=\"twitter:site\" content=\"@barosa_lda\" \/>\n<meta name=\"twitter:label1\" content=\"Dur\u00e9e de lecture estim\u00e9e\" \/>\n\t<meta name=\"twitter:data1\" content=\"1 minute\" \/>\n<script type=\"application\/ld+json\" class=\"yoast-schema-graph\">{\"@context\":\"https:\\\/\\\/schema.org\",\"@graph\":[{\"@type\":\"WebPage\",\"@id\":\"https:\\\/\\\/www.barosa.com\\\/empresa-amiga-do-meio-ambiente\\\/\",\"url\":\"https:\\\/\\\/www.barosa.com\\\/empresa-amiga-do-meio-ambiente\\\/\",\"name\":\"BAROSA | Empresa Amiga do Meio Ambiente\",\"isPartOf\":{\"@id\":\"https:\\\/\\\/www.barosa.com\\\/#website\"},\"primaryImageOfPage\":{\"@id\":\"https:\\\/\\\/www.barosa.com\\\/empresa-amiga-do-meio-ambiente\\\/#primaryimage\"},\"image\":{\"@id\":\"https:\\\/\\\/www.barosa.com\\\/empresa-amiga-do-meio-ambiente\\\/#primaryimage\"},\"thumbnailUrl\":\"https:\\\/\\\/gallery.mailchimp.com\\\/aedc27a2337b728fbfb89d96a\\\/images\\\/838125a1-3a9e-4c13-83b2-9d6acbaf82c7.jpg\",\"datePublished\":\"2019-10-30T14:50:43+00:00\",\"dateModified\":\"2025-09-29T09:04:26+00:00\",\"description\":\"O grupo BAROSA tem assumido a sua responsabilidade social na regi\u00e3o, investindo nas \u00e1reas de influ\u00eancia ambiental, por modo a preservar a sa\u00fade do nosso planeta.\",\"breadcrumb\":{\"@id\":\"https:\\\/\\\/www.barosa.com\\\/empresa-amiga-do-meio-ambiente\\\/#breadcrumb\"},\"inLanguage\":\"fr-FR\",\"potentialAction\":[{\"@type\":\"ReadAction\",\"target\":[\"https:\\\/\\\/www.barosa.com\\\/empresa-amiga-do-meio-ambiente\\\/\"]}]},{\"@type\":\"ImageObject\",\"inLanguage\":\"fr-FR\",\"@id\":\"https:\\\/\\\/www.barosa.com\\\/empresa-amiga-do-meio-ambiente\\\/#primaryimage\",\"url\":\"https:\\\/\\\/gallery.mailchimp.com\\\/aedc27a2337b728fbfb89d96a\\\/images\\\/838125a1-3a9e-4c13-83b2-9d6acbaf82c7.jpg\",\"contentUrl\":\"https:\\\/\\\/gallery.mailchimp.com\\\/aedc27a2337b728fbfb89d96a\\\/images\\\/838125a1-3a9e-4c13-83b2-9d6acbaf82c7.jpg\"},{\"@type\":\"BreadcrumbList\",\"@id\":\"https:\\\/\\\/www.barosa.com\\\/empresa-amiga-do-meio-ambiente\\\/#breadcrumb\",\"itemListElement\":[{\"@type\":\"ListItem\",\"position\":1,\"name\":\"In\u00edcio\",\"item\":\"https:\\\/\\\/www.barosa.com\\\/\"},{\"@type\":\"ListItem\",\"position\":2,\"name\":\"Empresa Amiga do Meio Ambiente\"}]},{\"@type\":\"WebSite\",\"@id\":\"https:\\\/\\\/www.barosa.com\\\/#website\",\"url\":\"https:\\\/\\\/www.barosa.com\\\/\",\"name\":\"BAROSA Congelados | Manuel de Sousa Barosa, Lda.\",\"description\":\"Empresa de transforma\u00e7\u00e3o e comercializa\u00e7\u00e3o de produtos alimentares congelados. BAROSA \u00ae Pescados, &quot;N\u00e3o h\u00e1 bom garfo que resista\u00ae&quot;. BAROSA \u00ae FoodService &quot;O lado bom da comida\u00ae&quot;. Pescados Crust\u00e1ceos Mariscos Cefal\u00f3podes Bivalves Padaria Pastelaria Pizzas Sobremesas\",\"publisher\":{\"@id\":\"https:\\\/\\\/www.barosa.com\\\/#organization\"},\"alternateName\":\"BAROSA\u00ae\",\"potentialAction\":[{\"@type\":\"SearchAction\",\"target\":{\"@type\":\"EntryPoint\",\"urlTemplate\":\"https:\\\/\\\/www.barosa.com\\\/?s={search_term_string}\"},\"query-input\":{\"@type\":\"PropertyValueSpecification\",\"valueRequired\":true,\"valueName\":\"search_term_string\"}}],\"inLanguage\":\"fr-FR\"},{\"@type\":\"Organization\",\"@id\":\"https:\\\/\\\/www.barosa.com\\\/#organization\",\"name\":\"Manuel de Sousa Barosa, Lda.\",\"alternateName\":\"BAROSA\",\"url\":\"https:\\\/\\\/www.barosa.com\\\/\",\"logo\":{\"@type\":\"ImageObject\",\"inLanguage\":\"fr-FR\",\"@id\":\"https:\\\/\\\/www.barosa.com\\\/#\\\/schema\\\/logo\\\/image\\\/\",\"url\":\"https:\\\/\\\/www.barosa.com\\\/wp-content\\\/uploads\\\/2025\\\/03\\\/BAROSA-Logo-696x696-1.jpg\",\"contentUrl\":\"https:\\\/\\\/www.barosa.com\\\/wp-content\\\/uploads\\\/2025\\\/03\\\/BAROSA-Logo-696x696-1.jpg\",\"width\":696,\"height\":696,\"caption\":\"Manuel de Sousa Barosa, Lda.\"},\"image\":{\"@id\":\"https:\\\/\\\/www.barosa.com\\\/#\\\/schema\\\/logo\\\/image\\\/\"},\"sameAs\":[\"http:\\\/\\\/www.facebook.com\\\/barosa\\\/\",\"https:\\\/\\\/x.com\\\/barosa_lda\",\"https:\\\/\\\/www.instagram.com\\\/barosa_lda\\\/\",\"https:\\\/\\\/pt.linkedin.com\\\/company\\\/barosa-lda\"],\"description\":\"Empresa de transforma\u00e7\u00e3o e comercializa\u00e7\u00e3o de produtos alimentares congelados. BAROSA \u00ae Pescados, \\\"N\u00e3o h\u00e1 bom garfo que resista\u00ae\\\". BAROSA \u00ae FoodService \\\"O lado bom da comida!\u00ae\\\"\",\"email\":\"info@barosa.com\",\"telephone\":\"+351 262824403\",\"legalName\":\"Manuel de Sousa Barosa, Lda.\",\"foundingDate\":\"1975-05-21\",\"vatID\":\"503365190\",\"taxID\":\"503365190\",\"duns\":\"452388713\",\"numberOfEmployees\":{\"@type\":\"QuantitativeValue\",\"minValue\":\"11\",\"maxValue\":\"50\"},\"ethicsPolicy\":\"https:\\\/\\\/www.barosa.com\\\/politicaprivacidade\\\/\"}]}<\/script>\n<!-- \/ Yoast SEO Premium plugin. -->","yoast_head_json":{"title":"BAROSA - Entreprise respectueuse de l'environnement","description":"Le groupe BAROSA a assum\u00e9 sa responsabilit\u00e9 sociale dans la r\u00e9gion, en investissant dans des domaines ayant une influence sur l'environnement afin de pr\u00e9server la sant\u00e9 de notre plan\u00e8te.","robots":{"index":"index","follow":"follow","max-snippet":"max-snippet:-1","max-image-preview":"max-image-preview:large","max-video-preview":"max-video-preview:-1"},"canonical":"https:\/\/www.barosa.com\/fr\/empresa-amiga-do-meio-ambiente\/","og_locale":"fr_FR","og_type":"article","og_title":"Empresa Amiga do Meio Ambiente","og_description":"O grupo BAROSA tem assumido a sua responsabilidade social na regi\u00e3o, investindo nas \u00e1reas de influ\u00eancia ambiental, por modo a preservar a sa\u00fade do nosso planeta.","og_url":"https:\/\/www.barosa.com\/fr\/empresa-amiga-do-meio-ambiente\/","og_site_name":"BAROSA Congelados | Manuel de Sousa Barosa, Lda.","article_publisher":"http:\/\/www.facebook.com\/barosa\/","article_modified_time":"2025-09-29T09:04:26+00:00","og_image":[{"url":"https:\/\/gallery.mailchimp.com\/aedc27a2337b728fbfb89d96a\/images\/838125a1-3a9e-4c13-83b2-9d6acbaf82c7.jpg","type":"","width":"","height":""}],"twitter_card":"summary_large_image","twitter_site":"@barosa_lda","twitter_misc":{"Dur\u00e9e de lecture estim\u00e9e":"1 minute"},"schema":{"@context":"https:\/\/schema.org","@graph":[{"@type":"WebPage","@id":"https:\/\/www.barosa.com\/empresa-amiga-do-meio-ambiente\/","url":"https:\/\/www.barosa.com\/empresa-amiga-do-meio-ambiente\/","name":"BAROSA - Entreprise respectueuse de l'environnement","isPartOf":{"@id":"https:\/\/www.barosa.com\/#website"},"primaryImageOfPage":{"@id":"https:\/\/www.barosa.com\/empresa-amiga-do-meio-ambiente\/#primaryimage"},"image":{"@id":"https:\/\/www.barosa.com\/empresa-amiga-do-meio-ambiente\/#primaryimage"},"thumbnailUrl":"https:\/\/gallery.mailchimp.com\/aedc27a2337b728fbfb89d96a\/images\/838125a1-3a9e-4c13-83b2-9d6acbaf82c7.jpg","datePublished":"2019-10-30T14:50:43+00:00","dateModified":"2025-09-29T09:04:26+00:00","description":"Le groupe BAROSA a assum\u00e9 sa responsabilit\u00e9 sociale dans la r\u00e9gion, en investissant dans des domaines ayant une influence sur l'environnement afin de pr\u00e9server la sant\u00e9 de notre plan\u00e8te.","breadcrumb":{"@id":"https:\/\/www.barosa.com\/empresa-amiga-do-meio-ambiente\/#breadcrumb"},"inLanguage":"fr-FR","potentialAction":[{"@type":"ReadAction","target":["https:\/\/www.barosa.com\/empresa-amiga-do-meio-ambiente\/"]}]},{"@type":"ImageObject","inLanguage":"fr-FR","@id":"https:\/\/www.barosa.com\/empresa-amiga-do-meio-ambiente\/#primaryimage","url":"https:\/\/gallery.mailchimp.com\/aedc27a2337b728fbfb89d96a\/images\/838125a1-3a9e-4c13-83b2-9d6acbaf82c7.jpg","contentUrl":"https:\/\/gallery.mailchimp.com\/aedc27a2337b728fbfb89d96a\/images\/838125a1-3a9e-4c13-83b2-9d6acbaf82c7.jpg"},{"@type":"BreadcrumbList","@id":"https:\/\/www.barosa.com\/empresa-amiga-do-meio-ambiente\/#breadcrumb","itemListElement":[{"@type":"ListItem","position":1,"name":"In\u00edcio","item":"https:\/\/www.barosa.com\/"},{"@type":"ListItem","position":2,"name":"Empresa Amiga do Meio Ambiente"}]},{"@type":"WebSite","@id":"https:\/\/www.barosa.com\/#website","url":"https:\/\/www.barosa.com\/","name":"BAROSA Congelados | Manuel de Sousa Barosa, Lda.","description":"Entreprise de transformation et commercialisation de produits alimentaires surgel\u00e9s. BAROSA \u00ae Pescados, \" Aucune bonne fourchette ne peut y r\u00e9sister\u00ae \". BAROSA \u00ae FoodService \" Le bon c\u00f4t\u00e9 de la nourriture\u00ae \". Poissons Crustac\u00e9s Fruits de mer C\u00e9phalopodes Bivalves Boulangerie P\u00e2tisserie Pizzas Desserts","publisher":{"@id":"https:\/\/www.barosa.com\/#organization"},"alternateName":"BAROSA\u00ae","potentialAction":[{"@type":"SearchAction","target":{"@type":"EntryPoint","urlTemplate":"https:\/\/www.barosa.com\/?s={search_term_string}"},"query-input":{"@type":"PropertyValueSpecification","valueRequired":true,"valueName":"search_term_string"}}],"inLanguage":"fr-FR"},{"@type":"Organization","@id":"https:\/\/www.barosa.com\/#organization","name":"Manuel de Sousa Barosa, Lda.","alternateName":"BAROSA","url":"https:\/\/www.barosa.com\/","logo":{"@type":"ImageObject","inLanguage":"fr-FR","@id":"https:\/\/www.barosa.com\/#\/schema\/logo\/image\/","url":"https:\/\/www.barosa.com\/wp-content\/uploads\/2025\/03\/BAROSA-Logo-696x696-1.jpg","contentUrl":"https:\/\/www.barosa.com\/wp-content\/uploads\/2025\/03\/BAROSA-Logo-696x696-1.jpg","width":696,"height":696,"caption":"Manuel de Sousa Barosa, Lda."},"image":{"@id":"https:\/\/www.barosa.com\/#\/schema\/logo\/image\/"},"sameAs":["http:\/\/www.facebook.com\/barosa\/","https:\/\/x.com\/barosa_lda","https:\/\/www.instagram.com\/barosa_lda\/","https:\/\/pt.linkedin.com\/company\/barosa-lda"],"description":"Entreprise de transformation et commercialisation de produits alimentaires surgel\u00e9s. BAROSA \u00ae Pescados, \" Aucune bonne fourchette ne peut y r\u00e9sister\u00ae \". BAROSA \u00ae FoodService \" Le bon c\u00f4t\u00e9 de la nourriture !\u00ae \"","email":"info@barosa.com","telephone":"+351 262824403","legalName":"Manuel de Sousa Barosa, Lda.","foundingDate":"1975-05-21","vatID":"503365190","taxID":"503365190","duns":"452388713","numberOfEmployees":{"@type":"QuantitativeValue","minValue":"11","maxValue":"50"},"ethicsPolicy":"https:\/\/www.barosa.com\/politicaprivacidade\/"}]}},"_links":{"self":[{"href":"https:\/\/www.barosa.com\/fr\/wp-json\/wp\/v2\/pages\/3193","targetHints":{"allow":["GET"]}}],"collection":[{"href":"https:\/\/www.barosa.com\/fr\/wp-json\/wp\/v2\/pages"}],"about":[{"href":"https:\/\/www.barosa.com\/fr\/wp-json\/wp\/v2\/types\/page"}],"author":[{"embeddable":true,"href":"https:\/\/www.barosa.com\/fr\/wp-json\/wp\/v2\/users\/1"}],"replies":[{"embeddable":true,"href":"https:\/\/www.barosa.com\/fr\/wp-json\/wp\/v2\/comments?post=3193"}],"version-history":[{"count":9,"href":"https:\/\/www.barosa.com\/fr\/wp-json\/wp\/v2\/pages\/3193\/revisions"}],"predecessor-version":[{"id":18692,"href":"https:\/\/www.barosa.com\/fr\/wp-json\/wp\/v2\/pages\/3193\/revisions\/18692"}],"wp:attachment":[{"href":"https:\/\/www.barosa.com\/fr\/wp-json\/wp\/v2\/media?parent=3193"}],"curies":[{"name":"wp","href":"https:\/\/api.w.org\/{rel}","templated":true}]}}