{"id":2888,"date":"2019-02-22T11:45:56","date_gmt":"2019-02-22T11:45:56","guid":{"rendered":"https:\/\/digitextus.pt\/barosa\/?page_id=2888"},"modified":"2019-12-05T12:56:26","modified_gmt":"2019-12-05T12:56:26","slug":"registo","status":"publish","type":"page","link":"https:\/\/www.barosa.com\/fr\/registo\/","title":{"rendered":"Inscription"},"content":{"rendered":"<div id=\"wpmem_reg\"><a id=\"register\"><\/a><form name=\"form\" method=\"post\" action=\"https:\/\/www.barosa.com\/fr\/registo\/\" id=\"wpmem_register_form\" class=\"form\" data-trp-original-action=\"https:\/\/www.barosa.com\/fr\/registo\/\"><input type=\"hidden\" id=\"_wpmem_register_nonce\" name=\"_wpmem_register_nonce\" value=\"bae655d990\" \/><input type=\"hidden\" name=\"_wp_http_referer\" value=\"\/fr\/wp-json\/wp\/v2\/pages\/2888\" \/><fieldset><legend>Nouvel utilisateur\u00a0?<\/legend><label for=\"username\" class=\"text\">Nome de Utilizador<span class=\"req\">*<\/span><\/label><div class=\"div_text\"><input name=\"username\" type=\"text\" id=\"username\" value=\"\" class=\"textbox\" required \/><\/div><label for=\"user_email\" class=\"text\">Courriel<span class=\"req\">*<\/span><\/label><div class=\"div_text\"><input name=\"user_email\" type=\"email\" id=\"user_email\" value=\"\" class=\"textbox\" required \/><\/div><label for=\"billing_phone\" class=\"text\">Telem\u00f3vel<span class=\"req\">*<\/span><\/label><div class=\"div_text\"><input name=\"billing_phone\" type=\"text\" id=\"billing_phone\" value=\"\" class=\"textbox\" required \/><\/div><label for=\"first_name\" class=\"text\">Nome Pr\u00f3prio<span class=\"req\">*<\/span><\/label><div class=\"div_text\"><input name=\"first_name\" type=\"text\" id=\"first_name\" value=\"\" class=\"textbox\" required \/><\/div><label for=\"last_name\" class=\"text\">Apelido<span class=\"req\">*<\/span><\/label><div class=\"div_text\"><input name=\"last_name\" type=\"text\" id=\"last_name\" value=\"\" class=\"textbox\" required \/><\/div><label for=\"tiponegocio\" class=\"select\">Tipo de Neg\u00f3cio<span class=\"req\">*<\/span><\/label><div class=\"div_select\"><select name=\"tiponegocio\" id=\"tiponegocio\" class=\"dropdown\" required><option value=\"\">Selecione uma op\u00e7\u00e3o<\/option><option value=\"Armazenistas\">Armazenistas<\/option><option value=\"Bar de Cinema\">Bar de Cinema<\/option><option value=\"Caf\u00e9\/Pastelaria\">Caf\u00e9\/Pastelaria<\/option><option value=\"Cantina \/ Refeit\u00f3rio\">Cantina \/ Refeit\u00f3rio<\/option><option value=\"Cash & Carry\">Cash &amp; Carry<\/option><option value=\"Cooperativas\">Cooperativas<\/option><option value=\"Fast Food\">Fast Food<\/option><option value=\"Geladaria\">Geladaria<\/option><option value=\"Hipermercados\">Hipermercados<\/option><option value=\"Home Vending\">Home Vending<\/option><option value=\"Loja Artesanato\">Loja Artesanato<\/option><option value=\"Loja de Congelados\">Loja de Congelados<\/option><option value=\"Loja de Conveni\u00eancia\">Loja de Conveni\u00eancia<\/option><option value=\"Loja Posto Abastecimento\">Loja Posto Abastecimento<\/option><option value=\"Lojas de Doces\">Lojas de Doces<\/option><option value=\"Minimercados\">Minimercados<\/option><option value=\"Quiosque\">Quiosques<\/option><option value=\"Restaurante\">Restaurante<\/option><option value=\"Supermercados\">Supermercados<\/option><option value=\"Take Away\">Take Away<\/option><option value=\"Talhos\">Talhos<\/option><option value=\"Teleshopping\">Teleshopping<\/option><option value=\"Venda Ambulante\">Venda Ambulante<\/option><option value=\"Vending Machine\">Vending Machine<\/option><option value=\"Consumidor Final\">Consumidor Final<\/option><\/select><\/div><label for=\"funcao\" class=\"select\">Fun\u00e7\u00e3o<span class=\"req\">*<\/span><\/label><div class=\"div_select\"><select name=\"funcao\" id=\"funcao\" class=\"dropdown\" required><option value=\"\">Selecione uma op\u00e7\u00e3o<\/option><option value=\"Chef\/Cozinheiro\">Chef\/Cozinheiro<\/option><option value=\"Propriet\u00e1rio\/Gerente\">Propriet\u00e1rio\/Gerente<\/option><option value=\"Comprador\">Comprador<\/option><option value=\"Outros\">Outros<\/option><\/select><\/div><label for=\"nomeestabelecimento\" class=\"text\">Nome da Empresa<\/label><div class=\"div_text\"><input name=\"nomeestabelecimento\" type=\"text\" id=\"nomeestabelecimento\" value=\"\" class=\"textbox\" \/><\/div><label for=\"nif\" class=\"text\">NIF<span class=\"req\">*<\/span><\/label><div class=\"div_text\"><input name=\"nif\" type=\"text\" id=\"nif\" value=\"\" class=\"textbox\" required \/><\/div><label for=\"diaencerramento\" class=\"select\">Dia de Encerramento<\/label><div class=\"div_select\"><select name=\"diaencerramento\" id=\"diaencerramento\" class=\"dropdown\"><option value=\"\">Selecione uma op\u00e7\u00e3o<\/option><option value=\"Segunda-feira\">Segunda-feira<\/option><option value=\"Ter\u00e7a-feira\">Ter\u00e7a-feira<\/option><option value=\"Quarta-feira\">Quarta-feira<\/option><option value=\"Quinta-feira\">Quinta-feira<\/option><option value=\"Sexta-feira\">Sexta-feira<\/option><option value=\"S\u00e1bado\">S\u00e1bado<\/option><option value=\"Domingo\">Domingo<\/option><option value=\"N\u00e3o encerra\">N\u00e3o encerra<\/option><\/select><\/div><label for=\"ruaestebelecimento\" class=\"text\">Rua<span class=\"req\">*<\/span><\/label><div class=\"div_text\"><input name=\"ruaestebelecimento\" type=\"text\" id=\"ruaestebelecimento\" value=\"\" class=\"textbox\" required \/><\/div><label for=\"numeropoorta\" class=\"text\">N\u00famero da Porta<span class=\"req\">*<\/span><\/label><div class=\"div_text\"><input name=\"numeropoorta\" type=\"text\" id=\"numeropoorta\" value=\"\" class=\"textbox\" required \/><\/div><label for=\"cidade\" class=\"text\">Cidade<span class=\"req\">*<\/span><\/label><div class=\"div_text\"><input name=\"cidade\" type=\"text\" id=\"cidade\" value=\"\" class=\"textbox\" required \/><\/div><label for=\"codigopostal\" class=\"text\">C\u00f3digo Postal<span class=\"req\">*<\/span><\/label><div class=\"div_text\"><input name=\"codigopostal\" type=\"text\" id=\"codigopostal\" value=\"\" class=\"textbox\" required \/><\/div><label for=\"password\" class=\"text\">Palavra Passe<span class=\"req\">*<\/span><\/label><div class=\"div_text\"><input name=\"password\" type=\"password\" id=\"password\" class=\"textbox\" required \/><\/div><label for=\"confirm_password\" class=\"text\">Confirme Palavra Passe<span class=\"req\">*<\/span><\/label><div class=\"div_text\"><input name=\"confirm_password\" type=\"password\" id=\"confirm_password\" class=\"textbox\" required \/><\/div><label for=\"maior16\" class=\"checkbox\">Sim - Confirmo que tenho mais de 16 anos<span class=\"req\">*<\/span><\/label><div class=\"div_checkbox\"><input name=\"maior16\" type=\"checkbox\" id=\"maior16\" value=\"1\" required \/><\/div><label for=\"rgpd\" class=\"checkbox\">Por favor consulte a nossa Pol\u00edtica de Privacidade e Aviso de Cookies para entender a forma como tratamos os seus dados pessoais. Li e aceito os Termos e Condi\u00e7\u00f5es<span class=\"req\">*<\/span><\/label><div class=\"div_checkbox\"><input name=\"rgpd\" type=\"checkbox\" id=\"rgpd\" value=\"Sim\" required \/><\/div><label for=\"marketing\" class=\"checkbox\">Sim - Autorizo que os meus dados pessoais sejam tratados para todas as finalidades de marketing.<\/label><div class=\"div_checkbox\"><input name=\"marketing\" type=\"checkbox\" id=\"marketing\" value=\"Sim\" \/><\/div><input name=\"a\" type=\"hidden\" value=\"register\" \/><input name=\"wpmem_reg_page\" type=\"hidden\" value=\"https:\/\/www.barosa.com\/fr\/registo\/\" \/><div class=\"button_div\"><input name=\"submit\" type=\"submit\" value=\"S\u2019inscrire\" class=\"buttons\" \/><\/div><div class=\"req-text\"><span class=\"req\">*<\/span>Champ requis<\/div><\/fieldset><input type=\"hidden\" name=\"trp-form-language\" value=\"fr\"\/><\/form><\/div>","protected":false},"excerpt":{"rendered":"Nouvel utilisateur\u00a0?Nome de Utilizador*Courriel*Telem\u00f3vel*Nome Pr\u00f3prio*Apelido*Tipo de Neg\u00f3cio*Selecione uma op\u00e7\u00e3oArmazenistasBar de CinemaCaf\u00e9\/PastelariaCantina \/ Refeit\u00f3rioCash &amp; CarryCooperativasFast FoodGeladariaHipermercadosHome VendingLoja ArtesanatoLoja de CongeladosLoja de Conveni\u00eanciaLoja Posto AbastecimentoLojas de DocesMinimercadosQuiosquesRestauranteSupermercadosTake AwayTalhosTeleshoppingVenda AmbulanteVending MachineConsumidor FinalFun\u00e7\u00e3o*Selecione uma op\u00e7\u00e3oChef\/CozinheiroPropriet\u00e1rio\/GerenteCompradorOutrosNome da EmpresaNIF*Dia de EncerramentoSelecione uma op\u00e7\u00e3oSegunda-feiraTer\u00e7a-feiraQuarta-feiraQuinta-feiraSexta-feiraS\u00e1badoDomingoN\u00e3o encerraRua*N\u00famero da Porta*Cidade*C\u00f3digo Postal*Palavra Passe*Confirme Palavra Passe*Sim - Confirmo que tenho mais de 16 anos*Por favor consulte [...]","protected":false},"author":1,"featured_media":0,"parent":0,"menu_order":0,"comment_status":"closed","ping_status":"closed","template":"","meta":{"footnotes":""},"class_list":["post-2888","page","type-page","status-publish","hentry"],"yoast_head":"<!-- This site is optimized with the Yoast SEO Premium plugin v27.6 (Yoast SEO v27.6) - https:\/\/yoast.com\/product\/yoast-seo-premium-wordpress\/ -->\n<title>Registo - BAROSA Congelados | Manuel de Sousa Barosa, Lda.<\/title>\n<meta name=\"robots\" content=\"index, follow, max-snippet:-1, max-image-preview:large, max-video-preview:-1\" \/>\n<link rel=\"canonical\" href=\"https:\/\/www.barosa.com\/fr\/registo\/\" \/>\n<meta property=\"og:locale\" content=\"fr_FR\" \/>\n<meta property=\"og:type\" content=\"article\" \/>\n<meta property=\"og:title\" content=\"Registo\" \/>\n<meta property=\"og:url\" content=\"https:\/\/www.barosa.com\/fr\/registo\/\" \/>\n<meta property=\"og:site_name\" content=\"BAROSA Congelados | Manuel de Sousa Barosa, Lda.\" \/>\n<meta property=\"article:publisher\" content=\"http:\/\/www.facebook.com\/barosa\/\" \/>\n<meta property=\"article:modified_time\" content=\"2019-12-05T12:56:26+00:00\" \/>\n<meta property=\"og:image\" content=\"https:\/\/www.barosa.com\/wp-content\/uploads\/2024\/02\/BAROSA-Logo-1200-x-675.jpg\" \/>\n\t<meta property=\"og:image:width\" content=\"1200\" \/>\n\t<meta property=\"og:image:height\" content=\"675\" \/>\n\t<meta property=\"og:image:type\" content=\"image\/jpeg\" \/>\n<meta name=\"twitter:card\" content=\"summary_large_image\" \/>\n<meta name=\"twitter:site\" content=\"@barosa_lda\" \/>\n<script type=\"application\/ld+json\" class=\"yoast-schema-graph\">{\"@context\":\"https:\\\/\\\/schema.org\",\"@graph\":[{\"@type\":\"WebPage\",\"@id\":\"https:\\\/\\\/www.barosa.com\\\/registo\\\/\",\"url\":\"https:\\\/\\\/www.barosa.com\\\/registo\\\/\",\"name\":\"Registo - BAROSA Congelados | Manuel de Sousa Barosa, Lda.\",\"isPartOf\":{\"@id\":\"https:\\\/\\\/www.barosa.com\\\/#website\"},\"datePublished\":\"2019-02-22T11:45:56+00:00\",\"dateModified\":\"2019-12-05T12:56:26+00:00\",\"breadcrumb\":{\"@id\":\"https:\\\/\\\/www.barosa.com\\\/registo\\\/#breadcrumb\"},\"inLanguage\":\"fr-FR\",\"potentialAction\":[{\"@type\":\"ReadAction\",\"target\":[\"https:\\\/\\\/www.barosa.com\\\/registo\\\/\"]}]},{\"@type\":\"BreadcrumbList\",\"@id\":\"https:\\\/\\\/www.barosa.com\\\/registo\\\/#breadcrumb\",\"itemListElement\":[{\"@type\":\"ListItem\",\"position\":1,\"name\":\"In\u00edcio\",\"item\":\"https:\\\/\\\/www.barosa.com\\\/\"},{\"@type\":\"ListItem\",\"position\":2,\"name\":\"Registo\"}]},{\"@type\":\"WebSite\",\"@id\":\"https:\\\/\\\/www.barosa.com\\\/#website\",\"url\":\"https:\\\/\\\/www.barosa.com\\\/\",\"name\":\"BAROSA Congelados | Manuel de Sousa Barosa, Lda.\",\"description\":\"Empresa de transforma\u00e7\u00e3o e comercializa\u00e7\u00e3o de produtos alimentares congelados. BAROSA \u00ae Pescados, &quot;N\u00e3o h\u00e1 bom garfo que resista\u00ae&quot;. BAROSA \u00ae FoodService &quot;O lado bom da comida\u00ae&quot;. Pescados Crust\u00e1ceos Mariscos Cefal\u00f3podes Bivalves Padaria Pastelaria Pizzas Sobremesas\",\"publisher\":{\"@id\":\"https:\\\/\\\/www.barosa.com\\\/#organization\"},\"alternateName\":\"BAROSA\u00ae\",\"potentialAction\":[{\"@type\":\"SearchAction\",\"target\":{\"@type\":\"EntryPoint\",\"urlTemplate\":\"https:\\\/\\\/www.barosa.com\\\/?s={search_term_string}\"},\"query-input\":{\"@type\":\"PropertyValueSpecification\",\"valueRequired\":true,\"valueName\":\"search_term_string\"}}],\"inLanguage\":\"fr-FR\"},{\"@type\":\"Organization\",\"@id\":\"https:\\\/\\\/www.barosa.com\\\/#organization\",\"name\":\"Manuel de Sousa Barosa, Lda.\",\"alternateName\":\"BAROSA\",\"url\":\"https:\\\/\\\/www.barosa.com\\\/\",\"logo\":{\"@type\":\"ImageObject\",\"inLanguage\":\"fr-FR\",\"@id\":\"https:\\\/\\\/www.barosa.com\\\/#\\\/schema\\\/logo\\\/image\\\/\",\"url\":\"https:\\\/\\\/www.barosa.com\\\/wp-content\\\/uploads\\\/2025\\\/03\\\/BAROSA-Logo-696x696-1.jpg\",\"contentUrl\":\"https:\\\/\\\/www.barosa.com\\\/wp-content\\\/uploads\\\/2025\\\/03\\\/BAROSA-Logo-696x696-1.jpg\",\"width\":696,\"height\":696,\"caption\":\"Manuel de Sousa Barosa, Lda.\"},\"image\":{\"@id\":\"https:\\\/\\\/www.barosa.com\\\/#\\\/schema\\\/logo\\\/image\\\/\"},\"sameAs\":[\"http:\\\/\\\/www.facebook.com\\\/barosa\\\/\",\"https:\\\/\\\/x.com\\\/barosa_lda\",\"https:\\\/\\\/www.instagram.com\\\/barosa_lda\\\/\",\"https:\\\/\\\/pt.linkedin.com\\\/company\\\/barosa-lda\"],\"description\":\"Empresa de transforma\u00e7\u00e3o e comercializa\u00e7\u00e3o de produtos alimentares congelados. BAROSA \u00ae Pescados, \\\"N\u00e3o h\u00e1 bom garfo que resista\u00ae\\\". BAROSA \u00ae FoodService \\\"O lado bom da comida!\u00ae\\\"\",\"email\":\"info@barosa.com\",\"telephone\":\"+351 262824403\",\"legalName\":\"Manuel de Sousa Barosa, Lda.\",\"foundingDate\":\"1975-05-21\",\"vatID\":\"503365190\",\"taxID\":\"503365190\",\"duns\":\"452388713\",\"numberOfEmployees\":{\"@type\":\"QuantitativeValue\",\"minValue\":\"11\",\"maxValue\":\"50\"},\"ethicsPolicy\":\"https:\\\/\\\/www.barosa.com\\\/politicaprivacidade\\\/\"}]}<\/script>\n<!-- \/ Yoast SEO Premium plugin. -->","yoast_head_json":{"title":"Inscription - BAROSA Congelados | Manuel de Sousa Barosa, Lda.","robots":{"index":"index","follow":"follow","max-snippet":"max-snippet:-1","max-image-preview":"max-image-preview:large","max-video-preview":"max-video-preview:-1"},"canonical":"https:\/\/www.barosa.com\/fr\/registo\/","og_locale":"fr_FR","og_type":"article","og_title":"Registo","og_url":"https:\/\/www.barosa.com\/fr\/registo\/","og_site_name":"BAROSA Congelados | Manuel de Sousa Barosa, Lda.","article_publisher":"http:\/\/www.facebook.com\/barosa\/","article_modified_time":"2019-12-05T12:56:26+00:00","og_image":[{"width":1200,"height":675,"url":"https:\/\/www.barosa.com\/wp-content\/uploads\/2024\/02\/BAROSA-Logo-1200-x-675.jpg","type":"image\/jpeg"}],"twitter_card":"summary_large_image","twitter_site":"@barosa_lda","schema":{"@context":"https:\/\/schema.org","@graph":[{"@type":"WebPage","@id":"https:\/\/www.barosa.com\/registo\/","url":"https:\/\/www.barosa.com\/registo\/","name":"Inscription - BAROSA Congelados | Manuel de Sousa Barosa, Lda.","isPartOf":{"@id":"https:\/\/www.barosa.com\/#website"},"datePublished":"2019-02-22T11:45:56+00:00","dateModified":"2019-12-05T12:56:26+00:00","breadcrumb":{"@id":"https:\/\/www.barosa.com\/registo\/#breadcrumb"},"inLanguage":"fr-FR","potentialAction":[{"@type":"ReadAction","target":["https:\/\/www.barosa.com\/registo\/"]}]},{"@type":"BreadcrumbList","@id":"https:\/\/www.barosa.com\/registo\/#breadcrumb","itemListElement":[{"@type":"ListItem","position":1,"name":"In\u00edcio","item":"https:\/\/www.barosa.com\/"},{"@type":"ListItem","position":2,"name":"Registo"}]},{"@type":"WebSite","@id":"https:\/\/www.barosa.com\/#website","url":"https:\/\/www.barosa.com\/","name":"BAROSA Congelados | Manuel de Sousa Barosa, Lda.","description":"Entreprise de transformation et commercialisation de produits alimentaires surgel\u00e9s. BAROSA \u00ae Pescados, \" Aucune bonne fourchette ne peut y r\u00e9sister\u00ae \". BAROSA \u00ae FoodService \" Le bon c\u00f4t\u00e9 de la nourriture\u00ae \". Poissons Crustac\u00e9s Fruits de mer C\u00e9phalopodes Bivalves Boulangerie P\u00e2tisserie Pizzas Desserts","publisher":{"@id":"https:\/\/www.barosa.com\/#organization"},"alternateName":"BAROSA\u00ae","potentialAction":[{"@type":"SearchAction","target":{"@type":"EntryPoint","urlTemplate":"https:\/\/www.barosa.com\/?s={search_term_string}"},"query-input":{"@type":"PropertyValueSpecification","valueRequired":true,"valueName":"search_term_string"}}],"inLanguage":"fr-FR"},{"@type":"Organization","@id":"https:\/\/www.barosa.com\/#organization","name":"Manuel de Sousa Barosa, Lda.","alternateName":"BAROSA","url":"https:\/\/www.barosa.com\/","logo":{"@type":"ImageObject","inLanguage":"fr-FR","@id":"https:\/\/www.barosa.com\/#\/schema\/logo\/image\/","url":"https:\/\/www.barosa.com\/wp-content\/uploads\/2025\/03\/BAROSA-Logo-696x696-1.jpg","contentUrl":"https:\/\/www.barosa.com\/wp-content\/uploads\/2025\/03\/BAROSA-Logo-696x696-1.jpg","width":696,"height":696,"caption":"Manuel de Sousa Barosa, Lda."},"image":{"@id":"https:\/\/www.barosa.com\/#\/schema\/logo\/image\/"},"sameAs":["http:\/\/www.facebook.com\/barosa\/","https:\/\/x.com\/barosa_lda","https:\/\/www.instagram.com\/barosa_lda\/","https:\/\/pt.linkedin.com\/company\/barosa-lda"],"description":"Entreprise de transformation et commercialisation de produits alimentaires surgel\u00e9s. BAROSA \u00ae Pescados, \" Aucune bonne fourchette ne peut y r\u00e9sister\u00ae \". BAROSA \u00ae FoodService \" Le bon c\u00f4t\u00e9 de la nourriture !\u00ae \"","email":"info@barosa.com","telephone":"+351 262824403","legalName":"Manuel de Sousa Barosa, Lda.","foundingDate":"1975-05-21","vatID":"503365190","taxID":"503365190","duns":"452388713","numberOfEmployees":{"@type":"QuantitativeValue","minValue":"11","maxValue":"50"},"ethicsPolicy":"https:\/\/www.barosa.com\/politicaprivacidade\/"}]}},"_links":{"self":[{"href":"https:\/\/www.barosa.com\/fr\/wp-json\/wp\/v2\/pages\/2888","targetHints":{"allow":["GET"]}}],"collection":[{"href":"https:\/\/www.barosa.com\/fr\/wp-json\/wp\/v2\/pages"}],"about":[{"href":"https:\/\/www.barosa.com\/fr\/wp-json\/wp\/v2\/types\/page"}],"author":[{"embeddable":true,"href":"https:\/\/www.barosa.com\/fr\/wp-json\/wp\/v2\/users\/1"}],"replies":[{"embeddable":true,"href":"https:\/\/www.barosa.com\/fr\/wp-json\/wp\/v2\/comments?post=2888"}],"version-history":[{"count":7,"href":"https:\/\/www.barosa.com\/fr\/wp-json\/wp\/v2\/pages\/2888\/revisions"}],"predecessor-version":[{"id":6694,"href":"https:\/\/www.barosa.com\/fr\/wp-json\/wp\/v2\/pages\/2888\/revisions\/6694"}],"wp:attachment":[{"href":"https:\/\/www.barosa.com\/fr\/wp-json\/wp\/v2\/media?parent=2888"}],"curies":[{"name":"wp","href":"https:\/\/api.w.org\/{rel}","templated":true}]}}