{"id":1742,"date":"2017-08-05T03:02:37","date_gmt":"2017-08-05T03:02:37","guid":{"rendered":"https:\/\/digitextus.pt\/barosa\/?page_id=1742"},"modified":"2017-08-09T09:28:38","modified_gmt":"2017-08-09T09:28:38","slug":"blog-carousel","status":"publish","type":"page","link":"https:\/\/www.barosa.com\/fr\/blog-carousel\/","title":{"rendered":"Blog Carousel"},"content":{"rendered":"<div class=\"wpb-content-wrapper\"><section class=\"vc_section\"><div class=\"container\"><div class=\"vc_row wpb_row vc_row-fluid\"><div class=\"wpb_column vc_column_container vc_col-sm-12\"><div class=\"vc_column-inner\"><div class=\"wpb_wrapper\">\t\t\t<div class=\" bt-element bt-blog-carousel-element default nav-dots-doyle space30 \">\r\n\t\t\t\t<div class=\"owl-carousel\" data-owl=\"{&quot;items&quot;:&quot;3&quot;,&quot;margin&quot;:30,&quot;loop&quot;:false,&quot;autoplay&quot;:false,&quot;autoplayHoverPause&quot;:false,&quot;smartSpeed&quot;:500,&quot;nav&quot;:true,&quot;navText&quot;:[&quot;&lt;i class=\\&quot;fa fa-angle-left\\&quot;&gt;&lt;\\\/i&gt;&quot;,&quot;&lt;i class=\\&quot;fa fa-angle-right\\&quot;&gt;&lt;\\\/i&gt;&quot;],&quot;dots&quot;:false,&quot;responsive&quot;:{&quot;1200&quot;:{&quot;items&quot;:&quot;3&quot;},&quot;992&quot;:{&quot;items&quot;:3},&quot;768&quot;:{&quot;items&quot;:2},&quot;0&quot;:{&quot;items&quot;:1,&quot;nav&quot;:true,&quot;dots&quot;:false}}}\">\r\n\t\t\t\t\t<div class=\"bt-item\">\r\n\t<div class=\"bt-media standard\">\r\n\t\t<img loading=\"lazy\" decoding=\"async\" width=\"250\" height=\"250\" src=\"https:\/\/www.barosa.com\/wp-content\/uploads\/2019\/01\/Vieiras-Novidade.jpg\" class=\"attachment-full\" alt=\"Vieiras Novidade\" title=\"Vieiras Novidade\" srcset=\"https:\/\/www.barosa.com\/wp-content\/uploads\/2019\/01\/Vieiras-Novidade.jpg 250w, https:\/\/www.barosa.com\/wp-content\/uploads\/2019\/01\/Vieiras-Novidade-150x150.jpg 150w, https:\/\/www.barosa.com\/wp-content\/uploads\/2019\/01\/Vieiras-Novidade-12x12.jpg 12w, https:\/\/www.barosa.com\/wp-content\/uploads\/2019\/01\/Vieiras-Novidade-100x100.jpg 100w\" sizes=\"auto, (max-width: 250px) 100vw, 250px\" \/>\t\t<div class=\"bt-term\"><\/div>\r\n\t<\/div>\r\n\t<div class=\"bt-content\">\r\n\t\t<h3 class=\"bt-title\"><a href=\"https:\/\/www.barosa.com\/fr\/nov1\/\">Vieiras do Per\u00fa<\/a><\/h3>\r\n\t\t<ul class=\"bt-meta\">\r\n\t\t\t<li>By <strong>adminbarosa<\/strong><\/li>\r\n\t\t\t<li>on <strong>Jan 02, 2019<\/strong><\/li>\r\n\t\t<\/ul>\r\n\t\t<div class=\"bt-excerpt\">Vieiras do Per\u00fa Meia Concha As nossa vieiras s\u00e3o um convite \u00e0 indulg\u00eancia: apetitosas, saborosas e com uma textura que.<\/div><a class=\"bt-readmore\" href=\"https:\/\/www.barosa.com\/fr\/nov1\/\">Read More<\/a>\t<\/div>\r\n<\/div><div class=\"bt-item\">\r\n\t<div class=\"bt-media standard\">\r\n\t\t<img loading=\"lazy\" decoding=\"async\" width=\"250\" height=\"250\" src=\"https:\/\/www.barosa.com\/wp-content\/uploads\/2022\/07\/Hamburguer-Frango-Promo.jpg\" class=\"attachment-full\" alt=\"Hamb\u00farguer Frango Promo\" title=\"Hamb\u00farguer Frango Promo\" srcset=\"https:\/\/www.barosa.com\/wp-content\/uploads\/2022\/07\/Hamburguer-Frango-Promo.jpg 250w, https:\/\/www.barosa.com\/wp-content\/uploads\/2022\/07\/Hamburguer-Frango-Promo-150x150.jpg 150w, https:\/\/www.barosa.com\/wp-content\/uploads\/2022\/07\/Hamburguer-Frango-Promo-12x12.jpg 12w, https:\/\/www.barosa.com\/wp-content\/uploads\/2022\/07\/Hamburguer-Frango-Promo-100x100.jpg 100w\" sizes=\"auto, (max-width: 250px) 100vw, 250px\" \/>\t\t<div class=\"bt-term\"><\/div>\r\n\t<\/div>\r\n\t<div class=\"bt-content\">\r\n\t\t<h3 class=\"bt-title\"><a href=\"https:\/\/www.barosa.com\/fr\/promo1\/\">Hamb\u00farguer de Frango<\/a><\/h3>\r\n\t\t<ul class=\"bt-meta\">\r\n\t\t\t<li>By <strong>adminbarosa<\/strong><\/li>\r\n\t\t\t<li>on <strong>Jan 01, 2019<\/strong><\/li>\r\n\t\t<\/ul>\r\n\t\t<div class=\"bt-excerpt\">Hamb\u00farguer de Frango Ir para o produto, clique aqui. BAROSA FoodService &#8220;O lado bom da comida!&#8221;<\/div><a class=\"bt-readmore\" href=\"https:\/\/www.barosa.com\/fr\/promo1\/\">Read More<\/a>\t<\/div>\r\n<\/div><div class=\"bt-item\">\r\n\t<div class=\"bt-media standard\">\r\n\t\t<img loading=\"lazy\" decoding=\"async\" width=\"250\" height=\"250\" src=\"https:\/\/www.barosa.com\/wp-content\/uploads\/2022\/07\/Corvina-Prata-Promo.jpg\" class=\"attachment-full\" alt=\"Corvina Prata Promo\" title=\"Corvina Prata Promo\" srcset=\"https:\/\/www.barosa.com\/wp-content\/uploads\/2022\/07\/Corvina-Prata-Promo.jpg 250w, https:\/\/www.barosa.com\/wp-content\/uploads\/2022\/07\/Corvina-Prata-Promo-150x150.jpg 150w, https:\/\/www.barosa.com\/wp-content\/uploads\/2022\/07\/Corvina-Prata-Promo-12x12.jpg 12w, https:\/\/www.barosa.com\/wp-content\/uploads\/2022\/07\/Corvina-Prata-Promo-100x100.jpg 100w\" sizes=\"auto, (max-width: 250px) 100vw, 250px\" \/>\t\t<div class=\"bt-term\"><\/div>\r\n\t<\/div>\r\n\t<div class=\"bt-content\">\r\n\t\t<h3 class=\"bt-title\"><a href=\"https:\/\/www.barosa.com\/fr\/promo2\/\">Corvina Prata<\/a><\/h3>\r\n\t\t<ul class=\"bt-meta\">\r\n\t\t\t<li>By <strong>adminbarosa<\/strong><\/li>\r\n\t\t\t<li>on <strong>Jan 03, 2019<\/strong><\/li>\r\n\t\t<\/ul>\r\n\t\t<div class=\"bt-excerpt\">Integer posuere erat a ante venenatis dapibus posuere velit aliquetpraesent commodo cursus magna.<\/div><a class=\"bt-readmore\" href=\"https:\/\/www.barosa.com\/fr\/promo2\/\">Read More<\/a>\t<\/div>\r\n<\/div><div class=\"bt-item\">\r\n\t<div class=\"bt-media standard\">\r\n\t\t<img loading=\"lazy\" decoding=\"async\" width=\"250\" height=\"250\" src=\"https:\/\/www.barosa.com\/wp-content\/uploads\/2023\/07\/Massas-Dr-Oetker-2023-Novidade.jpg\" class=\"attachment-full\" alt=\"Massas Dr Oetker 2023 Novidade\" title=\"Massas Dr Oetker 2023 Novidade\" srcset=\"https:\/\/www.barosa.com\/wp-content\/uploads\/2023\/07\/Massas-Dr-Oetker-2023-Novidade.jpg 250w, https:\/\/www.barosa.com\/wp-content\/uploads\/2023\/07\/Massas-Dr-Oetker-2023-Novidade-150x150.jpg 150w, https:\/\/www.barosa.com\/wp-content\/uploads\/2023\/07\/Massas-Dr-Oetker-2023-Novidade-12x12.jpg 12w, https:\/\/www.barosa.com\/wp-content\/uploads\/2023\/07\/Massas-Dr-Oetker-2023-Novidade-100x100.jpg 100w\" sizes=\"auto, (max-width: 250px) 100vw, 250px\" \/>\t\t<div class=\"bt-term\"><\/div>\r\n\t<\/div>\r\n\t<div class=\"bt-content\">\r\n\t\t<h3 class=\"bt-title\"><a href=\"https:\/\/www.barosa.com\/fr\/nov3\/\">Massas prontas em 3 minutos<\/a><\/h3>\r\n\t\t<ul class=\"bt-meta\">\r\n\t\t\t<li>By <strong>adminbarosa<\/strong><\/li>\r\n\t\t\t<li>on <strong>Jan 06, 2019<\/strong><\/li>\r\n\t\t<\/ul>\r\n\t\t<div class=\"bt-excerpt\">Integer posuere erat a ante venenatis dapibus posuere velit aliquetpraesent commodo cursus magna.<\/div><a class=\"bt-readmore\" href=\"https:\/\/www.barosa.com\/fr\/nov3\/\">Read More<\/a>\t<\/div>\r\n<\/div><div class=\"bt-item\">\r\n\t<div class=\"bt-media standard\">\r\n\t\t<img loading=\"lazy\" decoding=\"async\" width=\"250\" height=\"250\" src=\"https:\/\/www.barosa.com\/wp-content\/uploads\/2024\/12\/Bolo-do-Caco-Novidades.jpg\" class=\"attachment-full\" alt=\"Bolo do Caco Novidade\" title=\"Bolo do Caco Novidade\" srcset=\"https:\/\/www.barosa.com\/wp-content\/uploads\/2024\/12\/Bolo-do-Caco-Novidades.jpg 250w, https:\/\/www.barosa.com\/wp-content\/uploads\/2024\/12\/Bolo-do-Caco-Novidades-150x150.jpg 150w, https:\/\/www.barosa.com\/wp-content\/uploads\/2024\/12\/Bolo-do-Caco-Novidades-12x12.jpg 12w, https:\/\/www.barosa.com\/wp-content\/uploads\/2024\/12\/Bolo-do-Caco-Novidades-100x100.jpg 100w\" sizes=\"auto, (max-width: 250px) 100vw, 250px\" \/>\t\t<div class=\"bt-term\"><\/div>\r\n\t<\/div>\r\n\t<div class=\"bt-content\">\r\n\t\t<h3 class=\"bt-title\"><a href=\"https:\/\/www.barosa.com\/fr\/novidade-2\/\">Bolo do Caco<\/a><\/h3>\r\n\t\t<ul class=\"bt-meta\">\r\n\t\t\t<li>By <strong>Jorge Barosa<\/strong><\/li>\r\n\t\t\t<li>on <strong>Jan 04, 2019<\/strong><\/li>\r\n\t\t<\/ul>\r\n\t\t<div class=\"bt-excerpt\">\u00c9 uma receita portuguesa, da Ilha da Madeira, de um p\u00e3o de frigideira feito com batata-doce e farinha de trigo,.<\/div><a class=\"bt-readmore\" href=\"https:\/\/www.barosa.com\/fr\/novidade-2\/\">Read More<\/a>\t<\/div>\r\n<\/div>\t\t\t\t<\/div>\r\n\t\t\t\t<script type=\"text\/javascript\">\r\n\t\t\t\t\tjQuery(document).ready(function($) {\r\n\t\t\t\t\t\tif ($('.bt-blog-carousel-element .owl-carousel').length) {\r\n\t\t\t\t\t\t\t$('.bt-blog-carousel-element .owl-carousel').each(function() {\r\n\t\t\t\t\t\t\t\t$(this).owlCarousel($(this).data('owl'));\r\n\t\t\t\t\t\t\t});\r\n\t\t\t\t\t\t}\r\n\t\t\t\t\t});\r\n\t\t\t\t<\/script>\r\n\t\t\t<\/div>\r\n\t\t<\/div><\/div><\/div><\/div><\/div><\/section>\n<\/div>","protected":false},"excerpt":{"rendered":"\u00c9 uma receita portuguesa, da Ilha da Madeira, de um p\u00e3o de frigideira feito com batata-doce e farinha de trigo, \u00e9 \u00f3timo como entrada, acompanhamento, um num mix de prato principal. BOLO DO CACO 100 Grs \"ORIGINAL\" BOLO DO CACO 90 Grs \"ORIGINAL\" BOLO DO CACO TINTA DE CHOCO 90 Grs BOLO DO CACO A\u00c7AFR\u00c3O [...]","protected":false},"author":1,"featured_media":0,"parent":0,"menu_order":0,"comment_status":"closed","ping_status":"closed","template":"page-nocontainer.php","meta":{"footnotes":""},"class_list":["post-1742","page","type-page","status-publish","hentry"],"yoast_head":"<!-- This site is optimized with the Yoast SEO Premium plugin v27.2 (Yoast SEO v27.3) - https:\/\/yoast.com\/product\/yoast-seo-premium-wordpress\/ -->\n<title>Blog Carousel - BAROSA Congelados | Manuel de Sousa Barosa, Lda.<\/title>\n<meta name=\"robots\" content=\"index, follow, max-snippet:-1, max-image-preview:large, max-video-preview:-1\" \/>\n<link rel=\"canonical\" href=\"https:\/\/www.barosa.com\/fr\/blog-carousel\/\" \/>\n<meta property=\"og:locale\" content=\"fr_FR\" \/>\n<meta property=\"og:type\" content=\"article\" \/>\n<meta property=\"og:title\" content=\"Blog Carousel\" \/>\n<meta property=\"og:url\" content=\"https:\/\/www.barosa.com\/fr\/blog-carousel\/\" \/>\n<meta property=\"og:site_name\" content=\"BAROSA Congelados | Manuel de Sousa Barosa, Lda.\" \/>\n<meta property=\"article:publisher\" content=\"http:\/\/www.facebook.com\/barosa\/\" \/>\n<meta property=\"article:modified_time\" content=\"2017-08-09T09:28:38+00:00\" \/>\n<meta property=\"og:image\" content=\"https:\/\/www.barosa.com\/wp-content\/uploads\/2024\/02\/BAROSA-Logo-1200-x-675.jpg\" \/>\n\t<meta property=\"og:image:width\" content=\"1200\" \/>\n\t<meta property=\"og:image:height\" content=\"675\" \/>\n\t<meta property=\"og:image:type\" content=\"image\/jpeg\" \/>\n<meta name=\"twitter:card\" content=\"summary_large_image\" \/>\n<meta name=\"twitter:site\" content=\"@barosa_lda\" \/>\n<script type=\"application\/ld+json\" class=\"yoast-schema-graph\">{\"@context\":\"https:\\\/\\\/schema.org\",\"@graph\":[{\"@type\":\"WebPage\",\"@id\":\"https:\\\/\\\/www.barosa.com\\\/blog-carousel\\\/\",\"url\":\"https:\\\/\\\/www.barosa.com\\\/blog-carousel\\\/\",\"name\":\"Blog Carousel - BAROSA Congelados | Manuel de Sousa Barosa, Lda.\",\"isPartOf\":{\"@id\":\"https:\\\/\\\/www.barosa.com\\\/#website\"},\"datePublished\":\"2017-08-05T03:02:37+00:00\",\"dateModified\":\"2017-08-09T09:28:38+00:00\",\"breadcrumb\":{\"@id\":\"https:\\\/\\\/www.barosa.com\\\/blog-carousel\\\/#breadcrumb\"},\"inLanguage\":\"fr-FR\",\"potentialAction\":[{\"@type\":\"ReadAction\",\"target\":[\"https:\\\/\\\/www.barosa.com\\\/blog-carousel\\\/\"]}]},{\"@type\":\"BreadcrumbList\",\"@id\":\"https:\\\/\\\/www.barosa.com\\\/blog-carousel\\\/#breadcrumb\",\"itemListElement\":[{\"@type\":\"ListItem\",\"position\":1,\"name\":\"In\u00edcio\",\"item\":\"https:\\\/\\\/www.barosa.com\\\/\"},{\"@type\":\"ListItem\",\"position\":2,\"name\":\"Blog Carousel\"}]},{\"@type\":\"WebSite\",\"@id\":\"https:\\\/\\\/www.barosa.com\\\/#website\",\"url\":\"https:\\\/\\\/www.barosa.com\\\/\",\"name\":\"BAROSA Congelados | Manuel de Sousa Barosa, Lda.\",\"description\":\"Empresa de transforma\u00e7\u00e3o e comercializa\u00e7\u00e3o de produtos alimentares congelados. BAROSA \u00ae Pescados, &quot;N\u00e3o h\u00e1 bom garfo que resista\u00ae&quot;. BAROSA \u00ae FoodService &quot;O lado bom da comida\u00ae&quot;. Pescados Crust\u00e1ceos Mariscos Cefal\u00f3podes Bivalves Padaria Pastelaria Pizzas Sobremesas\",\"publisher\":{\"@id\":\"https:\\\/\\\/www.barosa.com\\\/#organization\"},\"alternateName\":\"BAROSA\u00ae\",\"potentialAction\":[{\"@type\":\"SearchAction\",\"target\":{\"@type\":\"EntryPoint\",\"urlTemplate\":\"https:\\\/\\\/www.barosa.com\\\/?s={search_term_string}\"},\"query-input\":{\"@type\":\"PropertyValueSpecification\",\"valueRequired\":true,\"valueName\":\"search_term_string\"}}],\"inLanguage\":\"fr-FR\"},{\"@type\":\"Organization\",\"@id\":\"https:\\\/\\\/www.barosa.com\\\/#organization\",\"name\":\"Manuel de Sousa Barosa, Lda.\",\"alternateName\":\"BAROSA\",\"url\":\"https:\\\/\\\/www.barosa.com\\\/\",\"logo\":{\"@type\":\"ImageObject\",\"inLanguage\":\"fr-FR\",\"@id\":\"https:\\\/\\\/www.barosa.com\\\/#\\\/schema\\\/logo\\\/image\\\/\",\"url\":\"https:\\\/\\\/www.barosa.com\\\/wp-content\\\/uploads\\\/2025\\\/03\\\/BAROSA-Logo-696x696-1.jpg\",\"contentUrl\":\"https:\\\/\\\/www.barosa.com\\\/wp-content\\\/uploads\\\/2025\\\/03\\\/BAROSA-Logo-696x696-1.jpg\",\"width\":696,\"height\":696,\"caption\":\"Manuel de Sousa Barosa, Lda.\"},\"image\":{\"@id\":\"https:\\\/\\\/www.barosa.com\\\/#\\\/schema\\\/logo\\\/image\\\/\"},\"sameAs\":[\"http:\\\/\\\/www.facebook.com\\\/barosa\\\/\",\"https:\\\/\\\/x.com\\\/barosa_lda\",\"https:\\\/\\\/www.instagram.com\\\/barosa_lda\\\/\",\"https:\\\/\\\/pt.linkedin.com\\\/company\\\/barosa-lda\"],\"description\":\"Empresa de transforma\u00e7\u00e3o e comercializa\u00e7\u00e3o de produtos alimentares congelados. BAROSA \u00ae Pescados, \\\"N\u00e3o h\u00e1 bom garfo que resista\u00ae\\\". BAROSA \u00ae FoodService \\\"O lado bom da comida!\u00ae\\\"\",\"email\":\"info@barosa.com\",\"telephone\":\"+351 262824403\",\"legalName\":\"Manuel de Sousa Barosa, Lda.\",\"foundingDate\":\"1975-05-21\",\"vatID\":\"503365190\",\"taxID\":\"503365190\",\"duns\":\"452388713\",\"numberOfEmployees\":{\"@type\":\"QuantitativeValue\",\"minValue\":\"11\",\"maxValue\":\"50\"},\"ethicsPolicy\":\"https:\\\/\\\/www.barosa.com\\\/politicaprivacidade\\\/\"}]}<\/script>\n<!-- \/ Yoast SEO Premium plugin. -->","yoast_head_json":{"title":"Blog Carousel - BAROSA Congelados | Manuel de Sousa Barosa, Lda.","robots":{"index":"index","follow":"follow","max-snippet":"max-snippet:-1","max-image-preview":"max-image-preview:large","max-video-preview":"max-video-preview:-1"},"canonical":"https:\/\/www.barosa.com\/fr\/blog-carousel\/","og_locale":"fr_FR","og_type":"article","og_title":"Blog Carousel","og_url":"https:\/\/www.barosa.com\/fr\/blog-carousel\/","og_site_name":"BAROSA Congelados | Manuel de Sousa Barosa, Lda.","article_publisher":"http:\/\/www.facebook.com\/barosa\/","article_modified_time":"2017-08-09T09:28:38+00:00","og_image":[{"width":1200,"height":675,"url":"https:\/\/www.barosa.com\/wp-content\/uploads\/2024\/02\/BAROSA-Logo-1200-x-675.jpg","type":"image\/jpeg"}],"twitter_card":"summary_large_image","twitter_site":"@barosa_lda","schema":{"@context":"https:\/\/schema.org","@graph":[{"@type":"WebPage","@id":"https:\/\/www.barosa.com\/blog-carousel\/","url":"https:\/\/www.barosa.com\/blog-carousel\/","name":"Blog Carousel - BAROSA Congelados | Manuel de Sousa Barosa, Lda.","isPartOf":{"@id":"https:\/\/www.barosa.com\/#website"},"datePublished":"2017-08-05T03:02:37+00:00","dateModified":"2017-08-09T09:28:38+00:00","breadcrumb":{"@id":"https:\/\/www.barosa.com\/blog-carousel\/#breadcrumb"},"inLanguage":"fr-FR","potentialAction":[{"@type":"ReadAction","target":["https:\/\/www.barosa.com\/blog-carousel\/"]}]},{"@type":"BreadcrumbList","@id":"https:\/\/www.barosa.com\/blog-carousel\/#breadcrumb","itemListElement":[{"@type":"ListItem","position":1,"name":"In\u00edcio","item":"https:\/\/www.barosa.com\/"},{"@type":"ListItem","position":2,"name":"Blog Carousel"}]},{"@type":"WebSite","@id":"https:\/\/www.barosa.com\/#website","url":"https:\/\/www.barosa.com\/","name":"BAROSA Congelados | Manuel de Sousa Barosa, Lda.","description":"Entreprise de transformation et commercialisation de produits alimentaires surgel\u00e9s. BAROSA \u00ae Pescados, \" Aucune bonne fourchette ne peut y r\u00e9sister\u00ae \". BAROSA \u00ae FoodService \" Le bon c\u00f4t\u00e9 de la nourriture\u00ae \". Poissons Crustac\u00e9s Fruits de mer C\u00e9phalopodes Bivalves Boulangerie P\u00e2tisserie Pizzas Desserts","publisher":{"@id":"https:\/\/www.barosa.com\/#organization"},"alternateName":"BAROSA\u00ae","potentialAction":[{"@type":"SearchAction","target":{"@type":"EntryPoint","urlTemplate":"https:\/\/www.barosa.com\/?s={search_term_string}"},"query-input":{"@type":"PropertyValueSpecification","valueRequired":true,"valueName":"search_term_string"}}],"inLanguage":"fr-FR"},{"@type":"Organization","@id":"https:\/\/www.barosa.com\/#organization","name":"Manuel de Sousa Barosa, Lda.","alternateName":"BAROSA","url":"https:\/\/www.barosa.com\/","logo":{"@type":"ImageObject","inLanguage":"fr-FR","@id":"https:\/\/www.barosa.com\/#\/schema\/logo\/image\/","url":"https:\/\/www.barosa.com\/wp-content\/uploads\/2025\/03\/BAROSA-Logo-696x696-1.jpg","contentUrl":"https:\/\/www.barosa.com\/wp-content\/uploads\/2025\/03\/BAROSA-Logo-696x696-1.jpg","width":696,"height":696,"caption":"Manuel de Sousa Barosa, Lda."},"image":{"@id":"https:\/\/www.barosa.com\/#\/schema\/logo\/image\/"},"sameAs":["http:\/\/www.facebook.com\/barosa\/","https:\/\/x.com\/barosa_lda","https:\/\/www.instagram.com\/barosa_lda\/","https:\/\/pt.linkedin.com\/company\/barosa-lda"],"description":"Entreprise de transformation et commercialisation de produits alimentaires surgel\u00e9s. BAROSA \u00ae Pescados, \" Aucune bonne fourchette ne peut y r\u00e9sister\u00ae \". BAROSA \u00ae FoodService \" Le bon c\u00f4t\u00e9 de la nourriture !\u00ae \"","email":"info@barosa.com","telephone":"+351 262824403","legalName":"Manuel de Sousa Barosa, Lda.","foundingDate":"1975-05-21","vatID":"503365190","taxID":"503365190","duns":"452388713","numberOfEmployees":{"@type":"QuantitativeValue","minValue":"11","maxValue":"50"},"ethicsPolicy":"https:\/\/www.barosa.com\/politicaprivacidade\/"}]}},"_links":{"self":[{"href":"https:\/\/www.barosa.com\/fr\/wp-json\/wp\/v2\/pages\/1742","targetHints":{"allow":["GET"]}}],"collection":[{"href":"https:\/\/www.barosa.com\/fr\/wp-json\/wp\/v2\/pages"}],"about":[{"href":"https:\/\/www.barosa.com\/fr\/wp-json\/wp\/v2\/types\/page"}],"author":[{"embeddable":true,"href":"https:\/\/www.barosa.com\/fr\/wp-json\/wp\/v2\/users\/1"}],"replies":[{"embeddable":true,"href":"https:\/\/www.barosa.com\/fr\/wp-json\/wp\/v2\/comments?post=1742"}],"version-history":[{"count":0,"href":"https:\/\/www.barosa.com\/fr\/wp-json\/wp\/v2\/pages\/1742\/revisions"}],"wp:attachment":[{"href":"https:\/\/www.barosa.com\/fr\/wp-json\/wp\/v2\/media?parent=1742"}],"curies":[{"name":"wp","href":"https:\/\/api.w.org\/{rel}","templated":true}]}}