{"id":1733,"date":"2017-08-05T02:54:45","date_gmt":"2017-08-05T02:54:45","guid":{"rendered":"https:\/\/digitextus.pt\/barosa\/?page_id=1733"},"modified":"2017-08-07T06:52:28","modified_gmt":"2017-08-07T06:52:28","slug":"charts","status":"publish","type":"page","link":"https:\/\/www.barosa.com\/fr\/charts\/","title":{"rendered":"Charts"},"content":{"rendered":"<div class=\"wpb-content-wrapper\"><section class=\"vc_section vc_custom_1502088596343\"><div class=\"container\"><div class=\"vc_row wpb_row vc_row-fluid\"><div class=\"wpb_column vc_column_container vc_col-sm-12\"><div class=\"vc_column-inner\"><div class=\"wpb_wrapper\"><div class=\"vc_separator wpb_content_element vc_separator_align_center vc_sep_width_100 vc_sep_double vc_sep_pos_align_center vc_sep_color_grey wpb_content_element vc_separator-has-text\" ><span class=\"vc_sep_holder vc_sep_holder_l\"><span class=\"vc_sep_line\"><\/span><\/span><h4>PIE CHARTS<\/h4><span class=\"vc_sep_holder vc_sep_holder_r\"><span class=\"vc_sep_line\"><\/span><\/span>\n<\/div><\/div><\/div><\/div><\/div><\/div><div class=\"container\"><div class=\"vc_row wpb_row vc_row-fluid\"><div class=\"wpb_column vc_column_container vc_col-sm-3\"><div class=\"vc_column-inner\"><div class=\"wpb_wrapper\"><div  class= \"vc_pie_chart wpb_content_element\" data-pie-value=\"95\" data-pie-label-value=\"\" data-pie-units=\"%\" data-pie-color=\"#00c1cf\"><div class=\"wpb_wrapper\"><div class=\"vc_pie_wrapper\"><span class=\"vc_pie_chart_back\" style=\"border-color: #00c1cf\"><\/span><span class=\"vc_pie_chart_value\"><\/span><canvas width=\"101\" height=\"101\"><\/canvas><\/div><h4 class=\"wpb_heading wpb_pie_chart_heading\">Web Design<\/h4><\/div><\/div><\/div><\/div><\/div><div class=\"wpb_column vc_column_container vc_col-sm-3\"><div class=\"vc_column-inner\"><div class=\"wpb_wrapper\"><div  class= \"vc_pie_chart wpb_content_element\" data-pie-value=\"75\" data-pie-label-value=\"\" data-pie-units=\"%\" data-pie-color=\"#fe6c61\"><div class=\"wpb_wrapper\"><div class=\"vc_pie_wrapper\"><span class=\"vc_pie_chart_back\" style=\"border-color: #fe6c61\"><\/span><span class=\"vc_pie_chart_value\"><\/span><canvas width=\"101\" height=\"101\"><\/canvas><\/div><h4 class=\"wpb_heading wpb_pie_chart_heading\">Photography<\/h4><\/div><\/div><\/div><\/div><\/div><div class=\"wpb_column vc_column_container vc_col-sm-3\"><div class=\"vc_column-inner\"><div class=\"wpb_wrapper\"><div  class= \"vc_pie_chart wpb_content_element\" data-pie-value=\"90\" data-pie-label-value=\"\" data-pie-units=\"%\" data-pie-color=\"#6dab3c\"><div class=\"wpb_wrapper\"><div class=\"vc_pie_wrapper\"><span class=\"vc_pie_chart_back\" style=\"border-color: #6dab3c\"><\/span><span class=\"vc_pie_chart_value\"><\/span><canvas width=\"101\" height=\"101\"><\/canvas><\/div><h4 class=\"wpb_heading wpb_pie_chart_heading\">Wordpress<\/h4><\/div><\/div><\/div><\/div><\/div><div class=\"wpb_column vc_column_container vc_col-sm-3\"><div class=\"vc_column-inner\"><div class=\"wpb_wrapper\"><div  class= \"vc_pie_chart wpb_content_element\" data-pie-value=\"70\" data-pie-label-value=\"\" data-pie-units=\"%\" data-pie-color=\"#f7be68\"><div class=\"wpb_wrapper\"><div class=\"vc_pie_wrapper\"><span class=\"vc_pie_chart_back\" style=\"border-color: #f7be68\"><\/span><span class=\"vc_pie_chart_value\"><\/span><canvas width=\"101\" height=\"101\"><\/canvas><\/div><h4 class=\"wpb_heading wpb_pie_chart_heading\">Html &amp; Css<\/h4><\/div><\/div><\/div><\/div><\/div><\/div><\/div><\/section><section class=\"vc_section vc_custom_1502088596343\"><div class=\"container\"><div class=\"vc_row wpb_row vc_row-fluid\"><div class=\"wpb_column vc_column_container vc_col-sm-12\"><div class=\"vc_column-inner\"><div class=\"wpb_wrapper\"><div class=\"vc_separator wpb_content_element vc_separator_align_center vc_sep_width_100 vc_sep_double vc_sep_pos_align_center vc_sep_color_grey wpb_content_element vc_separator-has-text\" ><span class=\"vc_sep_holder vc_sep_holder_l\"><span class=\"vc_sep_line\"><\/span><\/span><h4>ROUND CHARTS<\/h4><span class=\"vc_sep_holder vc_sep_holder_r\"><span class=\"vc_sep_line\"><\/span><\/span>\n<\/div><\/div><\/div><\/div><\/div><\/div><div class=\"container\"><div class=\"vc_row wpb_row vc_row-fluid\"><div class=\"wpb_column vc_column_container vc_col-sm-4\"><div class=\"vc_column-inner\"><div class=\"wpb_wrapper\">\n<div class=\"vc_chart vc_round-chart wpb_content_element\" data-vc-legend=\"1\" data-vc-tooltips=\"1\" data-vc-animation=\"easeInOutCubic\" data-vc-stroke-color=\"#ffffff\" data-vc-type=\"pie\" data-vc-values=\"{&quot;labels&quot;:[&quot;Wordpress&quot;,&quot;Drupal&quot;,&quot; Blogger&quot;,&quot; Joomla!&quot;,&quot;Other&quot;],&quot;datasets&quot;:[{&quot;data&quot;:[62,11,6,3,18],&quot;backgroundColor&quot;:[&quot;#5472d2&quot;,&quot;#6dab3c&quot;,&quot;#f7be68&quot;,&quot;#f4524d&quot;,&quot;#cec2ab&quot;]}]}\" data-vc-legend-color=\"#2a2a2a\" data-vc-legend-position=\"left\">\n\t\n\t<div class=\"wpb_wrapper\">\n\t\t<canvas class=\"vc_round-chart-canvas\" width=\"1\" height=\"1\"><\/canvas>\n\t<\/div>\n<\/div>\n<\/div><\/div><\/div><div class=\"wpb_column vc_column_container vc_col-sm-4\"><div class=\"vc_column-inner\"><div class=\"wpb_wrapper\">\n<div class=\"vc_chart vc_round-chart wpb_content_element\" data-vc-legend=\"1\" data-vc-tooltips=\"1\" data-vc-animation=\"easeInOutCubic\" data-vc-stroke-color=\"#ffffff\" data-vc-type=\"doughnut\" data-vc-values=\"{&quot;labels&quot;:[&quot;Wordpress&quot;,&quot;Drupal&quot;,&quot; Blogger&quot;,&quot; Joomla!&quot;,&quot;Other&quot;],&quot;datasets&quot;:[{&quot;data&quot;:[62,11,6,3,18],&quot;backgroundColor&quot;:[&quot;#5472d2&quot;,&quot;#6dab3c&quot;,&quot;#f7be68&quot;,&quot;#f4524d&quot;,&quot;#cec2ab&quot;]}]}\" data-vc-legend-color=\"#2a2a2a\" data-vc-legend-position=\"left\">\n\t\n\t<div class=\"wpb_wrapper\">\n\t\t<canvas class=\"vc_round-chart-canvas\" width=\"1\" height=\"1\"><\/canvas>\n\t<\/div>\n<\/div>\n<\/div><\/div><\/div><div class=\"wpb_column vc_column_container vc_col-sm-4\"><div class=\"vc_column-inner\"><div class=\"wpb_wrapper\">\n<div class=\"vc_chart vc_round-chart wpb_content_element\" data-vc-legend=\"1\" data-vc-tooltips=\"1\" data-vc-animation=\"easeInOutCubic\" data-vc-stroke-color=\"#ffffff\" data-vc-stroke-width=\"2\" data-vc-type=\"pie\" data-vc-values=\"{&quot;labels&quot;:[&quot;Wordpress&quot;,&quot;Drupal&quot;,&quot; Blogger&quot;,&quot; Joomla!&quot;,&quot;Other&quot;],&quot;datasets&quot;:[{&quot;data&quot;:[62,11,6,3,18],&quot;backgroundColor&quot;:[&quot;#5472d2&quot;,&quot;#6dab3c&quot;,&quot;#f7be68&quot;,&quot;#f4524d&quot;,&quot;#cec2ab&quot;]}]}\" data-vc-legend-color=\"#2a2a2a\" data-vc-legend-position=\"left\">\n\t\n\t<div class=\"wpb_wrapper\">\n\t\t<canvas class=\"vc_round-chart-canvas\" width=\"1\" height=\"1\"><\/canvas>\n\t<\/div>\n<\/div>\n<\/div><\/div><\/div><\/div><\/div><\/section><section class=\"vc_section\"><div class=\"container\"><div class=\"vc_row wpb_row vc_row-fluid\"><div class=\"wpb_column vc_column_container vc_col-sm-12\"><div class=\"vc_column-inner\"><div class=\"wpb_wrapper\"><div class=\"vc_separator wpb_content_element vc_separator_align_center vc_sep_width_100 vc_sep_double vc_sep_pos_align_center vc_sep_color_grey wpb_content_element vc_separator-has-text\" ><span class=\"vc_sep_holder vc_sep_holder_l\"><span class=\"vc_sep_line\"><\/span><\/span><h4>LINE CHARTS<\/h4><span class=\"vc_sep_holder vc_sep_holder_r\"><span class=\"vc_sep_line\"><\/span><\/span>\n<\/div><\/div><\/div><\/div><\/div><\/div><div class=\"container\"><div class=\"vc_row wpb_row vc_row-fluid\"><div class=\"wpb_column vc_column_container vc_col-sm-6\"><div class=\"vc_column-inner\"><div class=\"wpb_wrapper\">\n<div class=\"vc_chart vc_line-chart wpb_content_element\" data-vc-legend=\"1\" data-vc-tooltips=\"1\" data-vc-animation=\"easeInOutCubic\" data-vc-type=\"bar\" data-vc-values=\"{&quot;labels&quot;:[&quot;JAN&quot;,&quot; FEB&quot;,&quot; MAR&quot;,&quot; APR&quot;,&quot; MAY&quot;,&quot; JUN&quot;,&quot; JUL&quot;,&quot; AUG&quot;],&quot;datasets&quot;:[{&quot;label&quot;:&quot;Web Design&quot;,&quot;borderColor&quot;:&quot;#5472d2&quot;,&quot;backgroundColor&quot;:&quot;#5472d2&quot;,&quot;data&quot;:[&quot;10&quot;,&quot; 15&quot;,&quot; 20&quot;,&quot; 25&quot;,&quot; 27&quot;,&quot; 25&quot;,&quot; 23&quot;,&quot; 25&quot;]},{&quot;label&quot;:&quot;Photography&quot;,&quot;borderColor&quot;:&quot;#f7be68&quot;,&quot;backgroundColor&quot;:&quot;#f7be68&quot;,&quot;data&quot;:[&quot;25&quot;,&quot; 18&quot;,&quot; 16&quot;,&quot; 17&quot;,&quot; 20&quot;,&quot; 25&quot;,&quot; 30&quot;,&quot; 35&quot;]},{&quot;label&quot;:&quot;Illustration&quot;,&quot;borderColor&quot;:&quot;#6dab3c&quot;,&quot;backgroundColor&quot;:&quot;#6dab3c&quot;,&quot;data&quot;:[&quot;18&quot;,&quot; 16&quot;,&quot; 25&quot;,&quot; 30&quot;,&quot; 35&quot;,&quot; 17&quot;,&quot; 20&quot;,&quot; 25&quot;]}]}\">\n\t\n\t<div class=\"wpb_wrapper\">\n\t\t<canvas class=\"vc_line-chart-canvas\" width=\"1\" height=\"1\"><\/canvas>\n\t<\/div>\n<\/div>\n<\/div><\/div><\/div><div class=\"wpb_column vc_column_container vc_col-sm-6\"><div class=\"vc_column-inner\"><div class=\"wpb_wrapper\">\n<div class=\"vc_chart vc_line-chart wpb_content_element\" data-vc-legend=\"1\" data-vc-tooltips=\"1\" data-vc-animation=\"easeInOutCubic\" data-vc-type=\"line\" data-vc-values=\"{&quot;labels&quot;:[&quot;JAN&quot;,&quot; FEB&quot;,&quot; MAR&quot;,&quot; APR&quot;,&quot; MAY&quot;,&quot; JUN&quot;,&quot; JUL&quot;,&quot; AUG&quot;],&quot;datasets&quot;:[{&quot;label&quot;:&quot;Web Design&quot;,&quot;borderColor&quot;:&quot;#5472d2&quot;,&quot;backgroundColor&quot;:&quot;#5472d2&quot;,&quot;data&quot;:[&quot;10&quot;,&quot; 15&quot;,&quot; 20&quot;,&quot; 25&quot;,&quot; 27&quot;,&quot; 25&quot;,&quot; 23&quot;,&quot; 25&quot;]},{&quot;label&quot;:&quot;Photography&quot;,&quot;borderColor&quot;:&quot;#f7be68&quot;,&quot;backgroundColor&quot;:&quot;#f7be68&quot;,&quot;data&quot;:[&quot;25&quot;,&quot; 18&quot;,&quot; 16&quot;,&quot; 17&quot;,&quot; 20&quot;,&quot; 25&quot;,&quot; 30&quot;,&quot; 35&quot;]},{&quot;label&quot;:&quot;Illustration&quot;,&quot;borderColor&quot;:&quot;#6dab3c&quot;,&quot;backgroundColor&quot;:&quot;#6dab3c&quot;,&quot;data&quot;:[&quot;18&quot;,&quot; 16&quot;,&quot; 25&quot;,&quot; 30&quot;,&quot; 35&quot;,&quot; 17&quot;,&quot; 20&quot;,&quot; 25&quot;]}]}\">\n\t\n\t<div class=\"wpb_wrapper\">\n\t\t<canvas class=\"vc_line-chart-canvas\" width=\"1\" height=\"1\"><\/canvas>\n\t<\/div>\n<\/div>\n<\/div><\/div><\/div><\/div><\/div><\/section>\n<\/div>","protected":false},"excerpt":{"rendered":"PIE CHARTS Web DesignPhotographyWordpressHtml &amp; CssROUND CHARTS LINE CHARTS","protected":false},"author":1,"featured_media":0,"parent":0,"menu_order":0,"comment_status":"closed","ping_status":"closed","template":"page-nocontainer.php","meta":{"footnotes":""},"class_list":["post-1733","page","type-page","status-publish","hentry"],"yoast_head":"<!-- This site is optimized with the Yoast SEO Premium plugin v27.3 (Yoast SEO v27.3) - https:\/\/yoast.com\/product\/yoast-seo-premium-wordpress\/ -->\n<title>Charts - BAROSA Congelados | Manuel de Sousa Barosa, Lda.<\/title>\n<meta name=\"robots\" content=\"index, follow, max-snippet:-1, max-image-preview:large, max-video-preview:-1\" \/>\n<link rel=\"canonical\" href=\"https:\/\/www.barosa.com\/fr\/charts\/\" \/>\n<meta property=\"og:locale\" content=\"fr_FR\" \/>\n<meta property=\"og:type\" content=\"article\" \/>\n<meta property=\"og:title\" content=\"Charts\" \/>\n<meta property=\"og:url\" content=\"https:\/\/www.barosa.com\/fr\/charts\/\" \/>\n<meta property=\"og:site_name\" content=\"BAROSA Congelados | Manuel de Sousa Barosa, Lda.\" \/>\n<meta property=\"article:publisher\" content=\"http:\/\/www.facebook.com\/barosa\/\" \/>\n<meta property=\"article:modified_time\" content=\"2017-08-07T06:52:28+00:00\" \/>\n<meta property=\"og:image\" content=\"https:\/\/www.barosa.com\/wp-content\/uploads\/2024\/02\/BAROSA-Logo-1200-x-675.jpg\" \/>\n\t<meta property=\"og:image:width\" content=\"1200\" \/>\n\t<meta property=\"og:image:height\" content=\"675\" \/>\n\t<meta property=\"og:image:type\" content=\"image\/jpeg\" \/>\n<meta name=\"twitter:card\" content=\"summary_large_image\" \/>\n<meta name=\"twitter:site\" content=\"@barosa_lda\" \/>\n<meta name=\"twitter:label1\" content=\"Dur\u00e9e de lecture estim\u00e9e\" \/>\n\t<meta name=\"twitter:data1\" content=\"3 minutes\" \/>\n<script type=\"application\/ld+json\" class=\"yoast-schema-graph\">{\"@context\":\"https:\\\/\\\/schema.org\",\"@graph\":[{\"@type\":\"WebPage\",\"@id\":\"https:\\\/\\\/www.barosa.com\\\/charts\\\/\",\"url\":\"https:\\\/\\\/www.barosa.com\\\/charts\\\/\",\"name\":\"Charts - BAROSA Congelados | Manuel de Sousa Barosa, Lda.\",\"isPartOf\":{\"@id\":\"https:\\\/\\\/www.barosa.com\\\/#website\"},\"datePublished\":\"2017-08-05T02:54:45+00:00\",\"dateModified\":\"2017-08-07T06:52:28+00:00\",\"breadcrumb\":{\"@id\":\"https:\\\/\\\/www.barosa.com\\\/charts\\\/#breadcrumb\"},\"inLanguage\":\"fr-FR\",\"potentialAction\":[{\"@type\":\"ReadAction\",\"target\":[\"https:\\\/\\\/www.barosa.com\\\/charts\\\/\"]}]},{\"@type\":\"BreadcrumbList\",\"@id\":\"https:\\\/\\\/www.barosa.com\\\/charts\\\/#breadcrumb\",\"itemListElement\":[{\"@type\":\"ListItem\",\"position\":1,\"name\":\"In\u00edcio\",\"item\":\"https:\\\/\\\/www.barosa.com\\\/\"},{\"@type\":\"ListItem\",\"position\":2,\"name\":\"Charts\"}]},{\"@type\":\"WebSite\",\"@id\":\"https:\\\/\\\/www.barosa.com\\\/#website\",\"url\":\"https:\\\/\\\/www.barosa.com\\\/\",\"name\":\"BAROSA Congelados | Manuel de Sousa Barosa, Lda.\",\"description\":\"Empresa de transforma\u00e7\u00e3o e comercializa\u00e7\u00e3o de produtos alimentares congelados. BAROSA \u00ae Pescados, &quot;N\u00e3o h\u00e1 bom garfo que resista\u00ae&quot;. BAROSA \u00ae FoodService &quot;O lado bom da comida\u00ae&quot;. Pescados Crust\u00e1ceos Mariscos Cefal\u00f3podes Bivalves Padaria Pastelaria Pizzas Sobremesas\",\"publisher\":{\"@id\":\"https:\\\/\\\/www.barosa.com\\\/#organization\"},\"alternateName\":\"BAROSA\u00ae\",\"potentialAction\":[{\"@type\":\"SearchAction\",\"target\":{\"@type\":\"EntryPoint\",\"urlTemplate\":\"https:\\\/\\\/www.barosa.com\\\/?s={search_term_string}\"},\"query-input\":{\"@type\":\"PropertyValueSpecification\",\"valueRequired\":true,\"valueName\":\"search_term_string\"}}],\"inLanguage\":\"fr-FR\"},{\"@type\":\"Organization\",\"@id\":\"https:\\\/\\\/www.barosa.com\\\/#organization\",\"name\":\"Manuel de Sousa Barosa, Lda.\",\"alternateName\":\"BAROSA\",\"url\":\"https:\\\/\\\/www.barosa.com\\\/\",\"logo\":{\"@type\":\"ImageObject\",\"inLanguage\":\"fr-FR\",\"@id\":\"https:\\\/\\\/www.barosa.com\\\/#\\\/schema\\\/logo\\\/image\\\/\",\"url\":\"https:\\\/\\\/www.barosa.com\\\/wp-content\\\/uploads\\\/2025\\\/03\\\/BAROSA-Logo-696x696-1.jpg\",\"contentUrl\":\"https:\\\/\\\/www.barosa.com\\\/wp-content\\\/uploads\\\/2025\\\/03\\\/BAROSA-Logo-696x696-1.jpg\",\"width\":696,\"height\":696,\"caption\":\"Manuel de Sousa Barosa, Lda.\"},\"image\":{\"@id\":\"https:\\\/\\\/www.barosa.com\\\/#\\\/schema\\\/logo\\\/image\\\/\"},\"sameAs\":[\"http:\\\/\\\/www.facebook.com\\\/barosa\\\/\",\"https:\\\/\\\/x.com\\\/barosa_lda\",\"https:\\\/\\\/www.instagram.com\\\/barosa_lda\\\/\",\"https:\\\/\\\/pt.linkedin.com\\\/company\\\/barosa-lda\"],\"description\":\"Empresa de transforma\u00e7\u00e3o e comercializa\u00e7\u00e3o de produtos alimentares congelados. BAROSA \u00ae Pescados, \\\"N\u00e3o h\u00e1 bom garfo que resista\u00ae\\\". BAROSA \u00ae FoodService \\\"O lado bom da comida!\u00ae\\\"\",\"email\":\"info@barosa.com\",\"telephone\":\"+351 262824403\",\"legalName\":\"Manuel de Sousa Barosa, Lda.\",\"foundingDate\":\"1975-05-21\",\"vatID\":\"503365190\",\"taxID\":\"503365190\",\"duns\":\"452388713\",\"numberOfEmployees\":{\"@type\":\"QuantitativeValue\",\"minValue\":\"11\",\"maxValue\":\"50\"},\"ethicsPolicy\":\"https:\\\/\\\/www.barosa.com\\\/politicaprivacidade\\\/\"}]}<\/script>\n<!-- \/ Yoast SEO Premium plugin. -->","yoast_head_json":{"title":"Charts - BAROSA Congelados | Manuel de Sousa Barosa, Lda.","robots":{"index":"index","follow":"follow","max-snippet":"max-snippet:-1","max-image-preview":"max-image-preview:large","max-video-preview":"max-video-preview:-1"},"canonical":"https:\/\/www.barosa.com\/fr\/charts\/","og_locale":"fr_FR","og_type":"article","og_title":"Charts","og_url":"https:\/\/www.barosa.com\/fr\/charts\/","og_site_name":"BAROSA Congelados | Manuel de Sousa Barosa, Lda.","article_publisher":"http:\/\/www.facebook.com\/barosa\/","article_modified_time":"2017-08-07T06:52:28+00:00","og_image":[{"width":1200,"height":675,"url":"https:\/\/www.barosa.com\/wp-content\/uploads\/2024\/02\/BAROSA-Logo-1200-x-675.jpg","type":"image\/jpeg"}],"twitter_card":"summary_large_image","twitter_site":"@barosa_lda","twitter_misc":{"Dur\u00e9e de lecture estim\u00e9e":"3 minutes"},"schema":{"@context":"https:\/\/schema.org","@graph":[{"@type":"WebPage","@id":"https:\/\/www.barosa.com\/charts\/","url":"https:\/\/www.barosa.com\/charts\/","name":"Charts - BAROSA Congelados | Manuel de Sousa Barosa, Lda.","isPartOf":{"@id":"https:\/\/www.barosa.com\/#website"},"datePublished":"2017-08-05T02:54:45+00:00","dateModified":"2017-08-07T06:52:28+00:00","breadcrumb":{"@id":"https:\/\/www.barosa.com\/charts\/#breadcrumb"},"inLanguage":"fr-FR","potentialAction":[{"@type":"ReadAction","target":["https:\/\/www.barosa.com\/charts\/"]}]},{"@type":"BreadcrumbList","@id":"https:\/\/www.barosa.com\/charts\/#breadcrumb","itemListElement":[{"@type":"ListItem","position":1,"name":"In\u00edcio","item":"https:\/\/www.barosa.com\/"},{"@type":"ListItem","position":2,"name":"Charts"}]},{"@type":"WebSite","@id":"https:\/\/www.barosa.com\/#website","url":"https:\/\/www.barosa.com\/","name":"BAROSA Congelados | Manuel de Sousa Barosa, Lda.","description":"Entreprise de transformation et commercialisation de produits alimentaires surgel\u00e9s. BAROSA \u00ae Pescados, \" Aucune bonne fourchette ne peut y r\u00e9sister\u00ae \". BAROSA \u00ae FoodService \" Le bon c\u00f4t\u00e9 de la nourriture\u00ae \". Poissons Crustac\u00e9s Fruits de mer C\u00e9phalopodes Bivalves Boulangerie P\u00e2tisserie Pizzas Desserts","publisher":{"@id":"https:\/\/www.barosa.com\/#organization"},"alternateName":"BAROSA\u00ae","potentialAction":[{"@type":"SearchAction","target":{"@type":"EntryPoint","urlTemplate":"https:\/\/www.barosa.com\/?s={search_term_string}"},"query-input":{"@type":"PropertyValueSpecification","valueRequired":true,"valueName":"search_term_string"}}],"inLanguage":"fr-FR"},{"@type":"Organization","@id":"https:\/\/www.barosa.com\/#organization","name":"Manuel de Sousa Barosa, Lda.","alternateName":"BAROSA","url":"https:\/\/www.barosa.com\/","logo":{"@type":"ImageObject","inLanguage":"fr-FR","@id":"https:\/\/www.barosa.com\/#\/schema\/logo\/image\/","url":"https:\/\/www.barosa.com\/wp-content\/uploads\/2025\/03\/BAROSA-Logo-696x696-1.jpg","contentUrl":"https:\/\/www.barosa.com\/wp-content\/uploads\/2025\/03\/BAROSA-Logo-696x696-1.jpg","width":696,"height":696,"caption":"Manuel de Sousa Barosa, Lda."},"image":{"@id":"https:\/\/www.barosa.com\/#\/schema\/logo\/image\/"},"sameAs":["http:\/\/www.facebook.com\/barosa\/","https:\/\/x.com\/barosa_lda","https:\/\/www.instagram.com\/barosa_lda\/","https:\/\/pt.linkedin.com\/company\/barosa-lda"],"description":"Entreprise de transformation et commercialisation de produits alimentaires surgel\u00e9s. BAROSA \u00ae Pescados, \" Aucune bonne fourchette ne peut y r\u00e9sister\u00ae \". BAROSA \u00ae FoodService \" Le bon c\u00f4t\u00e9 de la nourriture !\u00ae \"","email":"info@barosa.com","telephone":"+351 262824403","legalName":"Manuel de Sousa Barosa, Lda.","foundingDate":"1975-05-21","vatID":"503365190","taxID":"503365190","duns":"452388713","numberOfEmployees":{"@type":"QuantitativeValue","minValue":"11","maxValue":"50"},"ethicsPolicy":"https:\/\/www.barosa.com\/politicaprivacidade\/"}]}},"_links":{"self":[{"href":"https:\/\/www.barosa.com\/fr\/wp-json\/wp\/v2\/pages\/1733","targetHints":{"allow":["GET"]}}],"collection":[{"href":"https:\/\/www.barosa.com\/fr\/wp-json\/wp\/v2\/pages"}],"about":[{"href":"https:\/\/www.barosa.com\/fr\/wp-json\/wp\/v2\/types\/page"}],"author":[{"embeddable":true,"href":"https:\/\/www.barosa.com\/fr\/wp-json\/wp\/v2\/users\/1"}],"replies":[{"embeddable":true,"href":"https:\/\/www.barosa.com\/fr\/wp-json\/wp\/v2\/comments?post=1733"}],"version-history":[{"count":0,"href":"https:\/\/www.barosa.com\/fr\/wp-json\/wp\/v2\/pages\/1733\/revisions"}],"wp:attachment":[{"href":"https:\/\/www.barosa.com\/fr\/wp-json\/wp\/v2\/media?parent=1733"}],"curies":[{"name":"wp","href":"https:\/\/api.w.org\/{rel}","templated":true}]}}