{"id":1016,"date":"2017-07-08T03:29:55","date_gmt":"2017-07-08T03:29:55","guid":{"rendered":"https:\/\/digitextus.pt\/barosa\/?page_id=1016"},"modified":"2017-08-09T08:58:27","modified_gmt":"2017-08-09T08:58:27","slug":"contact-us-03","status":"publish","type":"page","link":"https:\/\/www.barosa.com\/fr\/contact-us-03\/","title":{"rendered":"Contact Us 03"},"content":{"rendered":"<div class=\"wpb-content-wrapper\"><section data-vc-parallax=\"1.5\" class=\"vc_section bt-address-section5 vc_custom_1499655373505 vc_section-has-fill vc_general vc_parallax vc_parallax-content-moving\"><div class=\"container\"><div class=\"vc_row wpb_row vc_row-fluid vc_row-o-content-middle vc_row-flex\"><div class=\"wpb_column vc_column_container vc_col-sm-8\"><div class=\"vc_column-inner\"><div class=\"wpb_wrapper\">\t\t\t<div class=\"wpb_animate_when_almost_visible wpb_fadeInUp fadeInUp bt-element bt-google-map3-element  vc_custom_1499485702397\" >\r\n\t\t\t\t<div id=\"maps-69d0f2c00ecc8\" class=\"maps-render\" data-address='111 W 34th ST, Newyork, NY 692112' data-marker='%7B%22markercoordinate%22%3A%2240.749997%2C-73.988262%22%2C%22markerdesc%22%3A%22%3Cdiv%20class%3D%5C%22bt-maps-info-content%5C%22%3E%3Ch5%20style%3D%5C%22margin-bottom%3A%2010px%3B%5C%22%3EDoyle%3C%5C%2Fh5%3E%3Cspan%3E111%20W%2034th%20ST%2C%20Newyork%2C%20NY%20692112%3C%5C%2Fspan%3E%3C%5C%2Fdiv%3E%22%2C%22markericon%22%3A%22https%3A%5C%2F%5C%2Fwww.barosa.com%5C%2Fwp-content%5C%2Fuploads%5C%2F2017%5C%2F07%5C%2Fmarker.png%22%7D' data-coordinate='' data-type='ROADMAP' data-zoom='13' data-template='%5B%7B%22featureType%22%3A%22administrative%22%2C%22elementType%22%3A%22all%22%2C%22stylers%22%3A%5B%7B%22visibility%22%3A%22on%22%7D%2C%7B%22lightness%22%3A33%7D%5D%7D%2C%7B%22featureType%22%3A%22landscape%22%2C%22elementType%22%3A%22all%22%2C%22stylers%22%3A%5B%7B%22color%22%3A%22%23f2e5d4%22%7D%5D%7D%2C%7B%22featureType%22%3A%22poi.park%22%2C%22elementType%22%3A%22geometry%22%2C%22stylers%22%3A%5B%7B%22color%22%3A%22%23c5dac6%22%7D%5D%7D%2C%7B%22featureType%22%3A%22poi.park%22%2C%22elementType%22%3A%22labels%22%2C%22stylers%22%3A%5B%7B%22visibility%22%3A%22on%22%7D%2C%7B%22lightness%22%3A20%7D%5D%7D%2C%7B%22featureType%22%3A%22road%22%2C%22elementType%22%3A%22all%22%2C%22stylers%22%3A%5B%7B%22lightness%22%3A20%7D%5D%7D%2C%7B%22featureType%22%3A%22road.highway%22%2C%22elementType%22%3A%22geometry%22%2C%22stylers%22%3A%5B%7B%22color%22%3A%22%23c5c6c6%22%7D%5D%7D%2C%7B%22featureType%22%3A%22road.arterial%22%2C%22elementType%22%3A%22geometry%22%2C%22stylers%22%3A%5B%7B%22color%22%3A%22%23e4d7c6%22%7D%5D%7D%2C%7B%22featureType%22%3A%22road.local%22%2C%22elementType%22%3A%22geometry%22%2C%22stylers%22%3A%5B%7B%22color%22%3A%22%23fbfaf7%22%7D%5D%7D%2C%7B%22featureType%22%3A%22water%22%2C%22elementType%22%3A%22all%22%2C%22stylers%22%3A%5B%7B%22visibility%22%3A%22on%22%7D%2C%7B%22color%22%3A%22%23acbcc9%22%7D%5D%7D%5D' data-controls='%7B%22scrollwheel%22%3A0%2C%22pancontrol%22%3Afalse%2C%22zoomcontrol%22%3Afalse%2C%22scalecontrol%22%3Afalse%2C%22maptypecontrol%22%3Afalse%2C%22streetviewcontrol%22%3Afalse%2C%22overviewmapcontrol%22%3Afalse%2C%22infoclick%22%3Atrue%2C%22infowidth%22%3A%22200%22%2C%22style%22%3A%22Pale-Dawn%22%7D' style=\"width:auto;height: 480px\"><\/div>\r\n\t\t\t<\/div>\r\n\t\t<\/div><\/div><\/div><div class=\"wpb_column vc_column_container vc_col-sm-4\"><div class=\"vc_column-inner\"><div class=\"wpb_wrapper\">\t\t<div class=\"wpb_animate_when_almost_visible wpb_flipInX flipInX bt-element bt-fancy-box-element icon-top   left\" >\r\n\t\t\t<div class=\"bt-icon\" ><i class=\"flaticon-home\" style=\"\"><\/i><\/div>\t\t\t<div class=\"bt-content\" >\r\n\t\t\t\t<h3 class=\"bt-title\" >Adresse<\/h3><div class=\"bt-desc\" ><p><em>111 W 34th ST, Newyork, NY 692112<\/em><\/p>\n<\/div>\t\t\t<\/div>\r\n\t\t<\/div>\r\n\t\t\t\t<div class=\"wpb_animate_when_almost_visible wpb_flipInX flipInX bt-element bt-fancy-box-element icon-top   left\" >\r\n\t\t\t<div class=\"bt-icon\" ><i class=\"flaticon-phone-call\" style=\"\"><\/i><\/div>\t\t\t<div class=\"bt-content\" >\r\n\t\t\t\t<h3 class=\"bt-title\" >T\u00e9l\u00e9phone<\/h3><div class=\"bt-desc\" ><p><em>(1200) 976 112 34 - (976) 976 112 34<\/em><\/p>\n<\/div>\t\t\t<\/div>\r\n\t\t<\/div>\r\n\t\t\t\t<div class=\"wpb_animate_when_almost_visible wpb_flipInX flipInX bt-element bt-fancy-box-element icon-top   left\" >\r\n\t\t\t<div class=\"bt-icon\" ><i class=\"flaticon-mail\" style=\"\"><\/i><\/div>\t\t\t<div class=\"bt-content\" >\r\n\t\t\t\t<h3 class=\"bt-title\" >Courriel<\/h3><div class=\"bt-desc\" ><p><em>bearsthemes@gmail.com<\/em><\/p>\n<\/div>\t\t\t<\/div>\r\n\t\t<\/div>\r\n\t\t<\/div><\/div><\/div><\/div><\/div><\/section><section class=\"vc_section bt-contact-section2 vc_custom_1499655845772\"><div class=\"container\"><div class=\"vc_row wpb_row vc_row-fluid\"><div class=\"wpb_column vc_column_container vc_col-sm-12\"><div class=\"vc_column-inner\"><div class=\"wpb_wrapper\"><div style=\"font-size: 14px;line-height: 24px;text-align: center;letter-spacing: 0.2em;\" class=\"vc_custom_heading bt-text-uppercase wpb_animate_when_almost_visible wpb_fadeInDown fadeInDown\" >Nous contacter<\/div><h3 style=\"font-size: 36px;line-height: 42px;text-align: center;\" class=\"vc_custom_heading wpb_animate_when_almost_visible wpb_fadeInUp fadeInUp\" >Prendre contact<\/h3>\n\t<div class=\"wpb_text_column wpb_content_element wpb_animate_when_almost_visible wpb_fadeInUp fadeInUp\" >\n\t\t<div class=\"wpb_wrapper\">\n\t\t\t<p style=\"text-align: center;\">Donec sed odio dui. Vivamus sagittis lacus vel augue laoreet rutrum faucibus dolor auctor. Donec<br class=\"hidden-sm hidden-xs\" \/>ullamcorper nulla non metus auctor fringilla.<\/p>\n\n\t\t<\/div>\n\t<\/div>\n<\/div><\/div><\/div><\/div><\/div><div class=\"container\"><div class=\"vc_row wpb_row vc_row-fluid\"><div class=\"wpb_column vc_column_container vc_col-sm-12 vc_col-lg-offset-3 vc_col-lg-6 vc_col-md-offset-3 vc_col-md-6 vc_col-sm-offset-0\"><div class=\"vc_column-inner\"><div class=\"wpb_wrapper\">\n<div class=\"wpcf7 no-js\" id=\"wpcf7-f1077-o1\" lang=\"en-US\" dir=\"ltr\" data-wpcf7-id=\"1077\">\n<div class=\"screen-reader-response\"><p role=\"status\" aria-live=\"polite\" aria-atomic=\"true\"><\/p> <ul><\/ul><\/div>\n<form action=\"\/fr\/wp-json\/wp\/v2\/pages\/1016#wpcf7-f1077-o1\" method=\"post\" class=\"wpcf7-form init\" aria-label=\"Contact form\" novalidate=\"novalidate\" data-status=\"init\" data-trp-original-action=\"\/fr\/wp-json\/wp\/v2\/pages\/1016#wpcf7-f1077-o1\">\n<fieldset class=\"hidden-fields-container\"><input type=\"hidden\" name=\"_wpcf7\" value=\"1077\" \/><input type=\"hidden\" name=\"_wpcf7_version\" value=\"6.1.5\" \/><input type=\"hidden\" name=\"_wpcf7_locale\" value=\"en_US\" \/><input type=\"hidden\" name=\"_wpcf7_unit_tag\" value=\"wpcf7-f1077-o1\" \/><input type=\"hidden\" name=\"_wpcf7_container_post\" value=\"0\" \/><input type=\"hidden\" name=\"_wpcf7_posted_data_hash\" value=\"\" \/>\n<\/fieldset>\n<div class=\"row\">\n<div class=\"col-sm-6 col-md-6\"><span class=\"wpcf7-form-control-wrap\" data-name=\"text-141\"><input size=\"40\" maxlength=\"400\" class=\"wpcf7-form-control wpcf7-text wpcf7-validates-as-required\" aria-required=\"true\" aria-invalid=\"false\" placeholder=\"Nom*\" value=\"\" type=\"text\" name=\"text-141\" \/><\/span><\/div>\n<div class=\"col-sm-6 col-md-6\"><span class=\"wpcf7-form-control-wrap\" data-name=\"email-945\"><input size=\"40\" maxlength=\"400\" class=\"wpcf7-form-control wpcf7-email wpcf7-validates-as-required wpcf7-text wpcf7-validates-as-email\" aria-required=\"true\" aria-invalid=\"false\" placeholder=\"Courriel*\" value=\"\" type=\"email\" name=\"email-945\" \/><\/span><\/div>\n<div class=\"col-md-12\"><span class=\"wpcf7-form-control-wrap\" data-name=\"textarea-337\"><textarea cols=\"40\" rows=\"10\" maxlength=\"2000\" class=\"wpcf7-form-control wpcf7-textarea\" aria-invalid=\"false\" placeholder=\"Message\" name=\"textarea-337\"><\/textarea><\/span><\/div>\n<div class=\"col-md-12 text-center\"><input class=\"wpcf7-form-control wpcf7-submit has-spinner\" type=\"submit\" value=\"Soumettre\" \/><\/div>\n<\/div><input type=\"hidden\" id=\"ct_checkjs_cf7_642e92efb79421734881b53e1e1b18b6\" name=\"ct_checkjs_cf7\" value=\"0\" \/><script >setTimeout(function(){var ct_input_name = \"ct_checkjs_cf7_642e92efb79421734881b53e1e1b18b6\";if (document.getElementById(ct_input_name) !== null) {var ct_input_value = document.getElementById(ct_input_name).value;document.getElementById(ct_input_name).value = document.getElementById(ct_input_name).value.replace(ct_input_value, '352465243');}}, 1000);<\/script><input\n                    class=\"apbct_special_field apbct_email_id__wp_contact_form_7\"\n                    name=\"apbct__email_id__wp_contact_form_7\"\n                    aria-label=\"apbct__label_id__wp_contact_form_7\"\n                    type=\"text\" size=\"30\" maxlength=\"200\" autocomplete=\"off\"\n                    value=\"\"\n                \/><div class=\"wpcf7-response-output\" aria-hidden=\"true\"><\/div>\n<input type=\"hidden\" name=\"trp-form-language\" value=\"fr\"\/><\/form>\n<\/div>\n<\/div><\/div><\/div><\/div><\/div><\/section><section class=\"vc_section bt-newsletter-section vc_custom_1499072224680\"><div class=\"container\"><div class=\"vc_row wpb_row vc_row-fluid\"><div class=\"wpb_column vc_column_container vc_col-sm-12 vc_col-lg-7 vc_col-md-7\"><div class=\"vc_column-inner\"><div class=\"wpb_wrapper\"><h3 style=\"font-size: 36px;line-height: 42px;text-align: left;\" class=\"vc_custom_heading bt-light-color wpb_animate_when_almost_visible wpb_fadeInUp fadeInUp vc_custom_1499139585198\" >S'abonner \u00e0 notre lettre d'information<br \/>\n<\/h3><div style=\"text-align: left;\" class=\"vc_custom_heading bt-light-color wpb_animate_when_almost_visible wpb_fadeInUp fadeInUp vc_custom_1499139633408\" >Inscrivez-vous \u00e0 notre lettre d'information pour recevoir les derni\u00e8res informations<br \/>\nscoop directement dans votre bo\u00eete de r\u00e9ception<\/div><\/div><\/div><\/div><div class=\"wpb_animate_when_almost_visible wpb_bounceInRight bounceInRight wpb_column vc_column_container vc_col-sm-12 vc_col-lg-5 vc_col-md-5\"><div class=\"vc_column-inner\"><div class=\"wpb_wrapper\"><div  class=\"wpb_widgetised_column wpb_content_element\">\n\t\t<div class=\"wpb_wrapper\">\n\t\t\t\n\t\t\t\n\t\t<\/div>\n\t<\/div>\n<\/div><\/div><\/div><\/div><\/div><\/section>\n<\/div>","protected":false},"excerpt":{"rendered":"Address111 W 34th ST, Newyork, NY 692112 Phone(1200) 976 112 34 - (976) 976 112 34 Emailbearsthemes@gmail.com Contact UsGet In Touch Donec sed odio dui. Vivamus sagittis lacus vel augue laoreet rutrum faucibus dolor auctor. Donecullamcorper nulla non metus auctor fringilla. Subscribe to our newsletter Subcribe to our newsletter to get the lastest scoop right [...]","protected":false},"author":1,"featured_media":0,"parent":0,"menu_order":0,"comment_status":"closed","ping_status":"closed","template":"page-nocontainer.php","meta":{"footnotes":""},"class_list":["post-1016","page","type-page","status-publish","hentry"],"yoast_head":"<!-- This site is optimized with the Yoast SEO Premium plugin v27.2 (Yoast SEO v27.3) - https:\/\/yoast.com\/product\/yoast-seo-premium-wordpress\/ -->\n<title>Contact Us 03 - BAROSA Congelados | Manuel de Sousa Barosa, Lda.<\/title>\n<meta name=\"robots\" content=\"index, follow, max-snippet:-1, max-image-preview:large, max-video-preview:-1\" \/>\n<link rel=\"canonical\" href=\"https:\/\/www.barosa.com\/fr\/contact-us-03\/\" \/>\n<meta property=\"og:locale\" content=\"fr_FR\" \/>\n<meta property=\"og:type\" content=\"article\" \/>\n<meta property=\"og:title\" content=\"Contact Us 03\" \/>\n<meta property=\"og:url\" content=\"https:\/\/www.barosa.com\/fr\/contact-us-03\/\" \/>\n<meta property=\"og:site_name\" content=\"BAROSA Congelados | Manuel de Sousa Barosa, Lda.\" \/>\n<meta property=\"article:publisher\" content=\"http:\/\/www.facebook.com\/barosa\/\" \/>\n<meta property=\"article:modified_time\" content=\"2017-08-09T08:58:27+00:00\" \/>\n<meta property=\"og:image\" content=\"https:\/\/www.barosa.com\/wp-content\/uploads\/2024\/02\/BAROSA-Logo-1200-x-675.jpg\" \/>\n\t<meta property=\"og:image:width\" content=\"1200\" \/>\n\t<meta property=\"og:image:height\" content=\"675\" \/>\n\t<meta property=\"og:image:type\" content=\"image\/jpeg\" \/>\n<meta name=\"twitter:card\" content=\"summary_large_image\" \/>\n<meta name=\"twitter:site\" content=\"@barosa_lda\" \/>\n<meta name=\"twitter:label1\" content=\"Dur\u00e9e de lecture estim\u00e9e\" \/>\n\t<meta name=\"twitter:data1\" content=\"3 minutes\" \/>\n<script type=\"application\/ld+json\" class=\"yoast-schema-graph\">{\"@context\":\"https:\\\/\\\/schema.org\",\"@graph\":[{\"@type\":\"WebPage\",\"@id\":\"https:\\\/\\\/www.barosa.com\\\/contact-us-03\\\/\",\"url\":\"https:\\\/\\\/www.barosa.com\\\/contact-us-03\\\/\",\"name\":\"Contact Us 03 - BAROSA Congelados | Manuel de Sousa Barosa, Lda.\",\"isPartOf\":{\"@id\":\"https:\\\/\\\/www.barosa.com\\\/#website\"},\"datePublished\":\"2017-07-08T03:29:55+00:00\",\"dateModified\":\"2017-08-09T08:58:27+00:00\",\"breadcrumb\":{\"@id\":\"https:\\\/\\\/www.barosa.com\\\/contact-us-03\\\/#breadcrumb\"},\"inLanguage\":\"fr-FR\",\"potentialAction\":[{\"@type\":\"ReadAction\",\"target\":[\"https:\\\/\\\/www.barosa.com\\\/contact-us-03\\\/\"]}]},{\"@type\":\"BreadcrumbList\",\"@id\":\"https:\\\/\\\/www.barosa.com\\\/contact-us-03\\\/#breadcrumb\",\"itemListElement\":[{\"@type\":\"ListItem\",\"position\":1,\"name\":\"In\u00edcio\",\"item\":\"https:\\\/\\\/www.barosa.com\\\/\"},{\"@type\":\"ListItem\",\"position\":2,\"name\":\"Contact Us 03\"}]},{\"@type\":\"WebSite\",\"@id\":\"https:\\\/\\\/www.barosa.com\\\/#website\",\"url\":\"https:\\\/\\\/www.barosa.com\\\/\",\"name\":\"BAROSA Congelados | Manuel de Sousa Barosa, Lda.\",\"description\":\"Empresa de transforma\u00e7\u00e3o e comercializa\u00e7\u00e3o de produtos alimentares congelados. BAROSA \u00ae Pescados, &quot;N\u00e3o h\u00e1 bom garfo que resista\u00ae&quot;. BAROSA \u00ae FoodService &quot;O lado bom da comida\u00ae&quot;. Pescados Crust\u00e1ceos Mariscos Cefal\u00f3podes Bivalves Padaria Pastelaria Pizzas Sobremesas\",\"publisher\":{\"@id\":\"https:\\\/\\\/www.barosa.com\\\/#organization\"},\"alternateName\":\"BAROSA\u00ae\",\"potentialAction\":[{\"@type\":\"SearchAction\",\"target\":{\"@type\":\"EntryPoint\",\"urlTemplate\":\"https:\\\/\\\/www.barosa.com\\\/?s={search_term_string}\"},\"query-input\":{\"@type\":\"PropertyValueSpecification\",\"valueRequired\":true,\"valueName\":\"search_term_string\"}}],\"inLanguage\":\"fr-FR\"},{\"@type\":\"Organization\",\"@id\":\"https:\\\/\\\/www.barosa.com\\\/#organization\",\"name\":\"Manuel de Sousa Barosa, Lda.\",\"alternateName\":\"BAROSA\",\"url\":\"https:\\\/\\\/www.barosa.com\\\/\",\"logo\":{\"@type\":\"ImageObject\",\"inLanguage\":\"fr-FR\",\"@id\":\"https:\\\/\\\/www.barosa.com\\\/#\\\/schema\\\/logo\\\/image\\\/\",\"url\":\"https:\\\/\\\/www.barosa.com\\\/wp-content\\\/uploads\\\/2025\\\/03\\\/BAROSA-Logo-696x696-1.jpg\",\"contentUrl\":\"https:\\\/\\\/www.barosa.com\\\/wp-content\\\/uploads\\\/2025\\\/03\\\/BAROSA-Logo-696x696-1.jpg\",\"width\":696,\"height\":696,\"caption\":\"Manuel de Sousa Barosa, Lda.\"},\"image\":{\"@id\":\"https:\\\/\\\/www.barosa.com\\\/#\\\/schema\\\/logo\\\/image\\\/\"},\"sameAs\":[\"http:\\\/\\\/www.facebook.com\\\/barosa\\\/\",\"https:\\\/\\\/x.com\\\/barosa_lda\",\"https:\\\/\\\/www.instagram.com\\\/barosa_lda\\\/\",\"https:\\\/\\\/pt.linkedin.com\\\/company\\\/barosa-lda\"],\"description\":\"Empresa de transforma\u00e7\u00e3o e comercializa\u00e7\u00e3o de produtos alimentares congelados. BAROSA \u00ae Pescados, \\\"N\u00e3o h\u00e1 bom garfo que resista\u00ae\\\". BAROSA \u00ae FoodService \\\"O lado bom da comida!\u00ae\\\"\",\"email\":\"info@barosa.com\",\"telephone\":\"+351 262824403\",\"legalName\":\"Manuel de Sousa Barosa, Lda.\",\"foundingDate\":\"1975-05-21\",\"vatID\":\"503365190\",\"taxID\":\"503365190\",\"duns\":\"452388713\",\"numberOfEmployees\":{\"@type\":\"QuantitativeValue\",\"minValue\":\"11\",\"maxValue\":\"50\"},\"ethicsPolicy\":\"https:\\\/\\\/www.barosa.com\\\/politicaprivacidade\\\/\"}]}<\/script>\n<!-- \/ Yoast SEO Premium plugin. -->","yoast_head_json":{"title":"Contact Us 03 - BAROSA Congelados | Manuel de Sousa Barosa, Lda.","robots":{"index":"index","follow":"follow","max-snippet":"max-snippet:-1","max-image-preview":"max-image-preview:large","max-video-preview":"max-video-preview:-1"},"canonical":"https:\/\/www.barosa.com\/fr\/contact-us-03\/","og_locale":"fr_FR","og_type":"article","og_title":"Contact Us 03","og_url":"https:\/\/www.barosa.com\/fr\/contact-us-03\/","og_site_name":"BAROSA Congelados | Manuel de Sousa Barosa, Lda.","article_publisher":"http:\/\/www.facebook.com\/barosa\/","article_modified_time":"2017-08-09T08:58:27+00:00","og_image":[{"width":1200,"height":675,"url":"https:\/\/www.barosa.com\/wp-content\/uploads\/2024\/02\/BAROSA-Logo-1200-x-675.jpg","type":"image\/jpeg"}],"twitter_card":"summary_large_image","twitter_site":"@barosa_lda","twitter_misc":{"Dur\u00e9e de lecture estim\u00e9e":"3 minutes"},"schema":{"@context":"https:\/\/schema.org","@graph":[{"@type":"WebPage","@id":"https:\/\/www.barosa.com\/contact-us-03\/","url":"https:\/\/www.barosa.com\/contact-us-03\/","name":"Contact Us 03 - BAROSA Congelados | Manuel de Sousa Barosa, Lda.","isPartOf":{"@id":"https:\/\/www.barosa.com\/#website"},"datePublished":"2017-07-08T03:29:55+00:00","dateModified":"2017-08-09T08:58:27+00:00","breadcrumb":{"@id":"https:\/\/www.barosa.com\/contact-us-03\/#breadcrumb"},"inLanguage":"fr-FR","potentialAction":[{"@type":"ReadAction","target":["https:\/\/www.barosa.com\/contact-us-03\/"]}]},{"@type":"BreadcrumbList","@id":"https:\/\/www.barosa.com\/contact-us-03\/#breadcrumb","itemListElement":[{"@type":"ListItem","position":1,"name":"In\u00edcio","item":"https:\/\/www.barosa.com\/"},{"@type":"ListItem","position":2,"name":"Contact Us 03"}]},{"@type":"WebSite","@id":"https:\/\/www.barosa.com\/#website","url":"https:\/\/www.barosa.com\/","name":"BAROSA Congelados | Manuel de Sousa Barosa, Lda.","description":"Entreprise de transformation et commercialisation de produits alimentaires surgel\u00e9s. BAROSA \u00ae Pescados, \" Aucune bonne fourchette ne peut y r\u00e9sister\u00ae \". BAROSA \u00ae FoodService \" Le bon c\u00f4t\u00e9 de la nourriture\u00ae \". Poissons Crustac\u00e9s Fruits de mer C\u00e9phalopodes Bivalves Boulangerie P\u00e2tisserie Pizzas Desserts","publisher":{"@id":"https:\/\/www.barosa.com\/#organization"},"alternateName":"BAROSA\u00ae","potentialAction":[{"@type":"SearchAction","target":{"@type":"EntryPoint","urlTemplate":"https:\/\/www.barosa.com\/?s={search_term_string}"},"query-input":{"@type":"PropertyValueSpecification","valueRequired":true,"valueName":"search_term_string"}}],"inLanguage":"fr-FR"},{"@type":"Organization","@id":"https:\/\/www.barosa.com\/#organization","name":"Manuel de Sousa Barosa, Lda.","alternateName":"BAROSA","url":"https:\/\/www.barosa.com\/","logo":{"@type":"ImageObject","inLanguage":"fr-FR","@id":"https:\/\/www.barosa.com\/#\/schema\/logo\/image\/","url":"https:\/\/www.barosa.com\/wp-content\/uploads\/2025\/03\/BAROSA-Logo-696x696-1.jpg","contentUrl":"https:\/\/www.barosa.com\/wp-content\/uploads\/2025\/03\/BAROSA-Logo-696x696-1.jpg","width":696,"height":696,"caption":"Manuel de Sousa Barosa, Lda."},"image":{"@id":"https:\/\/www.barosa.com\/#\/schema\/logo\/image\/"},"sameAs":["http:\/\/www.facebook.com\/barosa\/","https:\/\/x.com\/barosa_lda","https:\/\/www.instagram.com\/barosa_lda\/","https:\/\/pt.linkedin.com\/company\/barosa-lda"],"description":"Entreprise de transformation et commercialisation de produits alimentaires surgel\u00e9s. BAROSA \u00ae Pescados, \" Aucune bonne fourchette ne peut y r\u00e9sister\u00ae \". BAROSA \u00ae FoodService \" Le bon c\u00f4t\u00e9 de la nourriture !\u00ae \"","email":"info@barosa.com","telephone":"+351 262824403","legalName":"Manuel de Sousa Barosa, Lda.","foundingDate":"1975-05-21","vatID":"503365190","taxID":"503365190","duns":"452388713","numberOfEmployees":{"@type":"QuantitativeValue","minValue":"11","maxValue":"50"},"ethicsPolicy":"https:\/\/www.barosa.com\/politicaprivacidade\/"}]}},"_links":{"self":[{"href":"https:\/\/www.barosa.com\/fr\/wp-json\/wp\/v2\/pages\/1016","targetHints":{"allow":["GET"]}}],"collection":[{"href":"https:\/\/www.barosa.com\/fr\/wp-json\/wp\/v2\/pages"}],"about":[{"href":"https:\/\/www.barosa.com\/fr\/wp-json\/wp\/v2\/types\/page"}],"author":[{"embeddable":true,"href":"https:\/\/www.barosa.com\/fr\/wp-json\/wp\/v2\/users\/1"}],"replies":[{"embeddable":true,"href":"https:\/\/www.barosa.com\/fr\/wp-json\/wp\/v2\/comments?post=1016"}],"version-history":[{"count":0,"href":"https:\/\/www.barosa.com\/fr\/wp-json\/wp\/v2\/pages\/1016\/revisions"}],"wp:attachment":[{"href":"https:\/\/www.barosa.com\/fr\/wp-json\/wp\/v2\/media?parent=1016"}],"curies":[{"name":"wp","href":"https:\/\/api.w.org\/{rel}","templated":true}]}}