{"id":9922,"date":"2023-08-04T16:34:44","date_gmt":"2023-08-04T15:34:44","guid":{"rendered":"https:\/\/www.barosa.com\/?post_type=product&#038;p=9922"},"modified":"2023-08-04T16:39:41","modified_gmt":"2023-08-04T15:39:41","slug":"colher-de-plastico-pp-translucido-de-gelado-95mm-reuse","status":"publish","type":"product","link":"https:\/\/www.barosa.com\/en\/produto\/colher-de-plastico-pp-translucido-de-gelado-95mm-reuse\/","title":{"rendered":"Translucent PP Plastic Ice Cream Scoop 95mm REUSE"},"content":{"rendered":"","protected":false},"excerpt":{"rendered":"<p>Ideal for ice-cream parlours.<\/p>\n<p>Quantity per box: 500 grs (\u00b1402 und)<\/p>\n<p>This product is for reuse.<br \/>\nIt has been tested for use even after 10 washes in the dishwasher.<\/p>\n<p>&nbsp;<\/p>\n<p><strong>Brand:<\/strong> Progelcone<\/p>","protected":false},"featured_media":9921,"template":"","meta":[],"product_brand":[],"product_cat":[539],"product_tag":[],"class_list":{"0":"post-9922","1":"product","2":"type-product","3":"status-publish","4":"has-post-thumbnail","6":"product_cat-servico-de-apoio","8":"first","9":"instock","10":"taxable","11":"shipping-taxable","12":"purchasable","13":"product-type-simple"},"yoast_head":"<!-- This site is optimized with the Yoast SEO Premium plugin v27.6 (Yoast SEO v27.6) - https:\/\/yoast.com\/product\/yoast-seo-premium-wordpress\/ -->\n<title>Colher de Pl\u00e1stico PP Transl\u00facido de Gelado 95mm REUSE - BAROSA Congelados | Manuel de Sousa Barosa, Lda.<\/title>\n<meta name=\"description\" content=\"Este produto serve para reutiliza\u00e7\u00e3o. Foi testado para utiliza\u00e7\u00e3o mesmo ap\u00f3s 10 lavagens na m\u00e1quina da lou\u00e7a.\" \/>\n<meta name=\"robots\" content=\"index, follow, max-snippet:-1, max-image-preview:large, max-video-preview:-1\" \/>\n<link rel=\"canonical\" href=\"https:\/\/www.barosa.com\/en\/product-2\/colher-de-plastico-pp-translucido-de-gelado-95mm-reuse\/\" \/>\n<meta property=\"og:locale\" content=\"en_GB\" \/>\n<meta property=\"og:type\" content=\"article\" \/>\n<meta property=\"og:title\" content=\"Colher de Pl\u00e1stico PP Transl\u00facido de Gelado 95mm REUSE\" \/>\n<meta property=\"og:description\" content=\"Este produto serve para reutiliza\u00e7\u00e3o. Foi testado para utiliza\u00e7\u00e3o mesmo ap\u00f3s 10 lavagens na m\u00e1quina da lou\u00e7a.\" \/>\n<meta property=\"og:url\" content=\"https:\/\/www.barosa.com\/en\/product-2\/colher-de-plastico-pp-translucido-de-gelado-95mm-reuse\/\" \/>\n<meta property=\"og:site_name\" content=\"BAROSA Congelados | Manuel de Sousa Barosa, Lda.\" \/>\n<meta property=\"article:publisher\" content=\"http:\/\/www.facebook.com\/barosa\/\" \/>\n<meta property=\"article:modified_time\" content=\"2023-08-04T15:39:41+00:00\" \/>\n<meta property=\"og:image\" content=\"https:\/\/www.barosa.com\/wp-content\/uploads\/2023\/08\/0326576-Colher-de-Plastico-PP-Translucido-de-Gelado-95mm-REUSE-14x500g-Copia.jpg\" \/>\n\t<meta property=\"og:image:width\" content=\"1000\" \/>\n\t<meta property=\"og:image:height\" content=\"1000\" \/>\n\t<meta property=\"og:image:type\" content=\"image\/jpeg\" \/>\n<meta name=\"twitter:card\" content=\"summary_large_image\" \/>\n<meta name=\"twitter:site\" content=\"@barosa_lda\" \/>\n<script type=\"application\/ld+json\" class=\"yoast-schema-graph\">{\"@context\":\"https:\\\/\\\/schema.org\",\"@graph\":[{\"@type\":\"WebPage\",\"@id\":\"https:\\\/\\\/www.barosa.com\\\/produto\\\/colher-de-plastico-pp-translucido-de-gelado-95mm-reuse\\\/\",\"url\":\"https:\\\/\\\/www.barosa.com\\\/produto\\\/colher-de-plastico-pp-translucido-de-gelado-95mm-reuse\\\/\",\"name\":\"Colher de Pl\u00e1stico PP Transl\u00facido de Gelado 95mm REUSE - BAROSA Congelados | Manuel de Sousa Barosa, Lda.\",\"isPartOf\":{\"@id\":\"https:\\\/\\\/www.barosa.com\\\/#website\"},\"primaryImageOfPage\":{\"@id\":\"https:\\\/\\\/www.barosa.com\\\/produto\\\/colher-de-plastico-pp-translucido-de-gelado-95mm-reuse\\\/#primaryimage\"},\"image\":{\"@id\":\"https:\\\/\\\/www.barosa.com\\\/produto\\\/colher-de-plastico-pp-translucido-de-gelado-95mm-reuse\\\/#primaryimage\"},\"thumbnailUrl\":\"https:\\\/\\\/www.barosa.com\\\/wp-content\\\/uploads\\\/2023\\\/08\\\/0326576-Colher-de-Plastico-PP-Translucido-de-Gelado-95mm-REUSE-14x500g-Copia.jpg\",\"datePublished\":\"2023-08-04T15:34:44+00:00\",\"dateModified\":\"2023-08-04T15:39:41+00:00\",\"description\":\"Este produto serve para reutiliza\u00e7\u00e3o. Foi testado para utiliza\u00e7\u00e3o mesmo ap\u00f3s 10 lavagens na m\u00e1quina da lou\u00e7a.\",\"breadcrumb\":{\"@id\":\"https:\\\/\\\/www.barosa.com\\\/produto\\\/colher-de-plastico-pp-translucido-de-gelado-95mm-reuse\\\/#breadcrumb\"},\"inLanguage\":\"en-GB\",\"potentialAction\":[{\"@type\":\"ReadAction\",\"target\":[\"https:\\\/\\\/www.barosa.com\\\/produto\\\/colher-de-plastico-pp-translucido-de-gelado-95mm-reuse\\\/\"]}]},{\"@type\":\"ImageObject\",\"inLanguage\":\"en-GB\",\"@id\":\"https:\\\/\\\/www.barosa.com\\\/produto\\\/colher-de-plastico-pp-translucido-de-gelado-95mm-reuse\\\/#primaryimage\",\"url\":\"https:\\\/\\\/www.barosa.com\\\/wp-content\\\/uploads\\\/2023\\\/08\\\/0326576-Colher-de-Plastico-PP-Translucido-de-Gelado-95mm-REUSE-14x500g-Copia.jpg\",\"contentUrl\":\"https:\\\/\\\/www.barosa.com\\\/wp-content\\\/uploads\\\/2023\\\/08\\\/0326576-Colher-de-Plastico-PP-Translucido-de-Gelado-95mm-REUSE-14x500g-Copia.jpg\",\"width\":1000,\"height\":1000,\"caption\":\"Colher de Pl\u00e1stico PP Transl\u00facido de Gelado 95mm REUSE - 0326576\"},{\"@type\":\"BreadcrumbList\",\"@id\":\"https:\\\/\\\/www.barosa.com\\\/produto\\\/colher-de-plastico-pp-translucido-de-gelado-95mm-reuse\\\/#breadcrumb\",\"itemListElement\":[{\"@type\":\"ListItem\",\"position\":1,\"name\":\"In\u00edcio\",\"item\":\"https:\\\/\\\/www.barosa.com\\\/\"},{\"@type\":\"ListItem\",\"position\":2,\"name\":\"Shop\",\"item\":\"https:\\\/\\\/www.barosa.com\\\/shop\\\/\"},{\"@type\":\"ListItem\",\"position\":3,\"name\":\"Colher de Pl\u00e1stico PP Transl\u00facido de Gelado 95mm REUSE\"}]},{\"@type\":\"WebSite\",\"@id\":\"https:\\\/\\\/www.barosa.com\\\/#website\",\"url\":\"https:\\\/\\\/www.barosa.com\\\/\",\"name\":\"BAROSA Congelados | Manuel de Sousa Barosa, Lda.\",\"description\":\"Empresa de transforma\u00e7\u00e3o e comercializa\u00e7\u00e3o de produtos alimentares congelados. BAROSA \u00ae Pescados, &quot;N\u00e3o h\u00e1 bom garfo que resista\u00ae&quot;. BAROSA \u00ae FoodService &quot;O lado bom da comida\u00ae&quot;. Pescados Crust\u00e1ceos Mariscos Cefal\u00f3podes Bivalves Padaria Pastelaria Pizzas Sobremesas\",\"publisher\":{\"@id\":\"https:\\\/\\\/www.barosa.com\\\/#organization\"},\"alternateName\":\"BAROSA\u00ae\",\"potentialAction\":[{\"@type\":\"SearchAction\",\"target\":{\"@type\":\"EntryPoint\",\"urlTemplate\":\"https:\\\/\\\/www.barosa.com\\\/?s={search_term_string}\"},\"query-input\":{\"@type\":\"PropertyValueSpecification\",\"valueRequired\":true,\"valueName\":\"search_term_string\"}}],\"inLanguage\":\"en-GB\"},{\"@type\":\"Organization\",\"@id\":\"https:\\\/\\\/www.barosa.com\\\/#organization\",\"name\":\"Manuel de Sousa Barosa, Lda.\",\"alternateName\":\"BAROSA\",\"url\":\"https:\\\/\\\/www.barosa.com\\\/\",\"logo\":{\"@type\":\"ImageObject\",\"inLanguage\":\"en-GB\",\"@id\":\"https:\\\/\\\/www.barosa.com\\\/#\\\/schema\\\/logo\\\/image\\\/\",\"url\":\"https:\\\/\\\/www.barosa.com\\\/wp-content\\\/uploads\\\/2025\\\/03\\\/BAROSA-Logo-696x696-1.jpg\",\"contentUrl\":\"https:\\\/\\\/www.barosa.com\\\/wp-content\\\/uploads\\\/2025\\\/03\\\/BAROSA-Logo-696x696-1.jpg\",\"width\":696,\"height\":696,\"caption\":\"Manuel de Sousa Barosa, Lda.\"},\"image\":{\"@id\":\"https:\\\/\\\/www.barosa.com\\\/#\\\/schema\\\/logo\\\/image\\\/\"},\"sameAs\":[\"http:\\\/\\\/www.facebook.com\\\/barosa\\\/\",\"https:\\\/\\\/x.com\\\/barosa_lda\",\"https:\\\/\\\/www.instagram.com\\\/barosa_lda\\\/\",\"https:\\\/\\\/pt.linkedin.com\\\/company\\\/barosa-lda\"],\"description\":\"Empresa de transforma\u00e7\u00e3o e comercializa\u00e7\u00e3o de produtos alimentares congelados. BAROSA \u00ae Pescados, \\\"N\u00e3o h\u00e1 bom garfo que resista\u00ae\\\". BAROSA \u00ae FoodService \\\"O lado bom da comida!\u00ae\\\"\",\"email\":\"info@barosa.com\",\"telephone\":\"+351 262824403\",\"legalName\":\"Manuel de Sousa Barosa, Lda.\",\"foundingDate\":\"1975-05-21\",\"vatID\":\"503365190\",\"taxID\":\"503365190\",\"duns\":\"452388713\",\"numberOfEmployees\":{\"@type\":\"QuantitativeValue\",\"minValue\":\"11\",\"maxValue\":\"50\"},\"ethicsPolicy\":\"https:\\\/\\\/www.barosa.com\\\/politicaprivacidade\\\/\"}]}<\/script>\n<!-- \/ Yoast SEO Premium plugin. -->","yoast_head_json":{"title":"95mm Translucent PP Plastic Ice Cream Spoon REUSE - BAROSA Congelados | Manuel de Sousa Barosa, Lda.","description":"This product is suitable for reuse. It has been tested for use even after 10 washes in the dishwasher.","robots":{"index":"index","follow":"follow","max-snippet":"max-snippet:-1","max-image-preview":"max-image-preview:large","max-video-preview":"max-video-preview:-1"},"canonical":"https:\/\/www.barosa.com\/en\/product-2\/colher-de-plastico-pp-translucido-de-gelado-95mm-reuse\/","og_locale":"en_GB","og_type":"article","og_title":"Colher de Pl\u00e1stico PP Transl\u00facido de Gelado 95mm REUSE","og_description":"Este produto serve para reutiliza\u00e7\u00e3o. Foi testado para utiliza\u00e7\u00e3o mesmo ap\u00f3s 10 lavagens na m\u00e1quina da lou\u00e7a.","og_url":"https:\/\/www.barosa.com\/en\/product-2\/colher-de-plastico-pp-translucido-de-gelado-95mm-reuse\/","og_site_name":"BAROSA Congelados | Manuel de Sousa Barosa, Lda.","article_publisher":"http:\/\/www.facebook.com\/barosa\/","article_modified_time":"2023-08-04T15:39:41+00:00","og_image":[{"width":1000,"height":1000,"url":"https:\/\/www.barosa.com\/wp-content\/uploads\/2023\/08\/0326576-Colher-de-Plastico-PP-Translucido-de-Gelado-95mm-REUSE-14x500g-Copia.jpg","type":"image\/jpeg"}],"twitter_card":"summary_large_image","twitter_site":"@barosa_lda","schema":{"@context":"https:\/\/schema.org","@graph":[{"@type":"WebPage","@id":"https:\/\/www.barosa.com\/produto\/colher-de-plastico-pp-translucido-de-gelado-95mm-reuse\/","url":"https:\/\/www.barosa.com\/produto\/colher-de-plastico-pp-translucido-de-gelado-95mm-reuse\/","name":"95mm Translucent PP Plastic Ice Cream Spoon REUSE - BAROSA Congelados | Manuel de Sousa Barosa, Lda.","isPartOf":{"@id":"https:\/\/www.barosa.com\/#website"},"primaryImageOfPage":{"@id":"https:\/\/www.barosa.com\/produto\/colher-de-plastico-pp-translucido-de-gelado-95mm-reuse\/#primaryimage"},"image":{"@id":"https:\/\/www.barosa.com\/produto\/colher-de-plastico-pp-translucido-de-gelado-95mm-reuse\/#primaryimage"},"thumbnailUrl":"https:\/\/www.barosa.com\/wp-content\/uploads\/2023\/08\/0326576-Colher-de-Plastico-PP-Translucido-de-Gelado-95mm-REUSE-14x500g-Copia.jpg","datePublished":"2023-08-04T15:34:44+00:00","dateModified":"2023-08-04T15:39:41+00:00","description":"This product is suitable for reuse. It has been tested for use even after 10 washes in the dishwasher.","breadcrumb":{"@id":"https:\/\/www.barosa.com\/produto\/colher-de-plastico-pp-translucido-de-gelado-95mm-reuse\/#breadcrumb"},"inLanguage":"en-GB","potentialAction":[{"@type":"ReadAction","target":["https:\/\/www.barosa.com\/produto\/colher-de-plastico-pp-translucido-de-gelado-95mm-reuse\/"]}]},{"@type":"ImageObject","inLanguage":"en-GB","@id":"https:\/\/www.barosa.com\/produto\/colher-de-plastico-pp-translucido-de-gelado-95mm-reuse\/#primaryimage","url":"https:\/\/www.barosa.com\/wp-content\/uploads\/2023\/08\/0326576-Colher-de-Plastico-PP-Translucido-de-Gelado-95mm-REUSE-14x500g-Copia.jpg","contentUrl":"https:\/\/www.barosa.com\/wp-content\/uploads\/2023\/08\/0326576-Colher-de-Plastico-PP-Translucido-de-Gelado-95mm-REUSE-14x500g-Copia.jpg","width":1000,"height":1000,"caption":"Colher de Pl\u00e1stico PP Transl\u00facido de Gelado 95mm REUSE - 0326576"},{"@type":"BreadcrumbList","@id":"https:\/\/www.barosa.com\/produto\/colher-de-plastico-pp-translucido-de-gelado-95mm-reuse\/#breadcrumb","itemListElement":[{"@type":"ListItem","position":1,"name":"In\u00edcio","item":"https:\/\/www.barosa.com\/"},{"@type":"ListItem","position":2,"name":"Shop","item":"https:\/\/www.barosa.com\/shop\/"},{"@type":"ListItem","position":3,"name":"Colher de Pl\u00e1stico PP Transl\u00facido de Gelado 95mm REUSE"}]},{"@type":"WebSite","@id":"https:\/\/www.barosa.com\/#website","url":"https:\/\/www.barosa.com\/","name":"BAROSA Frozen Foods | Manuel de Sousa Barosa, Ltd.","description":"Company specialising in the processing and marketing of frozen food products. BAROSA \u00ae Seafood, \"No good fork can resist\u00ae\". BAROSA \u00ae FoodService \"The good side of food\u00ae\". Seafood Crustaceans Shellfish Cephalopods Bivalves Bakery Pastries Pizzas Desserts","publisher":{"@id":"https:\/\/www.barosa.com\/#organization"},"alternateName":"BAROSA\u00ae","potentialAction":[{"@type":"SearchAction","target":{"@type":"EntryPoint","urlTemplate":"https:\/\/www.barosa.com\/?s={search_term_string}"},"query-input":{"@type":"PropertyValueSpecification","valueRequired":true,"valueName":"search_term_string"}}],"inLanguage":"en-GB"},{"@type":"Organization","@id":"https:\/\/www.barosa.com\/#organization","name":"Manuel de Sousa Barosa, Ltd.","alternateName":"BAROSA","url":"https:\/\/www.barosa.com\/","logo":{"@type":"ImageObject","inLanguage":"en-GB","@id":"https:\/\/www.barosa.com\/#\/schema\/logo\/image\/","url":"https:\/\/www.barosa.com\/wp-content\/uploads\/2025\/03\/BAROSA-Logo-696x696-1.jpg","contentUrl":"https:\/\/www.barosa.com\/wp-content\/uploads\/2025\/03\/BAROSA-Logo-696x696-1.jpg","width":696,"height":696,"caption":"Manuel de Sousa Barosa, Lda."},"image":{"@id":"https:\/\/www.barosa.com\/#\/schema\/logo\/image\/"},"sameAs":["http:\/\/www.facebook.com\/barosa\/","https:\/\/x.com\/barosa_lda","https:\/\/www.instagram.com\/barosa_lda\/","https:\/\/pt.linkedin.com\/company\/barosa-lda"],"description":"Company specialising in the processing and marketing of frozen food products. BAROSA \u00ae Pescados, \"No good fork can resist\u00ae\". BAROSA \u00ae FoodService \"The good side of food!\u00ae\"","email":"info@barosa.com","telephone":"+351 262824403","legalName":"Manuel de Sousa Barosa, Lda.","foundingDate":"1975-05-21","vatID":"503365190","taxID":"503365190","duns":"452388713","numberOfEmployees":{"@type":"QuantitativeValue","minValue":"11","maxValue":"50"},"ethicsPolicy":"https:\/\/www.barosa.com\/politicaprivacidade\/"}]}},"_links":{"self":[{"href":"https:\/\/www.barosa.com\/en\/wp-json\/wp\/v2\/product\/9922","targetHints":{"allow":["GET"]}}],"collection":[{"href":"https:\/\/www.barosa.com\/en\/wp-json\/wp\/v2\/product"}],"about":[{"href":"https:\/\/www.barosa.com\/en\/wp-json\/wp\/v2\/types\/product"}],"wp:featuredmedia":[{"embeddable":true,"href":"https:\/\/www.barosa.com\/en\/wp-json\/wp\/v2\/media\/9921"}],"wp:attachment":[{"href":"https:\/\/www.barosa.com\/en\/wp-json\/wp\/v2\/media?parent=9922"}],"wp:term":[{"taxonomy":"product_brand","embeddable":true,"href":"https:\/\/www.barosa.com\/en\/wp-json\/wp\/v2\/product_brand?post=9922"},{"taxonomy":"product_cat","embeddable":true,"href":"https:\/\/www.barosa.com\/en\/wp-json\/wp\/v2\/product_cat?post=9922"},{"taxonomy":"product_tag","embeddable":true,"href":"https:\/\/www.barosa.com\/en\/wp-json\/wp\/v2\/product_tag?post=9922"}],"curies":[{"name":"wp","href":"https:\/\/api.w.org\/{rel}","templated":true}]}}