{"id":9244,"date":"2023-03-28T09:57:54","date_gmt":"2023-03-28T08:57:54","guid":{"rendered":"https:\/\/www.barosa.com\/?post_type=product&#038;p=9244"},"modified":"2025-12-26T14:12:06","modified_gmt":"2025-12-26T13:12:06","slug":"mini-pot-manga-120-ml-grom","status":"publish","type":"product","link":"https:\/\/www.barosa.com\/en\/produto\/mini-pot-manga-120-ml-grom\/","title":{"rendered":"Mini Pot Mango 120 ml | GROM"},"content":{"rendered":"","protected":false},"excerpt":{"rendered":"<p>Entre as flores brancas e rosadas est\u00e1 a manga: uma fruta rica em vitaminas, minerais e antioxidantes. Quer\u00edamos criar um sorvete que unisse a do\u00e7ura da manga indiana e o frescor da \u00e1gua das fontes Sparea\u00ae. Este v\u00f3rtice de sabor \u00e9 refrescante mesmo no dia mais quente de ver\u00e3o!<\/p>\n<p>Embalagem com 16 unidades de 120ml.<\/p>\n[bg_collapse view=\"link\" color=\"#4a4949\" expand_text=\"Mais informa\u00e7\u00f5es \u2193\" collapse_text=\"Esconder \u2191\" ]<\/p>\n<p><strong>MANGA<\/strong><br \/>\nDesde os tempos antigos, esta fruta foi apelidada de &#8220;alimento dos deuses&#8221; por sua bondade e poderes ben\u00e9ficos. Utilizamos frutas da variedade Alphonso. A fruta tem alta do\u00e7ura, \u00e9 rica em suco e capaz de deixar sem palavras at\u00e9 os mais c\u00e9ticos.<\/p>\n<p><strong>\u00c1GUA DE SPREA\u00ae SPRINGS<\/strong><br \/>\nSim, voc\u00ea leu corretamente. Assim como voc\u00ea, optamos por fazer nossos gelados e granita siciliana com \u00e1gua das nascentes &#8220;Sparea\u00ae&#8221;. Essa \u00e1gua nasce em um nicho \u00fanico nos Alpes piemonteses e \u00e9 extremamente leve e pura &#8211; ideal para acompanhar a fruta da fazenda org\u00e2nica, Mura Mura\u00ae. Somos um pouco loucos\u2026 mas certamente voc\u00ea pode sentir a diferen\u00e7a!<\/p>\n<p>[\/bg_collapse]\n<p>&nbsp;<\/p>\n<h4>Puro e aut\u00eantico gelado Italiano de fabrico artesanal<\/h4>\n<p><strong>Marca:<\/strong> GROM<\/p>\n<h6><em>Produto congelado<\/em><\/h6>\n","protected":false},"featured_media":9245,"template":"","meta":[],"product_brand":[771],"product_cat":[533],"product_tag":[],"class_list":{"0":"post-9244","1":"product","2":"type-product","3":"status-publish","4":"has-post-thumbnail","6":"product_brand-grom","7":"product_cat-gelados-grom","9":"first","10":"instock","11":"taxable","12":"shipping-taxable","13":"purchasable","14":"product-type-simple"},"yoast_head":"<!-- This site is optimized with the Yoast SEO Premium plugin v27.5 (Yoast SEO v27.5) - https:\/\/yoast.com\/product\/yoast-seo-premium-wordpress\/ -->\n<title>Mini Pot Manga 120 ml | GROM - BAROSA Congelados | Manuel de Sousa Barosa, Lda.<\/title>\n<meta name=\"description\" content=\"Entre as flores brancas e rosadas est\u00e1 a manga: uma fruta rica em vitaminas, minerais e antioxidantes.\" \/>\n<meta name=\"robots\" content=\"index, follow, max-snippet:-1, max-image-preview:large, max-video-preview:-1\" \/>\n<link rel=\"canonical\" href=\"https:\/\/www.barosa.com\/en\/product-2\/mini-pot-manga-120-ml-grom\/\" \/>\n<meta property=\"og:locale\" content=\"en_GB\" \/>\n<meta property=\"og:type\" content=\"article\" \/>\n<meta property=\"og:title\" content=\"Mini Pot Manga 120 ml | GROM\" \/>\n<meta property=\"og:description\" content=\"Entre as flores brancas e rosadas est\u00e1 a manga: uma fruta rica em vitaminas, minerais e antioxidantes.\" \/>\n<meta property=\"og:url\" content=\"https:\/\/www.barosa.com\/en\/product-2\/mini-pot-manga-120-ml-grom\/\" \/>\n<meta property=\"og:site_name\" content=\"BAROSA Congelados | Manuel de Sousa Barosa, Lda.\" \/>\n<meta property=\"article:publisher\" content=\"http:\/\/www.facebook.com\/barosa\/\" \/>\n<meta property=\"article:modified_time\" content=\"2025-12-26T13:12:06+00:00\" \/>\n<meta property=\"og:image\" content=\"https:\/\/www.barosa.com\/wp-content\/uploads\/2023\/03\/Mini-Pot-Manga-GROM-120-ml.jpg\" \/>\n\t<meta property=\"og:image:width\" content=\"868\" \/>\n\t<meta property=\"og:image:height\" content=\"868\" \/>\n\t<meta property=\"og:image:type\" content=\"image\/jpeg\" \/>\n<meta name=\"twitter:card\" content=\"summary_large_image\" \/>\n<meta name=\"twitter:site\" content=\"@barosa_lda\" \/>\n<meta name=\"twitter:label1\" content=\"Estimated reading time\" \/>\n\t<meta name=\"twitter:data1\" content=\"1 minute\" \/>\n<script type=\"application\/ld+json\" class=\"yoast-schema-graph\">{\"@context\":\"https:\\\/\\\/schema.org\",\"@graph\":[{\"@type\":\"WebPage\",\"@id\":\"https:\\\/\\\/www.barosa.com\\\/produto\\\/mini-pot-manga-120-ml-grom\\\/\",\"url\":\"https:\\\/\\\/www.barosa.com\\\/produto\\\/mini-pot-manga-120-ml-grom\\\/\",\"name\":\"Mini Pot Manga 120 ml | GROM - BAROSA Congelados | Manuel de Sousa Barosa, Lda.\",\"isPartOf\":{\"@id\":\"https:\\\/\\\/www.barosa.com\\\/#website\"},\"primaryImageOfPage\":{\"@id\":\"https:\\\/\\\/www.barosa.com\\\/produto\\\/mini-pot-manga-120-ml-grom\\\/#primaryimage\"},\"image\":{\"@id\":\"https:\\\/\\\/www.barosa.com\\\/produto\\\/mini-pot-manga-120-ml-grom\\\/#primaryimage\"},\"thumbnailUrl\":\"https:\\\/\\\/www.barosa.com\\\/wp-content\\\/uploads\\\/2023\\\/03\\\/Mini-Pot-Manga-GROM-120-ml.jpg\",\"datePublished\":\"2023-03-28T08:57:54+00:00\",\"dateModified\":\"2025-12-26T13:12:06+00:00\",\"description\":\"Entre as flores brancas e rosadas est\u00e1 a manga: uma fruta rica em vitaminas, minerais e antioxidantes.\",\"breadcrumb\":{\"@id\":\"https:\\\/\\\/www.barosa.com\\\/produto\\\/mini-pot-manga-120-ml-grom\\\/#breadcrumb\"},\"inLanguage\":\"en-GB\",\"potentialAction\":[{\"@type\":\"ReadAction\",\"target\":[\"https:\\\/\\\/www.barosa.com\\\/produto\\\/mini-pot-manga-120-ml-grom\\\/\"]}]},{\"@type\":\"ImageObject\",\"inLanguage\":\"en-GB\",\"@id\":\"https:\\\/\\\/www.barosa.com\\\/produto\\\/mini-pot-manga-120-ml-grom\\\/#primaryimage\",\"url\":\"https:\\\/\\\/www.barosa.com\\\/wp-content\\\/uploads\\\/2023\\\/03\\\/Mini-Pot-Manga-GROM-120-ml.jpg\",\"contentUrl\":\"https:\\\/\\\/www.barosa.com\\\/wp-content\\\/uploads\\\/2023\\\/03\\\/Mini-Pot-Manga-GROM-120-ml.jpg\",\"width\":868,\"height\":868,\"caption\":\"Mini Pot Manga GROM 120 ml\"},{\"@type\":\"BreadcrumbList\",\"@id\":\"https:\\\/\\\/www.barosa.com\\\/produto\\\/mini-pot-manga-120-ml-grom\\\/#breadcrumb\",\"itemListElement\":[{\"@type\":\"ListItem\",\"position\":1,\"name\":\"In\u00edcio\",\"item\":\"https:\\\/\\\/www.barosa.com\\\/\"},{\"@type\":\"ListItem\",\"position\":2,\"name\":\"Shop\",\"item\":\"https:\\\/\\\/www.barosa.com\\\/shop\\\/\"},{\"@type\":\"ListItem\",\"position\":3,\"name\":\"Mini Pot Manga 120 ml | GROM\"}]},{\"@type\":\"WebSite\",\"@id\":\"https:\\\/\\\/www.barosa.com\\\/#website\",\"url\":\"https:\\\/\\\/www.barosa.com\\\/\",\"name\":\"BAROSA Congelados | Manuel de Sousa Barosa, Lda.\",\"description\":\"Empresa de transforma\u00e7\u00e3o e comercializa\u00e7\u00e3o de produtos alimentares congelados. BAROSA \u00ae Pescados, &quot;N\u00e3o h\u00e1 bom garfo que resista\u00ae&quot;. BAROSA \u00ae FoodService &quot;O lado bom da comida\u00ae&quot;. Pescados Crust\u00e1ceos Mariscos Cefal\u00f3podes Bivalves Padaria Pastelaria Pizzas Sobremesas\",\"publisher\":{\"@id\":\"https:\\\/\\\/www.barosa.com\\\/#organization\"},\"alternateName\":\"BAROSA\u00ae\",\"potentialAction\":[{\"@type\":\"SearchAction\",\"target\":{\"@type\":\"EntryPoint\",\"urlTemplate\":\"https:\\\/\\\/www.barosa.com\\\/?s={search_term_string}\"},\"query-input\":{\"@type\":\"PropertyValueSpecification\",\"valueRequired\":true,\"valueName\":\"search_term_string\"}}],\"inLanguage\":\"en-GB\"},{\"@type\":\"Organization\",\"@id\":\"https:\\\/\\\/www.barosa.com\\\/#organization\",\"name\":\"Manuel de Sousa Barosa, Lda.\",\"alternateName\":\"BAROSA\",\"url\":\"https:\\\/\\\/www.barosa.com\\\/\",\"logo\":{\"@type\":\"ImageObject\",\"inLanguage\":\"en-GB\",\"@id\":\"https:\\\/\\\/www.barosa.com\\\/#\\\/schema\\\/logo\\\/image\\\/\",\"url\":\"https:\\\/\\\/www.barosa.com\\\/wp-content\\\/uploads\\\/2025\\\/03\\\/BAROSA-Logo-696x696-1.jpg\",\"contentUrl\":\"https:\\\/\\\/www.barosa.com\\\/wp-content\\\/uploads\\\/2025\\\/03\\\/BAROSA-Logo-696x696-1.jpg\",\"width\":696,\"height\":696,\"caption\":\"Manuel de Sousa Barosa, Lda.\"},\"image\":{\"@id\":\"https:\\\/\\\/www.barosa.com\\\/#\\\/schema\\\/logo\\\/image\\\/\"},\"sameAs\":[\"http:\\\/\\\/www.facebook.com\\\/barosa\\\/\",\"https:\\\/\\\/x.com\\\/barosa_lda\",\"https:\\\/\\\/www.instagram.com\\\/barosa_lda\\\/\",\"https:\\\/\\\/pt.linkedin.com\\\/company\\\/barosa-lda\"],\"description\":\"Empresa de transforma\u00e7\u00e3o e comercializa\u00e7\u00e3o de produtos alimentares congelados. BAROSA \u00ae Pescados, \\\"N\u00e3o h\u00e1 bom garfo que resista\u00ae\\\". BAROSA \u00ae FoodService \\\"O lado bom da comida!\u00ae\\\"\",\"email\":\"info@barosa.com\",\"telephone\":\"+351 262824403\",\"legalName\":\"Manuel de Sousa Barosa, Lda.\",\"foundingDate\":\"1975-05-21\",\"vatID\":\"503365190\",\"taxID\":\"503365190\",\"duns\":\"452388713\",\"numberOfEmployees\":{\"@type\":\"QuantitativeValue\",\"minValue\":\"11\",\"maxValue\":\"50\"},\"ethicsPolicy\":\"https:\\\/\\\/www.barosa.com\\\/politicaprivacidade\\\/\"}]}<\/script>\n<!-- \/ Yoast SEO Premium plugin. -->","yoast_head_json":{"title":"Mini Pot Mango 120 ml | GROM - BAROSA Congelados | Manuel de Sousa Barosa, Lda.","description":"Among the white and pink flowers is the mango: a fruit rich in vitamins, minerals and antioxidants.","robots":{"index":"index","follow":"follow","max-snippet":"max-snippet:-1","max-image-preview":"max-image-preview:large","max-video-preview":"max-video-preview:-1"},"canonical":"https:\/\/www.barosa.com\/en\/product-2\/mini-pot-manga-120-ml-grom\/","og_locale":"en_GB","og_type":"article","og_title":"Mini Pot Manga 120 ml | GROM","og_description":"Entre as flores brancas e rosadas est\u00e1 a manga: uma fruta rica em vitaminas, minerais e antioxidantes.","og_url":"https:\/\/www.barosa.com\/en\/product-2\/mini-pot-manga-120-ml-grom\/","og_site_name":"BAROSA Congelados | Manuel de Sousa Barosa, Lda.","article_publisher":"http:\/\/www.facebook.com\/barosa\/","article_modified_time":"2025-12-26T13:12:06+00:00","og_image":[{"width":868,"height":868,"url":"https:\/\/www.barosa.com\/wp-content\/uploads\/2023\/03\/Mini-Pot-Manga-GROM-120-ml.jpg","type":"image\/jpeg"}],"twitter_card":"summary_large_image","twitter_site":"@barosa_lda","twitter_misc":{"Estimated reading time":"1 minute"},"schema":{"@context":"https:\/\/schema.org","@graph":[{"@type":"WebPage","@id":"https:\/\/www.barosa.com\/produto\/mini-pot-manga-120-ml-grom\/","url":"https:\/\/www.barosa.com\/produto\/mini-pot-manga-120-ml-grom\/","name":"Mini Pot Mango 120 ml | GROM - BAROSA Congelados | Manuel de Sousa Barosa, Lda.","isPartOf":{"@id":"https:\/\/www.barosa.com\/#website"},"primaryImageOfPage":{"@id":"https:\/\/www.barosa.com\/produto\/mini-pot-manga-120-ml-grom\/#primaryimage"},"image":{"@id":"https:\/\/www.barosa.com\/produto\/mini-pot-manga-120-ml-grom\/#primaryimage"},"thumbnailUrl":"https:\/\/www.barosa.com\/wp-content\/uploads\/2023\/03\/Mini-Pot-Manga-GROM-120-ml.jpg","datePublished":"2023-03-28T08:57:54+00:00","dateModified":"2025-12-26T13:12:06+00:00","description":"Among the white and pink flowers is the mango: a fruit rich in vitamins, minerals and antioxidants.","breadcrumb":{"@id":"https:\/\/www.barosa.com\/produto\/mini-pot-manga-120-ml-grom\/#breadcrumb"},"inLanguage":"en-GB","potentialAction":[{"@type":"ReadAction","target":["https:\/\/www.barosa.com\/produto\/mini-pot-manga-120-ml-grom\/"]}]},{"@type":"ImageObject","inLanguage":"en-GB","@id":"https:\/\/www.barosa.com\/produto\/mini-pot-manga-120-ml-grom\/#primaryimage","url":"https:\/\/www.barosa.com\/wp-content\/uploads\/2023\/03\/Mini-Pot-Manga-GROM-120-ml.jpg","contentUrl":"https:\/\/www.barosa.com\/wp-content\/uploads\/2023\/03\/Mini-Pot-Manga-GROM-120-ml.jpg","width":868,"height":868,"caption":"Mini Pot Manga GROM 120 ml"},{"@type":"BreadcrumbList","@id":"https:\/\/www.barosa.com\/produto\/mini-pot-manga-120-ml-grom\/#breadcrumb","itemListElement":[{"@type":"ListItem","position":1,"name":"In\u00edcio","item":"https:\/\/www.barosa.com\/"},{"@type":"ListItem","position":2,"name":"Shop","item":"https:\/\/www.barosa.com\/shop\/"},{"@type":"ListItem","position":3,"name":"Mini Pot Manga 120 ml | GROM"}]},{"@type":"WebSite","@id":"https:\/\/www.barosa.com\/#website","url":"https:\/\/www.barosa.com\/","name":"BAROSA Frozen Foods | Manuel de Sousa Barosa, Ltd.","description":"Company specialising in the processing and marketing of frozen food products. BAROSA \u00ae Seafood, \"No good fork can resist\u00ae\". BAROSA \u00ae FoodService \"The good side of food\u00ae\". Seafood Crustaceans Shellfish Cephalopods Bivalves Bakery Pastries Pizzas Desserts","publisher":{"@id":"https:\/\/www.barosa.com\/#organization"},"alternateName":"BAROSA\u00ae","potentialAction":[{"@type":"SearchAction","target":{"@type":"EntryPoint","urlTemplate":"https:\/\/www.barosa.com\/?s={search_term_string}"},"query-input":{"@type":"PropertyValueSpecification","valueRequired":true,"valueName":"search_term_string"}}],"inLanguage":"en-GB"},{"@type":"Organization","@id":"https:\/\/www.barosa.com\/#organization","name":"Manuel de Sousa Barosa, Ltd.","alternateName":"BAROSA","url":"https:\/\/www.barosa.com\/","logo":{"@type":"ImageObject","inLanguage":"en-GB","@id":"https:\/\/www.barosa.com\/#\/schema\/logo\/image\/","url":"https:\/\/www.barosa.com\/wp-content\/uploads\/2025\/03\/BAROSA-Logo-696x696-1.jpg","contentUrl":"https:\/\/www.barosa.com\/wp-content\/uploads\/2025\/03\/BAROSA-Logo-696x696-1.jpg","width":696,"height":696,"caption":"Manuel de Sousa Barosa, Lda."},"image":{"@id":"https:\/\/www.barosa.com\/#\/schema\/logo\/image\/"},"sameAs":["http:\/\/www.facebook.com\/barosa\/","https:\/\/x.com\/barosa_lda","https:\/\/www.instagram.com\/barosa_lda\/","https:\/\/pt.linkedin.com\/company\/barosa-lda"],"description":"Company specialising in the processing and marketing of frozen food products. BAROSA \u00ae Pescados, \"No good fork can resist\u00ae\". BAROSA \u00ae FoodService \"The good side of food!\u00ae\"","email":"info@barosa.com","telephone":"+351 262824403","legalName":"Manuel de Sousa Barosa, Lda.","foundingDate":"1975-05-21","vatID":"503365190","taxID":"503365190","duns":"452388713","numberOfEmployees":{"@type":"QuantitativeValue","minValue":"11","maxValue":"50"},"ethicsPolicy":"https:\/\/www.barosa.com\/politicaprivacidade\/"}]}},"_links":{"self":[{"href":"https:\/\/www.barosa.com\/en\/wp-json\/wp\/v2\/product\/9244","targetHints":{"allow":["GET"]}}],"collection":[{"href":"https:\/\/www.barosa.com\/en\/wp-json\/wp\/v2\/product"}],"about":[{"href":"https:\/\/www.barosa.com\/en\/wp-json\/wp\/v2\/types\/product"}],"wp:featuredmedia":[{"embeddable":true,"href":"https:\/\/www.barosa.com\/en\/wp-json\/wp\/v2\/media\/9245"}],"wp:attachment":[{"href":"https:\/\/www.barosa.com\/en\/wp-json\/wp\/v2\/media?parent=9244"}],"wp:term":[{"taxonomy":"product_brand","embeddable":true,"href":"https:\/\/www.barosa.com\/en\/wp-json\/wp\/v2\/product_brand?post=9244"},{"taxonomy":"product_cat","embeddable":true,"href":"https:\/\/www.barosa.com\/en\/wp-json\/wp\/v2\/product_cat?post=9244"},{"taxonomy":"product_tag","embeddable":true,"href":"https:\/\/www.barosa.com\/en\/wp-json\/wp\/v2\/product_tag?post=9244"}],"curies":[{"name":"wp","href":"https:\/\/api.w.org\/{rel}","templated":true}]}}