{"id":7311,"date":"2022-03-29T22:46:16","date_gmt":"2022-03-29T21:46:16","guid":{"rendered":"https:\/\/www.barosa.com\/?post_type=product&#038;p=7311"},"modified":"2026-01-21T11:45:59","modified_gmt":"2026-01-21T10:45:59","slug":"lasanha-bolonhesa-receita-classica-300g-iglo","status":"publish","type":"product","link":"https:\/\/www.barosa.com\/en\/produto\/lasanha-bolonhesa-receita-classica-300g-iglo\/","title":{"rendered":"Lasanha Bolonhesa Receita Cl\u00e1ssica (300g) [Iglo]"},"content":{"rendered":"","protected":false},"excerpt":{"rendered":"<p>A tradi\u00e7\u00e3o italiana em sua casa. A Lasanha Bolonhesa da Iglo \u00e9 feita com base numa receita cl\u00e1ssica italiana, na qual usamos a melhor massa fresca e um delicioso recheio de molho bolonhesa de carne de vaca. Para preparar esta receita utilizamos os melhores ingredientes, sem qualquer adi\u00e7\u00e3o de corantes e aromas artificiais ou de intensificadores de sabor, apenas o saber da tradi\u00e7\u00e3o, para que possa desfrutar dos melhores pratos italianos em sua casa, a qualquer momento. Feita em It\u00e1lia.*<\/p>\n<p>&nbsp;<\/p>\n[bg_collapse view=\"link\" color=\"#4a4949\" icon=\"arrow\" expand_text=\"Modo de Prepara\u00e7\u00e3o\" collapse_text=\"Esconder\" ]<\/p>\n<h3>Modo de Prepara\u00e7\u00e3o<\/h3>\n<p>A Lasanha deve ser totalmente cozinhada antes de ser consumida. A Iglo aconselha a prepara\u00e7\u00e3o em forno convencional.<\/p>\n<p>&nbsp;<\/p>\n<p><img loading=\"lazy\" decoding=\"async\" class=\"size-full wp-image-6530\" src=\"https:\/\/www.barosa.com\/wp-content\/uploads\/2021\/11\/Forno.png\" alt=\"Forno\" width=\"30\" height=\"30\" srcset=\"https:\/\/www.barosa.com\/wp-content\/uploads\/2021\/11\/Forno.png 30w, https:\/\/www.barosa.com\/wp-content\/uploads\/2021\/11\/Forno-12x12.png 12w\" sizes=\"auto, (max-width: 30px) 100vw, 30px\" \/><\/p>\n<p>No Forno:<\/p>\n<p>Pr\u00e9-aque\u00e7a a 200\u00b0C. Sem descongelar, retire o pl\u00e1stico envolvente. Coloque num tabuleiro no meio do forno. Deixe cozinhar at\u00e9 gratinar, cerca de 30 minutos.<\/p>\n<h5>NOTA : Os tempos referidos s\u00e3o aproximados, dependendo do tipo de forno.<\/h5>\n<p>&nbsp;<\/p>\n<p><img loading=\"lazy\" decoding=\"async\" class=\"size-full wp-image-6533\" src=\"https:\/\/www.barosa.com\/wp-content\/uploads\/2021\/11\/Microondas.png\" alt=\"Micro-Ondas\" width=\"50\" height=\"50\" srcset=\"https:\/\/www.barosa.com\/wp-content\/uploads\/2021\/11\/Microondas.png 50w, https:\/\/www.barosa.com\/wp-content\/uploads\/2021\/11\/Microondas-12x12.png 12w\" sizes=\"auto, (max-width: 50px) 100vw, 50px\" \/><\/p>\n<p>No Micro-Ondas:<\/p>\n<p>Sem descongelar, retire o pl\u00e1stico envolvente do produto, coloque a Lasanha no centro do micro-ondas e tape com tampa adequada. Ligue o micro-ondas durante 7 minutos na pot\u00eancia m\u00e1xima (850W). Pode levar a gratinar a gosto.<\/p>\n<p>NOTA: Os tempos referidos s\u00e3o aproximados, dependendo da pot\u00eancia do seu micro-ondas.<\/p>\n<p>[\/bg_collapse]\n<p>&nbsp;<\/p>\n<p>Embalagem com 10 caixas de 320 grs.<\/p>\n<p><strong>Marca:<\/strong> Iglo<\/p>\n<h6><em>Produto congelado<\/em><\/h6>\n","protected":false},"featured_media":7312,"template":"","meta":[],"product_brand":[713],"product_cat":[216],"product_tag":[],"class_list":{"0":"post-7311","1":"product","2":"type-product","3":"status-publish","4":"has-post-thumbnail","6":"product_brand-iglo","7":"product_cat-snacks-embalados","9":"first","10":"instock","11":"taxable","12":"shipping-taxable","13":"purchasable","14":"product-type-simple"},"yoast_head":"<!-- This site is optimized with the Yoast SEO Premium plugin v27.4 (Yoast SEO v27.5) - https:\/\/yoast.com\/product\/yoast-seo-premium-wordpress\/ -->\n<title>Lasanha Bolonhesa Receita Cl\u00e1ssica (300g) [Iglo] - BAROSA Congelados | Manuel de Sousa Barosa, Lda.<\/title>\n<meta name=\"description\" content=\"A tradi\u00e7\u00e3o italiana em sua casa, feita com base numa receita cl\u00e1ssica italiana, na qual usamos a melhor massa fresca e um delicioso recheio de molho bolonhesa de carne de vaca.\" \/>\n<meta name=\"robots\" content=\"index, follow, max-snippet:-1, max-image-preview:large, max-video-preview:-1\" \/>\n<link rel=\"canonical\" href=\"https:\/\/www.barosa.com\/en\/product-2\/lasanha-bolonhesa-receita-classica-300g-iglo\/\" \/>\n<meta property=\"og:locale\" content=\"en_GB\" \/>\n<meta property=\"og:type\" content=\"article\" \/>\n<meta property=\"og:title\" content=\"Lasanha Bolonhesa Receita Cl\u00e1ssica (300g) [Iglo]\" \/>\n<meta property=\"og:description\" content=\"A tradi\u00e7\u00e3o italiana em sua casa, feita com base numa receita cl\u00e1ssica italiana, na qual usamos a melhor massa fresca e um delicioso recheio de molho bolonhesa de carne de vaca.\" \/>\n<meta property=\"og:url\" content=\"https:\/\/www.barosa.com\/en\/product-2\/lasanha-bolonhesa-receita-classica-300g-iglo\/\" \/>\n<meta property=\"og:site_name\" content=\"BAROSA Congelados | Manuel de Sousa Barosa, Lda.\" \/>\n<meta property=\"article:publisher\" content=\"http:\/\/www.facebook.com\/barosa\/\" \/>\n<meta property=\"article:modified_time\" content=\"2026-01-21T10:45:59+00:00\" \/>\n<meta property=\"og:image\" content=\"https:\/\/www.barosa.com\/wp-content\/uploads\/2022\/03\/Lasanha-Bolonhesa-Receita-Classica-300g-Iglo.jpg\" \/>\n\t<meta property=\"og:image:width\" content=\"480\" \/>\n\t<meta property=\"og:image:height\" content=\"480\" \/>\n\t<meta property=\"og:image:type\" content=\"image\/jpeg\" \/>\n<meta name=\"twitter:card\" content=\"summary_large_image\" \/>\n<meta name=\"twitter:site\" content=\"@barosa_lda\" \/>\n<meta name=\"twitter:label1\" content=\"Estimated reading time\" \/>\n\t<meta name=\"twitter:data1\" content=\"1 minute\" \/>\n<script type=\"application\/ld+json\" class=\"yoast-schema-graph\">{\"@context\":\"https:\\\/\\\/schema.org\",\"@graph\":[{\"@type\":\"WebPage\",\"@id\":\"https:\\\/\\\/www.barosa.com\\\/produto\\\/lasanha-bolonhesa-receita-classica-300g-iglo\\\/\",\"url\":\"https:\\\/\\\/www.barosa.com\\\/produto\\\/lasanha-bolonhesa-receita-classica-300g-iglo\\\/\",\"name\":\"Lasanha Bolonhesa Receita Cl\u00e1ssica (300g) [Iglo] - BAROSA Congelados | Manuel de Sousa Barosa, Lda.\",\"isPartOf\":{\"@id\":\"https:\\\/\\\/www.barosa.com\\\/#website\"},\"primaryImageOfPage\":{\"@id\":\"https:\\\/\\\/www.barosa.com\\\/produto\\\/lasanha-bolonhesa-receita-classica-300g-iglo\\\/#primaryimage\"},\"image\":{\"@id\":\"https:\\\/\\\/www.barosa.com\\\/produto\\\/lasanha-bolonhesa-receita-classica-300g-iglo\\\/#primaryimage\"},\"thumbnailUrl\":\"https:\\\/\\\/www.barosa.com\\\/wp-content\\\/uploads\\\/2022\\\/03\\\/Lasanha-Bolonhesa-Receita-Classica-300g-Iglo.jpg\",\"datePublished\":\"2022-03-29T21:46:16+00:00\",\"dateModified\":\"2026-01-21T10:45:59+00:00\",\"description\":\"A tradi\u00e7\u00e3o italiana em sua casa, feita com base numa receita cl\u00e1ssica italiana, na qual usamos a melhor massa fresca e um delicioso recheio de molho bolonhesa de carne de vaca.\",\"breadcrumb\":{\"@id\":\"https:\\\/\\\/www.barosa.com\\\/produto\\\/lasanha-bolonhesa-receita-classica-300g-iglo\\\/#breadcrumb\"},\"inLanguage\":\"en-GB\",\"potentialAction\":[{\"@type\":\"ReadAction\",\"target\":[\"https:\\\/\\\/www.barosa.com\\\/produto\\\/lasanha-bolonhesa-receita-classica-300g-iglo\\\/\"]}]},{\"@type\":\"ImageObject\",\"inLanguage\":\"en-GB\",\"@id\":\"https:\\\/\\\/www.barosa.com\\\/produto\\\/lasanha-bolonhesa-receita-classica-300g-iglo\\\/#primaryimage\",\"url\":\"https:\\\/\\\/www.barosa.com\\\/wp-content\\\/uploads\\\/2022\\\/03\\\/Lasanha-Bolonhesa-Receita-Classica-300g-Iglo.jpg\",\"contentUrl\":\"https:\\\/\\\/www.barosa.com\\\/wp-content\\\/uploads\\\/2022\\\/03\\\/Lasanha-Bolonhesa-Receita-Classica-300g-Iglo.jpg\",\"width\":480,\"height\":480,\"caption\":\"Lasanha Bolonhesa Receita Cl\u00e1ssica (300g) [Iglo]\"},{\"@type\":\"BreadcrumbList\",\"@id\":\"https:\\\/\\\/www.barosa.com\\\/produto\\\/lasanha-bolonhesa-receita-classica-300g-iglo\\\/#breadcrumb\",\"itemListElement\":[{\"@type\":\"ListItem\",\"position\":1,\"name\":\"In\u00edcio\",\"item\":\"https:\\\/\\\/www.barosa.com\\\/\"},{\"@type\":\"ListItem\",\"position\":2,\"name\":\"Shop\",\"item\":\"https:\\\/\\\/www.barosa.com\\\/shop\\\/\"},{\"@type\":\"ListItem\",\"position\":3,\"name\":\"Lasanha Bolonhesa Receita Cl\u00e1ssica (300g) [Iglo]\"}]},{\"@type\":\"WebSite\",\"@id\":\"https:\\\/\\\/www.barosa.com\\\/#website\",\"url\":\"https:\\\/\\\/www.barosa.com\\\/\",\"name\":\"BAROSA Congelados | Manuel de Sousa Barosa, Lda.\",\"description\":\"Empresa de transforma\u00e7\u00e3o e comercializa\u00e7\u00e3o de produtos alimentares congelados. BAROSA \u00ae Pescados, &quot;N\u00e3o h\u00e1 bom garfo que resista\u00ae&quot;. BAROSA \u00ae FoodService &quot;O lado bom da comida\u00ae&quot;. Pescados Crust\u00e1ceos Mariscos Cefal\u00f3podes Bivalves Padaria Pastelaria Pizzas Sobremesas\",\"publisher\":{\"@id\":\"https:\\\/\\\/www.barosa.com\\\/#organization\"},\"alternateName\":\"BAROSA\u00ae\",\"potentialAction\":[{\"@type\":\"SearchAction\",\"target\":{\"@type\":\"EntryPoint\",\"urlTemplate\":\"https:\\\/\\\/www.barosa.com\\\/?s={search_term_string}\"},\"query-input\":{\"@type\":\"PropertyValueSpecification\",\"valueRequired\":true,\"valueName\":\"search_term_string\"}}],\"inLanguage\":\"en-GB\"},{\"@type\":\"Organization\",\"@id\":\"https:\\\/\\\/www.barosa.com\\\/#organization\",\"name\":\"Manuel de Sousa Barosa, Lda.\",\"alternateName\":\"BAROSA\",\"url\":\"https:\\\/\\\/www.barosa.com\\\/\",\"logo\":{\"@type\":\"ImageObject\",\"inLanguage\":\"en-GB\",\"@id\":\"https:\\\/\\\/www.barosa.com\\\/#\\\/schema\\\/logo\\\/image\\\/\",\"url\":\"https:\\\/\\\/www.barosa.com\\\/wp-content\\\/uploads\\\/2025\\\/03\\\/BAROSA-Logo-696x696-1.jpg\",\"contentUrl\":\"https:\\\/\\\/www.barosa.com\\\/wp-content\\\/uploads\\\/2025\\\/03\\\/BAROSA-Logo-696x696-1.jpg\",\"width\":696,\"height\":696,\"caption\":\"Manuel de Sousa Barosa, Lda.\"},\"image\":{\"@id\":\"https:\\\/\\\/www.barosa.com\\\/#\\\/schema\\\/logo\\\/image\\\/\"},\"sameAs\":[\"http:\\\/\\\/www.facebook.com\\\/barosa\\\/\",\"https:\\\/\\\/x.com\\\/barosa_lda\",\"https:\\\/\\\/www.instagram.com\\\/barosa_lda\\\/\",\"https:\\\/\\\/pt.linkedin.com\\\/company\\\/barosa-lda\"],\"description\":\"Empresa de transforma\u00e7\u00e3o e comercializa\u00e7\u00e3o de produtos alimentares congelados. BAROSA \u00ae Pescados, \\\"N\u00e3o h\u00e1 bom garfo que resista\u00ae\\\". BAROSA \u00ae FoodService \\\"O lado bom da comida!\u00ae\\\"\",\"email\":\"info@barosa.com\",\"telephone\":\"+351 262824403\",\"legalName\":\"Manuel de Sousa Barosa, Lda.\",\"foundingDate\":\"1975-05-21\",\"vatID\":\"503365190\",\"taxID\":\"503365190\",\"duns\":\"452388713\",\"numberOfEmployees\":{\"@type\":\"QuantitativeValue\",\"minValue\":\"11\",\"maxValue\":\"50\"},\"ethicsPolicy\":\"https:\\\/\\\/www.barosa.com\\\/politicaprivacidade\\\/\"}]}<\/script>\n<!-- \/ Yoast SEO Premium plugin. -->","yoast_head_json":{"title":"Lasanha Bolonhesa Receita Cl\u00e1ssica (300g) [Iglo] - BAROSA Congelados | Manuel de Sousa Barosa, Lda.","description":"Italian tradition at home, based on a classic Italian recipe, in which we use the best fresh pasta and a delicious filling of beef Bolognese sauce.","robots":{"index":"index","follow":"follow","max-snippet":"max-snippet:-1","max-image-preview":"max-image-preview:large","max-video-preview":"max-video-preview:-1"},"canonical":"https:\/\/www.barosa.com\/en\/product-2\/lasanha-bolonhesa-receita-classica-300g-iglo\/","og_locale":"en_GB","og_type":"article","og_title":"Lasanha Bolonhesa Receita Cl\u00e1ssica (300g) [Iglo]","og_description":"A tradi\u00e7\u00e3o italiana em sua casa, feita com base numa receita cl\u00e1ssica italiana, na qual usamos a melhor massa fresca e um delicioso recheio de molho bolonhesa de carne de vaca.","og_url":"https:\/\/www.barosa.com\/en\/product-2\/lasanha-bolonhesa-receita-classica-300g-iglo\/","og_site_name":"BAROSA Congelados | Manuel de Sousa Barosa, Lda.","article_publisher":"http:\/\/www.facebook.com\/barosa\/","article_modified_time":"2026-01-21T10:45:59+00:00","og_image":[{"width":480,"height":480,"url":"https:\/\/www.barosa.com\/wp-content\/uploads\/2022\/03\/Lasanha-Bolonhesa-Receita-Classica-300g-Iglo.jpg","type":"image\/jpeg"}],"twitter_card":"summary_large_image","twitter_site":"@barosa_lda","twitter_misc":{"Estimated reading time":"1 minute"},"schema":{"@context":"https:\/\/schema.org","@graph":[{"@type":"WebPage","@id":"https:\/\/www.barosa.com\/produto\/lasanha-bolonhesa-receita-classica-300g-iglo\/","url":"https:\/\/www.barosa.com\/produto\/lasanha-bolonhesa-receita-classica-300g-iglo\/","name":"Lasanha Bolonhesa Receita Cl\u00e1ssica (300g) [Iglo] - BAROSA Congelados | Manuel de Sousa Barosa, Lda.","isPartOf":{"@id":"https:\/\/www.barosa.com\/#website"},"primaryImageOfPage":{"@id":"https:\/\/www.barosa.com\/produto\/lasanha-bolonhesa-receita-classica-300g-iglo\/#primaryimage"},"image":{"@id":"https:\/\/www.barosa.com\/produto\/lasanha-bolonhesa-receita-classica-300g-iglo\/#primaryimage"},"thumbnailUrl":"https:\/\/www.barosa.com\/wp-content\/uploads\/2022\/03\/Lasanha-Bolonhesa-Receita-Classica-300g-Iglo.jpg","datePublished":"2022-03-29T21:46:16+00:00","dateModified":"2026-01-21T10:45:59+00:00","description":"Italian tradition at home, based on a classic Italian recipe, in which we use the best fresh pasta and a delicious filling of beef Bolognese sauce.","breadcrumb":{"@id":"https:\/\/www.barosa.com\/produto\/lasanha-bolonhesa-receita-classica-300g-iglo\/#breadcrumb"},"inLanguage":"en-GB","potentialAction":[{"@type":"ReadAction","target":["https:\/\/www.barosa.com\/produto\/lasanha-bolonhesa-receita-classica-300g-iglo\/"]}]},{"@type":"ImageObject","inLanguage":"en-GB","@id":"https:\/\/www.barosa.com\/produto\/lasanha-bolonhesa-receita-classica-300g-iglo\/#primaryimage","url":"https:\/\/www.barosa.com\/wp-content\/uploads\/2022\/03\/Lasanha-Bolonhesa-Receita-Classica-300g-Iglo.jpg","contentUrl":"https:\/\/www.barosa.com\/wp-content\/uploads\/2022\/03\/Lasanha-Bolonhesa-Receita-Classica-300g-Iglo.jpg","width":480,"height":480,"caption":"Lasanha Bolonhesa Receita Cl\u00e1ssica (300g) [Iglo]"},{"@type":"BreadcrumbList","@id":"https:\/\/www.barosa.com\/produto\/lasanha-bolonhesa-receita-classica-300g-iglo\/#breadcrumb","itemListElement":[{"@type":"ListItem","position":1,"name":"In\u00edcio","item":"https:\/\/www.barosa.com\/"},{"@type":"ListItem","position":2,"name":"Shop","item":"https:\/\/www.barosa.com\/shop\/"},{"@type":"ListItem","position":3,"name":"Lasanha Bolonhesa Receita Cl\u00e1ssica (300g) [Iglo]"}]},{"@type":"WebSite","@id":"https:\/\/www.barosa.com\/#website","url":"https:\/\/www.barosa.com\/","name":"BAROSA Frozen Foods | Manuel de Sousa Barosa, Ltd.","description":"Company specialising in the processing and marketing of frozen food products. BAROSA \u00ae Seafood, \"No good fork can resist\u00ae\". BAROSA \u00ae FoodService \"The good side of food\u00ae\". Seafood Crustaceans Shellfish Cephalopods Bivalves Bakery Pastries Pizzas Desserts","publisher":{"@id":"https:\/\/www.barosa.com\/#organization"},"alternateName":"BAROSA\u00ae","potentialAction":[{"@type":"SearchAction","target":{"@type":"EntryPoint","urlTemplate":"https:\/\/www.barosa.com\/?s={search_term_string}"},"query-input":{"@type":"PropertyValueSpecification","valueRequired":true,"valueName":"search_term_string"}}],"inLanguage":"en-GB"},{"@type":"Organization","@id":"https:\/\/www.barosa.com\/#organization","name":"Manuel de Sousa Barosa, Ltd.","alternateName":"BAROSA","url":"https:\/\/www.barosa.com\/","logo":{"@type":"ImageObject","inLanguage":"en-GB","@id":"https:\/\/www.barosa.com\/#\/schema\/logo\/image\/","url":"https:\/\/www.barosa.com\/wp-content\/uploads\/2025\/03\/BAROSA-Logo-696x696-1.jpg","contentUrl":"https:\/\/www.barosa.com\/wp-content\/uploads\/2025\/03\/BAROSA-Logo-696x696-1.jpg","width":696,"height":696,"caption":"Manuel de Sousa Barosa, Lda."},"image":{"@id":"https:\/\/www.barosa.com\/#\/schema\/logo\/image\/"},"sameAs":["http:\/\/www.facebook.com\/barosa\/","https:\/\/x.com\/barosa_lda","https:\/\/www.instagram.com\/barosa_lda\/","https:\/\/pt.linkedin.com\/company\/barosa-lda"],"description":"Company specialising in the processing and marketing of frozen food products. BAROSA \u00ae Pescados, \"No good fork can resist\u00ae\". BAROSA \u00ae FoodService \"The good side of food!\u00ae\"","email":"info@barosa.com","telephone":"+351 262824403","legalName":"Manuel de Sousa Barosa, Lda.","foundingDate":"1975-05-21","vatID":"503365190","taxID":"503365190","duns":"452388713","numberOfEmployees":{"@type":"QuantitativeValue","minValue":"11","maxValue":"50"},"ethicsPolicy":"https:\/\/www.barosa.com\/politicaprivacidade\/"}]}},"_links":{"self":[{"href":"https:\/\/www.barosa.com\/en\/wp-json\/wp\/v2\/product\/7311","targetHints":{"allow":["GET"]}}],"collection":[{"href":"https:\/\/www.barosa.com\/en\/wp-json\/wp\/v2\/product"}],"about":[{"href":"https:\/\/www.barosa.com\/en\/wp-json\/wp\/v2\/types\/product"}],"wp:featuredmedia":[{"embeddable":true,"href":"https:\/\/www.barosa.com\/en\/wp-json\/wp\/v2\/media\/7312"}],"wp:attachment":[{"href":"https:\/\/www.barosa.com\/en\/wp-json\/wp\/v2\/media?parent=7311"}],"wp:term":[{"taxonomy":"product_brand","embeddable":true,"href":"https:\/\/www.barosa.com\/en\/wp-json\/wp\/v2\/product_brand?post=7311"},{"taxonomy":"product_cat","embeddable":true,"href":"https:\/\/www.barosa.com\/en\/wp-json\/wp\/v2\/product_cat?post=7311"},{"taxonomy":"product_tag","embeddable":true,"href":"https:\/\/www.barosa.com\/en\/wp-json\/wp\/v2\/product_tag?post=7311"}],"curies":[{"name":"wp","href":"https:\/\/api.w.org\/{rel}","templated":true}]}}