{"id":7181,"date":"2022-03-23T20:52:55","date_gmt":"2022-03-23T19:52:55","guid":{"rendered":"https:\/\/www.barosa.com\/?post_type=product&#038;p=7181"},"modified":"2025-12-26T14:12:48","modified_gmt":"2025-12-26T13:12:48","slug":"mini-pot-pistacchio-120-ml-grom","status":"publish","type":"product","link":"https:\/\/www.barosa.com\/en\/produto\/mini-pot-pistacchio-120-ml-grom\/","title":{"rendered":"Mini Pot Pistacchio 120 ML | GROM"},"content":{"rendered":"","protected":false},"excerpt":{"rendered":"<p>Nossos pistaches Mawardi e Perfect Green v\u00eam principalmente da terra de origem desta fruta antiga, colhidas e selecionadas cuidadosamente por seu aroma e cor, depois mo\u00eddas para colar para produzir um gelado de sabor \u00fanico. N\u00e3o para por a\u00ed, mais pistaches s\u00e3o caramelizados e picados para lhe dar a experi\u00eancia completa de pistache que todo amante de pistache merece!<\/p>\n<p>Pack of 16 units of 120ml.<\/p>\n<h4>Pure, authentic handmade Italian ice cream<\/h4>\n<p><strong>Brand:<\/strong> GROM<\/p>\n<h6><em>Frozen product<\/em><\/h6>","protected":false},"featured_media":9251,"template":"","meta":[],"product_brand":[771],"product_cat":[533],"product_tag":[],"class_list":{"0":"post-7181","1":"product","2":"type-product","3":"status-publish","4":"has-post-thumbnail","6":"product_brand-grom","7":"product_cat-gelados-grom","9":"first","10":"instock","11":"taxable","12":"shipping-taxable","13":"purchasable","14":"product-type-simple"},"yoast_head":"<!-- This site is optimized with the Yoast SEO Premium plugin v27.5 (Yoast SEO v27.5) - https:\/\/yoast.com\/product\/yoast-seo-premium-wordpress\/ -->\n<title>Mini Pot Pistacchio 120 ML | GROM - BAROSA Congelados | Manuel de Sousa Barosa, Lda.<\/title>\n<meta name=\"description\" content=\"Nossos pistaches Mawardi e Perfect Green v\u00eam principalmente da terra de origem desta fruta antiga, colhidas e selecionadas cuidadosamente por seu aroma e cor, depois mo\u00eddas para colar para produzir um gelado de sabor \u00fanico.\" \/>\n<meta name=\"robots\" content=\"index, follow, max-snippet:-1, max-image-preview:large, max-video-preview:-1\" \/>\n<link rel=\"canonical\" href=\"https:\/\/www.barosa.com\/en\/product-2\/mini-pot-pistacchio-120-ml-grom\/\" \/>\n<meta property=\"og:locale\" content=\"en_GB\" \/>\n<meta property=\"og:type\" content=\"article\" \/>\n<meta property=\"og:title\" content=\"Mini Pot Pistacchio 120 ML | GROM\" \/>\n<meta property=\"og:description\" content=\"Nossos pistaches Mawardi e Perfect Green v\u00eam principalmente da terra de origem desta fruta antiga, colhidas e selecionadas cuidadosamente por seu aroma e cor, depois mo\u00eddas para colar para produzir um gelado de sabor \u00fanico.\" \/>\n<meta property=\"og:url\" content=\"https:\/\/www.barosa.com\/en\/product-2\/mini-pot-pistacchio-120-ml-grom\/\" \/>\n<meta property=\"og:site_name\" content=\"BAROSA Congelados | Manuel de Sousa Barosa, Lda.\" \/>\n<meta property=\"article:publisher\" content=\"http:\/\/www.facebook.com\/barosa\/\" \/>\n<meta property=\"article:modified_time\" content=\"2025-12-26T13:12:48+00:00\" \/>\n<meta property=\"og:image\" content=\"https:\/\/www.barosa.com\/wp-content\/uploads\/2023\/03\/GROM-Mini-Pot-Pistachio-2023.jpg\" \/>\n\t<meta property=\"og:image:width\" content=\"1000\" \/>\n\t<meta property=\"og:image:height\" content=\"1000\" \/>\n\t<meta property=\"og:image:type\" content=\"image\/jpeg\" \/>\n<meta name=\"twitter:card\" content=\"summary_large_image\" \/>\n<meta name=\"twitter:site\" content=\"@barosa_lda\" \/>\n<script type=\"application\/ld+json\" class=\"yoast-schema-graph\">{\"@context\":\"https:\\\/\\\/schema.org\",\"@graph\":[{\"@type\":\"WebPage\",\"@id\":\"https:\\\/\\\/www.barosa.com\\\/produto\\\/mini-pot-pistacchio-120-ml-grom\\\/\",\"url\":\"https:\\\/\\\/www.barosa.com\\\/produto\\\/mini-pot-pistacchio-120-ml-grom\\\/\",\"name\":\"Mini Pot Pistacchio 120 ML | GROM - BAROSA Congelados | Manuel de Sousa Barosa, Lda.\",\"isPartOf\":{\"@id\":\"https:\\\/\\\/www.barosa.com\\\/#website\"},\"primaryImageOfPage\":{\"@id\":\"https:\\\/\\\/www.barosa.com\\\/produto\\\/mini-pot-pistacchio-120-ml-grom\\\/#primaryimage\"},\"image\":{\"@id\":\"https:\\\/\\\/www.barosa.com\\\/produto\\\/mini-pot-pistacchio-120-ml-grom\\\/#primaryimage\"},\"thumbnailUrl\":\"https:\\\/\\\/www.barosa.com\\\/wp-content\\\/uploads\\\/2023\\\/03\\\/GROM-Mini-Pot-Pistachio-2023.jpg\",\"datePublished\":\"2022-03-23T19:52:55+00:00\",\"dateModified\":\"2025-12-26T13:12:48+00:00\",\"description\":\"Nossos pistaches Mawardi e Perfect Green v\u00eam principalmente da terra de origem desta fruta antiga, colhidas e selecionadas cuidadosamente por seu aroma e cor, depois mo\u00eddas para colar para produzir um gelado de sabor \u00fanico.\",\"breadcrumb\":{\"@id\":\"https:\\\/\\\/www.barosa.com\\\/produto\\\/mini-pot-pistacchio-120-ml-grom\\\/#breadcrumb\"},\"inLanguage\":\"en-GB\",\"potentialAction\":[{\"@type\":\"ReadAction\",\"target\":[\"https:\\\/\\\/www.barosa.com\\\/produto\\\/mini-pot-pistacchio-120-ml-grom\\\/\"]}]},{\"@type\":\"ImageObject\",\"inLanguage\":\"en-GB\",\"@id\":\"https:\\\/\\\/www.barosa.com\\\/produto\\\/mini-pot-pistacchio-120-ml-grom\\\/#primaryimage\",\"url\":\"https:\\\/\\\/www.barosa.com\\\/wp-content\\\/uploads\\\/2023\\\/03\\\/GROM-Mini-Pot-Pistachio-2023.jpg\",\"contentUrl\":\"https:\\\/\\\/www.barosa.com\\\/wp-content\\\/uploads\\\/2023\\\/03\\\/GROM-Mini-Pot-Pistachio-2023.jpg\",\"width\":1000,\"height\":1000,\"caption\":\"GROM Mini Pot Pistachio 120 ml\"},{\"@type\":\"BreadcrumbList\",\"@id\":\"https:\\\/\\\/www.barosa.com\\\/produto\\\/mini-pot-pistacchio-120-ml-grom\\\/#breadcrumb\",\"itemListElement\":[{\"@type\":\"ListItem\",\"position\":1,\"name\":\"In\u00edcio\",\"item\":\"https:\\\/\\\/www.barosa.com\\\/\"},{\"@type\":\"ListItem\",\"position\":2,\"name\":\"Shop\",\"item\":\"https:\\\/\\\/www.barosa.com\\\/shop\\\/\"},{\"@type\":\"ListItem\",\"position\":3,\"name\":\"Mini Pot Pistacchio 120 ML | GROM\"}]},{\"@type\":\"WebSite\",\"@id\":\"https:\\\/\\\/www.barosa.com\\\/#website\",\"url\":\"https:\\\/\\\/www.barosa.com\\\/\",\"name\":\"BAROSA Congelados | Manuel de Sousa Barosa, Lda.\",\"description\":\"Empresa de transforma\u00e7\u00e3o e comercializa\u00e7\u00e3o de produtos alimentares congelados. BAROSA \u00ae Pescados, &quot;N\u00e3o h\u00e1 bom garfo que resista\u00ae&quot;. BAROSA \u00ae FoodService &quot;O lado bom da comida\u00ae&quot;. Pescados Crust\u00e1ceos Mariscos Cefal\u00f3podes Bivalves Padaria Pastelaria Pizzas Sobremesas\",\"publisher\":{\"@id\":\"https:\\\/\\\/www.barosa.com\\\/#organization\"},\"alternateName\":\"BAROSA\u00ae\",\"potentialAction\":[{\"@type\":\"SearchAction\",\"target\":{\"@type\":\"EntryPoint\",\"urlTemplate\":\"https:\\\/\\\/www.barosa.com\\\/?s={search_term_string}\"},\"query-input\":{\"@type\":\"PropertyValueSpecification\",\"valueRequired\":true,\"valueName\":\"search_term_string\"}}],\"inLanguage\":\"en-GB\"},{\"@type\":\"Organization\",\"@id\":\"https:\\\/\\\/www.barosa.com\\\/#organization\",\"name\":\"Manuel de Sousa Barosa, Lda.\",\"alternateName\":\"BAROSA\",\"url\":\"https:\\\/\\\/www.barosa.com\\\/\",\"logo\":{\"@type\":\"ImageObject\",\"inLanguage\":\"en-GB\",\"@id\":\"https:\\\/\\\/www.barosa.com\\\/#\\\/schema\\\/logo\\\/image\\\/\",\"url\":\"https:\\\/\\\/www.barosa.com\\\/wp-content\\\/uploads\\\/2025\\\/03\\\/BAROSA-Logo-696x696-1.jpg\",\"contentUrl\":\"https:\\\/\\\/www.barosa.com\\\/wp-content\\\/uploads\\\/2025\\\/03\\\/BAROSA-Logo-696x696-1.jpg\",\"width\":696,\"height\":696,\"caption\":\"Manuel de Sousa Barosa, Lda.\"},\"image\":{\"@id\":\"https:\\\/\\\/www.barosa.com\\\/#\\\/schema\\\/logo\\\/image\\\/\"},\"sameAs\":[\"http:\\\/\\\/www.facebook.com\\\/barosa\\\/\",\"https:\\\/\\\/x.com\\\/barosa_lda\",\"https:\\\/\\\/www.instagram.com\\\/barosa_lda\\\/\",\"https:\\\/\\\/pt.linkedin.com\\\/company\\\/barosa-lda\"],\"description\":\"Empresa de transforma\u00e7\u00e3o e comercializa\u00e7\u00e3o de produtos alimentares congelados. BAROSA \u00ae Pescados, \\\"N\u00e3o h\u00e1 bom garfo que resista\u00ae\\\". BAROSA \u00ae FoodService \\\"O lado bom da comida!\u00ae\\\"\",\"email\":\"info@barosa.com\",\"telephone\":\"+351 262824403\",\"legalName\":\"Manuel de Sousa Barosa, Lda.\",\"foundingDate\":\"1975-05-21\",\"vatID\":\"503365190\",\"taxID\":\"503365190\",\"duns\":\"452388713\",\"numberOfEmployees\":{\"@type\":\"QuantitativeValue\",\"minValue\":\"11\",\"maxValue\":\"50\"},\"ethicsPolicy\":\"https:\\\/\\\/www.barosa.com\\\/politicaprivacidade\\\/\"}]}<\/script>\n<!-- \/ Yoast SEO Premium plugin. -->","yoast_head_json":{"title":"Mini Pot Pistacchio 120 ML | GROM - BAROSA Congelados | Manuel de Sousa Barosa, Lda.","description":"Nossos pistaches Mawardi e Perfect Green v\u00eam principalmente da terra de origem desta fruta antiga, colhidas e selecionadas cuidadosamente por seu aroma e cor, depois mo\u00eddas para colar para produzir um gelado de sabor \u00fanico.","robots":{"index":"index","follow":"follow","max-snippet":"max-snippet:-1","max-image-preview":"max-image-preview:large","max-video-preview":"max-video-preview:-1"},"canonical":"https:\/\/www.barosa.com\/en\/product-2\/mini-pot-pistacchio-120-ml-grom\/","og_locale":"en_GB","og_type":"article","og_title":"Mini Pot Pistacchio 120 ML | GROM","og_description":"Nossos pistaches Mawardi e Perfect Green v\u00eam principalmente da terra de origem desta fruta antiga, colhidas e selecionadas cuidadosamente por seu aroma e cor, depois mo\u00eddas para colar para produzir um gelado de sabor \u00fanico.","og_url":"https:\/\/www.barosa.com\/en\/product-2\/mini-pot-pistacchio-120-ml-grom\/","og_site_name":"BAROSA Congelados | Manuel de Sousa Barosa, Lda.","article_publisher":"http:\/\/www.facebook.com\/barosa\/","article_modified_time":"2025-12-26T13:12:48+00:00","og_image":[{"width":1000,"height":1000,"url":"https:\/\/www.barosa.com\/wp-content\/uploads\/2023\/03\/GROM-Mini-Pot-Pistachio-2023.jpg","type":"image\/jpeg"}],"twitter_card":"summary_large_image","twitter_site":"@barosa_lda","schema":{"@context":"https:\/\/schema.org","@graph":[{"@type":"WebPage","@id":"https:\/\/www.barosa.com\/produto\/mini-pot-pistacchio-120-ml-grom\/","url":"https:\/\/www.barosa.com\/produto\/mini-pot-pistacchio-120-ml-grom\/","name":"Mini Pot Pistacchio 120 ML | GROM - BAROSA Congelados | Manuel de Sousa Barosa, Lda.","isPartOf":{"@id":"https:\/\/www.barosa.com\/#website"},"primaryImageOfPage":{"@id":"https:\/\/www.barosa.com\/produto\/mini-pot-pistacchio-120-ml-grom\/#primaryimage"},"image":{"@id":"https:\/\/www.barosa.com\/produto\/mini-pot-pistacchio-120-ml-grom\/#primaryimage"},"thumbnailUrl":"https:\/\/www.barosa.com\/wp-content\/uploads\/2023\/03\/GROM-Mini-Pot-Pistachio-2023.jpg","datePublished":"2022-03-23T19:52:55+00:00","dateModified":"2025-12-26T13:12:48+00:00","description":"Nossos pistaches Mawardi e Perfect Green v\u00eam principalmente da terra de origem desta fruta antiga, colhidas e selecionadas cuidadosamente por seu aroma e cor, depois mo\u00eddas para colar para produzir um gelado de sabor \u00fanico.","breadcrumb":{"@id":"https:\/\/www.barosa.com\/produto\/mini-pot-pistacchio-120-ml-grom\/#breadcrumb"},"inLanguage":"en-GB","potentialAction":[{"@type":"ReadAction","target":["https:\/\/www.barosa.com\/produto\/mini-pot-pistacchio-120-ml-grom\/"]}]},{"@type":"ImageObject","inLanguage":"en-GB","@id":"https:\/\/www.barosa.com\/produto\/mini-pot-pistacchio-120-ml-grom\/#primaryimage","url":"https:\/\/www.barosa.com\/wp-content\/uploads\/2023\/03\/GROM-Mini-Pot-Pistachio-2023.jpg","contentUrl":"https:\/\/www.barosa.com\/wp-content\/uploads\/2023\/03\/GROM-Mini-Pot-Pistachio-2023.jpg","width":1000,"height":1000,"caption":"GROM Mini Pot Pistachio 120 ml"},{"@type":"BreadcrumbList","@id":"https:\/\/www.barosa.com\/produto\/mini-pot-pistacchio-120-ml-grom\/#breadcrumb","itemListElement":[{"@type":"ListItem","position":1,"name":"In\u00edcio","item":"https:\/\/www.barosa.com\/"},{"@type":"ListItem","position":2,"name":"Shop","item":"https:\/\/www.barosa.com\/shop\/"},{"@type":"ListItem","position":3,"name":"Mini Pot Pistacchio 120 ML | GROM"}]},{"@type":"WebSite","@id":"https:\/\/www.barosa.com\/#website","url":"https:\/\/www.barosa.com\/","name":"BAROSA Frozen Foods | Manuel de Sousa Barosa, Ltd.","description":"Company specialising in the processing and marketing of frozen food products. BAROSA \u00ae Seafood, \"No good fork can resist\u00ae\". BAROSA \u00ae FoodService \"The good side of food\u00ae\". Seafood Crustaceans Shellfish Cephalopods Bivalves Bakery Pastries Pizzas Desserts","publisher":{"@id":"https:\/\/www.barosa.com\/#organization"},"alternateName":"BAROSA\u00ae","potentialAction":[{"@type":"SearchAction","target":{"@type":"EntryPoint","urlTemplate":"https:\/\/www.barosa.com\/?s={search_term_string}"},"query-input":{"@type":"PropertyValueSpecification","valueRequired":true,"valueName":"search_term_string"}}],"inLanguage":"en-GB"},{"@type":"Organization","@id":"https:\/\/www.barosa.com\/#organization","name":"Manuel de Sousa Barosa, Ltd.","alternateName":"BAROSA","url":"https:\/\/www.barosa.com\/","logo":{"@type":"ImageObject","inLanguage":"en-GB","@id":"https:\/\/www.barosa.com\/#\/schema\/logo\/image\/","url":"https:\/\/www.barosa.com\/wp-content\/uploads\/2025\/03\/BAROSA-Logo-696x696-1.jpg","contentUrl":"https:\/\/www.barosa.com\/wp-content\/uploads\/2025\/03\/BAROSA-Logo-696x696-1.jpg","width":696,"height":696,"caption":"Manuel de Sousa Barosa, Lda."},"image":{"@id":"https:\/\/www.barosa.com\/#\/schema\/logo\/image\/"},"sameAs":["http:\/\/www.facebook.com\/barosa\/","https:\/\/x.com\/barosa_lda","https:\/\/www.instagram.com\/barosa_lda\/","https:\/\/pt.linkedin.com\/company\/barosa-lda"],"description":"Company specialising in the processing and marketing of frozen food products. BAROSA \u00ae Pescados, \"No good fork can resist\u00ae\". BAROSA \u00ae FoodService \"The good side of food!\u00ae\"","email":"info@barosa.com","telephone":"+351 262824403","legalName":"Manuel de Sousa Barosa, Lda.","foundingDate":"1975-05-21","vatID":"503365190","taxID":"503365190","duns":"452388713","numberOfEmployees":{"@type":"QuantitativeValue","minValue":"11","maxValue":"50"},"ethicsPolicy":"https:\/\/www.barosa.com\/politicaprivacidade\/"}]}},"_links":{"self":[{"href":"https:\/\/www.barosa.com\/en\/wp-json\/wp\/v2\/product\/7181","targetHints":{"allow":["GET"]}}],"collection":[{"href":"https:\/\/www.barosa.com\/en\/wp-json\/wp\/v2\/product"}],"about":[{"href":"https:\/\/www.barosa.com\/en\/wp-json\/wp\/v2\/types\/product"}],"wp:featuredmedia":[{"embeddable":true,"href":"https:\/\/www.barosa.com\/en\/wp-json\/wp\/v2\/media\/9251"}],"wp:attachment":[{"href":"https:\/\/www.barosa.com\/en\/wp-json\/wp\/v2\/media?parent=7181"}],"wp:term":[{"taxonomy":"product_brand","embeddable":true,"href":"https:\/\/www.barosa.com\/en\/wp-json\/wp\/v2\/product_brand?post=7181"},{"taxonomy":"product_cat","embeddable":true,"href":"https:\/\/www.barosa.com\/en\/wp-json\/wp\/v2\/product_cat?post=7181"},{"taxonomy":"product_tag","embeddable":true,"href":"https:\/\/www.barosa.com\/en\/wp-json\/wp\/v2\/product_tag?post=7181"}],"curies":[{"name":"wp","href":"https:\/\/api.w.org\/{rel}","templated":true}]}}