{"id":6683,"date":"2021-12-23T17:03:36","date_gmt":"2021-12-23T16:03:36","guid":{"rendered":"https:\/\/www.barosa.com\/?post_type=product&#038;p=6683"},"modified":"2025-05-01T00:00:01","modified_gmt":"2025-05-01T00:00:01","slug":"oleo-de-alto-rendimento-peninsular-10-lts","status":"publish","type":"product","link":"https:\/\/www.barosa.com\/en\/produto\/oleo-de-alto-rendimento-peninsular-10-lts\/","title":{"rendered":"Peninsular High Performance Oil 10 Liters"},"content":{"rendered":"","protected":false},"excerpt":{"rendered":"<p><strong>Formato: <\/strong>Embalagem com 10 Litros<\/p>\n<p><strong>Descri\u00e7\u00e3o<\/strong><\/p>\n<p>O \u00d3leo de Alto Rendimento consiste numa mistura fina de \u00f3leo de fritar vegetal (entre outros, o \u00f3leo de girassol High Oleic refinado). Gozando de um ponto de ebuli\u00e7\u00e3o elevado (acima dos 210\u00baC) e um baixo teor de \u00e1cidos gordos livres, a vida \u00fatil do \u00d3leo de Alto Rendimento \u00e9 muito mais longa que a dos \u00f3leos normais.<\/p>\n<p>Escolha um \u00f3leo para fritar que melhorar\u00e1 o rendimento do seu restaurante em termos de custos e qualidade das refei\u00e7\u00f5es.<\/p>\n<p>Escolha Peninsular!<\/p>\n[bg_collapse view=\"link\" color=\"#4a4949\" icon=\"arrow\" expand_text=\"Mostrar mais informa\u00e7\u00f5es\" collapse_text=\"Esconder informa\u00e7\u00f5es\" ]<\/p>\n<p><strong>Concelhos de Utiliza\u00e7\u00e3o<\/strong><\/p>\n<ul>\n<li>Filtrar o \u00f3leo periodicamente;<\/li>\n<li>Durante o per\u00edodo de descanso n\u00e3o ter o term\u00f3stato a mais de 90\u00ba;<\/li>\n<li>Secar os alimentos antes de introduzir na fritadeira;<\/li>\n<li>N\u00e3o misturar com outros tipos de \u00f3leos;<\/li>\n<li>N\u00e3o adicionar sal aos alimentos antes e durante a fritura;<\/li>\n<li>N\u00e3o sobrecarregar o cesto da fritadeira, manter uma por\u00e7\u00e3o de 6 partes de \u00f3leo para 1 de alimentos;<\/li>\n<li>Utilizar um coador, ou uma escumadeira para eliminar os restos de comida que flutuam no \u00f3leo.<\/li>\n<\/ul>\n<p><b>Benef\u00edcios<\/b><\/p>\n<p>Apresenta um baixo teor de gorduras trans (&lt;0,8%) e um alto teor de \u00e1cidos gordos insaturados (cerca de 80%).<br \/>\nOs alimentos fritos com o \u00d3leo de Alto Rendimento n\u00e3o brilham e apresentam um aspecto mais natural\u2026<\/p>\n<p><strong>Embalagem<\/strong><br \/>\n10 Lts<\/p>\n<p>[\/bg_collapse]\n[wpmem_logged_in]<\/p>\n<h3 style=\"text-align: center\">PROMOCIONAL<\/h3>\n<table style=\"width: 100%\">\n<tbody>\n<tr>\n<th style=\"text-align: center\">Na compra de<\/th>\n<th style=\"text-align: center\">Desconto<\/th>\n<\/tr>\n<tr>\n<td style=\"text-align: center\">10 unds<\/td>\n<td style=\"text-align: center\">5%<\/td>\n<\/tr>\n<\/tbody>\n<\/table>\n<p>[\/wpmem_logged_in]\n<p><strong>Marca:<\/strong> Peninsular<\/p>\n","protected":false},"featured_media":6682,"template":"","meta":[],"product_brand":[],"product_cat":[228],"product_tag":[],"class_list":{"0":"post-6683","1":"product","2":"type-product","3":"status-publish","4":"has-post-thumbnail","6":"product_cat-azeite-oleos-vinagre","8":"first","9":"outofstock","10":"taxable","11":"shipping-taxable","12":"purchasable","13":"product-type-simple"},"yoast_head":"<!-- This site is optimized with the Yoast SEO Premium plugin v27.6 (Yoast SEO v27.6) - https:\/\/yoast.com\/product\/yoast-seo-premium-wordpress\/ -->\n<title>\u00d3leo de Alto Rendimento Peninsular 10 Lts - BAROSA Congelados | Manuel de Sousa Barosa, Lda.<\/title>\n<meta name=\"description\" content=\"Alta cozinha nos seus fritos. Rendimento m\u00e1ximo. Descri\u00e7\u00e3o. O \u00d3leo de Alto Rendimento consiste numa mistura fina de \u00f3leo de fritar vegetal.\" \/>\n<meta name=\"robots\" content=\"index, follow, max-snippet:-1, max-image-preview:large, max-video-preview:-1\" \/>\n<link rel=\"canonical\" href=\"https:\/\/www.barosa.com\/en\/product-2\/oleo-de-alto-rendimento-peninsular-10-lts\/\" \/>\n<meta property=\"og:locale\" content=\"en_GB\" \/>\n<meta property=\"og:type\" content=\"article\" \/>\n<meta property=\"og:title\" content=\"\u00d3leo de Alto Rendimento Peninsular 10 Lts\" \/>\n<meta property=\"og:description\" content=\"Alta cozinha nos seus fritos. Rendimento m\u00e1ximo. Descri\u00e7\u00e3o. O \u00d3leo de Alto Rendimento consiste numa mistura fina de \u00f3leo de fritar vegetal.\" \/>\n<meta property=\"og:url\" content=\"https:\/\/www.barosa.com\/en\/product-2\/oleo-de-alto-rendimento-peninsular-10-lts\/\" \/>\n<meta property=\"og:site_name\" content=\"BAROSA Congelados | Manuel de Sousa Barosa, Lda.\" \/>\n<meta property=\"article:publisher\" content=\"http:\/\/www.facebook.com\/barosa\/\" \/>\n<meta property=\"article:modified_time\" content=\"2025-05-01T00:00:01+00:00\" \/>\n<meta property=\"og:image\" content=\"https:\/\/www.barosa.com\/wp-content\/uploads\/2021\/12\/Oleo-Peninsular-Alto-Rendimento-10-Lts.jpg\" \/>\n\t<meta property=\"og:image:width\" content=\"1024\" \/>\n\t<meta property=\"og:image:height\" content=\"1024\" \/>\n\t<meta property=\"og:image:type\" content=\"image\/jpeg\" \/>\n<meta name=\"twitter:card\" content=\"summary_large_image\" \/>\n<meta name=\"twitter:site\" content=\"@barosa_lda\" \/>\n<meta name=\"twitter:label1\" content=\"Estimated reading time\" \/>\n\t<meta name=\"twitter:data1\" content=\"1 minute\" \/>\n<script type=\"application\/ld+json\" class=\"yoast-schema-graph\">{\"@context\":\"https:\\\/\\\/schema.org\",\"@graph\":[{\"@type\":\"WebPage\",\"@id\":\"https:\\\/\\\/www.barosa.com\\\/produto\\\/oleo-de-alto-rendimento-peninsular-10-lts\\\/\",\"url\":\"https:\\\/\\\/www.barosa.com\\\/produto\\\/oleo-de-alto-rendimento-peninsular-10-lts\\\/\",\"name\":\"\u00d3leo de Alto Rendimento Peninsular 10 Lts - BAROSA Congelados | Manuel de Sousa Barosa, Lda.\",\"isPartOf\":{\"@id\":\"https:\\\/\\\/www.barosa.com\\\/#website\"},\"primaryImageOfPage\":{\"@id\":\"https:\\\/\\\/www.barosa.com\\\/produto\\\/oleo-de-alto-rendimento-peninsular-10-lts\\\/#primaryimage\"},\"image\":{\"@id\":\"https:\\\/\\\/www.barosa.com\\\/produto\\\/oleo-de-alto-rendimento-peninsular-10-lts\\\/#primaryimage\"},\"thumbnailUrl\":\"https:\\\/\\\/www.barosa.com\\\/wp-content\\\/uploads\\\/2021\\\/12\\\/Oleo-Peninsular-Alto-Rendimento-10-Lts.jpg\",\"datePublished\":\"2021-12-23T16:03:36+00:00\",\"dateModified\":\"2025-05-01T00:00:01+00:00\",\"description\":\"Alta cozinha nos seus fritos. Rendimento m\u00e1ximo. Descri\u00e7\u00e3o. O \u00d3leo de Alto Rendimento consiste numa mistura fina de \u00f3leo de fritar vegetal.\",\"breadcrumb\":{\"@id\":\"https:\\\/\\\/www.barosa.com\\\/produto\\\/oleo-de-alto-rendimento-peninsular-10-lts\\\/#breadcrumb\"},\"inLanguage\":\"en-GB\",\"potentialAction\":[{\"@type\":\"ReadAction\",\"target\":[\"https:\\\/\\\/www.barosa.com\\\/produto\\\/oleo-de-alto-rendimento-peninsular-10-lts\\\/\"]}]},{\"@type\":\"ImageObject\",\"inLanguage\":\"en-GB\",\"@id\":\"https:\\\/\\\/www.barosa.com\\\/produto\\\/oleo-de-alto-rendimento-peninsular-10-lts\\\/#primaryimage\",\"url\":\"https:\\\/\\\/www.barosa.com\\\/wp-content\\\/uploads\\\/2021\\\/12\\\/Oleo-Peninsular-Alto-Rendimento-10-Lts.jpg\",\"contentUrl\":\"https:\\\/\\\/www.barosa.com\\\/wp-content\\\/uploads\\\/2021\\\/12\\\/Oleo-Peninsular-Alto-Rendimento-10-Lts.jpg\",\"width\":1024,\"height\":1024,\"caption\":\"\u00d3leo Peninsular Alto Rendimento 10 Lts\"},{\"@type\":\"BreadcrumbList\",\"@id\":\"https:\\\/\\\/www.barosa.com\\\/produto\\\/oleo-de-alto-rendimento-peninsular-10-lts\\\/#breadcrumb\",\"itemListElement\":[{\"@type\":\"ListItem\",\"position\":1,\"name\":\"In\u00edcio\",\"item\":\"https:\\\/\\\/www.barosa.com\\\/\"},{\"@type\":\"ListItem\",\"position\":2,\"name\":\"Shop\",\"item\":\"https:\\\/\\\/www.barosa.com\\\/shop\\\/\"},{\"@type\":\"ListItem\",\"position\":3,\"name\":\"\u00d3leo de Alto Rendimento Peninsular 10 Lts\"}]},{\"@type\":\"WebSite\",\"@id\":\"https:\\\/\\\/www.barosa.com\\\/#website\",\"url\":\"https:\\\/\\\/www.barosa.com\\\/\",\"name\":\"BAROSA Congelados | Manuel de Sousa Barosa, Lda.\",\"description\":\"Empresa de transforma\u00e7\u00e3o e comercializa\u00e7\u00e3o de produtos alimentares congelados. BAROSA \u00ae Pescados, &quot;N\u00e3o h\u00e1 bom garfo que resista\u00ae&quot;. BAROSA \u00ae FoodService &quot;O lado bom da comida\u00ae&quot;. Pescados Crust\u00e1ceos Mariscos Cefal\u00f3podes Bivalves Padaria Pastelaria Pizzas Sobremesas\",\"publisher\":{\"@id\":\"https:\\\/\\\/www.barosa.com\\\/#organization\"},\"alternateName\":\"BAROSA\u00ae\",\"potentialAction\":[{\"@type\":\"SearchAction\",\"target\":{\"@type\":\"EntryPoint\",\"urlTemplate\":\"https:\\\/\\\/www.barosa.com\\\/?s={search_term_string}\"},\"query-input\":{\"@type\":\"PropertyValueSpecification\",\"valueRequired\":true,\"valueName\":\"search_term_string\"}}],\"inLanguage\":\"en-GB\"},{\"@type\":\"Organization\",\"@id\":\"https:\\\/\\\/www.barosa.com\\\/#organization\",\"name\":\"Manuel de Sousa Barosa, Lda.\",\"alternateName\":\"BAROSA\",\"url\":\"https:\\\/\\\/www.barosa.com\\\/\",\"logo\":{\"@type\":\"ImageObject\",\"inLanguage\":\"en-GB\",\"@id\":\"https:\\\/\\\/www.barosa.com\\\/#\\\/schema\\\/logo\\\/image\\\/\",\"url\":\"https:\\\/\\\/www.barosa.com\\\/wp-content\\\/uploads\\\/2025\\\/03\\\/BAROSA-Logo-696x696-1.jpg\",\"contentUrl\":\"https:\\\/\\\/www.barosa.com\\\/wp-content\\\/uploads\\\/2025\\\/03\\\/BAROSA-Logo-696x696-1.jpg\",\"width\":696,\"height\":696,\"caption\":\"Manuel de Sousa Barosa, Lda.\"},\"image\":{\"@id\":\"https:\\\/\\\/www.barosa.com\\\/#\\\/schema\\\/logo\\\/image\\\/\"},\"sameAs\":[\"http:\\\/\\\/www.facebook.com\\\/barosa\\\/\",\"https:\\\/\\\/x.com\\\/barosa_lda\",\"https:\\\/\\\/www.instagram.com\\\/barosa_lda\\\/\",\"https:\\\/\\\/pt.linkedin.com\\\/company\\\/barosa-lda\"],\"description\":\"Empresa de transforma\u00e7\u00e3o e comercializa\u00e7\u00e3o de produtos alimentares congelados. BAROSA \u00ae Pescados, \\\"N\u00e3o h\u00e1 bom garfo que resista\u00ae\\\". BAROSA \u00ae FoodService \\\"O lado bom da comida!\u00ae\\\"\",\"email\":\"info@barosa.com\",\"telephone\":\"+351 262824403\",\"legalName\":\"Manuel de Sousa Barosa, Lda.\",\"foundingDate\":\"1975-05-21\",\"vatID\":\"503365190\",\"taxID\":\"503365190\",\"duns\":\"452388713\",\"numberOfEmployees\":{\"@type\":\"QuantitativeValue\",\"minValue\":\"11\",\"maxValue\":\"50\"},\"ethicsPolicy\":\"https:\\\/\\\/www.barosa.com\\\/politicaprivacidade\\\/\"}]}<\/script>\n<!-- \/ Yoast SEO Premium plugin. -->","yoast_head_json":{"title":"Peninsular High Yield Oil 10 Litres - BAROSA Congelados | Manuel de Sousa Barosa, Lda.","description":"Haute cuisine for your fried foods. Maximum yield. Description. High Performance Oil is a fine blend of vegetable frying oil.","robots":{"index":"index","follow":"follow","max-snippet":"max-snippet:-1","max-image-preview":"max-image-preview:large","max-video-preview":"max-video-preview:-1"},"canonical":"https:\/\/www.barosa.com\/en\/product-2\/oleo-de-alto-rendimento-peninsular-10-lts\/","og_locale":"en_GB","og_type":"article","og_title":"\u00d3leo de Alto Rendimento Peninsular 10 Lts","og_description":"Alta cozinha nos seus fritos. Rendimento m\u00e1ximo. Descri\u00e7\u00e3o. O \u00d3leo de Alto Rendimento consiste numa mistura fina de \u00f3leo de fritar vegetal.","og_url":"https:\/\/www.barosa.com\/en\/product-2\/oleo-de-alto-rendimento-peninsular-10-lts\/","og_site_name":"BAROSA Congelados | Manuel de Sousa Barosa, Lda.","article_publisher":"http:\/\/www.facebook.com\/barosa\/","article_modified_time":"2025-05-01T00:00:01+00:00","og_image":[{"width":1024,"height":1024,"url":"https:\/\/www.barosa.com\/wp-content\/uploads\/2021\/12\/Oleo-Peninsular-Alto-Rendimento-10-Lts.jpg","type":"image\/jpeg"}],"twitter_card":"summary_large_image","twitter_site":"@barosa_lda","twitter_misc":{"Estimated reading time":"1 minute"},"schema":{"@context":"https:\/\/schema.org","@graph":[{"@type":"WebPage","@id":"https:\/\/www.barosa.com\/produto\/oleo-de-alto-rendimento-peninsular-10-lts\/","url":"https:\/\/www.barosa.com\/produto\/oleo-de-alto-rendimento-peninsular-10-lts\/","name":"Peninsular High Yield Oil 10 Litres - BAROSA Congelados | Manuel de Sousa Barosa, Lda.","isPartOf":{"@id":"https:\/\/www.barosa.com\/#website"},"primaryImageOfPage":{"@id":"https:\/\/www.barosa.com\/produto\/oleo-de-alto-rendimento-peninsular-10-lts\/#primaryimage"},"image":{"@id":"https:\/\/www.barosa.com\/produto\/oleo-de-alto-rendimento-peninsular-10-lts\/#primaryimage"},"thumbnailUrl":"https:\/\/www.barosa.com\/wp-content\/uploads\/2021\/12\/Oleo-Peninsular-Alto-Rendimento-10-Lts.jpg","datePublished":"2021-12-23T16:03:36+00:00","dateModified":"2025-05-01T00:00:01+00:00","description":"Haute cuisine for your fried foods. Maximum yield. Description. High Performance Oil is a fine blend of vegetable frying oil.","breadcrumb":{"@id":"https:\/\/www.barosa.com\/produto\/oleo-de-alto-rendimento-peninsular-10-lts\/#breadcrumb"},"inLanguage":"en-GB","potentialAction":[{"@type":"ReadAction","target":["https:\/\/www.barosa.com\/produto\/oleo-de-alto-rendimento-peninsular-10-lts\/"]}]},{"@type":"ImageObject","inLanguage":"en-GB","@id":"https:\/\/www.barosa.com\/produto\/oleo-de-alto-rendimento-peninsular-10-lts\/#primaryimage","url":"https:\/\/www.barosa.com\/wp-content\/uploads\/2021\/12\/Oleo-Peninsular-Alto-Rendimento-10-Lts.jpg","contentUrl":"https:\/\/www.barosa.com\/wp-content\/uploads\/2021\/12\/Oleo-Peninsular-Alto-Rendimento-10-Lts.jpg","width":1024,"height":1024,"caption":"\u00d3leo Peninsular Alto Rendimento 10 Lts"},{"@type":"BreadcrumbList","@id":"https:\/\/www.barosa.com\/produto\/oleo-de-alto-rendimento-peninsular-10-lts\/#breadcrumb","itemListElement":[{"@type":"ListItem","position":1,"name":"In\u00edcio","item":"https:\/\/www.barosa.com\/"},{"@type":"ListItem","position":2,"name":"Shop","item":"https:\/\/www.barosa.com\/shop\/"},{"@type":"ListItem","position":3,"name":"\u00d3leo de Alto Rendimento Peninsular 10 Lts"}]},{"@type":"WebSite","@id":"https:\/\/www.barosa.com\/#website","url":"https:\/\/www.barosa.com\/","name":"BAROSA Frozen Foods | Manuel de Sousa Barosa, Ltd.","description":"Company specialising in the processing and marketing of frozen food products. BAROSA \u00ae Seafood, \"No good fork can resist\u00ae\". BAROSA \u00ae FoodService \"The good side of food\u00ae\". Seafood Crustaceans Shellfish Cephalopods Bivalves Bakery Pastries Pizzas Desserts","publisher":{"@id":"https:\/\/www.barosa.com\/#organization"},"alternateName":"BAROSA\u00ae","potentialAction":[{"@type":"SearchAction","target":{"@type":"EntryPoint","urlTemplate":"https:\/\/www.barosa.com\/?s={search_term_string}"},"query-input":{"@type":"PropertyValueSpecification","valueRequired":true,"valueName":"search_term_string"}}],"inLanguage":"en-GB"},{"@type":"Organization","@id":"https:\/\/www.barosa.com\/#organization","name":"Manuel de Sousa Barosa, Ltd.","alternateName":"BAROSA","url":"https:\/\/www.barosa.com\/","logo":{"@type":"ImageObject","inLanguage":"en-GB","@id":"https:\/\/www.barosa.com\/#\/schema\/logo\/image\/","url":"https:\/\/www.barosa.com\/wp-content\/uploads\/2025\/03\/BAROSA-Logo-696x696-1.jpg","contentUrl":"https:\/\/www.barosa.com\/wp-content\/uploads\/2025\/03\/BAROSA-Logo-696x696-1.jpg","width":696,"height":696,"caption":"Manuel de Sousa Barosa, Lda."},"image":{"@id":"https:\/\/www.barosa.com\/#\/schema\/logo\/image\/"},"sameAs":["http:\/\/www.facebook.com\/barosa\/","https:\/\/x.com\/barosa_lda","https:\/\/www.instagram.com\/barosa_lda\/","https:\/\/pt.linkedin.com\/company\/barosa-lda"],"description":"Company specialising in the processing and marketing of frozen food products. BAROSA \u00ae Pescados, \"No good fork can resist\u00ae\". BAROSA \u00ae FoodService \"The good side of food!\u00ae\"","email":"info@barosa.com","telephone":"+351 262824403","legalName":"Manuel de Sousa Barosa, Lda.","foundingDate":"1975-05-21","vatID":"503365190","taxID":"503365190","duns":"452388713","numberOfEmployees":{"@type":"QuantitativeValue","minValue":"11","maxValue":"50"},"ethicsPolicy":"https:\/\/www.barosa.com\/politicaprivacidade\/"}]}},"_links":{"self":[{"href":"https:\/\/www.barosa.com\/en\/wp-json\/wp\/v2\/product\/6683","targetHints":{"allow":["GET"]}}],"collection":[{"href":"https:\/\/www.barosa.com\/en\/wp-json\/wp\/v2\/product"}],"about":[{"href":"https:\/\/www.barosa.com\/en\/wp-json\/wp\/v2\/types\/product"}],"wp:featuredmedia":[{"embeddable":true,"href":"https:\/\/www.barosa.com\/en\/wp-json\/wp\/v2\/media\/6682"}],"wp:attachment":[{"href":"https:\/\/www.barosa.com\/en\/wp-json\/wp\/v2\/media?parent=6683"}],"wp:term":[{"taxonomy":"product_brand","embeddable":true,"href":"https:\/\/www.barosa.com\/en\/wp-json\/wp\/v2\/product_brand?post=6683"},{"taxonomy":"product_cat","embeddable":true,"href":"https:\/\/www.barosa.com\/en\/wp-json\/wp\/v2\/product_cat?post=6683"},{"taxonomy":"product_tag","embeddable":true,"href":"https:\/\/www.barosa.com\/en\/wp-json\/wp\/v2\/product_tag?post=6683"}],"curies":[{"name":"wp","href":"https:\/\/api.w.org\/{rel}","templated":true}]}}