{"id":6560,"date":"2021-11-08T13:38:37","date_gmt":"2021-11-08T12:38:37","guid":{"rendered":"https:\/\/www.barosa.com\/?post_type=product&#038;p=6560"},"modified":"2023-08-28T15:52:39","modified_gmt":"2023-08-28T14:52:39","slug":"flora-plant-profissional-alternativa-as-natas-31-1l","status":"publish","type":"product","link":"https:\/\/www.barosa.com\/en\/produto\/flora-plant-profissional-alternativa-as-natas-31-1l\/","title":{"rendered":"Flora Plant Professional alternative to cream 31% 1L"},"content":{"rendered":"","protected":false},"excerpt":{"rendered":"<p><strong>Formato: <\/strong>Embalagem com 1 Litro<\/p>\n<p><strong>Descri\u00e7\u00e3o<\/strong><\/p>\n<p>Desenvolvido para a cozinha profissional, susbtitui as natas em aplica\u00e7\u00f5es de cozinha<\/p>\n<ul>\n<li>Vers\u00e1til: Ideal para cozinhar e bater<\/li>\n<li>Feito \u00e0 base de prote\u00edna de lentilhas e \u00f3leos vegetais, 100% vegano. Sem alerg\u00e9nios a declarar*<\/li>\n<li>Principais utiliza\u00e7\u00f5es: pastelaria, sobremesas e molhos<\/li>\n<li>Muito est\u00e1vel, tolera a adi\u00e7\u00e3o de \u00e1cidos e \u00e1lcool<\/li>\n<\/ul>\n[bg_collapse view=\"link\" color=\"#4a4949\" icon=\"arrow\" expand_text=\"\u00a0 \u00a0Mostrar mais\" collapse_text=\"\u00a0 \u00a0Mostrar menos\" ]<\/p>\n<p><strong>Alerg\u00e9neos<\/strong><br \/>\nLactose free<br \/>\nIsento de gl\u00faten<\/p>\n<p><strong>Informa\u00e7\u00e3o diet\u00e9tica<\/strong><br \/>\nVegan<\/p>\n<p><strong>Prepara\u00e7\u00e3o<\/strong><br \/>\nPronto a usar<\/p>\n<p>[\/bg_collapse]\n<p>&nbsp;<\/p>\n<p><strong>Marca:<\/strong> Flora<\/p>\n","protected":false},"featured_media":6561,"template":"","meta":[],"product_brand":[],"product_cat":[356],"product_tag":[],"class_list":{"0":"post-6560","1":"product","2":"type-product","3":"status-publish","4":"has-post-thumbnail","6":"product_cat-cremes-vegetais-manteigas","8":"first","9":"instock","10":"taxable","11":"shipping-taxable","12":"purchasable","13":"product-type-simple"},"yoast_head":"<!-- This site is optimized with the Yoast SEO Premium plugin v27.6 (Yoast SEO v27.6) - https:\/\/yoast.com\/product\/yoast-seo-premium-wordpress\/ -->\n<title>Flora Plant Profissional alternativa \u00e0s natas 31% 1L - BAROSA Congelados | Manuel de Sousa Barosa, Lda.<\/title>\n<meta name=\"description\" content=\"Desenvolvido para a cozinha profissional, susbtitui as natas em aplica\u00e7\u00f5es de cozinha\" \/>\n<meta name=\"robots\" content=\"index, follow, max-snippet:-1, max-image-preview:large, max-video-preview:-1\" \/>\n<link rel=\"canonical\" href=\"https:\/\/www.barosa.com\/en\/product-2\/flora-plant-profissional-alternativa-as-natas-31-1l\/\" \/>\n<meta property=\"og:locale\" content=\"en_GB\" \/>\n<meta property=\"og:type\" content=\"article\" \/>\n<meta property=\"og:title\" content=\"Flora Plant Profissional alternativa \u00e0s natas 31% 1L\" \/>\n<meta property=\"og:description\" content=\"Desenvolvido para a cozinha profissional, susbtitui as natas em aplica\u00e7\u00f5es de cozinha\" \/>\n<meta property=\"og:url\" content=\"https:\/\/www.barosa.com\/en\/product-2\/flora-plant-profissional-alternativa-as-natas-31-1l\/\" \/>\n<meta property=\"og:site_name\" content=\"BAROSA Congelados | Manuel de Sousa Barosa, Lda.\" \/>\n<meta property=\"article:publisher\" content=\"http:\/\/www.facebook.com\/barosa\/\" \/>\n<meta property=\"article:modified_time\" content=\"2023-08-28T14:52:39+00:00\" \/>\n<meta property=\"og:image\" content=\"https:\/\/www.barosa.com\/wp-content\/uploads\/2021\/11\/Flora-Plant-Profissional-alternativa-as-natas-31-1L.jpg\" \/>\n\t<meta property=\"og:image:width\" content=\"1024\" \/>\n\t<meta property=\"og:image:height\" content=\"1024\" \/>\n\t<meta property=\"og:image:type\" content=\"image\/jpeg\" \/>\n<meta name=\"twitter:card\" content=\"summary_large_image\" \/>\n<meta name=\"twitter:site\" content=\"@barosa_lda\" \/>\n<script type=\"application\/ld+json\" class=\"yoast-schema-graph\">{\"@context\":\"https:\\\/\\\/schema.org\",\"@graph\":[{\"@type\":\"WebPage\",\"@id\":\"https:\\\/\\\/www.barosa.com\\\/produto\\\/flora-plant-profissional-alternativa-as-natas-31-1l\\\/\",\"url\":\"https:\\\/\\\/www.barosa.com\\\/produto\\\/flora-plant-profissional-alternativa-as-natas-31-1l\\\/\",\"name\":\"Flora Plant Profissional alternativa \u00e0s natas 31% 1L - BAROSA Congelados | Manuel de Sousa Barosa, Lda.\",\"isPartOf\":{\"@id\":\"https:\\\/\\\/www.barosa.com\\\/#website\"},\"primaryImageOfPage\":{\"@id\":\"https:\\\/\\\/www.barosa.com\\\/produto\\\/flora-plant-profissional-alternativa-as-natas-31-1l\\\/#primaryimage\"},\"image\":{\"@id\":\"https:\\\/\\\/www.barosa.com\\\/produto\\\/flora-plant-profissional-alternativa-as-natas-31-1l\\\/#primaryimage\"},\"thumbnailUrl\":\"https:\\\/\\\/www.barosa.com\\\/wp-content\\\/uploads\\\/2021\\\/11\\\/Flora-Plant-Profissional-alternativa-as-natas-31-1L.jpg\",\"datePublished\":\"2021-11-08T12:38:37+00:00\",\"dateModified\":\"2023-08-28T14:52:39+00:00\",\"description\":\"Desenvolvido para a cozinha profissional, susbtitui as natas em aplica\u00e7\u00f5es de cozinha\",\"breadcrumb\":{\"@id\":\"https:\\\/\\\/www.barosa.com\\\/produto\\\/flora-plant-profissional-alternativa-as-natas-31-1l\\\/#breadcrumb\"},\"inLanguage\":\"en-GB\",\"potentialAction\":[{\"@type\":\"ReadAction\",\"target\":[\"https:\\\/\\\/www.barosa.com\\\/produto\\\/flora-plant-profissional-alternativa-as-natas-31-1l\\\/\"]}]},{\"@type\":\"ImageObject\",\"inLanguage\":\"en-GB\",\"@id\":\"https:\\\/\\\/www.barosa.com\\\/produto\\\/flora-plant-profissional-alternativa-as-natas-31-1l\\\/#primaryimage\",\"url\":\"https:\\\/\\\/www.barosa.com\\\/wp-content\\\/uploads\\\/2021\\\/11\\\/Flora-Plant-Profissional-alternativa-as-natas-31-1L.jpg\",\"contentUrl\":\"https:\\\/\\\/www.barosa.com\\\/wp-content\\\/uploads\\\/2021\\\/11\\\/Flora-Plant-Profissional-alternativa-as-natas-31-1L.jpg\",\"width\":1024,\"height\":1024,\"caption\":\"Flora Plant Profissional alternativa \u00e0s natas 31% 1L\"},{\"@type\":\"BreadcrumbList\",\"@id\":\"https:\\\/\\\/www.barosa.com\\\/produto\\\/flora-plant-profissional-alternativa-as-natas-31-1l\\\/#breadcrumb\",\"itemListElement\":[{\"@type\":\"ListItem\",\"position\":1,\"name\":\"In\u00edcio\",\"item\":\"https:\\\/\\\/www.barosa.com\\\/\"},{\"@type\":\"ListItem\",\"position\":2,\"name\":\"Shop\",\"item\":\"https:\\\/\\\/www.barosa.com\\\/shop\\\/\"},{\"@type\":\"ListItem\",\"position\":3,\"name\":\"Flora Plant Profissional alternativa \u00e0s natas 31% 1L\"}]},{\"@type\":\"WebSite\",\"@id\":\"https:\\\/\\\/www.barosa.com\\\/#website\",\"url\":\"https:\\\/\\\/www.barosa.com\\\/\",\"name\":\"BAROSA Congelados | Manuel de Sousa Barosa, Lda.\",\"description\":\"Empresa de transforma\u00e7\u00e3o e comercializa\u00e7\u00e3o de produtos alimentares congelados. BAROSA \u00ae Pescados, &quot;N\u00e3o h\u00e1 bom garfo que resista\u00ae&quot;. BAROSA \u00ae FoodService &quot;O lado bom da comida\u00ae&quot;. Pescados Crust\u00e1ceos Mariscos Cefal\u00f3podes Bivalves Padaria Pastelaria Pizzas Sobremesas\",\"publisher\":{\"@id\":\"https:\\\/\\\/www.barosa.com\\\/#organization\"},\"alternateName\":\"BAROSA\u00ae\",\"potentialAction\":[{\"@type\":\"SearchAction\",\"target\":{\"@type\":\"EntryPoint\",\"urlTemplate\":\"https:\\\/\\\/www.barosa.com\\\/?s={search_term_string}\"},\"query-input\":{\"@type\":\"PropertyValueSpecification\",\"valueRequired\":true,\"valueName\":\"search_term_string\"}}],\"inLanguage\":\"en-GB\"},{\"@type\":\"Organization\",\"@id\":\"https:\\\/\\\/www.barosa.com\\\/#organization\",\"name\":\"Manuel de Sousa Barosa, Lda.\",\"alternateName\":\"BAROSA\",\"url\":\"https:\\\/\\\/www.barosa.com\\\/\",\"logo\":{\"@type\":\"ImageObject\",\"inLanguage\":\"en-GB\",\"@id\":\"https:\\\/\\\/www.barosa.com\\\/#\\\/schema\\\/logo\\\/image\\\/\",\"url\":\"https:\\\/\\\/www.barosa.com\\\/wp-content\\\/uploads\\\/2025\\\/03\\\/BAROSA-Logo-696x696-1.jpg\",\"contentUrl\":\"https:\\\/\\\/www.barosa.com\\\/wp-content\\\/uploads\\\/2025\\\/03\\\/BAROSA-Logo-696x696-1.jpg\",\"width\":696,\"height\":696,\"caption\":\"Manuel de Sousa Barosa, Lda.\"},\"image\":{\"@id\":\"https:\\\/\\\/www.barosa.com\\\/#\\\/schema\\\/logo\\\/image\\\/\"},\"sameAs\":[\"http:\\\/\\\/www.facebook.com\\\/barosa\\\/\",\"https:\\\/\\\/x.com\\\/barosa_lda\",\"https:\\\/\\\/www.instagram.com\\\/barosa_lda\\\/\",\"https:\\\/\\\/pt.linkedin.com\\\/company\\\/barosa-lda\"],\"description\":\"Empresa de transforma\u00e7\u00e3o e comercializa\u00e7\u00e3o de produtos alimentares congelados. BAROSA \u00ae Pescados, \\\"N\u00e3o h\u00e1 bom garfo que resista\u00ae\\\". BAROSA \u00ae FoodService \\\"O lado bom da comida!\u00ae\\\"\",\"email\":\"info@barosa.com\",\"telephone\":\"+351 262824403\",\"legalName\":\"Manuel de Sousa Barosa, Lda.\",\"foundingDate\":\"1975-05-21\",\"vatID\":\"503365190\",\"taxID\":\"503365190\",\"duns\":\"452388713\",\"numberOfEmployees\":{\"@type\":\"QuantitativeValue\",\"minValue\":\"11\",\"maxValue\":\"50\"},\"ethicsPolicy\":\"https:\\\/\\\/www.barosa.com\\\/politicaprivacidade\\\/\"}]}<\/script>\n<!-- \/ Yoast SEO Premium plugin. -->","yoast_head_json":{"title":"Flora Plant Professional alternative to cream 31% 1L - BAROSA Congelados | Manuel de Sousa Barosa, Lda.","description":"Developed for professional kitchen use, it replaces cream in cooking applications.","robots":{"index":"index","follow":"follow","max-snippet":"max-snippet:-1","max-image-preview":"max-image-preview:large","max-video-preview":"max-video-preview:-1"},"canonical":"https:\/\/www.barosa.com\/en\/product-2\/flora-plant-profissional-alternativa-as-natas-31-1l\/","og_locale":"en_GB","og_type":"article","og_title":"Flora Plant Profissional alternativa \u00e0s natas 31% 1L","og_description":"Desenvolvido para a cozinha profissional, susbtitui as natas em aplica\u00e7\u00f5es de cozinha","og_url":"https:\/\/www.barosa.com\/en\/product-2\/flora-plant-profissional-alternativa-as-natas-31-1l\/","og_site_name":"BAROSA Congelados | Manuel de Sousa Barosa, Lda.","article_publisher":"http:\/\/www.facebook.com\/barosa\/","article_modified_time":"2023-08-28T14:52:39+00:00","og_image":[{"width":1024,"height":1024,"url":"https:\/\/www.barosa.com\/wp-content\/uploads\/2021\/11\/Flora-Plant-Profissional-alternativa-as-natas-31-1L.jpg","type":"image\/jpeg"}],"twitter_card":"summary_large_image","twitter_site":"@barosa_lda","schema":{"@context":"https:\/\/schema.org","@graph":[{"@type":"WebPage","@id":"https:\/\/www.barosa.com\/produto\/flora-plant-profissional-alternativa-as-natas-31-1l\/","url":"https:\/\/www.barosa.com\/produto\/flora-plant-profissional-alternativa-as-natas-31-1l\/","name":"Flora Plant Professional alternative to cream 31% 1L - BAROSA Congelados | Manuel de Sousa Barosa, Lda.","isPartOf":{"@id":"https:\/\/www.barosa.com\/#website"},"primaryImageOfPage":{"@id":"https:\/\/www.barosa.com\/produto\/flora-plant-profissional-alternativa-as-natas-31-1l\/#primaryimage"},"image":{"@id":"https:\/\/www.barosa.com\/produto\/flora-plant-profissional-alternativa-as-natas-31-1l\/#primaryimage"},"thumbnailUrl":"https:\/\/www.barosa.com\/wp-content\/uploads\/2021\/11\/Flora-Plant-Profissional-alternativa-as-natas-31-1L.jpg","datePublished":"2021-11-08T12:38:37+00:00","dateModified":"2023-08-28T14:52:39+00:00","description":"Developed for professional kitchen use, it replaces cream in cooking applications.","breadcrumb":{"@id":"https:\/\/www.barosa.com\/produto\/flora-plant-profissional-alternativa-as-natas-31-1l\/#breadcrumb"},"inLanguage":"en-GB","potentialAction":[{"@type":"ReadAction","target":["https:\/\/www.barosa.com\/produto\/flora-plant-profissional-alternativa-as-natas-31-1l\/"]}]},{"@type":"ImageObject","inLanguage":"en-GB","@id":"https:\/\/www.barosa.com\/produto\/flora-plant-profissional-alternativa-as-natas-31-1l\/#primaryimage","url":"https:\/\/www.barosa.com\/wp-content\/uploads\/2021\/11\/Flora-Plant-Profissional-alternativa-as-natas-31-1L.jpg","contentUrl":"https:\/\/www.barosa.com\/wp-content\/uploads\/2021\/11\/Flora-Plant-Profissional-alternativa-as-natas-31-1L.jpg","width":1024,"height":1024,"caption":"Flora Plant Profissional alternativa \u00e0s natas 31% 1L"},{"@type":"BreadcrumbList","@id":"https:\/\/www.barosa.com\/produto\/flora-plant-profissional-alternativa-as-natas-31-1l\/#breadcrumb","itemListElement":[{"@type":"ListItem","position":1,"name":"In\u00edcio","item":"https:\/\/www.barosa.com\/"},{"@type":"ListItem","position":2,"name":"Shop","item":"https:\/\/www.barosa.com\/shop\/"},{"@type":"ListItem","position":3,"name":"Flora Plant Profissional alternativa \u00e0s natas 31% 1L"}]},{"@type":"WebSite","@id":"https:\/\/www.barosa.com\/#website","url":"https:\/\/www.barosa.com\/","name":"BAROSA Frozen Foods | Manuel de Sousa Barosa, Ltd.","description":"Company specialising in the processing and marketing of frozen food products. BAROSA \u00ae Seafood, \"No good fork can resist\u00ae\". BAROSA \u00ae FoodService \"The good side of food\u00ae\". Seafood Crustaceans Shellfish Cephalopods Bivalves Bakery Pastries Pizzas Desserts","publisher":{"@id":"https:\/\/www.barosa.com\/#organization"},"alternateName":"BAROSA\u00ae","potentialAction":[{"@type":"SearchAction","target":{"@type":"EntryPoint","urlTemplate":"https:\/\/www.barosa.com\/?s={search_term_string}"},"query-input":{"@type":"PropertyValueSpecification","valueRequired":true,"valueName":"search_term_string"}}],"inLanguage":"en-GB"},{"@type":"Organization","@id":"https:\/\/www.barosa.com\/#organization","name":"Manuel de Sousa Barosa, Ltd.","alternateName":"BAROSA","url":"https:\/\/www.barosa.com\/","logo":{"@type":"ImageObject","inLanguage":"en-GB","@id":"https:\/\/www.barosa.com\/#\/schema\/logo\/image\/","url":"https:\/\/www.barosa.com\/wp-content\/uploads\/2025\/03\/BAROSA-Logo-696x696-1.jpg","contentUrl":"https:\/\/www.barosa.com\/wp-content\/uploads\/2025\/03\/BAROSA-Logo-696x696-1.jpg","width":696,"height":696,"caption":"Manuel de Sousa Barosa, Lda."},"image":{"@id":"https:\/\/www.barosa.com\/#\/schema\/logo\/image\/"},"sameAs":["http:\/\/www.facebook.com\/barosa\/","https:\/\/x.com\/barosa_lda","https:\/\/www.instagram.com\/barosa_lda\/","https:\/\/pt.linkedin.com\/company\/barosa-lda"],"description":"Company specialising in the processing and marketing of frozen food products. BAROSA \u00ae Pescados, \"No good fork can resist\u00ae\". BAROSA \u00ae FoodService \"The good side of food!\u00ae\"","email":"info@barosa.com","telephone":"+351 262824403","legalName":"Manuel de Sousa Barosa, Lda.","foundingDate":"1975-05-21","vatID":"503365190","taxID":"503365190","duns":"452388713","numberOfEmployees":{"@type":"QuantitativeValue","minValue":"11","maxValue":"50"},"ethicsPolicy":"https:\/\/www.barosa.com\/politicaprivacidade\/"}]}},"_links":{"self":[{"href":"https:\/\/www.barosa.com\/en\/wp-json\/wp\/v2\/product\/6560","targetHints":{"allow":["GET"]}}],"collection":[{"href":"https:\/\/www.barosa.com\/en\/wp-json\/wp\/v2\/product"}],"about":[{"href":"https:\/\/www.barosa.com\/en\/wp-json\/wp\/v2\/types\/product"}],"wp:featuredmedia":[{"embeddable":true,"href":"https:\/\/www.barosa.com\/en\/wp-json\/wp\/v2\/media\/6561"}],"wp:attachment":[{"href":"https:\/\/www.barosa.com\/en\/wp-json\/wp\/v2\/media?parent=6560"}],"wp:term":[{"taxonomy":"product_brand","embeddable":true,"href":"https:\/\/www.barosa.com\/en\/wp-json\/wp\/v2\/product_brand?post=6560"},{"taxonomy":"product_cat","embeddable":true,"href":"https:\/\/www.barosa.com\/en\/wp-json\/wp\/v2\/product_cat?post=6560"},{"taxonomy":"product_tag","embeddable":true,"href":"https:\/\/www.barosa.com\/en\/wp-json\/wp\/v2\/product_tag?post=6560"}],"curies":[{"name":"wp","href":"https:\/\/api.w.org\/{rel}","templated":true}]}}