{"id":6251,"date":"2021-04-06T15:23:52","date_gmt":"2021-04-06T15:23:52","guid":{"rendered":"https:\/\/www.barosa.com\/?post_type=product&#038;p=6251"},"modified":"2025-05-01T00:00:01","modified_gmt":"2025-05-01T00:00:01","slug":"azolia-excellent-10-lts","status":"publish","type":"product","link":"https:\/\/www.barosa.com\/en\/produto\/azolia-excellent-10-lts\/","title":{"rendered":"Azolia Excellent 10 Lts"},"content":{"rendered":"","protected":false},"excerpt":{"rendered":"<h2>Alta cozinha nos seus fritos, rendimento m\u00e1ximo.<\/h2>\n<p><strong>Formato: <\/strong>Embalagem com 10 Litros<\/p>\n<p><strong>Descri\u00e7\u00e3o<\/strong><\/p>\n<p>\u00d3leo de alto rendimento com uma elevada percentagem de Alta Concentra\u00e7\u00e3o de \u00c1cido Oleico, L\u00edder entre os \u00f3leos l\u00edquidos pela sua composi\u00e7\u00e3o, eficaz nas frituras de imers\u00e3o com acabamento gourmet. Composto por uma sele\u00e7\u00e3o de \u00f3leos 100% vegetais, rico em \u00e1cidos gordos insaturados que proporcionam elevadas qualidades nutricionais.<\/p>\n[bg_collapse view=\"link\" color=\"#4a4949\" icon=\"arrow\" expand_text=\"Mostrar mais informa\u00e7\u00f5es\" collapse_text=\"Esconder informa\u00e7\u00f5es\" ]<\/p>\n<p>\u00c9 uma mistura de gorduras e \u00f3leos vegetais, com os quais s\u00e3o alcan\u00e7adas as seguintes caracter\u00edsticas:<\/p>\n<ul>\n<li>Utiliza\u00e7\u00e3o profissional<\/li>\n<li>Alto ponto de fumo<\/li>\n<li>N\u00e3o faz espuma<\/li>\n<li>N\u00e3o mistura sabores<\/li>\n<li>Inodoro<\/li>\n<li>Grande estabilidade e rendimento<\/li>\n<li>Absor\u00e7\u00e3o reduzida de \u00f3leo<\/li>\n<\/ul>\n<p><strong>Concelhos de Utiliza\u00e7\u00e3o<\/strong><\/p>\n<ul>\n<li>Filtrar o \u00f3leo periodicamente;<\/li>\n<li>Durante o per\u00edodo de descanso n\u00e3o ter o term\u00f3stato a mais de 90\u00ba;<\/li>\n<li>Secar os alimentos antes de introduzir na fritadeira;<\/li>\n<li>N\u00e3o misturar com outros tipos de \u00f3leos;<\/li>\n<li>N\u00e3o adicionar sal aos alimentos antes e durante a fritura;<\/li>\n<li>N\u00e3o sobrecarregar o cesto da fritadeira, manter uma por\u00e7\u00e3o de 6 partes de \u00f3leo para 1 de alimentos;<\/li>\n<li>Utilizar um coador, ou uma escumadeira para eliminar os restos de comida que flutuam no \u00f3leo.<\/li>\n<\/ul>\n<p><strong>Embalagem<\/strong><br \/>\n10 Lts<\/p>\n<p><strong>Alerg\u00e9nios<\/strong><br \/>\nAus\u00eancia de ingredientes alerg\u00e9nicos mencionados no Anexo III bis da Diretiva 2007\/68 \/ CE e o Regulamento (UE) n.\u00ba 1169\/2011 do Parlamento Europeu e do Conselho de 25 Outubro de 2011 sobre a informa\u00e7\u00e3o alimentar fornecida ao consumidor e pela qual \u00e9 Alterar os Regulamentos (CE) n.\u00ba 1924\/2006 e (CE) n.\u00ba 1925\/2006 do Parlamento Europeu n\u00e3o sendo necess\u00e1rio rotul\u00e1-los.<\/p>\n<p>[\/bg_collapse]\n<p><strong>Marca:<\/strong> Azolia<\/p>\n","protected":false},"featured_media":6252,"template":"","meta":[],"product_brand":[],"product_cat":[228],"product_tag":[],"class_list":{"0":"post-6251","1":"product","2":"type-product","3":"status-publish","4":"has-post-thumbnail","6":"product_cat-azeite-oleos-vinagre","8":"first","9":"instock","10":"taxable","11":"shipping-taxable","12":"purchasable","13":"product-type-simple"},"yoast_head":"<!-- This site is optimized with the Yoast SEO Premium plugin v27.6 (Yoast SEO v27.6) - https:\/\/yoast.com\/product\/yoast-seo-premium-wordpress\/ -->\n<title>Azolia Excellent 10 Lts - BAROSA Congelados | Manuel de Sousa Barosa, Lda.<\/title>\n<meta name=\"description\" content=\"\u00d3leo de alto rendimento com uma elevada percentagem de Alta Concentra\u00e7\u00e3o de \u00c1cido Oleico, L\u00edder entre os \u00f3leos l\u00edquidos pela sua composi\u00e7\u00e3o.\" \/>\n<meta name=\"robots\" content=\"index, follow, max-snippet:-1, max-image-preview:large, max-video-preview:-1\" \/>\n<link rel=\"canonical\" href=\"https:\/\/www.barosa.com\/en\/product-2\/azolia-excellent-10-lts\/\" \/>\n<meta property=\"og:locale\" content=\"en_GB\" \/>\n<meta property=\"og:type\" content=\"article\" \/>\n<meta property=\"og:title\" content=\"Azolia Excellent 10 Lts\" \/>\n<meta property=\"og:description\" content=\"\u00d3leo de alto rendimento com uma elevada percentagem de Alta Concentra\u00e7\u00e3o de \u00c1cido Oleico, L\u00edder entre os \u00f3leos l\u00edquidos pela sua composi\u00e7\u00e3o.\" \/>\n<meta property=\"og:url\" content=\"https:\/\/www.barosa.com\/en\/product-2\/azolia-excellent-10-lts\/\" \/>\n<meta property=\"og:site_name\" content=\"BAROSA Congelados | Manuel de Sousa Barosa, Lda.\" \/>\n<meta property=\"article:publisher\" content=\"http:\/\/www.facebook.com\/barosa\/\" \/>\n<meta property=\"article:modified_time\" content=\"2025-05-01T00:00:01+00:00\" \/>\n<meta property=\"og:image\" content=\"https:\/\/www.barosa.com\/wp-content\/uploads\/2021\/04\/F3-1105006.jpg\" \/>\n\t<meta property=\"og:image:width\" content=\"1024\" \/>\n\t<meta property=\"og:image:height\" content=\"1024\" \/>\n\t<meta property=\"og:image:type\" content=\"image\/jpeg\" \/>\n<meta name=\"twitter:card\" content=\"summary_large_image\" \/>\n<meta name=\"twitter:site\" content=\"@barosa_lda\" \/>\n<meta name=\"twitter:label1\" content=\"Estimated reading time\" \/>\n\t<meta name=\"twitter:data1\" content=\"1 minute\" \/>\n<script type=\"application\/ld+json\" class=\"yoast-schema-graph\">{\"@context\":\"https:\\\/\\\/schema.org\",\"@graph\":[{\"@type\":\"WebPage\",\"@id\":\"https:\\\/\\\/www.barosa.com\\\/produto\\\/azolia-excellent-10-lts\\\/\",\"url\":\"https:\\\/\\\/www.barosa.com\\\/produto\\\/azolia-excellent-10-lts\\\/\",\"name\":\"Azolia Excellent 10 Lts - BAROSA Congelados | Manuel de Sousa Barosa, Lda.\",\"isPartOf\":{\"@id\":\"https:\\\/\\\/www.barosa.com\\\/#website\"},\"primaryImageOfPage\":{\"@id\":\"https:\\\/\\\/www.barosa.com\\\/produto\\\/azolia-excellent-10-lts\\\/#primaryimage\"},\"image\":{\"@id\":\"https:\\\/\\\/www.barosa.com\\\/produto\\\/azolia-excellent-10-lts\\\/#primaryimage\"},\"thumbnailUrl\":\"https:\\\/\\\/www.barosa.com\\\/wp-content\\\/uploads\\\/2021\\\/04\\\/F3-1105006.jpg\",\"datePublished\":\"2021-04-06T15:23:52+00:00\",\"dateModified\":\"2025-05-01T00:00:01+00:00\",\"description\":\"\u00d3leo de alto rendimento com uma elevada percentagem de Alta Concentra\u00e7\u00e3o de \u00c1cido Oleico, L\u00edder entre os \u00f3leos l\u00edquidos pela sua composi\u00e7\u00e3o.\",\"breadcrumb\":{\"@id\":\"https:\\\/\\\/www.barosa.com\\\/produto\\\/azolia-excellent-10-lts\\\/#breadcrumb\"},\"inLanguage\":\"en-GB\",\"potentialAction\":[{\"@type\":\"ReadAction\",\"target\":[\"https:\\\/\\\/www.barosa.com\\\/produto\\\/azolia-excellent-10-lts\\\/\"]}]},{\"@type\":\"ImageObject\",\"inLanguage\":\"en-GB\",\"@id\":\"https:\\\/\\\/www.barosa.com\\\/produto\\\/azolia-excellent-10-lts\\\/#primaryimage\",\"url\":\"https:\\\/\\\/www.barosa.com\\\/wp-content\\\/uploads\\\/2021\\\/04\\\/F3-1105006.jpg\",\"contentUrl\":\"https:\\\/\\\/www.barosa.com\\\/wp-content\\\/uploads\\\/2021\\\/04\\\/F3-1105006.jpg\",\"width\":1024,\"height\":1024,\"caption\":\"Azolia Excellent 10 Lts\"},{\"@type\":\"BreadcrumbList\",\"@id\":\"https:\\\/\\\/www.barosa.com\\\/produto\\\/azolia-excellent-10-lts\\\/#breadcrumb\",\"itemListElement\":[{\"@type\":\"ListItem\",\"position\":1,\"name\":\"In\u00edcio\",\"item\":\"https:\\\/\\\/www.barosa.com\\\/\"},{\"@type\":\"ListItem\",\"position\":2,\"name\":\"Shop\",\"item\":\"https:\\\/\\\/www.barosa.com\\\/shop\\\/\"},{\"@type\":\"ListItem\",\"position\":3,\"name\":\"Azolia Excellent 10 Lts\"}]},{\"@type\":\"WebSite\",\"@id\":\"https:\\\/\\\/www.barosa.com\\\/#website\",\"url\":\"https:\\\/\\\/www.barosa.com\\\/\",\"name\":\"BAROSA Congelados | Manuel de Sousa Barosa, Lda.\",\"description\":\"Empresa de transforma\u00e7\u00e3o e comercializa\u00e7\u00e3o de produtos alimentares congelados. BAROSA \u00ae Pescados, &quot;N\u00e3o h\u00e1 bom garfo que resista\u00ae&quot;. BAROSA \u00ae FoodService &quot;O lado bom da comida\u00ae&quot;. Pescados Crust\u00e1ceos Mariscos Cefal\u00f3podes Bivalves Padaria Pastelaria Pizzas Sobremesas\",\"publisher\":{\"@id\":\"https:\\\/\\\/www.barosa.com\\\/#organization\"},\"alternateName\":\"BAROSA\u00ae\",\"potentialAction\":[{\"@type\":\"SearchAction\",\"target\":{\"@type\":\"EntryPoint\",\"urlTemplate\":\"https:\\\/\\\/www.barosa.com\\\/?s={search_term_string}\"},\"query-input\":{\"@type\":\"PropertyValueSpecification\",\"valueRequired\":true,\"valueName\":\"search_term_string\"}}],\"inLanguage\":\"en-GB\"},{\"@type\":\"Organization\",\"@id\":\"https:\\\/\\\/www.barosa.com\\\/#organization\",\"name\":\"Manuel de Sousa Barosa, Lda.\",\"alternateName\":\"BAROSA\",\"url\":\"https:\\\/\\\/www.barosa.com\\\/\",\"logo\":{\"@type\":\"ImageObject\",\"inLanguage\":\"en-GB\",\"@id\":\"https:\\\/\\\/www.barosa.com\\\/#\\\/schema\\\/logo\\\/image\\\/\",\"url\":\"https:\\\/\\\/www.barosa.com\\\/wp-content\\\/uploads\\\/2025\\\/03\\\/BAROSA-Logo-696x696-1.jpg\",\"contentUrl\":\"https:\\\/\\\/www.barosa.com\\\/wp-content\\\/uploads\\\/2025\\\/03\\\/BAROSA-Logo-696x696-1.jpg\",\"width\":696,\"height\":696,\"caption\":\"Manuel de Sousa Barosa, Lda.\"},\"image\":{\"@id\":\"https:\\\/\\\/www.barosa.com\\\/#\\\/schema\\\/logo\\\/image\\\/\"},\"sameAs\":[\"http:\\\/\\\/www.facebook.com\\\/barosa\\\/\",\"https:\\\/\\\/x.com\\\/barosa_lda\",\"https:\\\/\\\/www.instagram.com\\\/barosa_lda\\\/\",\"https:\\\/\\\/pt.linkedin.com\\\/company\\\/barosa-lda\"],\"description\":\"Empresa de transforma\u00e7\u00e3o e comercializa\u00e7\u00e3o de produtos alimentares congelados. BAROSA \u00ae Pescados, \\\"N\u00e3o h\u00e1 bom garfo que resista\u00ae\\\". BAROSA \u00ae FoodService \\\"O lado bom da comida!\u00ae\\\"\",\"email\":\"info@barosa.com\",\"telephone\":\"+351 262824403\",\"legalName\":\"Manuel de Sousa Barosa, Lda.\",\"foundingDate\":\"1975-05-21\",\"vatID\":\"503365190\",\"taxID\":\"503365190\",\"duns\":\"452388713\",\"numberOfEmployees\":{\"@type\":\"QuantitativeValue\",\"minValue\":\"11\",\"maxValue\":\"50\"},\"ethicsPolicy\":\"https:\\\/\\\/www.barosa.com\\\/politicaprivacidade\\\/\"}]}<\/script>\n<!-- \/ Yoast SEO Premium plugin. -->","yoast_head_json":{"title":"Azolia Excellent 10 Lts - BAROSA Congelados | Manuel de Sousa Barosa, Lda.","description":"High performance oil with a high percentage of High Concentration of Oleic Acid, the leader among liquid oils in terms of its composition.","robots":{"index":"index","follow":"follow","max-snippet":"max-snippet:-1","max-image-preview":"max-image-preview:large","max-video-preview":"max-video-preview:-1"},"canonical":"https:\/\/www.barosa.com\/en\/product-2\/azolia-excellent-10-lts\/","og_locale":"en_GB","og_type":"article","og_title":"Azolia Excellent 10 Lts","og_description":"\u00d3leo de alto rendimento com uma elevada percentagem de Alta Concentra\u00e7\u00e3o de \u00c1cido Oleico, L\u00edder entre os \u00f3leos l\u00edquidos pela sua composi\u00e7\u00e3o.","og_url":"https:\/\/www.barosa.com\/en\/product-2\/azolia-excellent-10-lts\/","og_site_name":"BAROSA Congelados | Manuel de Sousa Barosa, Lda.","article_publisher":"http:\/\/www.facebook.com\/barosa\/","article_modified_time":"2025-05-01T00:00:01+00:00","og_image":[{"width":1024,"height":1024,"url":"https:\/\/www.barosa.com\/wp-content\/uploads\/2021\/04\/F3-1105006.jpg","type":"image\/jpeg"}],"twitter_card":"summary_large_image","twitter_site":"@barosa_lda","twitter_misc":{"Estimated reading time":"1 minute"},"schema":{"@context":"https:\/\/schema.org","@graph":[{"@type":"WebPage","@id":"https:\/\/www.barosa.com\/produto\/azolia-excellent-10-lts\/","url":"https:\/\/www.barosa.com\/produto\/azolia-excellent-10-lts\/","name":"Azolia Excellent 10 Lts - BAROSA Congelados | Manuel de Sousa Barosa, Lda.","isPartOf":{"@id":"https:\/\/www.barosa.com\/#website"},"primaryImageOfPage":{"@id":"https:\/\/www.barosa.com\/produto\/azolia-excellent-10-lts\/#primaryimage"},"image":{"@id":"https:\/\/www.barosa.com\/produto\/azolia-excellent-10-lts\/#primaryimage"},"thumbnailUrl":"https:\/\/www.barosa.com\/wp-content\/uploads\/2021\/04\/F3-1105006.jpg","datePublished":"2021-04-06T15:23:52+00:00","dateModified":"2025-05-01T00:00:01+00:00","description":"High performance oil with a high percentage of High Concentration of Oleic Acid, the leader among liquid oils in terms of its composition.","breadcrumb":{"@id":"https:\/\/www.barosa.com\/produto\/azolia-excellent-10-lts\/#breadcrumb"},"inLanguage":"en-GB","potentialAction":[{"@type":"ReadAction","target":["https:\/\/www.barosa.com\/produto\/azolia-excellent-10-lts\/"]}]},{"@type":"ImageObject","inLanguage":"en-GB","@id":"https:\/\/www.barosa.com\/produto\/azolia-excellent-10-lts\/#primaryimage","url":"https:\/\/www.barosa.com\/wp-content\/uploads\/2021\/04\/F3-1105006.jpg","contentUrl":"https:\/\/www.barosa.com\/wp-content\/uploads\/2021\/04\/F3-1105006.jpg","width":1024,"height":1024,"caption":"Azolia Excellent 10 Lts"},{"@type":"BreadcrumbList","@id":"https:\/\/www.barosa.com\/produto\/azolia-excellent-10-lts\/#breadcrumb","itemListElement":[{"@type":"ListItem","position":1,"name":"In\u00edcio","item":"https:\/\/www.barosa.com\/"},{"@type":"ListItem","position":2,"name":"Shop","item":"https:\/\/www.barosa.com\/shop\/"},{"@type":"ListItem","position":3,"name":"Azolia Excellent 10 Lts"}]},{"@type":"WebSite","@id":"https:\/\/www.barosa.com\/#website","url":"https:\/\/www.barosa.com\/","name":"BAROSA Frozen Foods | Manuel de Sousa Barosa, Ltd.","description":"Company specialising in the processing and marketing of frozen food products. BAROSA \u00ae Seafood, \"No good fork can resist\u00ae\". BAROSA \u00ae FoodService \"The good side of food\u00ae\". Seafood Crustaceans Shellfish Cephalopods Bivalves Bakery Pastries Pizzas Desserts","publisher":{"@id":"https:\/\/www.barosa.com\/#organization"},"alternateName":"BAROSA\u00ae","potentialAction":[{"@type":"SearchAction","target":{"@type":"EntryPoint","urlTemplate":"https:\/\/www.barosa.com\/?s={search_term_string}"},"query-input":{"@type":"PropertyValueSpecification","valueRequired":true,"valueName":"search_term_string"}}],"inLanguage":"en-GB"},{"@type":"Organization","@id":"https:\/\/www.barosa.com\/#organization","name":"Manuel de Sousa Barosa, Ltd.","alternateName":"BAROSA","url":"https:\/\/www.barosa.com\/","logo":{"@type":"ImageObject","inLanguage":"en-GB","@id":"https:\/\/www.barosa.com\/#\/schema\/logo\/image\/","url":"https:\/\/www.barosa.com\/wp-content\/uploads\/2025\/03\/BAROSA-Logo-696x696-1.jpg","contentUrl":"https:\/\/www.barosa.com\/wp-content\/uploads\/2025\/03\/BAROSA-Logo-696x696-1.jpg","width":696,"height":696,"caption":"Manuel de Sousa Barosa, Lda."},"image":{"@id":"https:\/\/www.barosa.com\/#\/schema\/logo\/image\/"},"sameAs":["http:\/\/www.facebook.com\/barosa\/","https:\/\/x.com\/barosa_lda","https:\/\/www.instagram.com\/barosa_lda\/","https:\/\/pt.linkedin.com\/company\/barosa-lda"],"description":"Company specialising in the processing and marketing of frozen food products. BAROSA \u00ae Pescados, \"No good fork can resist\u00ae\". BAROSA \u00ae FoodService \"The good side of food!\u00ae\"","email":"info@barosa.com","telephone":"+351 262824403","legalName":"Manuel de Sousa Barosa, Lda.","foundingDate":"1975-05-21","vatID":"503365190","taxID":"503365190","duns":"452388713","numberOfEmployees":{"@type":"QuantitativeValue","minValue":"11","maxValue":"50"},"ethicsPolicy":"https:\/\/www.barosa.com\/politicaprivacidade\/"}]}},"_links":{"self":[{"href":"https:\/\/www.barosa.com\/en\/wp-json\/wp\/v2\/product\/6251","targetHints":{"allow":["GET"]}}],"collection":[{"href":"https:\/\/www.barosa.com\/en\/wp-json\/wp\/v2\/product"}],"about":[{"href":"https:\/\/www.barosa.com\/en\/wp-json\/wp\/v2\/types\/product"}],"wp:featuredmedia":[{"embeddable":true,"href":"https:\/\/www.barosa.com\/en\/wp-json\/wp\/v2\/media\/6252"}],"wp:attachment":[{"href":"https:\/\/www.barosa.com\/en\/wp-json\/wp\/v2\/media?parent=6251"}],"wp:term":[{"taxonomy":"product_brand","embeddable":true,"href":"https:\/\/www.barosa.com\/en\/wp-json\/wp\/v2\/product_brand?post=6251"},{"taxonomy":"product_cat","embeddable":true,"href":"https:\/\/www.barosa.com\/en\/wp-json\/wp\/v2\/product_cat?post=6251"},{"taxonomy":"product_tag","embeddable":true,"href":"https:\/\/www.barosa.com\/en\/wp-json\/wp\/v2\/product_tag?post=6251"}],"curies":[{"name":"wp","href":"https:\/\/api.w.org\/{rel}","templated":true}]}}