{"id":5901,"date":"2020-10-16T10:39:50","date_gmt":"2020-10-16T10:39:50","guid":{"rendered":"https:\/\/www.barosa.com\/?post_type=product&#038;p=5901"},"modified":"2022-12-05T13:51:40","modified_gmt":"2022-12-05T12:51:40","slug":"hamburguer-de-quinoa-e-legumes","status":"publish","type":"product","link":"https:\/\/www.barosa.com\/en\/produto\/hamburguer-de-quinoa-e-legumes\/","title":{"rendered":"Quinoa and Vegetable Burger - Vegan"},"content":{"rendered":"","protected":false},"excerpt":{"rendered":"<p>Este hamb\u00farguer vegan \u00e9 feito de vegetais deliciosos e \u00e9 uma \u00f3tima entrada, acompanhamento ou uma refei\u00e7\u00e3o de hamb\u00farguer vegano surpreendente. A crosta de quinoa torna o hamb\u00farguer deliciosamente crocante.<\/p>\n<p>Tipo de embalagem:<\/p>\n<ul>\n<li>Peso unit\u00e1rio: \u00b175 grs<\/li>\n<li>Numero de unidades: \u00b1 30<\/li>\n<li>Peso por caixa: 2.4 Kg<\/li>\n<\/ul>\n[bg_collapse view=\"link\" color=\"#4a4949\" expand_text=\"Mostrar mais \u25bc\" collapse_text=\"Mostrar menos \u25b2\" ]<\/p>\n<p>Modos de prepara\u00e7\u00e3o:<\/p>\n<ul>\n<li>Fritar a 180\u00b0C &#8211; 4min<\/li>\n<li>Asse em forno pr\u00e9-aquecido a 200 \u00b0 C por 12-15 min. at\u00e9 dourar, virando uma vez.<\/li>\n<li>Aque\u00e7a 1 &#8211; 2 colheres de sopa de \u00f3leo vegetal em uma frigideira. Coloque a quantidade desejada do produto na frigideira e leve ao fogo m\u00e9dio mexendo bem.<\/li>\n<\/ul>\n<p>Alerg\u00e9nicos: Gl\u00faten, soja<\/p>\n<p>Ingredientes:<\/p>\n<p>Couve encaracolada 18%, quinoa pr\u00e9-cozida 13% (\u00e1gua, quinoa), \u00e1gua, empanados (farinha de espelta, quinoa tufada, \u00f3leo de girassol, sal, fermento), \u00f3leo de girassol, batata, cenoura, cebola torrada (cebola, \u00f3leo de colza), soja feij\u00e3o, flocos de batata, farinha de trigo, caldo de vegetais (sal iodado (sal, iodato de pot\u00e1ssio), maltodextrina, cebola em p\u00f3, alho em p\u00f3, especiarias, \u00f3leo de colza), molho de soja (\u00e1gua, sal, soja, trigo), sal iodado ( sal, iodeto de pot\u00e1ssio), a\u00e7\u00facar, caril em p\u00f3, alho em p\u00f3, gengibre em p\u00f3, pimenta preta.<\/p>\n<p>[\/bg_collapse]\n<p>Marca: Ardo<\/p>\n<h6><em>Produto congelado<\/em><\/h6>\n","protected":false},"featured_media":5902,"template":"","meta":[],"product_brand":[],"product_cat":[446,182],"product_tag":[],"class_list":{"0":"post-5901","1":"product","2":"type-product","3":"status-publish","4":"has-post-thumbnail","6":"product_cat-alternativos-a-carne","7":"product_cat-vegetais-catering","8":"pa_preco-675e","10":"first","11":"instock","12":"taxable","13":"shipping-taxable","14":"purchasable","15":"product-type-simple"},"yoast_head":"<!-- This site is optimized with the Yoast SEO Premium plugin v27.4 (Yoast SEO v27.5) - https:\/\/yoast.com\/product\/yoast-seo-premium-wordpress\/ -->\n<title>Hamb\u00farguer de Quinoa e Legumes - Vegan - BAROSA Congelados | Manuel de Sousa Barosa, Lda.<\/title>\n<meta name=\"description\" content=\"Este hamb\u00farguer vegetariano \u00e9 feito de vegetais deliciosos e \u00e9 uma \u00f3tima entrada, acompanhamento ou uma refei\u00e7\u00e3o de hamb\u00farguer vegano surpreendente. A crosta de quinua torna o hamb\u00farguer deliciosamente crocante.\" \/>\n<meta name=\"robots\" content=\"index, follow, max-snippet:-1, max-image-preview:large, max-video-preview:-1\" \/>\n<link rel=\"canonical\" href=\"https:\/\/www.barosa.com\/en\/product-2\/hamburguer-de-quinoa-e-legumes\/\" \/>\n<meta property=\"og:locale\" content=\"en_GB\" \/>\n<meta property=\"og:type\" content=\"article\" \/>\n<meta property=\"og:title\" content=\"Hamb\u00farguer de Quinoa e Legumes - Vegan\" \/>\n<meta property=\"og:description\" content=\"Este hamb\u00farguer vegetariano \u00e9 feito de vegetais deliciosos e \u00e9 uma \u00f3tima entrada, acompanhamento ou uma refei\u00e7\u00e3o de hamb\u00farguer vegano surpreendente. A crosta de quinua torna o hamb\u00farguer deliciosamente crocante.\" \/>\n<meta property=\"og:url\" content=\"https:\/\/www.barosa.com\/en\/product-2\/hamburguer-de-quinoa-e-legumes\/\" \/>\n<meta property=\"og:site_name\" content=\"BAROSA Congelados | Manuel de Sousa Barosa, Lda.\" \/>\n<meta property=\"article:publisher\" content=\"http:\/\/www.facebook.com\/barosa\/\" \/>\n<meta property=\"article:modified_time\" content=\"2022-12-05T12:51:40+00:00\" \/>\n<meta property=\"og:image\" content=\"https:\/\/www.barosa.com\/wp-content\/uploads\/2020\/10\/F3-987-1.jpg\" \/>\n\t<meta property=\"og:image:width\" content=\"1280\" \/>\n\t<meta property=\"og:image:height\" content=\"1280\" \/>\n\t<meta property=\"og:image:type\" content=\"image\/jpeg\" \/>\n<meta name=\"twitter:card\" content=\"summary_large_image\" \/>\n<meta name=\"twitter:site\" content=\"@barosa_lda\" \/>\n<script type=\"application\/ld+json\" class=\"yoast-schema-graph\">{\"@context\":\"https:\\\/\\\/schema.org\",\"@graph\":[{\"@type\":\"WebPage\",\"@id\":\"https:\\\/\\\/www.barosa.com\\\/produto\\\/hamburguer-de-quinoa-e-legumes\\\/\",\"url\":\"https:\\\/\\\/www.barosa.com\\\/produto\\\/hamburguer-de-quinoa-e-legumes\\\/\",\"name\":\"Hamb\u00farguer de Quinoa e Legumes - Vegan - BAROSA Congelados | Manuel de Sousa Barosa, Lda.\",\"isPartOf\":{\"@id\":\"https:\\\/\\\/www.barosa.com\\\/#website\"},\"primaryImageOfPage\":{\"@id\":\"https:\\\/\\\/www.barosa.com\\\/produto\\\/hamburguer-de-quinoa-e-legumes\\\/#primaryimage\"},\"image\":{\"@id\":\"https:\\\/\\\/www.barosa.com\\\/produto\\\/hamburguer-de-quinoa-e-legumes\\\/#primaryimage\"},\"thumbnailUrl\":\"https:\\\/\\\/www.barosa.com\\\/wp-content\\\/uploads\\\/2020\\\/10\\\/F3-987-1.jpg\",\"datePublished\":\"2020-10-16T10:39:50+00:00\",\"dateModified\":\"2022-12-05T12:51:40+00:00\",\"description\":\"Este hamb\u00farguer vegetariano \u00e9 feito de vegetais deliciosos e \u00e9 uma \u00f3tima entrada, acompanhamento ou uma refei\u00e7\u00e3o de hamb\u00farguer vegano surpreendente. A crosta de quinua torna o hamb\u00farguer deliciosamente crocante.\",\"breadcrumb\":{\"@id\":\"https:\\\/\\\/www.barosa.com\\\/produto\\\/hamburguer-de-quinoa-e-legumes\\\/#breadcrumb\"},\"inLanguage\":\"en-GB\",\"potentialAction\":[{\"@type\":\"ReadAction\",\"target\":[\"https:\\\/\\\/www.barosa.com\\\/produto\\\/hamburguer-de-quinoa-e-legumes\\\/\"]}]},{\"@type\":\"ImageObject\",\"inLanguage\":\"en-GB\",\"@id\":\"https:\\\/\\\/www.barosa.com\\\/produto\\\/hamburguer-de-quinoa-e-legumes\\\/#primaryimage\",\"url\":\"https:\\\/\\\/www.barosa.com\\\/wp-content\\\/uploads\\\/2020\\\/10\\\/F3-987-1.jpg\",\"contentUrl\":\"https:\\\/\\\/www.barosa.com\\\/wp-content\\\/uploads\\\/2020\\\/10\\\/F3-987-1.jpg\",\"width\":1280,\"height\":1280,\"caption\":\"Hamb\u00farguer de Quinoa e Legumes\"},{\"@type\":\"BreadcrumbList\",\"@id\":\"https:\\\/\\\/www.barosa.com\\\/produto\\\/hamburguer-de-quinoa-e-legumes\\\/#breadcrumb\",\"itemListElement\":[{\"@type\":\"ListItem\",\"position\":1,\"name\":\"In\u00edcio\",\"item\":\"https:\\\/\\\/www.barosa.com\\\/\"},{\"@type\":\"ListItem\",\"position\":2,\"name\":\"Shop\",\"item\":\"https:\\\/\\\/www.barosa.com\\\/shop\\\/\"},{\"@type\":\"ListItem\",\"position\":3,\"name\":\"Hamb\u00farguer de Quinoa e Legumes &#8211; Vegan\"}]},{\"@type\":\"WebSite\",\"@id\":\"https:\\\/\\\/www.barosa.com\\\/#website\",\"url\":\"https:\\\/\\\/www.barosa.com\\\/\",\"name\":\"BAROSA Congelados | Manuel de Sousa Barosa, Lda.\",\"description\":\"Empresa de transforma\u00e7\u00e3o e comercializa\u00e7\u00e3o de produtos alimentares congelados. BAROSA \u00ae Pescados, &quot;N\u00e3o h\u00e1 bom garfo que resista\u00ae&quot;. BAROSA \u00ae FoodService &quot;O lado bom da comida\u00ae&quot;. Pescados Crust\u00e1ceos Mariscos Cefal\u00f3podes Bivalves Padaria Pastelaria Pizzas Sobremesas\",\"publisher\":{\"@id\":\"https:\\\/\\\/www.barosa.com\\\/#organization\"},\"alternateName\":\"BAROSA\u00ae\",\"potentialAction\":[{\"@type\":\"SearchAction\",\"target\":{\"@type\":\"EntryPoint\",\"urlTemplate\":\"https:\\\/\\\/www.barosa.com\\\/?s={search_term_string}\"},\"query-input\":{\"@type\":\"PropertyValueSpecification\",\"valueRequired\":true,\"valueName\":\"search_term_string\"}}],\"inLanguage\":\"en-GB\"},{\"@type\":\"Organization\",\"@id\":\"https:\\\/\\\/www.barosa.com\\\/#organization\",\"name\":\"Manuel de Sousa Barosa, Lda.\",\"alternateName\":\"BAROSA\",\"url\":\"https:\\\/\\\/www.barosa.com\\\/\",\"logo\":{\"@type\":\"ImageObject\",\"inLanguage\":\"en-GB\",\"@id\":\"https:\\\/\\\/www.barosa.com\\\/#\\\/schema\\\/logo\\\/image\\\/\",\"url\":\"https:\\\/\\\/www.barosa.com\\\/wp-content\\\/uploads\\\/2025\\\/03\\\/BAROSA-Logo-696x696-1.jpg\",\"contentUrl\":\"https:\\\/\\\/www.barosa.com\\\/wp-content\\\/uploads\\\/2025\\\/03\\\/BAROSA-Logo-696x696-1.jpg\",\"width\":696,\"height\":696,\"caption\":\"Manuel de Sousa Barosa, Lda.\"},\"image\":{\"@id\":\"https:\\\/\\\/www.barosa.com\\\/#\\\/schema\\\/logo\\\/image\\\/\"},\"sameAs\":[\"http:\\\/\\\/www.facebook.com\\\/barosa\\\/\",\"https:\\\/\\\/x.com\\\/barosa_lda\",\"https:\\\/\\\/www.instagram.com\\\/barosa_lda\\\/\",\"https:\\\/\\\/pt.linkedin.com\\\/company\\\/barosa-lda\"],\"description\":\"Empresa de transforma\u00e7\u00e3o e comercializa\u00e7\u00e3o de produtos alimentares congelados. BAROSA \u00ae Pescados, \\\"N\u00e3o h\u00e1 bom garfo que resista\u00ae\\\". BAROSA \u00ae FoodService \\\"O lado bom da comida!\u00ae\\\"\",\"email\":\"info@barosa.com\",\"telephone\":\"+351 262824403\",\"legalName\":\"Manuel de Sousa Barosa, Lda.\",\"foundingDate\":\"1975-05-21\",\"vatID\":\"503365190\",\"taxID\":\"503365190\",\"duns\":\"452388713\",\"numberOfEmployees\":{\"@type\":\"QuantitativeValue\",\"minValue\":\"11\",\"maxValue\":\"50\"},\"ethicsPolicy\":\"https:\\\/\\\/www.barosa.com\\\/politicaprivacidade\\\/\"}]}<\/script>\n<!-- \/ Yoast SEO Premium plugin. -->","yoast_head_json":{"title":"Quinoa and Vegetable Burger - Vegan - BAROSA Congelados | Manuel de Sousa Barosa, Lda.","description":"This veggie burger is made from delicious vegetables and is a great starter, side dish or surprise vegan burger meal. The quinoa crust makes the burger deliciously crunchy.","robots":{"index":"index","follow":"follow","max-snippet":"max-snippet:-1","max-image-preview":"max-image-preview:large","max-video-preview":"max-video-preview:-1"},"canonical":"https:\/\/www.barosa.com\/en\/product-2\/hamburguer-de-quinoa-e-legumes\/","og_locale":"en_GB","og_type":"article","og_title":"Hamb\u00farguer de Quinoa e Legumes - Vegan","og_description":"Este hamb\u00farguer vegetariano \u00e9 feito de vegetais deliciosos e \u00e9 uma \u00f3tima entrada, acompanhamento ou uma refei\u00e7\u00e3o de hamb\u00farguer vegano surpreendente. A crosta de quinua torna o hamb\u00farguer deliciosamente crocante.","og_url":"https:\/\/www.barosa.com\/en\/product-2\/hamburguer-de-quinoa-e-legumes\/","og_site_name":"BAROSA Congelados | Manuel de Sousa Barosa, Lda.","article_publisher":"http:\/\/www.facebook.com\/barosa\/","article_modified_time":"2022-12-05T12:51:40+00:00","og_image":[{"width":1280,"height":1280,"url":"https:\/\/www.barosa.com\/wp-content\/uploads\/2020\/10\/F3-987-1.jpg","type":"image\/jpeg"}],"twitter_card":"summary_large_image","twitter_site":"@barosa_lda","schema":{"@context":"https:\/\/schema.org","@graph":[{"@type":"WebPage","@id":"https:\/\/www.barosa.com\/produto\/hamburguer-de-quinoa-e-legumes\/","url":"https:\/\/www.barosa.com\/produto\/hamburguer-de-quinoa-e-legumes\/","name":"Quinoa and Vegetable Burger - Vegan - BAROSA Congelados | Manuel de Sousa Barosa, Lda.","isPartOf":{"@id":"https:\/\/www.barosa.com\/#website"},"primaryImageOfPage":{"@id":"https:\/\/www.barosa.com\/produto\/hamburguer-de-quinoa-e-legumes\/#primaryimage"},"image":{"@id":"https:\/\/www.barosa.com\/produto\/hamburguer-de-quinoa-e-legumes\/#primaryimage"},"thumbnailUrl":"https:\/\/www.barosa.com\/wp-content\/uploads\/2020\/10\/F3-987-1.jpg","datePublished":"2020-10-16T10:39:50+00:00","dateModified":"2022-12-05T12:51:40+00:00","description":"This veggie burger is made from delicious vegetables and is a great starter, side dish or surprise vegan burger meal. The quinoa crust makes the burger deliciously crunchy.","breadcrumb":{"@id":"https:\/\/www.barosa.com\/produto\/hamburguer-de-quinoa-e-legumes\/#breadcrumb"},"inLanguage":"en-GB","potentialAction":[{"@type":"ReadAction","target":["https:\/\/www.barosa.com\/produto\/hamburguer-de-quinoa-e-legumes\/"]}]},{"@type":"ImageObject","inLanguage":"en-GB","@id":"https:\/\/www.barosa.com\/produto\/hamburguer-de-quinoa-e-legumes\/#primaryimage","url":"https:\/\/www.barosa.com\/wp-content\/uploads\/2020\/10\/F3-987-1.jpg","contentUrl":"https:\/\/www.barosa.com\/wp-content\/uploads\/2020\/10\/F3-987-1.jpg","width":1280,"height":1280,"caption":"Hamb\u00farguer de Quinoa e Legumes"},{"@type":"BreadcrumbList","@id":"https:\/\/www.barosa.com\/produto\/hamburguer-de-quinoa-e-legumes\/#breadcrumb","itemListElement":[{"@type":"ListItem","position":1,"name":"In\u00edcio","item":"https:\/\/www.barosa.com\/"},{"@type":"ListItem","position":2,"name":"Shop","item":"https:\/\/www.barosa.com\/shop\/"},{"@type":"ListItem","position":3,"name":"Hamb\u00farguer de Quinoa e Legumes &#8211; Vegan"}]},{"@type":"WebSite","@id":"https:\/\/www.barosa.com\/#website","url":"https:\/\/www.barosa.com\/","name":"BAROSA Frozen Foods | Manuel de Sousa Barosa, Ltd.","description":"Company specialising in the processing and marketing of frozen food products. BAROSA \u00ae Seafood, \"No good fork can resist\u00ae\". BAROSA \u00ae FoodService \"The good side of food\u00ae\". Seafood Crustaceans Shellfish Cephalopods Bivalves Bakery Pastries Pizzas Desserts","publisher":{"@id":"https:\/\/www.barosa.com\/#organization"},"alternateName":"BAROSA\u00ae","potentialAction":[{"@type":"SearchAction","target":{"@type":"EntryPoint","urlTemplate":"https:\/\/www.barosa.com\/?s={search_term_string}"},"query-input":{"@type":"PropertyValueSpecification","valueRequired":true,"valueName":"search_term_string"}}],"inLanguage":"en-GB"},{"@type":"Organization","@id":"https:\/\/www.barosa.com\/#organization","name":"Manuel de Sousa Barosa, Ltd.","alternateName":"BAROSA","url":"https:\/\/www.barosa.com\/","logo":{"@type":"ImageObject","inLanguage":"en-GB","@id":"https:\/\/www.barosa.com\/#\/schema\/logo\/image\/","url":"https:\/\/www.barosa.com\/wp-content\/uploads\/2025\/03\/BAROSA-Logo-696x696-1.jpg","contentUrl":"https:\/\/www.barosa.com\/wp-content\/uploads\/2025\/03\/BAROSA-Logo-696x696-1.jpg","width":696,"height":696,"caption":"Manuel de Sousa Barosa, Lda."},"image":{"@id":"https:\/\/www.barosa.com\/#\/schema\/logo\/image\/"},"sameAs":["http:\/\/www.facebook.com\/barosa\/","https:\/\/x.com\/barosa_lda","https:\/\/www.instagram.com\/barosa_lda\/","https:\/\/pt.linkedin.com\/company\/barosa-lda"],"description":"Company specialising in the processing and marketing of frozen food products. BAROSA \u00ae Pescados, \"No good fork can resist\u00ae\". BAROSA \u00ae FoodService \"The good side of food!\u00ae\"","email":"info@barosa.com","telephone":"+351 262824403","legalName":"Manuel de Sousa Barosa, Lda.","foundingDate":"1975-05-21","vatID":"503365190","taxID":"503365190","duns":"452388713","numberOfEmployees":{"@type":"QuantitativeValue","minValue":"11","maxValue":"50"},"ethicsPolicy":"https:\/\/www.barosa.com\/politicaprivacidade\/"}]}},"_links":{"self":[{"href":"https:\/\/www.barosa.com\/en\/wp-json\/wp\/v2\/product\/5901","targetHints":{"allow":["GET"]}}],"collection":[{"href":"https:\/\/www.barosa.com\/en\/wp-json\/wp\/v2\/product"}],"about":[{"href":"https:\/\/www.barosa.com\/en\/wp-json\/wp\/v2\/types\/product"}],"wp:featuredmedia":[{"embeddable":true,"href":"https:\/\/www.barosa.com\/en\/wp-json\/wp\/v2\/media\/5902"}],"wp:attachment":[{"href":"https:\/\/www.barosa.com\/en\/wp-json\/wp\/v2\/media?parent=5901"}],"wp:term":[{"taxonomy":"product_brand","embeddable":true,"href":"https:\/\/www.barosa.com\/en\/wp-json\/wp\/v2\/product_brand?post=5901"},{"taxonomy":"product_cat","embeddable":true,"href":"https:\/\/www.barosa.com\/en\/wp-json\/wp\/v2\/product_cat?post=5901"},{"taxonomy":"product_tag","embeddable":true,"href":"https:\/\/www.barosa.com\/en\/wp-json\/wp\/v2\/product_tag?post=5901"}],"curies":[{"name":"wp","href":"https:\/\/api.w.org\/{rel}","templated":true}]}}