{"id":4504,"date":"2019-12-02T19:52:21","date_gmt":"2019-12-02T18:52:21","guid":{"rendered":"http:\/\/www.barosa.com\/?post_type=product&#038;p=4504"},"modified":"2025-03-31T16:45:21","modified_gmt":"2025-03-31T16:45:21","slug":"vaqueiro-profissional-creme-vegetal-culinario-e-fritura-rasa-70-1kg","status":"publish","type":"product","link":"https:\/\/www.barosa.com\/en\/produto\/vaqueiro-profissional-creme-vegetal-culinario-e-fritura-rasa-70-1kg\/","title":{"rendered":"Vaqueiro Professional culinary vegetable cream and shallow frying 70% 1Kg"},"content":{"rendered":"","protected":false},"excerpt":{"rendered":"<p><strong>Formato: <\/strong>Embalagem com 1 Kg<\/p>\n<p><strong>Descri\u00e7\u00e3o<\/strong><\/p>\n<p>Frituras rasas sem salpicos. Bolos mais volumosos. Maior rendimento. Isento de gl\u00faten.<\/p>\n[bg_collapse view=\"link\" color=\"#4a4949\" icon=\"arrow\" expand_text=\"\u00a0 \u00a0Mostrar mais\" collapse_text=\"\u00a0 \u00a0Mostrar menos\" ]<\/p>\n<p><strong>Alerg\u00e9neos<\/strong><br \/>\nIsento de gl\u00faten<\/p>\n<p><strong>Informa\u00e7\u00e3o diet\u00e9tica<\/strong><br \/>\nOvo Lacto Vegetariano<\/p>\n<p><strong>Embalagem<\/strong><br \/>\n1 Kg<\/p>\n<p><strong>Marca:<\/strong> Vaqueiro<\/p>\n<p>[\/bg_collapse]\n","protected":false},"featured_media":14843,"template":"","meta":[],"product_brand":[],"product_cat":[356],"product_tag":[],"class_list":{"0":"post-4504","1":"product","2":"type-product","3":"status-publish","4":"has-post-thumbnail","6":"product_cat-cremes-vegetais-manteigas","8":"first","9":"outofstock","10":"taxable","11":"shipping-taxable","12":"purchasable","13":"product-type-simple"},"yoast_head":"<!-- This site is optimized with the Yoast SEO Premium plugin v27.6 (Yoast SEO v27.6) - https:\/\/yoast.com\/product\/yoast-seo-premium-wordpress\/ -->\n<title>Vaqueiro Profissional creme vegetal culin\u00e1rio e fritura rasa 70% 1Kg - BAROSA Congelados | Manuel de Sousa Barosa, Lda.<\/title>\n<meta name=\"robots\" content=\"index, follow, max-snippet:-1, max-image-preview:large, max-video-preview:-1\" \/>\n<link rel=\"canonical\" href=\"https:\/\/www.barosa.com\/en\/product-2\/vaqueiro-profissional-creme-vegetal-culinario-e-fritura-rasa-70-1kg\/\" \/>\n<meta property=\"og:locale\" content=\"en_GB\" \/>\n<meta property=\"og:type\" content=\"article\" \/>\n<meta property=\"og:title\" content=\"Vaqueiro Profissional creme vegetal culin\u00e1rio e fritura rasa 70% 1Kg\" \/>\n<meta property=\"og:description\" content=\"Formato: Embalagem com 1 Kg  Descri\u00e7\u00e3o  Frituras rasas sem salpicos. Bolos mais volumosos. Maior rendimento. Isento de gl\u00faten.\" \/>\n<meta property=\"og:url\" content=\"https:\/\/www.barosa.com\/en\/product-2\/vaqueiro-profissional-creme-vegetal-culinario-e-fritura-rasa-70-1kg\/\" \/>\n<meta property=\"og:site_name\" content=\"BAROSA Congelados | Manuel de Sousa Barosa, Lda.\" \/>\n<meta property=\"article:publisher\" content=\"http:\/\/www.facebook.com\/barosa\/\" \/>\n<meta property=\"article:modified_time\" content=\"2025-03-31T16:45:21+00:00\" \/>\n<meta property=\"og:image\" content=\"https:\/\/www.barosa.com\/wp-content\/uploads\/2019\/12\/Vaqueiro-Profissional-70-MG-1Kg.webp\" \/>\n\t<meta property=\"og:image:width\" content=\"433\" \/>\n\t<meta property=\"og:image:height\" content=\"433\" \/>\n\t<meta property=\"og:image:type\" content=\"image\/jpeg\" \/>\n<meta name=\"twitter:card\" content=\"summary_large_image\" \/>\n<meta name=\"twitter:site\" content=\"@barosa_lda\" \/>\n<meta name=\"twitter:label1\" content=\"Estimated reading time\" \/>\n\t<meta name=\"twitter:data1\" content=\"1 minute\" \/>\n<script type=\"application\/ld+json\" class=\"yoast-schema-graph\">{\"@context\":\"https:\\\/\\\/schema.org\",\"@graph\":[{\"@type\":\"WebPage\",\"@id\":\"https:\\\/\\\/www.barosa.com\\\/produto\\\/vaqueiro-profissional-creme-vegetal-culinario-e-fritura-rasa-70-1kg\\\/\",\"url\":\"https:\\\/\\\/www.barosa.com\\\/produto\\\/vaqueiro-profissional-creme-vegetal-culinario-e-fritura-rasa-70-1kg\\\/\",\"name\":\"Vaqueiro Profissional creme vegetal culin\u00e1rio e fritura rasa 70% 1Kg - BAROSA Congelados | Manuel de Sousa Barosa, Lda.\",\"isPartOf\":{\"@id\":\"https:\\\/\\\/www.barosa.com\\\/#website\"},\"primaryImageOfPage\":{\"@id\":\"https:\\\/\\\/www.barosa.com\\\/produto\\\/vaqueiro-profissional-creme-vegetal-culinario-e-fritura-rasa-70-1kg\\\/#primaryimage\"},\"image\":{\"@id\":\"https:\\\/\\\/www.barosa.com\\\/produto\\\/vaqueiro-profissional-creme-vegetal-culinario-e-fritura-rasa-70-1kg\\\/#primaryimage\"},\"thumbnailUrl\":\"https:\\\/\\\/www.barosa.com\\\/wp-content\\\/uploads\\\/2019\\\/12\\\/Vaqueiro-Profissional-70-MG-1Kg.webp\",\"datePublished\":\"2019-12-02T18:52:21+00:00\",\"dateModified\":\"2025-03-31T16:45:21+00:00\",\"breadcrumb\":{\"@id\":\"https:\\\/\\\/www.barosa.com\\\/produto\\\/vaqueiro-profissional-creme-vegetal-culinario-e-fritura-rasa-70-1kg\\\/#breadcrumb\"},\"inLanguage\":\"en-GB\",\"potentialAction\":[{\"@type\":\"ReadAction\",\"target\":[\"https:\\\/\\\/www.barosa.com\\\/produto\\\/vaqueiro-profissional-creme-vegetal-culinario-e-fritura-rasa-70-1kg\\\/\"]}]},{\"@type\":\"ImageObject\",\"inLanguage\":\"en-GB\",\"@id\":\"https:\\\/\\\/www.barosa.com\\\/produto\\\/vaqueiro-profissional-creme-vegetal-culinario-e-fritura-rasa-70-1kg\\\/#primaryimage\",\"url\":\"https:\\\/\\\/www.barosa.com\\\/wp-content\\\/uploads\\\/2019\\\/12\\\/Vaqueiro-Profissional-70-MG-1Kg.webp\",\"contentUrl\":\"https:\\\/\\\/www.barosa.com\\\/wp-content\\\/uploads\\\/2019\\\/12\\\/Vaqueiro-Profissional-70-MG-1Kg.webp\",\"width\":433,\"height\":433,\"caption\":\"Vaqueiro Profissional 70% MG 1Kg\"},{\"@type\":\"BreadcrumbList\",\"@id\":\"https:\\\/\\\/www.barosa.com\\\/produto\\\/vaqueiro-profissional-creme-vegetal-culinario-e-fritura-rasa-70-1kg\\\/#breadcrumb\",\"itemListElement\":[{\"@type\":\"ListItem\",\"position\":1,\"name\":\"In\u00edcio\",\"item\":\"https:\\\/\\\/www.barosa.com\\\/\"},{\"@type\":\"ListItem\",\"position\":2,\"name\":\"Shop\",\"item\":\"https:\\\/\\\/www.barosa.com\\\/shop\\\/\"},{\"@type\":\"ListItem\",\"position\":3,\"name\":\"Vaqueiro Profissional creme vegetal culin\u00e1rio e fritura rasa 70% 1Kg\"}]},{\"@type\":\"WebSite\",\"@id\":\"https:\\\/\\\/www.barosa.com\\\/#website\",\"url\":\"https:\\\/\\\/www.barosa.com\\\/\",\"name\":\"BAROSA Congelados | Manuel de Sousa Barosa, Lda.\",\"description\":\"Empresa de transforma\u00e7\u00e3o e comercializa\u00e7\u00e3o de produtos alimentares congelados. BAROSA \u00ae Pescados, &quot;N\u00e3o h\u00e1 bom garfo que resista\u00ae&quot;. BAROSA \u00ae FoodService &quot;O lado bom da comida\u00ae&quot;. Pescados Crust\u00e1ceos Mariscos Cefal\u00f3podes Bivalves Padaria Pastelaria Pizzas Sobremesas\",\"publisher\":{\"@id\":\"https:\\\/\\\/www.barosa.com\\\/#organization\"},\"alternateName\":\"BAROSA\u00ae\",\"potentialAction\":[{\"@type\":\"SearchAction\",\"target\":{\"@type\":\"EntryPoint\",\"urlTemplate\":\"https:\\\/\\\/www.barosa.com\\\/?s={search_term_string}\"},\"query-input\":{\"@type\":\"PropertyValueSpecification\",\"valueRequired\":true,\"valueName\":\"search_term_string\"}}],\"inLanguage\":\"en-GB\"},{\"@type\":\"Organization\",\"@id\":\"https:\\\/\\\/www.barosa.com\\\/#organization\",\"name\":\"Manuel de Sousa Barosa, Lda.\",\"alternateName\":\"BAROSA\",\"url\":\"https:\\\/\\\/www.barosa.com\\\/\",\"logo\":{\"@type\":\"ImageObject\",\"inLanguage\":\"en-GB\",\"@id\":\"https:\\\/\\\/www.barosa.com\\\/#\\\/schema\\\/logo\\\/image\\\/\",\"url\":\"https:\\\/\\\/www.barosa.com\\\/wp-content\\\/uploads\\\/2025\\\/03\\\/BAROSA-Logo-696x696-1.jpg\",\"contentUrl\":\"https:\\\/\\\/www.barosa.com\\\/wp-content\\\/uploads\\\/2025\\\/03\\\/BAROSA-Logo-696x696-1.jpg\",\"width\":696,\"height\":696,\"caption\":\"Manuel de Sousa Barosa, Lda.\"},\"image\":{\"@id\":\"https:\\\/\\\/www.barosa.com\\\/#\\\/schema\\\/logo\\\/image\\\/\"},\"sameAs\":[\"http:\\\/\\\/www.facebook.com\\\/barosa\\\/\",\"https:\\\/\\\/x.com\\\/barosa_lda\",\"https:\\\/\\\/www.instagram.com\\\/barosa_lda\\\/\",\"https:\\\/\\\/pt.linkedin.com\\\/company\\\/barosa-lda\"],\"description\":\"Empresa de transforma\u00e7\u00e3o e comercializa\u00e7\u00e3o de produtos alimentares congelados. BAROSA \u00ae Pescados, \\\"N\u00e3o h\u00e1 bom garfo que resista\u00ae\\\". BAROSA \u00ae FoodService \\\"O lado bom da comida!\u00ae\\\"\",\"email\":\"info@barosa.com\",\"telephone\":\"+351 262824403\",\"legalName\":\"Manuel de Sousa Barosa, Lda.\",\"foundingDate\":\"1975-05-21\",\"vatID\":\"503365190\",\"taxID\":\"503365190\",\"duns\":\"452388713\",\"numberOfEmployees\":{\"@type\":\"QuantitativeValue\",\"minValue\":\"11\",\"maxValue\":\"50\"},\"ethicsPolicy\":\"https:\\\/\\\/www.barosa.com\\\/politicaprivacidade\\\/\"}]}<\/script>\n<!-- \/ Yoast SEO Premium plugin. -->","yoast_head_json":{"title":"Vaqueiro Professional culinary vegetable cream and shallow frying 70% 1Kg - BAROSA Congelados | Manuel de Sousa Barosa, Lda.","robots":{"index":"index","follow":"follow","max-snippet":"max-snippet:-1","max-image-preview":"max-image-preview:large","max-video-preview":"max-video-preview:-1"},"canonical":"https:\/\/www.barosa.com\/en\/product-2\/vaqueiro-profissional-creme-vegetal-culinario-e-fritura-rasa-70-1kg\/","og_locale":"en_GB","og_type":"article","og_title":"Vaqueiro Profissional creme vegetal culin\u00e1rio e fritura rasa 70% 1Kg","og_description":"Formato: Embalagem com 1 Kg  Descri\u00e7\u00e3o  Frituras rasas sem salpicos. Bolos mais volumosos. Maior rendimento. Isento de gl\u00faten.","og_url":"https:\/\/www.barosa.com\/en\/product-2\/vaqueiro-profissional-creme-vegetal-culinario-e-fritura-rasa-70-1kg\/","og_site_name":"BAROSA Congelados | Manuel de Sousa Barosa, Lda.","article_publisher":"http:\/\/www.facebook.com\/barosa\/","article_modified_time":"2025-03-31T16:45:21+00:00","og_image":[{"width":433,"height":433,"url":"https:\/\/www.barosa.com\/wp-content\/uploads\/2019\/12\/Vaqueiro-Profissional-70-MG-1Kg.webp","type":"image\/jpeg"}],"twitter_card":"summary_large_image","twitter_site":"@barosa_lda","twitter_misc":{"Estimated reading time":"1 minute"},"schema":{"@context":"https:\/\/schema.org","@graph":[{"@type":"WebPage","@id":"https:\/\/www.barosa.com\/produto\/vaqueiro-profissional-creme-vegetal-culinario-e-fritura-rasa-70-1kg\/","url":"https:\/\/www.barosa.com\/produto\/vaqueiro-profissional-creme-vegetal-culinario-e-fritura-rasa-70-1kg\/","name":"Vaqueiro Professional culinary vegetable cream and shallow frying 70% 1Kg - BAROSA Congelados | Manuel de Sousa Barosa, Lda.","isPartOf":{"@id":"https:\/\/www.barosa.com\/#website"},"primaryImageOfPage":{"@id":"https:\/\/www.barosa.com\/produto\/vaqueiro-profissional-creme-vegetal-culinario-e-fritura-rasa-70-1kg\/#primaryimage"},"image":{"@id":"https:\/\/www.barosa.com\/produto\/vaqueiro-profissional-creme-vegetal-culinario-e-fritura-rasa-70-1kg\/#primaryimage"},"thumbnailUrl":"https:\/\/www.barosa.com\/wp-content\/uploads\/2019\/12\/Vaqueiro-Profissional-70-MG-1Kg.webp","datePublished":"2019-12-02T18:52:21+00:00","dateModified":"2025-03-31T16:45:21+00:00","breadcrumb":{"@id":"https:\/\/www.barosa.com\/produto\/vaqueiro-profissional-creme-vegetal-culinario-e-fritura-rasa-70-1kg\/#breadcrumb"},"inLanguage":"en-GB","potentialAction":[{"@type":"ReadAction","target":["https:\/\/www.barosa.com\/produto\/vaqueiro-profissional-creme-vegetal-culinario-e-fritura-rasa-70-1kg\/"]}]},{"@type":"ImageObject","inLanguage":"en-GB","@id":"https:\/\/www.barosa.com\/produto\/vaqueiro-profissional-creme-vegetal-culinario-e-fritura-rasa-70-1kg\/#primaryimage","url":"https:\/\/www.barosa.com\/wp-content\/uploads\/2019\/12\/Vaqueiro-Profissional-70-MG-1Kg.webp","contentUrl":"https:\/\/www.barosa.com\/wp-content\/uploads\/2019\/12\/Vaqueiro-Profissional-70-MG-1Kg.webp","width":433,"height":433,"caption":"Vaqueiro Profissional 70% MG 1Kg"},{"@type":"BreadcrumbList","@id":"https:\/\/www.barosa.com\/produto\/vaqueiro-profissional-creme-vegetal-culinario-e-fritura-rasa-70-1kg\/#breadcrumb","itemListElement":[{"@type":"ListItem","position":1,"name":"In\u00edcio","item":"https:\/\/www.barosa.com\/"},{"@type":"ListItem","position":2,"name":"Shop","item":"https:\/\/www.barosa.com\/shop\/"},{"@type":"ListItem","position":3,"name":"Vaqueiro Profissional creme vegetal culin\u00e1rio e fritura rasa 70% 1Kg"}]},{"@type":"WebSite","@id":"https:\/\/www.barosa.com\/#website","url":"https:\/\/www.barosa.com\/","name":"BAROSA Frozen Foods | Manuel de Sousa Barosa, Ltd.","description":"Company specialising in the processing and marketing of frozen food products. BAROSA \u00ae Seafood, \"No good fork can resist\u00ae\". BAROSA \u00ae FoodService \"The good side of food\u00ae\". Seafood Crustaceans Shellfish Cephalopods Bivalves Bakery Pastries Pizzas Desserts","publisher":{"@id":"https:\/\/www.barosa.com\/#organization"},"alternateName":"BAROSA\u00ae","potentialAction":[{"@type":"SearchAction","target":{"@type":"EntryPoint","urlTemplate":"https:\/\/www.barosa.com\/?s={search_term_string}"},"query-input":{"@type":"PropertyValueSpecification","valueRequired":true,"valueName":"search_term_string"}}],"inLanguage":"en-GB"},{"@type":"Organization","@id":"https:\/\/www.barosa.com\/#organization","name":"Manuel de Sousa Barosa, Ltd.","alternateName":"BAROSA","url":"https:\/\/www.barosa.com\/","logo":{"@type":"ImageObject","inLanguage":"en-GB","@id":"https:\/\/www.barosa.com\/#\/schema\/logo\/image\/","url":"https:\/\/www.barosa.com\/wp-content\/uploads\/2025\/03\/BAROSA-Logo-696x696-1.jpg","contentUrl":"https:\/\/www.barosa.com\/wp-content\/uploads\/2025\/03\/BAROSA-Logo-696x696-1.jpg","width":696,"height":696,"caption":"Manuel de Sousa Barosa, Lda."},"image":{"@id":"https:\/\/www.barosa.com\/#\/schema\/logo\/image\/"},"sameAs":["http:\/\/www.facebook.com\/barosa\/","https:\/\/x.com\/barosa_lda","https:\/\/www.instagram.com\/barosa_lda\/","https:\/\/pt.linkedin.com\/company\/barosa-lda"],"description":"Company specialising in the processing and marketing of frozen food products. BAROSA \u00ae Pescados, \"No good fork can resist\u00ae\". BAROSA \u00ae FoodService \"The good side of food!\u00ae\"","email":"info@barosa.com","telephone":"+351 262824403","legalName":"Manuel de Sousa Barosa, Lda.","foundingDate":"1975-05-21","vatID":"503365190","taxID":"503365190","duns":"452388713","numberOfEmployees":{"@type":"QuantitativeValue","minValue":"11","maxValue":"50"},"ethicsPolicy":"https:\/\/www.barosa.com\/politicaprivacidade\/"}]}},"_links":{"self":[{"href":"https:\/\/www.barosa.com\/en\/wp-json\/wp\/v2\/product\/4504","targetHints":{"allow":["GET"]}}],"collection":[{"href":"https:\/\/www.barosa.com\/en\/wp-json\/wp\/v2\/product"}],"about":[{"href":"https:\/\/www.barosa.com\/en\/wp-json\/wp\/v2\/types\/product"}],"wp:featuredmedia":[{"embeddable":true,"href":"https:\/\/www.barosa.com\/en\/wp-json\/wp\/v2\/media\/14843"}],"wp:attachment":[{"href":"https:\/\/www.barosa.com\/en\/wp-json\/wp\/v2\/media?parent=4504"}],"wp:term":[{"taxonomy":"product_brand","embeddable":true,"href":"https:\/\/www.barosa.com\/en\/wp-json\/wp\/v2\/product_brand?post=4504"},{"taxonomy":"product_cat","embeddable":true,"href":"https:\/\/www.barosa.com\/en\/wp-json\/wp\/v2\/product_cat?post=4504"},{"taxonomy":"product_tag","embeddable":true,"href":"https:\/\/www.barosa.com\/en\/wp-json\/wp\/v2\/product_tag?post=4504"}],"curies":[{"name":"wp","href":"https:\/\/api.w.org\/{rel}","templated":true}]}}