{"id":20557,"date":"2026-02-02T11:17:12","date_gmt":"2026-02-02T10:17:12","guid":{"rendered":"https:\/\/www.barosa.com\/?post_type=product&#038;p=20557"},"modified":"2026-02-07T18:56:40","modified_gmt":"2026-02-07T17:56:40","slug":"cookie-dough-sandwich-120ml-ben-jerrys","status":"publish","type":"product","link":"https:\/\/www.barosa.com\/en\/produto\/cookie-dough-sandwich-120ml-ben-jerrys\/","title":{"rendered":"Cookie Dough Sandwich 120ml | Ben &amp; Jerry's"},"content":{"rendered":"","protected":false},"excerpt":{"rendered":"<p>The sandwich consists of two generous vanilla and cocoa biscuits, both made with real butter, inside you'll find a creamy ice cream, generously filled with pieces of biscuit dough, an experience with generous pieces and the unmistakable Ben &amp; Jerry's signature.<\/p>\n<p>Box of 25<\/p>\n<p><img loading=\"lazy\" decoding=\"async\" class=\"size-medium wp-image-7070\" src=\"https:\/\/www.barosa.com\/wp-content\/uploads\/2022\/03\/Embalagem-Ben-Jerrys-300x79.jpg\" alt=\"Ben &amp; Jerry&#039;s packaging\" width=\"300\" height=\"79\" srcset=\"https:\/\/www.barosa.com\/wp-content\/uploads\/2022\/03\/Embalagem-Ben-Jerrys-300x79.jpg 300w, https:\/\/www.barosa.com\/wp-content\/uploads\/2022\/03\/Embalagem-Ben-Jerrys-18x5.jpg 18w, https:\/\/www.barosa.com\/wp-content\/uploads\/2022\/03\/Embalagem-Ben-Jerrys-500x132.jpg 500w, https:\/\/www.barosa.com\/wp-content\/uploads\/2022\/03\/Embalagem-Ben-Jerrys.jpg 694w\" sizes=\"auto, (max-width: 300px) 100vw, 300px\" \/><\/p>\n<h6><em>Frozen product<\/em><\/h6>","protected":false},"featured_media":20558,"template":"","meta":[],"product_brand":[717],"product_cat":[529],"product_tag":[],"class_list":{"0":"post-20557","1":"product","2":"type-product","3":"status-publish","4":"has-post-thumbnail","6":"product_brand-ben-jerrys","7":"product_cat-gelados-ben-e-jerry-s","9":"first","10":"instock","11":"taxable","12":"shipping-taxable","13":"purchasable","14":"product-type-simple"},"yoast_head":"<!-- This site is optimized with the Yoast SEO Premium plugin v27.6 (Yoast SEO v27.6) - https:\/\/yoast.com\/product\/yoast-seo-premium-wordpress\/ -->\n<title>Cookie Dough Sandwich 120ml | Ben &amp; Jerry&#039;s - BAROSA Congelados | Manuel de Sousa Barosa, Lda.<\/title>\n<meta name=\"description\" content=\"Sandu\u00edche Ben &amp; Jerry&#039;s: biscoitos de cacau e baunilha com manteiga real e gelado cremoso recheado com peda\u00e7os de massa de biscoito.Uma experi\u00eancia ic\u00f3nica!\" \/>\n<meta name=\"robots\" content=\"index, follow, max-snippet:-1, max-image-preview:large, max-video-preview:-1\" \/>\n<link rel=\"canonical\" href=\"https:\/\/www.barosa.com\/en\/product-2\/cookie-dough-sandwich-120ml-ben-jerrys\/\" \/>\n<meta property=\"og:locale\" content=\"en_GB\" \/>\n<meta property=\"og:type\" content=\"article\" \/>\n<meta property=\"og:title\" content=\"Cookie Dough Sandwich 120ml | Ben &amp; Jerry&#039;s\" \/>\n<meta property=\"og:description\" content=\"Sandu\u00edche Ben &amp; Jerry&#039;s: biscoitos de cacau e baunilha com manteiga real e gelado cremoso recheado com peda\u00e7os de massa de biscoito.Uma experi\u00eancia ic\u00f3nica!\" \/>\n<meta property=\"og:url\" content=\"https:\/\/www.barosa.com\/en\/product-2\/cookie-dough-sandwich-120ml-ben-jerrys\/\" \/>\n<meta property=\"og:site_name\" content=\"BAROSA Congelados | Manuel de Sousa Barosa, Lda.\" \/>\n<meta property=\"article:publisher\" content=\"http:\/\/www.facebook.com\/barosa\/\" \/>\n<meta property=\"article:modified_time\" content=\"2026-02-07T17:56:40+00:00\" \/>\n<meta property=\"og:image\" content=\"https:\/\/www.barosa.com\/wp-content\/uploads\/2026\/02\/Cookie-Dough-Sandwich-120ml-Ben-Jerry-s.webp\" \/>\n\t<meta property=\"og:image:width\" content=\"1024\" \/>\n\t<meta property=\"og:image:height\" content=\"1024\" \/>\n\t<meta property=\"og:image:type\" content=\"image\/jpeg\" \/>\n<meta name=\"twitter:card\" content=\"summary_large_image\" \/>\n<meta name=\"twitter:site\" content=\"@barosa_lda\" \/>\n<meta name=\"twitter:label1\" content=\"Estimated reading time\" \/>\n\t<meta name=\"twitter:data1\" content=\"1 minute\" \/>\n<script type=\"application\/ld+json\" class=\"yoast-schema-graph\">{\"@context\":\"https:\\\/\\\/schema.org\",\"@graph\":[{\"@type\":\"WebPage\",\"@id\":\"https:\\\/\\\/www.barosa.com\\\/produto\\\/cookie-dough-sandwich-120ml-ben-jerrys\\\/\",\"url\":\"https:\\\/\\\/www.barosa.com\\\/produto\\\/cookie-dough-sandwich-120ml-ben-jerrys\\\/\",\"name\":\"Cookie Dough Sandwich 120ml | Ben & Jerry's - BAROSA Congelados | Manuel de Sousa Barosa, Lda.\",\"isPartOf\":{\"@id\":\"https:\\\/\\\/www.barosa.com\\\/#website\"},\"primaryImageOfPage\":{\"@id\":\"https:\\\/\\\/www.barosa.com\\\/produto\\\/cookie-dough-sandwich-120ml-ben-jerrys\\\/#primaryimage\"},\"image\":{\"@id\":\"https:\\\/\\\/www.barosa.com\\\/produto\\\/cookie-dough-sandwich-120ml-ben-jerrys\\\/#primaryimage\"},\"thumbnailUrl\":\"https:\\\/\\\/www.barosa.com\\\/wp-content\\\/uploads\\\/2026\\\/02\\\/Cookie-Dough-Sandwich-120ml-Ben-Jerry-s.webp\",\"datePublished\":\"2026-02-02T10:17:12+00:00\",\"dateModified\":\"2026-02-07T17:56:40+00:00\",\"description\":\"Sandu\u00edche Ben & Jerry's: biscoitos de cacau e baunilha com manteiga real e gelado cremoso recheado com peda\u00e7os de massa de biscoito.Uma experi\u00eancia ic\u00f3nica!\",\"breadcrumb\":{\"@id\":\"https:\\\/\\\/www.barosa.com\\\/produto\\\/cookie-dough-sandwich-120ml-ben-jerrys\\\/#breadcrumb\"},\"inLanguage\":\"en-GB\",\"potentialAction\":[{\"@type\":\"ReadAction\",\"target\":[\"https:\\\/\\\/www.barosa.com\\\/produto\\\/cookie-dough-sandwich-120ml-ben-jerrys\\\/\"]}]},{\"@type\":\"ImageObject\",\"inLanguage\":\"en-GB\",\"@id\":\"https:\\\/\\\/www.barosa.com\\\/produto\\\/cookie-dough-sandwich-120ml-ben-jerrys\\\/#primaryimage\",\"url\":\"https:\\\/\\\/www.barosa.com\\\/wp-content\\\/uploads\\\/2026\\\/02\\\/Cookie-Dough-Sandwich-120ml-Ben-Jerry-s.webp\",\"contentUrl\":\"https:\\\/\\\/www.barosa.com\\\/wp-content\\\/uploads\\\/2026\\\/02\\\/Cookie-Dough-Sandwich-120ml-Ben-Jerry-s.webp\",\"width\":1024,\"height\":1024,\"caption\":\"Cookie Dough Sandwich 120ml Ben & Jerry's\"},{\"@type\":\"BreadcrumbList\",\"@id\":\"https:\\\/\\\/www.barosa.com\\\/produto\\\/cookie-dough-sandwich-120ml-ben-jerrys\\\/#breadcrumb\",\"itemListElement\":[{\"@type\":\"ListItem\",\"position\":1,\"name\":\"In\u00edcio\",\"item\":\"https:\\\/\\\/www.barosa.com\\\/\"},{\"@type\":\"ListItem\",\"position\":2,\"name\":\"Shop\",\"item\":\"https:\\\/\\\/www.barosa.com\\\/shop\\\/\"},{\"@type\":\"ListItem\",\"position\":3,\"name\":\"Cookie Dough Sandwich 120ml | Ben &#038; Jerry&#8217;s\"}]},{\"@type\":\"WebSite\",\"@id\":\"https:\\\/\\\/www.barosa.com\\\/#website\",\"url\":\"https:\\\/\\\/www.barosa.com\\\/\",\"name\":\"BAROSA Congelados | Manuel de Sousa Barosa, Lda.\",\"description\":\"Empresa de transforma\u00e7\u00e3o e comercializa\u00e7\u00e3o de produtos alimentares congelados. BAROSA \u00ae Pescados, &quot;N\u00e3o h\u00e1 bom garfo que resista\u00ae&quot;. BAROSA \u00ae FoodService &quot;O lado bom da comida\u00ae&quot;. Pescados Crust\u00e1ceos Mariscos Cefal\u00f3podes Bivalves Padaria Pastelaria Pizzas Sobremesas\",\"publisher\":{\"@id\":\"https:\\\/\\\/www.barosa.com\\\/#organization\"},\"alternateName\":\"BAROSA\u00ae\",\"potentialAction\":[{\"@type\":\"SearchAction\",\"target\":{\"@type\":\"EntryPoint\",\"urlTemplate\":\"https:\\\/\\\/www.barosa.com\\\/?s={search_term_string}\"},\"query-input\":{\"@type\":\"PropertyValueSpecification\",\"valueRequired\":true,\"valueName\":\"search_term_string\"}}],\"inLanguage\":\"en-GB\"},{\"@type\":\"Organization\",\"@id\":\"https:\\\/\\\/www.barosa.com\\\/#organization\",\"name\":\"Manuel de Sousa Barosa, Lda.\",\"alternateName\":\"BAROSA\",\"url\":\"https:\\\/\\\/www.barosa.com\\\/\",\"logo\":{\"@type\":\"ImageObject\",\"inLanguage\":\"en-GB\",\"@id\":\"https:\\\/\\\/www.barosa.com\\\/#\\\/schema\\\/logo\\\/image\\\/\",\"url\":\"https:\\\/\\\/www.barosa.com\\\/wp-content\\\/uploads\\\/2025\\\/03\\\/BAROSA-Logo-696x696-1.jpg\",\"contentUrl\":\"https:\\\/\\\/www.barosa.com\\\/wp-content\\\/uploads\\\/2025\\\/03\\\/BAROSA-Logo-696x696-1.jpg\",\"width\":696,\"height\":696,\"caption\":\"Manuel de Sousa Barosa, Lda.\"},\"image\":{\"@id\":\"https:\\\/\\\/www.barosa.com\\\/#\\\/schema\\\/logo\\\/image\\\/\"},\"sameAs\":[\"http:\\\/\\\/www.facebook.com\\\/barosa\\\/\",\"https:\\\/\\\/x.com\\\/barosa_lda\",\"https:\\\/\\\/www.instagram.com\\\/barosa_lda\\\/\",\"https:\\\/\\\/pt.linkedin.com\\\/company\\\/barosa-lda\"],\"description\":\"Empresa de transforma\u00e7\u00e3o e comercializa\u00e7\u00e3o de produtos alimentares congelados. BAROSA \u00ae Pescados, \\\"N\u00e3o h\u00e1 bom garfo que resista\u00ae\\\". BAROSA \u00ae FoodService \\\"O lado bom da comida!\u00ae\\\"\",\"email\":\"info@barosa.com\",\"telephone\":\"+351 262824403\",\"legalName\":\"Manuel de Sousa Barosa, Lda.\",\"foundingDate\":\"1975-05-21\",\"vatID\":\"503365190\",\"taxID\":\"503365190\",\"duns\":\"452388713\",\"numberOfEmployees\":{\"@type\":\"QuantitativeValue\",\"minValue\":\"11\",\"maxValue\":\"50\"},\"ethicsPolicy\":\"https:\\\/\\\/www.barosa.com\\\/politicaprivacidade\\\/\"}]}<\/script>\n<!-- \/ Yoast SEO Premium plugin. -->","yoast_head_json":{"title":"Cookie Dough Sandwich 120ml | Ben & Jerry's - BAROSA Congelados | Manuel de Sousa Barosa, Lda.","description":"Ben &amp; Jerry's sandwich: cocoa and vanilla biscuits with real butter and creamy ice cream filled with pieces of biscuit dough - an iconic experience!","robots":{"index":"index","follow":"follow","max-snippet":"max-snippet:-1","max-image-preview":"max-image-preview:large","max-video-preview":"max-video-preview:-1"},"canonical":"https:\/\/www.barosa.com\/en\/product-2\/cookie-dough-sandwich-120ml-ben-jerrys\/","og_locale":"en_GB","og_type":"article","og_title":"Cookie Dough Sandwich 120ml | Ben & Jerry's","og_description":"Sandu\u00edche Ben & Jerry's: biscoitos de cacau e baunilha com manteiga real e gelado cremoso recheado com peda\u00e7os de massa de biscoito.Uma experi\u00eancia ic\u00f3nica!","og_url":"https:\/\/www.barosa.com\/en\/product-2\/cookie-dough-sandwich-120ml-ben-jerrys\/","og_site_name":"BAROSA Congelados | Manuel de Sousa Barosa, Lda.","article_publisher":"http:\/\/www.facebook.com\/barosa\/","article_modified_time":"2026-02-07T17:56:40+00:00","og_image":[{"width":1024,"height":1024,"url":"https:\/\/www.barosa.com\/wp-content\/uploads\/2026\/02\/Cookie-Dough-Sandwich-120ml-Ben-Jerry-s.webp","type":"image\/jpeg"}],"twitter_card":"summary_large_image","twitter_site":"@barosa_lda","twitter_misc":{"Estimated reading time":"1 minute"},"schema":{"@context":"https:\/\/schema.org","@graph":[{"@type":"WebPage","@id":"https:\/\/www.barosa.com\/produto\/cookie-dough-sandwich-120ml-ben-jerrys\/","url":"https:\/\/www.barosa.com\/produto\/cookie-dough-sandwich-120ml-ben-jerrys\/","name":"Cookie Dough Sandwich 120ml | Ben & Jerry's - BAROSA Congelados | Manuel de Sousa Barosa, Lda.","isPartOf":{"@id":"https:\/\/www.barosa.com\/#website"},"primaryImageOfPage":{"@id":"https:\/\/www.barosa.com\/produto\/cookie-dough-sandwich-120ml-ben-jerrys\/#primaryimage"},"image":{"@id":"https:\/\/www.barosa.com\/produto\/cookie-dough-sandwich-120ml-ben-jerrys\/#primaryimage"},"thumbnailUrl":"https:\/\/www.barosa.com\/wp-content\/uploads\/2026\/02\/Cookie-Dough-Sandwich-120ml-Ben-Jerry-s.webp","datePublished":"2026-02-02T10:17:12+00:00","dateModified":"2026-02-07T17:56:40+00:00","description":"Ben &amp; Jerry's sandwich: cocoa and vanilla biscuits with real butter and creamy ice cream filled with pieces of biscuit dough - an iconic experience!","breadcrumb":{"@id":"https:\/\/www.barosa.com\/produto\/cookie-dough-sandwich-120ml-ben-jerrys\/#breadcrumb"},"inLanguage":"en-GB","potentialAction":[{"@type":"ReadAction","target":["https:\/\/www.barosa.com\/produto\/cookie-dough-sandwich-120ml-ben-jerrys\/"]}]},{"@type":"ImageObject","inLanguage":"en-GB","@id":"https:\/\/www.barosa.com\/produto\/cookie-dough-sandwich-120ml-ben-jerrys\/#primaryimage","url":"https:\/\/www.barosa.com\/wp-content\/uploads\/2026\/02\/Cookie-Dough-Sandwich-120ml-Ben-Jerry-s.webp","contentUrl":"https:\/\/www.barosa.com\/wp-content\/uploads\/2026\/02\/Cookie-Dough-Sandwich-120ml-Ben-Jerry-s.webp","width":1024,"height":1024,"caption":"Cookie Dough Sandwich 120ml Ben & Jerry's"},{"@type":"BreadcrumbList","@id":"https:\/\/www.barosa.com\/produto\/cookie-dough-sandwich-120ml-ben-jerrys\/#breadcrumb","itemListElement":[{"@type":"ListItem","position":1,"name":"In\u00edcio","item":"https:\/\/www.barosa.com\/"},{"@type":"ListItem","position":2,"name":"Shop","item":"https:\/\/www.barosa.com\/shop\/"},{"@type":"ListItem","position":3,"name":"Cookie Dough Sandwich 120ml | Ben &#038; Jerry&#8217;s"}]},{"@type":"WebSite","@id":"https:\/\/www.barosa.com\/#website","url":"https:\/\/www.barosa.com\/","name":"BAROSA Frozen Foods | Manuel de Sousa Barosa, Ltd.","description":"Company specialising in the processing and marketing of frozen food products. BAROSA \u00ae Seafood, \"No good fork can resist\u00ae\". BAROSA \u00ae FoodService \"The good side of food\u00ae\". Seafood Crustaceans Shellfish Cephalopods Bivalves Bakery Pastries Pizzas Desserts","publisher":{"@id":"https:\/\/www.barosa.com\/#organization"},"alternateName":"BAROSA\u00ae","potentialAction":[{"@type":"SearchAction","target":{"@type":"EntryPoint","urlTemplate":"https:\/\/www.barosa.com\/?s={search_term_string}"},"query-input":{"@type":"PropertyValueSpecification","valueRequired":true,"valueName":"search_term_string"}}],"inLanguage":"en-GB"},{"@type":"Organization","@id":"https:\/\/www.barosa.com\/#organization","name":"Manuel de Sousa Barosa, Ltd.","alternateName":"BAROSA","url":"https:\/\/www.barosa.com\/","logo":{"@type":"ImageObject","inLanguage":"en-GB","@id":"https:\/\/www.barosa.com\/#\/schema\/logo\/image\/","url":"https:\/\/www.barosa.com\/wp-content\/uploads\/2025\/03\/BAROSA-Logo-696x696-1.jpg","contentUrl":"https:\/\/www.barosa.com\/wp-content\/uploads\/2025\/03\/BAROSA-Logo-696x696-1.jpg","width":696,"height":696,"caption":"Manuel de Sousa Barosa, Lda."},"image":{"@id":"https:\/\/www.barosa.com\/#\/schema\/logo\/image\/"},"sameAs":["http:\/\/www.facebook.com\/barosa\/","https:\/\/x.com\/barosa_lda","https:\/\/www.instagram.com\/barosa_lda\/","https:\/\/pt.linkedin.com\/company\/barosa-lda"],"description":"Company specialising in the processing and marketing of frozen food products. BAROSA \u00ae Pescados, \"No good fork can resist\u00ae\". BAROSA \u00ae FoodService \"The good side of food!\u00ae\"","email":"info@barosa.com","telephone":"+351 262824403","legalName":"Manuel de Sousa Barosa, Lda.","foundingDate":"1975-05-21","vatID":"503365190","taxID":"503365190","duns":"452388713","numberOfEmployees":{"@type":"QuantitativeValue","minValue":"11","maxValue":"50"},"ethicsPolicy":"https:\/\/www.barosa.com\/politicaprivacidade\/"}]}},"_links":{"self":[{"href":"https:\/\/www.barosa.com\/en\/wp-json\/wp\/v2\/product\/20557","targetHints":{"allow":["GET"]}}],"collection":[{"href":"https:\/\/www.barosa.com\/en\/wp-json\/wp\/v2\/product"}],"about":[{"href":"https:\/\/www.barosa.com\/en\/wp-json\/wp\/v2\/types\/product"}],"wp:featuredmedia":[{"embeddable":true,"href":"https:\/\/www.barosa.com\/en\/wp-json\/wp\/v2\/media\/20558"}],"wp:attachment":[{"href":"https:\/\/www.barosa.com\/en\/wp-json\/wp\/v2\/media?parent=20557"}],"wp:term":[{"taxonomy":"product_brand","embeddable":true,"href":"https:\/\/www.barosa.com\/en\/wp-json\/wp\/v2\/product_brand?post=20557"},{"taxonomy":"product_cat","embeddable":true,"href":"https:\/\/www.barosa.com\/en\/wp-json\/wp\/v2\/product_cat?post=20557"},{"taxonomy":"product_tag","embeddable":true,"href":"https:\/\/www.barosa.com\/en\/wp-json\/wp\/v2\/product_tag?post=20557"}],"curies":[{"name":"wp","href":"https:\/\/api.w.org\/{rel}","templated":true}]}}