{"id":20534,"date":"2026-01-26T10:31:15","date_gmt":"2026-01-26T09:31:15","guid":{"rendered":"https:\/\/www.barosa.com\/?post_type=product&#038;p=20534"},"modified":"2026-01-26T10:38:15","modified_gmt":"2026-01-26T09:38:15","slug":"mistura-de-cogumelos-silvestres","status":"publish","type":"product","link":"https:\/\/www.barosa.com\/en\/produto\/mistura-de-cogumelos-silvestres\/","title":{"rendered":"Wild Mushroom Mix"},"content":{"rendered":"","protected":false},"excerpt":{"rendered":"<p>Apresentamos a nossa Mistura de Cogumelos Silvestres, uma combina\u00e7\u00e3o gourmet de cogumelos ostra, shiitake, nameko e m\u00edscaros em propor\u00e7\u00f5es vari\u00e1veis. Esta mistura traz \u00e0 sua cozinha os sabores ricos e terrosos da floresta, perfeita para aprimorar uma grande variedade de pratos.<\/p>\n<p>Tipo de embalagem:<\/p>\n<ul>\n<li>Embalado em sacos de 0,600 kg<\/li>\n<li>Numero de sacos: 10<\/li>\n<li>Peso por caixa: 6 Kg<\/li>\n<\/ul>\n[bg_collapse view=\"link\" color=\"#4a4949\" icon=\"arrow\" expand_text=\"\u00a0 \u00a0Mostrar mais\" collapse_text=\"\u00a0 \u00a0Mostrar menos\" ]<\/p>\n<p>Principais caracter\u00edsticas:<\/p>\n<ul>\n<li><strong>Variedade:<\/strong> Inclui uma mistura de cogumelos ostra, shiitake, nameko e m\u00edscaros.<\/li>\n<li><strong>Versatilidade:<\/strong> Ideal para sopas, molhos, salteados&#8230;<\/li>\n<li><strong>Qualidade:<\/strong> Congelada fresca para garantir que os sabores e texturas naturais sejam perfeitamente preservados.<\/li>\n<\/ul>\n<p>Eleve as suas cria\u00e7\u00f5es culin\u00e1rias com a nossa Mistura de Cogumelos Silvestres e surpreenda os seus clientes com o sabor robusto e distinto de cogumelos silvestres de qualidade premium. Esta mistura vers\u00e1til \u00e9 uma excelente adi\u00e7\u00e3o \u00e0 cozinha de qualquer profissional da restaura\u00e7\u00e3o, oferecendo qualidade gourmet e conveni\u00eancia.<\/p>\n<p><strong>Ingredientes:<\/strong><br \/>\nCogumelos ostra, shiitake, cogumelos nameko, m\u00edscaros (em propor\u00e7\u00f5es vari\u00e1veis).<\/p>\n<p>[\/bg_collapse]\n<h6><em>Produto congelado<\/em><\/h6>\n","protected":false},"featured_media":20532,"template":"","meta":[],"product_brand":[720],"product_cat":[183],"product_tag":[],"class_list":{"0":"post-20534","1":"product","2":"type-product","3":"status-publish","4":"has-post-thumbnail","6":"product_brand-ardo","7":"product_cat-vegetais-embalados","8":"pa_preco-440e","10":"first","11":"instock","12":"taxable","13":"shipping-taxable","14":"purchasable","15":"product-type-simple"},"yoast_head":"<!-- This site is optimized with the Yoast SEO Premium plugin v27.5 (Yoast SEO v27.5) - https:\/\/yoast.com\/product\/yoast-seo-premium-wordpress\/ -->\n<title>Mistura de Cogumelos Silvestres - BAROSA Congelados | Manuel de Sousa Barosa, Lda.<\/title>\n<meta name=\"description\" content=\"Uma combina\u00e7\u00e3o gourmet de cogumelos ostra, shiitake, nameko e m\u00edscaros em propor\u00e7\u00f5es vari\u00e1veis.\" \/>\n<meta name=\"robots\" content=\"index, follow, max-snippet:-1, max-image-preview:large, max-video-preview:-1\" \/>\n<link rel=\"canonical\" href=\"https:\/\/www.barosa.com\/en\/product-2\/mistura-de-cogumelos-silvestres\/\" \/>\n<meta property=\"og:locale\" content=\"en_GB\" \/>\n<meta property=\"og:type\" content=\"article\" \/>\n<meta property=\"og:title\" content=\"Mistura de Cogumelos Silvestres\" \/>\n<meta property=\"og:description\" content=\"Uma combina\u00e7\u00e3o gourmet de cogumelos ostra, shiitake, nameko e m\u00edscaros em propor\u00e7\u00f5es vari\u00e1veis.\" \/>\n<meta property=\"og:url\" content=\"https:\/\/www.barosa.com\/en\/product-2\/mistura-de-cogumelos-silvestres\/\" \/>\n<meta property=\"og:site_name\" content=\"BAROSA Congelados | Manuel de Sousa Barosa, Lda.\" \/>\n<meta property=\"article:publisher\" content=\"http:\/\/www.facebook.com\/barosa\/\" \/>\n<meta property=\"article:modified_time\" content=\"2026-01-26T09:38:15+00:00\" \/>\n<meta property=\"og:image\" content=\"https:\/\/www.barosa.com\/wp-content\/uploads\/2026\/01\/Mistura-de-Cogumelos-Silvestres.webp\" \/>\n\t<meta property=\"og:image:width\" content=\"1000\" \/>\n\t<meta property=\"og:image:height\" content=\"1000\" \/>\n\t<meta property=\"og:image:type\" content=\"image\/jpeg\" \/>\n<meta name=\"twitter:card\" content=\"summary_large_image\" \/>\n<meta name=\"twitter:site\" content=\"@barosa_lda\" \/>\n<meta name=\"twitter:label1\" content=\"Estimated reading time\" \/>\n\t<meta name=\"twitter:data1\" content=\"1 minute\" \/>\n<script type=\"application\/ld+json\" class=\"yoast-schema-graph\">{\"@context\":\"https:\\\/\\\/schema.org\",\"@graph\":[{\"@type\":\"WebPage\",\"@id\":\"https:\\\/\\\/www.barosa.com\\\/produto\\\/mistura-de-cogumelos-silvestres\\\/\",\"url\":\"https:\\\/\\\/www.barosa.com\\\/produto\\\/mistura-de-cogumelos-silvestres\\\/\",\"name\":\"Mistura de Cogumelos Silvestres - BAROSA Congelados | Manuel de Sousa Barosa, Lda.\",\"isPartOf\":{\"@id\":\"https:\\\/\\\/www.barosa.com\\\/#website\"},\"primaryImageOfPage\":{\"@id\":\"https:\\\/\\\/www.barosa.com\\\/produto\\\/mistura-de-cogumelos-silvestres\\\/#primaryimage\"},\"image\":{\"@id\":\"https:\\\/\\\/www.barosa.com\\\/produto\\\/mistura-de-cogumelos-silvestres\\\/#primaryimage\"},\"thumbnailUrl\":\"https:\\\/\\\/www.barosa.com\\\/wp-content\\\/uploads\\\/2026\\\/01\\\/Mistura-de-Cogumelos-Silvestres.webp\",\"datePublished\":\"2026-01-26T09:31:15+00:00\",\"dateModified\":\"2026-01-26T09:38:15+00:00\",\"description\":\"Uma combina\u00e7\u00e3o gourmet de cogumelos ostra, shiitake, nameko e m\u00edscaros em propor\u00e7\u00f5es vari\u00e1veis.\",\"breadcrumb\":{\"@id\":\"https:\\\/\\\/www.barosa.com\\\/produto\\\/mistura-de-cogumelos-silvestres\\\/#breadcrumb\"},\"inLanguage\":\"en-GB\",\"potentialAction\":[{\"@type\":\"ReadAction\",\"target\":[\"https:\\\/\\\/www.barosa.com\\\/produto\\\/mistura-de-cogumelos-silvestres\\\/\"]}]},{\"@type\":\"ImageObject\",\"inLanguage\":\"en-GB\",\"@id\":\"https:\\\/\\\/www.barosa.com\\\/produto\\\/mistura-de-cogumelos-silvestres\\\/#primaryimage\",\"url\":\"https:\\\/\\\/www.barosa.com\\\/wp-content\\\/uploads\\\/2026\\\/01\\\/Mistura-de-Cogumelos-Silvestres.webp\",\"contentUrl\":\"https:\\\/\\\/www.barosa.com\\\/wp-content\\\/uploads\\\/2026\\\/01\\\/Mistura-de-Cogumelos-Silvestres.webp\",\"width\":1000,\"height\":1000,\"caption\":\"Mistura de Cogumelos Silvestres\"},{\"@type\":\"BreadcrumbList\",\"@id\":\"https:\\\/\\\/www.barosa.com\\\/produto\\\/mistura-de-cogumelos-silvestres\\\/#breadcrumb\",\"itemListElement\":[{\"@type\":\"ListItem\",\"position\":1,\"name\":\"In\u00edcio\",\"item\":\"https:\\\/\\\/www.barosa.com\\\/\"},{\"@type\":\"ListItem\",\"position\":2,\"name\":\"Shop\",\"item\":\"https:\\\/\\\/www.barosa.com\\\/shop\\\/\"},{\"@type\":\"ListItem\",\"position\":3,\"name\":\"Mistura de Cogumelos Silvestres\"}]},{\"@type\":\"WebSite\",\"@id\":\"https:\\\/\\\/www.barosa.com\\\/#website\",\"url\":\"https:\\\/\\\/www.barosa.com\\\/\",\"name\":\"BAROSA Congelados | Manuel de Sousa Barosa, Lda.\",\"description\":\"Empresa de transforma\u00e7\u00e3o e comercializa\u00e7\u00e3o de produtos alimentares congelados. BAROSA \u00ae Pescados, &quot;N\u00e3o h\u00e1 bom garfo que resista\u00ae&quot;. BAROSA \u00ae FoodService &quot;O lado bom da comida\u00ae&quot;. Pescados Crust\u00e1ceos Mariscos Cefal\u00f3podes Bivalves Padaria Pastelaria Pizzas Sobremesas\",\"publisher\":{\"@id\":\"https:\\\/\\\/www.barosa.com\\\/#organization\"},\"alternateName\":\"BAROSA\u00ae\",\"potentialAction\":[{\"@type\":\"SearchAction\",\"target\":{\"@type\":\"EntryPoint\",\"urlTemplate\":\"https:\\\/\\\/www.barosa.com\\\/?s={search_term_string}\"},\"query-input\":{\"@type\":\"PropertyValueSpecification\",\"valueRequired\":true,\"valueName\":\"search_term_string\"}}],\"inLanguage\":\"en-GB\"},{\"@type\":\"Organization\",\"@id\":\"https:\\\/\\\/www.barosa.com\\\/#organization\",\"name\":\"Manuel de Sousa Barosa, Lda.\",\"alternateName\":\"BAROSA\",\"url\":\"https:\\\/\\\/www.barosa.com\\\/\",\"logo\":{\"@type\":\"ImageObject\",\"inLanguage\":\"en-GB\",\"@id\":\"https:\\\/\\\/www.barosa.com\\\/#\\\/schema\\\/logo\\\/image\\\/\",\"url\":\"https:\\\/\\\/www.barosa.com\\\/wp-content\\\/uploads\\\/2025\\\/03\\\/BAROSA-Logo-696x696-1.jpg\",\"contentUrl\":\"https:\\\/\\\/www.barosa.com\\\/wp-content\\\/uploads\\\/2025\\\/03\\\/BAROSA-Logo-696x696-1.jpg\",\"width\":696,\"height\":696,\"caption\":\"Manuel de Sousa Barosa, Lda.\"},\"image\":{\"@id\":\"https:\\\/\\\/www.barosa.com\\\/#\\\/schema\\\/logo\\\/image\\\/\"},\"sameAs\":[\"http:\\\/\\\/www.facebook.com\\\/barosa\\\/\",\"https:\\\/\\\/x.com\\\/barosa_lda\",\"https:\\\/\\\/www.instagram.com\\\/barosa_lda\\\/\",\"https:\\\/\\\/pt.linkedin.com\\\/company\\\/barosa-lda\"],\"description\":\"Empresa de transforma\u00e7\u00e3o e comercializa\u00e7\u00e3o de produtos alimentares congelados. BAROSA \u00ae Pescados, \\\"N\u00e3o h\u00e1 bom garfo que resista\u00ae\\\". BAROSA \u00ae FoodService \\\"O lado bom da comida!\u00ae\\\"\",\"email\":\"info@barosa.com\",\"telephone\":\"+351 262824403\",\"legalName\":\"Manuel de Sousa Barosa, Lda.\",\"foundingDate\":\"1975-05-21\",\"vatID\":\"503365190\",\"taxID\":\"503365190\",\"duns\":\"452388713\",\"numberOfEmployees\":{\"@type\":\"QuantitativeValue\",\"minValue\":\"11\",\"maxValue\":\"50\"},\"ethicsPolicy\":\"https:\\\/\\\/www.barosa.com\\\/politicaprivacidade\\\/\"}]}<\/script>\n<!-- \/ Yoast SEO Premium plugin. -->","yoast_head_json":{"title":"Wild Mushroom Mix - BAROSA Congelados | Manuel de Sousa Barosa, Lda.","description":"A gourmet combination of oyster mushrooms, shiitake, nameko and musks in varying proportions.","robots":{"index":"index","follow":"follow","max-snippet":"max-snippet:-1","max-image-preview":"max-image-preview:large","max-video-preview":"max-video-preview:-1"},"canonical":"https:\/\/www.barosa.com\/en\/product-2\/mistura-de-cogumelos-silvestres\/","og_locale":"en_GB","og_type":"article","og_title":"Mistura de Cogumelos Silvestres","og_description":"Uma combina\u00e7\u00e3o gourmet de cogumelos ostra, shiitake, nameko e m\u00edscaros em propor\u00e7\u00f5es vari\u00e1veis.","og_url":"https:\/\/www.barosa.com\/en\/product-2\/mistura-de-cogumelos-silvestres\/","og_site_name":"BAROSA Congelados | Manuel de Sousa Barosa, Lda.","article_publisher":"http:\/\/www.facebook.com\/barosa\/","article_modified_time":"2026-01-26T09:38:15+00:00","og_image":[{"width":1000,"height":1000,"url":"https:\/\/www.barosa.com\/wp-content\/uploads\/2026\/01\/Mistura-de-Cogumelos-Silvestres.webp","type":"image\/jpeg"}],"twitter_card":"summary_large_image","twitter_site":"@barosa_lda","twitter_misc":{"Estimated reading time":"1 minute"},"schema":{"@context":"https:\/\/schema.org","@graph":[{"@type":"WebPage","@id":"https:\/\/www.barosa.com\/produto\/mistura-de-cogumelos-silvestres\/","url":"https:\/\/www.barosa.com\/produto\/mistura-de-cogumelos-silvestres\/","name":"Wild Mushroom Mix - BAROSA Congelados | Manuel de Sousa Barosa, Lda.","isPartOf":{"@id":"https:\/\/www.barosa.com\/#website"},"primaryImageOfPage":{"@id":"https:\/\/www.barosa.com\/produto\/mistura-de-cogumelos-silvestres\/#primaryimage"},"image":{"@id":"https:\/\/www.barosa.com\/produto\/mistura-de-cogumelos-silvestres\/#primaryimage"},"thumbnailUrl":"https:\/\/www.barosa.com\/wp-content\/uploads\/2026\/01\/Mistura-de-Cogumelos-Silvestres.webp","datePublished":"2026-01-26T09:31:15+00:00","dateModified":"2026-01-26T09:38:15+00:00","description":"A gourmet combination of oyster mushrooms, shiitake, nameko and musks in varying proportions.","breadcrumb":{"@id":"https:\/\/www.barosa.com\/produto\/mistura-de-cogumelos-silvestres\/#breadcrumb"},"inLanguage":"en-GB","potentialAction":[{"@type":"ReadAction","target":["https:\/\/www.barosa.com\/produto\/mistura-de-cogumelos-silvestres\/"]}]},{"@type":"ImageObject","inLanguage":"en-GB","@id":"https:\/\/www.barosa.com\/produto\/mistura-de-cogumelos-silvestres\/#primaryimage","url":"https:\/\/www.barosa.com\/wp-content\/uploads\/2026\/01\/Mistura-de-Cogumelos-Silvestres.webp","contentUrl":"https:\/\/www.barosa.com\/wp-content\/uploads\/2026\/01\/Mistura-de-Cogumelos-Silvestres.webp","width":1000,"height":1000,"caption":"Mistura de Cogumelos Silvestres"},{"@type":"BreadcrumbList","@id":"https:\/\/www.barosa.com\/produto\/mistura-de-cogumelos-silvestres\/#breadcrumb","itemListElement":[{"@type":"ListItem","position":1,"name":"In\u00edcio","item":"https:\/\/www.barosa.com\/"},{"@type":"ListItem","position":2,"name":"Shop","item":"https:\/\/www.barosa.com\/shop\/"},{"@type":"ListItem","position":3,"name":"Mistura de Cogumelos Silvestres"}]},{"@type":"WebSite","@id":"https:\/\/www.barosa.com\/#website","url":"https:\/\/www.barosa.com\/","name":"BAROSA Frozen Foods | Manuel de Sousa Barosa, Ltd.","description":"Company specialising in the processing and marketing of frozen food products. BAROSA \u00ae Seafood, \"No good fork can resist\u00ae\". BAROSA \u00ae FoodService \"The good side of food\u00ae\". Seafood Crustaceans Shellfish Cephalopods Bivalves Bakery Pastries Pizzas Desserts","publisher":{"@id":"https:\/\/www.barosa.com\/#organization"},"alternateName":"BAROSA\u00ae","potentialAction":[{"@type":"SearchAction","target":{"@type":"EntryPoint","urlTemplate":"https:\/\/www.barosa.com\/?s={search_term_string}"},"query-input":{"@type":"PropertyValueSpecification","valueRequired":true,"valueName":"search_term_string"}}],"inLanguage":"en-GB"},{"@type":"Organization","@id":"https:\/\/www.barosa.com\/#organization","name":"Manuel de Sousa Barosa, Ltd.","alternateName":"BAROSA","url":"https:\/\/www.barosa.com\/","logo":{"@type":"ImageObject","inLanguage":"en-GB","@id":"https:\/\/www.barosa.com\/#\/schema\/logo\/image\/","url":"https:\/\/www.barosa.com\/wp-content\/uploads\/2025\/03\/BAROSA-Logo-696x696-1.jpg","contentUrl":"https:\/\/www.barosa.com\/wp-content\/uploads\/2025\/03\/BAROSA-Logo-696x696-1.jpg","width":696,"height":696,"caption":"Manuel de Sousa Barosa, Lda."},"image":{"@id":"https:\/\/www.barosa.com\/#\/schema\/logo\/image\/"},"sameAs":["http:\/\/www.facebook.com\/barosa\/","https:\/\/x.com\/barosa_lda","https:\/\/www.instagram.com\/barosa_lda\/","https:\/\/pt.linkedin.com\/company\/barosa-lda"],"description":"Company specialising in the processing and marketing of frozen food products. BAROSA \u00ae Pescados, \"No good fork can resist\u00ae\". BAROSA \u00ae FoodService \"The good side of food!\u00ae\"","email":"info@barosa.com","telephone":"+351 262824403","legalName":"Manuel de Sousa Barosa, Lda.","foundingDate":"1975-05-21","vatID":"503365190","taxID":"503365190","duns":"452388713","numberOfEmployees":{"@type":"QuantitativeValue","minValue":"11","maxValue":"50"},"ethicsPolicy":"https:\/\/www.barosa.com\/politicaprivacidade\/"}]}},"_links":{"self":[{"href":"https:\/\/www.barosa.com\/en\/wp-json\/wp\/v2\/product\/20534","targetHints":{"allow":["GET"]}}],"collection":[{"href":"https:\/\/www.barosa.com\/en\/wp-json\/wp\/v2\/product"}],"about":[{"href":"https:\/\/www.barosa.com\/en\/wp-json\/wp\/v2\/types\/product"}],"wp:featuredmedia":[{"embeddable":true,"href":"https:\/\/www.barosa.com\/en\/wp-json\/wp\/v2\/media\/20532"}],"wp:attachment":[{"href":"https:\/\/www.barosa.com\/en\/wp-json\/wp\/v2\/media?parent=20534"}],"wp:term":[{"taxonomy":"product_brand","embeddable":true,"href":"https:\/\/www.barosa.com\/en\/wp-json\/wp\/v2\/product_brand?post=20534"},{"taxonomy":"product_cat","embeddable":true,"href":"https:\/\/www.barosa.com\/en\/wp-json\/wp\/v2\/product_cat?post=20534"},{"taxonomy":"product_tag","embeddable":true,"href":"https:\/\/www.barosa.com\/en\/wp-json\/wp\/v2\/product_tag?post=20534"}],"curies":[{"name":"wp","href":"https:\/\/api.w.org\/{rel}","templated":true}]}}