{"id":19753,"date":"2025-12-22T19:48:47","date_gmt":"2025-12-22T18:48:47","guid":{"rendered":"https:\/\/www.barosa.com\/?post_type=product&#038;p=19753"},"modified":"2025-12-22T20:00:45","modified_gmt":"2025-12-22T19:00:45","slug":"nuggets-de-frango-sem-gluten-25-un-8-x-540g-iglo","status":"publish","type":"product","link":"https:\/\/www.barosa.com\/en\/produto\/nuggets-de-frango-sem-gluten-25-un-8-x-540g-iglo\/","title":{"rendered":"Nuggets de Frango Sem Gl\u00faten (25 un.) (8 x 540g) [Iglo]"},"content":{"rendered":"","protected":false},"excerpt":{"rendered":"<p>Os Nuggets de Frango do Capit\u00e3o Iglo s\u00e3o feitos com um suculento peito de frango e envolvidos num delicioso panado que se mant\u00e9m crocante quando preparados no forno. Nunca foi t\u00e3o f\u00e1cil trazer variedade e divers\u00e3o \u00e0 mesa da fam\u00edlia. Como diz o Capit\u00e3o&#8230; se t\u00eam fome de aventuras, venham descobrir os Nuggets mais irresist\u00edveis! Todos a Bordo!<\/p>\n<p>&nbsp;<\/p>\n[bg_collapse view=\"link\" color=\"#4a4949\" icon=\"arrow\" expand_text=\"Modo de Prepara\u00e7\u00e3o\" collapse_text=\"Esconder\" ]<\/p>\n<h3>Modo de Prepara\u00e7\u00e3o<\/h3>\n<p>Os Nuggets de Frango cont\u00eam carne de frango crua, assegure-se que o produto fica totalmente cozinhado.<\/p>\n<p>&nbsp;<\/p>\n<p><img loading=\"lazy\" decoding=\"async\" class=\"size-full wp-image-6530\" src=\"https:\/\/www.barosa.com\/wp-content\/uploads\/2021\/11\/Forno.png\" alt=\"Forno\" width=\"30\" height=\"30\" srcset=\"https:\/\/www.barosa.com\/wp-content\/uploads\/2021\/11\/Forno.png 30w, https:\/\/www.barosa.com\/wp-content\/uploads\/2021\/11\/Forno-12x12.png 12w\" sizes=\"auto, (max-width: 30px) 100vw, 30px\" \/><\/p>\n<p>No Forno:<\/p>\n<p>aque\u00e7a o forno a 200\u00b0C. Sem descongelar, coloque os Nuggets no meio do forno e cozinhe por 15 minutos at\u00e9 ficarem<br \/>\ndourados, virando-os a meio da prepara\u00e7\u00e3o.<\/p>\n<h5>NOTA : Os tempos referidos entendem-se como valores m\u00e9dios, dependendo do tipo de forno utilizado.<\/h5>\n<p>&nbsp;<\/p>\n<p><a href=\"https:\/\/www.barosa.com\/wp-content\/uploads\/2025\/04\/Air-Fryer-png.webp\"><img loading=\"lazy\" decoding=\"async\" class=\"size-full wp-image-14900\" src=\"https:\/\/www.barosa.com\/wp-content\/uploads\/2025\/04\/Air-Fryer-png.webp\" alt=\"Air Fryer\" width=\"30\" height=\"30\" srcset=\"https:\/\/www.barosa.com\/wp-content\/uploads\/2025\/04\/Air-Fryer-png.webp 30w, https:\/\/www.barosa.com\/wp-content\/uploads\/2025\/04\/Air-Fryer-12x12.webp 12w\" sizes=\"auto, (max-width: 30px) 100vw, 30px\" \/><\/a><\/p>\n<p>Na Air Fryer<\/p>\n<p>Sem descongelar, coloque os Nuggets separados uns dos outros no cesto da airfryer e cozinhe a 200\u00b0C por 11 minutos,<br \/>\nvirando-os a meio da prepara\u00e7\u00e3o. Deixe repousar 1 minuto.<\/p>\n<p>&nbsp;<\/p>\n<p><img loading=\"lazy\" decoding=\"async\" class=\"size-full wp-image-6531\" src=\"https:\/\/www.barosa.com\/wp-content\/uploads\/2021\/11\/Frigideira.png\" alt=\"Frigideira\" width=\"30\" height=\"30\" srcset=\"https:\/\/www.barosa.com\/wp-content\/uploads\/2021\/11\/Frigideira.png 30w, https:\/\/www.barosa.com\/wp-content\/uploads\/2021\/11\/Frigideira-12x12.png 12w\" sizes=\"auto, (max-width: 30px) 100vw, 30px\" \/><\/p>\n<p>Na Frigideira:<\/p>\n<p>aque\u00e7a 2 colheres de \u00f3leo. Sem descongelar, adicione os Nuggets. Cozinhe em lume m\u00e9dio durante 7 minutos,<br \/>\nvirando-os a cada 2 minutos.<\/p>\n<p>[\/bg_collapse]\n<p>&nbsp;<\/p>\n<p>Embalagem com 8 caixas de 540 grs.<\/p>\n<h6><em>Produto congelado<\/em><\/h6>\n","protected":false},"featured_media":19754,"template":"","meta":[],"product_brand":[713],"product_cat":[216],"product_tag":[],"class_list":{"0":"post-19753","1":"product","2":"type-product","3":"status-publish","4":"has-post-thumbnail","6":"product_brand-iglo","7":"product_cat-snacks-embalados","9":"first","10":"instock","11":"taxable","12":"shipping-taxable","13":"purchasable","14":"product-type-simple"},"yoast_head":"<!-- This site is optimized with the Yoast SEO Premium plugin v27.4 (Yoast SEO v27.4) - https:\/\/yoast.com\/product\/yoast-seo-premium-wordpress\/ -->\n<title>Nuggets de Frango Sem Gl\u00faten (25 un.) (8 x 540g) [Iglo] - BAROSA Congelados | Manuel de Sousa Barosa, Lda.<\/title>\n<meta name=\"description\" content=\"Elaborados a partir de pe\u00e7as de carne de peito de frango marinada e picada, panados, pr\u00e9-fritos e ultracongelados.\" \/>\n<meta name=\"robots\" content=\"index, follow, max-snippet:-1, max-image-preview:large, max-video-preview:-1\" \/>\n<link rel=\"canonical\" href=\"https:\/\/www.barosa.com\/en\/product-2\/nuggets-de-frango-sem-gluten-25-un-8-x-540g-iglo\/\" \/>\n<meta property=\"og:locale\" content=\"en_GB\" \/>\n<meta property=\"og:type\" content=\"article\" \/>\n<meta property=\"og:title\" content=\"Nuggets de Frango Sem Gl\u00faten (25 un.) (8 x 540g) [Iglo]\" \/>\n<meta property=\"og:description\" content=\"Elaborados a partir de pe\u00e7as de carne de peito de frango marinada e picada, panados, pr\u00e9-fritos e ultracongelados.\" \/>\n<meta property=\"og:url\" content=\"https:\/\/www.barosa.com\/en\/product-2\/nuggets-de-frango-sem-gluten-25-un-8-x-540g-iglo\/\" \/>\n<meta property=\"og:site_name\" content=\"BAROSA Congelados | Manuel de Sousa Barosa, Lda.\" \/>\n<meta property=\"article:publisher\" content=\"http:\/\/www.facebook.com\/barosa\/\" \/>\n<meta property=\"article:modified_time\" content=\"2025-12-22T19:00:45+00:00\" \/>\n<meta property=\"og:image\" content=\"https:\/\/www.barosa.com\/wp-content\/uploads\/2025\/12\/Nuggets-de-Frango-Sem-Gluten-25-un-8-x-540g-Iglo.webp\" \/>\n\t<meta property=\"og:image:width\" content=\"1000\" \/>\n\t<meta property=\"og:image:height\" content=\"1000\" \/>\n\t<meta property=\"og:image:type\" content=\"image\/png\" \/>\n<meta name=\"twitter:card\" content=\"summary_large_image\" \/>\n<meta name=\"twitter:site\" content=\"@barosa_lda\" \/>\n<meta name=\"twitter:label1\" content=\"Estimated reading time\" \/>\n\t<meta name=\"twitter:data1\" content=\"1 minute\" \/>\n<script type=\"application\/ld+json\" class=\"yoast-schema-graph\">{\"@context\":\"https:\\\/\\\/schema.org\",\"@graph\":[{\"@type\":\"WebPage\",\"@id\":\"https:\\\/\\\/www.barosa.com\\\/produto\\\/nuggets-de-frango-sem-gluten-25-un-8-x-540g-iglo\\\/\",\"url\":\"https:\\\/\\\/www.barosa.com\\\/produto\\\/nuggets-de-frango-sem-gluten-25-un-8-x-540g-iglo\\\/\",\"name\":\"Nuggets de Frango Sem Gl\u00faten (25 un.) (8 x 540g) [Iglo] - BAROSA Congelados | Manuel de Sousa Barosa, Lda.\",\"isPartOf\":{\"@id\":\"https:\\\/\\\/www.barosa.com\\\/#website\"},\"primaryImageOfPage\":{\"@id\":\"https:\\\/\\\/www.barosa.com\\\/produto\\\/nuggets-de-frango-sem-gluten-25-un-8-x-540g-iglo\\\/#primaryimage\"},\"image\":{\"@id\":\"https:\\\/\\\/www.barosa.com\\\/produto\\\/nuggets-de-frango-sem-gluten-25-un-8-x-540g-iglo\\\/#primaryimage\"},\"thumbnailUrl\":\"https:\\\/\\\/www.barosa.com\\\/wp-content\\\/uploads\\\/2025\\\/12\\\/Nuggets-de-Frango-Sem-Gluten-25-un-8-x-540g-Iglo.webp\",\"datePublished\":\"2025-12-22T18:48:47+00:00\",\"dateModified\":\"2025-12-22T19:00:45+00:00\",\"description\":\"Elaborados a partir de pe\u00e7as de carne de peito de frango marinada e picada, panados, pr\u00e9-fritos e ultracongelados.\",\"breadcrumb\":{\"@id\":\"https:\\\/\\\/www.barosa.com\\\/produto\\\/nuggets-de-frango-sem-gluten-25-un-8-x-540g-iglo\\\/#breadcrumb\"},\"inLanguage\":\"en-GB\",\"potentialAction\":[{\"@type\":\"ReadAction\",\"target\":[\"https:\\\/\\\/www.barosa.com\\\/produto\\\/nuggets-de-frango-sem-gluten-25-un-8-x-540g-iglo\\\/\"]}]},{\"@type\":\"ImageObject\",\"inLanguage\":\"en-GB\",\"@id\":\"https:\\\/\\\/www.barosa.com\\\/produto\\\/nuggets-de-frango-sem-gluten-25-un-8-x-540g-iglo\\\/#primaryimage\",\"url\":\"https:\\\/\\\/www.barosa.com\\\/wp-content\\\/uploads\\\/2025\\\/12\\\/Nuggets-de-Frango-Sem-Gluten-25-un-8-x-540g-Iglo.webp\",\"contentUrl\":\"https:\\\/\\\/www.barosa.com\\\/wp-content\\\/uploads\\\/2025\\\/12\\\/Nuggets-de-Frango-Sem-Gluten-25-un-8-x-540g-Iglo.webp\",\"width\":1000,\"height\":1000,\"caption\":\"Nuggets de Frango Sem Gl\u00faten 25 un 8 x 540g Iglo\"},{\"@type\":\"BreadcrumbList\",\"@id\":\"https:\\\/\\\/www.barosa.com\\\/produto\\\/nuggets-de-frango-sem-gluten-25-un-8-x-540g-iglo\\\/#breadcrumb\",\"itemListElement\":[{\"@type\":\"ListItem\",\"position\":1,\"name\":\"In\u00edcio\",\"item\":\"https:\\\/\\\/www.barosa.com\\\/\"},{\"@type\":\"ListItem\",\"position\":2,\"name\":\"Shop\",\"item\":\"https:\\\/\\\/www.barosa.com\\\/shop\\\/\"},{\"@type\":\"ListItem\",\"position\":3,\"name\":\"Nuggets de Frango Sem Gl\u00faten (25 un.) (8 x 540g) [Iglo]\"}]},{\"@type\":\"WebSite\",\"@id\":\"https:\\\/\\\/www.barosa.com\\\/#website\",\"url\":\"https:\\\/\\\/www.barosa.com\\\/\",\"name\":\"BAROSA Congelados | Manuel de Sousa Barosa, Lda.\",\"description\":\"Empresa de transforma\u00e7\u00e3o e comercializa\u00e7\u00e3o de produtos alimentares congelados. BAROSA \u00ae Pescados, &quot;N\u00e3o h\u00e1 bom garfo que resista\u00ae&quot;. BAROSA \u00ae FoodService &quot;O lado bom da comida\u00ae&quot;. Pescados Crust\u00e1ceos Mariscos Cefal\u00f3podes Bivalves Padaria Pastelaria Pizzas Sobremesas\",\"publisher\":{\"@id\":\"https:\\\/\\\/www.barosa.com\\\/#organization\"},\"alternateName\":\"BAROSA\u00ae\",\"potentialAction\":[{\"@type\":\"SearchAction\",\"target\":{\"@type\":\"EntryPoint\",\"urlTemplate\":\"https:\\\/\\\/www.barosa.com\\\/?s={search_term_string}\"},\"query-input\":{\"@type\":\"PropertyValueSpecification\",\"valueRequired\":true,\"valueName\":\"search_term_string\"}}],\"inLanguage\":\"en-GB\"},{\"@type\":\"Organization\",\"@id\":\"https:\\\/\\\/www.barosa.com\\\/#organization\",\"name\":\"Manuel de Sousa Barosa, Lda.\",\"alternateName\":\"BAROSA\",\"url\":\"https:\\\/\\\/www.barosa.com\\\/\",\"logo\":{\"@type\":\"ImageObject\",\"inLanguage\":\"en-GB\",\"@id\":\"https:\\\/\\\/www.barosa.com\\\/#\\\/schema\\\/logo\\\/image\\\/\",\"url\":\"https:\\\/\\\/www.barosa.com\\\/wp-content\\\/uploads\\\/2025\\\/03\\\/BAROSA-Logo-696x696-1.jpg\",\"contentUrl\":\"https:\\\/\\\/www.barosa.com\\\/wp-content\\\/uploads\\\/2025\\\/03\\\/BAROSA-Logo-696x696-1.jpg\",\"width\":696,\"height\":696,\"caption\":\"Manuel de Sousa Barosa, Lda.\"},\"image\":{\"@id\":\"https:\\\/\\\/www.barosa.com\\\/#\\\/schema\\\/logo\\\/image\\\/\"},\"sameAs\":[\"http:\\\/\\\/www.facebook.com\\\/barosa\\\/\",\"https:\\\/\\\/x.com\\\/barosa_lda\",\"https:\\\/\\\/www.instagram.com\\\/barosa_lda\\\/\",\"https:\\\/\\\/pt.linkedin.com\\\/company\\\/barosa-lda\"],\"description\":\"Empresa de transforma\u00e7\u00e3o e comercializa\u00e7\u00e3o de produtos alimentares congelados. BAROSA \u00ae Pescados, \\\"N\u00e3o h\u00e1 bom garfo que resista\u00ae\\\". BAROSA \u00ae FoodService \\\"O lado bom da comida!\u00ae\\\"\",\"email\":\"info@barosa.com\",\"telephone\":\"+351 262824403\",\"legalName\":\"Manuel de Sousa Barosa, Lda.\",\"foundingDate\":\"1975-05-21\",\"vatID\":\"503365190\",\"taxID\":\"503365190\",\"duns\":\"452388713\",\"numberOfEmployees\":{\"@type\":\"QuantitativeValue\",\"minValue\":\"11\",\"maxValue\":\"50\"},\"ethicsPolicy\":\"https:\\\/\\\/www.barosa.com\\\/politicaprivacidade\\\/\"}]}<\/script>\n<!-- \/ Yoast SEO Premium plugin. -->","yoast_head_json":{"title":"Nuggets de Frango Sem Gl\u00faten (25 un.) (8 x 540g) [Iglo] - BAROSA Congelados | Manuel de Sousa Barosa, Lda.","description":"Made from marinated and minced chicken breast pieces, breaded, pre-fried and deep-frozen.","robots":{"index":"index","follow":"follow","max-snippet":"max-snippet:-1","max-image-preview":"max-image-preview:large","max-video-preview":"max-video-preview:-1"},"canonical":"https:\/\/www.barosa.com\/en\/product-2\/nuggets-de-frango-sem-gluten-25-un-8-x-540g-iglo\/","og_locale":"en_GB","og_type":"article","og_title":"Nuggets de Frango Sem Gl\u00faten (25 un.) (8 x 540g) [Iglo]","og_description":"Elaborados a partir de pe\u00e7as de carne de peito de frango marinada e picada, panados, pr\u00e9-fritos e ultracongelados.","og_url":"https:\/\/www.barosa.com\/en\/product-2\/nuggets-de-frango-sem-gluten-25-un-8-x-540g-iglo\/","og_site_name":"BAROSA Congelados | Manuel de Sousa Barosa, Lda.","article_publisher":"http:\/\/www.facebook.com\/barosa\/","article_modified_time":"2025-12-22T19:00:45+00:00","og_image":[{"width":1000,"height":1000,"url":"https:\/\/www.barosa.com\/wp-content\/uploads\/2025\/12\/Nuggets-de-Frango-Sem-Gluten-25-un-8-x-540g-Iglo.webp","type":"image\/png"}],"twitter_card":"summary_large_image","twitter_site":"@barosa_lda","twitter_misc":{"Estimated reading time":"1 minute"},"schema":{"@context":"https:\/\/schema.org","@graph":[{"@type":"WebPage","@id":"https:\/\/www.barosa.com\/produto\/nuggets-de-frango-sem-gluten-25-un-8-x-540g-iglo\/","url":"https:\/\/www.barosa.com\/produto\/nuggets-de-frango-sem-gluten-25-un-8-x-540g-iglo\/","name":"Nuggets de Frango Sem Gl\u00faten (25 un.) (8 x 540g) [Iglo] - BAROSA Congelados | Manuel de Sousa Barosa, Lda.","isPartOf":{"@id":"https:\/\/www.barosa.com\/#website"},"primaryImageOfPage":{"@id":"https:\/\/www.barosa.com\/produto\/nuggets-de-frango-sem-gluten-25-un-8-x-540g-iglo\/#primaryimage"},"image":{"@id":"https:\/\/www.barosa.com\/produto\/nuggets-de-frango-sem-gluten-25-un-8-x-540g-iglo\/#primaryimage"},"thumbnailUrl":"https:\/\/www.barosa.com\/wp-content\/uploads\/2025\/12\/Nuggets-de-Frango-Sem-Gluten-25-un-8-x-540g-Iglo.webp","datePublished":"2025-12-22T18:48:47+00:00","dateModified":"2025-12-22T19:00:45+00:00","description":"Made from marinated and minced chicken breast pieces, breaded, pre-fried and deep-frozen.","breadcrumb":{"@id":"https:\/\/www.barosa.com\/produto\/nuggets-de-frango-sem-gluten-25-un-8-x-540g-iglo\/#breadcrumb"},"inLanguage":"en-GB","potentialAction":[{"@type":"ReadAction","target":["https:\/\/www.barosa.com\/produto\/nuggets-de-frango-sem-gluten-25-un-8-x-540g-iglo\/"]}]},{"@type":"ImageObject","inLanguage":"en-GB","@id":"https:\/\/www.barosa.com\/produto\/nuggets-de-frango-sem-gluten-25-un-8-x-540g-iglo\/#primaryimage","url":"https:\/\/www.barosa.com\/wp-content\/uploads\/2025\/12\/Nuggets-de-Frango-Sem-Gluten-25-un-8-x-540g-Iglo.webp","contentUrl":"https:\/\/www.barosa.com\/wp-content\/uploads\/2025\/12\/Nuggets-de-Frango-Sem-Gluten-25-un-8-x-540g-Iglo.webp","width":1000,"height":1000,"caption":"Nuggets de Frango Sem Gl\u00faten 25 un 8 x 540g Iglo"},{"@type":"BreadcrumbList","@id":"https:\/\/www.barosa.com\/produto\/nuggets-de-frango-sem-gluten-25-un-8-x-540g-iglo\/#breadcrumb","itemListElement":[{"@type":"ListItem","position":1,"name":"In\u00edcio","item":"https:\/\/www.barosa.com\/"},{"@type":"ListItem","position":2,"name":"Shop","item":"https:\/\/www.barosa.com\/shop\/"},{"@type":"ListItem","position":3,"name":"Nuggets de Frango Sem Gl\u00faten (25 un.) (8 x 540g) [Iglo]"}]},{"@type":"WebSite","@id":"https:\/\/www.barosa.com\/#website","url":"https:\/\/www.barosa.com\/","name":"BAROSA Frozen Foods | Manuel de Sousa Barosa, Ltd.","description":"Company specialising in the processing and marketing of frozen food products. BAROSA \u00ae Seafood, \"No good fork can resist\u00ae\". BAROSA \u00ae FoodService \"The good side of food\u00ae\". Seafood Crustaceans Shellfish Cephalopods Bivalves Bakery Pastries Pizzas Desserts","publisher":{"@id":"https:\/\/www.barosa.com\/#organization"},"alternateName":"BAROSA\u00ae","potentialAction":[{"@type":"SearchAction","target":{"@type":"EntryPoint","urlTemplate":"https:\/\/www.barosa.com\/?s={search_term_string}"},"query-input":{"@type":"PropertyValueSpecification","valueRequired":true,"valueName":"search_term_string"}}],"inLanguage":"en-GB"},{"@type":"Organization","@id":"https:\/\/www.barosa.com\/#organization","name":"Manuel de Sousa Barosa, Ltd.","alternateName":"BAROSA","url":"https:\/\/www.barosa.com\/","logo":{"@type":"ImageObject","inLanguage":"en-GB","@id":"https:\/\/www.barosa.com\/#\/schema\/logo\/image\/","url":"https:\/\/www.barosa.com\/wp-content\/uploads\/2025\/03\/BAROSA-Logo-696x696-1.jpg","contentUrl":"https:\/\/www.barosa.com\/wp-content\/uploads\/2025\/03\/BAROSA-Logo-696x696-1.jpg","width":696,"height":696,"caption":"Manuel de Sousa Barosa, Lda."},"image":{"@id":"https:\/\/www.barosa.com\/#\/schema\/logo\/image\/"},"sameAs":["http:\/\/www.facebook.com\/barosa\/","https:\/\/x.com\/barosa_lda","https:\/\/www.instagram.com\/barosa_lda\/","https:\/\/pt.linkedin.com\/company\/barosa-lda"],"description":"Company specialising in the processing and marketing of frozen food products. BAROSA \u00ae Pescados, \"No good fork can resist\u00ae\". BAROSA \u00ae FoodService \"The good side of food!\u00ae\"","email":"info@barosa.com","telephone":"+351 262824403","legalName":"Manuel de Sousa Barosa, Lda.","foundingDate":"1975-05-21","vatID":"503365190","taxID":"503365190","duns":"452388713","numberOfEmployees":{"@type":"QuantitativeValue","minValue":"11","maxValue":"50"},"ethicsPolicy":"https:\/\/www.barosa.com\/politicaprivacidade\/"}]}},"_links":{"self":[{"href":"https:\/\/www.barosa.com\/en\/wp-json\/wp\/v2\/product\/19753","targetHints":{"allow":["GET"]}}],"collection":[{"href":"https:\/\/www.barosa.com\/en\/wp-json\/wp\/v2\/product"}],"about":[{"href":"https:\/\/www.barosa.com\/en\/wp-json\/wp\/v2\/types\/product"}],"wp:featuredmedia":[{"embeddable":true,"href":"https:\/\/www.barosa.com\/en\/wp-json\/wp\/v2\/media\/19754"}],"wp:attachment":[{"href":"https:\/\/www.barosa.com\/en\/wp-json\/wp\/v2\/media?parent=19753"}],"wp:term":[{"taxonomy":"product_brand","embeddable":true,"href":"https:\/\/www.barosa.com\/en\/wp-json\/wp\/v2\/product_brand?post=19753"},{"taxonomy":"product_cat","embeddable":true,"href":"https:\/\/www.barosa.com\/en\/wp-json\/wp\/v2\/product_cat?post=19753"},{"taxonomy":"product_tag","embeddable":true,"href":"https:\/\/www.barosa.com\/en\/wp-json\/wp\/v2\/product_tag?post=19753"}],"curies":[{"name":"wp","href":"https:\/\/api.w.org\/{rel}","templated":true}]}}