{"id":15658,"date":"2025-05-16T11:41:23","date_gmt":"2025-05-16T11:41:23","guid":{"rendered":"https:\/\/www.barosa.com\/?post_type=product&#038;p=15658"},"modified":"2025-07-04T10:02:45","modified_gmt":"2025-07-04T10:02:45","slug":"ristorante-pizza-grandissima-prosciutto-funghi","status":"publish","type":"product","link":"https:\/\/www.barosa.com\/en\/produto\/ristorante-pizza-grandissima-prosciutto-funghi\/","title":{"rendered":"Ristorante Pizza Grandissima Prosciutto Funghi"},"content":{"rendered":"","protected":false},"excerpt":{"rendered":"<p>Tipo de embalagem:<\/p>\n<ul>\n<li>Peso da unidade: 580 Grs<\/li>\n<li>N\u00famero de unidades: 7<\/li>\n<\/ul>\n<p>Ristorante de Dr. Oetker, uma Pizza de massa fina e crocante, apresenta uma Pizza com os ingredientes cl\u00e1ssicos de uma Pizza, com mais sabor que nunca: fiambre, cogumelos sobre uma deliciosa base de queijo.<\/p>\n[bg_collapse view=\"link\" color=\"#4a4949\" icon=\"arrow\" expand_text=\"\u00a0 \u00a0Mostrar mais\" collapse_text=\"\u00a0 \u00a0Mostrar menos\" ]<\/p>\n<p><strong>Modo de prepara\u00e7\u00e3o<\/strong><\/p>\n<p>Pr\u00e9-aque\u00e7a o forno \u00e0 temperatura indicada: forno est\u00e1tico: 220\u00b0-230\u00b0C; forno ventilado: 200\u00b0C; forno a g\u00e1s: 230\u00b0C. Mantenha o produto congelado at\u00e9 ao momento da cozedura.<\/p>\n<p>Retire a embalagem e coloque a pizza ainda congelada no forno, posicionando-a na grelha na parte inferior do forno (na parte m\u00e9dia no forno a g\u00e1s).<\/p>\n<p>Coza a pizza durante 13-14 minutos (10-11 minutos em forno ventilado). A pizza est\u00e1 pronta quando o queijo estiver bem derretido. Certifique-se de que o produto est\u00e1 completamente cozinhado antes de o consumir.<\/p>\n<p>[\/bg_collapse]\n<h6>Produto congelado<\/h6>\n","protected":false},"featured_media":15659,"template":"","meta":[],"product_brand":[715],"product_cat":[210],"product_tag":[630],"class_list":{"0":"post-15658","1":"product","2":"type-product","3":"status-publish","4":"has-post-thumbnail","6":"product_brand-dr-oetker","7":"product_cat-pizzas-embaladas","8":"product_tag-ristorante","10":"first","11":"instock","12":"taxable","13":"shipping-taxable","14":"purchasable","15":"product-type-simple"},"yoast_head":"<!-- This site is optimized with the Yoast SEO Premium plugin v27.4 (Yoast SEO v27.4) - https:\/\/yoast.com\/product\/yoast-seo-premium-wordpress\/ -->\n<title>Ristorante Pizza Grandissima Prosciutto Funghi - BAROSA Congelados | Manuel de Sousa Barosa, Lda.<\/title>\n<meta name=\"description\" content=\"Ristorante de Dr. Oetker: Pizza de massa fina e crocante, com fiambre, cogumelos e queijo, trazendo o sabor cl\u00e1ssico com intensidade \u00fanica.\" \/>\n<meta name=\"robots\" content=\"index, follow, max-snippet:-1, max-image-preview:large, max-video-preview:-1\" \/>\n<link rel=\"canonical\" href=\"https:\/\/www.barosa.com\/en\/product-2\/ristorante-pizza-grandissima-prosciutto-funghi\/\" \/>\n<meta property=\"og:locale\" content=\"en_GB\" \/>\n<meta property=\"og:type\" content=\"article\" \/>\n<meta property=\"og:title\" content=\"Ristorante Pizza Grandissima Prosciutto Funghi\" \/>\n<meta property=\"og:description\" content=\"Ristorante de Dr. Oetker: Pizza de massa fina e crocante, com fiambre, cogumelos e queijo, trazendo o sabor cl\u00e1ssico com intensidade \u00fanica.\" \/>\n<meta property=\"og:url\" content=\"https:\/\/www.barosa.com\/en\/product-2\/ristorante-pizza-grandissima-prosciutto-funghi\/\" \/>\n<meta property=\"og:site_name\" content=\"BAROSA Congelados | Manuel de Sousa Barosa, Lda.\" \/>\n<meta property=\"article:publisher\" content=\"http:\/\/www.facebook.com\/barosa\/\" \/>\n<meta property=\"article:modified_time\" content=\"2025-07-04T10:02:45+00:00\" \/>\n<meta property=\"og:image\" content=\"https:\/\/www.barosa.com\/wp-content\/uploads\/2025\/05\/Ristorante-Pizza-Grandissima-Prosciutto-Funghi.webp\" \/>\n\t<meta property=\"og:image:width\" content=\"1000\" \/>\n\t<meta property=\"og:image:height\" content=\"1000\" \/>\n\t<meta property=\"og:image:type\" content=\"image\/jpeg\" \/>\n<meta name=\"twitter:card\" content=\"summary_large_image\" \/>\n<meta name=\"twitter:site\" content=\"@barosa_lda\" \/>\n<meta name=\"twitter:label1\" content=\"Estimated reading time\" \/>\n\t<meta name=\"twitter:data1\" content=\"1 minute\" \/>\n<script type=\"application\/ld+json\" class=\"yoast-schema-graph\">{\"@context\":\"https:\\\/\\\/schema.org\",\"@graph\":[{\"@type\":\"WebPage\",\"@id\":\"https:\\\/\\\/www.barosa.com\\\/produto\\\/ristorante-pizza-grandissima-prosciutto-funghi\\\/\",\"url\":\"https:\\\/\\\/www.barosa.com\\\/produto\\\/ristorante-pizza-grandissima-prosciutto-funghi\\\/\",\"name\":\"Ristorante Pizza Grandissima Prosciutto Funghi - BAROSA Congelados | Manuel de Sousa Barosa, Lda.\",\"isPartOf\":{\"@id\":\"https:\\\/\\\/www.barosa.com\\\/#website\"},\"primaryImageOfPage\":{\"@id\":\"https:\\\/\\\/www.barosa.com\\\/produto\\\/ristorante-pizza-grandissima-prosciutto-funghi\\\/#primaryimage\"},\"image\":{\"@id\":\"https:\\\/\\\/www.barosa.com\\\/produto\\\/ristorante-pizza-grandissima-prosciutto-funghi\\\/#primaryimage\"},\"thumbnailUrl\":\"https:\\\/\\\/www.barosa.com\\\/wp-content\\\/uploads\\\/2025\\\/05\\\/Ristorante-Pizza-Grandissima-Prosciutto-Funghi.webp\",\"datePublished\":\"2025-05-16T11:41:23+00:00\",\"dateModified\":\"2025-07-04T10:02:45+00:00\",\"description\":\"Ristorante de Dr. Oetker: Pizza de massa fina e crocante, com fiambre, cogumelos e queijo, trazendo o sabor cl\u00e1ssico com intensidade \u00fanica.\",\"breadcrumb\":{\"@id\":\"https:\\\/\\\/www.barosa.com\\\/produto\\\/ristorante-pizza-grandissima-prosciutto-funghi\\\/#breadcrumb\"},\"inLanguage\":\"en-GB\",\"potentialAction\":[{\"@type\":\"ReadAction\",\"target\":[\"https:\\\/\\\/www.barosa.com\\\/produto\\\/ristorante-pizza-grandissima-prosciutto-funghi\\\/\"]}]},{\"@type\":\"ImageObject\",\"inLanguage\":\"en-GB\",\"@id\":\"https:\\\/\\\/www.barosa.com\\\/produto\\\/ristorante-pizza-grandissima-prosciutto-funghi\\\/#primaryimage\",\"url\":\"https:\\\/\\\/www.barosa.com\\\/wp-content\\\/uploads\\\/2025\\\/05\\\/Ristorante-Pizza-Grandissima-Prosciutto-Funghi.webp\",\"contentUrl\":\"https:\\\/\\\/www.barosa.com\\\/wp-content\\\/uploads\\\/2025\\\/05\\\/Ristorante-Pizza-Grandissima-Prosciutto-Funghi.webp\",\"width\":1000,\"height\":1000,\"caption\":\"Ristorante Pizza Grandissima Prosciutto Funghi\"},{\"@type\":\"BreadcrumbList\",\"@id\":\"https:\\\/\\\/www.barosa.com\\\/produto\\\/ristorante-pizza-grandissima-prosciutto-funghi\\\/#breadcrumb\",\"itemListElement\":[{\"@type\":\"ListItem\",\"position\":1,\"name\":\"In\u00edcio\",\"item\":\"https:\\\/\\\/www.barosa.com\\\/\"},{\"@type\":\"ListItem\",\"position\":2,\"name\":\"Shop\",\"item\":\"https:\\\/\\\/www.barosa.com\\\/shop\\\/\"},{\"@type\":\"ListItem\",\"position\":3,\"name\":\"Ristorante Pizza Grandissima Prosciutto Funghi\"}]},{\"@type\":\"WebSite\",\"@id\":\"https:\\\/\\\/www.barosa.com\\\/#website\",\"url\":\"https:\\\/\\\/www.barosa.com\\\/\",\"name\":\"BAROSA Congelados | Manuel de Sousa Barosa, Lda.\",\"description\":\"Empresa de transforma\u00e7\u00e3o e comercializa\u00e7\u00e3o de produtos alimentares congelados. BAROSA \u00ae Pescados, &quot;N\u00e3o h\u00e1 bom garfo que resista\u00ae&quot;. BAROSA \u00ae FoodService &quot;O lado bom da comida\u00ae&quot;. Pescados Crust\u00e1ceos Mariscos Cefal\u00f3podes Bivalves Padaria Pastelaria Pizzas Sobremesas\",\"publisher\":{\"@id\":\"https:\\\/\\\/www.barosa.com\\\/#organization\"},\"alternateName\":\"BAROSA\u00ae\",\"potentialAction\":[{\"@type\":\"SearchAction\",\"target\":{\"@type\":\"EntryPoint\",\"urlTemplate\":\"https:\\\/\\\/www.barosa.com\\\/?s={search_term_string}\"},\"query-input\":{\"@type\":\"PropertyValueSpecification\",\"valueRequired\":true,\"valueName\":\"search_term_string\"}}],\"inLanguage\":\"en-GB\"},{\"@type\":\"Organization\",\"@id\":\"https:\\\/\\\/www.barosa.com\\\/#organization\",\"name\":\"Manuel de Sousa Barosa, Lda.\",\"alternateName\":\"BAROSA\",\"url\":\"https:\\\/\\\/www.barosa.com\\\/\",\"logo\":{\"@type\":\"ImageObject\",\"inLanguage\":\"en-GB\",\"@id\":\"https:\\\/\\\/www.barosa.com\\\/#\\\/schema\\\/logo\\\/image\\\/\",\"url\":\"https:\\\/\\\/www.barosa.com\\\/wp-content\\\/uploads\\\/2025\\\/03\\\/BAROSA-Logo-696x696-1.jpg\",\"contentUrl\":\"https:\\\/\\\/www.barosa.com\\\/wp-content\\\/uploads\\\/2025\\\/03\\\/BAROSA-Logo-696x696-1.jpg\",\"width\":696,\"height\":696,\"caption\":\"Manuel de Sousa Barosa, Lda.\"},\"image\":{\"@id\":\"https:\\\/\\\/www.barosa.com\\\/#\\\/schema\\\/logo\\\/image\\\/\"},\"sameAs\":[\"http:\\\/\\\/www.facebook.com\\\/barosa\\\/\",\"https:\\\/\\\/x.com\\\/barosa_lda\",\"https:\\\/\\\/www.instagram.com\\\/barosa_lda\\\/\",\"https:\\\/\\\/pt.linkedin.com\\\/company\\\/barosa-lda\"],\"description\":\"Empresa de transforma\u00e7\u00e3o e comercializa\u00e7\u00e3o de produtos alimentares congelados. BAROSA \u00ae Pescados, \\\"N\u00e3o h\u00e1 bom garfo que resista\u00ae\\\". BAROSA \u00ae FoodService \\\"O lado bom da comida!\u00ae\\\"\",\"email\":\"info@barosa.com\",\"telephone\":\"+351 262824403\",\"legalName\":\"Manuel de Sousa Barosa, Lda.\",\"foundingDate\":\"1975-05-21\",\"vatID\":\"503365190\",\"taxID\":\"503365190\",\"duns\":\"452388713\",\"numberOfEmployees\":{\"@type\":\"QuantitativeValue\",\"minValue\":\"11\",\"maxValue\":\"50\"},\"ethicsPolicy\":\"https:\\\/\\\/www.barosa.com\\\/politicaprivacidade\\\/\"}]}<\/script>\n<!-- \/ Yoast SEO Premium plugin. -->","yoast_head_json":{"title":"Ristorante Pizza Grandissima Prosciutto Funghi - BAROSA Congelados | Manuel de Sousa Barosa, Lda.","description":"Dr. Oetker's Ristorante: Thin, crispy crust pizza with ham, mushrooms and cheese, bringing the classic flavour with unique intensity.","robots":{"index":"index","follow":"follow","max-snippet":"max-snippet:-1","max-image-preview":"max-image-preview:large","max-video-preview":"max-video-preview:-1"},"canonical":"https:\/\/www.barosa.com\/en\/product-2\/ristorante-pizza-grandissima-prosciutto-funghi\/","og_locale":"en_GB","og_type":"article","og_title":"Ristorante Pizza Grandissima Prosciutto Funghi","og_description":"Ristorante de Dr. Oetker: Pizza de massa fina e crocante, com fiambre, cogumelos e queijo, trazendo o sabor cl\u00e1ssico com intensidade \u00fanica.","og_url":"https:\/\/www.barosa.com\/en\/product-2\/ristorante-pizza-grandissima-prosciutto-funghi\/","og_site_name":"BAROSA Congelados | Manuel de Sousa Barosa, Lda.","article_publisher":"http:\/\/www.facebook.com\/barosa\/","article_modified_time":"2025-07-04T10:02:45+00:00","og_image":[{"width":1000,"height":1000,"url":"https:\/\/www.barosa.com\/wp-content\/uploads\/2025\/05\/Ristorante-Pizza-Grandissima-Prosciutto-Funghi.webp","type":"image\/jpeg"}],"twitter_card":"summary_large_image","twitter_site":"@barosa_lda","twitter_misc":{"Estimated reading time":"1 minute"},"schema":{"@context":"https:\/\/schema.org","@graph":[{"@type":"WebPage","@id":"https:\/\/www.barosa.com\/produto\/ristorante-pizza-grandissima-prosciutto-funghi\/","url":"https:\/\/www.barosa.com\/produto\/ristorante-pizza-grandissima-prosciutto-funghi\/","name":"Ristorante Pizza Grandissima Prosciutto Funghi - BAROSA Congelados | Manuel de Sousa Barosa, Lda.","isPartOf":{"@id":"https:\/\/www.barosa.com\/#website"},"primaryImageOfPage":{"@id":"https:\/\/www.barosa.com\/produto\/ristorante-pizza-grandissima-prosciutto-funghi\/#primaryimage"},"image":{"@id":"https:\/\/www.barosa.com\/produto\/ristorante-pizza-grandissima-prosciutto-funghi\/#primaryimage"},"thumbnailUrl":"https:\/\/www.barosa.com\/wp-content\/uploads\/2025\/05\/Ristorante-Pizza-Grandissima-Prosciutto-Funghi.webp","datePublished":"2025-05-16T11:41:23+00:00","dateModified":"2025-07-04T10:02:45+00:00","description":"Dr. Oetker's Ristorante: Thin, crispy crust pizza with ham, mushrooms and cheese, bringing the classic flavour with unique intensity.","breadcrumb":{"@id":"https:\/\/www.barosa.com\/produto\/ristorante-pizza-grandissima-prosciutto-funghi\/#breadcrumb"},"inLanguage":"en-GB","potentialAction":[{"@type":"ReadAction","target":["https:\/\/www.barosa.com\/produto\/ristorante-pizza-grandissima-prosciutto-funghi\/"]}]},{"@type":"ImageObject","inLanguage":"en-GB","@id":"https:\/\/www.barosa.com\/produto\/ristorante-pizza-grandissima-prosciutto-funghi\/#primaryimage","url":"https:\/\/www.barosa.com\/wp-content\/uploads\/2025\/05\/Ristorante-Pizza-Grandissima-Prosciutto-Funghi.webp","contentUrl":"https:\/\/www.barosa.com\/wp-content\/uploads\/2025\/05\/Ristorante-Pizza-Grandissima-Prosciutto-Funghi.webp","width":1000,"height":1000,"caption":"Ristorante Pizza Grandissima Prosciutto Funghi"},{"@type":"BreadcrumbList","@id":"https:\/\/www.barosa.com\/produto\/ristorante-pizza-grandissima-prosciutto-funghi\/#breadcrumb","itemListElement":[{"@type":"ListItem","position":1,"name":"In\u00edcio","item":"https:\/\/www.barosa.com\/"},{"@type":"ListItem","position":2,"name":"Shop","item":"https:\/\/www.barosa.com\/shop\/"},{"@type":"ListItem","position":3,"name":"Ristorante Pizza Grandissima Prosciutto Funghi"}]},{"@type":"WebSite","@id":"https:\/\/www.barosa.com\/#website","url":"https:\/\/www.barosa.com\/","name":"BAROSA Frozen Foods | Manuel de Sousa Barosa, Ltd.","description":"Company specialising in the processing and marketing of frozen food products. BAROSA \u00ae Seafood, \"No good fork can resist\u00ae\". BAROSA \u00ae FoodService \"The good side of food\u00ae\". Seafood Crustaceans Shellfish Cephalopods Bivalves Bakery Pastries Pizzas Desserts","publisher":{"@id":"https:\/\/www.barosa.com\/#organization"},"alternateName":"BAROSA\u00ae","potentialAction":[{"@type":"SearchAction","target":{"@type":"EntryPoint","urlTemplate":"https:\/\/www.barosa.com\/?s={search_term_string}"},"query-input":{"@type":"PropertyValueSpecification","valueRequired":true,"valueName":"search_term_string"}}],"inLanguage":"en-GB"},{"@type":"Organization","@id":"https:\/\/www.barosa.com\/#organization","name":"Manuel de Sousa Barosa, Ltd.","alternateName":"BAROSA","url":"https:\/\/www.barosa.com\/","logo":{"@type":"ImageObject","inLanguage":"en-GB","@id":"https:\/\/www.barosa.com\/#\/schema\/logo\/image\/","url":"https:\/\/www.barosa.com\/wp-content\/uploads\/2025\/03\/BAROSA-Logo-696x696-1.jpg","contentUrl":"https:\/\/www.barosa.com\/wp-content\/uploads\/2025\/03\/BAROSA-Logo-696x696-1.jpg","width":696,"height":696,"caption":"Manuel de Sousa Barosa, Lda."},"image":{"@id":"https:\/\/www.barosa.com\/#\/schema\/logo\/image\/"},"sameAs":["http:\/\/www.facebook.com\/barosa\/","https:\/\/x.com\/barosa_lda","https:\/\/www.instagram.com\/barosa_lda\/","https:\/\/pt.linkedin.com\/company\/barosa-lda"],"description":"Company specialising in the processing and marketing of frozen food products. BAROSA \u00ae Pescados, \"No good fork can resist\u00ae\". BAROSA \u00ae FoodService \"The good side of food!\u00ae\"","email":"info@barosa.com","telephone":"+351 262824403","legalName":"Manuel de Sousa Barosa, Lda.","foundingDate":"1975-05-21","vatID":"503365190","taxID":"503365190","duns":"452388713","numberOfEmployees":{"@type":"QuantitativeValue","minValue":"11","maxValue":"50"},"ethicsPolicy":"https:\/\/www.barosa.com\/politicaprivacidade\/"}]}},"_links":{"self":[{"href":"https:\/\/www.barosa.com\/en\/wp-json\/wp\/v2\/product\/15658","targetHints":{"allow":["GET"]}}],"collection":[{"href":"https:\/\/www.barosa.com\/en\/wp-json\/wp\/v2\/product"}],"about":[{"href":"https:\/\/www.barosa.com\/en\/wp-json\/wp\/v2\/types\/product"}],"wp:featuredmedia":[{"embeddable":true,"href":"https:\/\/www.barosa.com\/en\/wp-json\/wp\/v2\/media\/15659"}],"wp:attachment":[{"href":"https:\/\/www.barosa.com\/en\/wp-json\/wp\/v2\/media?parent=15658"}],"wp:term":[{"taxonomy":"product_brand","embeddable":true,"href":"https:\/\/www.barosa.com\/en\/wp-json\/wp\/v2\/product_brand?post=15658"},{"taxonomy":"product_cat","embeddable":true,"href":"https:\/\/www.barosa.com\/en\/wp-json\/wp\/v2\/product_cat?post=15658"},{"taxonomy":"product_tag","embeddable":true,"href":"https:\/\/www.barosa.com\/en\/wp-json\/wp\/v2\/product_tag?post=15658"}],"curies":[{"name":"wp","href":"https:\/\/api.w.org\/{rel}","templated":true}]}}