{"id":14897,"date":"2025-04-03T21:20:40","date_gmt":"2025-04-03T21:20:40","guid":{"rendered":"https:\/\/www.barosa.com\/?post_type=product&#038;p=14897"},"modified":"2025-06-10T21:53:21","modified_gmt":"2025-06-10T21:53:21","slug":"filetes-de-peixe-polme-crocante-iglo","status":"publish","type":"product","link":"https:\/\/www.barosa.com\/en\/produto\/filetes-de-peixe-polme-crocante-iglo\/","title":{"rendered":"Filetes de Peixe &#038; Polme Crocante [Iglo]"},"content":{"rendered":"","protected":false},"excerpt":{"rendered":"<p>&nbsp;<\/p>\n[bg_collapse view=\"link\" color=\"#4a4949\" icon=\"arrow\" expand_text=\"Modo de Prepara\u00e7\u00e3o\" collapse_text=\"Esconder\" ]<\/p>\n<h3>Modo de Prepara\u00e7\u00e3o<\/h3>\n<p>Os Douradinhos devem ser totalmente cozinhados antes de serem consumidos.<\/p>\n<p><img loading=\"lazy\" decoding=\"async\" class=\"size-full wp-image-6530\" src=\"https:\/\/www.barosa.com\/wp-content\/uploads\/2021\/11\/Forno.png\" alt=\"Forno\" width=\"30\" height=\"30\" srcset=\"https:\/\/www.barosa.com\/wp-content\/uploads\/2021\/11\/Forno.png 30w, https:\/\/www.barosa.com\/wp-content\/uploads\/2021\/11\/Forno-12x12.png 12w\" sizes=\"auto, (max-width: 30px) 100vw, 30px\" \/><\/p>\n<p>No Forno:<\/p>\n<p>No Forno: pr\u00e9-aque\u00e7a o forno a 200\u00baC.Sem descongelar, coloque 1 ou 2 Filetes num tabuleiro de forno forrado com papel vegetal a meio do forno.<br \/>\nDeixe cozinhar durante 25 minutos. A metade do tempo vire os filetes.<\/p>\n<p>NOTA : Os tempos referidos entendem-se como valores m\u00e9dios, dependendo do tipo de forno utilizado.<\/p>\n<p>&nbsp;<\/p>\n<p><img loading=\"lazy\" decoding=\"async\" class=\"size-full wp-image-14900\" src=\"https:\/\/www.barosa.com\/wp-content\/uploads\/2025\/04\/Air-Fryer-png.webp\" alt=\"Air Fryer\" width=\"30\" height=\"30\" srcset=\"https:\/\/www.barosa.com\/wp-content\/uploads\/2025\/04\/Air-Fryer-png.webp 30w, https:\/\/www.barosa.com\/wp-content\/uploads\/2025\/04\/Air-Fryer-12x12.webp 12w\" sizes=\"auto, (max-width: 30px) 100vw, 30px\" \/><\/p>\n<p>Na Airfryer:<\/p>\n<p>Pr\u00e9-aque\u00e7a a airfryer a 200\u00b0C durante 3 minutos e 30 segundos. Coloque 2 Filetes congelados separados um do outro no cesto da airfryer e cozinhe por 12 minutos. A metade do tempo vire os filetes. Deixe repousar 1 minuto.<\/p>\n<p>NOTA: Os tempos referidos entendem-se como valores m\u00e9dios, dependendo do tipo de equipamento utilizado<\/p>\n<p><img loading=\"lazy\" decoding=\"async\" class=\"size-full wp-image-6531\" src=\"https:\/\/www.barosa.com\/wp-content\/uploads\/2021\/11\/Frigideira.png\" alt=\"Frigideira\" width=\"30\" height=\"30\" srcset=\"https:\/\/www.barosa.com\/wp-content\/uploads\/2021\/11\/Frigideira.png 30w, https:\/\/www.barosa.com\/wp-content\/uploads\/2021\/11\/Frigideira-12x12.png 12w\" sizes=\"auto, (max-width: 30px) 100vw, 30px\" \/><\/p>\n<p>Na frigideira:<\/p>\n<p>Frite em \u00f3leo bem quente durante 10 minutos. Vire-os de vez em quando para dourar dos dois lados e, antes de servir, seque com papel de absorvente.<\/p>\n<p>&nbsp;<\/p>\n<p>Mais saborosos quando preparados sem descongelar.<br \/>\nAssegure-se que o produto fica totalmente cozinhado<\/p>\n<p>[\/bg_collapse]\n<p>&nbsp;<\/p>\n<p>Embalagem com 8 caixas de 240 grs.<\/p>\n<h6><em>Produto congelado<\/em><\/h6>\n","protected":false},"featured_media":14898,"template":"","meta":[],"product_brand":[713],"product_cat":[216],"product_tag":[],"class_list":{"0":"post-14897","1":"product","2":"type-product","3":"status-publish","4":"has-post-thumbnail","6":"product_brand-iglo","7":"product_cat-snacks-embalados","9":"first","10":"instock","11":"taxable","12":"shipping-taxable","13":"purchasable","14":"product-type-simple"},"yoast_head":"<!-- This site is optimized with the Yoast SEO Premium plugin v27.4 (Yoast SEO v27.5) - https:\/\/yoast.com\/product\/yoast-seo-premium-wordpress\/ -->\n<title>Filetes de Peixe &amp; Polme Crocante [Iglo] - BAROSA Congelados | Manuel de Sousa Barosa, Lda.<\/title>\n<meta name=\"robots\" content=\"index, follow, max-snippet:-1, max-image-preview:large, max-video-preview:-1\" \/>\n<link rel=\"canonical\" href=\"https:\/\/www.barosa.com\/en\/product-2\/filetes-de-peixe-polme-crocante-iglo\/\" \/>\n<meta property=\"og:locale\" content=\"en_GB\" \/>\n<meta property=\"og:type\" content=\"article\" \/>\n<meta property=\"og:title\" content=\"Filetes de Peixe &amp; Polme Crocante [Iglo]\" \/>\n<meta property=\"og:description\" content=\"&nbsp;    &nbsp;  Embalagem com 8 caixas de 240 grs. Produto congelado\" \/>\n<meta property=\"og:url\" content=\"https:\/\/www.barosa.com\/en\/product-2\/filetes-de-peixe-polme-crocante-iglo\/\" \/>\n<meta property=\"og:site_name\" content=\"BAROSA Congelados | Manuel de Sousa Barosa, Lda.\" \/>\n<meta property=\"article:publisher\" content=\"http:\/\/www.facebook.com\/barosa\/\" \/>\n<meta property=\"article:modified_time\" content=\"2025-06-10T21:53:21+00:00\" \/>\n<meta property=\"og:image\" content=\"https:\/\/www.barosa.com\/wp-content\/uploads\/2025\/04\/Filetes-de-Peixe-Polme-Crocante-Iglo.webp\" \/>\n\t<meta property=\"og:image:width\" content=\"1000\" \/>\n\t<meta property=\"og:image:height\" content=\"1000\" \/>\n\t<meta property=\"og:image:type\" content=\"image\/jpeg\" \/>\n<meta name=\"twitter:card\" content=\"summary_large_image\" \/>\n<meta name=\"twitter:site\" content=\"@barosa_lda\" \/>\n<meta name=\"twitter:label1\" content=\"Estimated reading time\" \/>\n\t<meta name=\"twitter:data1\" content=\"1 minute\" \/>\n<script type=\"application\/ld+json\" class=\"yoast-schema-graph\">{\"@context\":\"https:\\\/\\\/schema.org\",\"@graph\":[{\"@type\":\"WebPage\",\"@id\":\"https:\\\/\\\/www.barosa.com\\\/produto\\\/filetes-de-peixe-polme-crocante-iglo\\\/\",\"url\":\"https:\\\/\\\/www.barosa.com\\\/produto\\\/filetes-de-peixe-polme-crocante-iglo\\\/\",\"name\":\"Filetes de Peixe & Polme Crocante [Iglo] - BAROSA Congelados | Manuel de Sousa Barosa, Lda.\",\"isPartOf\":{\"@id\":\"https:\\\/\\\/www.barosa.com\\\/#website\"},\"primaryImageOfPage\":{\"@id\":\"https:\\\/\\\/www.barosa.com\\\/produto\\\/filetes-de-peixe-polme-crocante-iglo\\\/#primaryimage\"},\"image\":{\"@id\":\"https:\\\/\\\/www.barosa.com\\\/produto\\\/filetes-de-peixe-polme-crocante-iglo\\\/#primaryimage\"},\"thumbnailUrl\":\"https:\\\/\\\/www.barosa.com\\\/wp-content\\\/uploads\\\/2025\\\/04\\\/Filetes-de-Peixe-Polme-Crocante-Iglo.webp\",\"datePublished\":\"2025-04-03T21:20:40+00:00\",\"dateModified\":\"2025-06-10T21:53:21+00:00\",\"breadcrumb\":{\"@id\":\"https:\\\/\\\/www.barosa.com\\\/produto\\\/filetes-de-peixe-polme-crocante-iglo\\\/#breadcrumb\"},\"inLanguage\":\"en-GB\",\"potentialAction\":[{\"@type\":\"ReadAction\",\"target\":[\"https:\\\/\\\/www.barosa.com\\\/produto\\\/filetes-de-peixe-polme-crocante-iglo\\\/\"]}]},{\"@type\":\"ImageObject\",\"inLanguage\":\"en-GB\",\"@id\":\"https:\\\/\\\/www.barosa.com\\\/produto\\\/filetes-de-peixe-polme-crocante-iglo\\\/#primaryimage\",\"url\":\"https:\\\/\\\/www.barosa.com\\\/wp-content\\\/uploads\\\/2025\\\/04\\\/Filetes-de-Peixe-Polme-Crocante-Iglo.webp\",\"contentUrl\":\"https:\\\/\\\/www.barosa.com\\\/wp-content\\\/uploads\\\/2025\\\/04\\\/Filetes-de-Peixe-Polme-Crocante-Iglo.webp\",\"width\":1000,\"height\":1000,\"caption\":\"Filetes de Peixe & Polme Crocante [Iglo]\"},{\"@type\":\"BreadcrumbList\",\"@id\":\"https:\\\/\\\/www.barosa.com\\\/produto\\\/filetes-de-peixe-polme-crocante-iglo\\\/#breadcrumb\",\"itemListElement\":[{\"@type\":\"ListItem\",\"position\":1,\"name\":\"In\u00edcio\",\"item\":\"https:\\\/\\\/www.barosa.com\\\/\"},{\"@type\":\"ListItem\",\"position\":2,\"name\":\"Shop\",\"item\":\"https:\\\/\\\/www.barosa.com\\\/shop\\\/\"},{\"@type\":\"ListItem\",\"position\":3,\"name\":\"Filetes de Peixe &#038; Polme Crocante [Iglo]\"}]},{\"@type\":\"WebSite\",\"@id\":\"https:\\\/\\\/www.barosa.com\\\/#website\",\"url\":\"https:\\\/\\\/www.barosa.com\\\/\",\"name\":\"BAROSA Congelados | Manuel de Sousa Barosa, Lda.\",\"description\":\"Empresa de transforma\u00e7\u00e3o e comercializa\u00e7\u00e3o de produtos alimentares congelados. BAROSA \u00ae Pescados, &quot;N\u00e3o h\u00e1 bom garfo que resista\u00ae&quot;. BAROSA \u00ae FoodService &quot;O lado bom da comida\u00ae&quot;. Pescados Crust\u00e1ceos Mariscos Cefal\u00f3podes Bivalves Padaria Pastelaria Pizzas Sobremesas\",\"publisher\":{\"@id\":\"https:\\\/\\\/www.barosa.com\\\/#organization\"},\"alternateName\":\"BAROSA\u00ae\",\"potentialAction\":[{\"@type\":\"SearchAction\",\"target\":{\"@type\":\"EntryPoint\",\"urlTemplate\":\"https:\\\/\\\/www.barosa.com\\\/?s={search_term_string}\"},\"query-input\":{\"@type\":\"PropertyValueSpecification\",\"valueRequired\":true,\"valueName\":\"search_term_string\"}}],\"inLanguage\":\"en-GB\"},{\"@type\":\"Organization\",\"@id\":\"https:\\\/\\\/www.barosa.com\\\/#organization\",\"name\":\"Manuel de Sousa Barosa, Lda.\",\"alternateName\":\"BAROSA\",\"url\":\"https:\\\/\\\/www.barosa.com\\\/\",\"logo\":{\"@type\":\"ImageObject\",\"inLanguage\":\"en-GB\",\"@id\":\"https:\\\/\\\/www.barosa.com\\\/#\\\/schema\\\/logo\\\/image\\\/\",\"url\":\"https:\\\/\\\/www.barosa.com\\\/wp-content\\\/uploads\\\/2025\\\/03\\\/BAROSA-Logo-696x696-1.jpg\",\"contentUrl\":\"https:\\\/\\\/www.barosa.com\\\/wp-content\\\/uploads\\\/2025\\\/03\\\/BAROSA-Logo-696x696-1.jpg\",\"width\":696,\"height\":696,\"caption\":\"Manuel de Sousa Barosa, Lda.\"},\"image\":{\"@id\":\"https:\\\/\\\/www.barosa.com\\\/#\\\/schema\\\/logo\\\/image\\\/\"},\"sameAs\":[\"http:\\\/\\\/www.facebook.com\\\/barosa\\\/\",\"https:\\\/\\\/x.com\\\/barosa_lda\",\"https:\\\/\\\/www.instagram.com\\\/barosa_lda\\\/\",\"https:\\\/\\\/pt.linkedin.com\\\/company\\\/barosa-lda\"],\"description\":\"Empresa de transforma\u00e7\u00e3o e comercializa\u00e7\u00e3o de produtos alimentares congelados. BAROSA \u00ae Pescados, \\\"N\u00e3o h\u00e1 bom garfo que resista\u00ae\\\". BAROSA \u00ae FoodService \\\"O lado bom da comida!\u00ae\\\"\",\"email\":\"info@barosa.com\",\"telephone\":\"+351 262824403\",\"legalName\":\"Manuel de Sousa Barosa, Lda.\",\"foundingDate\":\"1975-05-21\",\"vatID\":\"503365190\",\"taxID\":\"503365190\",\"duns\":\"452388713\",\"numberOfEmployees\":{\"@type\":\"QuantitativeValue\",\"minValue\":\"11\",\"maxValue\":\"50\"},\"ethicsPolicy\":\"https:\\\/\\\/www.barosa.com\\\/politicaprivacidade\\\/\"}]}<\/script>\n<!-- \/ Yoast SEO Premium plugin. -->","yoast_head_json":{"title":"Filetes de Peixe & Polme Crocante [Iglo] - BAROSA Congelados | Manuel de Sousa Barosa, Lda.","robots":{"index":"index","follow":"follow","max-snippet":"max-snippet:-1","max-image-preview":"max-image-preview:large","max-video-preview":"max-video-preview:-1"},"canonical":"https:\/\/www.barosa.com\/en\/product-2\/filetes-de-peixe-polme-crocante-iglo\/","og_locale":"en_GB","og_type":"article","og_title":"Filetes de Peixe & Polme Crocante [Iglo]","og_description":"&nbsp;    &nbsp;  Embalagem com 8 caixas de 240 grs. Produto congelado","og_url":"https:\/\/www.barosa.com\/en\/product-2\/filetes-de-peixe-polme-crocante-iglo\/","og_site_name":"BAROSA Congelados | Manuel de Sousa Barosa, Lda.","article_publisher":"http:\/\/www.facebook.com\/barosa\/","article_modified_time":"2025-06-10T21:53:21+00:00","og_image":[{"width":1000,"height":1000,"url":"https:\/\/www.barosa.com\/wp-content\/uploads\/2025\/04\/Filetes-de-Peixe-Polme-Crocante-Iglo.webp","type":"image\/jpeg"}],"twitter_card":"summary_large_image","twitter_site":"@barosa_lda","twitter_misc":{"Estimated reading time":"1 minute"},"schema":{"@context":"https:\/\/schema.org","@graph":[{"@type":"WebPage","@id":"https:\/\/www.barosa.com\/produto\/filetes-de-peixe-polme-crocante-iglo\/","url":"https:\/\/www.barosa.com\/produto\/filetes-de-peixe-polme-crocante-iglo\/","name":"Filetes de Peixe & Polme Crocante [Iglo] - BAROSA Congelados | Manuel de Sousa Barosa, Lda.","isPartOf":{"@id":"https:\/\/www.barosa.com\/#website"},"primaryImageOfPage":{"@id":"https:\/\/www.barosa.com\/produto\/filetes-de-peixe-polme-crocante-iglo\/#primaryimage"},"image":{"@id":"https:\/\/www.barosa.com\/produto\/filetes-de-peixe-polme-crocante-iglo\/#primaryimage"},"thumbnailUrl":"https:\/\/www.barosa.com\/wp-content\/uploads\/2025\/04\/Filetes-de-Peixe-Polme-Crocante-Iglo.webp","datePublished":"2025-04-03T21:20:40+00:00","dateModified":"2025-06-10T21:53:21+00:00","breadcrumb":{"@id":"https:\/\/www.barosa.com\/produto\/filetes-de-peixe-polme-crocante-iglo\/#breadcrumb"},"inLanguage":"en-GB","potentialAction":[{"@type":"ReadAction","target":["https:\/\/www.barosa.com\/produto\/filetes-de-peixe-polme-crocante-iglo\/"]}]},{"@type":"ImageObject","inLanguage":"en-GB","@id":"https:\/\/www.barosa.com\/produto\/filetes-de-peixe-polme-crocante-iglo\/#primaryimage","url":"https:\/\/www.barosa.com\/wp-content\/uploads\/2025\/04\/Filetes-de-Peixe-Polme-Crocante-Iglo.webp","contentUrl":"https:\/\/www.barosa.com\/wp-content\/uploads\/2025\/04\/Filetes-de-Peixe-Polme-Crocante-Iglo.webp","width":1000,"height":1000,"caption":"Filetes de Peixe & Polme Crocante [Iglo]"},{"@type":"BreadcrumbList","@id":"https:\/\/www.barosa.com\/produto\/filetes-de-peixe-polme-crocante-iglo\/#breadcrumb","itemListElement":[{"@type":"ListItem","position":1,"name":"In\u00edcio","item":"https:\/\/www.barosa.com\/"},{"@type":"ListItem","position":2,"name":"Shop","item":"https:\/\/www.barosa.com\/shop\/"},{"@type":"ListItem","position":3,"name":"Filetes de Peixe &#038; Polme Crocante [Iglo]"}]},{"@type":"WebSite","@id":"https:\/\/www.barosa.com\/#website","url":"https:\/\/www.barosa.com\/","name":"BAROSA Frozen Foods | Manuel de Sousa Barosa, Ltd.","description":"Company specialising in the processing and marketing of frozen food products. BAROSA \u00ae Seafood, \"No good fork can resist\u00ae\". BAROSA \u00ae FoodService \"The good side of food\u00ae\". Seafood Crustaceans Shellfish Cephalopods Bivalves Bakery Pastries Pizzas Desserts","publisher":{"@id":"https:\/\/www.barosa.com\/#organization"},"alternateName":"BAROSA\u00ae","potentialAction":[{"@type":"SearchAction","target":{"@type":"EntryPoint","urlTemplate":"https:\/\/www.barosa.com\/?s={search_term_string}"},"query-input":{"@type":"PropertyValueSpecification","valueRequired":true,"valueName":"search_term_string"}}],"inLanguage":"en-GB"},{"@type":"Organization","@id":"https:\/\/www.barosa.com\/#organization","name":"Manuel de Sousa Barosa, Ltd.","alternateName":"BAROSA","url":"https:\/\/www.barosa.com\/","logo":{"@type":"ImageObject","inLanguage":"en-GB","@id":"https:\/\/www.barosa.com\/#\/schema\/logo\/image\/","url":"https:\/\/www.barosa.com\/wp-content\/uploads\/2025\/03\/BAROSA-Logo-696x696-1.jpg","contentUrl":"https:\/\/www.barosa.com\/wp-content\/uploads\/2025\/03\/BAROSA-Logo-696x696-1.jpg","width":696,"height":696,"caption":"Manuel de Sousa Barosa, Lda."},"image":{"@id":"https:\/\/www.barosa.com\/#\/schema\/logo\/image\/"},"sameAs":["http:\/\/www.facebook.com\/barosa\/","https:\/\/x.com\/barosa_lda","https:\/\/www.instagram.com\/barosa_lda\/","https:\/\/pt.linkedin.com\/company\/barosa-lda"],"description":"Company specialising in the processing and marketing of frozen food products. BAROSA \u00ae Pescados, \"No good fork can resist\u00ae\". BAROSA \u00ae FoodService \"The good side of food!\u00ae\"","email":"info@barosa.com","telephone":"+351 262824403","legalName":"Manuel de Sousa Barosa, Lda.","foundingDate":"1975-05-21","vatID":"503365190","taxID":"503365190","duns":"452388713","numberOfEmployees":{"@type":"QuantitativeValue","minValue":"11","maxValue":"50"},"ethicsPolicy":"https:\/\/www.barosa.com\/politicaprivacidade\/"}]}},"_links":{"self":[{"href":"https:\/\/www.barosa.com\/en\/wp-json\/wp\/v2\/product\/14897","targetHints":{"allow":["GET"]}}],"collection":[{"href":"https:\/\/www.barosa.com\/en\/wp-json\/wp\/v2\/product"}],"about":[{"href":"https:\/\/www.barosa.com\/en\/wp-json\/wp\/v2\/types\/product"}],"wp:featuredmedia":[{"embeddable":true,"href":"https:\/\/www.barosa.com\/en\/wp-json\/wp\/v2\/media\/14898"}],"wp:attachment":[{"href":"https:\/\/www.barosa.com\/en\/wp-json\/wp\/v2\/media?parent=14897"}],"wp:term":[{"taxonomy":"product_brand","embeddable":true,"href":"https:\/\/www.barosa.com\/en\/wp-json\/wp\/v2\/product_brand?post=14897"},{"taxonomy":"product_cat","embeddable":true,"href":"https:\/\/www.barosa.com\/en\/wp-json\/wp\/v2\/product_cat?post=14897"},{"taxonomy":"product_tag","embeddable":true,"href":"https:\/\/www.barosa.com\/en\/wp-json\/wp\/v2\/product_tag?post=14897"}],"curies":[{"name":"wp","href":"https:\/\/api.w.org\/{rel}","templated":true}]}}