{"id":13072,"date":"2024-12-19T16:44:41","date_gmt":"2024-12-19T15:44:41","guid":{"rendered":"https:\/\/www.barosa.com\/?post_type=product&#038;p=13072"},"modified":"2026-04-29T22:21:16","modified_gmt":"2026-04-29T21:21:16","slug":"bolo-do-caco-100-grs-original","status":"publish","type":"product","link":"https:\/\/www.barosa.com\/en\/produto\/bolo-do-caco-100-grs-original\/","title":{"rendered":"Caco Cake 100 Grs Original"},"content":{"rendered":"","protected":false},"excerpt":{"rendered":"<p>\u00c9 uma receita portuguesa, da Ilha da Madeira, de um p\u00e3o de frigideira feito com batata-doce e farinha de trigo, \u00e9 \u00f3timo como entrada, acompanhamento, um num mix de prato principal.<\/p>\n<p>Tipo de embalagem:<\/p>\n<ul>\n<li>Caixa com 60 unidades<\/li>\n<li>Peso unit\u00e1rio: 100 grs<\/li>\n<\/ul>\n[bg_collapse view=\"link\" color=\"#4a4949\" icon=\"arrow\" expand_text=\"\u00a0 \u00a0Mostrar mais\" collapse_text=\"\u00a0 \u00a0Mostrar menos\" ]<\/p>\n<p><img decoding=\"async\" src=\"https:\/\/nomadfoodscdn.com\/-\/media\/project\/bluesteel\/iglo-pt\/icons\/oven.png?la=pt-pt&amp;h=30&amp;w=30&amp;hash=FAA6936502D95C7653F18FA37D2EA457\" alt=\"oven\" \/><\/p>\n<p>Prepara\u00e7\u00e3o no forno:<\/p>\n<ol>\n<li>Pr\u00e9-aque\u00e7a o forno: aquecimento superior \/ inferior: 190 \u00b0 C;<\/li>\n<li>Deixe descongelar \u00e0 temperatura ambiente 30 minutos;<\/li>\n<li>leve ao forno 1 minutos.<\/li>\n<\/ol>\n<p>&nbsp;<\/p>\n<p><img loading=\"lazy\" decoding=\"async\" class=\"size-full wp-image-6531\" src=\"https:\/\/www.barosa.com\/wp-content\/uploads\/2021\/11\/Frigideira.png\" alt=\"Frigideira\" width=\"30\" height=\"30\" srcset=\"https:\/\/www.barosa.com\/wp-content\/uploads\/2021\/11\/Frigideira.png 30w, https:\/\/www.barosa.com\/wp-content\/uploads\/2021\/11\/Frigideira-12x12.png 12w\" sizes=\"auto, (max-width: 30px) 100vw, 30px\" \/><\/p>\n<p>Chapa \/ Superf\u00edcie quente<\/p>\n<ol>\n<li>Cortar o bolo ao meio na horizontal;<\/li>\n<li>Pr\u00e9-aque\u00e7a a chapa entre 180 a 220 \u00b0 C;<\/li>\n<li>Aquecer dos dois lados durante cerca de 1 minuto o bolo.<\/li>\n<\/ol>\n<p>&nbsp;<\/p>\n<p><img loading=\"lazy\" decoding=\"async\" class=\"size-full wp-image-6729\" src=\"https:\/\/www.barosa.com\/wp-content\/uploads\/2022\/01\/Torradeira.jpg\" alt=\"Torradeira\" width=\"80\" height=\"77\" srcset=\"https:\/\/www.barosa.com\/wp-content\/uploads\/2022\/01\/Torradeira.jpg 80w, https:\/\/www.barosa.com\/wp-content\/uploads\/2022\/01\/Torradeira-12x12.jpg 12w\" sizes=\"auto, (max-width: 80px) 100vw, 80px\" \/><\/p>\n<p>Torradeira<\/p>\n<ol>\n<li>Cortar o bolo ao meio na horizontal;<\/li>\n<li>Aquecer cerca de 1 minuto ou at\u00e9 estar torrado.<\/li>\n<\/ol>\n<p>Ap\u00f3s descongela\u00e7\u00e3o consumir at\u00e9 24 horas.<\/p>\n<p>&nbsp;<\/p>\n<p><strong>Hist\u00f3ria<\/strong><br \/>\nP\u00e3o de trigo tradicional da Ilha da Madeira, com um formato redondo e achatado, \u00e9 desde sempre muito apreciado pelos Madeirenses.<br \/>\nReza a hist\u00f3ria que o Bolo do Caco era cozido em cima de um caco de basalto e por isso adquiriu esta designa\u00e7\u00e3o.<br \/>\nForais quinhentistas proibiam a constru\u00e7\u00e3o de fornos particulares, tendo a popula\u00e7\u00e3o que pagar para cozer o p\u00e3o nos fornos do Rei, dos Grandes Senhores ou das Ordens Religiosas.<br \/>\nPor ser um p\u00e3o que n\u00e3o necessitava de forno para ser confeccionado, o Bolo do Caco podia ser produzido por toda a popula\u00e7\u00e3o, inclusivamente nas casas mais humildes. Sem necessidade de se pagar pela sua cozedura, generalizou-se assim o seu fabrico peculiar.<\/p>\n<p>[\/bg_collapse]\n<h6><em>Produto congelado<\/em><\/h6>\n","protected":false},"featured_media":13090,"template":"","meta":[],"product_brand":[716],"product_cat":[215,220],"product_tag":[705],"class_list":{"0":"post-13072","1":"product","2":"type-product","3":"status-publish","4":"has-post-thumbnail","6":"product_brand-barosa","7":"product_cat-padaria","8":"product_cat-pastelaria-pequena","9":"product_tag-bolodocaco","11":"first","12":"instock","13":"taxable","14":"shipping-taxable","15":"purchasable","16":"product-type-simple"},"yoast_head":"<!-- This site is optimized with the Yoast SEO Premium plugin v27.4 (Yoast SEO v27.5) - https:\/\/yoast.com\/product\/yoast-seo-premium-wordpress\/ -->\n<title>Bolo do Caco 100 grs Original - BAROSA Congelados | Manuel de Sousa Barosa, Lda.<\/title>\n<meta name=\"description\" content=\"\u00c9 uma receita portuguesa, da Ilha da Madeira, de um p\u00e3o de frigideira feito com batata-doce e farinha de trigo. BAROSA &quot;N\u00e3o h\u00e1 bom garfo que resista\u00ae&quot;\" \/>\n<meta name=\"robots\" content=\"index, follow, max-snippet:-1, max-image-preview:large, max-video-preview:-1\" \/>\n<link rel=\"canonical\" href=\"https:\/\/www.barosa.com\/en\/product-2\/bolo-do-caco-100-grs-original\/\" \/>\n<meta property=\"og:locale\" content=\"en_GB\" \/>\n<meta property=\"og:type\" content=\"article\" \/>\n<meta property=\"og:title\" content=\"Bolo do Caco 100 grs Original\" \/>\n<meta property=\"og:description\" content=\"\u00c9 uma receita portuguesa, da Ilha da Madeira, de um p\u00e3o de frigideira feito com batata-doce e farinha de trigo. BAROSA &quot;N\u00e3o h\u00e1 bom garfo que resista\u00ae&quot;\" \/>\n<meta property=\"og:url\" content=\"https:\/\/www.barosa.com\/en\/product-2\/bolo-do-caco-100-grs-original\/\" \/>\n<meta property=\"og:site_name\" content=\"BAROSA Congelados | Manuel de Sousa Barosa, Lda.\" \/>\n<meta property=\"article:publisher\" content=\"http:\/\/www.facebook.com\/barosa\/\" \/>\n<meta property=\"article:modified_time\" content=\"2026-04-29T21:21:16+00:00\" \/>\n<meta property=\"og:image\" content=\"https:\/\/www.barosa.com\/wp-content\/uploads\/2024\/12\/Bolo-do-Caco-Original.jpg\" \/>\n\t<meta property=\"og:image:width\" content=\"1000\" \/>\n\t<meta property=\"og:image:height\" content=\"1000\" \/>\n\t<meta property=\"og:image:type\" content=\"image\/jpeg\" \/>\n<meta name=\"twitter:card\" content=\"summary_large_image\" \/>\n<meta name=\"twitter:site\" content=\"@barosa_lda\" \/>\n<meta name=\"twitter:label1\" content=\"Estimated reading time\" \/>\n\t<meta name=\"twitter:data1\" content=\"1 minute\" \/>\n<script type=\"application\/ld+json\" class=\"yoast-schema-graph\">{\"@context\":\"https:\\\/\\\/schema.org\",\"@graph\":[{\"@type\":\"WebPage\",\"@id\":\"https:\\\/\\\/www.barosa.com\\\/produto\\\/bolo-do-caco-100-grs-original\\\/\",\"url\":\"https:\\\/\\\/www.barosa.com\\\/produto\\\/bolo-do-caco-100-grs-original\\\/\",\"name\":\"Bolo do Caco 100 grs Original - BAROSA Congelados | Manuel de Sousa Barosa, Lda.\",\"isPartOf\":{\"@id\":\"https:\\\/\\\/www.barosa.com\\\/#website\"},\"primaryImageOfPage\":{\"@id\":\"https:\\\/\\\/www.barosa.com\\\/produto\\\/bolo-do-caco-100-grs-original\\\/#primaryimage\"},\"image\":{\"@id\":\"https:\\\/\\\/www.barosa.com\\\/produto\\\/bolo-do-caco-100-grs-original\\\/#primaryimage\"},\"thumbnailUrl\":\"https:\\\/\\\/www.barosa.com\\\/wp-content\\\/uploads\\\/2024\\\/12\\\/Bolo-do-Caco-Original.jpg\",\"datePublished\":\"2024-12-19T15:44:41+00:00\",\"dateModified\":\"2026-04-29T21:21:16+00:00\",\"description\":\"\u00c9 uma receita portuguesa, da Ilha da Madeira, de um p\u00e3o de frigideira feito com batata-doce e farinha de trigo. BAROSA \\\"N\u00e3o h\u00e1 bom garfo que resista\u00ae\\\"\",\"breadcrumb\":{\"@id\":\"https:\\\/\\\/www.barosa.com\\\/produto\\\/bolo-do-caco-100-grs-original\\\/#breadcrumb\"},\"inLanguage\":\"en-GB\",\"potentialAction\":[{\"@type\":\"ReadAction\",\"target\":[\"https:\\\/\\\/www.barosa.com\\\/produto\\\/bolo-do-caco-100-grs-original\\\/\"]}]},{\"@type\":\"ImageObject\",\"inLanguage\":\"en-GB\",\"@id\":\"https:\\\/\\\/www.barosa.com\\\/produto\\\/bolo-do-caco-100-grs-original\\\/#primaryimage\",\"url\":\"https:\\\/\\\/www.barosa.com\\\/wp-content\\\/uploads\\\/2024\\\/12\\\/Bolo-do-Caco-Original.jpg\",\"contentUrl\":\"https:\\\/\\\/www.barosa.com\\\/wp-content\\\/uploads\\\/2024\\\/12\\\/Bolo-do-Caco-Original.jpg\",\"width\":1000,\"height\":1000,\"caption\":\"Bolo do Caco Original\"},{\"@type\":\"BreadcrumbList\",\"@id\":\"https:\\\/\\\/www.barosa.com\\\/produto\\\/bolo-do-caco-100-grs-original\\\/#breadcrumb\",\"itemListElement\":[{\"@type\":\"ListItem\",\"position\":1,\"name\":\"In\u00edcio\",\"item\":\"https:\\\/\\\/www.barosa.com\\\/\"},{\"@type\":\"ListItem\",\"position\":2,\"name\":\"Shop\",\"item\":\"https:\\\/\\\/www.barosa.com\\\/shop\\\/\"},{\"@type\":\"ListItem\",\"position\":3,\"name\":\"Bolo do Caco 100 grs Original\"}]},{\"@type\":\"WebSite\",\"@id\":\"https:\\\/\\\/www.barosa.com\\\/#website\",\"url\":\"https:\\\/\\\/www.barosa.com\\\/\",\"name\":\"BAROSA Congelados | Manuel de Sousa Barosa, Lda.\",\"description\":\"Empresa de transforma\u00e7\u00e3o e comercializa\u00e7\u00e3o de produtos alimentares congelados. BAROSA \u00ae Pescados, &quot;N\u00e3o h\u00e1 bom garfo que resista\u00ae&quot;. BAROSA \u00ae FoodService &quot;O lado bom da comida\u00ae&quot;. Pescados Crust\u00e1ceos Mariscos Cefal\u00f3podes Bivalves Padaria Pastelaria Pizzas Sobremesas\",\"publisher\":{\"@id\":\"https:\\\/\\\/www.barosa.com\\\/#organization\"},\"alternateName\":\"BAROSA\u00ae\",\"potentialAction\":[{\"@type\":\"SearchAction\",\"target\":{\"@type\":\"EntryPoint\",\"urlTemplate\":\"https:\\\/\\\/www.barosa.com\\\/?s={search_term_string}\"},\"query-input\":{\"@type\":\"PropertyValueSpecification\",\"valueRequired\":true,\"valueName\":\"search_term_string\"}}],\"inLanguage\":\"en-GB\"},{\"@type\":\"Organization\",\"@id\":\"https:\\\/\\\/www.barosa.com\\\/#organization\",\"name\":\"Manuel de Sousa Barosa, Lda.\",\"alternateName\":\"BAROSA\",\"url\":\"https:\\\/\\\/www.barosa.com\\\/\",\"logo\":{\"@type\":\"ImageObject\",\"inLanguage\":\"en-GB\",\"@id\":\"https:\\\/\\\/www.barosa.com\\\/#\\\/schema\\\/logo\\\/image\\\/\",\"url\":\"https:\\\/\\\/www.barosa.com\\\/wp-content\\\/uploads\\\/2025\\\/03\\\/BAROSA-Logo-696x696-1.jpg\",\"contentUrl\":\"https:\\\/\\\/www.barosa.com\\\/wp-content\\\/uploads\\\/2025\\\/03\\\/BAROSA-Logo-696x696-1.jpg\",\"width\":696,\"height\":696,\"caption\":\"Manuel de Sousa Barosa, Lda.\"},\"image\":{\"@id\":\"https:\\\/\\\/www.barosa.com\\\/#\\\/schema\\\/logo\\\/image\\\/\"},\"sameAs\":[\"http:\\\/\\\/www.facebook.com\\\/barosa\\\/\",\"https:\\\/\\\/x.com\\\/barosa_lda\",\"https:\\\/\\\/www.instagram.com\\\/barosa_lda\\\/\",\"https:\\\/\\\/pt.linkedin.com\\\/company\\\/barosa-lda\"],\"description\":\"Empresa de transforma\u00e7\u00e3o e comercializa\u00e7\u00e3o de produtos alimentares congelados. BAROSA \u00ae Pescados, \\\"N\u00e3o h\u00e1 bom garfo que resista\u00ae\\\". BAROSA \u00ae FoodService \\\"O lado bom da comida!\u00ae\\\"\",\"email\":\"info@barosa.com\",\"telephone\":\"+351 262824403\",\"legalName\":\"Manuel de Sousa Barosa, Lda.\",\"foundingDate\":\"1975-05-21\",\"vatID\":\"503365190\",\"taxID\":\"503365190\",\"duns\":\"452388713\",\"numberOfEmployees\":{\"@type\":\"QuantitativeValue\",\"minValue\":\"11\",\"maxValue\":\"50\"},\"ethicsPolicy\":\"https:\\\/\\\/www.barosa.com\\\/politicaprivacidade\\\/\"}]}<\/script>\n<!-- \/ Yoast SEO Premium plugin. -->","yoast_head_json":{"title":"Bolo do Caco 100 grs Original - BAROSA Congelados | Manuel de Sousa Barosa, Lda.","description":"It is a Portuguese recipe from Madeira Island for a pan-fried bread made with sweet potatoes and wheat flour. BAROSA \"No good eater can resist\u00ae\"","robots":{"index":"index","follow":"follow","max-snippet":"max-snippet:-1","max-image-preview":"max-image-preview:large","max-video-preview":"max-video-preview:-1"},"canonical":"https:\/\/www.barosa.com\/en\/product-2\/bolo-do-caco-100-grs-original\/","og_locale":"en_GB","og_type":"article","og_title":"Bolo do Caco 100 grs Original","og_description":"\u00c9 uma receita portuguesa, da Ilha da Madeira, de um p\u00e3o de frigideira feito com batata-doce e farinha de trigo. BAROSA \"N\u00e3o h\u00e1 bom garfo que resista\u00ae\"","og_url":"https:\/\/www.barosa.com\/en\/product-2\/bolo-do-caco-100-grs-original\/","og_site_name":"BAROSA Congelados | Manuel de Sousa Barosa, Lda.","article_publisher":"http:\/\/www.facebook.com\/barosa\/","article_modified_time":"2026-04-29T21:21:16+00:00","og_image":[{"width":1000,"height":1000,"url":"https:\/\/www.barosa.com\/wp-content\/uploads\/2024\/12\/Bolo-do-Caco-Original.jpg","type":"image\/jpeg"}],"twitter_card":"summary_large_image","twitter_site":"@barosa_lda","twitter_misc":{"Estimated reading time":"1 minute"},"schema":{"@context":"https:\/\/schema.org","@graph":[{"@type":"WebPage","@id":"https:\/\/www.barosa.com\/produto\/bolo-do-caco-100-grs-original\/","url":"https:\/\/www.barosa.com\/produto\/bolo-do-caco-100-grs-original\/","name":"Bolo do Caco 100 grs Original - BAROSA Congelados | Manuel de Sousa Barosa, Lda.","isPartOf":{"@id":"https:\/\/www.barosa.com\/#website"},"primaryImageOfPage":{"@id":"https:\/\/www.barosa.com\/produto\/bolo-do-caco-100-grs-original\/#primaryimage"},"image":{"@id":"https:\/\/www.barosa.com\/produto\/bolo-do-caco-100-grs-original\/#primaryimage"},"thumbnailUrl":"https:\/\/www.barosa.com\/wp-content\/uploads\/2024\/12\/Bolo-do-Caco-Original.jpg","datePublished":"2024-12-19T15:44:41+00:00","dateModified":"2026-04-29T21:21:16+00:00","description":"It is a Portuguese recipe from Madeira Island for a pan-fried bread made with sweet potatoes and wheat flour. BAROSA \"No good eater can resist\u00ae\"","breadcrumb":{"@id":"https:\/\/www.barosa.com\/produto\/bolo-do-caco-100-grs-original\/#breadcrumb"},"inLanguage":"en-GB","potentialAction":[{"@type":"ReadAction","target":["https:\/\/www.barosa.com\/produto\/bolo-do-caco-100-grs-original\/"]}]},{"@type":"ImageObject","inLanguage":"en-GB","@id":"https:\/\/www.barosa.com\/produto\/bolo-do-caco-100-grs-original\/#primaryimage","url":"https:\/\/www.barosa.com\/wp-content\/uploads\/2024\/12\/Bolo-do-Caco-Original.jpg","contentUrl":"https:\/\/www.barosa.com\/wp-content\/uploads\/2024\/12\/Bolo-do-Caco-Original.jpg","width":1000,"height":1000,"caption":"Bolo do Caco Original"},{"@type":"BreadcrumbList","@id":"https:\/\/www.barosa.com\/produto\/bolo-do-caco-100-grs-original\/#breadcrumb","itemListElement":[{"@type":"ListItem","position":1,"name":"In\u00edcio","item":"https:\/\/www.barosa.com\/"},{"@type":"ListItem","position":2,"name":"Shop","item":"https:\/\/www.barosa.com\/shop\/"},{"@type":"ListItem","position":3,"name":"Bolo do Caco 100 grs Original"}]},{"@type":"WebSite","@id":"https:\/\/www.barosa.com\/#website","url":"https:\/\/www.barosa.com\/","name":"BAROSA Frozen Foods | Manuel de Sousa Barosa, Ltd.","description":"Company specialising in the processing and marketing of frozen food products. BAROSA \u00ae Seafood, \"No good fork can resist\u00ae\". BAROSA \u00ae FoodService \"The good side of food\u00ae\". Seafood Crustaceans Shellfish Cephalopods Bivalves Bakery Pastries Pizzas Desserts","publisher":{"@id":"https:\/\/www.barosa.com\/#organization"},"alternateName":"BAROSA\u00ae","potentialAction":[{"@type":"SearchAction","target":{"@type":"EntryPoint","urlTemplate":"https:\/\/www.barosa.com\/?s={search_term_string}"},"query-input":{"@type":"PropertyValueSpecification","valueRequired":true,"valueName":"search_term_string"}}],"inLanguage":"en-GB"},{"@type":"Organization","@id":"https:\/\/www.barosa.com\/#organization","name":"Manuel de Sousa Barosa, Ltd.","alternateName":"BAROSA","url":"https:\/\/www.barosa.com\/","logo":{"@type":"ImageObject","inLanguage":"en-GB","@id":"https:\/\/www.barosa.com\/#\/schema\/logo\/image\/","url":"https:\/\/www.barosa.com\/wp-content\/uploads\/2025\/03\/BAROSA-Logo-696x696-1.jpg","contentUrl":"https:\/\/www.barosa.com\/wp-content\/uploads\/2025\/03\/BAROSA-Logo-696x696-1.jpg","width":696,"height":696,"caption":"Manuel de Sousa Barosa, Lda."},"image":{"@id":"https:\/\/www.barosa.com\/#\/schema\/logo\/image\/"},"sameAs":["http:\/\/www.facebook.com\/barosa\/","https:\/\/x.com\/barosa_lda","https:\/\/www.instagram.com\/barosa_lda\/","https:\/\/pt.linkedin.com\/company\/barosa-lda"],"description":"Company specialising in the processing and marketing of frozen food products. BAROSA \u00ae Pescados, \"No good fork can resist\u00ae\". BAROSA \u00ae FoodService \"The good side of food!\u00ae\"","email":"info@barosa.com","telephone":"+351 262824403","legalName":"Manuel de Sousa Barosa, Lda.","foundingDate":"1975-05-21","vatID":"503365190","taxID":"503365190","duns":"452388713","numberOfEmployees":{"@type":"QuantitativeValue","minValue":"11","maxValue":"50"},"ethicsPolicy":"https:\/\/www.barosa.com\/politicaprivacidade\/"}]}},"_links":{"self":[{"href":"https:\/\/www.barosa.com\/en\/wp-json\/wp\/v2\/product\/13072","targetHints":{"allow":["GET"]}}],"collection":[{"href":"https:\/\/www.barosa.com\/en\/wp-json\/wp\/v2\/product"}],"about":[{"href":"https:\/\/www.barosa.com\/en\/wp-json\/wp\/v2\/types\/product"}],"wp:featuredmedia":[{"embeddable":true,"href":"https:\/\/www.barosa.com\/en\/wp-json\/wp\/v2\/media\/13090"}],"wp:attachment":[{"href":"https:\/\/www.barosa.com\/en\/wp-json\/wp\/v2\/media?parent=13072"}],"wp:term":[{"taxonomy":"product_brand","embeddable":true,"href":"https:\/\/www.barosa.com\/en\/wp-json\/wp\/v2\/product_brand?post=13072"},{"taxonomy":"product_cat","embeddable":true,"href":"https:\/\/www.barosa.com\/en\/wp-json\/wp\/v2\/product_cat?post=13072"},{"taxonomy":"product_tag","embeddable":true,"href":"https:\/\/www.barosa.com\/en\/wp-json\/wp\/v2\/product_tag?post=13072"}],"curies":[{"name":"wp","href":"https:\/\/api.w.org\/{rel}","templated":true}]}}