{"id":11952,"date":"2024-07-24T11:03:08","date_gmt":"2024-07-24T10:03:08","guid":{"rendered":"https:\/\/www.barosa.com\/?post_type=product&#038;p=11952"},"modified":"2025-12-26T14:20:15","modified_gmt":"2025-12-26T13:20:15","slug":"magnum-bombons-salted-caramelo-amendoas-t-h","status":"publish","type":"product","link":"https:\/\/www.barosa.com\/en\/produto\/magnum-bombons-salted-caramelo-amendoas-t-h\/","title":{"rendered":"Magnum Salted Caramel &amp; Almond Chocolates - T.H."},"content":{"rendered":"","protected":false},"excerpt":{"rendered":"<p>12 ice-cream sweets made from vanilla ice-cream with a lightly salted caramel sauce and a crunchy topping of Magnum milk chocolate and toasted almond pieces.<\/p>\n<p>Box of 8 packs<\/p>\n<h6><em>Frozen product<\/em><\/h6>","protected":false},"featured_media":11954,"template":"","meta":[],"product_brand":[723],"product_cat":[516],"product_tag":[],"class_list":{"0":"post-11952","1":"product","2":"type-product","3":"status-publish","4":"has-post-thumbnail","6":"product_brand-magnum","7":"product_cat-gelados-in-home","9":"first","10":"instock","11":"taxable","12":"shipping-taxable","13":"purchasable","14":"product-type-simple"},"yoast_head":"<!-- This site is optimized with the Yoast SEO Premium plugin v27.6 (Yoast SEO v27.6) - https:\/\/yoast.com\/product\/yoast-seo-premium-wordpress\/ -->\n<title>Magnum Bombons Salted Caramelo &amp; Am\u00eandoas - T.H. - BAROSA Congelados | Manuel de Sousa Barosa, Lda.<\/title>\n<meta name=\"description\" content=\"12 doces de gelado feitos de gelado de baunilha com um molho de caramelo ligeiramente salgado e uma cobertura crocante de chocolate de leite Magnum e peda\u00e7os de am\u00eandoa torrada.\" \/>\n<meta name=\"robots\" content=\"index, follow, max-snippet:-1, max-image-preview:large, max-video-preview:-1\" \/>\n<link rel=\"canonical\" href=\"https:\/\/www.barosa.com\/en\/product-2\/magnum-bombons-salted-caramelo-amendoas-t-h\/\" \/>\n<meta property=\"og:locale\" content=\"en_GB\" \/>\n<meta property=\"og:type\" content=\"article\" \/>\n<meta property=\"og:title\" content=\"Magnum Bombons Salted Caramelo &amp; Am\u00eandoas - T.H.\" \/>\n<meta property=\"og:description\" content=\"12 doces de gelado feitos de gelado de baunilha com um molho de caramelo ligeiramente salgado e uma cobertura crocante de chocolate de leite Magnum e peda\u00e7os de am\u00eandoa torrada.\" \/>\n<meta property=\"og:url\" content=\"https:\/\/www.barosa.com\/en\/product-2\/magnum-bombons-salted-caramelo-amendoas-t-h\/\" \/>\n<meta property=\"og:site_name\" content=\"BAROSA Congelados | Manuel de Sousa Barosa, Lda.\" \/>\n<meta property=\"article:publisher\" content=\"http:\/\/www.facebook.com\/barosa\/\" \/>\n<meta property=\"article:modified_time\" content=\"2025-12-26T13:20:15+00:00\" \/>\n<meta property=\"og:image\" content=\"https:\/\/www.barosa.com\/wp-content\/uploads\/2024\/07\/Magnum-Bombons-Salted-Caramelo-Amendoas-TH.jpg\" \/>\n\t<meta property=\"og:image:width\" content=\"1024\" \/>\n\t<meta property=\"og:image:height\" content=\"1024\" \/>\n\t<meta property=\"og:image:type\" content=\"image\/jpeg\" \/>\n<meta name=\"twitter:card\" content=\"summary_large_image\" \/>\n<meta name=\"twitter:site\" content=\"@barosa_lda\" \/>\n<meta name=\"twitter:label1\" content=\"Estimated reading time\" \/>\n\t<meta name=\"twitter:data1\" content=\"1 minute\" \/>\n<script type=\"application\/ld+json\" class=\"yoast-schema-graph\">{\"@context\":\"https:\\\/\\\/schema.org\",\"@graph\":[{\"@type\":\"WebPage\",\"@id\":\"https:\\\/\\\/www.barosa.com\\\/produto\\\/magnum-bombons-salted-caramelo-amendoas-t-h\\\/\",\"url\":\"https:\\\/\\\/www.barosa.com\\\/produto\\\/magnum-bombons-salted-caramelo-amendoas-t-h\\\/\",\"name\":\"Magnum Bombons Salted Caramelo &amp; Am\u00eandoas - T.H. - BAROSA Congelados | Manuel de Sousa Barosa, Lda.\",\"isPartOf\":{\"@id\":\"https:\\\/\\\/www.barosa.com\\\/#website\"},\"primaryImageOfPage\":{\"@id\":\"https:\\\/\\\/www.barosa.com\\\/produto\\\/magnum-bombons-salted-caramelo-amendoas-t-h\\\/#primaryimage\"},\"image\":{\"@id\":\"https:\\\/\\\/www.barosa.com\\\/produto\\\/magnum-bombons-salted-caramelo-amendoas-t-h\\\/#primaryimage\"},\"thumbnailUrl\":\"https:\\\/\\\/www.barosa.com\\\/wp-content\\\/uploads\\\/2024\\\/07\\\/Magnum-Bombons-Salted-Caramelo-Amendoas-TH.jpg\",\"datePublished\":\"2024-07-24T10:03:08+00:00\",\"dateModified\":\"2025-12-26T13:20:15+00:00\",\"description\":\"12 doces de gelado feitos de gelado de baunilha com um molho de caramelo ligeiramente salgado e uma cobertura crocante de chocolate de leite Magnum e peda\u00e7os de am\u00eandoa torrada.\",\"breadcrumb\":{\"@id\":\"https:\\\/\\\/www.barosa.com\\\/produto\\\/magnum-bombons-salted-caramelo-amendoas-t-h\\\/#breadcrumb\"},\"inLanguage\":\"en-GB\",\"potentialAction\":[{\"@type\":\"ReadAction\",\"target\":[\"https:\\\/\\\/www.barosa.com\\\/produto\\\/magnum-bombons-salted-caramelo-amendoas-t-h\\\/\"]}]},{\"@type\":\"ImageObject\",\"inLanguage\":\"en-GB\",\"@id\":\"https:\\\/\\\/www.barosa.com\\\/produto\\\/magnum-bombons-salted-caramelo-amendoas-t-h\\\/#primaryimage\",\"url\":\"https:\\\/\\\/www.barosa.com\\\/wp-content\\\/uploads\\\/2024\\\/07\\\/Magnum-Bombons-Salted-Caramelo-Amendoas-TH.jpg\",\"contentUrl\":\"https:\\\/\\\/www.barosa.com\\\/wp-content\\\/uploads\\\/2024\\\/07\\\/Magnum-Bombons-Salted-Caramelo-Amendoas-TH.jpg\",\"width\":1024,\"height\":1024,\"caption\":\"Magnum Bombons Salted Caramelo & Am\u00eandoas - T.H.\"},{\"@type\":\"BreadcrumbList\",\"@id\":\"https:\\\/\\\/www.barosa.com\\\/produto\\\/magnum-bombons-salted-caramelo-amendoas-t-h\\\/#breadcrumb\",\"itemListElement\":[{\"@type\":\"ListItem\",\"position\":1,\"name\":\"In\u00edcio\",\"item\":\"https:\\\/\\\/www.barosa.com\\\/\"},{\"@type\":\"ListItem\",\"position\":2,\"name\":\"Shop\",\"item\":\"https:\\\/\\\/www.barosa.com\\\/shop\\\/\"},{\"@type\":\"ListItem\",\"position\":3,\"name\":\"Magnum Bombons Salted Caramelo &amp; Am\u00eandoas &#8211; T.H.\"}]},{\"@type\":\"WebSite\",\"@id\":\"https:\\\/\\\/www.barosa.com\\\/#website\",\"url\":\"https:\\\/\\\/www.barosa.com\\\/\",\"name\":\"BAROSA Congelados | Manuel de Sousa Barosa, Lda.\",\"description\":\"Empresa de transforma\u00e7\u00e3o e comercializa\u00e7\u00e3o de produtos alimentares congelados. BAROSA \u00ae Pescados, &quot;N\u00e3o h\u00e1 bom garfo que resista\u00ae&quot;. BAROSA \u00ae FoodService &quot;O lado bom da comida\u00ae&quot;. Pescados Crust\u00e1ceos Mariscos Cefal\u00f3podes Bivalves Padaria Pastelaria Pizzas Sobremesas\",\"publisher\":{\"@id\":\"https:\\\/\\\/www.barosa.com\\\/#organization\"},\"alternateName\":\"BAROSA\u00ae\",\"potentialAction\":[{\"@type\":\"SearchAction\",\"target\":{\"@type\":\"EntryPoint\",\"urlTemplate\":\"https:\\\/\\\/www.barosa.com\\\/?s={search_term_string}\"},\"query-input\":{\"@type\":\"PropertyValueSpecification\",\"valueRequired\":true,\"valueName\":\"search_term_string\"}}],\"inLanguage\":\"en-GB\"},{\"@type\":\"Organization\",\"@id\":\"https:\\\/\\\/www.barosa.com\\\/#organization\",\"name\":\"Manuel de Sousa Barosa, Lda.\",\"alternateName\":\"BAROSA\",\"url\":\"https:\\\/\\\/www.barosa.com\\\/\",\"logo\":{\"@type\":\"ImageObject\",\"inLanguage\":\"en-GB\",\"@id\":\"https:\\\/\\\/www.barosa.com\\\/#\\\/schema\\\/logo\\\/image\\\/\",\"url\":\"https:\\\/\\\/www.barosa.com\\\/wp-content\\\/uploads\\\/2025\\\/03\\\/BAROSA-Logo-696x696-1.jpg\",\"contentUrl\":\"https:\\\/\\\/www.barosa.com\\\/wp-content\\\/uploads\\\/2025\\\/03\\\/BAROSA-Logo-696x696-1.jpg\",\"width\":696,\"height\":696,\"caption\":\"Manuel de Sousa Barosa, Lda.\"},\"image\":{\"@id\":\"https:\\\/\\\/www.barosa.com\\\/#\\\/schema\\\/logo\\\/image\\\/\"},\"sameAs\":[\"http:\\\/\\\/www.facebook.com\\\/barosa\\\/\",\"https:\\\/\\\/x.com\\\/barosa_lda\",\"https:\\\/\\\/www.instagram.com\\\/barosa_lda\\\/\",\"https:\\\/\\\/pt.linkedin.com\\\/company\\\/barosa-lda\"],\"description\":\"Empresa de transforma\u00e7\u00e3o e comercializa\u00e7\u00e3o de produtos alimentares congelados. BAROSA \u00ae Pescados, \\\"N\u00e3o h\u00e1 bom garfo que resista\u00ae\\\". BAROSA \u00ae FoodService \\\"O lado bom da comida!\u00ae\\\"\",\"email\":\"info@barosa.com\",\"telephone\":\"+351 262824403\",\"legalName\":\"Manuel de Sousa Barosa, Lda.\",\"foundingDate\":\"1975-05-21\",\"vatID\":\"503365190\",\"taxID\":\"503365190\",\"duns\":\"452388713\",\"numberOfEmployees\":{\"@type\":\"QuantitativeValue\",\"minValue\":\"11\",\"maxValue\":\"50\"},\"ethicsPolicy\":\"https:\\\/\\\/www.barosa.com\\\/politicaprivacidade\\\/\"}]}<\/script>\n<!-- \/ Yoast SEO Premium plugin. -->","yoast_head_json":{"title":"Magnum Salted Caramel &amp; Almond Bonbons - T.H. - BAROSA Congelados | Manuel de Sousa Barosa, Lda.","description":"12 ice-cream sweets made from vanilla ice-cream with a lightly salted caramel sauce and a crunchy topping of Magnum milk chocolate and toasted almond pieces.","robots":{"index":"index","follow":"follow","max-snippet":"max-snippet:-1","max-image-preview":"max-image-preview:large","max-video-preview":"max-video-preview:-1"},"canonical":"https:\/\/www.barosa.com\/en\/product-2\/magnum-bombons-salted-caramelo-amendoas-t-h\/","og_locale":"en_GB","og_type":"article","og_title":"Magnum Bombons Salted Caramelo &amp; Am\u00eandoas - T.H.","og_description":"12 doces de gelado feitos de gelado de baunilha com um molho de caramelo ligeiramente salgado e uma cobertura crocante de chocolate de leite Magnum e peda\u00e7os de am\u00eandoa torrada.","og_url":"https:\/\/www.barosa.com\/en\/product-2\/magnum-bombons-salted-caramelo-amendoas-t-h\/","og_site_name":"BAROSA Congelados | Manuel de Sousa Barosa, Lda.","article_publisher":"http:\/\/www.facebook.com\/barosa\/","article_modified_time":"2025-12-26T13:20:15+00:00","og_image":[{"width":1024,"height":1024,"url":"https:\/\/www.barosa.com\/wp-content\/uploads\/2024\/07\/Magnum-Bombons-Salted-Caramelo-Amendoas-TH.jpg","type":"image\/jpeg"}],"twitter_card":"summary_large_image","twitter_site":"@barosa_lda","twitter_misc":{"Estimated reading time":"1 minute"},"schema":{"@context":"https:\/\/schema.org","@graph":[{"@type":"WebPage","@id":"https:\/\/www.barosa.com\/produto\/magnum-bombons-salted-caramelo-amendoas-t-h\/","url":"https:\/\/www.barosa.com\/produto\/magnum-bombons-salted-caramelo-amendoas-t-h\/","name":"Magnum Salted Caramel &amp; Almond Bonbons - T.H. - BAROSA Congelados | Manuel de Sousa Barosa, Lda.","isPartOf":{"@id":"https:\/\/www.barosa.com\/#website"},"primaryImageOfPage":{"@id":"https:\/\/www.barosa.com\/produto\/magnum-bombons-salted-caramelo-amendoas-t-h\/#primaryimage"},"image":{"@id":"https:\/\/www.barosa.com\/produto\/magnum-bombons-salted-caramelo-amendoas-t-h\/#primaryimage"},"thumbnailUrl":"https:\/\/www.barosa.com\/wp-content\/uploads\/2024\/07\/Magnum-Bombons-Salted-Caramelo-Amendoas-TH.jpg","datePublished":"2024-07-24T10:03:08+00:00","dateModified":"2025-12-26T13:20:15+00:00","description":"12 ice-cream sweets made from vanilla ice-cream with a lightly salted caramel sauce and a crunchy topping of Magnum milk chocolate and toasted almond pieces.","breadcrumb":{"@id":"https:\/\/www.barosa.com\/produto\/magnum-bombons-salted-caramelo-amendoas-t-h\/#breadcrumb"},"inLanguage":"en-GB","potentialAction":[{"@type":"ReadAction","target":["https:\/\/www.barosa.com\/produto\/magnum-bombons-salted-caramelo-amendoas-t-h\/"]}]},{"@type":"ImageObject","inLanguage":"en-GB","@id":"https:\/\/www.barosa.com\/produto\/magnum-bombons-salted-caramelo-amendoas-t-h\/#primaryimage","url":"https:\/\/www.barosa.com\/wp-content\/uploads\/2024\/07\/Magnum-Bombons-Salted-Caramelo-Amendoas-TH.jpg","contentUrl":"https:\/\/www.barosa.com\/wp-content\/uploads\/2024\/07\/Magnum-Bombons-Salted-Caramelo-Amendoas-TH.jpg","width":1024,"height":1024,"caption":"Magnum Bombons Salted Caramelo & Am\u00eandoas - T.H."},{"@type":"BreadcrumbList","@id":"https:\/\/www.barosa.com\/produto\/magnum-bombons-salted-caramelo-amendoas-t-h\/#breadcrumb","itemListElement":[{"@type":"ListItem","position":1,"name":"In\u00edcio","item":"https:\/\/www.barosa.com\/"},{"@type":"ListItem","position":2,"name":"Shop","item":"https:\/\/www.barosa.com\/shop\/"},{"@type":"ListItem","position":3,"name":"Magnum Bombons Salted Caramelo &amp; Am\u00eandoas &#8211; T.H."}]},{"@type":"WebSite","@id":"https:\/\/www.barosa.com\/#website","url":"https:\/\/www.barosa.com\/","name":"BAROSA Frozen Foods | Manuel de Sousa Barosa, Ltd.","description":"Company specialising in the processing and marketing of frozen food products. BAROSA \u00ae Seafood, \"No good fork can resist\u00ae\". BAROSA \u00ae FoodService \"The good side of food\u00ae\". Seafood Crustaceans Shellfish Cephalopods Bivalves Bakery Pastries Pizzas Desserts","publisher":{"@id":"https:\/\/www.barosa.com\/#organization"},"alternateName":"BAROSA\u00ae","potentialAction":[{"@type":"SearchAction","target":{"@type":"EntryPoint","urlTemplate":"https:\/\/www.barosa.com\/?s={search_term_string}"},"query-input":{"@type":"PropertyValueSpecification","valueRequired":true,"valueName":"search_term_string"}}],"inLanguage":"en-GB"},{"@type":"Organization","@id":"https:\/\/www.barosa.com\/#organization","name":"Manuel de Sousa Barosa, Ltd.","alternateName":"BAROSA","url":"https:\/\/www.barosa.com\/","logo":{"@type":"ImageObject","inLanguage":"en-GB","@id":"https:\/\/www.barosa.com\/#\/schema\/logo\/image\/","url":"https:\/\/www.barosa.com\/wp-content\/uploads\/2025\/03\/BAROSA-Logo-696x696-1.jpg","contentUrl":"https:\/\/www.barosa.com\/wp-content\/uploads\/2025\/03\/BAROSA-Logo-696x696-1.jpg","width":696,"height":696,"caption":"Manuel de Sousa Barosa, Lda."},"image":{"@id":"https:\/\/www.barosa.com\/#\/schema\/logo\/image\/"},"sameAs":["http:\/\/www.facebook.com\/barosa\/","https:\/\/x.com\/barosa_lda","https:\/\/www.instagram.com\/barosa_lda\/","https:\/\/pt.linkedin.com\/company\/barosa-lda"],"description":"Company specialising in the processing and marketing of frozen food products. BAROSA \u00ae Pescados, \"No good fork can resist\u00ae\". BAROSA \u00ae FoodService \"The good side of food!\u00ae\"","email":"info@barosa.com","telephone":"+351 262824403","legalName":"Manuel de Sousa Barosa, Lda.","foundingDate":"1975-05-21","vatID":"503365190","taxID":"503365190","duns":"452388713","numberOfEmployees":{"@type":"QuantitativeValue","minValue":"11","maxValue":"50"},"ethicsPolicy":"https:\/\/www.barosa.com\/politicaprivacidade\/"}]}},"_links":{"self":[{"href":"https:\/\/www.barosa.com\/en\/wp-json\/wp\/v2\/product\/11952","targetHints":{"allow":["GET"]}}],"collection":[{"href":"https:\/\/www.barosa.com\/en\/wp-json\/wp\/v2\/product"}],"about":[{"href":"https:\/\/www.barosa.com\/en\/wp-json\/wp\/v2\/types\/product"}],"wp:featuredmedia":[{"embeddable":true,"href":"https:\/\/www.barosa.com\/en\/wp-json\/wp\/v2\/media\/11954"}],"wp:attachment":[{"href":"https:\/\/www.barosa.com\/en\/wp-json\/wp\/v2\/media?parent=11952"}],"wp:term":[{"taxonomy":"product_brand","embeddable":true,"href":"https:\/\/www.barosa.com\/en\/wp-json\/wp\/v2\/product_brand?post=11952"},{"taxonomy":"product_cat","embeddable":true,"href":"https:\/\/www.barosa.com\/en\/wp-json\/wp\/v2\/product_cat?post=11952"},{"taxonomy":"product_tag","embeddable":true,"href":"https:\/\/www.barosa.com\/en\/wp-json\/wp\/v2\/product_tag?post=11952"}],"curies":[{"name":"wp","href":"https:\/\/api.w.org\/{rel}","templated":true}]}}