{"id":11207,"date":"2024-02-14T21:06:31","date_gmt":"2024-02-14T20:06:31","guid":{"rendered":"https:\/\/www.barosa.com\/?post_type=product&#038;p=11207"},"modified":"2025-06-01T00:00:41","modified_gmt":"2025-06-01T00:00:41","slug":"ben-jerrys-marshmallow-smore-465ml","status":"publish","type":"product","link":"https:\/\/www.barosa.com\/en\/produto\/ben-jerrys-marshmallow-smore-465ml\/","title":{"rendered":"Ben &amp; Jerry's Marshmallow &amp; S'more 465ml"},"content":{"rendered":"","protected":false},"excerpt":{"rendered":"<p>Chocolate ice cream with cocoa biscuit dough and marshmallow pieces, topped with whipped cream ice cream, caramel syrup and flavoured chocolate pieces with carbonated sugar.<\/p>\n<h5>Discover the NEW Ben &amp; Jerry's Sundae, the new Marshmallow &amp; S'More Sundae! A flavour full of chocolate and marshmallow inspired by S'mores, a traditional American sweet made with marshmallows toasted over a campfire. You don't need to light a fire to savour the new Marshmallow &amp; S'more Sundae!<\/h5>\n<p>Box of 8 packs<\/p>\n<p><strong>Brand:<\/strong> Ben &amp; Jerry's<\/p>\n<h6><em>Frozen product<\/em><\/h6>","protected":false},"featured_media":11208,"template":"","meta":[],"product_brand":[],"product_cat":[516],"product_tag":[592],"class_list":{"0":"post-11207","1":"product","2":"type-product","3":"status-publish","4":"has-post-thumbnail","6":"product_cat-gelados-in-home","7":"product_tag-ben-jerrys","9":"first","10":"instock","11":"taxable","12":"shipping-taxable","13":"purchasable","14":"product-type-simple"},"yoast_head":"<!-- This site is optimized with the Yoast SEO Premium plugin v27.6 (Yoast SEO v27.6) - https:\/\/yoast.com\/product\/yoast-seo-premium-wordpress\/ -->\n<title>Ben &amp; Jerry&#039;s Marshmallow &amp; S&#039;more 465ml - BAROSA Congelados | Manuel de Sousa Barosa, Lda.<\/title>\n<meta name=\"description\" content=\"Gelado de chocolate com massa de biscoito de cacau e peda\u00e7os de marshmallow, coberto com gelado de nata batida, xarope de caramelo e peda\u00e7os aromatizados de chocolate com a\u00e7\u00facar gaseificado.\" \/>\n<meta name=\"robots\" content=\"index, follow, max-snippet:-1, max-image-preview:large, max-video-preview:-1\" \/>\n<link rel=\"canonical\" href=\"https:\/\/www.barosa.com\/en\/product-2\/ben-jerrys-marshmallow-smore-465ml\/\" \/>\n<meta property=\"og:locale\" content=\"en_GB\" \/>\n<meta property=\"og:type\" content=\"article\" \/>\n<meta property=\"og:title\" content=\"Ben &amp; Jerry&#039;s Marshmallow &amp; S&#039;more 465ml\" \/>\n<meta property=\"og:description\" content=\"Gelado de chocolate com massa de biscoito de cacau e peda\u00e7os de marshmallow, coberto com gelado de nata batida, xarope de caramelo e peda\u00e7os aromatizados de chocolate com a\u00e7\u00facar gaseificado.\" \/>\n<meta property=\"og:url\" content=\"https:\/\/www.barosa.com\/en\/product-2\/ben-jerrys-marshmallow-smore-465ml\/\" \/>\n<meta property=\"og:site_name\" content=\"BAROSA Congelados | Manuel de Sousa Barosa, Lda.\" \/>\n<meta property=\"article:publisher\" content=\"http:\/\/www.facebook.com\/barosa\/\" \/>\n<meta property=\"article:modified_time\" content=\"2025-06-01T00:00:41+00:00\" \/>\n<meta property=\"og:image\" content=\"https:\/\/www.barosa.com\/wp-content\/uploads\/2024\/02\/Ben-Jerry-s-Marshmallow-Smore-465ml.jpg\" \/>\n\t<meta property=\"og:image:width\" content=\"1024\" \/>\n\t<meta property=\"og:image:height\" content=\"1024\" \/>\n\t<meta property=\"og:image:type\" content=\"image\/jpeg\" \/>\n<meta name=\"twitter:card\" content=\"summary_large_image\" \/>\n<meta name=\"twitter:site\" content=\"@barosa_lda\" \/>\n<meta name=\"twitter:label1\" content=\"Estimated reading time\" \/>\n\t<meta name=\"twitter:data1\" content=\"1 minute\" \/>\n<script type=\"application\/ld+json\" class=\"yoast-schema-graph\">{\"@context\":\"https:\\\/\\\/schema.org\",\"@graph\":[{\"@type\":\"WebPage\",\"@id\":\"https:\\\/\\\/www.barosa.com\\\/produto\\\/ben-jerrys-marshmallow-smore-465ml\\\/\",\"url\":\"https:\\\/\\\/www.barosa.com\\\/produto\\\/ben-jerrys-marshmallow-smore-465ml\\\/\",\"name\":\"Ben &amp; Jerry's Marshmallow &amp; S'more 465ml - BAROSA Congelados | Manuel de Sousa Barosa, Lda.\",\"isPartOf\":{\"@id\":\"https:\\\/\\\/www.barosa.com\\\/#website\"},\"primaryImageOfPage\":{\"@id\":\"https:\\\/\\\/www.barosa.com\\\/produto\\\/ben-jerrys-marshmallow-smore-465ml\\\/#primaryimage\"},\"image\":{\"@id\":\"https:\\\/\\\/www.barosa.com\\\/produto\\\/ben-jerrys-marshmallow-smore-465ml\\\/#primaryimage\"},\"thumbnailUrl\":\"https:\\\/\\\/www.barosa.com\\\/wp-content\\\/uploads\\\/2024\\\/02\\\/Ben-Jerry-s-Marshmallow-Smore-465ml.jpg\",\"datePublished\":\"2024-02-14T20:06:31+00:00\",\"dateModified\":\"2025-06-01T00:00:41+00:00\",\"description\":\"Gelado de chocolate com massa de biscoito de cacau e peda\u00e7os de marshmallow, coberto com gelado de nata batida, xarope de caramelo e peda\u00e7os aromatizados de chocolate com a\u00e7\u00facar gaseificado.\",\"breadcrumb\":{\"@id\":\"https:\\\/\\\/www.barosa.com\\\/produto\\\/ben-jerrys-marshmallow-smore-465ml\\\/#breadcrumb\"},\"inLanguage\":\"en-GB\",\"potentialAction\":[{\"@type\":\"ReadAction\",\"target\":[\"https:\\\/\\\/www.barosa.com\\\/produto\\\/ben-jerrys-marshmallow-smore-465ml\\\/\"]}]},{\"@type\":\"ImageObject\",\"inLanguage\":\"en-GB\",\"@id\":\"https:\\\/\\\/www.barosa.com\\\/produto\\\/ben-jerrys-marshmallow-smore-465ml\\\/#primaryimage\",\"url\":\"https:\\\/\\\/www.barosa.com\\\/wp-content\\\/uploads\\\/2024\\\/02\\\/Ben-Jerry-s-Marshmallow-Smore-465ml.jpg\",\"contentUrl\":\"https:\\\/\\\/www.barosa.com\\\/wp-content\\\/uploads\\\/2024\\\/02\\\/Ben-Jerry-s-Marshmallow-Smore-465ml.jpg\",\"width\":1024,\"height\":1024,\"caption\":\"Ben & Jerry's Marshmallow & S'more 465ml\"},{\"@type\":\"BreadcrumbList\",\"@id\":\"https:\\\/\\\/www.barosa.com\\\/produto\\\/ben-jerrys-marshmallow-smore-465ml\\\/#breadcrumb\",\"itemListElement\":[{\"@type\":\"ListItem\",\"position\":1,\"name\":\"In\u00edcio\",\"item\":\"https:\\\/\\\/www.barosa.com\\\/\"},{\"@type\":\"ListItem\",\"position\":2,\"name\":\"Shop\",\"item\":\"https:\\\/\\\/www.barosa.com\\\/shop\\\/\"},{\"@type\":\"ListItem\",\"position\":3,\"name\":\"Ben &amp; Jerry&#8217;s Marshmallow &amp; S&#8217;more 465ml\"}]},{\"@type\":\"WebSite\",\"@id\":\"https:\\\/\\\/www.barosa.com\\\/#website\",\"url\":\"https:\\\/\\\/www.barosa.com\\\/\",\"name\":\"BAROSA Congelados | Manuel de Sousa Barosa, Lda.\",\"description\":\"Empresa de transforma\u00e7\u00e3o e comercializa\u00e7\u00e3o de produtos alimentares congelados. BAROSA \u00ae Pescados, &quot;N\u00e3o h\u00e1 bom garfo que resista\u00ae&quot;. BAROSA \u00ae FoodService &quot;O lado bom da comida\u00ae&quot;. Pescados Crust\u00e1ceos Mariscos Cefal\u00f3podes Bivalves Padaria Pastelaria Pizzas Sobremesas\",\"publisher\":{\"@id\":\"https:\\\/\\\/www.barosa.com\\\/#organization\"},\"alternateName\":\"BAROSA\u00ae\",\"potentialAction\":[{\"@type\":\"SearchAction\",\"target\":{\"@type\":\"EntryPoint\",\"urlTemplate\":\"https:\\\/\\\/www.barosa.com\\\/?s={search_term_string}\"},\"query-input\":{\"@type\":\"PropertyValueSpecification\",\"valueRequired\":true,\"valueName\":\"search_term_string\"}}],\"inLanguage\":\"en-GB\"},{\"@type\":\"Organization\",\"@id\":\"https:\\\/\\\/www.barosa.com\\\/#organization\",\"name\":\"Manuel de Sousa Barosa, Lda.\",\"alternateName\":\"BAROSA\",\"url\":\"https:\\\/\\\/www.barosa.com\\\/\",\"logo\":{\"@type\":\"ImageObject\",\"inLanguage\":\"en-GB\",\"@id\":\"https:\\\/\\\/www.barosa.com\\\/#\\\/schema\\\/logo\\\/image\\\/\",\"url\":\"https:\\\/\\\/www.barosa.com\\\/wp-content\\\/uploads\\\/2025\\\/03\\\/BAROSA-Logo-696x696-1.jpg\",\"contentUrl\":\"https:\\\/\\\/www.barosa.com\\\/wp-content\\\/uploads\\\/2025\\\/03\\\/BAROSA-Logo-696x696-1.jpg\",\"width\":696,\"height\":696,\"caption\":\"Manuel de Sousa Barosa, Lda.\"},\"image\":{\"@id\":\"https:\\\/\\\/www.barosa.com\\\/#\\\/schema\\\/logo\\\/image\\\/\"},\"sameAs\":[\"http:\\\/\\\/www.facebook.com\\\/barosa\\\/\",\"https:\\\/\\\/x.com\\\/barosa_lda\",\"https:\\\/\\\/www.instagram.com\\\/barosa_lda\\\/\",\"https:\\\/\\\/pt.linkedin.com\\\/company\\\/barosa-lda\"],\"description\":\"Empresa de transforma\u00e7\u00e3o e comercializa\u00e7\u00e3o de produtos alimentares congelados. BAROSA \u00ae Pescados, \\\"N\u00e3o h\u00e1 bom garfo que resista\u00ae\\\". BAROSA \u00ae FoodService \\\"O lado bom da comida!\u00ae\\\"\",\"email\":\"info@barosa.com\",\"telephone\":\"+351 262824403\",\"legalName\":\"Manuel de Sousa Barosa, Lda.\",\"foundingDate\":\"1975-05-21\",\"vatID\":\"503365190\",\"taxID\":\"503365190\",\"duns\":\"452388713\",\"numberOfEmployees\":{\"@type\":\"QuantitativeValue\",\"minValue\":\"11\",\"maxValue\":\"50\"},\"ethicsPolicy\":\"https:\\\/\\\/www.barosa.com\\\/politicaprivacidade\\\/\"}]}<\/script>\n<!-- \/ Yoast SEO Premium plugin. -->","yoast_head_json":{"title":"Ben &amp; Jerry's Marshmallow &amp; S'more 465ml - BAROSA Congelados | Manuel de Sousa Barosa, Lda.","description":"Chocolate ice cream with cocoa biscuit dough and marshmallow pieces, topped with whipped cream ice cream, caramel syrup and flavoured chocolate pieces with carbonated sugar.","robots":{"index":"index","follow":"follow","max-snippet":"max-snippet:-1","max-image-preview":"max-image-preview:large","max-video-preview":"max-video-preview:-1"},"canonical":"https:\/\/www.barosa.com\/en\/product-2\/ben-jerrys-marshmallow-smore-465ml\/","og_locale":"en_GB","og_type":"article","og_title":"Ben &amp; Jerry's Marshmallow &amp; S'more 465ml","og_description":"Gelado de chocolate com massa de biscoito de cacau e peda\u00e7os de marshmallow, coberto com gelado de nata batida, xarope de caramelo e peda\u00e7os aromatizados de chocolate com a\u00e7\u00facar gaseificado.","og_url":"https:\/\/www.barosa.com\/en\/product-2\/ben-jerrys-marshmallow-smore-465ml\/","og_site_name":"BAROSA Congelados | Manuel de Sousa Barosa, Lda.","article_publisher":"http:\/\/www.facebook.com\/barosa\/","article_modified_time":"2025-06-01T00:00:41+00:00","og_image":[{"width":1024,"height":1024,"url":"https:\/\/www.barosa.com\/wp-content\/uploads\/2024\/02\/Ben-Jerry-s-Marshmallow-Smore-465ml.jpg","type":"image\/jpeg"}],"twitter_card":"summary_large_image","twitter_site":"@barosa_lda","twitter_misc":{"Estimated reading time":"1 minute"},"schema":{"@context":"https:\/\/schema.org","@graph":[{"@type":"WebPage","@id":"https:\/\/www.barosa.com\/produto\/ben-jerrys-marshmallow-smore-465ml\/","url":"https:\/\/www.barosa.com\/produto\/ben-jerrys-marshmallow-smore-465ml\/","name":"Ben &amp; Jerry's Marshmallow &amp; S'more 465ml - BAROSA Congelados | Manuel de Sousa Barosa, Lda.","isPartOf":{"@id":"https:\/\/www.barosa.com\/#website"},"primaryImageOfPage":{"@id":"https:\/\/www.barosa.com\/produto\/ben-jerrys-marshmallow-smore-465ml\/#primaryimage"},"image":{"@id":"https:\/\/www.barosa.com\/produto\/ben-jerrys-marshmallow-smore-465ml\/#primaryimage"},"thumbnailUrl":"https:\/\/www.barosa.com\/wp-content\/uploads\/2024\/02\/Ben-Jerry-s-Marshmallow-Smore-465ml.jpg","datePublished":"2024-02-14T20:06:31+00:00","dateModified":"2025-06-01T00:00:41+00:00","description":"Chocolate ice cream with cocoa biscuit dough and marshmallow pieces, topped with whipped cream ice cream, caramel syrup and flavoured chocolate pieces with carbonated sugar.","breadcrumb":{"@id":"https:\/\/www.barosa.com\/produto\/ben-jerrys-marshmallow-smore-465ml\/#breadcrumb"},"inLanguage":"en-GB","potentialAction":[{"@type":"ReadAction","target":["https:\/\/www.barosa.com\/produto\/ben-jerrys-marshmallow-smore-465ml\/"]}]},{"@type":"ImageObject","inLanguage":"en-GB","@id":"https:\/\/www.barosa.com\/produto\/ben-jerrys-marshmallow-smore-465ml\/#primaryimage","url":"https:\/\/www.barosa.com\/wp-content\/uploads\/2024\/02\/Ben-Jerry-s-Marshmallow-Smore-465ml.jpg","contentUrl":"https:\/\/www.barosa.com\/wp-content\/uploads\/2024\/02\/Ben-Jerry-s-Marshmallow-Smore-465ml.jpg","width":1024,"height":1024,"caption":"Ben & Jerry's Marshmallow & S'more 465ml"},{"@type":"BreadcrumbList","@id":"https:\/\/www.barosa.com\/produto\/ben-jerrys-marshmallow-smore-465ml\/#breadcrumb","itemListElement":[{"@type":"ListItem","position":1,"name":"In\u00edcio","item":"https:\/\/www.barosa.com\/"},{"@type":"ListItem","position":2,"name":"Shop","item":"https:\/\/www.barosa.com\/shop\/"},{"@type":"ListItem","position":3,"name":"Ben &amp; Jerry&#8217;s Marshmallow &amp; S&#8217;more 465ml"}]},{"@type":"WebSite","@id":"https:\/\/www.barosa.com\/#website","url":"https:\/\/www.barosa.com\/","name":"BAROSA Frozen Foods | Manuel de Sousa Barosa, Ltd.","description":"Company specialising in the processing and marketing of frozen food products. BAROSA \u00ae Seafood, \"No good fork can resist\u00ae\". BAROSA \u00ae FoodService \"The good side of food\u00ae\". Seafood Crustaceans Shellfish Cephalopods Bivalves Bakery Pastries Pizzas Desserts","publisher":{"@id":"https:\/\/www.barosa.com\/#organization"},"alternateName":"BAROSA\u00ae","potentialAction":[{"@type":"SearchAction","target":{"@type":"EntryPoint","urlTemplate":"https:\/\/www.barosa.com\/?s={search_term_string}"},"query-input":{"@type":"PropertyValueSpecification","valueRequired":true,"valueName":"search_term_string"}}],"inLanguage":"en-GB"},{"@type":"Organization","@id":"https:\/\/www.barosa.com\/#organization","name":"Manuel de Sousa Barosa, Ltd.","alternateName":"BAROSA","url":"https:\/\/www.barosa.com\/","logo":{"@type":"ImageObject","inLanguage":"en-GB","@id":"https:\/\/www.barosa.com\/#\/schema\/logo\/image\/","url":"https:\/\/www.barosa.com\/wp-content\/uploads\/2025\/03\/BAROSA-Logo-696x696-1.jpg","contentUrl":"https:\/\/www.barosa.com\/wp-content\/uploads\/2025\/03\/BAROSA-Logo-696x696-1.jpg","width":696,"height":696,"caption":"Manuel de Sousa Barosa, Lda."},"image":{"@id":"https:\/\/www.barosa.com\/#\/schema\/logo\/image\/"},"sameAs":["http:\/\/www.facebook.com\/barosa\/","https:\/\/x.com\/barosa_lda","https:\/\/www.instagram.com\/barosa_lda\/","https:\/\/pt.linkedin.com\/company\/barosa-lda"],"description":"Company specialising in the processing and marketing of frozen food products. BAROSA \u00ae Pescados, \"No good fork can resist\u00ae\". BAROSA \u00ae FoodService \"The good side of food!\u00ae\"","email":"info@barosa.com","telephone":"+351 262824403","legalName":"Manuel de Sousa Barosa, Lda.","foundingDate":"1975-05-21","vatID":"503365190","taxID":"503365190","duns":"452388713","numberOfEmployees":{"@type":"QuantitativeValue","minValue":"11","maxValue":"50"},"ethicsPolicy":"https:\/\/www.barosa.com\/politicaprivacidade\/"}]}},"_links":{"self":[{"href":"https:\/\/www.barosa.com\/en\/wp-json\/wp\/v2\/product\/11207","targetHints":{"allow":["GET"]}}],"collection":[{"href":"https:\/\/www.barosa.com\/en\/wp-json\/wp\/v2\/product"}],"about":[{"href":"https:\/\/www.barosa.com\/en\/wp-json\/wp\/v2\/types\/product"}],"wp:featuredmedia":[{"embeddable":true,"href":"https:\/\/www.barosa.com\/en\/wp-json\/wp\/v2\/media\/11208"}],"wp:attachment":[{"href":"https:\/\/www.barosa.com\/en\/wp-json\/wp\/v2\/media?parent=11207"}],"wp:term":[{"taxonomy":"product_brand","embeddable":true,"href":"https:\/\/www.barosa.com\/en\/wp-json\/wp\/v2\/product_brand?post=11207"},{"taxonomy":"product_cat","embeddable":true,"href":"https:\/\/www.barosa.com\/en\/wp-json\/wp\/v2\/product_cat?post=11207"},{"taxonomy":"product_tag","embeddable":true,"href":"https:\/\/www.barosa.com\/en\/wp-json\/wp\/v2\/product_tag?post=11207"}],"curies":[{"name":"wp","href":"https:\/\/api.w.org\/{rel}","templated":true}]}}