{"id":10650,"date":"2023-11-08T22:03:34","date_gmt":"2023-11-08T21:03:34","guid":{"rendered":"https:\/\/www.barosa.com\/?post_type=product&#038;p=10650"},"modified":"2024-09-06T10:40:59","modified_gmt":"2024-09-06T09:40:59","slug":"sorbet-native-acai-original-guarana-scooping","status":"publish","type":"product","link":"https:\/\/www.barosa.com\/en\/produto\/sorbet-native-acai-original-guarana-scooping\/","title":{"rendered":"Native A\u00e7a\u00ed Original Sorbet + Guaran\u00e1 | Scooping"},"content":{"rendered":"","protected":false},"excerpt":{"rendered":"<p><strong>A\u00e7a\u00ed - The Superfood<\/strong><\/p>\n<p>The a\u00e7a\u00ed is a small berry from the alaizeiro palm, about 1 cm long. It is the fruit with the highest antioxidant content and is rich in omega 6 and 9, vitamins and minerals.<\/p>\n<p>Ideal for: Consumed plain or served in a bowl with fruit, cereals or other ingredients, and also for smoothies and juices.<\/p>\n<p>Packaging: 2 x 2.3 litres<\/p>\n<p><img loading=\"lazy\" decoding=\"async\" class=\"alignnone wp-image-9276\" title=\"Without gluten\" src=\"https:\/\/www.barosa.com\/wp-content\/uploads\/2023\/04\/Sem-Gluten-300x300.png\" alt=\"Gluten-free\" width=\"50\" height=\"50\" srcset=\"https:\/\/www.barosa.com\/wp-content\/uploads\/2023\/04\/Sem-Gluten-300x300.png 300w, https:\/\/www.barosa.com\/wp-content\/uploads\/2023\/04\/Sem-Gluten-150x150.png 150w, https:\/\/www.barosa.com\/wp-content\/uploads\/2023\/04\/Sem-Gluten-12x12.png 12w, https:\/\/www.barosa.com\/wp-content\/uploads\/2023\/04\/Sem-Gluten-500x500.png 500w, https:\/\/www.barosa.com\/wp-content\/uploads\/2023\/04\/Sem-Gluten-100x100.png 100w, https:\/\/www.barosa.com\/wp-content\/uploads\/2023\/04\/Sem-Gluten.png 525w\" sizes=\"auto, (max-width: 50px) 100vw, 50px\" \/><img loading=\"lazy\" decoding=\"async\" class=\"alignnone wp-image-8698\" title=\"Lactose-free\" src=\"https:\/\/www.barosa.com\/wp-content\/uploads\/2022\/11\/sem-lactose-grey.png\" alt=\"Lactose-free grey\" width=\"50\" height=\"50\" srcset=\"https:\/\/www.barosa.com\/wp-content\/uploads\/2022\/11\/sem-lactose-grey.png 81w, https:\/\/www.barosa.com\/wp-content\/uploads\/2022\/11\/sem-lactose-grey-12x12.png 12w\" sizes=\"auto, (max-width: 50px) 100vw, 50px\" \/><img loading=\"lazy\" decoding=\"async\" class=\"alignnone wp-image-10651\" title=\"No OMG\" src=\"https:\/\/www.barosa.com\/wp-content\/uploads\/2023\/11\/Sem-OMG.jpg\" alt=\"No OMG\" width=\"50\" height=\"50\" srcset=\"https:\/\/www.barosa.com\/wp-content\/uploads\/2023\/11\/Sem-OMG.jpg 100w, https:\/\/www.barosa.com\/wp-content\/uploads\/2023\/11\/Sem-OMG-12x12.jpg 12w\" sizes=\"auto, (max-width: 50px) 100vw, 50px\" \/><img loading=\"lazy\" decoding=\"async\" class=\"alignnone wp-image-7280\" title=\"Vegan\" src=\"https:\/\/www.barosa.com\/wp-content\/uploads\/2022\/03\/vegan.png\" alt=\"Vegan\" width=\"50\" height=\"45\" srcset=\"https:\/\/www.barosa.com\/wp-content\/uploads\/2022\/03\/vegan.png 110w, https:\/\/www.barosa.com\/wp-content\/uploads\/2022\/03\/vegan-13x12.png 13w\" sizes=\"auto, (max-width: 50px) 100vw, 50px\" \/><\/p>\n<p><strong>Brand:<\/strong> Native Foods<\/p>\n<h6><em>Frozen product<\/em><\/h6>","protected":false},"featured_media":10648,"template":"","meta":[],"product_brand":[],"product_cat":[532],"product_tag":[646],"class_list":{"0":"post-10650","1":"product","2":"type-product","3":"status-publish","4":"has-post-thumbnail","6":"product_cat-gelados-scooping","7":"product_tag-acai","9":"first","10":"instock","11":"taxable","12":"shipping-taxable","13":"purchasable","14":"product-type-simple"},"yoast_head":"<!-- This site is optimized with the Yoast SEO Premium plugin v27.6 (Yoast SEO v27.6) - https:\/\/yoast.com\/product\/yoast-seo-premium-wordpress\/ -->\n<title>Sorbet Native A\u00e7a\u00ed Original + Guaran\u00e1 | Scooping - BAROSA Congelados | Manuel de Sousa Barosa, Lda.<\/title>\n<meta name=\"description\" content=\"O a\u00e7a\u00ed \u00e9 o fruto com maior teor de antioxidantes e \u00e9 rico em \u00f3mega 6 e 9, vitaminas e sais minerais. A\u00e7a\u00ed o superalimento.\" \/>\n<meta name=\"robots\" content=\"index, follow, max-snippet:-1, max-image-preview:large, max-video-preview:-1\" \/>\n<link rel=\"canonical\" href=\"https:\/\/www.barosa.com\/en\/product-2\/sorbet-native-acai-original-guarana-scooping\/\" \/>\n<meta property=\"og:locale\" content=\"en_GB\" \/>\n<meta property=\"og:type\" content=\"article\" \/>\n<meta property=\"og:title\" content=\"Sorbet Native A\u00e7a\u00ed Original + Guaran\u00e1 | Scooping\" \/>\n<meta property=\"og:description\" content=\"O a\u00e7a\u00ed \u00e9 o fruto com maior teor de antioxidantes e \u00e9 rico em \u00f3mega 6 e 9, vitaminas e sais minerais. A\u00e7a\u00ed o superalimento.\" \/>\n<meta property=\"og:url\" content=\"https:\/\/www.barosa.com\/en\/product-2\/sorbet-native-acai-original-guarana-scooping\/\" \/>\n<meta property=\"og:site_name\" content=\"BAROSA Congelados | Manuel de Sousa Barosa, Lda.\" \/>\n<meta property=\"article:publisher\" content=\"http:\/\/www.facebook.com\/barosa\/\" \/>\n<meta property=\"article:modified_time\" content=\"2024-09-06T09:40:59+00:00\" \/>\n<meta property=\"og:image\" content=\"https:\/\/www.barosa.com\/wp-content\/uploads\/2023\/11\/Native-ORIGINAL-23L_0721_deitada.jpg\" \/>\n\t<meta property=\"og:image:width\" content=\"1000\" \/>\n\t<meta property=\"og:image:height\" content=\"1000\" \/>\n\t<meta property=\"og:image:type\" content=\"image\/jpeg\" \/>\n<meta name=\"twitter:card\" content=\"summary_large_image\" \/>\n<meta name=\"twitter:site\" content=\"@barosa_lda\" \/>\n<script type=\"application\/ld+json\" class=\"yoast-schema-graph\">{\"@context\":\"https:\\\/\\\/schema.org\",\"@graph\":[{\"@type\":\"WebPage\",\"@id\":\"https:\\\/\\\/www.barosa.com\\\/produto\\\/sorbet-native-acai-original-guarana-scooping\\\/\",\"url\":\"https:\\\/\\\/www.barosa.com\\\/produto\\\/sorbet-native-acai-original-guarana-scooping\\\/\",\"name\":\"Sorbet Native A\u00e7a\u00ed Original + Guaran\u00e1 | Scooping - BAROSA Congelados | Manuel de Sousa Barosa, Lda.\",\"isPartOf\":{\"@id\":\"https:\\\/\\\/www.barosa.com\\\/#website\"},\"primaryImageOfPage\":{\"@id\":\"https:\\\/\\\/www.barosa.com\\\/produto\\\/sorbet-native-acai-original-guarana-scooping\\\/#primaryimage\"},\"image\":{\"@id\":\"https:\\\/\\\/www.barosa.com\\\/produto\\\/sorbet-native-acai-original-guarana-scooping\\\/#primaryimage\"},\"thumbnailUrl\":\"https:\\\/\\\/www.barosa.com\\\/wp-content\\\/uploads\\\/2023\\\/11\\\/Native-ORIGINAL-23L_0721_deitada.jpg\",\"datePublished\":\"2023-11-08T21:03:34+00:00\",\"dateModified\":\"2024-09-06T09:40:59+00:00\",\"description\":\"O a\u00e7a\u00ed \u00e9 o fruto com maior teor de antioxidantes e \u00e9 rico em \u00f3mega 6 e 9, vitaminas e sais minerais. A\u00e7a\u00ed o superalimento.\",\"breadcrumb\":{\"@id\":\"https:\\\/\\\/www.barosa.com\\\/produto\\\/sorbet-native-acai-original-guarana-scooping\\\/#breadcrumb\"},\"inLanguage\":\"en-GB\",\"potentialAction\":[{\"@type\":\"ReadAction\",\"target\":[\"https:\\\/\\\/www.barosa.com\\\/produto\\\/sorbet-native-acai-original-guarana-scooping\\\/\"]}]},{\"@type\":\"ImageObject\",\"inLanguage\":\"en-GB\",\"@id\":\"https:\\\/\\\/www.barosa.com\\\/produto\\\/sorbet-native-acai-original-guarana-scooping\\\/#primaryimage\",\"url\":\"https:\\\/\\\/www.barosa.com\\\/wp-content\\\/uploads\\\/2023\\\/11\\\/Native-ORIGINAL-23L_0721_deitada.jpg\",\"contentUrl\":\"https:\\\/\\\/www.barosa.com\\\/wp-content\\\/uploads\\\/2023\\\/11\\\/Native-ORIGINAL-23L_0721_deitada.jpg\",\"width\":1000,\"height\":1000,\"caption\":\"SORBET NATIVE A\u00c7A\u00cd + GUARAN\u00c1 2 X 2,3L\"},{\"@type\":\"BreadcrumbList\",\"@id\":\"https:\\\/\\\/www.barosa.com\\\/produto\\\/sorbet-native-acai-original-guarana-scooping\\\/#breadcrumb\",\"itemListElement\":[{\"@type\":\"ListItem\",\"position\":1,\"name\":\"In\u00edcio\",\"item\":\"https:\\\/\\\/www.barosa.com\\\/\"},{\"@type\":\"ListItem\",\"position\":2,\"name\":\"Shop\",\"item\":\"https:\\\/\\\/www.barosa.com\\\/shop\\\/\"},{\"@type\":\"ListItem\",\"position\":3,\"name\":\"Sorbet Native A\u00e7a\u00ed Original + Guaran\u00e1 | Scooping\"}]},{\"@type\":\"WebSite\",\"@id\":\"https:\\\/\\\/www.barosa.com\\\/#website\",\"url\":\"https:\\\/\\\/www.barosa.com\\\/\",\"name\":\"BAROSA Congelados | Manuel de Sousa Barosa, Lda.\",\"description\":\"Empresa de transforma\u00e7\u00e3o e comercializa\u00e7\u00e3o de produtos alimentares congelados. BAROSA \u00ae Pescados, &quot;N\u00e3o h\u00e1 bom garfo que resista\u00ae&quot;. BAROSA \u00ae FoodService &quot;O lado bom da comida\u00ae&quot;. Pescados Crust\u00e1ceos Mariscos Cefal\u00f3podes Bivalves Padaria Pastelaria Pizzas Sobremesas\",\"publisher\":{\"@id\":\"https:\\\/\\\/www.barosa.com\\\/#organization\"},\"alternateName\":\"BAROSA\u00ae\",\"potentialAction\":[{\"@type\":\"SearchAction\",\"target\":{\"@type\":\"EntryPoint\",\"urlTemplate\":\"https:\\\/\\\/www.barosa.com\\\/?s={search_term_string}\"},\"query-input\":{\"@type\":\"PropertyValueSpecification\",\"valueRequired\":true,\"valueName\":\"search_term_string\"}}],\"inLanguage\":\"en-GB\"},{\"@type\":\"Organization\",\"@id\":\"https:\\\/\\\/www.barosa.com\\\/#organization\",\"name\":\"Manuel de Sousa Barosa, Lda.\",\"alternateName\":\"BAROSA\",\"url\":\"https:\\\/\\\/www.barosa.com\\\/\",\"logo\":{\"@type\":\"ImageObject\",\"inLanguage\":\"en-GB\",\"@id\":\"https:\\\/\\\/www.barosa.com\\\/#\\\/schema\\\/logo\\\/image\\\/\",\"url\":\"https:\\\/\\\/www.barosa.com\\\/wp-content\\\/uploads\\\/2025\\\/03\\\/BAROSA-Logo-696x696-1.jpg\",\"contentUrl\":\"https:\\\/\\\/www.barosa.com\\\/wp-content\\\/uploads\\\/2025\\\/03\\\/BAROSA-Logo-696x696-1.jpg\",\"width\":696,\"height\":696,\"caption\":\"Manuel de Sousa Barosa, Lda.\"},\"image\":{\"@id\":\"https:\\\/\\\/www.barosa.com\\\/#\\\/schema\\\/logo\\\/image\\\/\"},\"sameAs\":[\"http:\\\/\\\/www.facebook.com\\\/barosa\\\/\",\"https:\\\/\\\/x.com\\\/barosa_lda\",\"https:\\\/\\\/www.instagram.com\\\/barosa_lda\\\/\",\"https:\\\/\\\/pt.linkedin.com\\\/company\\\/barosa-lda\"],\"description\":\"Empresa de transforma\u00e7\u00e3o e comercializa\u00e7\u00e3o de produtos alimentares congelados. BAROSA \u00ae Pescados, \\\"N\u00e3o h\u00e1 bom garfo que resista\u00ae\\\". BAROSA \u00ae FoodService \\\"O lado bom da comida!\u00ae\\\"\",\"email\":\"info@barosa.com\",\"telephone\":\"+351 262824403\",\"legalName\":\"Manuel de Sousa Barosa, Lda.\",\"foundingDate\":\"1975-05-21\",\"vatID\":\"503365190\",\"taxID\":\"503365190\",\"duns\":\"452388713\",\"numberOfEmployees\":{\"@type\":\"QuantitativeValue\",\"minValue\":\"11\",\"maxValue\":\"50\"},\"ethicsPolicy\":\"https:\\\/\\\/www.barosa.com\\\/politicaprivacidade\\\/\"}]}<\/script>\n<!-- \/ Yoast SEO Premium plugin. -->","yoast_head_json":{"title":"Sorbet Native A\u00e7a\u00ed Original + Guaran\u00e1 | Scooping - BAROSA Congelados | Manuel de Sousa Barosa, Lda.","description":"A\u00e7a\u00ed is the fruit with the highest antioxidant content and is rich in omega 6 and 9, vitamins and minerals. A\u00e7a\u00ed the superfood.","robots":{"index":"index","follow":"follow","max-snippet":"max-snippet:-1","max-image-preview":"max-image-preview:large","max-video-preview":"max-video-preview:-1"},"canonical":"https:\/\/www.barosa.com\/en\/product-2\/sorbet-native-acai-original-guarana-scooping\/","og_locale":"en_GB","og_type":"article","og_title":"Sorbet Native A\u00e7a\u00ed Original + Guaran\u00e1 | Scooping","og_description":"O a\u00e7a\u00ed \u00e9 o fruto com maior teor de antioxidantes e \u00e9 rico em \u00f3mega 6 e 9, vitaminas e sais minerais. A\u00e7a\u00ed o superalimento.","og_url":"https:\/\/www.barosa.com\/en\/product-2\/sorbet-native-acai-original-guarana-scooping\/","og_site_name":"BAROSA Congelados | Manuel de Sousa Barosa, Lda.","article_publisher":"http:\/\/www.facebook.com\/barosa\/","article_modified_time":"2024-09-06T09:40:59+00:00","og_image":[{"width":1000,"height":1000,"url":"https:\/\/www.barosa.com\/wp-content\/uploads\/2023\/11\/Native-ORIGINAL-23L_0721_deitada.jpg","type":"image\/jpeg"}],"twitter_card":"summary_large_image","twitter_site":"@barosa_lda","schema":{"@context":"https:\/\/schema.org","@graph":[{"@type":"WebPage","@id":"https:\/\/www.barosa.com\/produto\/sorbet-native-acai-original-guarana-scooping\/","url":"https:\/\/www.barosa.com\/produto\/sorbet-native-acai-original-guarana-scooping\/","name":"Sorbet Native A\u00e7a\u00ed Original + Guaran\u00e1 | Scooping - BAROSA Congelados | Manuel de Sousa Barosa, Lda.","isPartOf":{"@id":"https:\/\/www.barosa.com\/#website"},"primaryImageOfPage":{"@id":"https:\/\/www.barosa.com\/produto\/sorbet-native-acai-original-guarana-scooping\/#primaryimage"},"image":{"@id":"https:\/\/www.barosa.com\/produto\/sorbet-native-acai-original-guarana-scooping\/#primaryimage"},"thumbnailUrl":"https:\/\/www.barosa.com\/wp-content\/uploads\/2023\/11\/Native-ORIGINAL-23L_0721_deitada.jpg","datePublished":"2023-11-08T21:03:34+00:00","dateModified":"2024-09-06T09:40:59+00:00","description":"A\u00e7a\u00ed is the fruit with the highest antioxidant content and is rich in omega 6 and 9, vitamins and minerals. A\u00e7a\u00ed the superfood.","breadcrumb":{"@id":"https:\/\/www.barosa.com\/produto\/sorbet-native-acai-original-guarana-scooping\/#breadcrumb"},"inLanguage":"en-GB","potentialAction":[{"@type":"ReadAction","target":["https:\/\/www.barosa.com\/produto\/sorbet-native-acai-original-guarana-scooping\/"]}]},{"@type":"ImageObject","inLanguage":"en-GB","@id":"https:\/\/www.barosa.com\/produto\/sorbet-native-acai-original-guarana-scooping\/#primaryimage","url":"https:\/\/www.barosa.com\/wp-content\/uploads\/2023\/11\/Native-ORIGINAL-23L_0721_deitada.jpg","contentUrl":"https:\/\/www.barosa.com\/wp-content\/uploads\/2023\/11\/Native-ORIGINAL-23L_0721_deitada.jpg","width":1000,"height":1000,"caption":"SORBET NATIVE A\u00c7A\u00cd + GUARAN\u00c1 2 X 2,3L"},{"@type":"BreadcrumbList","@id":"https:\/\/www.barosa.com\/produto\/sorbet-native-acai-original-guarana-scooping\/#breadcrumb","itemListElement":[{"@type":"ListItem","position":1,"name":"In\u00edcio","item":"https:\/\/www.barosa.com\/"},{"@type":"ListItem","position":2,"name":"Shop","item":"https:\/\/www.barosa.com\/shop\/"},{"@type":"ListItem","position":3,"name":"Sorbet Native A\u00e7a\u00ed Original + Guaran\u00e1 | Scooping"}]},{"@type":"WebSite","@id":"https:\/\/www.barosa.com\/#website","url":"https:\/\/www.barosa.com\/","name":"BAROSA Frozen Foods | Manuel de Sousa Barosa, Ltd.","description":"Company specialising in the processing and marketing of frozen food products. BAROSA \u00ae Seafood, \"No good fork can resist\u00ae\". BAROSA \u00ae FoodService \"The good side of food\u00ae\". Seafood Crustaceans Shellfish Cephalopods Bivalves Bakery Pastries Pizzas Desserts","publisher":{"@id":"https:\/\/www.barosa.com\/#organization"},"alternateName":"BAROSA\u00ae","potentialAction":[{"@type":"SearchAction","target":{"@type":"EntryPoint","urlTemplate":"https:\/\/www.barosa.com\/?s={search_term_string}"},"query-input":{"@type":"PropertyValueSpecification","valueRequired":true,"valueName":"search_term_string"}}],"inLanguage":"en-GB"},{"@type":"Organization","@id":"https:\/\/www.barosa.com\/#organization","name":"Manuel de Sousa Barosa, Ltd.","alternateName":"BAROSA","url":"https:\/\/www.barosa.com\/","logo":{"@type":"ImageObject","inLanguage":"en-GB","@id":"https:\/\/www.barosa.com\/#\/schema\/logo\/image\/","url":"https:\/\/www.barosa.com\/wp-content\/uploads\/2025\/03\/BAROSA-Logo-696x696-1.jpg","contentUrl":"https:\/\/www.barosa.com\/wp-content\/uploads\/2025\/03\/BAROSA-Logo-696x696-1.jpg","width":696,"height":696,"caption":"Manuel de Sousa Barosa, Lda."},"image":{"@id":"https:\/\/www.barosa.com\/#\/schema\/logo\/image\/"},"sameAs":["http:\/\/www.facebook.com\/barosa\/","https:\/\/x.com\/barosa_lda","https:\/\/www.instagram.com\/barosa_lda\/","https:\/\/pt.linkedin.com\/company\/barosa-lda"],"description":"Company specialising in the processing and marketing of frozen food products. BAROSA \u00ae Pescados, \"No good fork can resist\u00ae\". BAROSA \u00ae FoodService \"The good side of food!\u00ae\"","email":"info@barosa.com","telephone":"+351 262824403","legalName":"Manuel de Sousa Barosa, Lda.","foundingDate":"1975-05-21","vatID":"503365190","taxID":"503365190","duns":"452388713","numberOfEmployees":{"@type":"QuantitativeValue","minValue":"11","maxValue":"50"},"ethicsPolicy":"https:\/\/www.barosa.com\/politicaprivacidade\/"}]}},"_links":{"self":[{"href":"https:\/\/www.barosa.com\/en\/wp-json\/wp\/v2\/product\/10650","targetHints":{"allow":["GET"]}}],"collection":[{"href":"https:\/\/www.barosa.com\/en\/wp-json\/wp\/v2\/product"}],"about":[{"href":"https:\/\/www.barosa.com\/en\/wp-json\/wp\/v2\/types\/product"}],"wp:featuredmedia":[{"embeddable":true,"href":"https:\/\/www.barosa.com\/en\/wp-json\/wp\/v2\/media\/10648"}],"wp:attachment":[{"href":"https:\/\/www.barosa.com\/en\/wp-json\/wp\/v2\/media?parent=10650"}],"wp:term":[{"taxonomy":"product_brand","embeddable":true,"href":"https:\/\/www.barosa.com\/en\/wp-json\/wp\/v2\/product_brand?post=10650"},{"taxonomy":"product_cat","embeddable":true,"href":"https:\/\/www.barosa.com\/en\/wp-json\/wp\/v2\/product_cat?post=10650"},{"taxonomy":"product_tag","embeddable":true,"href":"https:\/\/www.barosa.com\/en\/wp-json\/wp\/v2\/product_tag?post=10650"}],"curies":[{"name":"wp","href":"https:\/\/api.w.org\/{rel}","templated":true}]}}