{"id":911,"date":"2017-07-07T04:19:18","date_gmt":"2017-07-07T04:19:18","guid":{"rendered":"https:\/\/digitextus.pt\/barosa\/?page_id=911"},"modified":"2026-01-05T21:34:41","modified_gmt":"2026-01-05T20:34:41","slug":"sobrenos","status":"publish","type":"page","link":"https:\/\/www.barosa.com\/en\/sobrenos\/","title":{"rendered":"About Us"},"content":{"rendered":"<div class=\"wpb-content-wrapper\"><section class=\"vc_section bt-about-section2 vc_custom_1551975862016\"><div class=\"container\"><div class=\"vc_row wpb_row vc_row-fluid\"><div class=\"wpb_animate_when_almost_visible wpb_fadeInLeft fadeInLeft wpb_column vc_column_container vc_col-sm-12 vc_col-lg-6 vc_col-md-6\"><div class=\"vc_column-inner vc_custom_1502267040366\"><div class=\"wpb_wrapper\"><h3 style=\"font-size: 30px;line-height: 48px;text-align: left;letter-spacing: 0.2em;\" class=\"vc_custom_heading bt-text-uppercase wpb_animate_when_almost_visible wpb_fadeInDown fadeInDown\" >Our mission<\/h3><\/div><\/div><\/div><div class=\"wpb_column vc_column_container vc_col-sm-12 vc_col-lg-6 vc_col-md-6\"><div class=\"vc_column-inner\"><div class=\"wpb_wrapper\"><h3 style=\"font-size: 30px;line-height: 42px;text-align: left;\" class=\"vc_custom_heading wpb_animate_when_almost_visible wpb_fadeInUp fadeInUp\" >Providing a Quality Service<\/h3>\n\t<div class=\"wpb_text_column wpb_content_element wpb_animate_when_almost_visible wpb_fadeInUp fadeInUp\" >\n\t\t<div class=\"wpb_wrapper\">\n\t\t\t<p>Serving our clients and final consumers with the best possible quality and service. We comply with maximum rigor the Food Code.<\/p>\n<p>Preserving nature by implementing the most diverse environmental techniques.<\/p>\n\n\t\t<\/div>\n\t<\/div>\n<\/div><\/div><\/div><\/div><\/div><\/section><section class=\"vc_section vc_custom_1551975876579 vc_section-has-fill\"><div class=\"container\"><div class=\"vc_row wpb_row vc_row-fluid\"><div class=\"wpb_column vc_column_container vc_col-sm-3\"><div class=\"vc_column-inner\"><div class=\"wpb_wrapper\"><h3 style=\"font-size: 30px;line-height: 48px;text-align: left;letter-spacing: 0.2em;\" class=\"vc_custom_heading bt-text-uppercase wpb_animate_when_almost_visible wpb_fadeInDown fadeInDown\" >History<\/h3><\/div><\/div><\/div><div class=\"wpb_column vc_column_container vc_col-sm-9\"><div class=\"vc_column-inner\"><div class=\"wpb_wrapper\"><div style=\"text-align: justify;\" class=\"vc_custom_heading wpb_animate_when_almost_visible wpb_fadeInUp fadeInUp\" >It was in 1978 that the BAROSA brand appeared in the frozen fish market, still with a small primary industry through its founder Manuel de Sousa Barosa.<\/p>\n<p>At present, Manuel de Sousa Barosa, Lda. Has a capacity of 3000 m3, focusing on processing and marketing frozen fish, highlighting the cutting and packaging processed in a total of 30 species, using the HACCP system for quality control.<\/p>\n<p>In fact, as time goes by we can see that the market is constantly evolving. Becoming more demanding, for this and other reasons we assert ourselves with 1st quality products.<\/p>\n<p>The most sought after aspects by consumers are the qualities related to the freshness, quality, taste and nutritional values of the products.<\/p>\n<p>This has been our response as the main strategy to grow and satisfy our customers, thus achieving success in this market.<\/p>\n<p>All this combined with the most modern distribution logistics allows us to cover and support our entire customer area in the west coast of Portugal.<\/p>\n<p>More recently, due to constant market changes we have begun to place our product in strategic partners making us an international operator.<\/div><\/div><\/div><\/div><\/div><\/div><div class=\"container\"><div class=\"vc_row wpb_row vc_row-fluid\"><div class=\"wpb_column vc_column_container vc_col-sm-3\"><div class=\"vc_column-inner\"><div class=\"wpb_wrapper\"><h3 style=\"font-size: 30px;line-height: 48px;text-align: left;letter-spacing: 0.2em;\" class=\"vc_custom_heading bt-text-uppercase wpb_animate_when_almost_visible wpb_fadeInDown fadeInDown\" >Quality<\/h3><\/div><\/div><\/div><div class=\"wpb_column vc_column_container vc_col-sm-6\"><div class=\"vc_column-inner\"><div class=\"wpb_wrapper\"><div style=\"text-align: justify;\" class=\"vc_custom_heading wpb_animate_when_almost_visible wpb_fadeInUp fadeInUp\" >The products processed in this unit are subject to a rigorous quality control plan at all stages of processing, through a self control system and code of practice implemented in the company.<\/p>\n<p>This system (HACCP - Hazard Analysis and Critical Control Point) consists of risk analysis and control of critical points, and is implemented taking into account a preventive program for food safety control, which enables high quality products to be obtained to satisfy all customers.<\/div><\/div><\/div><\/div><div class=\"wpb_column vc_column_container vc_col-sm-3\"><div class=\"vc_column-inner\"><div class=\"wpb_wrapper\">\n\t<div  class=\"wpb_single_image wpb_content_element vc_align_center wpb_content_element wpb_animate_when_almost_visible wpb_fadeInRightBig fadeInRightBig\">\n\t\t\n\t\t<figure class=\"wpb_wrapper vc_figure\">\n\t\t\t<div class=\"vc_single_image-wrapper   vc_box_border_grey\"><img decoding=\"async\" class=\"vc_single_image-img\" src=\"https:\/\/www.barosa.com\/wp-content\/uploads\/2019\/01\/HACCP-150x150.png\" width=\"150\" height=\"150\" alt=\"HACCP\" title=\"HACCP\" loading=\"lazy\" \/><\/div>\n\t\t<\/figure>\n\t<\/div>\n<\/div><\/div><\/div><\/div><\/div><div class=\"container\"><div class=\"vc_row wpb_row vc_row-fluid\"><div class=\"wpb_column vc_column_container vc_col-sm-3\"><div class=\"vc_column-inner\"><div class=\"wpb_wrapper\"><h3 style=\"font-size: 30px;line-height: 48px;text-align: left;letter-spacing: 0.2em;\" class=\"vc_custom_heading bt-text-uppercase wpb_animate_when_almost_visible wpb_fadeInDown fadeInDown\" >Market<\/h3><\/div><\/div><\/div><div class=\"wpb_column vc_column_container vc_col-sm-9\"><div class=\"vc_column-inner\"><div class=\"wpb_wrapper\"><div style=\"text-align: justify;\" class=\"vc_custom_heading wpb_animate_when_almost_visible wpb_fadeInUp fadeInUp\" >Our Zone of direct influence is the entire geographical area of the West Coast, delimited to a range of customers, having as reference center the city and municipality of Caldas da Rainha and as peripheries the municipalities of Alcoba\u00e7a, Bombarral, Cadaval, Lourinh\u00e3, Nazar\u00e9, \u00d3bidos, Peniche and Rio Maior.<\/p>\n<p>The internationalization of the company becomes reality when entering the import \/ export market where the influence in these places is indirect.<\/div><\/div><\/div><\/div><\/div><\/div><div class=\"container\"><div class=\"vc_row wpb_row vc_row-fluid\"><div class=\"wpb_column vc_column_container vc_col-sm-3\"><div class=\"vc_column-inner\"><div class=\"wpb_wrapper\"><h3 style=\"font-size: 30px;line-height: 48px;text-align: left;letter-spacing: 0.2em;\" class=\"vc_custom_heading bt-text-uppercase wpb_animate_when_almost_visible wpb_fadeInDown fadeInDown\" >Location<\/h3><\/div><\/div><\/div><div class=\"wpb_column vc_column_container vc_col-sm-9\"><div class=\"vc_column-inner\"><div class=\"wpb_wrapper\"><div style=\"text-align: justify;\" class=\"vc_custom_heading wpb_animate_when_almost_visible wpb_fadeInUp fadeInUp\" >We are based in Caldas da Rainha, north of Lisbon, in the western region, between the sea ports of Peniche and Nazar\u00e9.<\/div><\/div><\/div><\/div><\/div><\/div><\/section><section class=\"vc_section bt-newsletter-section vc_custom_1499072224680\"><div class=\"container\"><div class=\"vc_row wpb_row vc_row-fluid\"><div class=\"wpb_column vc_column_container vc_col-sm-12 vc_col-lg-7 vc_col-md-7\"><div class=\"vc_column-inner\"><div class=\"wpb_wrapper\"><h3 style=\"font-size: 36px;line-height: 42px;text-align: left;\" class=\"vc_custom_heading bt-light-color wpb_animate_when_almost_visible wpb_fadeInUp fadeInUp vc_custom_1546956082171\" >Subscribe our Newsletter<\/h3><div style=\"text-align: left;\" class=\"vc_custom_heading bt-light-color wpb_animate_when_almost_visible wpb_fadeInUp fadeInUp vc_custom_1546956090901\" >Receive all the news in your email<\/div><\/div><\/div><\/div><div class=\"wpb_animate_when_almost_visible wpb_bounceInRight bounceInRight wpb_column vc_column_container vc_col-sm-12 vc_col-lg-5 vc_col-md-5\"><div class=\"vc_column-inner\"><div class=\"wpb_wrapper\">\n\t<div class=\"wpb_text_column wpb_content_element\" >\n\t\t<div class=\"wpb_wrapper\">\n\t\t\t<script>(function() {\n\twindow.mc4wp = window.mc4wp || {\n\t\tlisteners: [],\n\t\tforms: {\n\t\t\ton: function(evt, cb) {\n\t\t\t\twindow.mc4wp.listeners.push(\n\t\t\t\t\t{\n\t\t\t\t\t\tevent   : evt,\n\t\t\t\t\t\tcallback: cb\n\t\t\t\t\t}\n\t\t\t\t);\n\t\t\t}\n\t\t}\n\t}\n})();\n<\/script><!-- Mailchimp for WordPress v4.12.2 - https:\/\/wordpress.org\/plugins\/mailchimp-for-wp\/ --><form id=\"mc4wp-form-1\" class=\"mc4wp-form mc4wp-form-2930\" method=\"post\" data-id=\"2930\" data-name=\"Subscrever\" action=\"\" ><div class=\"mc4wp-form-fields\"><p>\r\n\t<input class=\"newsletter-email\" type=\"email\" name=\"EMAIL\" placeholder=\"Email\" required \/><input class=\"newsletter-submit\" type=\"submit\"  value=\"Subscribe\" \/>\r\n<\/p>\r\n<\/div><label style=\"display: none !important;\">Leave this field empty if you're human: <input type=\"text\" name=\"_mc4wp_honeypot\" value=\"\" tabindex=\"-1\" autocomplete=\"off\" \/><\/label><input type=\"hidden\" name=\"_mc4wp_timestamp\" value=\"1776749307\" \/><input type=\"hidden\" name=\"_mc4wp_form_id\" value=\"2930\" \/><input type=\"hidden\" name=\"_mc4wp_form_element_id\" value=\"mc4wp-form-1\" \/><div class=\"mc4wp-response\"><\/div><input type=\"hidden\" name=\"trp-form-language\" value=\"en\"\/><\/form><!-- \/ Mailchimp for WordPress Plugin -->\n\n\t\t<\/div>\n\t<\/div>\n<div  class=\"wpb_widgetised_column wpb_content_element\">\n\t\t<div class=\"wpb_wrapper\">\n\t\t\t\n\t\t\t\n\t\t<\/div>\n\t<\/div>\n<\/div><\/div><\/div><\/div><\/div><\/section>\n<\/div>","protected":false},"excerpt":{"rendered":"A nossa miss\u00e3oPrestar um Servi\u00e7o de Qualidade Servir com a melhor qualidade e servi\u00e7o poss\u00edvel os nossos clientes e os consumidores finais. Cumprir com o m\u00e1ximo rigor o C\u00f3digo Alimentar. Preservar a natureza implementando as mais diversas t\u00e9cnicas ambientais. HistorialFoi em 1978 que a marca BAROSA apareceu no mercado dos pescados congelados, ainda com uma [...]","protected":false},"author":1,"featured_media":0,"parent":0,"menu_order":0,"comment_status":"closed","ping_status":"closed","template":"page-nocontainer.php","meta":{"footnotes":""},"class_list":["post-911","page","type-page","status-publish","hentry"],"yoast_head":"<!-- This site is optimized with the Yoast SEO Premium plugin v27.4 (Yoast SEO v27.4) - https:\/\/yoast.com\/product\/yoast-seo-premium-wordpress\/ -->\n<title>Manuel de Sousa Barosa, Lda. | Sobre N\u00f3s<\/title>\n<meta name=\"robots\" content=\"index, follow, max-snippet:-1, max-image-preview:large, max-video-preview:-1\" \/>\n<link rel=\"canonical\" href=\"https:\/\/www.barosa.com\/en\/sobrenos\/\" \/>\n<meta property=\"og:locale\" content=\"en_GB\" \/>\n<meta property=\"og:type\" content=\"article\" \/>\n<meta property=\"og:title\" content=\"Sobre N\u00f3s\" \/>\n<meta property=\"og:url\" content=\"https:\/\/www.barosa.com\/en\/sobrenos\/\" \/>\n<meta property=\"og:site_name\" content=\"BAROSA Congelados | Manuel de Sousa Barosa, Lda.\" \/>\n<meta property=\"article:publisher\" content=\"http:\/\/www.facebook.com\/barosa\/\" \/>\n<meta property=\"article:modified_time\" content=\"2026-01-05T20:34:41+00:00\" \/>\n<meta property=\"og:image\" content=\"https:\/\/www.barosa.com\/wp-content\/uploads\/2024\/02\/BAROSA-Logo-1200-x-675.jpg\" \/>\n\t<meta property=\"og:image:width\" content=\"1200\" \/>\n\t<meta property=\"og:image:height\" content=\"675\" \/>\n\t<meta property=\"og:image:type\" content=\"image\/jpeg\" \/>\n<meta name=\"twitter:card\" content=\"summary_large_image\" \/>\n<meta name=\"twitter:site\" content=\"@barosa_lda\" \/>\n<meta name=\"twitter:label1\" content=\"Estimated reading time\" \/>\n\t<meta name=\"twitter:data1\" content=\"5 minutes\" \/>\n<script type=\"application\/ld+json\" class=\"yoast-schema-graph\">{\"@context\":\"https:\\\/\\\/schema.org\",\"@graph\":[{\"@type\":\"WebPage\",\"@id\":\"https:\\\/\\\/www.barosa.com\\\/sobrenos\\\/\",\"url\":\"https:\\\/\\\/www.barosa.com\\\/sobrenos\\\/\",\"name\":\"Manuel de Sousa Barosa, Lda. | Sobre N\u00f3s\",\"isPartOf\":{\"@id\":\"https:\\\/\\\/www.barosa.com\\\/#website\"},\"datePublished\":\"2017-07-07T04:19:18+00:00\",\"dateModified\":\"2026-01-05T20:34:41+00:00\",\"breadcrumb\":{\"@id\":\"https:\\\/\\\/www.barosa.com\\\/sobrenos\\\/#breadcrumb\"},\"inLanguage\":\"en-GB\",\"potentialAction\":[{\"@type\":\"ReadAction\",\"target\":[\"https:\\\/\\\/www.barosa.com\\\/sobrenos\\\/\"]}]},{\"@type\":\"BreadcrumbList\",\"@id\":\"https:\\\/\\\/www.barosa.com\\\/sobrenos\\\/#breadcrumb\",\"itemListElement\":[{\"@type\":\"ListItem\",\"position\":1,\"name\":\"In\u00edcio\",\"item\":\"https:\\\/\\\/www.barosa.com\\\/\"},{\"@type\":\"ListItem\",\"position\":2,\"name\":\"Sobre N\u00f3s\"}]},{\"@type\":\"WebSite\",\"@id\":\"https:\\\/\\\/www.barosa.com\\\/#website\",\"url\":\"https:\\\/\\\/www.barosa.com\\\/\",\"name\":\"BAROSA Congelados | Manuel de Sousa Barosa, Lda.\",\"description\":\"Empresa de transforma\u00e7\u00e3o e comercializa\u00e7\u00e3o de produtos alimentares congelados. BAROSA \u00ae Pescados, &quot;N\u00e3o h\u00e1 bom garfo que resista\u00ae&quot;. BAROSA \u00ae FoodService &quot;O lado bom da comida\u00ae&quot;. Pescados Crust\u00e1ceos Mariscos Cefal\u00f3podes Bivalves Padaria Pastelaria Pizzas Sobremesas\",\"publisher\":{\"@id\":\"https:\\\/\\\/www.barosa.com\\\/#organization\"},\"alternateName\":\"BAROSA\u00ae\",\"potentialAction\":[{\"@type\":\"SearchAction\",\"target\":{\"@type\":\"EntryPoint\",\"urlTemplate\":\"https:\\\/\\\/www.barosa.com\\\/?s={search_term_string}\"},\"query-input\":{\"@type\":\"PropertyValueSpecification\",\"valueRequired\":true,\"valueName\":\"search_term_string\"}}],\"inLanguage\":\"en-GB\"},{\"@type\":\"Organization\",\"@id\":\"https:\\\/\\\/www.barosa.com\\\/#organization\",\"name\":\"Manuel de Sousa Barosa, Lda.\",\"alternateName\":\"BAROSA\",\"url\":\"https:\\\/\\\/www.barosa.com\\\/\",\"logo\":{\"@type\":\"ImageObject\",\"inLanguage\":\"en-GB\",\"@id\":\"https:\\\/\\\/www.barosa.com\\\/#\\\/schema\\\/logo\\\/image\\\/\",\"url\":\"https:\\\/\\\/www.barosa.com\\\/wp-content\\\/uploads\\\/2025\\\/03\\\/BAROSA-Logo-696x696-1.jpg\",\"contentUrl\":\"https:\\\/\\\/www.barosa.com\\\/wp-content\\\/uploads\\\/2025\\\/03\\\/BAROSA-Logo-696x696-1.jpg\",\"width\":696,\"height\":696,\"caption\":\"Manuel de Sousa Barosa, Lda.\"},\"image\":{\"@id\":\"https:\\\/\\\/www.barosa.com\\\/#\\\/schema\\\/logo\\\/image\\\/\"},\"sameAs\":[\"http:\\\/\\\/www.facebook.com\\\/barosa\\\/\",\"https:\\\/\\\/x.com\\\/barosa_lda\",\"https:\\\/\\\/www.instagram.com\\\/barosa_lda\\\/\",\"https:\\\/\\\/pt.linkedin.com\\\/company\\\/barosa-lda\"],\"description\":\"Empresa de transforma\u00e7\u00e3o e comercializa\u00e7\u00e3o de produtos alimentares congelados. BAROSA \u00ae Pescados, \\\"N\u00e3o h\u00e1 bom garfo que resista\u00ae\\\". BAROSA \u00ae FoodService \\\"O lado bom da comida!\u00ae\\\"\",\"email\":\"info@barosa.com\",\"telephone\":\"+351 262824403\",\"legalName\":\"Manuel de Sousa Barosa, Lda.\",\"foundingDate\":\"1975-05-21\",\"vatID\":\"503365190\",\"taxID\":\"503365190\",\"duns\":\"452388713\",\"numberOfEmployees\":{\"@type\":\"QuantitativeValue\",\"minValue\":\"11\",\"maxValue\":\"50\"},\"ethicsPolicy\":\"https:\\\/\\\/www.barosa.com\\\/politicaprivacidade\\\/\"}]}<\/script>\n<!-- \/ Yoast SEO Premium plugin. -->","yoast_head_json":{"title":"Manuel de Sousa Barosa, Lda | About Us","robots":{"index":"index","follow":"follow","max-snippet":"max-snippet:-1","max-image-preview":"max-image-preview:large","max-video-preview":"max-video-preview:-1"},"canonical":"https:\/\/www.barosa.com\/en\/sobrenos\/","og_locale":"en_GB","og_type":"article","og_title":"Sobre N\u00f3s","og_url":"https:\/\/www.barosa.com\/en\/sobrenos\/","og_site_name":"BAROSA Congelados | Manuel de Sousa Barosa, Lda.","article_publisher":"http:\/\/www.facebook.com\/barosa\/","article_modified_time":"2026-01-05T20:34:41+00:00","og_image":[{"width":1200,"height":675,"url":"https:\/\/www.barosa.com\/wp-content\/uploads\/2024\/02\/BAROSA-Logo-1200-x-675.jpg","type":"image\/jpeg"}],"twitter_card":"summary_large_image","twitter_site":"@barosa_lda","twitter_misc":{"Estimated reading time":"5 minutes"},"schema":{"@context":"https:\/\/schema.org","@graph":[{"@type":"WebPage","@id":"https:\/\/www.barosa.com\/sobrenos\/","url":"https:\/\/www.barosa.com\/sobrenos\/","name":"Manuel de Sousa Barosa, Lda | About Us","isPartOf":{"@id":"https:\/\/www.barosa.com\/#website"},"datePublished":"2017-07-07T04:19:18+00:00","dateModified":"2026-01-05T20:34:41+00:00","breadcrumb":{"@id":"https:\/\/www.barosa.com\/sobrenos\/#breadcrumb"},"inLanguage":"en-GB","potentialAction":[{"@type":"ReadAction","target":["https:\/\/www.barosa.com\/sobrenos\/"]}]},{"@type":"BreadcrumbList","@id":"https:\/\/www.barosa.com\/sobrenos\/#breadcrumb","itemListElement":[{"@type":"ListItem","position":1,"name":"In\u00edcio","item":"https:\/\/www.barosa.com\/"},{"@type":"ListItem","position":2,"name":"Sobre N\u00f3s"}]},{"@type":"WebSite","@id":"https:\/\/www.barosa.com\/#website","url":"https:\/\/www.barosa.com\/","name":"BAROSA Frozen Foods | Manuel de Sousa Barosa, Ltd.","description":"Company specialising in the processing and marketing of frozen food products. BAROSA \u00ae Seafood, \"No good fork can resist\u00ae\". BAROSA \u00ae FoodService \"The good side of food\u00ae\". Seafood Crustaceans Shellfish Cephalopods Bivalves Bakery Pastries Pizzas Desserts","publisher":{"@id":"https:\/\/www.barosa.com\/#organization"},"alternateName":"BAROSA\u00ae","potentialAction":[{"@type":"SearchAction","target":{"@type":"EntryPoint","urlTemplate":"https:\/\/www.barosa.com\/?s={search_term_string}"},"query-input":{"@type":"PropertyValueSpecification","valueRequired":true,"valueName":"search_term_string"}}],"inLanguage":"en-GB"},{"@type":"Organization","@id":"https:\/\/www.barosa.com\/#organization","name":"Manuel de Sousa Barosa, Ltd.","alternateName":"BAROSA","url":"https:\/\/www.barosa.com\/","logo":{"@type":"ImageObject","inLanguage":"en-GB","@id":"https:\/\/www.barosa.com\/#\/schema\/logo\/image\/","url":"https:\/\/www.barosa.com\/wp-content\/uploads\/2025\/03\/BAROSA-Logo-696x696-1.jpg","contentUrl":"https:\/\/www.barosa.com\/wp-content\/uploads\/2025\/03\/BAROSA-Logo-696x696-1.jpg","width":696,"height":696,"caption":"Manuel de Sousa Barosa, Lda."},"image":{"@id":"https:\/\/www.barosa.com\/#\/schema\/logo\/image\/"},"sameAs":["http:\/\/www.facebook.com\/barosa\/","https:\/\/x.com\/barosa_lda","https:\/\/www.instagram.com\/barosa_lda\/","https:\/\/pt.linkedin.com\/company\/barosa-lda"],"description":"Company specialising in the processing and marketing of frozen food products. BAROSA \u00ae Pescados, \"No good fork can resist\u00ae\". BAROSA \u00ae FoodService \"The good side of food!\u00ae\"","email":"info@barosa.com","telephone":"+351 262824403","legalName":"Manuel de Sousa Barosa, Lda.","foundingDate":"1975-05-21","vatID":"503365190","taxID":"503365190","duns":"452388713","numberOfEmployees":{"@type":"QuantitativeValue","minValue":"11","maxValue":"50"},"ethicsPolicy":"https:\/\/www.barosa.com\/politicaprivacidade\/"}]}},"_links":{"self":[{"href":"https:\/\/www.barosa.com\/en\/wp-json\/wp\/v2\/pages\/911","targetHints":{"allow":["GET"]}}],"collection":[{"href":"https:\/\/www.barosa.com\/en\/wp-json\/wp\/v2\/pages"}],"about":[{"href":"https:\/\/www.barosa.com\/en\/wp-json\/wp\/v2\/types\/page"}],"author":[{"embeddable":true,"href":"https:\/\/www.barosa.com\/en\/wp-json\/wp\/v2\/users\/1"}],"replies":[{"embeddable":true,"href":"https:\/\/www.barosa.com\/en\/wp-json\/wp\/v2\/comments?post=911"}],"version-history":[{"count":32,"href":"https:\/\/www.barosa.com\/en\/wp-json\/wp\/v2\/pages\/911\/revisions"}],"predecessor-version":[{"id":20417,"href":"https:\/\/www.barosa.com\/en\/wp-json\/wp\/v2\/pages\/911\/revisions\/20417"}],"wp:attachment":[{"href":"https:\/\/www.barosa.com\/en\/wp-json\/wp\/v2\/media?parent=911"}],"curies":[{"name":"wp","href":"https:\/\/api.w.org\/{rel}","templated":true}]}}