{"id":3193,"date":"2019-10-30T14:50:43","date_gmt":"2019-10-30T14:50:43","guid":{"rendered":"https:\/\/digitextus.pt\/barosa\/?page_id=3193"},"modified":"2025-09-29T10:04:26","modified_gmt":"2025-09-29T09:04:26","slug":"empresa-amiga-do-meio-ambiente","status":"publish","type":"page","link":"https:\/\/www.barosa.com\/en\/empresa-amiga-do-meio-ambiente\/","title":{"rendered":"Environmentally Friendly Company"},"content":{"rendered":"<div class=\"wpb-content-wrapper\"><div class=\"vc_row wpb_row vc_row-fluid\"><div class=\"wpb_column vc_column_container vc_col-sm-12\"><div class=\"vc_column-inner\"><div class=\"wpb_wrapper\">\n\t<div class=\"wpb_text_column wpb_content_element\" >\n\t\t<div class=\"wpb_wrapper\">\n\t\t\t<p>The BAROSA group has assumed its social responsibility in the region, investing in areas of environmental influence, in order to preserve the health of our planet, to this, it has implemented the following measures:<\/p>\n<ul>\n<li>In 2012, 522 photovoltaic panels were installed, with a production capacity of 137.79\u202fkW. Currently, there are 644 photovoltaic panels with a maximum output of 222.97\u202fkW, avoiding the emission of approximately 145\u202ftons of CO\u2082 per year into the atmosphere;<\/li>\n<li>It has solar thermal panels for hot water heating since 2012;<\/li>\n<li>Installed LED lights in all sectors of the company;<\/li>\n<li>It has electronic systems for energy control;<\/li>\n<li>Since 2013, we have started the electrification of our vehicle fleet (light and heavy vehicles);<\/li>\n<li>In 2022, hydrogen technology testing began on vehicles to reduce carbon emissions; <strong>up to 80%<\/strong>;<\/li>\n<li>Has been using non-potable water for exterior washing (vehicles\/others) since 2010;<\/li>\n<li>Selects Solid Waste;<\/li>\n<li>Recycles paper already used in your internal photocopies, using it a second time;<\/li>\n<li>Staple the invoices of Manuel Barosa, Lda. without metal staples;<\/li>\n<li>Uses eco-friendly staplers in its administrative services, thereby avoiding the use of metal staples;<\/li>\n<li>Sends unprinted envelopes with documents to clients so that they can be reused by them;<\/li>\n<li>Collects used batteries from all employees \/ visitors of the company.<\/li>\n<\/ul>\n<p>We will continue to invest in the planet's quality of life by implementing the latest environmental best practices.<\/p>\n<p style=\"text-align: center;\"><img decoding=\"async\" src=\"https:\/\/gallery.mailchimp.com\/aedc27a2337b728fbfb89d96a\/images\/838125a1-3a9e-4c13-83b2-9d6acbaf82c7.jpg\" \/><\/p>\n\n\t\t<\/div>\n\t<\/div>\n<\/div><\/div><\/div><\/div>\n<\/div>","protected":false},"excerpt":{"rendered":"O grupo BAROSA tem assumido a sua responsabilidade social na regi\u00e3o, investindo nas \u00e1reas de influ\u00eancia ambiental, por modo a preservar a sa\u00fade do nosso planeta, para tal implementou as seguintes medidas: Em 2012 montou 522 pain\u00e9is fotovoltaicos com uma produ\u00e7\u00e3o de 137,79kW, atualmente tem 644 pain\u00e9is fotovoltaicos com uma produ\u00e7\u00e3o m\u00e1xima de 222,97kW evitando [...]","protected":false},"author":1,"featured_media":0,"parent":0,"menu_order":0,"comment_status":"closed","ping_status":"closed","template":"","meta":{"footnotes":""},"class_list":["post-3193","page","type-page","status-publish","hentry"],"yoast_head":"<!-- This site is optimized with the Yoast SEO Premium plugin v27.4 (Yoast SEO v27.4) - https:\/\/yoast.com\/product\/yoast-seo-premium-wordpress\/ -->\n<title>BAROSA | Empresa Amiga do Meio Ambiente<\/title>\n<meta name=\"description\" content=\"O grupo BAROSA tem assumido a sua responsabilidade social na regi\u00e3o, investindo nas \u00e1reas de influ\u00eancia ambiental, por modo a preservar a sa\u00fade do nosso planeta.\" \/>\n<meta name=\"robots\" content=\"index, follow, max-snippet:-1, max-image-preview:large, max-video-preview:-1\" \/>\n<link rel=\"canonical\" href=\"https:\/\/www.barosa.com\/en\/empresa-amiga-do-meio-ambiente\/\" \/>\n<meta property=\"og:locale\" content=\"en_GB\" \/>\n<meta property=\"og:type\" content=\"article\" \/>\n<meta property=\"og:title\" content=\"Empresa Amiga do Meio Ambiente\" \/>\n<meta property=\"og:description\" content=\"O grupo BAROSA tem assumido a sua responsabilidade social na regi\u00e3o, investindo nas \u00e1reas de influ\u00eancia ambiental, por modo a preservar a sa\u00fade do nosso planeta.\" \/>\n<meta property=\"og:url\" content=\"https:\/\/www.barosa.com\/en\/empresa-amiga-do-meio-ambiente\/\" \/>\n<meta property=\"og:site_name\" content=\"BAROSA Congelados | Manuel de Sousa Barosa, Lda.\" \/>\n<meta property=\"article:publisher\" content=\"http:\/\/www.facebook.com\/barosa\/\" \/>\n<meta property=\"article:modified_time\" content=\"2025-09-29T09:04:26+00:00\" \/>\n<meta property=\"og:image\" content=\"https:\/\/gallery.mailchimp.com\/aedc27a2337b728fbfb89d96a\/images\/838125a1-3a9e-4c13-83b2-9d6acbaf82c7.jpg\" \/>\n<meta name=\"twitter:card\" content=\"summary_large_image\" \/>\n<meta name=\"twitter:site\" content=\"@barosa_lda\" \/>\n<meta name=\"twitter:label1\" content=\"Estimated reading time\" \/>\n\t<meta name=\"twitter:data1\" content=\"1 minute\" \/>\n<script type=\"application\/ld+json\" class=\"yoast-schema-graph\">{\"@context\":\"https:\\\/\\\/schema.org\",\"@graph\":[{\"@type\":\"WebPage\",\"@id\":\"https:\\\/\\\/www.barosa.com\\\/empresa-amiga-do-meio-ambiente\\\/\",\"url\":\"https:\\\/\\\/www.barosa.com\\\/empresa-amiga-do-meio-ambiente\\\/\",\"name\":\"BAROSA | Empresa Amiga do Meio Ambiente\",\"isPartOf\":{\"@id\":\"https:\\\/\\\/www.barosa.com\\\/#website\"},\"primaryImageOfPage\":{\"@id\":\"https:\\\/\\\/www.barosa.com\\\/empresa-amiga-do-meio-ambiente\\\/#primaryimage\"},\"image\":{\"@id\":\"https:\\\/\\\/www.barosa.com\\\/empresa-amiga-do-meio-ambiente\\\/#primaryimage\"},\"thumbnailUrl\":\"https:\\\/\\\/gallery.mailchimp.com\\\/aedc27a2337b728fbfb89d96a\\\/images\\\/838125a1-3a9e-4c13-83b2-9d6acbaf82c7.jpg\",\"datePublished\":\"2019-10-30T14:50:43+00:00\",\"dateModified\":\"2025-09-29T09:04:26+00:00\",\"description\":\"O grupo BAROSA tem assumido a sua responsabilidade social na regi\u00e3o, investindo nas \u00e1reas de influ\u00eancia ambiental, por modo a preservar a sa\u00fade do nosso planeta.\",\"breadcrumb\":{\"@id\":\"https:\\\/\\\/www.barosa.com\\\/empresa-amiga-do-meio-ambiente\\\/#breadcrumb\"},\"inLanguage\":\"en-GB\",\"potentialAction\":[{\"@type\":\"ReadAction\",\"target\":[\"https:\\\/\\\/www.barosa.com\\\/empresa-amiga-do-meio-ambiente\\\/\"]}]},{\"@type\":\"ImageObject\",\"inLanguage\":\"en-GB\",\"@id\":\"https:\\\/\\\/www.barosa.com\\\/empresa-amiga-do-meio-ambiente\\\/#primaryimage\",\"url\":\"https:\\\/\\\/gallery.mailchimp.com\\\/aedc27a2337b728fbfb89d96a\\\/images\\\/838125a1-3a9e-4c13-83b2-9d6acbaf82c7.jpg\",\"contentUrl\":\"https:\\\/\\\/gallery.mailchimp.com\\\/aedc27a2337b728fbfb89d96a\\\/images\\\/838125a1-3a9e-4c13-83b2-9d6acbaf82c7.jpg\"},{\"@type\":\"BreadcrumbList\",\"@id\":\"https:\\\/\\\/www.barosa.com\\\/empresa-amiga-do-meio-ambiente\\\/#breadcrumb\",\"itemListElement\":[{\"@type\":\"ListItem\",\"position\":1,\"name\":\"In\u00edcio\",\"item\":\"https:\\\/\\\/www.barosa.com\\\/\"},{\"@type\":\"ListItem\",\"position\":2,\"name\":\"Empresa Amiga do Meio Ambiente\"}]},{\"@type\":\"WebSite\",\"@id\":\"https:\\\/\\\/www.barosa.com\\\/#website\",\"url\":\"https:\\\/\\\/www.barosa.com\\\/\",\"name\":\"BAROSA Congelados | Manuel de Sousa Barosa, Lda.\",\"description\":\"Empresa de transforma\u00e7\u00e3o e comercializa\u00e7\u00e3o de produtos alimentares congelados. BAROSA \u00ae Pescados, &quot;N\u00e3o h\u00e1 bom garfo que resista\u00ae&quot;. BAROSA \u00ae FoodService &quot;O lado bom da comida\u00ae&quot;. Pescados Crust\u00e1ceos Mariscos Cefal\u00f3podes Bivalves Padaria Pastelaria Pizzas Sobremesas\",\"publisher\":{\"@id\":\"https:\\\/\\\/www.barosa.com\\\/#organization\"},\"alternateName\":\"BAROSA\u00ae\",\"potentialAction\":[{\"@type\":\"SearchAction\",\"target\":{\"@type\":\"EntryPoint\",\"urlTemplate\":\"https:\\\/\\\/www.barosa.com\\\/?s={search_term_string}\"},\"query-input\":{\"@type\":\"PropertyValueSpecification\",\"valueRequired\":true,\"valueName\":\"search_term_string\"}}],\"inLanguage\":\"en-GB\"},{\"@type\":\"Organization\",\"@id\":\"https:\\\/\\\/www.barosa.com\\\/#organization\",\"name\":\"Manuel de Sousa Barosa, Lda.\",\"alternateName\":\"BAROSA\",\"url\":\"https:\\\/\\\/www.barosa.com\\\/\",\"logo\":{\"@type\":\"ImageObject\",\"inLanguage\":\"en-GB\",\"@id\":\"https:\\\/\\\/www.barosa.com\\\/#\\\/schema\\\/logo\\\/image\\\/\",\"url\":\"https:\\\/\\\/www.barosa.com\\\/wp-content\\\/uploads\\\/2025\\\/03\\\/BAROSA-Logo-696x696-1.jpg\",\"contentUrl\":\"https:\\\/\\\/www.barosa.com\\\/wp-content\\\/uploads\\\/2025\\\/03\\\/BAROSA-Logo-696x696-1.jpg\",\"width\":696,\"height\":696,\"caption\":\"Manuel de Sousa Barosa, Lda.\"},\"image\":{\"@id\":\"https:\\\/\\\/www.barosa.com\\\/#\\\/schema\\\/logo\\\/image\\\/\"},\"sameAs\":[\"http:\\\/\\\/www.facebook.com\\\/barosa\\\/\",\"https:\\\/\\\/x.com\\\/barosa_lda\",\"https:\\\/\\\/www.instagram.com\\\/barosa_lda\\\/\",\"https:\\\/\\\/pt.linkedin.com\\\/company\\\/barosa-lda\"],\"description\":\"Empresa de transforma\u00e7\u00e3o e comercializa\u00e7\u00e3o de produtos alimentares congelados. BAROSA \u00ae Pescados, \\\"N\u00e3o h\u00e1 bom garfo que resista\u00ae\\\". BAROSA \u00ae FoodService \\\"O lado bom da comida!\u00ae\\\"\",\"email\":\"info@barosa.com\",\"telephone\":\"+351 262824403\",\"legalName\":\"Manuel de Sousa Barosa, Lda.\",\"foundingDate\":\"1975-05-21\",\"vatID\":\"503365190\",\"taxID\":\"503365190\",\"duns\":\"452388713\",\"numberOfEmployees\":{\"@type\":\"QuantitativeValue\",\"minValue\":\"11\",\"maxValue\":\"50\"},\"ethicsPolicy\":\"https:\\\/\\\/www.barosa.com\\\/politicaprivacidade\\\/\"}]}<\/script>\n<!-- \/ Yoast SEO Premium plugin. -->","yoast_head_json":{"title":"BAROSA | Environmentally Friendly Company","description":"The BAROSA group has assumed its social responsibility in the region, investing in areas of environmental influence in order to preserve the health of our planet.","robots":{"index":"index","follow":"follow","max-snippet":"max-snippet:-1","max-image-preview":"max-image-preview:large","max-video-preview":"max-video-preview:-1"},"canonical":"https:\/\/www.barosa.com\/en\/empresa-amiga-do-meio-ambiente\/","og_locale":"en_GB","og_type":"article","og_title":"Empresa Amiga do Meio Ambiente","og_description":"O grupo BAROSA tem assumido a sua responsabilidade social na regi\u00e3o, investindo nas \u00e1reas de influ\u00eancia ambiental, por modo a preservar a sa\u00fade do nosso planeta.","og_url":"https:\/\/www.barosa.com\/en\/empresa-amiga-do-meio-ambiente\/","og_site_name":"BAROSA Congelados | Manuel de Sousa Barosa, Lda.","article_publisher":"http:\/\/www.facebook.com\/barosa\/","article_modified_time":"2025-09-29T09:04:26+00:00","og_image":[{"url":"https:\/\/gallery.mailchimp.com\/aedc27a2337b728fbfb89d96a\/images\/838125a1-3a9e-4c13-83b2-9d6acbaf82c7.jpg","type":"","width":"","height":""}],"twitter_card":"summary_large_image","twitter_site":"@barosa_lda","twitter_misc":{"Estimated reading time":"1 minute"},"schema":{"@context":"https:\/\/schema.org","@graph":[{"@type":"WebPage","@id":"https:\/\/www.barosa.com\/empresa-amiga-do-meio-ambiente\/","url":"https:\/\/www.barosa.com\/empresa-amiga-do-meio-ambiente\/","name":"BAROSA | Environmentally Friendly Company","isPartOf":{"@id":"https:\/\/www.barosa.com\/#website"},"primaryImageOfPage":{"@id":"https:\/\/www.barosa.com\/empresa-amiga-do-meio-ambiente\/#primaryimage"},"image":{"@id":"https:\/\/www.barosa.com\/empresa-amiga-do-meio-ambiente\/#primaryimage"},"thumbnailUrl":"https:\/\/gallery.mailchimp.com\/aedc27a2337b728fbfb89d96a\/images\/838125a1-3a9e-4c13-83b2-9d6acbaf82c7.jpg","datePublished":"2019-10-30T14:50:43+00:00","dateModified":"2025-09-29T09:04:26+00:00","description":"The BAROSA group has assumed its social responsibility in the region, investing in areas of environmental influence in order to preserve the health of our planet.","breadcrumb":{"@id":"https:\/\/www.barosa.com\/empresa-amiga-do-meio-ambiente\/#breadcrumb"},"inLanguage":"en-GB","potentialAction":[{"@type":"ReadAction","target":["https:\/\/www.barosa.com\/empresa-amiga-do-meio-ambiente\/"]}]},{"@type":"ImageObject","inLanguage":"en-GB","@id":"https:\/\/www.barosa.com\/empresa-amiga-do-meio-ambiente\/#primaryimage","url":"https:\/\/gallery.mailchimp.com\/aedc27a2337b728fbfb89d96a\/images\/838125a1-3a9e-4c13-83b2-9d6acbaf82c7.jpg","contentUrl":"https:\/\/gallery.mailchimp.com\/aedc27a2337b728fbfb89d96a\/images\/838125a1-3a9e-4c13-83b2-9d6acbaf82c7.jpg"},{"@type":"BreadcrumbList","@id":"https:\/\/www.barosa.com\/empresa-amiga-do-meio-ambiente\/#breadcrumb","itemListElement":[{"@type":"ListItem","position":1,"name":"In\u00edcio","item":"https:\/\/www.barosa.com\/"},{"@type":"ListItem","position":2,"name":"Empresa Amiga do Meio Ambiente"}]},{"@type":"WebSite","@id":"https:\/\/www.barosa.com\/#website","url":"https:\/\/www.barosa.com\/","name":"BAROSA Frozen Foods | Manuel de Sousa Barosa, Ltd.","description":"Company specialising in the processing and marketing of frozen food products. BAROSA \u00ae Seafood, \"No good fork can resist\u00ae\". BAROSA \u00ae FoodService \"The good side of food\u00ae\". Seafood Crustaceans Shellfish Cephalopods Bivalves Bakery Pastries Pizzas Desserts","publisher":{"@id":"https:\/\/www.barosa.com\/#organization"},"alternateName":"BAROSA\u00ae","potentialAction":[{"@type":"SearchAction","target":{"@type":"EntryPoint","urlTemplate":"https:\/\/www.barosa.com\/?s={search_term_string}"},"query-input":{"@type":"PropertyValueSpecification","valueRequired":true,"valueName":"search_term_string"}}],"inLanguage":"en-GB"},{"@type":"Organization","@id":"https:\/\/www.barosa.com\/#organization","name":"Manuel de Sousa Barosa, Ltd.","alternateName":"BAROSA","url":"https:\/\/www.barosa.com\/","logo":{"@type":"ImageObject","inLanguage":"en-GB","@id":"https:\/\/www.barosa.com\/#\/schema\/logo\/image\/","url":"https:\/\/www.barosa.com\/wp-content\/uploads\/2025\/03\/BAROSA-Logo-696x696-1.jpg","contentUrl":"https:\/\/www.barosa.com\/wp-content\/uploads\/2025\/03\/BAROSA-Logo-696x696-1.jpg","width":696,"height":696,"caption":"Manuel de Sousa Barosa, Lda."},"image":{"@id":"https:\/\/www.barosa.com\/#\/schema\/logo\/image\/"},"sameAs":["http:\/\/www.facebook.com\/barosa\/","https:\/\/x.com\/barosa_lda","https:\/\/www.instagram.com\/barosa_lda\/","https:\/\/pt.linkedin.com\/company\/barosa-lda"],"description":"Company specialising in the processing and marketing of frozen food products. BAROSA \u00ae Pescados, \"No good fork can resist\u00ae\". BAROSA \u00ae FoodService \"The good side of food!\u00ae\"","email":"info@barosa.com","telephone":"+351 262824403","legalName":"Manuel de Sousa Barosa, Lda.","foundingDate":"1975-05-21","vatID":"503365190","taxID":"503365190","duns":"452388713","numberOfEmployees":{"@type":"QuantitativeValue","minValue":"11","maxValue":"50"},"ethicsPolicy":"https:\/\/www.barosa.com\/politicaprivacidade\/"}]}},"_links":{"self":[{"href":"https:\/\/www.barosa.com\/en\/wp-json\/wp\/v2\/pages\/3193","targetHints":{"allow":["GET"]}}],"collection":[{"href":"https:\/\/www.barosa.com\/en\/wp-json\/wp\/v2\/pages"}],"about":[{"href":"https:\/\/www.barosa.com\/en\/wp-json\/wp\/v2\/types\/page"}],"author":[{"embeddable":true,"href":"https:\/\/www.barosa.com\/en\/wp-json\/wp\/v2\/users\/1"}],"replies":[{"embeddable":true,"href":"https:\/\/www.barosa.com\/en\/wp-json\/wp\/v2\/comments?post=3193"}],"version-history":[{"count":9,"href":"https:\/\/www.barosa.com\/en\/wp-json\/wp\/v2\/pages\/3193\/revisions"}],"predecessor-version":[{"id":18692,"href":"https:\/\/www.barosa.com\/en\/wp-json\/wp\/v2\/pages\/3193\/revisions\/18692"}],"wp:attachment":[{"href":"https:\/\/www.barosa.com\/en\/wp-json\/wp\/v2\/media?parent=3193"}],"curies":[{"name":"wp","href":"https:\/\/api.w.org\/{rel}","templated":true}]}}