{"id":1749,"date":"2017-08-05T03:07:56","date_gmt":"2017-08-05T03:07:56","guid":{"rendered":"https:\/\/digitextus.pt\/barosa\/?page_id=1749"},"modified":"2017-08-07T09:46:03","modified_gmt":"2017-08-07T09:46:03","slug":"client-carousel","status":"publish","type":"page","link":"https:\/\/www.barosa.com\/en\/client-carousel\/","title":{"rendered":"Client Carousel"},"content":{"rendered":"<div class=\"wpb-content-wrapper\"><section class=\"vc_section bt-partner-section\"><div class=\"container\"><div class=\"vc_row wpb_row vc_row-fluid\"><div class=\"wpb_column vc_column_container vc_col-sm-12\"><div class=\"vc_column-inner\"><div class=\"wpb_wrapper\">\t\t\t<div class=\" wpb_animate_when_almost_visible wpb_appear appear bt-element bt-client-carousel-element default nav-dots-doyle space0 \">\r\n\t\t\t\t<div class=\"owl-carousel\" data-owl=\"{&quot;items&quot;:&quot;5&quot;,&quot;margin&quot;:0,&quot;loop&quot;:false,&quot;autoplay&quot;:false,&quot;autoplayHoverPause&quot;:false,&quot;smartSpeed&quot;:700,&quot;nav&quot;:true,&quot;navText&quot;:[&quot;&lt;i class=\\&quot;fa fa-angle-left\\&quot;&gt;&lt;\\\/i&gt;&quot;,&quot;&lt;i class=\\&quot;fa fa-angle-right\\&quot;&gt;&lt;\\\/i&gt;&quot;],&quot;dots&quot;:false,&quot;responsive&quot;:{&quot;1200&quot;:{&quot;items&quot;:&quot;5&quot;},&quot;992&quot;:{&quot;items&quot;:&quot;4&quot;},&quot;768&quot;:{&quot;items&quot;:&quot;3&quot;},&quot;0&quot;:{&quot;items&quot;:&quot;2&quot;,&quot;nav&quot;:true,&quot;dots&quot;:false}}}\">\r\n\t\t\t\t\t<div class=\"bt-items\"><div class=\"bt-item\"><a class=\"bt-link\" href=\"#\" title=\"Client Logo\"><img decoding=\"async\" src=\"https:\/\/www.barosa.com\/wp-content\/uploads\/2017\/06\/client1-1.png\" alt=\"Logo name\"\/><\/a><\/div><div class=\"bt-item\"><a class=\"bt-link\" href=\"#\" title=\"Client Logo\"><img decoding=\"async\" src=\"https:\/\/www.barosa.com\/wp-content\/uploads\/2017\/06\/client1-1.png\" alt=\"Logo name\"\/><\/a><\/div><\/div><div class=\"bt-items\"><div class=\"bt-item\"><a class=\"bt-link\" href=\"#\" title=\"Client Logo\"><img decoding=\"async\" src=\"https:\/\/www.barosa.com\/wp-content\/uploads\/2017\/06\/client2-1.png\" alt=\"Logo name\"\/><\/a><\/div><div class=\"bt-item\"><a class=\"bt-link\" href=\"#\" title=\"Client Logo\"><img decoding=\"async\" src=\"https:\/\/www.barosa.com\/wp-content\/uploads\/2017\/06\/client2-1.png\" alt=\"Logo name\"\/><\/a><\/div><\/div><div class=\"bt-items\"><div class=\"bt-item\"><a class=\"bt-link\" href=\"#\" title=\"Client Logo\"><img decoding=\"async\" src=\"https:\/\/www.barosa.com\/wp-content\/uploads\/2017\/06\/client3-1.png\" alt=\"Logo name\"\/><\/a><\/div><div class=\"bt-item\"><a class=\"bt-link\" href=\"#\" title=\"Client Logo\"><img decoding=\"async\" src=\"https:\/\/www.barosa.com\/wp-content\/uploads\/2017\/06\/client3-1.png\" alt=\"Logo name\"\/><\/a><\/div><\/div><div class=\"bt-items\"><div class=\"bt-item\"><a class=\"bt-link\" href=\"#\" title=\"Client Logo\"><img decoding=\"async\" src=\"https:\/\/www.barosa.com\/wp-content\/uploads\/2017\/06\/client4-1.png\" alt=\"Logo name\"\/><\/a><\/div><div class=\"bt-item\"><a class=\"bt-link\" href=\"#\" title=\"Client Logo\"><img decoding=\"async\" src=\"https:\/\/www.barosa.com\/wp-content\/uploads\/2017\/06\/client4-1.png\" alt=\"Logo name\"\/><\/a><\/div><\/div><div class=\"bt-items\"><div class=\"bt-item\"><a class=\"bt-link\" href=\"#\" title=\"Client Logo\"><img decoding=\"async\" src=\"https:\/\/www.barosa.com\/wp-content\/uploads\/2017\/06\/client5-1.png\" alt=\"Logo name\"\/><\/a><\/div><div class=\"bt-item\"><a class=\"bt-link\" href=\"#\" title=\"Client Logo\"><img decoding=\"async\" src=\"https:\/\/www.barosa.com\/wp-content\/uploads\/2017\/06\/client5-1.png\" alt=\"Logo name\"\/><\/a><\/div><\/div>\t\t\t\t<\/div>\r\n\t\t\t\t<script type=\"text\/javascript\">\r\n\t\t\t\t\tjQuery(document).ready(function($) {\r\n\t\t\t\t\t\tif ($('.bt-client-carousel-element .owl-carousel').length) {\r\n\t\t\t\t\t\t\t$('.bt-client-carousel-element .owl-carousel').each(function() {\r\n\t\t\t\t\t\t\t\t$(this).owlCarousel($(this).data('owl'));\r\n\t\t\t\t\t\t\t});\r\n\t\t\t\t\t\t}\r\n\t\t\t\t\t});\r\n\t\t\t\t<\/script>\r\n\t\t\t<\/div>\r\n\t\t<\/div><\/div><\/div><\/div><\/div><\/section>\n<\/div>","protected":false},"excerpt":{"rendered":"","protected":false},"author":1,"featured_media":0,"parent":0,"menu_order":0,"comment_status":"closed","ping_status":"closed","template":"page-nocontainer.php","meta":{"footnotes":""},"class_list":["post-1749","page","type-page","status-publish","hentry"],"yoast_head":"<!-- This site is optimized with the Yoast SEO Premium plugin v27.2 (Yoast SEO v27.3) - https:\/\/yoast.com\/product\/yoast-seo-premium-wordpress\/ -->\n<title>Client Carousel - BAROSA Congelados | Manuel de Sousa Barosa, Lda.<\/title>\n<meta name=\"robots\" content=\"index, follow, max-snippet:-1, max-image-preview:large, max-video-preview:-1\" \/>\n<link rel=\"canonical\" href=\"https:\/\/www.barosa.com\/en\/client-carousel\/\" \/>\n<meta property=\"og:locale\" content=\"en_GB\" \/>\n<meta property=\"og:type\" content=\"article\" \/>\n<meta property=\"og:title\" content=\"Client Carousel\" \/>\n<meta property=\"og:url\" content=\"https:\/\/www.barosa.com\/en\/client-carousel\/\" \/>\n<meta property=\"og:site_name\" content=\"BAROSA Congelados | Manuel de Sousa Barosa, Lda.\" \/>\n<meta property=\"article:publisher\" content=\"http:\/\/www.facebook.com\/barosa\/\" \/>\n<meta property=\"article:modified_time\" content=\"2017-08-07T09:46:03+00:00\" \/>\n<meta property=\"og:image\" content=\"https:\/\/www.barosa.com\/wp-content\/uploads\/2024\/02\/BAROSA-Logo-1200-x-675.jpg\" \/>\n\t<meta property=\"og:image:width\" content=\"1200\" \/>\n\t<meta property=\"og:image:height\" content=\"675\" \/>\n\t<meta property=\"og:image:type\" content=\"image\/jpeg\" \/>\n<meta name=\"twitter:card\" content=\"summary_large_image\" \/>\n<meta name=\"twitter:site\" content=\"@barosa_lda\" \/>\n<meta name=\"twitter:label1\" content=\"Estimated reading time\" \/>\n\t<meta name=\"twitter:data1\" content=\"1 minute\" \/>\n<script type=\"application\/ld+json\" class=\"yoast-schema-graph\">{\"@context\":\"https:\\\/\\\/schema.org\",\"@graph\":[{\"@type\":\"WebPage\",\"@id\":\"https:\\\/\\\/www.barosa.com\\\/client-carousel\\\/\",\"url\":\"https:\\\/\\\/www.barosa.com\\\/client-carousel\\\/\",\"name\":\"Client Carousel - BAROSA Congelados | Manuel de Sousa Barosa, Lda.\",\"isPartOf\":{\"@id\":\"https:\\\/\\\/www.barosa.com\\\/#website\"},\"datePublished\":\"2017-08-05T03:07:56+00:00\",\"dateModified\":\"2017-08-07T09:46:03+00:00\",\"breadcrumb\":{\"@id\":\"https:\\\/\\\/www.barosa.com\\\/client-carousel\\\/#breadcrumb\"},\"inLanguage\":\"en-GB\",\"potentialAction\":[{\"@type\":\"ReadAction\",\"target\":[\"https:\\\/\\\/www.barosa.com\\\/client-carousel\\\/\"]}]},{\"@type\":\"BreadcrumbList\",\"@id\":\"https:\\\/\\\/www.barosa.com\\\/client-carousel\\\/#breadcrumb\",\"itemListElement\":[{\"@type\":\"ListItem\",\"position\":1,\"name\":\"In\u00edcio\",\"item\":\"https:\\\/\\\/www.barosa.com\\\/\"},{\"@type\":\"ListItem\",\"position\":2,\"name\":\"Client Carousel\"}]},{\"@type\":\"WebSite\",\"@id\":\"https:\\\/\\\/www.barosa.com\\\/#website\",\"url\":\"https:\\\/\\\/www.barosa.com\\\/\",\"name\":\"BAROSA Congelados | Manuel de Sousa Barosa, Lda.\",\"description\":\"Empresa de transforma\u00e7\u00e3o e comercializa\u00e7\u00e3o de produtos alimentares congelados. BAROSA \u00ae Pescados, &quot;N\u00e3o h\u00e1 bom garfo que resista\u00ae&quot;. BAROSA \u00ae FoodService &quot;O lado bom da comida\u00ae&quot;. Pescados Crust\u00e1ceos Mariscos Cefal\u00f3podes Bivalves Padaria Pastelaria Pizzas Sobremesas\",\"publisher\":{\"@id\":\"https:\\\/\\\/www.barosa.com\\\/#organization\"},\"alternateName\":\"BAROSA\u00ae\",\"potentialAction\":[{\"@type\":\"SearchAction\",\"target\":{\"@type\":\"EntryPoint\",\"urlTemplate\":\"https:\\\/\\\/www.barosa.com\\\/?s={search_term_string}\"},\"query-input\":{\"@type\":\"PropertyValueSpecification\",\"valueRequired\":true,\"valueName\":\"search_term_string\"}}],\"inLanguage\":\"en-GB\"},{\"@type\":\"Organization\",\"@id\":\"https:\\\/\\\/www.barosa.com\\\/#organization\",\"name\":\"Manuel de Sousa Barosa, Lda.\",\"alternateName\":\"BAROSA\",\"url\":\"https:\\\/\\\/www.barosa.com\\\/\",\"logo\":{\"@type\":\"ImageObject\",\"inLanguage\":\"en-GB\",\"@id\":\"https:\\\/\\\/www.barosa.com\\\/#\\\/schema\\\/logo\\\/image\\\/\",\"url\":\"https:\\\/\\\/www.barosa.com\\\/wp-content\\\/uploads\\\/2025\\\/03\\\/BAROSA-Logo-696x696-1.jpg\",\"contentUrl\":\"https:\\\/\\\/www.barosa.com\\\/wp-content\\\/uploads\\\/2025\\\/03\\\/BAROSA-Logo-696x696-1.jpg\",\"width\":696,\"height\":696,\"caption\":\"Manuel de Sousa Barosa, Lda.\"},\"image\":{\"@id\":\"https:\\\/\\\/www.barosa.com\\\/#\\\/schema\\\/logo\\\/image\\\/\"},\"sameAs\":[\"http:\\\/\\\/www.facebook.com\\\/barosa\\\/\",\"https:\\\/\\\/x.com\\\/barosa_lda\",\"https:\\\/\\\/www.instagram.com\\\/barosa_lda\\\/\",\"https:\\\/\\\/pt.linkedin.com\\\/company\\\/barosa-lda\"],\"description\":\"Empresa de transforma\u00e7\u00e3o e comercializa\u00e7\u00e3o de produtos alimentares congelados. BAROSA \u00ae Pescados, \\\"N\u00e3o h\u00e1 bom garfo que resista\u00ae\\\". BAROSA \u00ae FoodService \\\"O lado bom da comida!\u00ae\\\"\",\"email\":\"info@barosa.com\",\"telephone\":\"+351 262824403\",\"legalName\":\"Manuel de Sousa Barosa, Lda.\",\"foundingDate\":\"1975-05-21\",\"vatID\":\"503365190\",\"taxID\":\"503365190\",\"duns\":\"452388713\",\"numberOfEmployees\":{\"@type\":\"QuantitativeValue\",\"minValue\":\"11\",\"maxValue\":\"50\"},\"ethicsPolicy\":\"https:\\\/\\\/www.barosa.com\\\/politicaprivacidade\\\/\"}]}<\/script>\n<!-- \/ Yoast SEO Premium plugin. -->","yoast_head_json":{"title":"Client Carousel - BAROSA Congelados | Manuel de Sousa Barosa, Lda.","robots":{"index":"index","follow":"follow","max-snippet":"max-snippet:-1","max-image-preview":"max-image-preview:large","max-video-preview":"max-video-preview:-1"},"canonical":"https:\/\/www.barosa.com\/en\/client-carousel\/","og_locale":"en_GB","og_type":"article","og_title":"Client Carousel","og_url":"https:\/\/www.barosa.com\/en\/client-carousel\/","og_site_name":"BAROSA Congelados | Manuel de Sousa Barosa, Lda.","article_publisher":"http:\/\/www.facebook.com\/barosa\/","article_modified_time":"2017-08-07T09:46:03+00:00","og_image":[{"width":1200,"height":675,"url":"https:\/\/www.barosa.com\/wp-content\/uploads\/2024\/02\/BAROSA-Logo-1200-x-675.jpg","type":"image\/jpeg"}],"twitter_card":"summary_large_image","twitter_site":"@barosa_lda","twitter_misc":{"Estimated reading time":"1 minute"},"schema":{"@context":"https:\/\/schema.org","@graph":[{"@type":"WebPage","@id":"https:\/\/www.barosa.com\/client-carousel\/","url":"https:\/\/www.barosa.com\/client-carousel\/","name":"Client Carousel - BAROSA Congelados | Manuel de Sousa Barosa, Lda.","isPartOf":{"@id":"https:\/\/www.barosa.com\/#website"},"datePublished":"2017-08-05T03:07:56+00:00","dateModified":"2017-08-07T09:46:03+00:00","breadcrumb":{"@id":"https:\/\/www.barosa.com\/client-carousel\/#breadcrumb"},"inLanguage":"en-GB","potentialAction":[{"@type":"ReadAction","target":["https:\/\/www.barosa.com\/client-carousel\/"]}]},{"@type":"BreadcrumbList","@id":"https:\/\/www.barosa.com\/client-carousel\/#breadcrumb","itemListElement":[{"@type":"ListItem","position":1,"name":"In\u00edcio","item":"https:\/\/www.barosa.com\/"},{"@type":"ListItem","position":2,"name":"Client Carousel"}]},{"@type":"WebSite","@id":"https:\/\/www.barosa.com\/#website","url":"https:\/\/www.barosa.com\/","name":"BAROSA Frozen Foods | Manuel de Sousa Barosa, Ltd.","description":"Company specialising in the processing and marketing of frozen food products. BAROSA \u00ae Seafood, \"No good fork can resist\u00ae\". BAROSA \u00ae FoodService \"The good side of food\u00ae\". Seafood Crustaceans Shellfish Cephalopods Bivalves Bakery Pastries Pizzas Desserts","publisher":{"@id":"https:\/\/www.barosa.com\/#organization"},"alternateName":"BAROSA\u00ae","potentialAction":[{"@type":"SearchAction","target":{"@type":"EntryPoint","urlTemplate":"https:\/\/www.barosa.com\/?s={search_term_string}"},"query-input":{"@type":"PropertyValueSpecification","valueRequired":true,"valueName":"search_term_string"}}],"inLanguage":"en-GB"},{"@type":"Organization","@id":"https:\/\/www.barosa.com\/#organization","name":"Manuel de Sousa Barosa, Ltd.","alternateName":"BAROSA","url":"https:\/\/www.barosa.com\/","logo":{"@type":"ImageObject","inLanguage":"en-GB","@id":"https:\/\/www.barosa.com\/#\/schema\/logo\/image\/","url":"https:\/\/www.barosa.com\/wp-content\/uploads\/2025\/03\/BAROSA-Logo-696x696-1.jpg","contentUrl":"https:\/\/www.barosa.com\/wp-content\/uploads\/2025\/03\/BAROSA-Logo-696x696-1.jpg","width":696,"height":696,"caption":"Manuel de Sousa Barosa, Lda."},"image":{"@id":"https:\/\/www.barosa.com\/#\/schema\/logo\/image\/"},"sameAs":["http:\/\/www.facebook.com\/barosa\/","https:\/\/x.com\/barosa_lda","https:\/\/www.instagram.com\/barosa_lda\/","https:\/\/pt.linkedin.com\/company\/barosa-lda"],"description":"Company specialising in the processing and marketing of frozen food products. BAROSA \u00ae Pescados, \"No good fork can resist\u00ae\". BAROSA \u00ae FoodService \"The good side of food!\u00ae\"","email":"info@barosa.com","telephone":"+351 262824403","legalName":"Manuel de Sousa Barosa, Lda.","foundingDate":"1975-05-21","vatID":"503365190","taxID":"503365190","duns":"452388713","numberOfEmployees":{"@type":"QuantitativeValue","minValue":"11","maxValue":"50"},"ethicsPolicy":"https:\/\/www.barosa.com\/politicaprivacidade\/"}]}},"_links":{"self":[{"href":"https:\/\/www.barosa.com\/en\/wp-json\/wp\/v2\/pages\/1749","targetHints":{"allow":["GET"]}}],"collection":[{"href":"https:\/\/www.barosa.com\/en\/wp-json\/wp\/v2\/pages"}],"about":[{"href":"https:\/\/www.barosa.com\/en\/wp-json\/wp\/v2\/types\/page"}],"author":[{"embeddable":true,"href":"https:\/\/www.barosa.com\/en\/wp-json\/wp\/v2\/users\/1"}],"replies":[{"embeddable":true,"href":"https:\/\/www.barosa.com\/en\/wp-json\/wp\/v2\/comments?post=1749"}],"version-history":[{"count":0,"href":"https:\/\/www.barosa.com\/en\/wp-json\/wp\/v2\/pages\/1749\/revisions"}],"wp:attachment":[{"href":"https:\/\/www.barosa.com\/en\/wp-json\/wp\/v2\/media?parent=1749"}],"curies":[{"name":"wp","href":"https:\/\/api.w.org\/{rel}","templated":true}]}}