{"id":9396,"date":"2023-05-07T18:34:36","date_gmt":"2023-05-07T17:34:36","guid":{"rendered":"https:\/\/www.barosa.com\/?post_type=product&#038;p=9396"},"modified":"2023-06-05T10:50:12","modified_gmt":"2023-06-05T09:50:12","slug":"dona-pureza-vinagre-de-limpeza-framboesa-casa-de-banho-1l","status":"publish","type":"product","link":"https:\/\/www.barosa.com\/de\/produto\/dona-pureza-vinagre-de-limpeza-framboesa-casa-de-banho-1l\/","title":{"rendered":"Dona Pureza Badezimmer Reinigungsessig (Himbeere) 1L"},"content":{"rendered":"","protected":false},"excerpt":{"rendered":"<p><strong>Format:<\/strong><\/p>\n<ul>\n<li>1 Liter Einheit<\/li>\n<\/ul>\n<p><strong>Beschreibung:<\/strong> Vinagre de limpeza para casas de banho com frag\u00e2ncia a framboesa.<\/p>\n<pre>\u00dcBERSPRINGEN SIE DIE REIME UND ENTSCHEIDEN SIE SICH F\u00dcR DIE ALTMODISCHEN BADTIPPS:\r\nF\u00dcR FLIESEN, SANIT\u00c4RKERAMIK UND DUSCHKABINEN GIBT ES NICHTS BESSERES ALS\r\nREINIGUNGSESSIG.<\/pre>\n<p><img loading=\"lazy\" decoding=\"async\" class=\"alignnone wp-image-7280\" src=\"https:\/\/www.barosa.com\/wp-content\/uploads\/2022\/03\/vegan.png\" alt=\"vegan\" width=\"60\" height=\"55\" srcset=\"https:\/\/www.barosa.com\/wp-content\/uploads\/2022\/03\/vegan.png 110w, https:\/\/www.barosa.com\/wp-content\/uploads\/2022\/03\/vegan-13x12.png 13w\" sizes=\"auto, (max-width: 60px) 100vw, 60px\" \/><\/p>\n<p><strong>Marke:<\/strong> Frau Reinheit<\/p>","protected":false},"featured_media":9397,"template":"","meta":[],"product_brand":[],"product_cat":[603],"product_tag":[610],"class_list":{"0":"post-9396","1":"product","2":"type-product","3":"status-publish","4":"has-post-thumbnail","6":"product_cat-limpeza","7":"product_tag-dona-pureza","9":"first","10":"instock","11":"taxable","12":"shipping-taxable","13":"purchasable","14":"product-type-simple"},"yoast_head":"<!-- This site is optimized with the Yoast SEO Premium plugin v27.6 (Yoast SEO v27.6) - https:\/\/yoast.com\/product\/yoast-seo-premium-wordpress\/ -->\n<title>Dona Pureza Vinagre de Limpeza Casa de Banho (Framboesa) 1L - BAROSA Congelados | Manuel de Sousa Barosa, Lda.<\/title>\n<meta name=\"description\" content=\"Deixe-se de cantigas e v\u00e1 pelas dicas antigas: para o bancadas, pavimentos, azulejos, paredes com bolor, nada melhor que vinagre de limpar. BAROSA\u00ae FoodService. Deixe-se de cantigas e v\u00e1 pelas dicas antigas: para casas de banho, azulejos, loi\u00e7as sanit\u00e1rias e cabines de duche, nada melhor que vinagre de limpar. BAROSA\u00ae FoodService.\" \/>\n<meta name=\"robots\" content=\"index, follow, max-snippet:-1, max-image-preview:large, max-video-preview:-1\" \/>\n<link rel=\"canonical\" href=\"https:\/\/www.barosa.com\/de\/product-2\/dona-pureza-vinagre-de-limpeza-framboesa-casa-de-banho-1l\/\" \/>\n<meta property=\"og:locale\" content=\"de_DE\" \/>\n<meta property=\"og:type\" content=\"article\" \/>\n<meta property=\"og:title\" content=\"Dona Pureza Vinagre de Limpeza Casa de Banho (Framboesa) 1L\" \/>\n<meta property=\"og:description\" content=\"Deixe-se de cantigas e v\u00e1 pelas dicas antigas: para o bancadas, pavimentos, azulejos, paredes com bolor, nada melhor que vinagre de limpar. BAROSA\u00ae FoodService. Deixe-se de cantigas e v\u00e1 pelas dicas antigas: para casas de banho, azulejos, loi\u00e7as sanit\u00e1rias e cabines de duche, nada melhor que vinagre de limpar. BAROSA\u00ae FoodService.\" \/>\n<meta property=\"og:url\" content=\"https:\/\/www.barosa.com\/de\/product-2\/dona-pureza-vinagre-de-limpeza-framboesa-casa-de-banho-1l\/\" \/>\n<meta property=\"og:site_name\" content=\"BAROSA Congelados | Manuel de Sousa Barosa, Lda.\" \/>\n<meta property=\"article:publisher\" content=\"http:\/\/www.facebook.com\/barosa\/\" \/>\n<meta property=\"article:modified_time\" content=\"2023-06-05T09:50:12+00:00\" \/>\n<meta property=\"og:image\" content=\"https:\/\/www.barosa.com\/wp-content\/uploads\/2023\/05\/Dona-Pureza-Vinagre-de-Limpeza-Framboesa-casa-de-banho-1L.jpg\" \/>\n\t<meta property=\"og:image:width\" content=\"822\" \/>\n\t<meta property=\"og:image:height\" content=\"822\" \/>\n\t<meta property=\"og:image:type\" content=\"image\/jpeg\" \/>\n<meta name=\"twitter:card\" content=\"summary_large_image\" \/>\n<meta name=\"twitter:site\" content=\"@barosa_lda\" \/>\n<script type=\"application\/ld+json\" class=\"yoast-schema-graph\">{\"@context\":\"https:\\\/\\\/schema.org\",\"@graph\":[{\"@type\":\"WebPage\",\"@id\":\"https:\\\/\\\/www.barosa.com\\\/produto\\\/dona-pureza-vinagre-de-limpeza-framboesa-casa-de-banho-1l\\\/\",\"url\":\"https:\\\/\\\/www.barosa.com\\\/produto\\\/dona-pureza-vinagre-de-limpeza-framboesa-casa-de-banho-1l\\\/\",\"name\":\"Dona Pureza Vinagre de Limpeza Casa de Banho (Framboesa) 1L - BAROSA Congelados | Manuel de Sousa Barosa, Lda.\",\"isPartOf\":{\"@id\":\"https:\\\/\\\/www.barosa.com\\\/#website\"},\"primaryImageOfPage\":{\"@id\":\"https:\\\/\\\/www.barosa.com\\\/produto\\\/dona-pureza-vinagre-de-limpeza-framboesa-casa-de-banho-1l\\\/#primaryimage\"},\"image\":{\"@id\":\"https:\\\/\\\/www.barosa.com\\\/produto\\\/dona-pureza-vinagre-de-limpeza-framboesa-casa-de-banho-1l\\\/#primaryimage\"},\"thumbnailUrl\":\"https:\\\/\\\/www.barosa.com\\\/wp-content\\\/uploads\\\/2023\\\/05\\\/Dona-Pureza-Vinagre-de-Limpeza-Framboesa-casa-de-banho-1L.jpg\",\"datePublished\":\"2023-05-07T17:34:36+00:00\",\"dateModified\":\"2023-06-05T09:50:12+00:00\",\"description\":\"Deixe-se de cantigas e v\u00e1 pelas dicas antigas: para o bancadas, pavimentos, azulejos, paredes com bolor, nada melhor que vinagre de limpar. BAROSA\u00ae FoodService. Deixe-se de cantigas e v\u00e1 pelas dicas antigas: para casas de banho, azulejos, loi\u00e7as sanit\u00e1rias e cabines de duche, nada melhor que vinagre de limpar. BAROSA\u00ae FoodService.\",\"breadcrumb\":{\"@id\":\"https:\\\/\\\/www.barosa.com\\\/produto\\\/dona-pureza-vinagre-de-limpeza-framboesa-casa-de-banho-1l\\\/#breadcrumb\"},\"inLanguage\":\"de\",\"potentialAction\":[{\"@type\":\"ReadAction\",\"target\":[\"https:\\\/\\\/www.barosa.com\\\/produto\\\/dona-pureza-vinagre-de-limpeza-framboesa-casa-de-banho-1l\\\/\"]}]},{\"@type\":\"ImageObject\",\"inLanguage\":\"de\",\"@id\":\"https:\\\/\\\/www.barosa.com\\\/produto\\\/dona-pureza-vinagre-de-limpeza-framboesa-casa-de-banho-1l\\\/#primaryimage\",\"url\":\"https:\\\/\\\/www.barosa.com\\\/wp-content\\\/uploads\\\/2023\\\/05\\\/Dona-Pureza-Vinagre-de-Limpeza-Framboesa-casa-de-banho-1L.jpg\",\"contentUrl\":\"https:\\\/\\\/www.barosa.com\\\/wp-content\\\/uploads\\\/2023\\\/05\\\/Dona-Pureza-Vinagre-de-Limpeza-Framboesa-casa-de-banho-1L.jpg\",\"width\":822,\"height\":822,\"caption\":\"Dona Pureza Vinagre de Limpeza Framboesa (casa de banho) 1L\"},{\"@type\":\"BreadcrumbList\",\"@id\":\"https:\\\/\\\/www.barosa.com\\\/produto\\\/dona-pureza-vinagre-de-limpeza-framboesa-casa-de-banho-1l\\\/#breadcrumb\",\"itemListElement\":[{\"@type\":\"ListItem\",\"position\":1,\"name\":\"In\u00edcio\",\"item\":\"https:\\\/\\\/www.barosa.com\\\/\"},{\"@type\":\"ListItem\",\"position\":2,\"name\":\"Shop\",\"item\":\"https:\\\/\\\/www.barosa.com\\\/shop\\\/\"},{\"@type\":\"ListItem\",\"position\":3,\"name\":\"Dona Pureza Vinagre de Limpeza Casa de Banho (Framboesa) 1L\"}]},{\"@type\":\"WebSite\",\"@id\":\"https:\\\/\\\/www.barosa.com\\\/#website\",\"url\":\"https:\\\/\\\/www.barosa.com\\\/\",\"name\":\"BAROSA Congelados | Manuel de Sousa Barosa, Lda.\",\"description\":\"Empresa de transforma\u00e7\u00e3o e comercializa\u00e7\u00e3o de produtos alimentares congelados. BAROSA \u00ae Pescados, &quot;N\u00e3o h\u00e1 bom garfo que resista\u00ae&quot;. BAROSA \u00ae FoodService &quot;O lado bom da comida\u00ae&quot;. Pescados Crust\u00e1ceos Mariscos Cefal\u00f3podes Bivalves Padaria Pastelaria Pizzas Sobremesas\",\"publisher\":{\"@id\":\"https:\\\/\\\/www.barosa.com\\\/#organization\"},\"alternateName\":\"BAROSA\u00ae\",\"potentialAction\":[{\"@type\":\"SearchAction\",\"target\":{\"@type\":\"EntryPoint\",\"urlTemplate\":\"https:\\\/\\\/www.barosa.com\\\/?s={search_term_string}\"},\"query-input\":{\"@type\":\"PropertyValueSpecification\",\"valueRequired\":true,\"valueName\":\"search_term_string\"}}],\"inLanguage\":\"de\"},{\"@type\":\"Organization\",\"@id\":\"https:\\\/\\\/www.barosa.com\\\/#organization\",\"name\":\"Manuel de Sousa Barosa, Lda.\",\"alternateName\":\"BAROSA\",\"url\":\"https:\\\/\\\/www.barosa.com\\\/\",\"logo\":{\"@type\":\"ImageObject\",\"inLanguage\":\"de\",\"@id\":\"https:\\\/\\\/www.barosa.com\\\/#\\\/schema\\\/logo\\\/image\\\/\",\"url\":\"https:\\\/\\\/www.barosa.com\\\/wp-content\\\/uploads\\\/2025\\\/03\\\/BAROSA-Logo-696x696-1.jpg\",\"contentUrl\":\"https:\\\/\\\/www.barosa.com\\\/wp-content\\\/uploads\\\/2025\\\/03\\\/BAROSA-Logo-696x696-1.jpg\",\"width\":696,\"height\":696,\"caption\":\"Manuel de Sousa Barosa, Lda.\"},\"image\":{\"@id\":\"https:\\\/\\\/www.barosa.com\\\/#\\\/schema\\\/logo\\\/image\\\/\"},\"sameAs\":[\"http:\\\/\\\/www.facebook.com\\\/barosa\\\/\",\"https:\\\/\\\/x.com\\\/barosa_lda\",\"https:\\\/\\\/www.instagram.com\\\/barosa_lda\\\/\",\"https:\\\/\\\/pt.linkedin.com\\\/company\\\/barosa-lda\"],\"description\":\"Empresa de transforma\u00e7\u00e3o e comercializa\u00e7\u00e3o de produtos alimentares congelados. BAROSA \u00ae Pescados, \\\"N\u00e3o h\u00e1 bom garfo que resista\u00ae\\\". BAROSA \u00ae FoodService \\\"O lado bom da comida!\u00ae\\\"\",\"email\":\"info@barosa.com\",\"telephone\":\"+351 262824403\",\"legalName\":\"Manuel de Sousa Barosa, Lda.\",\"foundingDate\":\"1975-05-21\",\"vatID\":\"503365190\",\"taxID\":\"503365190\",\"duns\":\"452388713\",\"numberOfEmployees\":{\"@type\":\"QuantitativeValue\",\"minValue\":\"11\",\"maxValue\":\"50\"},\"ethicsPolicy\":\"https:\\\/\\\/www.barosa.com\\\/politicaprivacidade\\\/\"}]}<\/script>\n<!-- \/ Yoast SEO Premium plugin. -->","yoast_head_json":{"title":"Dona Pureza Vinagre de Limpeza Casa de Banho (Framboesa) 1L - BAROSA Congelados | Manuel de Sousa Barosa, Lda.","description":"\u00dcberspringen Sie die Reime und halten Sie sich an die alten Tipps: Bei verschimmelten Arbeitsfl\u00e4chen, B\u00f6den, Fliesen und W\u00e4nden geht nichts \u00fcber Reinigungsessig. BAROSA\u00ae FoodService. H\u00f6ren Sie auf zu singen und halten Sie sich an die alten Tipps: F\u00fcr B\u00e4der, Fliesen, Sanit\u00e4rkeramik und Duschkabinen gibt es nichts Besseres als Reinigungsessig. BAROSA\u00ae FoodService.","robots":{"index":"index","follow":"follow","max-snippet":"max-snippet:-1","max-image-preview":"max-image-preview:large","max-video-preview":"max-video-preview:-1"},"canonical":"https:\/\/www.barosa.com\/de\/product-2\/dona-pureza-vinagre-de-limpeza-framboesa-casa-de-banho-1l\/","og_locale":"de_DE","og_type":"article","og_title":"Dona Pureza Vinagre de Limpeza Casa de Banho (Framboesa) 1L","og_description":"Deixe-se de cantigas e v\u00e1 pelas dicas antigas: para o bancadas, pavimentos, azulejos, paredes com bolor, nada melhor que vinagre de limpar. BAROSA\u00ae FoodService. Deixe-se de cantigas e v\u00e1 pelas dicas antigas: para casas de banho, azulejos, loi\u00e7as sanit\u00e1rias e cabines de duche, nada melhor que vinagre de limpar. BAROSA\u00ae FoodService.","og_url":"https:\/\/www.barosa.com\/de\/product-2\/dona-pureza-vinagre-de-limpeza-framboesa-casa-de-banho-1l\/","og_site_name":"BAROSA Congelados | Manuel de Sousa Barosa, Lda.","article_publisher":"http:\/\/www.facebook.com\/barosa\/","article_modified_time":"2023-06-05T09:50:12+00:00","og_image":[{"width":822,"height":822,"url":"https:\/\/www.barosa.com\/wp-content\/uploads\/2023\/05\/Dona-Pureza-Vinagre-de-Limpeza-Framboesa-casa-de-banho-1L.jpg","type":"image\/jpeg"}],"twitter_card":"summary_large_image","twitter_site":"@barosa_lda","schema":{"@context":"https:\/\/schema.org","@graph":[{"@type":"WebPage","@id":"https:\/\/www.barosa.com\/produto\/dona-pureza-vinagre-de-limpeza-framboesa-casa-de-banho-1l\/","url":"https:\/\/www.barosa.com\/produto\/dona-pureza-vinagre-de-limpeza-framboesa-casa-de-banho-1l\/","name":"Dona Pureza Vinagre de Limpeza Casa de Banho (Framboesa) 1L - BAROSA Congelados | Manuel de Sousa Barosa, Lda.","isPartOf":{"@id":"https:\/\/www.barosa.com\/#website"},"primaryImageOfPage":{"@id":"https:\/\/www.barosa.com\/produto\/dona-pureza-vinagre-de-limpeza-framboesa-casa-de-banho-1l\/#primaryimage"},"image":{"@id":"https:\/\/www.barosa.com\/produto\/dona-pureza-vinagre-de-limpeza-framboesa-casa-de-banho-1l\/#primaryimage"},"thumbnailUrl":"https:\/\/www.barosa.com\/wp-content\/uploads\/2023\/05\/Dona-Pureza-Vinagre-de-Limpeza-Framboesa-casa-de-banho-1L.jpg","datePublished":"2023-05-07T17:34:36+00:00","dateModified":"2023-06-05T09:50:12+00:00","description":"\u00dcberspringen Sie die Reime und halten Sie sich an die alten Tipps: Bei verschimmelten Arbeitsfl\u00e4chen, B\u00f6den, Fliesen und W\u00e4nden geht nichts \u00fcber Reinigungsessig. BAROSA\u00ae FoodService. H\u00f6ren Sie auf zu singen und halten Sie sich an die alten Tipps: F\u00fcr B\u00e4der, Fliesen, Sanit\u00e4rkeramik und Duschkabinen gibt es nichts Besseres als Reinigungsessig. BAROSA\u00ae FoodService.","breadcrumb":{"@id":"https:\/\/www.barosa.com\/produto\/dona-pureza-vinagre-de-limpeza-framboesa-casa-de-banho-1l\/#breadcrumb"},"inLanguage":"de","potentialAction":[{"@type":"ReadAction","target":["https:\/\/www.barosa.com\/produto\/dona-pureza-vinagre-de-limpeza-framboesa-casa-de-banho-1l\/"]}]},{"@type":"ImageObject","inLanguage":"de","@id":"https:\/\/www.barosa.com\/produto\/dona-pureza-vinagre-de-limpeza-framboesa-casa-de-banho-1l\/#primaryimage","url":"https:\/\/www.barosa.com\/wp-content\/uploads\/2023\/05\/Dona-Pureza-Vinagre-de-Limpeza-Framboesa-casa-de-banho-1L.jpg","contentUrl":"https:\/\/www.barosa.com\/wp-content\/uploads\/2023\/05\/Dona-Pureza-Vinagre-de-Limpeza-Framboesa-casa-de-banho-1L.jpg","width":822,"height":822,"caption":"Dona Pureza Vinagre de Limpeza Framboesa (casa de banho) 1L"},{"@type":"BreadcrumbList","@id":"https:\/\/www.barosa.com\/produto\/dona-pureza-vinagre-de-limpeza-framboesa-casa-de-banho-1l\/#breadcrumb","itemListElement":[{"@type":"ListItem","position":1,"name":"In\u00edcio","item":"https:\/\/www.barosa.com\/"},{"@type":"ListItem","position":2,"name":"Shop","item":"https:\/\/www.barosa.com\/shop\/"},{"@type":"ListItem","position":3,"name":"Dona Pureza Vinagre de Limpeza Casa de Banho (Framboesa) 1L"}]},{"@type":"WebSite","@id":"https:\/\/www.barosa.com\/#website","url":"https:\/\/www.barosa.com\/","name":"BAROSA Congelados | Manuel de Sousa Barosa, Lda.","description":"Ein Unternehmen, das Tiefk\u00fchlkostprodukte verarbeitet und verkauft. BAROSA \u00ae Fisch, \"Keine gute Gabel kann widerstehen\u00ae\". BAROSA \u00ae FoodService \"Die gute Seite des Essens\u00ae\". Fisch Krustentiere Schalentiere Kopff\u00fc\u00dfer Muscheln B\u00e4ckerei Geb\u00e4ck Pizzas Desserts","publisher":{"@id":"https:\/\/www.barosa.com\/#organization"},"alternateName":"BAROSA\u00ae","potentialAction":[{"@type":"SearchAction","target":{"@type":"EntryPoint","urlTemplate":"https:\/\/www.barosa.com\/?s={search_term_string}"},"query-input":{"@type":"PropertyValueSpecification","valueRequired":true,"valueName":"search_term_string"}}],"inLanguage":"de"},{"@type":"Organization","@id":"https:\/\/www.barosa.com\/#organization","name":"Manuel de Sousa Barosa, Lda.","alternateName":"BAROSA","url":"https:\/\/www.barosa.com\/","logo":{"@type":"ImageObject","inLanguage":"de","@id":"https:\/\/www.barosa.com\/#\/schema\/logo\/image\/","url":"https:\/\/www.barosa.com\/wp-content\/uploads\/2025\/03\/BAROSA-Logo-696x696-1.jpg","contentUrl":"https:\/\/www.barosa.com\/wp-content\/uploads\/2025\/03\/BAROSA-Logo-696x696-1.jpg","width":696,"height":696,"caption":"Manuel de Sousa Barosa, Lda."},"image":{"@id":"https:\/\/www.barosa.com\/#\/schema\/logo\/image\/"},"sameAs":["http:\/\/www.facebook.com\/barosa\/","https:\/\/x.com\/barosa_lda","https:\/\/www.instagram.com\/barosa_lda\/","https:\/\/pt.linkedin.com\/company\/barosa-lda"],"description":"Ein Unternehmen, das Tiefk\u00fchlkostprodukte verarbeitet und verkauft. BAROSA \u00ae Fisch, \"Keine gute Gabel kann widerstehen\u00ae\". BAROSA \u00ae FoodService \"Die gute Seite des Essens!\u00ae\"","email":"info@barosa.com","telephone":"+351 262824403","legalName":"Manuel de Sousa Barosa, Lda.","foundingDate":"1975-05-21","vatID":"503365190","taxID":"503365190","duns":"452388713","numberOfEmployees":{"@type":"QuantitativeValue","minValue":"11","maxValue":"50"},"ethicsPolicy":"https:\/\/www.barosa.com\/politicaprivacidade\/"}]}},"_links":{"self":[{"href":"https:\/\/www.barosa.com\/de\/wp-json\/wp\/v2\/product\/9396","targetHints":{"allow":["GET"]}}],"collection":[{"href":"https:\/\/www.barosa.com\/de\/wp-json\/wp\/v2\/product"}],"about":[{"href":"https:\/\/www.barosa.com\/de\/wp-json\/wp\/v2\/types\/product"}],"wp:featuredmedia":[{"embeddable":true,"href":"https:\/\/www.barosa.com\/de\/wp-json\/wp\/v2\/media\/9397"}],"wp:attachment":[{"href":"https:\/\/www.barosa.com\/de\/wp-json\/wp\/v2\/media?parent=9396"}],"wp:term":[{"taxonomy":"product_brand","embeddable":true,"href":"https:\/\/www.barosa.com\/de\/wp-json\/wp\/v2\/product_brand?post=9396"},{"taxonomy":"product_cat","embeddable":true,"href":"https:\/\/www.barosa.com\/de\/wp-json\/wp\/v2\/product_cat?post=9396"},{"taxonomy":"product_tag","embeddable":true,"href":"https:\/\/www.barosa.com\/de\/wp-json\/wp\/v2\/product_tag?post=9396"}],"curies":[{"name":"wp","href":"https:\/\/api.w.org\/{rel}","templated":true}]}}