{"id":8458,"date":"2022-09-23T15:55:24","date_gmt":"2022-09-23T14:55:24","guid":{"rendered":"https:\/\/www.barosa.com\/?post_type=product&#038;p=8458"},"modified":"2022-10-03T19:37:55","modified_gmt":"2022-10-03T18:37:55","slug":"manteiga-com-salsa-e-alho-8grs-mimosa","status":"publish","type":"product","link":"https:\/\/www.barosa.com\/de\/produto\/manteiga-com-salsa-e-alho-8grs-mimosa\/","title":{"rendered":"Butter mit Petersilie und Knoblauch 8grs (Mimosa)"},"content":{"rendered":"","protected":false},"excerpt":{"rendered":"<p><strong>Format:<\/strong><\/p>\n<ul>\n<li>Nettogewicht: 8 Grs<\/li>\n<li>Box: 100 Einheiten<\/li>\n<\/ul>\n<p><strong>Beschreibung des Produkts<\/strong><\/p>\n<p>Mimosa Butter mit Petersilie und Knoblauch ist f\u00fcr Butterliebhaber gedacht, die die Kombination aus dem scharfen Geschmack von Knoblauch und dem angenehmen Aroma von Petersilie genie\u00dfen. Ideal zu Toast oder als Aperitif.<\/p>\n<p><strong>Marke:<\/strong> Mimose<\/p>","protected":false},"featured_media":8459,"template":"","meta":[],"product_brand":[],"product_cat":[356],"product_tag":[],"class_list":{"0":"post-8458","1":"product","2":"type-product","3":"status-publish","4":"has-post-thumbnail","6":"product_cat-cremes-vegetais-manteigas","8":"first","9":"instock","10":"taxable","11":"shipping-taxable","12":"purchasable","13":"product-type-simple"},"yoast_head":"<!-- This site is optimized with the Yoast SEO Premium plugin v27.6 (Yoast SEO v27.6) - https:\/\/yoast.com\/product\/yoast-seo-premium-wordpress\/ -->\n<title>Manteiga com salsa e alho 8grs (Mimosa) - BAROSA Congelados | Manuel de Sousa Barosa, Lda.<\/title>\n<meta name=\"description\" content=\"Manteiga Mimosa com salsa e alho foi pensada para apreciadores de manteiga, que gostam de desfrutar da combina\u00e7\u00e3o do sabor apurado do alho e do aroma agrad\u00e1vel da salsa. Ideal com tostas, e servir como aperitivo.\" \/>\n<meta name=\"robots\" content=\"index, follow, max-snippet:-1, max-image-preview:large, max-video-preview:-1\" \/>\n<link rel=\"canonical\" href=\"https:\/\/www.barosa.com\/de\/product-2\/manteiga-com-salsa-e-alho-8grs-mimosa\/\" \/>\n<meta property=\"og:locale\" content=\"de_DE\" \/>\n<meta property=\"og:type\" content=\"article\" \/>\n<meta property=\"og:title\" content=\"Manteiga com salsa e alho 8grs (Mimosa)\" \/>\n<meta property=\"og:description\" content=\"Manteiga Mimosa com salsa e alho foi pensada para apreciadores de manteiga, que gostam de desfrutar da combina\u00e7\u00e3o do sabor apurado do alho e do aroma agrad\u00e1vel da salsa. Ideal com tostas, e servir como aperitivo.\" \/>\n<meta property=\"og:url\" content=\"https:\/\/www.barosa.com\/de\/product-2\/manteiga-com-salsa-e-alho-8grs-mimosa\/\" \/>\n<meta property=\"og:site_name\" content=\"BAROSA Congelados | Manuel de Sousa Barosa, Lda.\" \/>\n<meta property=\"article:publisher\" content=\"http:\/\/www.facebook.com\/barosa\/\" \/>\n<meta property=\"article:modified_time\" content=\"2022-10-03T18:37:55+00:00\" \/>\n<meta property=\"og:image\" content=\"https:\/\/www.barosa.com\/wp-content\/uploads\/2022\/09\/Manteiga-com-salsa-e-alho-8grs-Mimosa.jpg\" \/>\n\t<meta property=\"og:image:width\" content=\"1000\" \/>\n\t<meta property=\"og:image:height\" content=\"1000\" \/>\n\t<meta property=\"og:image:type\" content=\"image\/jpeg\" \/>\n<meta name=\"twitter:card\" content=\"summary_large_image\" \/>\n<meta name=\"twitter:site\" content=\"@barosa_lda\" \/>\n<script type=\"application\/ld+json\" class=\"yoast-schema-graph\">{\"@context\":\"https:\\\/\\\/schema.org\",\"@graph\":[{\"@type\":\"WebPage\",\"@id\":\"https:\\\/\\\/www.barosa.com\\\/produto\\\/manteiga-com-salsa-e-alho-8grs-mimosa\\\/\",\"url\":\"https:\\\/\\\/www.barosa.com\\\/produto\\\/manteiga-com-salsa-e-alho-8grs-mimosa\\\/\",\"name\":\"Manteiga com salsa e alho 8grs (Mimosa) - BAROSA Congelados | Manuel de Sousa Barosa, Lda.\",\"isPartOf\":{\"@id\":\"https:\\\/\\\/www.barosa.com\\\/#website\"},\"primaryImageOfPage\":{\"@id\":\"https:\\\/\\\/www.barosa.com\\\/produto\\\/manteiga-com-salsa-e-alho-8grs-mimosa\\\/#primaryimage\"},\"image\":{\"@id\":\"https:\\\/\\\/www.barosa.com\\\/produto\\\/manteiga-com-salsa-e-alho-8grs-mimosa\\\/#primaryimage\"},\"thumbnailUrl\":\"https:\\\/\\\/www.barosa.com\\\/wp-content\\\/uploads\\\/2022\\\/09\\\/Manteiga-com-salsa-e-alho-8grs-Mimosa.jpg\",\"datePublished\":\"2022-09-23T14:55:24+00:00\",\"dateModified\":\"2022-10-03T18:37:55+00:00\",\"description\":\"Manteiga Mimosa com salsa e alho foi pensada para apreciadores de manteiga, que gostam de desfrutar da combina\u00e7\u00e3o do sabor apurado do alho e do aroma agrad\u00e1vel da salsa. Ideal com tostas, e servir como aperitivo.\",\"breadcrumb\":{\"@id\":\"https:\\\/\\\/www.barosa.com\\\/produto\\\/manteiga-com-salsa-e-alho-8grs-mimosa\\\/#breadcrumb\"},\"inLanguage\":\"de\",\"potentialAction\":[{\"@type\":\"ReadAction\",\"target\":[\"https:\\\/\\\/www.barosa.com\\\/produto\\\/manteiga-com-salsa-e-alho-8grs-mimosa\\\/\"]}]},{\"@type\":\"ImageObject\",\"inLanguage\":\"de\",\"@id\":\"https:\\\/\\\/www.barosa.com\\\/produto\\\/manteiga-com-salsa-e-alho-8grs-mimosa\\\/#primaryimage\",\"url\":\"https:\\\/\\\/www.barosa.com\\\/wp-content\\\/uploads\\\/2022\\\/09\\\/Manteiga-com-salsa-e-alho-8grs-Mimosa.jpg\",\"contentUrl\":\"https:\\\/\\\/www.barosa.com\\\/wp-content\\\/uploads\\\/2022\\\/09\\\/Manteiga-com-salsa-e-alho-8grs-Mimosa.jpg\",\"width\":1000,\"height\":1000,\"caption\":\"Manteiga com salsa e alho 8grs (Mimosa)\"},{\"@type\":\"BreadcrumbList\",\"@id\":\"https:\\\/\\\/www.barosa.com\\\/produto\\\/manteiga-com-salsa-e-alho-8grs-mimosa\\\/#breadcrumb\",\"itemListElement\":[{\"@type\":\"ListItem\",\"position\":1,\"name\":\"In\u00edcio\",\"item\":\"https:\\\/\\\/www.barosa.com\\\/\"},{\"@type\":\"ListItem\",\"position\":2,\"name\":\"Shop\",\"item\":\"https:\\\/\\\/www.barosa.com\\\/shop\\\/\"},{\"@type\":\"ListItem\",\"position\":3,\"name\":\"Manteiga com salsa e alho 8grs (Mimosa)\"}]},{\"@type\":\"WebSite\",\"@id\":\"https:\\\/\\\/www.barosa.com\\\/#website\",\"url\":\"https:\\\/\\\/www.barosa.com\\\/\",\"name\":\"BAROSA Congelados | Manuel de Sousa Barosa, Lda.\",\"description\":\"Empresa de transforma\u00e7\u00e3o e comercializa\u00e7\u00e3o de produtos alimentares congelados. BAROSA \u00ae Pescados, &quot;N\u00e3o h\u00e1 bom garfo que resista\u00ae&quot;. BAROSA \u00ae FoodService &quot;O lado bom da comida\u00ae&quot;. Pescados Crust\u00e1ceos Mariscos Cefal\u00f3podes Bivalves Padaria Pastelaria Pizzas Sobremesas\",\"publisher\":{\"@id\":\"https:\\\/\\\/www.barosa.com\\\/#organization\"},\"alternateName\":\"BAROSA\u00ae\",\"potentialAction\":[{\"@type\":\"SearchAction\",\"target\":{\"@type\":\"EntryPoint\",\"urlTemplate\":\"https:\\\/\\\/www.barosa.com\\\/?s={search_term_string}\"},\"query-input\":{\"@type\":\"PropertyValueSpecification\",\"valueRequired\":true,\"valueName\":\"search_term_string\"}}],\"inLanguage\":\"de\"},{\"@type\":\"Organization\",\"@id\":\"https:\\\/\\\/www.barosa.com\\\/#organization\",\"name\":\"Manuel de Sousa Barosa, Lda.\",\"alternateName\":\"BAROSA\",\"url\":\"https:\\\/\\\/www.barosa.com\\\/\",\"logo\":{\"@type\":\"ImageObject\",\"inLanguage\":\"de\",\"@id\":\"https:\\\/\\\/www.barosa.com\\\/#\\\/schema\\\/logo\\\/image\\\/\",\"url\":\"https:\\\/\\\/www.barosa.com\\\/wp-content\\\/uploads\\\/2025\\\/03\\\/BAROSA-Logo-696x696-1.jpg\",\"contentUrl\":\"https:\\\/\\\/www.barosa.com\\\/wp-content\\\/uploads\\\/2025\\\/03\\\/BAROSA-Logo-696x696-1.jpg\",\"width\":696,\"height\":696,\"caption\":\"Manuel de Sousa Barosa, Lda.\"},\"image\":{\"@id\":\"https:\\\/\\\/www.barosa.com\\\/#\\\/schema\\\/logo\\\/image\\\/\"},\"sameAs\":[\"http:\\\/\\\/www.facebook.com\\\/barosa\\\/\",\"https:\\\/\\\/x.com\\\/barosa_lda\",\"https:\\\/\\\/www.instagram.com\\\/barosa_lda\\\/\",\"https:\\\/\\\/pt.linkedin.com\\\/company\\\/barosa-lda\"],\"description\":\"Empresa de transforma\u00e7\u00e3o e comercializa\u00e7\u00e3o de produtos alimentares congelados. BAROSA \u00ae Pescados, \\\"N\u00e3o h\u00e1 bom garfo que resista\u00ae\\\". BAROSA \u00ae FoodService \\\"O lado bom da comida!\u00ae\\\"\",\"email\":\"info@barosa.com\",\"telephone\":\"+351 262824403\",\"legalName\":\"Manuel de Sousa Barosa, Lda.\",\"foundingDate\":\"1975-05-21\",\"vatID\":\"503365190\",\"taxID\":\"503365190\",\"duns\":\"452388713\",\"numberOfEmployees\":{\"@type\":\"QuantitativeValue\",\"minValue\":\"11\",\"maxValue\":\"50\"},\"ethicsPolicy\":\"https:\\\/\\\/www.barosa.com\\\/politicaprivacidade\\\/\"}]}<\/script>\n<!-- \/ Yoast SEO Premium plugin. -->","yoast_head_json":{"title":"Butter mit Petersilie und Knoblauch 8grs (Mimosa) - BAROSA Congelados | Manuel de Sousa Barosa, Lda.","description":"Mimosa Butter mit Petersilie und Knoblauch ist f\u00fcr Butterliebhaber gedacht, die die Kombination aus dem scharfen Geschmack von Knoblauch und dem angenehmen Aroma von Petersilie genie\u00dfen. Ideal zu Toast oder als Aperitif.","robots":{"index":"index","follow":"follow","max-snippet":"max-snippet:-1","max-image-preview":"max-image-preview:large","max-video-preview":"max-video-preview:-1"},"canonical":"https:\/\/www.barosa.com\/de\/product-2\/manteiga-com-salsa-e-alho-8grs-mimosa\/","og_locale":"de_DE","og_type":"article","og_title":"Manteiga com salsa e alho 8grs (Mimosa)","og_description":"Manteiga Mimosa com salsa e alho foi pensada para apreciadores de manteiga, que gostam de desfrutar da combina\u00e7\u00e3o do sabor apurado do alho e do aroma agrad\u00e1vel da salsa. Ideal com tostas, e servir como aperitivo.","og_url":"https:\/\/www.barosa.com\/de\/product-2\/manteiga-com-salsa-e-alho-8grs-mimosa\/","og_site_name":"BAROSA Congelados | Manuel de Sousa Barosa, Lda.","article_publisher":"http:\/\/www.facebook.com\/barosa\/","article_modified_time":"2022-10-03T18:37:55+00:00","og_image":[{"width":1000,"height":1000,"url":"https:\/\/www.barosa.com\/wp-content\/uploads\/2022\/09\/Manteiga-com-salsa-e-alho-8grs-Mimosa.jpg","type":"image\/jpeg"}],"twitter_card":"summary_large_image","twitter_site":"@barosa_lda","schema":{"@context":"https:\/\/schema.org","@graph":[{"@type":"WebPage","@id":"https:\/\/www.barosa.com\/produto\/manteiga-com-salsa-e-alho-8grs-mimosa\/","url":"https:\/\/www.barosa.com\/produto\/manteiga-com-salsa-e-alho-8grs-mimosa\/","name":"Butter mit Petersilie und Knoblauch 8grs (Mimosa) - BAROSA Congelados | Manuel de Sousa Barosa, Lda.","isPartOf":{"@id":"https:\/\/www.barosa.com\/#website"},"primaryImageOfPage":{"@id":"https:\/\/www.barosa.com\/produto\/manteiga-com-salsa-e-alho-8grs-mimosa\/#primaryimage"},"image":{"@id":"https:\/\/www.barosa.com\/produto\/manteiga-com-salsa-e-alho-8grs-mimosa\/#primaryimage"},"thumbnailUrl":"https:\/\/www.barosa.com\/wp-content\/uploads\/2022\/09\/Manteiga-com-salsa-e-alho-8grs-Mimosa.jpg","datePublished":"2022-09-23T14:55:24+00:00","dateModified":"2022-10-03T18:37:55+00:00","description":"Mimosa Butter mit Petersilie und Knoblauch ist f\u00fcr Butterliebhaber gedacht, die die Kombination aus dem scharfen Geschmack von Knoblauch und dem angenehmen Aroma von Petersilie genie\u00dfen. Ideal zu Toast oder als Aperitif.","breadcrumb":{"@id":"https:\/\/www.barosa.com\/produto\/manteiga-com-salsa-e-alho-8grs-mimosa\/#breadcrumb"},"inLanguage":"de","potentialAction":[{"@type":"ReadAction","target":["https:\/\/www.barosa.com\/produto\/manteiga-com-salsa-e-alho-8grs-mimosa\/"]}]},{"@type":"ImageObject","inLanguage":"de","@id":"https:\/\/www.barosa.com\/produto\/manteiga-com-salsa-e-alho-8grs-mimosa\/#primaryimage","url":"https:\/\/www.barosa.com\/wp-content\/uploads\/2022\/09\/Manteiga-com-salsa-e-alho-8grs-Mimosa.jpg","contentUrl":"https:\/\/www.barosa.com\/wp-content\/uploads\/2022\/09\/Manteiga-com-salsa-e-alho-8grs-Mimosa.jpg","width":1000,"height":1000,"caption":"Manteiga com salsa e alho 8grs (Mimosa)"},{"@type":"BreadcrumbList","@id":"https:\/\/www.barosa.com\/produto\/manteiga-com-salsa-e-alho-8grs-mimosa\/#breadcrumb","itemListElement":[{"@type":"ListItem","position":1,"name":"In\u00edcio","item":"https:\/\/www.barosa.com\/"},{"@type":"ListItem","position":2,"name":"Shop","item":"https:\/\/www.barosa.com\/shop\/"},{"@type":"ListItem","position":3,"name":"Manteiga com salsa e alho 8grs (Mimosa)"}]},{"@type":"WebSite","@id":"https:\/\/www.barosa.com\/#website","url":"https:\/\/www.barosa.com\/","name":"BAROSA Congelados | Manuel de Sousa Barosa, Lda.","description":"Ein Unternehmen, das Tiefk\u00fchlkostprodukte verarbeitet und verkauft. BAROSA \u00ae Fisch, \"Keine gute Gabel kann widerstehen\u00ae\". BAROSA \u00ae FoodService \"Die gute Seite des Essens\u00ae\". Fisch Krustentiere Schalentiere Kopff\u00fc\u00dfer Muscheln B\u00e4ckerei Geb\u00e4ck Pizzas Desserts","publisher":{"@id":"https:\/\/www.barosa.com\/#organization"},"alternateName":"BAROSA\u00ae","potentialAction":[{"@type":"SearchAction","target":{"@type":"EntryPoint","urlTemplate":"https:\/\/www.barosa.com\/?s={search_term_string}"},"query-input":{"@type":"PropertyValueSpecification","valueRequired":true,"valueName":"search_term_string"}}],"inLanguage":"de"},{"@type":"Organization","@id":"https:\/\/www.barosa.com\/#organization","name":"Manuel de Sousa Barosa, Lda.","alternateName":"BAROSA","url":"https:\/\/www.barosa.com\/","logo":{"@type":"ImageObject","inLanguage":"de","@id":"https:\/\/www.barosa.com\/#\/schema\/logo\/image\/","url":"https:\/\/www.barosa.com\/wp-content\/uploads\/2025\/03\/BAROSA-Logo-696x696-1.jpg","contentUrl":"https:\/\/www.barosa.com\/wp-content\/uploads\/2025\/03\/BAROSA-Logo-696x696-1.jpg","width":696,"height":696,"caption":"Manuel de Sousa Barosa, Lda."},"image":{"@id":"https:\/\/www.barosa.com\/#\/schema\/logo\/image\/"},"sameAs":["http:\/\/www.facebook.com\/barosa\/","https:\/\/x.com\/barosa_lda","https:\/\/www.instagram.com\/barosa_lda\/","https:\/\/pt.linkedin.com\/company\/barosa-lda"],"description":"Ein Unternehmen, das Tiefk\u00fchlkostprodukte verarbeitet und verkauft. BAROSA \u00ae Fisch, \"Keine gute Gabel kann widerstehen\u00ae\". BAROSA \u00ae FoodService \"Die gute Seite des Essens!\u00ae\"","email":"info@barosa.com","telephone":"+351 262824403","legalName":"Manuel de Sousa Barosa, Lda.","foundingDate":"1975-05-21","vatID":"503365190","taxID":"503365190","duns":"452388713","numberOfEmployees":{"@type":"QuantitativeValue","minValue":"11","maxValue":"50"},"ethicsPolicy":"https:\/\/www.barosa.com\/politicaprivacidade\/"}]}},"_links":{"self":[{"href":"https:\/\/www.barosa.com\/de\/wp-json\/wp\/v2\/product\/8458","targetHints":{"allow":["GET"]}}],"collection":[{"href":"https:\/\/www.barosa.com\/de\/wp-json\/wp\/v2\/product"}],"about":[{"href":"https:\/\/www.barosa.com\/de\/wp-json\/wp\/v2\/types\/product"}],"wp:featuredmedia":[{"embeddable":true,"href":"https:\/\/www.barosa.com\/de\/wp-json\/wp\/v2\/media\/8459"}],"wp:attachment":[{"href":"https:\/\/www.barosa.com\/de\/wp-json\/wp\/v2\/media?parent=8458"}],"wp:term":[{"taxonomy":"product_brand","embeddable":true,"href":"https:\/\/www.barosa.com\/de\/wp-json\/wp\/v2\/product_brand?post=8458"},{"taxonomy":"product_cat","embeddable":true,"href":"https:\/\/www.barosa.com\/de\/wp-json\/wp\/v2\/product_cat?post=8458"},{"taxonomy":"product_tag","embeddable":true,"href":"https:\/\/www.barosa.com\/de\/wp-json\/wp\/v2\/product_tag?post=8458"}],"curies":[{"name":"wp","href":"https:\/\/api.w.org\/{rel}","templated":true}]}}