{"id":8093,"date":"2022-08-03T17:03:25","date_gmt":"2022-08-03T16:03:25","guid":{"rendered":"https:\/\/www.barosa.com\/?post_type=product&#038;p=8093"},"modified":"2023-07-01T00:00:31","modified_gmt":"2023-06-30T23:00:31","slug":"bolo-de-arroz","status":"publish","type":"product","link":"https:\/\/www.barosa.com\/de\/produto\/bolo-de-arroz\/","title":{"rendered":"Reiskuchen"},"content":{"rendered":"","protected":false},"excerpt":{"rendered":"<p>Verpackungsart:<\/p>\n<ul>\n<li>Schachtel mit 30 St\u00fcck<\/li>\n<li>St\u00fcckgewicht: 70 Gramm<\/li>\n<\/ul>\n<p>Um cl\u00e1ssico da pastelaria portuguesa.<\/p>\n<p>Marke: Barosa<\/p>\n<h6><em>Tiefk\u00fchlprodukt<\/em><\/h6>","protected":false},"featured_media":8094,"template":"","meta":[],"product_brand":[],"product_cat":[220],"product_tag":[],"class_list":{"0":"post-8093","1":"product","2":"type-product","3":"status-publish","4":"has-post-thumbnail","6":"product_cat-pastelaria-pequena","8":"first","9":"instock","10":"taxable","11":"shipping-taxable","12":"purchasable","13":"product-type-simple"},"yoast_head":"<!-- This site is optimized with the Yoast SEO Premium plugin v27.6 (Yoast SEO v27.6) - https:\/\/yoast.com\/product\/yoast-seo-premium-wordpress\/ -->\n<title>Bolo de Arroz - BAROSA Congelados | Manuel de Sousa Barosa, Lda.<\/title>\n<meta name=\"description\" content=\"Um cl\u00e1ssico da pastelaria portuguesa.\" \/>\n<meta name=\"robots\" content=\"index, follow, max-snippet:-1, max-image-preview:large, max-video-preview:-1\" \/>\n<link rel=\"canonical\" href=\"https:\/\/www.barosa.com\/de\/product-2\/bolo-de-arroz\/\" \/>\n<meta property=\"og:locale\" content=\"de_DE\" \/>\n<meta property=\"og:type\" content=\"article\" \/>\n<meta property=\"og:title\" content=\"Bolo de Arroz\" \/>\n<meta property=\"og:description\" content=\"Um cl\u00e1ssico da pastelaria portuguesa.\" \/>\n<meta property=\"og:url\" content=\"https:\/\/www.barosa.com\/de\/product-2\/bolo-de-arroz\/\" \/>\n<meta property=\"og:site_name\" content=\"BAROSA Congelados | Manuel de Sousa Barosa, Lda.\" \/>\n<meta property=\"article:publisher\" content=\"http:\/\/www.facebook.com\/barosa\/\" \/>\n<meta property=\"article:modified_time\" content=\"2023-06-30T23:00:31+00:00\" \/>\n<meta property=\"og:image\" content=\"https:\/\/www.barosa.com\/wp-content\/uploads\/2022\/08\/Bolo-de-Arroz.jpg\" \/>\n\t<meta property=\"og:image:width\" content=\"1280\" \/>\n\t<meta property=\"og:image:height\" content=\"1280\" \/>\n\t<meta property=\"og:image:type\" content=\"image\/jpeg\" \/>\n<meta name=\"twitter:card\" content=\"summary_large_image\" \/>\n<meta name=\"twitter:site\" content=\"@barosa_lda\" \/>\n<script type=\"application\/ld+json\" class=\"yoast-schema-graph\">{\"@context\":\"https:\\\/\\\/schema.org\",\"@graph\":[{\"@type\":\"WebPage\",\"@id\":\"https:\\\/\\\/www.barosa.com\\\/produto\\\/bolo-de-arroz\\\/\",\"url\":\"https:\\\/\\\/www.barosa.com\\\/produto\\\/bolo-de-arroz\\\/\",\"name\":\"Bolo de Arroz - BAROSA Congelados | Manuel de Sousa Barosa, Lda.\",\"isPartOf\":{\"@id\":\"https:\\\/\\\/www.barosa.com\\\/#website\"},\"primaryImageOfPage\":{\"@id\":\"https:\\\/\\\/www.barosa.com\\\/produto\\\/bolo-de-arroz\\\/#primaryimage\"},\"image\":{\"@id\":\"https:\\\/\\\/www.barosa.com\\\/produto\\\/bolo-de-arroz\\\/#primaryimage\"},\"thumbnailUrl\":\"https:\\\/\\\/www.barosa.com\\\/wp-content\\\/uploads\\\/2022\\\/08\\\/Bolo-de-Arroz.jpg\",\"datePublished\":\"2022-08-03T16:03:25+00:00\",\"dateModified\":\"2023-06-30T23:00:31+00:00\",\"description\":\"Um cl\u00e1ssico da pastelaria portuguesa.\",\"breadcrumb\":{\"@id\":\"https:\\\/\\\/www.barosa.com\\\/produto\\\/bolo-de-arroz\\\/#breadcrumb\"},\"inLanguage\":\"de\",\"potentialAction\":[{\"@type\":\"ReadAction\",\"target\":[\"https:\\\/\\\/www.barosa.com\\\/produto\\\/bolo-de-arroz\\\/\"]}]},{\"@type\":\"ImageObject\",\"inLanguage\":\"de\",\"@id\":\"https:\\\/\\\/www.barosa.com\\\/produto\\\/bolo-de-arroz\\\/#primaryimage\",\"url\":\"https:\\\/\\\/www.barosa.com\\\/wp-content\\\/uploads\\\/2022\\\/08\\\/Bolo-de-Arroz.jpg\",\"contentUrl\":\"https:\\\/\\\/www.barosa.com\\\/wp-content\\\/uploads\\\/2022\\\/08\\\/Bolo-de-Arroz.jpg\",\"width\":1280,\"height\":1280,\"caption\":\"Bolo de Arroz\"},{\"@type\":\"BreadcrumbList\",\"@id\":\"https:\\\/\\\/www.barosa.com\\\/produto\\\/bolo-de-arroz\\\/#breadcrumb\",\"itemListElement\":[{\"@type\":\"ListItem\",\"position\":1,\"name\":\"In\u00edcio\",\"item\":\"https:\\\/\\\/www.barosa.com\\\/\"},{\"@type\":\"ListItem\",\"position\":2,\"name\":\"Shop\",\"item\":\"https:\\\/\\\/www.barosa.com\\\/shop\\\/\"},{\"@type\":\"ListItem\",\"position\":3,\"name\":\"Bolo de Arroz\"}]},{\"@type\":\"WebSite\",\"@id\":\"https:\\\/\\\/www.barosa.com\\\/#website\",\"url\":\"https:\\\/\\\/www.barosa.com\\\/\",\"name\":\"BAROSA Congelados | Manuel de Sousa Barosa, Lda.\",\"description\":\"Empresa de transforma\u00e7\u00e3o e comercializa\u00e7\u00e3o de produtos alimentares congelados. BAROSA \u00ae Pescados, &quot;N\u00e3o h\u00e1 bom garfo que resista\u00ae&quot;. BAROSA \u00ae FoodService &quot;O lado bom da comida\u00ae&quot;. Pescados Crust\u00e1ceos Mariscos Cefal\u00f3podes Bivalves Padaria Pastelaria Pizzas Sobremesas\",\"publisher\":{\"@id\":\"https:\\\/\\\/www.barosa.com\\\/#organization\"},\"alternateName\":\"BAROSA\u00ae\",\"potentialAction\":[{\"@type\":\"SearchAction\",\"target\":{\"@type\":\"EntryPoint\",\"urlTemplate\":\"https:\\\/\\\/www.barosa.com\\\/?s={search_term_string}\"},\"query-input\":{\"@type\":\"PropertyValueSpecification\",\"valueRequired\":true,\"valueName\":\"search_term_string\"}}],\"inLanguage\":\"de\"},{\"@type\":\"Organization\",\"@id\":\"https:\\\/\\\/www.barosa.com\\\/#organization\",\"name\":\"Manuel de Sousa Barosa, Lda.\",\"alternateName\":\"BAROSA\",\"url\":\"https:\\\/\\\/www.barosa.com\\\/\",\"logo\":{\"@type\":\"ImageObject\",\"inLanguage\":\"de\",\"@id\":\"https:\\\/\\\/www.barosa.com\\\/#\\\/schema\\\/logo\\\/image\\\/\",\"url\":\"https:\\\/\\\/www.barosa.com\\\/wp-content\\\/uploads\\\/2025\\\/03\\\/BAROSA-Logo-696x696-1.jpg\",\"contentUrl\":\"https:\\\/\\\/www.barosa.com\\\/wp-content\\\/uploads\\\/2025\\\/03\\\/BAROSA-Logo-696x696-1.jpg\",\"width\":696,\"height\":696,\"caption\":\"Manuel de Sousa Barosa, Lda.\"},\"image\":{\"@id\":\"https:\\\/\\\/www.barosa.com\\\/#\\\/schema\\\/logo\\\/image\\\/\"},\"sameAs\":[\"http:\\\/\\\/www.facebook.com\\\/barosa\\\/\",\"https:\\\/\\\/x.com\\\/barosa_lda\",\"https:\\\/\\\/www.instagram.com\\\/barosa_lda\\\/\",\"https:\\\/\\\/pt.linkedin.com\\\/company\\\/barosa-lda\"],\"description\":\"Empresa de transforma\u00e7\u00e3o e comercializa\u00e7\u00e3o de produtos alimentares congelados. BAROSA \u00ae Pescados, \\\"N\u00e3o h\u00e1 bom garfo que resista\u00ae\\\". BAROSA \u00ae FoodService \\\"O lado bom da comida!\u00ae\\\"\",\"email\":\"info@barosa.com\",\"telephone\":\"+351 262824403\",\"legalName\":\"Manuel de Sousa Barosa, Lda.\",\"foundingDate\":\"1975-05-21\",\"vatID\":\"503365190\",\"taxID\":\"503365190\",\"duns\":\"452388713\",\"numberOfEmployees\":{\"@type\":\"QuantitativeValue\",\"minValue\":\"11\",\"maxValue\":\"50\"},\"ethicsPolicy\":\"https:\\\/\\\/www.barosa.com\\\/politicaprivacidade\\\/\"}]}<\/script>\n<!-- \/ Yoast SEO Premium plugin. -->","yoast_head_json":{"title":"Bolo de Arroz - BAROSA Congelados | Manuel de Sousa Barosa, Lda.","description":"Um cl\u00e1ssico da pastelaria portuguesa.","robots":{"index":"index","follow":"follow","max-snippet":"max-snippet:-1","max-image-preview":"max-image-preview:large","max-video-preview":"max-video-preview:-1"},"canonical":"https:\/\/www.barosa.com\/de\/product-2\/bolo-de-arroz\/","og_locale":"de_DE","og_type":"article","og_title":"Bolo de Arroz","og_description":"Um cl\u00e1ssico da pastelaria portuguesa.","og_url":"https:\/\/www.barosa.com\/de\/product-2\/bolo-de-arroz\/","og_site_name":"BAROSA Congelados | Manuel de Sousa Barosa, Lda.","article_publisher":"http:\/\/www.facebook.com\/barosa\/","article_modified_time":"2023-06-30T23:00:31+00:00","og_image":[{"width":1280,"height":1280,"url":"https:\/\/www.barosa.com\/wp-content\/uploads\/2022\/08\/Bolo-de-Arroz.jpg","type":"image\/jpeg"}],"twitter_card":"summary_large_image","twitter_site":"@barosa_lda","schema":{"@context":"https:\/\/schema.org","@graph":[{"@type":"WebPage","@id":"https:\/\/www.barosa.com\/produto\/bolo-de-arroz\/","url":"https:\/\/www.barosa.com\/produto\/bolo-de-arroz\/","name":"Bolo de Arroz - BAROSA Congelados | Manuel de Sousa Barosa, Lda.","isPartOf":{"@id":"https:\/\/www.barosa.com\/#website"},"primaryImageOfPage":{"@id":"https:\/\/www.barosa.com\/produto\/bolo-de-arroz\/#primaryimage"},"image":{"@id":"https:\/\/www.barosa.com\/produto\/bolo-de-arroz\/#primaryimage"},"thumbnailUrl":"https:\/\/www.barosa.com\/wp-content\/uploads\/2022\/08\/Bolo-de-Arroz.jpg","datePublished":"2022-08-03T16:03:25+00:00","dateModified":"2023-06-30T23:00:31+00:00","description":"Um cl\u00e1ssico da pastelaria portuguesa.","breadcrumb":{"@id":"https:\/\/www.barosa.com\/produto\/bolo-de-arroz\/#breadcrumb"},"inLanguage":"de","potentialAction":[{"@type":"ReadAction","target":["https:\/\/www.barosa.com\/produto\/bolo-de-arroz\/"]}]},{"@type":"ImageObject","inLanguage":"de","@id":"https:\/\/www.barosa.com\/produto\/bolo-de-arroz\/#primaryimage","url":"https:\/\/www.barosa.com\/wp-content\/uploads\/2022\/08\/Bolo-de-Arroz.jpg","contentUrl":"https:\/\/www.barosa.com\/wp-content\/uploads\/2022\/08\/Bolo-de-Arroz.jpg","width":1280,"height":1280,"caption":"Bolo de Arroz"},{"@type":"BreadcrumbList","@id":"https:\/\/www.barosa.com\/produto\/bolo-de-arroz\/#breadcrumb","itemListElement":[{"@type":"ListItem","position":1,"name":"In\u00edcio","item":"https:\/\/www.barosa.com\/"},{"@type":"ListItem","position":2,"name":"Shop","item":"https:\/\/www.barosa.com\/shop\/"},{"@type":"ListItem","position":3,"name":"Bolo de Arroz"}]},{"@type":"WebSite","@id":"https:\/\/www.barosa.com\/#website","url":"https:\/\/www.barosa.com\/","name":"BAROSA Congelados | Manuel de Sousa Barosa, Lda.","description":"Ein Unternehmen, das Tiefk\u00fchlkostprodukte verarbeitet und verkauft. BAROSA \u00ae Fisch, \"Keine gute Gabel kann widerstehen\u00ae\". BAROSA \u00ae FoodService \"Die gute Seite des Essens\u00ae\". Fisch Krustentiere Schalentiere Kopff\u00fc\u00dfer Muscheln B\u00e4ckerei Geb\u00e4ck Pizzas Desserts","publisher":{"@id":"https:\/\/www.barosa.com\/#organization"},"alternateName":"BAROSA\u00ae","potentialAction":[{"@type":"SearchAction","target":{"@type":"EntryPoint","urlTemplate":"https:\/\/www.barosa.com\/?s={search_term_string}"},"query-input":{"@type":"PropertyValueSpecification","valueRequired":true,"valueName":"search_term_string"}}],"inLanguage":"de"},{"@type":"Organization","@id":"https:\/\/www.barosa.com\/#organization","name":"Manuel de Sousa Barosa, Lda.","alternateName":"BAROSA","url":"https:\/\/www.barosa.com\/","logo":{"@type":"ImageObject","inLanguage":"de","@id":"https:\/\/www.barosa.com\/#\/schema\/logo\/image\/","url":"https:\/\/www.barosa.com\/wp-content\/uploads\/2025\/03\/BAROSA-Logo-696x696-1.jpg","contentUrl":"https:\/\/www.barosa.com\/wp-content\/uploads\/2025\/03\/BAROSA-Logo-696x696-1.jpg","width":696,"height":696,"caption":"Manuel de Sousa Barosa, Lda."},"image":{"@id":"https:\/\/www.barosa.com\/#\/schema\/logo\/image\/"},"sameAs":["http:\/\/www.facebook.com\/barosa\/","https:\/\/x.com\/barosa_lda","https:\/\/www.instagram.com\/barosa_lda\/","https:\/\/pt.linkedin.com\/company\/barosa-lda"],"description":"Ein Unternehmen, das Tiefk\u00fchlkostprodukte verarbeitet und verkauft. BAROSA \u00ae Fisch, \"Keine gute Gabel kann widerstehen\u00ae\". BAROSA \u00ae FoodService \"Die gute Seite des Essens!\u00ae\"","email":"info@barosa.com","telephone":"+351 262824403","legalName":"Manuel de Sousa Barosa, Lda.","foundingDate":"1975-05-21","vatID":"503365190","taxID":"503365190","duns":"452388713","numberOfEmployees":{"@type":"QuantitativeValue","minValue":"11","maxValue":"50"},"ethicsPolicy":"https:\/\/www.barosa.com\/politicaprivacidade\/"}]}},"_links":{"self":[{"href":"https:\/\/www.barosa.com\/de\/wp-json\/wp\/v2\/product\/8093","targetHints":{"allow":["GET"]}}],"collection":[{"href":"https:\/\/www.barosa.com\/de\/wp-json\/wp\/v2\/product"}],"about":[{"href":"https:\/\/www.barosa.com\/de\/wp-json\/wp\/v2\/types\/product"}],"wp:featuredmedia":[{"embeddable":true,"href":"https:\/\/www.barosa.com\/de\/wp-json\/wp\/v2\/media\/8094"}],"wp:attachment":[{"href":"https:\/\/www.barosa.com\/de\/wp-json\/wp\/v2\/media?parent=8093"}],"wp:term":[{"taxonomy":"product_brand","embeddable":true,"href":"https:\/\/www.barosa.com\/de\/wp-json\/wp\/v2\/product_brand?post=8093"},{"taxonomy":"product_cat","embeddable":true,"href":"https:\/\/www.barosa.com\/de\/wp-json\/wp\/v2\/product_cat?post=8093"},{"taxonomy":"product_tag","embeddable":true,"href":"https:\/\/www.barosa.com\/de\/wp-json\/wp\/v2\/product_tag?post=8093"}],"curies":[{"name":"wp","href":"https:\/\/api.w.org\/{rel}","templated":true}]}}