{"id":7273,"date":"2022-03-24T23:05:14","date_gmt":"2022-03-24T22:05:14","guid":{"rendered":"https:\/\/www.barosa.com\/?post_type=product&#038;p=7273"},"modified":"2026-01-21T11:45:59","modified_gmt":"2026-01-21T10:45:59","slug":"douradinhos-de-frango-10-un-iglo","status":"publish","type":"product","link":"https:\/\/www.barosa.com\/de\/produto\/douradinhos-de-frango-10-un-iglo\/","title":{"rendered":"Douradinhos de Frango (10 un.) [Iglo]"},"content":{"rendered":"","protected":false},"excerpt":{"rendered":"<p>Os Douradinhos de Frango do Capit\u00e3o Iglo s\u00e3o feitos com 100% peito de frango e envolvidos numa cobertura deliciosa de p\u00e3o ralado que se mant\u00e9m crocante quando preparado no forno. Uma forma divertida de saborear frango em fam\u00edlia.<\/p>\n<p>&nbsp;<\/p>\n[bg_collapse view=\"link\" color=\"#4a4949\" icon=\"arrow\" expand_text=\"Modo de Prepara\u00e7\u00e3o\" collapse_text=\"Esconder\" ]<\/p>\n<h3>Modo de Prepara\u00e7\u00e3o<\/h3>\n<p><img loading=\"lazy\" decoding=\"async\" class=\"size-full wp-image-6530\" src=\"https:\/\/www.barosa.com\/wp-content\/uploads\/2021\/11\/Forno.png\" alt=\"Forno\" width=\"30\" height=\"30\" srcset=\"https:\/\/www.barosa.com\/wp-content\/uploads\/2021\/11\/Forno.png 30w, https:\/\/www.barosa.com\/wp-content\/uploads\/2021\/11\/Forno-12x12.png 12w\" sizes=\"auto, (max-width: 30px) 100vw, 30px\" \/><\/p>\n<p>No Forno:<\/p>\n<p>Pr\u00e9- aquecer o forno a 220\u00baC\/200\u00baC ar circulante. Cozinhe num tabuleiro, a meio do forno durante aprox. 12 minutos. Vire os Douradinhos a meio da prepara\u00e7\u00e3o.<br \/>\nNOTA : os tempos referidos entendem-se como valores m\u00e9dios, dependendo do tipo de forno utilizado<\/p>\n<p><img loading=\"lazy\" decoding=\"async\" class=\"size-full wp-image-6529\" src=\"https:\/\/www.barosa.com\/wp-content\/uploads\/2021\/11\/Fritadeira.png\" alt=\"Fritadeira\" width=\"30\" height=\"30\" srcset=\"https:\/\/www.barosa.com\/wp-content\/uploads\/2021\/11\/Fritadeira.png 30w, https:\/\/www.barosa.com\/wp-content\/uploads\/2021\/11\/Fritadeira-12x12.png 12w\" sizes=\"auto, (max-width: 30px) 100vw, 30px\" \/><\/p>\n<p>Sem descongelar, frite em \u00f3leo previamente aquecido a 170\u00baC durante 4 minutos.<\/p>\n<p>&nbsp;<\/p>\n<p><img loading=\"lazy\" decoding=\"async\" class=\"size-full wp-image-6531\" src=\"https:\/\/www.barosa.com\/wp-content\/uploads\/2021\/11\/Frigideira.png\" alt=\"Frigideira\" width=\"30\" height=\"30\" srcset=\"https:\/\/www.barosa.com\/wp-content\/uploads\/2021\/11\/Frigideira.png 30w, https:\/\/www.barosa.com\/wp-content\/uploads\/2021\/11\/Frigideira-12x12.png 12w\" sizes=\"auto, (max-width: 30px) 100vw, 30px\" \/><\/p>\n<p>Na Frigideira:<\/p>\n<p>Sem descongelar, frite em \u00f3leo bem quente (170\u00baC) em ambos os lados durante 6-8 minutos, em lume brando.<\/p>\n<p>[\/bg_collapse]\n<p>&nbsp;<\/p>\n<p>Embalagem com 10 caixas de 250 grs.<\/p>\n<p><strong>Marca:<\/strong> Iglo<\/p>\n<h6><em>Produto congelado<\/em><\/h6>\n","protected":false},"featured_media":7274,"template":"","meta":[],"product_brand":[713],"product_cat":[216],"product_tag":[],"class_list":{"0":"post-7273","1":"product","2":"type-product","3":"status-publish","4":"has-post-thumbnail","6":"product_brand-iglo","7":"product_cat-snacks-embalados","9":"first","10":"instock","11":"taxable","12":"shipping-taxable","13":"purchasable","14":"product-type-simple"},"yoast_head":"<!-- This site is optimized with the Yoast SEO Premium plugin v27.5 (Yoast SEO v27.5) - https:\/\/yoast.com\/product\/yoast-seo-premium-wordpress\/ -->\n<title>Douradinhos de Frango (10 un.) [Iglo] - BAROSA Congelados | Manuel de Sousa Barosa, Lda.<\/title>\n<meta name=\"description\" content=\"Os Douradinhos de Frango do Capit\u00e3o Iglo s\u00e3o feitos com 100% peito de frango e envolvidos numa cobertura deliciosa de p\u00e3o ralado que se mant\u00e9m crocante quando preparado no forno.\" \/>\n<meta name=\"robots\" content=\"index, follow, max-snippet:-1, max-image-preview:large, max-video-preview:-1\" \/>\n<link rel=\"canonical\" href=\"https:\/\/www.barosa.com\/de\/product-2\/douradinhos-de-frango-10-un-iglo\/\" \/>\n<meta property=\"og:locale\" content=\"de_DE\" \/>\n<meta property=\"og:type\" content=\"article\" \/>\n<meta property=\"og:title\" content=\"Douradinhos de Frango (10 un.) [Iglo]\" \/>\n<meta property=\"og:description\" content=\"Os Douradinhos de Frango do Capit\u00e3o Iglo s\u00e3o feitos com 100% peito de frango e envolvidos numa cobertura deliciosa de p\u00e3o ralado que se mant\u00e9m crocante quando preparado no forno.\" \/>\n<meta property=\"og:url\" content=\"https:\/\/www.barosa.com\/de\/product-2\/douradinhos-de-frango-10-un-iglo\/\" \/>\n<meta property=\"og:site_name\" content=\"BAROSA Congelados | Manuel de Sousa Barosa, Lda.\" \/>\n<meta property=\"article:publisher\" content=\"http:\/\/www.facebook.com\/barosa\/\" \/>\n<meta property=\"article:modified_time\" content=\"2026-01-21T10:45:59+00:00\" \/>\n<meta property=\"og:image\" content=\"https:\/\/www.barosa.com\/wp-content\/uploads\/2022\/03\/Douradinhos-de-Frango-10-un-Iglo.jpg\" \/>\n\t<meta property=\"og:image:width\" content=\"1100\" \/>\n\t<meta property=\"og:image:height\" content=\"1100\" \/>\n\t<meta property=\"og:image:type\" content=\"image\/jpeg\" \/>\n<meta name=\"twitter:card\" content=\"summary_large_image\" \/>\n<meta name=\"twitter:site\" content=\"@barosa_lda\" \/>\n<meta name=\"twitter:label1\" content=\"Gesch\u00e4tzte Lesezeit\" \/>\n\t<meta name=\"twitter:data1\" content=\"1\u00a0Minute\" \/>\n<script type=\"application\/ld+json\" class=\"yoast-schema-graph\">{\"@context\":\"https:\\\/\\\/schema.org\",\"@graph\":[{\"@type\":\"WebPage\",\"@id\":\"https:\\\/\\\/www.barosa.com\\\/produto\\\/douradinhos-de-frango-10-un-iglo\\\/\",\"url\":\"https:\\\/\\\/www.barosa.com\\\/produto\\\/douradinhos-de-frango-10-un-iglo\\\/\",\"name\":\"Douradinhos de Frango (10 un.) [Iglo] - BAROSA Congelados | Manuel de Sousa Barosa, Lda.\",\"isPartOf\":{\"@id\":\"https:\\\/\\\/www.barosa.com\\\/#website\"},\"primaryImageOfPage\":{\"@id\":\"https:\\\/\\\/www.barosa.com\\\/produto\\\/douradinhos-de-frango-10-un-iglo\\\/#primaryimage\"},\"image\":{\"@id\":\"https:\\\/\\\/www.barosa.com\\\/produto\\\/douradinhos-de-frango-10-un-iglo\\\/#primaryimage\"},\"thumbnailUrl\":\"https:\\\/\\\/www.barosa.com\\\/wp-content\\\/uploads\\\/2022\\\/03\\\/Douradinhos-de-Frango-10-un-Iglo.jpg\",\"datePublished\":\"2022-03-24T22:05:14+00:00\",\"dateModified\":\"2026-01-21T10:45:59+00:00\",\"description\":\"Os Douradinhos de Frango do Capit\u00e3o Iglo s\u00e3o feitos com 100% peito de frango e envolvidos numa cobertura deliciosa de p\u00e3o ralado que se mant\u00e9m crocante quando preparado no forno.\",\"breadcrumb\":{\"@id\":\"https:\\\/\\\/www.barosa.com\\\/produto\\\/douradinhos-de-frango-10-un-iglo\\\/#breadcrumb\"},\"inLanguage\":\"de\",\"potentialAction\":[{\"@type\":\"ReadAction\",\"target\":[\"https:\\\/\\\/www.barosa.com\\\/produto\\\/douradinhos-de-frango-10-un-iglo\\\/\"]}]},{\"@type\":\"ImageObject\",\"inLanguage\":\"de\",\"@id\":\"https:\\\/\\\/www.barosa.com\\\/produto\\\/douradinhos-de-frango-10-un-iglo\\\/#primaryimage\",\"url\":\"https:\\\/\\\/www.barosa.com\\\/wp-content\\\/uploads\\\/2022\\\/03\\\/Douradinhos-de-Frango-10-un-Iglo.jpg\",\"contentUrl\":\"https:\\\/\\\/www.barosa.com\\\/wp-content\\\/uploads\\\/2022\\\/03\\\/Douradinhos-de-Frango-10-un-Iglo.jpg\",\"width\":1100,\"height\":1100,\"caption\":\"Douradinhos de Frango (10 un.) [Iglo]\"},{\"@type\":\"BreadcrumbList\",\"@id\":\"https:\\\/\\\/www.barosa.com\\\/produto\\\/douradinhos-de-frango-10-un-iglo\\\/#breadcrumb\",\"itemListElement\":[{\"@type\":\"ListItem\",\"position\":1,\"name\":\"In\u00edcio\",\"item\":\"https:\\\/\\\/www.barosa.com\\\/\"},{\"@type\":\"ListItem\",\"position\":2,\"name\":\"Shop\",\"item\":\"https:\\\/\\\/www.barosa.com\\\/shop\\\/\"},{\"@type\":\"ListItem\",\"position\":3,\"name\":\"Douradinhos de Frango (10 un.) [Iglo]\"}]},{\"@type\":\"WebSite\",\"@id\":\"https:\\\/\\\/www.barosa.com\\\/#website\",\"url\":\"https:\\\/\\\/www.barosa.com\\\/\",\"name\":\"BAROSA Congelados | Manuel de Sousa Barosa, Lda.\",\"description\":\"Empresa de transforma\u00e7\u00e3o e comercializa\u00e7\u00e3o de produtos alimentares congelados. BAROSA \u00ae Pescados, &quot;N\u00e3o h\u00e1 bom garfo que resista\u00ae&quot;. BAROSA \u00ae FoodService &quot;O lado bom da comida\u00ae&quot;. Pescados Crust\u00e1ceos Mariscos Cefal\u00f3podes Bivalves Padaria Pastelaria Pizzas Sobremesas\",\"publisher\":{\"@id\":\"https:\\\/\\\/www.barosa.com\\\/#organization\"},\"alternateName\":\"BAROSA\u00ae\",\"potentialAction\":[{\"@type\":\"SearchAction\",\"target\":{\"@type\":\"EntryPoint\",\"urlTemplate\":\"https:\\\/\\\/www.barosa.com\\\/?s={search_term_string}\"},\"query-input\":{\"@type\":\"PropertyValueSpecification\",\"valueRequired\":true,\"valueName\":\"search_term_string\"}}],\"inLanguage\":\"de\"},{\"@type\":\"Organization\",\"@id\":\"https:\\\/\\\/www.barosa.com\\\/#organization\",\"name\":\"Manuel de Sousa Barosa, Lda.\",\"alternateName\":\"BAROSA\",\"url\":\"https:\\\/\\\/www.barosa.com\\\/\",\"logo\":{\"@type\":\"ImageObject\",\"inLanguage\":\"de\",\"@id\":\"https:\\\/\\\/www.barosa.com\\\/#\\\/schema\\\/logo\\\/image\\\/\",\"url\":\"https:\\\/\\\/www.barosa.com\\\/wp-content\\\/uploads\\\/2025\\\/03\\\/BAROSA-Logo-696x696-1.jpg\",\"contentUrl\":\"https:\\\/\\\/www.barosa.com\\\/wp-content\\\/uploads\\\/2025\\\/03\\\/BAROSA-Logo-696x696-1.jpg\",\"width\":696,\"height\":696,\"caption\":\"Manuel de Sousa Barosa, Lda.\"},\"image\":{\"@id\":\"https:\\\/\\\/www.barosa.com\\\/#\\\/schema\\\/logo\\\/image\\\/\"},\"sameAs\":[\"http:\\\/\\\/www.facebook.com\\\/barosa\\\/\",\"https:\\\/\\\/x.com\\\/barosa_lda\",\"https:\\\/\\\/www.instagram.com\\\/barosa_lda\\\/\",\"https:\\\/\\\/pt.linkedin.com\\\/company\\\/barosa-lda\"],\"description\":\"Empresa de transforma\u00e7\u00e3o e comercializa\u00e7\u00e3o de produtos alimentares congelados. BAROSA \u00ae Pescados, \\\"N\u00e3o h\u00e1 bom garfo que resista\u00ae\\\". BAROSA \u00ae FoodService \\\"O lado bom da comida!\u00ae\\\"\",\"email\":\"info@barosa.com\",\"telephone\":\"+351 262824403\",\"legalName\":\"Manuel de Sousa Barosa, Lda.\",\"foundingDate\":\"1975-05-21\",\"vatID\":\"503365190\",\"taxID\":\"503365190\",\"duns\":\"452388713\",\"numberOfEmployees\":{\"@type\":\"QuantitativeValue\",\"minValue\":\"11\",\"maxValue\":\"50\"},\"ethicsPolicy\":\"https:\\\/\\\/www.barosa.com\\\/politicaprivacidade\\\/\"}]}<\/script>\n<!-- \/ Yoast SEO Premium plugin. -->","yoast_head_json":{"title":"Douradinhos de Frango (10 un.) [Iglo] - BAROSA Congelados | Manuel de Sousa Barosa, Lda.","description":"Os Douradinhos de Frango do Capit\u00e3o Iglo s\u00e3o feitos com 100% peito de frango e envolvidos numa cobertura deliciosa de p\u00e3o ralado que se mant\u00e9m crocante quando preparado no forno.","robots":{"index":"index","follow":"follow","max-snippet":"max-snippet:-1","max-image-preview":"max-image-preview:large","max-video-preview":"max-video-preview:-1"},"canonical":"https:\/\/www.barosa.com\/de\/product-2\/douradinhos-de-frango-10-un-iglo\/","og_locale":"de_DE","og_type":"article","og_title":"Douradinhos de Frango (10 un.) [Iglo]","og_description":"Os Douradinhos de Frango do Capit\u00e3o Iglo s\u00e3o feitos com 100% peito de frango e envolvidos numa cobertura deliciosa de p\u00e3o ralado que se mant\u00e9m crocante quando preparado no forno.","og_url":"https:\/\/www.barosa.com\/de\/product-2\/douradinhos-de-frango-10-un-iglo\/","og_site_name":"BAROSA Congelados | Manuel de Sousa Barosa, Lda.","article_publisher":"http:\/\/www.facebook.com\/barosa\/","article_modified_time":"2026-01-21T10:45:59+00:00","og_image":[{"width":1100,"height":1100,"url":"https:\/\/www.barosa.com\/wp-content\/uploads\/2022\/03\/Douradinhos-de-Frango-10-un-Iglo.jpg","type":"image\/jpeg"}],"twitter_card":"summary_large_image","twitter_site":"@barosa_lda","twitter_misc":{"Gesch\u00e4tzte Lesezeit":"1\u00a0Minute"},"schema":{"@context":"https:\/\/schema.org","@graph":[{"@type":"WebPage","@id":"https:\/\/www.barosa.com\/produto\/douradinhos-de-frango-10-un-iglo\/","url":"https:\/\/www.barosa.com\/produto\/douradinhos-de-frango-10-un-iglo\/","name":"Douradinhos de Frango (10 un.) [Iglo] - BAROSA Congelados | Manuel de Sousa Barosa, Lda.","isPartOf":{"@id":"https:\/\/www.barosa.com\/#website"},"primaryImageOfPage":{"@id":"https:\/\/www.barosa.com\/produto\/douradinhos-de-frango-10-un-iglo\/#primaryimage"},"image":{"@id":"https:\/\/www.barosa.com\/produto\/douradinhos-de-frango-10-un-iglo\/#primaryimage"},"thumbnailUrl":"https:\/\/www.barosa.com\/wp-content\/uploads\/2022\/03\/Douradinhos-de-Frango-10-un-Iglo.jpg","datePublished":"2022-03-24T22:05:14+00:00","dateModified":"2026-01-21T10:45:59+00:00","description":"Os Douradinhos de Frango do Capit\u00e3o Iglo s\u00e3o feitos com 100% peito de frango e envolvidos numa cobertura deliciosa de p\u00e3o ralado que se mant\u00e9m crocante quando preparado no forno.","breadcrumb":{"@id":"https:\/\/www.barosa.com\/produto\/douradinhos-de-frango-10-un-iglo\/#breadcrumb"},"inLanguage":"de","potentialAction":[{"@type":"ReadAction","target":["https:\/\/www.barosa.com\/produto\/douradinhos-de-frango-10-un-iglo\/"]}]},{"@type":"ImageObject","inLanguage":"de","@id":"https:\/\/www.barosa.com\/produto\/douradinhos-de-frango-10-un-iglo\/#primaryimage","url":"https:\/\/www.barosa.com\/wp-content\/uploads\/2022\/03\/Douradinhos-de-Frango-10-un-Iglo.jpg","contentUrl":"https:\/\/www.barosa.com\/wp-content\/uploads\/2022\/03\/Douradinhos-de-Frango-10-un-Iglo.jpg","width":1100,"height":1100,"caption":"Douradinhos de Frango (10 un.) [Iglo]"},{"@type":"BreadcrumbList","@id":"https:\/\/www.barosa.com\/produto\/douradinhos-de-frango-10-un-iglo\/#breadcrumb","itemListElement":[{"@type":"ListItem","position":1,"name":"In\u00edcio","item":"https:\/\/www.barosa.com\/"},{"@type":"ListItem","position":2,"name":"Shop","item":"https:\/\/www.barosa.com\/shop\/"},{"@type":"ListItem","position":3,"name":"Douradinhos de Frango (10 un.) [Iglo]"}]},{"@type":"WebSite","@id":"https:\/\/www.barosa.com\/#website","url":"https:\/\/www.barosa.com\/","name":"BAROSA Congelados | Manuel de Sousa Barosa, Lda.","description":"Ein Unternehmen, das Tiefk\u00fchlkostprodukte verarbeitet und verkauft. BAROSA \u00ae Fisch, \"Keine gute Gabel kann widerstehen\u00ae\". BAROSA \u00ae FoodService \"Die gute Seite des Essens\u00ae\". Fisch Krustentiere Schalentiere Kopff\u00fc\u00dfer Muscheln B\u00e4ckerei Geb\u00e4ck Pizzas Desserts","publisher":{"@id":"https:\/\/www.barosa.com\/#organization"},"alternateName":"BAROSA\u00ae","potentialAction":[{"@type":"SearchAction","target":{"@type":"EntryPoint","urlTemplate":"https:\/\/www.barosa.com\/?s={search_term_string}"},"query-input":{"@type":"PropertyValueSpecification","valueRequired":true,"valueName":"search_term_string"}}],"inLanguage":"de"},{"@type":"Organization","@id":"https:\/\/www.barosa.com\/#organization","name":"Manuel de Sousa Barosa, Lda.","alternateName":"BAROSA","url":"https:\/\/www.barosa.com\/","logo":{"@type":"ImageObject","inLanguage":"de","@id":"https:\/\/www.barosa.com\/#\/schema\/logo\/image\/","url":"https:\/\/www.barosa.com\/wp-content\/uploads\/2025\/03\/BAROSA-Logo-696x696-1.jpg","contentUrl":"https:\/\/www.barosa.com\/wp-content\/uploads\/2025\/03\/BAROSA-Logo-696x696-1.jpg","width":696,"height":696,"caption":"Manuel de Sousa Barosa, Lda."},"image":{"@id":"https:\/\/www.barosa.com\/#\/schema\/logo\/image\/"},"sameAs":["http:\/\/www.facebook.com\/barosa\/","https:\/\/x.com\/barosa_lda","https:\/\/www.instagram.com\/barosa_lda\/","https:\/\/pt.linkedin.com\/company\/barosa-lda"],"description":"Ein Unternehmen, das Tiefk\u00fchlkostprodukte verarbeitet und verkauft. BAROSA \u00ae Fisch, \"Keine gute Gabel kann widerstehen\u00ae\". BAROSA \u00ae FoodService \"Die gute Seite des Essens!\u00ae\"","email":"info@barosa.com","telephone":"+351 262824403","legalName":"Manuel de Sousa Barosa, Lda.","foundingDate":"1975-05-21","vatID":"503365190","taxID":"503365190","duns":"452388713","numberOfEmployees":{"@type":"QuantitativeValue","minValue":"11","maxValue":"50"},"ethicsPolicy":"https:\/\/www.barosa.com\/politicaprivacidade\/"}]}},"_links":{"self":[{"href":"https:\/\/www.barosa.com\/de\/wp-json\/wp\/v2\/product\/7273","targetHints":{"allow":["GET"]}}],"collection":[{"href":"https:\/\/www.barosa.com\/de\/wp-json\/wp\/v2\/product"}],"about":[{"href":"https:\/\/www.barosa.com\/de\/wp-json\/wp\/v2\/types\/product"}],"wp:featuredmedia":[{"embeddable":true,"href":"https:\/\/www.barosa.com\/de\/wp-json\/wp\/v2\/media\/7274"}],"wp:attachment":[{"href":"https:\/\/www.barosa.com\/de\/wp-json\/wp\/v2\/media?parent=7273"}],"wp:term":[{"taxonomy":"product_brand","embeddable":true,"href":"https:\/\/www.barosa.com\/de\/wp-json\/wp\/v2\/product_brand?post=7273"},{"taxonomy":"product_cat","embeddable":true,"href":"https:\/\/www.barosa.com\/de\/wp-json\/wp\/v2\/product_cat?post=7273"},{"taxonomy":"product_tag","embeddable":true,"href":"https:\/\/www.barosa.com\/de\/wp-json\/wp\/v2\/product_tag?post=7273"}],"curies":[{"name":"wp","href":"https:\/\/api.w.org\/{rel}","templated":true}]}}