{"id":7074,"date":"2022-03-21T23:08:39","date_gmt":"2022-03-21T22:08:39","guid":{"rendered":"https:\/\/www.barosa.com\/?post_type=product&#038;p=7074"},"modified":"2025-05-21T07:54:24","modified_gmt":"2025-05-21T07:54:24","slug":"cookie-dough-100ml-ben-jerrys","status":"publish","type":"product","link":"https:\/\/www.barosa.com\/de\/produto\/cookie-dough-100ml-ben-jerrys\/","title":{"rendered":"Pl\u00e4tzchenteig 100ml | Ben &amp; Jerry's"},"content":{"rendered":"","protected":false},"excerpt":{"rendered":"<p>Gelado de baunilha com peda\u00e7os de biscoito com chocolate e peda\u00e7os de chocolate.<\/p>\n<p>Caixa com 12 unidades<\/p>\n<p><img loading=\"lazy\" decoding=\"async\" class=\"size-medium wp-image-7070\" src=\"https:\/\/www.barosa.com\/wp-content\/uploads\/2022\/03\/Embalagem-Ben-Jerrys-300x79.jpg\" alt=\"Embalagem Ben &amp; Jerry's\" width=\"300\" height=\"79\" srcset=\"https:\/\/www.barosa.com\/wp-content\/uploads\/2022\/03\/Embalagem-Ben-Jerrys-300x79.jpg 300w, https:\/\/www.barosa.com\/wp-content\/uploads\/2022\/03\/Embalagem-Ben-Jerrys-18x5.jpg 18w, https:\/\/www.barosa.com\/wp-content\/uploads\/2022\/03\/Embalagem-Ben-Jerrys-500x132.jpg 500w, https:\/\/www.barosa.com\/wp-content\/uploads\/2022\/03\/Embalagem-Ben-Jerrys.jpg 694w\" sizes=\"auto, (max-width: 300px) 100vw, 300px\" \/><\/p>\n[bg_collapse view=\"button-blue\" color=\"#4a4949\" icon=\"arrow\" expand_text=\"A hist\u00f3ria debaixo da tampa\" collapse_text=\"Esconder a hist\u00f3ria\" ]<\/p>\n<p>A nossa loja Burlington Scoop Shop tinha um quadro de sugest\u00f5es de sabor e este sabor foi sugerido anonimamente. Desde o minuto em que foi introduzido, foi um enorme sucesso. Visto que a Burlington Scoop Shop fez a maioria dos seus pr\u00f3prios sabores, apenas se encontra dispon\u00edvel l\u00e1. As pessoas viriam de todo o lado para conseguir CCCD. Um dos nossos funcion\u00e1rios lembra-se de ter visto um grupo de raparigas da Universidade de Vermont a descer a colina apenas para descobrirem que a Scoop Shop j\u00e1 n\u00e3o tinha CCCD. Elas acabaram por ir ao supermercado do outro lado da rua e comprar um rolo de massa de biscoitos para fatiar e cozer. Elas trouxeram-nos de volta, pediram gelado de baunilha, cortaram o rolo e misturaram no gelado.<\/p>\n<p>[\/bg_collapse]\n<p><strong>Marca:<\/strong> Ben &amp; Jerry&#8217;s<\/p>\n<h6><em>Produto congelado<\/em><\/h6>\n","protected":false},"featured_media":10036,"template":"","meta":[],"product_brand":[],"product_cat":[529],"product_tag":[],"class_list":{"0":"post-7074","1":"product","2":"type-product","3":"status-publish","4":"has-post-thumbnail","6":"product_cat-gelados-ben-e-jerry-s","8":"first","9":"instock","10":"taxable","11":"shipping-taxable","12":"purchasable","13":"product-type-simple"},"yoast_head":"<!-- This site is optimized with the Yoast SEO Premium plugin v27.6 (Yoast SEO v27.6) - https:\/\/yoast.com\/product\/yoast-seo-premium-wordpress\/ -->\n<title>Cookie Dough 100ml | Ben &amp; Jerry&#039;s - BAROSA Congelados | Manuel de Sousa Barosa, Lda.<\/title>\n<meta name=\"description\" content=\"Gelado de baunilha com peda\u00e7os de biscoito com chocolate e peda\u00e7os de chocolate.\" \/>\n<meta name=\"robots\" content=\"index, follow, max-snippet:-1, max-image-preview:large, max-video-preview:-1\" \/>\n<link rel=\"canonical\" href=\"https:\/\/www.barosa.com\/de\/product-2\/cookie-dough-100ml-ben-jerrys\/\" \/>\n<meta property=\"og:locale\" content=\"de_DE\" \/>\n<meta property=\"og:type\" content=\"article\" \/>\n<meta property=\"og:title\" content=\"Cookie Dough 100ml | Ben &amp; Jerry&#039;s\" \/>\n<meta property=\"og:description\" content=\"Gelado de baunilha com peda\u00e7os de biscoito com chocolate e peda\u00e7os de chocolate.\" \/>\n<meta property=\"og:url\" content=\"https:\/\/www.barosa.com\/de\/product-2\/cookie-dough-100ml-ben-jerrys\/\" \/>\n<meta property=\"og:site_name\" content=\"BAROSA Congelados | Manuel de Sousa Barosa, Lda.\" \/>\n<meta property=\"article:publisher\" content=\"http:\/\/www.facebook.com\/barosa\/\" \/>\n<meta property=\"article:modified_time\" content=\"2025-05-21T07:54:24+00:00\" \/>\n<meta property=\"og:image\" content=\"https:\/\/www.barosa.com\/wp-content\/uploads\/2023\/08\/Cookie-Dough-100ml-Ben-Jerrys.jpg\" \/>\n\t<meta property=\"og:image:width\" content=\"750\" \/>\n\t<meta property=\"og:image:height\" content=\"750\" \/>\n\t<meta property=\"og:image:type\" content=\"image\/jpeg\" \/>\n<meta name=\"twitter:card\" content=\"summary_large_image\" \/>\n<meta name=\"twitter:site\" content=\"@barosa_lda\" \/>\n<script type=\"application\/ld+json\" class=\"yoast-schema-graph\">{\"@context\":\"https:\\\/\\\/schema.org\",\"@graph\":[{\"@type\":\"WebPage\",\"@id\":\"https:\\\/\\\/www.barosa.com\\\/produto\\\/cookie-dough-100ml-ben-jerrys\\\/\",\"url\":\"https:\\\/\\\/www.barosa.com\\\/produto\\\/cookie-dough-100ml-ben-jerrys\\\/\",\"name\":\"Cookie Dough 100ml | Ben & Jerry's - BAROSA Congelados | Manuel de Sousa Barosa, Lda.\",\"isPartOf\":{\"@id\":\"https:\\\/\\\/www.barosa.com\\\/#website\"},\"primaryImageOfPage\":{\"@id\":\"https:\\\/\\\/www.barosa.com\\\/produto\\\/cookie-dough-100ml-ben-jerrys\\\/#primaryimage\"},\"image\":{\"@id\":\"https:\\\/\\\/www.barosa.com\\\/produto\\\/cookie-dough-100ml-ben-jerrys\\\/#primaryimage\"},\"thumbnailUrl\":\"https:\\\/\\\/www.barosa.com\\\/wp-content\\\/uploads\\\/2023\\\/08\\\/Cookie-Dough-100ml-Ben-Jerrys.jpg\",\"datePublished\":\"2022-03-21T22:08:39+00:00\",\"dateModified\":\"2025-05-21T07:54:24+00:00\",\"description\":\"Gelado de baunilha com peda\u00e7os de biscoito com chocolate e peda\u00e7os de chocolate.\",\"breadcrumb\":{\"@id\":\"https:\\\/\\\/www.barosa.com\\\/produto\\\/cookie-dough-100ml-ben-jerrys\\\/#breadcrumb\"},\"inLanguage\":\"de\",\"potentialAction\":[{\"@type\":\"ReadAction\",\"target\":[\"https:\\\/\\\/www.barosa.com\\\/produto\\\/cookie-dough-100ml-ben-jerrys\\\/\"]}]},{\"@type\":\"ImageObject\",\"inLanguage\":\"de\",\"@id\":\"https:\\\/\\\/www.barosa.com\\\/produto\\\/cookie-dough-100ml-ben-jerrys\\\/#primaryimage\",\"url\":\"https:\\\/\\\/www.barosa.com\\\/wp-content\\\/uploads\\\/2023\\\/08\\\/Cookie-Dough-100ml-Ben-Jerrys.jpg\",\"contentUrl\":\"https:\\\/\\\/www.barosa.com\\\/wp-content\\\/uploads\\\/2023\\\/08\\\/Cookie-Dough-100ml-Ben-Jerrys.jpg\",\"width\":750,\"height\":750,\"caption\":\"Cookie Dough 100ml | Ben & Jerry\u2019s\"},{\"@type\":\"BreadcrumbList\",\"@id\":\"https:\\\/\\\/www.barosa.com\\\/produto\\\/cookie-dough-100ml-ben-jerrys\\\/#breadcrumb\",\"itemListElement\":[{\"@type\":\"ListItem\",\"position\":1,\"name\":\"In\u00edcio\",\"item\":\"https:\\\/\\\/www.barosa.com\\\/\"},{\"@type\":\"ListItem\",\"position\":2,\"name\":\"Shop\",\"item\":\"https:\\\/\\\/www.barosa.com\\\/shop\\\/\"},{\"@type\":\"ListItem\",\"position\":3,\"name\":\"Cookie Dough 100ml | Ben &#038; Jerry&#8217;s\"}]},{\"@type\":\"WebSite\",\"@id\":\"https:\\\/\\\/www.barosa.com\\\/#website\",\"url\":\"https:\\\/\\\/www.barosa.com\\\/\",\"name\":\"BAROSA Congelados | Manuel de Sousa Barosa, Lda.\",\"description\":\"Empresa de transforma\u00e7\u00e3o e comercializa\u00e7\u00e3o de produtos alimentares congelados. BAROSA \u00ae Pescados, &quot;N\u00e3o h\u00e1 bom garfo que resista\u00ae&quot;. BAROSA \u00ae FoodService &quot;O lado bom da comida\u00ae&quot;. Pescados Crust\u00e1ceos Mariscos Cefal\u00f3podes Bivalves Padaria Pastelaria Pizzas Sobremesas\",\"publisher\":{\"@id\":\"https:\\\/\\\/www.barosa.com\\\/#organization\"},\"alternateName\":\"BAROSA\u00ae\",\"potentialAction\":[{\"@type\":\"SearchAction\",\"target\":{\"@type\":\"EntryPoint\",\"urlTemplate\":\"https:\\\/\\\/www.barosa.com\\\/?s={search_term_string}\"},\"query-input\":{\"@type\":\"PropertyValueSpecification\",\"valueRequired\":true,\"valueName\":\"search_term_string\"}}],\"inLanguage\":\"de\"},{\"@type\":\"Organization\",\"@id\":\"https:\\\/\\\/www.barosa.com\\\/#organization\",\"name\":\"Manuel de Sousa Barosa, Lda.\",\"alternateName\":\"BAROSA\",\"url\":\"https:\\\/\\\/www.barosa.com\\\/\",\"logo\":{\"@type\":\"ImageObject\",\"inLanguage\":\"de\",\"@id\":\"https:\\\/\\\/www.barosa.com\\\/#\\\/schema\\\/logo\\\/image\\\/\",\"url\":\"https:\\\/\\\/www.barosa.com\\\/wp-content\\\/uploads\\\/2025\\\/03\\\/BAROSA-Logo-696x696-1.jpg\",\"contentUrl\":\"https:\\\/\\\/www.barosa.com\\\/wp-content\\\/uploads\\\/2025\\\/03\\\/BAROSA-Logo-696x696-1.jpg\",\"width\":696,\"height\":696,\"caption\":\"Manuel de Sousa Barosa, Lda.\"},\"image\":{\"@id\":\"https:\\\/\\\/www.barosa.com\\\/#\\\/schema\\\/logo\\\/image\\\/\"},\"sameAs\":[\"http:\\\/\\\/www.facebook.com\\\/barosa\\\/\",\"https:\\\/\\\/x.com\\\/barosa_lda\",\"https:\\\/\\\/www.instagram.com\\\/barosa_lda\\\/\",\"https:\\\/\\\/pt.linkedin.com\\\/company\\\/barosa-lda\"],\"description\":\"Empresa de transforma\u00e7\u00e3o e comercializa\u00e7\u00e3o de produtos alimentares congelados. BAROSA \u00ae Pescados, \\\"N\u00e3o h\u00e1 bom garfo que resista\u00ae\\\". BAROSA \u00ae FoodService \\\"O lado bom da comida!\u00ae\\\"\",\"email\":\"info@barosa.com\",\"telephone\":\"+351 262824403\",\"legalName\":\"Manuel de Sousa Barosa, Lda.\",\"foundingDate\":\"1975-05-21\",\"vatID\":\"503365190\",\"taxID\":\"503365190\",\"duns\":\"452388713\",\"numberOfEmployees\":{\"@type\":\"QuantitativeValue\",\"minValue\":\"11\",\"maxValue\":\"50\"},\"ethicsPolicy\":\"https:\\\/\\\/www.barosa.com\\\/politicaprivacidade\\\/\"}]}<\/script>\n<!-- \/ Yoast SEO Premium plugin. -->","yoast_head_json":{"title":"Cookie Dough 100ml | Ben & Jerry's - BAROSA Congelados | Manuel de Sousa Barosa, Lda.","description":"Vanilleeis mit Schokoladenkeksen und Schokoladensplittern.","robots":{"index":"index","follow":"follow","max-snippet":"max-snippet:-1","max-image-preview":"max-image-preview:large","max-video-preview":"max-video-preview:-1"},"canonical":"https:\/\/www.barosa.com\/de\/product-2\/cookie-dough-100ml-ben-jerrys\/","og_locale":"de_DE","og_type":"article","og_title":"Cookie Dough 100ml | Ben & Jerry's","og_description":"Gelado de baunilha com peda\u00e7os de biscoito com chocolate e peda\u00e7os de chocolate.","og_url":"https:\/\/www.barosa.com\/de\/product-2\/cookie-dough-100ml-ben-jerrys\/","og_site_name":"BAROSA Congelados | Manuel de Sousa Barosa, Lda.","article_publisher":"http:\/\/www.facebook.com\/barosa\/","article_modified_time":"2025-05-21T07:54:24+00:00","og_image":[{"width":750,"height":750,"url":"https:\/\/www.barosa.com\/wp-content\/uploads\/2023\/08\/Cookie-Dough-100ml-Ben-Jerrys.jpg","type":"image\/jpeg"}],"twitter_card":"summary_large_image","twitter_site":"@barosa_lda","schema":{"@context":"https:\/\/schema.org","@graph":[{"@type":"WebPage","@id":"https:\/\/www.barosa.com\/produto\/cookie-dough-100ml-ben-jerrys\/","url":"https:\/\/www.barosa.com\/produto\/cookie-dough-100ml-ben-jerrys\/","name":"Cookie Dough 100ml | Ben & Jerry's - BAROSA Congelados | Manuel de Sousa Barosa, Lda.","isPartOf":{"@id":"https:\/\/www.barosa.com\/#website"},"primaryImageOfPage":{"@id":"https:\/\/www.barosa.com\/produto\/cookie-dough-100ml-ben-jerrys\/#primaryimage"},"image":{"@id":"https:\/\/www.barosa.com\/produto\/cookie-dough-100ml-ben-jerrys\/#primaryimage"},"thumbnailUrl":"https:\/\/www.barosa.com\/wp-content\/uploads\/2023\/08\/Cookie-Dough-100ml-Ben-Jerrys.jpg","datePublished":"2022-03-21T22:08:39+00:00","dateModified":"2025-05-21T07:54:24+00:00","description":"Vanilleeis mit Schokoladenkeksen und Schokoladensplittern.","breadcrumb":{"@id":"https:\/\/www.barosa.com\/produto\/cookie-dough-100ml-ben-jerrys\/#breadcrumb"},"inLanguage":"de","potentialAction":[{"@type":"ReadAction","target":["https:\/\/www.barosa.com\/produto\/cookie-dough-100ml-ben-jerrys\/"]}]},{"@type":"ImageObject","inLanguage":"de","@id":"https:\/\/www.barosa.com\/produto\/cookie-dough-100ml-ben-jerrys\/#primaryimage","url":"https:\/\/www.barosa.com\/wp-content\/uploads\/2023\/08\/Cookie-Dough-100ml-Ben-Jerrys.jpg","contentUrl":"https:\/\/www.barosa.com\/wp-content\/uploads\/2023\/08\/Cookie-Dough-100ml-Ben-Jerrys.jpg","width":750,"height":750,"caption":"Cookie Dough 100ml | Ben & Jerry\u2019s"},{"@type":"BreadcrumbList","@id":"https:\/\/www.barosa.com\/produto\/cookie-dough-100ml-ben-jerrys\/#breadcrumb","itemListElement":[{"@type":"ListItem","position":1,"name":"In\u00edcio","item":"https:\/\/www.barosa.com\/"},{"@type":"ListItem","position":2,"name":"Shop","item":"https:\/\/www.barosa.com\/shop\/"},{"@type":"ListItem","position":3,"name":"Cookie Dough 100ml | Ben &#038; Jerry&#8217;s"}]},{"@type":"WebSite","@id":"https:\/\/www.barosa.com\/#website","url":"https:\/\/www.barosa.com\/","name":"BAROSA Congelados | Manuel de Sousa Barosa, Lda.","description":"Ein Unternehmen, das Tiefk\u00fchlkostprodukte verarbeitet und verkauft. BAROSA \u00ae Fisch, \"Keine gute Gabel kann widerstehen\u00ae\". BAROSA \u00ae FoodService \"Die gute Seite des Essens\u00ae\". Fisch Krustentiere Schalentiere Kopff\u00fc\u00dfer Muscheln B\u00e4ckerei Geb\u00e4ck Pizzas Desserts","publisher":{"@id":"https:\/\/www.barosa.com\/#organization"},"alternateName":"BAROSA\u00ae","potentialAction":[{"@type":"SearchAction","target":{"@type":"EntryPoint","urlTemplate":"https:\/\/www.barosa.com\/?s={search_term_string}"},"query-input":{"@type":"PropertyValueSpecification","valueRequired":true,"valueName":"search_term_string"}}],"inLanguage":"de"},{"@type":"Organization","@id":"https:\/\/www.barosa.com\/#organization","name":"Manuel de Sousa Barosa, Lda.","alternateName":"BAROSA","url":"https:\/\/www.barosa.com\/","logo":{"@type":"ImageObject","inLanguage":"de","@id":"https:\/\/www.barosa.com\/#\/schema\/logo\/image\/","url":"https:\/\/www.barosa.com\/wp-content\/uploads\/2025\/03\/BAROSA-Logo-696x696-1.jpg","contentUrl":"https:\/\/www.barosa.com\/wp-content\/uploads\/2025\/03\/BAROSA-Logo-696x696-1.jpg","width":696,"height":696,"caption":"Manuel de Sousa Barosa, Lda."},"image":{"@id":"https:\/\/www.barosa.com\/#\/schema\/logo\/image\/"},"sameAs":["http:\/\/www.facebook.com\/barosa\/","https:\/\/x.com\/barosa_lda","https:\/\/www.instagram.com\/barosa_lda\/","https:\/\/pt.linkedin.com\/company\/barosa-lda"],"description":"Ein Unternehmen, das Tiefk\u00fchlkostprodukte verarbeitet und verkauft. BAROSA \u00ae Fisch, \"Keine gute Gabel kann widerstehen\u00ae\". BAROSA \u00ae FoodService \"Die gute Seite des Essens!\u00ae\"","email":"info@barosa.com","telephone":"+351 262824403","legalName":"Manuel de Sousa Barosa, Lda.","foundingDate":"1975-05-21","vatID":"503365190","taxID":"503365190","duns":"452388713","numberOfEmployees":{"@type":"QuantitativeValue","minValue":"11","maxValue":"50"},"ethicsPolicy":"https:\/\/www.barosa.com\/politicaprivacidade\/"}]}},"_links":{"self":[{"href":"https:\/\/www.barosa.com\/de\/wp-json\/wp\/v2\/product\/7074","targetHints":{"allow":["GET"]}}],"collection":[{"href":"https:\/\/www.barosa.com\/de\/wp-json\/wp\/v2\/product"}],"about":[{"href":"https:\/\/www.barosa.com\/de\/wp-json\/wp\/v2\/types\/product"}],"wp:featuredmedia":[{"embeddable":true,"href":"https:\/\/www.barosa.com\/de\/wp-json\/wp\/v2\/media\/10036"}],"wp:attachment":[{"href":"https:\/\/www.barosa.com\/de\/wp-json\/wp\/v2\/media?parent=7074"}],"wp:term":[{"taxonomy":"product_brand","embeddable":true,"href":"https:\/\/www.barosa.com\/de\/wp-json\/wp\/v2\/product_brand?post=7074"},{"taxonomy":"product_cat","embeddable":true,"href":"https:\/\/www.barosa.com\/de\/wp-json\/wp\/v2\/product_cat?post=7074"},{"taxonomy":"product_tag","embeddable":true,"href":"https:\/\/www.barosa.com\/de\/wp-json\/wp\/v2\/product_tag?post=7074"}],"curies":[{"name":"wp","href":"https:\/\/api.w.org\/{rel}","templated":true}]}}