{"id":6749,"date":"2022-01-31T23:36:00","date_gmt":"2022-01-31T22:36:00","guid":{"rendered":"https:\/\/www.barosa.com\/?post_type=product&#038;p=6749"},"modified":"2022-12-05T13:56:02","modified_gmt":"2022-12-05T12:56:02","slug":"hamburguer-de-beterraba","status":"publish","type":"product","link":"https:\/\/www.barosa.com\/de\/produto\/hamburguer-de-beterraba\/","title":{"rendered":"Rote-Bete-Burger"},"content":{"rendered":"","protected":false},"excerpt":{"rendered":"<p>O hamb\u00farguer de beterraba pr\u00e9-frito traz cor imediatamente ao seu prato. Este crocante hamb\u00farguer vegetal com beterraba e feij\u00e3o fica delicioso no p\u00e3o de hamb\u00farguer, como acompanhamento ou como hamb\u00farguer vegano ou vegetariano. A cor vermelha, a forma redonda e a textura rica em fibras s\u00e3o uma alternativa perfeita ao hamb\u00farguer tradicional.<\/p>\n<p>Tipo de embalagem:<\/p>\n<ul>\n<li>Peso unit\u00e1rio: \u00b1100 grs<\/li>\n<li>Numero de unidades: \u00b1 20<\/li>\n<li>Peso por caixa: 2 Kgs<\/li>\n<\/ul>\n[bg_collapse view=\"link\" color=\"#4a4949\" expand_text=\"Mostrar mais \u25bc\" collapse_text=\"Mostrar menos \u25b2\" ]<\/p>\n<p><strong><span style=\"color: #000080;\">Modos de Prepara\u00e7\u00e3o<\/span><\/strong><\/p>\n<p><img loading=\"lazy\" decoding=\"async\" class=\"size-full wp-image-6529\" src=\"https:\/\/www.barosa.com\/wp-content\/uploads\/2021\/11\/Fritadeira.png\" alt=\"Fritadeira\" width=\"30\" height=\"30\" srcset=\"https:\/\/www.barosa.com\/wp-content\/uploads\/2021\/11\/Fritadeira.png 30w, https:\/\/www.barosa.com\/wp-content\/uploads\/2021\/11\/Fritadeira-12x12.png 12w\" sizes=\"auto, (max-width: 30px) 100vw, 30px\" \/><\/p>\n<p><strong>Na fritadeira<\/strong><\/p>\n<ul>\n<li>Frite o produto por 4 minutos em \u00f3leo pr\u00e9-aquecido a 175\u00b0C. N\u00e3o frite muitos de uma s\u00f3 vez para evitar a perda de calor.<\/li>\n<\/ul>\n<p>&nbsp;<\/p>\n<p><img loading=\"lazy\" decoding=\"async\" class=\"size-full wp-image-6531\" src=\"https:\/\/www.barosa.com\/wp-content\/uploads\/2021\/11\/Frigideira.png\" alt=\"Frigideira\" width=\"30\" height=\"30\" srcset=\"https:\/\/www.barosa.com\/wp-content\/uploads\/2021\/11\/Frigideira.png 30w, https:\/\/www.barosa.com\/wp-content\/uploads\/2021\/11\/Frigideira-12x12.png 12w\" sizes=\"auto, (max-width: 30px) 100vw, 30px\" \/><\/p>\n<p><strong>Na frigideira<\/strong><\/p>\n<ul>\n<li>Frite o produto com 3 colheres de sopa de \u00f3leo por 7-8 min., virando de vez em quando.<\/li>\n<\/ul>\n<p><img loading=\"lazy\" decoding=\"async\" class=\"size-full wp-image-6530\" src=\"https:\/\/www.barosa.com\/wp-content\/uploads\/2021\/11\/Forno.png\" alt=\"Forno\" width=\"30\" height=\"30\" srcset=\"https:\/\/www.barosa.com\/wp-content\/uploads\/2021\/11\/Forno.png 30w, https:\/\/www.barosa.com\/wp-content\/uploads\/2021\/11\/Forno-12x12.png 12w\" sizes=\"auto, (max-width: 30px) 100vw, 30px\" \/><\/p>\n<p><strong>Forno<\/strong><\/p>\n<ul>\n<li>Coloque o produto em uma assadeira em uma \u00fanica camada. Asse em forno pr\u00e9-aquecido a 200\u00b0C por 18-20 minutos ou at\u00e9 dourar e ficar crocante, virando uma vez.<\/li>\n<\/ul>\n<p>&nbsp;<\/p>\n<p><strong>Alerg\u00e9nicos:<\/strong> Gl\u00faten, Mostarda, Soja, Sulfito<\/p>\n<p><strong>Ingredientes:<\/strong><\/p>\n<p>Legumes (beterraba 17%, feij\u00e3o 9%, soja, cenoura 5%), \u00e1gua, miolo (beterraba 5%, batata, fermento), \u00f3leo de girassol, p\u00e3o ralado (farinha de trigo (gl\u00faten), sal, fermento), cozido bulgur (gl\u00faten) 5%, flocos de batata, farinha de trigo (gl\u00faten), composto de r\u00e1bano (r\u00e1bano, vinagre, \u00f3leo de girassol, \u00e1gua), amido de milho, mostarda (\u00e1gua, semente de mostarda, vinagre, a\u00e7\u00facar, sal, especiarias, aroma), sal, legumes secos (cebola, tomate, alho), ervas arom\u00e1ticas, sumo de lim\u00e3o, alho em p\u00f3. Cont\u00e9m sulfitos.<\/p>\n<p>[\/bg_collapse]\n<p>&nbsp;<\/p>\n<p>Marca: Ardo<\/p>\n<h6><em>Produto congelado<\/em><\/h6>\n","protected":false},"featured_media":6747,"template":"","meta":[],"product_brand":[],"product_cat":[446,182],"product_tag":[],"class_list":{"0":"post-6749","1":"product","2":"type-product","3":"status-publish","4":"has-post-thumbnail","6":"product_cat-alternativos-a-carne","7":"product_cat-vegetais-catering","8":"pa_preco-680e","10":"first","11":"instock","12":"taxable","13":"shipping-taxable","14":"purchasable","15":"product-type-simple"},"yoast_head":"<!-- This site is optimized with the Yoast SEO Premium plugin v27.5 (Yoast SEO v27.5) - https:\/\/yoast.com\/product\/yoast-seo-premium-wordpress\/ -->\n<title>Hamb\u00farguer de Beterraba - BAROSA Congelados | Manuel de Sousa Barosa, Lda.<\/title>\n<meta name=\"description\" content=\"O hamb\u00farguer de beterraba pr\u00e9-frito traz cor imediatamente ao seu prato.\" \/>\n<meta name=\"robots\" content=\"index, follow, max-snippet:-1, max-image-preview:large, max-video-preview:-1\" \/>\n<link rel=\"canonical\" href=\"https:\/\/www.barosa.com\/de\/product-2\/hamburguer-de-beterraba\/\" \/>\n<meta property=\"og:locale\" content=\"de_DE\" \/>\n<meta property=\"og:type\" content=\"article\" \/>\n<meta property=\"og:title\" content=\"Hamb\u00farguer de Beterraba\" \/>\n<meta property=\"og:description\" content=\"O hamb\u00farguer de beterraba pr\u00e9-frito traz cor imediatamente ao seu prato.\" \/>\n<meta property=\"og:url\" content=\"https:\/\/www.barosa.com\/de\/product-2\/hamburguer-de-beterraba\/\" \/>\n<meta property=\"og:site_name\" content=\"BAROSA Congelados | Manuel de Sousa Barosa, Lda.\" \/>\n<meta property=\"article:publisher\" content=\"http:\/\/www.facebook.com\/barosa\/\" \/>\n<meta property=\"article:modified_time\" content=\"2022-12-05T12:56:02+00:00\" \/>\n<meta property=\"og:image\" content=\"https:\/\/www.barosa.com\/wp-content\/uploads\/2022\/01\/Hamburguer-Beterraba-10-X-1-Kg-Ardo.jpg\" \/>\n\t<meta property=\"og:image:width\" content=\"1400\" \/>\n\t<meta property=\"og:image:height\" content=\"1400\" \/>\n\t<meta property=\"og:image:type\" content=\"image\/jpeg\" \/>\n<meta name=\"twitter:card\" content=\"summary_large_image\" \/>\n<meta name=\"twitter:site\" content=\"@barosa_lda\" \/>\n<script type=\"application\/ld+json\" class=\"yoast-schema-graph\">{\"@context\":\"https:\\\/\\\/schema.org\",\"@graph\":[{\"@type\":\"WebPage\",\"@id\":\"https:\\\/\\\/www.barosa.com\\\/produto\\\/hamburguer-de-beterraba\\\/\",\"url\":\"https:\\\/\\\/www.barosa.com\\\/produto\\\/hamburguer-de-beterraba\\\/\",\"name\":\"Hamb\u00farguer de Beterraba - BAROSA Congelados | Manuel de Sousa Barosa, Lda.\",\"isPartOf\":{\"@id\":\"https:\\\/\\\/www.barosa.com\\\/#website\"},\"primaryImageOfPage\":{\"@id\":\"https:\\\/\\\/www.barosa.com\\\/produto\\\/hamburguer-de-beterraba\\\/#primaryimage\"},\"image\":{\"@id\":\"https:\\\/\\\/www.barosa.com\\\/produto\\\/hamburguer-de-beterraba\\\/#primaryimage\"},\"thumbnailUrl\":\"https:\\\/\\\/www.barosa.com\\\/wp-content\\\/uploads\\\/2022\\\/01\\\/Hamburguer-Beterraba-10-X-1-Kg-Ardo.jpg\",\"datePublished\":\"2022-01-31T22:36:00+00:00\",\"dateModified\":\"2022-12-05T12:56:02+00:00\",\"description\":\"O hamb\u00farguer de beterraba pr\u00e9-frito traz cor imediatamente ao seu prato.\",\"breadcrumb\":{\"@id\":\"https:\\\/\\\/www.barosa.com\\\/produto\\\/hamburguer-de-beterraba\\\/#breadcrumb\"},\"inLanguage\":\"de\",\"potentialAction\":[{\"@type\":\"ReadAction\",\"target\":[\"https:\\\/\\\/www.barosa.com\\\/produto\\\/hamburguer-de-beterraba\\\/\"]}]},{\"@type\":\"ImageObject\",\"inLanguage\":\"de\",\"@id\":\"https:\\\/\\\/www.barosa.com\\\/produto\\\/hamburguer-de-beterraba\\\/#primaryimage\",\"url\":\"https:\\\/\\\/www.barosa.com\\\/wp-content\\\/uploads\\\/2022\\\/01\\\/Hamburguer-Beterraba-10-X-1-Kg-Ardo.jpg\",\"contentUrl\":\"https:\\\/\\\/www.barosa.com\\\/wp-content\\\/uploads\\\/2022\\\/01\\\/Hamburguer-Beterraba-10-X-1-Kg-Ardo.jpg\",\"width\":1400,\"height\":1400,\"caption\":\"Hamb\u00farguer Beterraba 10 X 1 Kg (Ardo)\"},{\"@type\":\"BreadcrumbList\",\"@id\":\"https:\\\/\\\/www.barosa.com\\\/produto\\\/hamburguer-de-beterraba\\\/#breadcrumb\",\"itemListElement\":[{\"@type\":\"ListItem\",\"position\":1,\"name\":\"In\u00edcio\",\"item\":\"https:\\\/\\\/www.barosa.com\\\/\"},{\"@type\":\"ListItem\",\"position\":2,\"name\":\"Shop\",\"item\":\"https:\\\/\\\/www.barosa.com\\\/shop\\\/\"},{\"@type\":\"ListItem\",\"position\":3,\"name\":\"Hamb\u00farguer de Beterraba\"}]},{\"@type\":\"WebSite\",\"@id\":\"https:\\\/\\\/www.barosa.com\\\/#website\",\"url\":\"https:\\\/\\\/www.barosa.com\\\/\",\"name\":\"BAROSA Congelados | Manuel de Sousa Barosa, Lda.\",\"description\":\"Empresa de transforma\u00e7\u00e3o e comercializa\u00e7\u00e3o de produtos alimentares congelados. BAROSA \u00ae Pescados, &quot;N\u00e3o h\u00e1 bom garfo que resista\u00ae&quot;. BAROSA \u00ae FoodService &quot;O lado bom da comida\u00ae&quot;. Pescados Crust\u00e1ceos Mariscos Cefal\u00f3podes Bivalves Padaria Pastelaria Pizzas Sobremesas\",\"publisher\":{\"@id\":\"https:\\\/\\\/www.barosa.com\\\/#organization\"},\"alternateName\":\"BAROSA\u00ae\",\"potentialAction\":[{\"@type\":\"SearchAction\",\"target\":{\"@type\":\"EntryPoint\",\"urlTemplate\":\"https:\\\/\\\/www.barosa.com\\\/?s={search_term_string}\"},\"query-input\":{\"@type\":\"PropertyValueSpecification\",\"valueRequired\":true,\"valueName\":\"search_term_string\"}}],\"inLanguage\":\"de\"},{\"@type\":\"Organization\",\"@id\":\"https:\\\/\\\/www.barosa.com\\\/#organization\",\"name\":\"Manuel de Sousa Barosa, Lda.\",\"alternateName\":\"BAROSA\",\"url\":\"https:\\\/\\\/www.barosa.com\\\/\",\"logo\":{\"@type\":\"ImageObject\",\"inLanguage\":\"de\",\"@id\":\"https:\\\/\\\/www.barosa.com\\\/#\\\/schema\\\/logo\\\/image\\\/\",\"url\":\"https:\\\/\\\/www.barosa.com\\\/wp-content\\\/uploads\\\/2025\\\/03\\\/BAROSA-Logo-696x696-1.jpg\",\"contentUrl\":\"https:\\\/\\\/www.barosa.com\\\/wp-content\\\/uploads\\\/2025\\\/03\\\/BAROSA-Logo-696x696-1.jpg\",\"width\":696,\"height\":696,\"caption\":\"Manuel de Sousa Barosa, Lda.\"},\"image\":{\"@id\":\"https:\\\/\\\/www.barosa.com\\\/#\\\/schema\\\/logo\\\/image\\\/\"},\"sameAs\":[\"http:\\\/\\\/www.facebook.com\\\/barosa\\\/\",\"https:\\\/\\\/x.com\\\/barosa_lda\",\"https:\\\/\\\/www.instagram.com\\\/barosa_lda\\\/\",\"https:\\\/\\\/pt.linkedin.com\\\/company\\\/barosa-lda\"],\"description\":\"Empresa de transforma\u00e7\u00e3o e comercializa\u00e7\u00e3o de produtos alimentares congelados. BAROSA \u00ae Pescados, \\\"N\u00e3o h\u00e1 bom garfo que resista\u00ae\\\". BAROSA \u00ae FoodService \\\"O lado bom da comida!\u00ae\\\"\",\"email\":\"info@barosa.com\",\"telephone\":\"+351 262824403\",\"legalName\":\"Manuel de Sousa Barosa, Lda.\",\"foundingDate\":\"1975-05-21\",\"vatID\":\"503365190\",\"taxID\":\"503365190\",\"duns\":\"452388713\",\"numberOfEmployees\":{\"@type\":\"QuantitativeValue\",\"minValue\":\"11\",\"maxValue\":\"50\"},\"ethicsPolicy\":\"https:\\\/\\\/www.barosa.com\\\/politicaprivacidade\\\/\"}]}<\/script>\n<!-- \/ Yoast SEO Premium plugin. -->","yoast_head_json":{"title":"Hamb\u00farguer de Beterraba - BAROSA Congelados | Manuel de Sousa Barosa, Lda.","description":"Der vorgebratene Rote-Bete-Burger bringt sofort Farbe auf Ihren Teller.","robots":{"index":"index","follow":"follow","max-snippet":"max-snippet:-1","max-image-preview":"max-image-preview:large","max-video-preview":"max-video-preview:-1"},"canonical":"https:\/\/www.barosa.com\/de\/product-2\/hamburguer-de-beterraba\/","og_locale":"de_DE","og_type":"article","og_title":"Hamb\u00farguer de Beterraba","og_description":"O hamb\u00farguer de beterraba pr\u00e9-frito traz cor imediatamente ao seu prato.","og_url":"https:\/\/www.barosa.com\/de\/product-2\/hamburguer-de-beterraba\/","og_site_name":"BAROSA Congelados | Manuel de Sousa Barosa, Lda.","article_publisher":"http:\/\/www.facebook.com\/barosa\/","article_modified_time":"2022-12-05T12:56:02+00:00","og_image":[{"width":1400,"height":1400,"url":"https:\/\/www.barosa.com\/wp-content\/uploads\/2022\/01\/Hamburguer-Beterraba-10-X-1-Kg-Ardo.jpg","type":"image\/jpeg"}],"twitter_card":"summary_large_image","twitter_site":"@barosa_lda","schema":{"@context":"https:\/\/schema.org","@graph":[{"@type":"WebPage","@id":"https:\/\/www.barosa.com\/produto\/hamburguer-de-beterraba\/","url":"https:\/\/www.barosa.com\/produto\/hamburguer-de-beterraba\/","name":"Hamb\u00farguer de Beterraba - BAROSA Congelados | Manuel de Sousa Barosa, Lda.","isPartOf":{"@id":"https:\/\/www.barosa.com\/#website"},"primaryImageOfPage":{"@id":"https:\/\/www.barosa.com\/produto\/hamburguer-de-beterraba\/#primaryimage"},"image":{"@id":"https:\/\/www.barosa.com\/produto\/hamburguer-de-beterraba\/#primaryimage"},"thumbnailUrl":"https:\/\/www.barosa.com\/wp-content\/uploads\/2022\/01\/Hamburguer-Beterraba-10-X-1-Kg-Ardo.jpg","datePublished":"2022-01-31T22:36:00+00:00","dateModified":"2022-12-05T12:56:02+00:00","description":"Der vorgebratene Rote-Bete-Burger bringt sofort Farbe auf Ihren Teller.","breadcrumb":{"@id":"https:\/\/www.barosa.com\/produto\/hamburguer-de-beterraba\/#breadcrumb"},"inLanguage":"de","potentialAction":[{"@type":"ReadAction","target":["https:\/\/www.barosa.com\/produto\/hamburguer-de-beterraba\/"]}]},{"@type":"ImageObject","inLanguage":"de","@id":"https:\/\/www.barosa.com\/produto\/hamburguer-de-beterraba\/#primaryimage","url":"https:\/\/www.barosa.com\/wp-content\/uploads\/2022\/01\/Hamburguer-Beterraba-10-X-1-Kg-Ardo.jpg","contentUrl":"https:\/\/www.barosa.com\/wp-content\/uploads\/2022\/01\/Hamburguer-Beterraba-10-X-1-Kg-Ardo.jpg","width":1400,"height":1400,"caption":"Hamb\u00farguer Beterraba 10 X 1 Kg (Ardo)"},{"@type":"BreadcrumbList","@id":"https:\/\/www.barosa.com\/produto\/hamburguer-de-beterraba\/#breadcrumb","itemListElement":[{"@type":"ListItem","position":1,"name":"In\u00edcio","item":"https:\/\/www.barosa.com\/"},{"@type":"ListItem","position":2,"name":"Shop","item":"https:\/\/www.barosa.com\/shop\/"},{"@type":"ListItem","position":3,"name":"Hamb\u00farguer de Beterraba"}]},{"@type":"WebSite","@id":"https:\/\/www.barosa.com\/#website","url":"https:\/\/www.barosa.com\/","name":"BAROSA Congelados | Manuel de Sousa Barosa, Lda.","description":"Ein Unternehmen, das Tiefk\u00fchlkostprodukte verarbeitet und verkauft. BAROSA \u00ae Fisch, \"Keine gute Gabel kann widerstehen\u00ae\". BAROSA \u00ae FoodService \"Die gute Seite des Essens\u00ae\". Fisch Krustentiere Schalentiere Kopff\u00fc\u00dfer Muscheln B\u00e4ckerei Geb\u00e4ck Pizzas Desserts","publisher":{"@id":"https:\/\/www.barosa.com\/#organization"},"alternateName":"BAROSA\u00ae","potentialAction":[{"@type":"SearchAction","target":{"@type":"EntryPoint","urlTemplate":"https:\/\/www.barosa.com\/?s={search_term_string}"},"query-input":{"@type":"PropertyValueSpecification","valueRequired":true,"valueName":"search_term_string"}}],"inLanguage":"de"},{"@type":"Organization","@id":"https:\/\/www.barosa.com\/#organization","name":"Manuel de Sousa Barosa, Lda.","alternateName":"BAROSA","url":"https:\/\/www.barosa.com\/","logo":{"@type":"ImageObject","inLanguage":"de","@id":"https:\/\/www.barosa.com\/#\/schema\/logo\/image\/","url":"https:\/\/www.barosa.com\/wp-content\/uploads\/2025\/03\/BAROSA-Logo-696x696-1.jpg","contentUrl":"https:\/\/www.barosa.com\/wp-content\/uploads\/2025\/03\/BAROSA-Logo-696x696-1.jpg","width":696,"height":696,"caption":"Manuel de Sousa Barosa, Lda."},"image":{"@id":"https:\/\/www.barosa.com\/#\/schema\/logo\/image\/"},"sameAs":["http:\/\/www.facebook.com\/barosa\/","https:\/\/x.com\/barosa_lda","https:\/\/www.instagram.com\/barosa_lda\/","https:\/\/pt.linkedin.com\/company\/barosa-lda"],"description":"Ein Unternehmen, das Tiefk\u00fchlkostprodukte verarbeitet und verkauft. BAROSA \u00ae Fisch, \"Keine gute Gabel kann widerstehen\u00ae\". BAROSA \u00ae FoodService \"Die gute Seite des Essens!\u00ae\"","email":"info@barosa.com","telephone":"+351 262824403","legalName":"Manuel de Sousa Barosa, Lda.","foundingDate":"1975-05-21","vatID":"503365190","taxID":"503365190","duns":"452388713","numberOfEmployees":{"@type":"QuantitativeValue","minValue":"11","maxValue":"50"},"ethicsPolicy":"https:\/\/www.barosa.com\/politicaprivacidade\/"}]}},"_links":{"self":[{"href":"https:\/\/www.barosa.com\/de\/wp-json\/wp\/v2\/product\/6749","targetHints":{"allow":["GET"]}}],"collection":[{"href":"https:\/\/www.barosa.com\/de\/wp-json\/wp\/v2\/product"}],"about":[{"href":"https:\/\/www.barosa.com\/de\/wp-json\/wp\/v2\/types\/product"}],"wp:featuredmedia":[{"embeddable":true,"href":"https:\/\/www.barosa.com\/de\/wp-json\/wp\/v2\/media\/6747"}],"wp:attachment":[{"href":"https:\/\/www.barosa.com\/de\/wp-json\/wp\/v2\/media?parent=6749"}],"wp:term":[{"taxonomy":"product_brand","embeddable":true,"href":"https:\/\/www.barosa.com\/de\/wp-json\/wp\/v2\/product_brand?post=6749"},{"taxonomy":"product_cat","embeddable":true,"href":"https:\/\/www.barosa.com\/de\/wp-json\/wp\/v2\/product_cat?post=6749"},{"taxonomy":"product_tag","embeddable":true,"href":"https:\/\/www.barosa.com\/de\/wp-json\/wp\/v2\/product_tag?post=6749"}],"curies":[{"name":"wp","href":"https:\/\/api.w.org\/{rel}","templated":true}]}}