{"id":6582,"date":"2021-11-10T23:20:04","date_gmt":"2021-11-10T22:20:04","guid":{"rendered":"https:\/\/www.barosa.com\/?post_type=product&#038;p=6582"},"modified":"2026-03-13T11:13:37","modified_gmt":"2026-03-13T10:13:37","slug":"the-vegetarian-butcher-hamburguer-premium-vegan-congelado-2-26kg","status":"publish","type":"product","link":"https:\/\/www.barosa.com\/de\/produto\/the-vegetarian-butcher-hamburguer-premium-vegan-congelado-2-26kg\/","title":{"rendered":"The Vegetarian Butcher - Gefrorener veganer Premium-Burger 2.26kg"},"content":{"rendered":"","protected":false},"excerpt":{"rendered":"<ul class=\"ufs-product-usplist\">\n<li>Hamb\u00farguer 100%, \u00e0 base de prote\u00edna de soja, com a mesma textura e sabor de um hamb\u00farguer artesanal.<\/li>\n<\/ul>\n<p>&nbsp;<\/p>\n<p>Tipo de embalagem:<\/p>\n<ul>\n<li>Caixa com 20 Unidades<\/li>\n<li>Peso unit\u00e1rio: 113 grs<\/li>\n<li>Peso total: 2.26Kg<\/li>\n<\/ul>\n<p><strong>Informa\u00e7\u00e3o diet\u00e9tica<\/strong><br \/>\nVegan<\/p>\n<p>Marca: The Vegetarian Butcher<\/p>\n[bg_collapse view=\"link\" color=\"#4a4949\" expand_text=\"Mostrar mais \u25bc\" collapse_text=\"Mostrar menos \u25b2\" ]<\/p>\n<p><strong>Ingredientes<\/strong><br \/>\nPreparado vegetal (48%) [\u00e1gua, prote\u00edna de SOJA concentrada, prote\u00edna de TRIGO texturizada (prote\u00edna de TRIGO, farinha de TRIGO), prote\u00edna de SOJA isolada, GL\u00daTEN de TRIGO, farinha de SOJA, amido de TRIGO], \u00e1gua, \u00f3leo de girassol, prote\u00edna de batata, gordura de palma, espessante (metilcelulose), aromas, amido de tapioca, sal, vinagre desidratado (vinagre de \u00e1lcool, regulador de acidez (hidr\u00f3xido de s\u00f3dio)), sumo de beterraba, fibra de ps\u00edlio, especiarias (pimenta branca, pimenta preta), extrato de malte de CEVADA, maltodextrina, acidificantes (\u00e1cido m\u00e1lico, \u00e1cido c\u00edtrico), fibra de citrinos, corante (extrato de piment\u00e3o), antioxidante (\u00e1cido asc\u00f3rbico), difosfato f\u00e9rrico (pirofosfato f\u00e9rrico), vitamina B12. Pode conter outros cereais que contenham gl\u00faten.<\/p>\n<p><strong>Prepara\u00e7\u00e3o<\/strong><\/p>\n<p><img loading=\"lazy\" decoding=\"async\" class=\"size-full wp-image-6531\" src=\"https:\/\/www.barosa.com\/wp-content\/uploads\/2021\/11\/Frigideira.png\" alt=\"Frigideira\" width=\"30\" height=\"30\" srcset=\"https:\/\/www.barosa.com\/wp-content\/uploads\/2021\/11\/Frigideira.png 30w, https:\/\/www.barosa.com\/wp-content\/uploads\/2021\/11\/Frigideira-12x12.png 12w\" sizes=\"auto, (max-width: 30px) 100vw, 30px\" \/><\/p>\n<p>Aquecer uma frigideira sem \u00f3leo. Cozinhar o produto descongelado durante 8-9 minutos, em lume m\u00e9dio, virando a cada 2 minutos. Para melhores resultados utilizar uma frigideira anti-aderente. Se o produto estiver congelado, o tempo de cozedura ser\u00e1 12-14 minutos. A temperatura no interior do produto deve atingir pelo menos 72\u00baC durante um minuto.<\/p>\n<p>[\/bg_collapse]\n<p>&nbsp;<\/p>\n<h6><em>Produto congelado<\/em><\/h6>\n","protected":false},"featured_media":6583,"template":"","meta":[],"product_brand":[],"product_cat":[446],"product_tag":[],"class_list":{"0":"post-6582","1":"product","2":"type-product","3":"status-publish","4":"has-post-thumbnail","6":"product_cat-alternativos-a-carne","8":"first","9":"instock","10":"taxable","11":"shipping-taxable","12":"purchasable","13":"product-type-simple"},"yoast_head":"<!-- This site is optimized with the Yoast SEO Premium plugin v27.5 (Yoast SEO v27.5) - https:\/\/yoast.com\/product\/yoast-seo-premium-wordpress\/ -->\n<title>The Vegetarian Butcher - Hamb\u00farguer Premium Vegan congelado 2,26kg - BAROSA Congelados | Manuel de Sousa Barosa, Lda.<\/title>\n<meta name=\"description\" content=\"Hamb\u00farguer 100%, \u00e0 base de prote\u00edna de soja, com a mesma textura e sabor de um hamb\u00farguer artesanal.\" \/>\n<meta name=\"robots\" content=\"index, follow, max-snippet:-1, max-image-preview:large, max-video-preview:-1\" \/>\n<link rel=\"canonical\" href=\"https:\/\/www.barosa.com\/de\/product-2\/the-vegetarian-butcher-hamburguer-premium-vegan-congelado-2-26kg\/\" \/>\n<meta property=\"og:locale\" content=\"de_DE\" \/>\n<meta property=\"og:type\" content=\"article\" \/>\n<meta property=\"og:title\" content=\"The Vegetarian Butcher - Hamb\u00farguer Premium Vegan congelado 2,26kg\" \/>\n<meta property=\"og:description\" content=\"Hamb\u00farguer 100%, \u00e0 base de prote\u00edna de soja, com a mesma textura e sabor de um hamb\u00farguer artesanal.\" \/>\n<meta property=\"og:url\" content=\"https:\/\/www.barosa.com\/de\/product-2\/the-vegetarian-butcher-hamburguer-premium-vegan-congelado-2-26kg\/\" \/>\n<meta property=\"og:site_name\" content=\"BAROSA Congelados | Manuel de Sousa Barosa, Lda.\" \/>\n<meta property=\"article:publisher\" content=\"http:\/\/www.facebook.com\/barosa\/\" \/>\n<meta property=\"article:modified_time\" content=\"2026-03-13T10:13:37+00:00\" \/>\n<meta property=\"og:image\" content=\"https:\/\/www.barosa.com\/wp-content\/uploads\/2021\/11\/The-Vegetarian-Butcher-Hamburguer-Premium-Vegan-congelado-2_26kg.jpg\" \/>\n\t<meta property=\"og:image:width\" content=\"1023\" \/>\n\t<meta property=\"og:image:height\" content=\"1023\" \/>\n\t<meta property=\"og:image:type\" content=\"image\/jpeg\" \/>\n<meta name=\"twitter:card\" content=\"summary_large_image\" \/>\n<meta name=\"twitter:site\" content=\"@barosa_lda\" \/>\n<meta name=\"twitter:label1\" content=\"Gesch\u00e4tzte Lesezeit\" \/>\n\t<meta name=\"twitter:data1\" content=\"1\u00a0Minute\" \/>\n<script type=\"application\/ld+json\" class=\"yoast-schema-graph\">{\"@context\":\"https:\\\/\\\/schema.org\",\"@graph\":[{\"@type\":\"WebPage\",\"@id\":\"https:\\\/\\\/www.barosa.com\\\/produto\\\/the-vegetarian-butcher-hamburguer-premium-vegan-congelado-2-26kg\\\/\",\"url\":\"https:\\\/\\\/www.barosa.com\\\/produto\\\/the-vegetarian-butcher-hamburguer-premium-vegan-congelado-2-26kg\\\/\",\"name\":\"The Vegetarian Butcher - Hamb\u00farguer Premium Vegan congelado 2,26kg - BAROSA Congelados | Manuel de Sousa Barosa, Lda.\",\"isPartOf\":{\"@id\":\"https:\\\/\\\/www.barosa.com\\\/#website\"},\"primaryImageOfPage\":{\"@id\":\"https:\\\/\\\/www.barosa.com\\\/produto\\\/the-vegetarian-butcher-hamburguer-premium-vegan-congelado-2-26kg\\\/#primaryimage\"},\"image\":{\"@id\":\"https:\\\/\\\/www.barosa.com\\\/produto\\\/the-vegetarian-butcher-hamburguer-premium-vegan-congelado-2-26kg\\\/#primaryimage\"},\"thumbnailUrl\":\"https:\\\/\\\/www.barosa.com\\\/wp-content\\\/uploads\\\/2021\\\/11\\\/The-Vegetarian-Butcher-Hamburguer-Premium-Vegan-congelado-2_26kg.jpg\",\"datePublished\":\"2021-11-10T22:20:04+00:00\",\"dateModified\":\"2026-03-13T10:13:37+00:00\",\"description\":\"Hamb\u00farguer 100%, \u00e0 base de prote\u00edna de soja, com a mesma textura e sabor de um hamb\u00farguer artesanal.\",\"breadcrumb\":{\"@id\":\"https:\\\/\\\/www.barosa.com\\\/produto\\\/the-vegetarian-butcher-hamburguer-premium-vegan-congelado-2-26kg\\\/#breadcrumb\"},\"inLanguage\":\"de\",\"potentialAction\":[{\"@type\":\"ReadAction\",\"target\":[\"https:\\\/\\\/www.barosa.com\\\/produto\\\/the-vegetarian-butcher-hamburguer-premium-vegan-congelado-2-26kg\\\/\"]}]},{\"@type\":\"ImageObject\",\"inLanguage\":\"de\",\"@id\":\"https:\\\/\\\/www.barosa.com\\\/produto\\\/the-vegetarian-butcher-hamburguer-premium-vegan-congelado-2-26kg\\\/#primaryimage\",\"url\":\"https:\\\/\\\/www.barosa.com\\\/wp-content\\\/uploads\\\/2021\\\/11\\\/The-Vegetarian-Butcher-Hamburguer-Premium-Vegan-congelado-2_26kg.jpg\",\"contentUrl\":\"https:\\\/\\\/www.barosa.com\\\/wp-content\\\/uploads\\\/2021\\\/11\\\/The-Vegetarian-Butcher-Hamburguer-Premium-Vegan-congelado-2_26kg.jpg\",\"width\":1023,\"height\":1023,\"caption\":\"The Vegetarian Butcher - Hamb\u00farguer Premium Vegan congelado 2,26kg\"},{\"@type\":\"BreadcrumbList\",\"@id\":\"https:\\\/\\\/www.barosa.com\\\/produto\\\/the-vegetarian-butcher-hamburguer-premium-vegan-congelado-2-26kg\\\/#breadcrumb\",\"itemListElement\":[{\"@type\":\"ListItem\",\"position\":1,\"name\":\"In\u00edcio\",\"item\":\"https:\\\/\\\/www.barosa.com\\\/\"},{\"@type\":\"ListItem\",\"position\":2,\"name\":\"Shop\",\"item\":\"https:\\\/\\\/www.barosa.com\\\/shop\\\/\"},{\"@type\":\"ListItem\",\"position\":3,\"name\":\"The Vegetarian Butcher &#8211; Hamb\u00farguer Premium Vegan congelado 2,26kg\"}]},{\"@type\":\"WebSite\",\"@id\":\"https:\\\/\\\/www.barosa.com\\\/#website\",\"url\":\"https:\\\/\\\/www.barosa.com\\\/\",\"name\":\"BAROSA Congelados | Manuel de Sousa Barosa, Lda.\",\"description\":\"Empresa de transforma\u00e7\u00e3o e comercializa\u00e7\u00e3o de produtos alimentares congelados. BAROSA \u00ae Pescados, &quot;N\u00e3o h\u00e1 bom garfo que resista\u00ae&quot;. BAROSA \u00ae FoodService &quot;O lado bom da comida\u00ae&quot;. Pescados Crust\u00e1ceos Mariscos Cefal\u00f3podes Bivalves Padaria Pastelaria Pizzas Sobremesas\",\"publisher\":{\"@id\":\"https:\\\/\\\/www.barosa.com\\\/#organization\"},\"alternateName\":\"BAROSA\u00ae\",\"potentialAction\":[{\"@type\":\"SearchAction\",\"target\":{\"@type\":\"EntryPoint\",\"urlTemplate\":\"https:\\\/\\\/www.barosa.com\\\/?s={search_term_string}\"},\"query-input\":{\"@type\":\"PropertyValueSpecification\",\"valueRequired\":true,\"valueName\":\"search_term_string\"}}],\"inLanguage\":\"de\"},{\"@type\":\"Organization\",\"@id\":\"https:\\\/\\\/www.barosa.com\\\/#organization\",\"name\":\"Manuel de Sousa Barosa, Lda.\",\"alternateName\":\"BAROSA\",\"url\":\"https:\\\/\\\/www.barosa.com\\\/\",\"logo\":{\"@type\":\"ImageObject\",\"inLanguage\":\"de\",\"@id\":\"https:\\\/\\\/www.barosa.com\\\/#\\\/schema\\\/logo\\\/image\\\/\",\"url\":\"https:\\\/\\\/www.barosa.com\\\/wp-content\\\/uploads\\\/2025\\\/03\\\/BAROSA-Logo-696x696-1.jpg\",\"contentUrl\":\"https:\\\/\\\/www.barosa.com\\\/wp-content\\\/uploads\\\/2025\\\/03\\\/BAROSA-Logo-696x696-1.jpg\",\"width\":696,\"height\":696,\"caption\":\"Manuel de Sousa Barosa, Lda.\"},\"image\":{\"@id\":\"https:\\\/\\\/www.barosa.com\\\/#\\\/schema\\\/logo\\\/image\\\/\"},\"sameAs\":[\"http:\\\/\\\/www.facebook.com\\\/barosa\\\/\",\"https:\\\/\\\/x.com\\\/barosa_lda\",\"https:\\\/\\\/www.instagram.com\\\/barosa_lda\\\/\",\"https:\\\/\\\/pt.linkedin.com\\\/company\\\/barosa-lda\"],\"description\":\"Empresa de transforma\u00e7\u00e3o e comercializa\u00e7\u00e3o de produtos alimentares congelados. BAROSA \u00ae Pescados, \\\"N\u00e3o h\u00e1 bom garfo que resista\u00ae\\\". BAROSA \u00ae FoodService \\\"O lado bom da comida!\u00ae\\\"\",\"email\":\"info@barosa.com\",\"telephone\":\"+351 262824403\",\"legalName\":\"Manuel de Sousa Barosa, Lda.\",\"foundingDate\":\"1975-05-21\",\"vatID\":\"503365190\",\"taxID\":\"503365190\",\"duns\":\"452388713\",\"numberOfEmployees\":{\"@type\":\"QuantitativeValue\",\"minValue\":\"11\",\"maxValue\":\"50\"},\"ethicsPolicy\":\"https:\\\/\\\/www.barosa.com\\\/politicaprivacidade\\\/\"}]}<\/script>\n<!-- \/ Yoast SEO Premium plugin. -->","yoast_head_json":{"title":"The Vegetarian Butcher - Hamb\u00farguer Premium Vegan congelado 2,26kg - BAROSA Congelados | Manuel de Sousa Barosa, Lda.","description":"Hamb\u00farguer 100%, \u00e0 base de prote\u00edna de soja, com a mesma textura e sabor de um hamb\u00farguer artesanal.","robots":{"index":"index","follow":"follow","max-snippet":"max-snippet:-1","max-image-preview":"max-image-preview:large","max-video-preview":"max-video-preview:-1"},"canonical":"https:\/\/www.barosa.com\/de\/product-2\/the-vegetarian-butcher-hamburguer-premium-vegan-congelado-2-26kg\/","og_locale":"de_DE","og_type":"article","og_title":"The Vegetarian Butcher - Hamb\u00farguer Premium Vegan congelado 2,26kg","og_description":"Hamb\u00farguer 100%, \u00e0 base de prote\u00edna de soja, com a mesma textura e sabor de um hamb\u00farguer artesanal.","og_url":"https:\/\/www.barosa.com\/de\/product-2\/the-vegetarian-butcher-hamburguer-premium-vegan-congelado-2-26kg\/","og_site_name":"BAROSA Congelados | Manuel de Sousa Barosa, Lda.","article_publisher":"http:\/\/www.facebook.com\/barosa\/","article_modified_time":"2026-03-13T10:13:37+00:00","og_image":[{"width":1023,"height":1023,"url":"https:\/\/www.barosa.com\/wp-content\/uploads\/2021\/11\/The-Vegetarian-Butcher-Hamburguer-Premium-Vegan-congelado-2_26kg.jpg","type":"image\/jpeg"}],"twitter_card":"summary_large_image","twitter_site":"@barosa_lda","twitter_misc":{"Gesch\u00e4tzte Lesezeit":"1\u00a0Minute"},"schema":{"@context":"https:\/\/schema.org","@graph":[{"@type":"WebPage","@id":"https:\/\/www.barosa.com\/produto\/the-vegetarian-butcher-hamburguer-premium-vegan-congelado-2-26kg\/","url":"https:\/\/www.barosa.com\/produto\/the-vegetarian-butcher-hamburguer-premium-vegan-congelado-2-26kg\/","name":"The Vegetarian Butcher - Hamb\u00farguer Premium Vegan congelado 2,26kg - BAROSA Congelados | Manuel de Sousa Barosa, Lda.","isPartOf":{"@id":"https:\/\/www.barosa.com\/#website"},"primaryImageOfPage":{"@id":"https:\/\/www.barosa.com\/produto\/the-vegetarian-butcher-hamburguer-premium-vegan-congelado-2-26kg\/#primaryimage"},"image":{"@id":"https:\/\/www.barosa.com\/produto\/the-vegetarian-butcher-hamburguer-premium-vegan-congelado-2-26kg\/#primaryimage"},"thumbnailUrl":"https:\/\/www.barosa.com\/wp-content\/uploads\/2021\/11\/The-Vegetarian-Butcher-Hamburguer-Premium-Vegan-congelado-2_26kg.jpg","datePublished":"2021-11-10T22:20:04+00:00","dateModified":"2026-03-13T10:13:37+00:00","description":"Hamb\u00farguer 100%, \u00e0 base de prote\u00edna de soja, com a mesma textura e sabor de um hamb\u00farguer artesanal.","breadcrumb":{"@id":"https:\/\/www.barosa.com\/produto\/the-vegetarian-butcher-hamburguer-premium-vegan-congelado-2-26kg\/#breadcrumb"},"inLanguage":"de","potentialAction":[{"@type":"ReadAction","target":["https:\/\/www.barosa.com\/produto\/the-vegetarian-butcher-hamburguer-premium-vegan-congelado-2-26kg\/"]}]},{"@type":"ImageObject","inLanguage":"de","@id":"https:\/\/www.barosa.com\/produto\/the-vegetarian-butcher-hamburguer-premium-vegan-congelado-2-26kg\/#primaryimage","url":"https:\/\/www.barosa.com\/wp-content\/uploads\/2021\/11\/The-Vegetarian-Butcher-Hamburguer-Premium-Vegan-congelado-2_26kg.jpg","contentUrl":"https:\/\/www.barosa.com\/wp-content\/uploads\/2021\/11\/The-Vegetarian-Butcher-Hamburguer-Premium-Vegan-congelado-2_26kg.jpg","width":1023,"height":1023,"caption":"The Vegetarian Butcher - Hamb\u00farguer Premium Vegan congelado 2,26kg"},{"@type":"BreadcrumbList","@id":"https:\/\/www.barosa.com\/produto\/the-vegetarian-butcher-hamburguer-premium-vegan-congelado-2-26kg\/#breadcrumb","itemListElement":[{"@type":"ListItem","position":1,"name":"In\u00edcio","item":"https:\/\/www.barosa.com\/"},{"@type":"ListItem","position":2,"name":"Shop","item":"https:\/\/www.barosa.com\/shop\/"},{"@type":"ListItem","position":3,"name":"The Vegetarian Butcher &#8211; Hamb\u00farguer Premium Vegan congelado 2,26kg"}]},{"@type":"WebSite","@id":"https:\/\/www.barosa.com\/#website","url":"https:\/\/www.barosa.com\/","name":"BAROSA Congelados | Manuel de Sousa Barosa, Lda.","description":"Ein Unternehmen, das Tiefk\u00fchlkostprodukte verarbeitet und verkauft. BAROSA \u00ae Fisch, \"Keine gute Gabel kann widerstehen\u00ae\". BAROSA \u00ae FoodService \"Die gute Seite des Essens\u00ae\". Fisch Krustentiere Schalentiere Kopff\u00fc\u00dfer Muscheln B\u00e4ckerei Geb\u00e4ck Pizzas Desserts","publisher":{"@id":"https:\/\/www.barosa.com\/#organization"},"alternateName":"BAROSA\u00ae","potentialAction":[{"@type":"SearchAction","target":{"@type":"EntryPoint","urlTemplate":"https:\/\/www.barosa.com\/?s={search_term_string}"},"query-input":{"@type":"PropertyValueSpecification","valueRequired":true,"valueName":"search_term_string"}}],"inLanguage":"de"},{"@type":"Organization","@id":"https:\/\/www.barosa.com\/#organization","name":"Manuel de Sousa Barosa, Lda.","alternateName":"BAROSA","url":"https:\/\/www.barosa.com\/","logo":{"@type":"ImageObject","inLanguage":"de","@id":"https:\/\/www.barosa.com\/#\/schema\/logo\/image\/","url":"https:\/\/www.barosa.com\/wp-content\/uploads\/2025\/03\/BAROSA-Logo-696x696-1.jpg","contentUrl":"https:\/\/www.barosa.com\/wp-content\/uploads\/2025\/03\/BAROSA-Logo-696x696-1.jpg","width":696,"height":696,"caption":"Manuel de Sousa Barosa, Lda."},"image":{"@id":"https:\/\/www.barosa.com\/#\/schema\/logo\/image\/"},"sameAs":["http:\/\/www.facebook.com\/barosa\/","https:\/\/x.com\/barosa_lda","https:\/\/www.instagram.com\/barosa_lda\/","https:\/\/pt.linkedin.com\/company\/barosa-lda"],"description":"Ein Unternehmen, das Tiefk\u00fchlkostprodukte verarbeitet und verkauft. BAROSA \u00ae Fisch, \"Keine gute Gabel kann widerstehen\u00ae\". BAROSA \u00ae FoodService \"Die gute Seite des Essens!\u00ae\"","email":"info@barosa.com","telephone":"+351 262824403","legalName":"Manuel de Sousa Barosa, Lda.","foundingDate":"1975-05-21","vatID":"503365190","taxID":"503365190","duns":"452388713","numberOfEmployees":{"@type":"QuantitativeValue","minValue":"11","maxValue":"50"},"ethicsPolicy":"https:\/\/www.barosa.com\/politicaprivacidade\/"}]}},"_links":{"self":[{"href":"https:\/\/www.barosa.com\/de\/wp-json\/wp\/v2\/product\/6582","targetHints":{"allow":["GET"]}}],"collection":[{"href":"https:\/\/www.barosa.com\/de\/wp-json\/wp\/v2\/product"}],"about":[{"href":"https:\/\/www.barosa.com\/de\/wp-json\/wp\/v2\/types\/product"}],"wp:featuredmedia":[{"embeddable":true,"href":"https:\/\/www.barosa.com\/de\/wp-json\/wp\/v2\/media\/6583"}],"wp:attachment":[{"href":"https:\/\/www.barosa.com\/de\/wp-json\/wp\/v2\/media?parent=6582"}],"wp:term":[{"taxonomy":"product_brand","embeddable":true,"href":"https:\/\/www.barosa.com\/de\/wp-json\/wp\/v2\/product_brand?post=6582"},{"taxonomy":"product_cat","embeddable":true,"href":"https:\/\/www.barosa.com\/de\/wp-json\/wp\/v2\/product_cat?post=6582"},{"taxonomy":"product_tag","embeddable":true,"href":"https:\/\/www.barosa.com\/de\/wp-json\/wp\/v2\/product_tag?post=6582"}],"curies":[{"name":"wp","href":"https:\/\/api.w.org\/{rel}","templated":true}]}}