{"id":6492,"date":"2021-10-21T15:41:47","date_gmt":"2021-10-21T14:41:47","guid":{"rendered":"https:\/\/www.barosa.com\/?post_type=product&#038;p=6492"},"modified":"2025-07-04T10:04:50","modified_gmt":"2025-07-04T10:04:50","slug":"la-mia-grande-salame-picante","status":"publish","type":"product","link":"https:\/\/www.barosa.com\/de\/produto\/la-mia-grande-salame-picante\/","title":{"rendered":"La Mia Grande Pikante Salami"},"content":{"rendered":"","protected":false},"excerpt":{"rendered":"<p>Tipo de embalagem:<\/p>\n<ul>\n<li>Peso da unidade: 380 Grs<\/li>\n<li>Di\u00e2metro por unidade: 29 cm<\/li>\n<li>N\u00famero de unidades: 8<\/li>\n<\/ul>\n<p>La Mia Grande \u00e9 uma pizza de pizzaria. Maior, mais artesanal, mais natural e est\u00e1 pronta em apenas 6-8 minutos. Vai adorar a sua massa artesanal, extrafina, com um rebordo super crocante, e cozida em forno de pedra. Como a que comeria numa pizzaria italiana!<\/p>\n<p>Rodelas de Pepperoni e um irresist\u00edvel queijo mozzarella sobre a nossa massa artesanal, extrafina e com um rebordo crocante. Tem que experimentar!<\/p>\n[bg_collapse view=\"link\" color=\"#4a4949\" icon=\"arrow\" expand_text=\"\u00a0 \u00a0Mostrar mais\" collapse_text=\"\u00a0 \u00a0Mostrar menos\" ]<\/p>\n<p><img decoding=\"async\" src=\"https:\/\/nomadfoodscdn.com\/-\/media\/project\/bluesteel\/iglo-pt\/icons\/oven.png?la=pt-pt&amp;h=30&amp;w=30&amp;hash=FAA6936502D95C7653F18FA37D2EA457\" alt=\"oven\" \/><\/p>\n<p>Prepara\u00e7\u00e3o no forno:<\/p>\n<ol>\n<li>Pr\u00e9-aque\u00e7a o forno: 250 \u00b0 C;<\/li>\n<li>Deixar a temperatura ambiente enquanto o forno pr\u00e9-aquece;<\/li>\n<li>Retire o papel alum\u00ednio;<\/li>\n<li>Asse a pizza na grelha no ter\u00e7o inferior do forno por 6- 8 minutos.<\/li>\n<\/ol>\n<p>Ingredientes: 380 g com 24% de tomate passado, 23% queijo Mozzarella, 7,6% de pepperoni, or\u00e9g\u00e3os, pimenta e manjeric\u00e3o.<\/p>\n<p>Os seguintes rastros n\u00e3o podem ser completamente exclu\u00eddos:<\/p>\n<ul>\n<li>Produtos de espelta e espelta (cereais contendo gl\u00faten)<\/li>\n<li>Cevada e produtos de cevada (cereais contendo gl\u00faten)<\/li>\n<li>Aveia e produtos de aveia (cereais contendo gl\u00faten)<\/li>\n<li>Centeio e produtos de centeio (cereais contendo gl\u00faten)<\/li>\n<\/ul>\n<p>[\/bg_collapse]\n<p>&nbsp;<\/p>\n<p>Marca: Dr. Oetker<\/p>\n<h6>Produto congelado<\/h6>\n","protected":false},"featured_media":6493,"template":"","meta":[],"product_brand":[715,713],"product_cat":[210],"product_tag":[739],"class_list":{"0":"post-6492","1":"product","2":"type-product","3":"status-publish","4":"has-post-thumbnail","6":"product_brand-dr-oetker","7":"product_brand-iglo","8":"product_cat-pizzas-embaladas","9":"product_tag-la-mia","11":"first","12":"instock","13":"taxable","14":"shipping-taxable","15":"purchasable","16":"product-type-simple"},"yoast_head":"<!-- This site is optimized with the Yoast SEO Premium plugin v27.5 (Yoast SEO v27.5) - https:\/\/yoast.com\/product\/yoast-seo-premium-wordpress\/ -->\n<title>La Mia Grande Salame Picante - BAROSA Congelados | Manuel de Sousa Barosa, Lda.<\/title>\n<meta name=\"description\" content=\"Rodelas de Pepperoni e um irresist\u00edvel queijo mozzarella sobre a nossa massa artesanal, extrafina e com um rebordo crocante. Tem que experimentar!\" \/>\n<meta name=\"robots\" content=\"index, follow, max-snippet:-1, max-image-preview:large, max-video-preview:-1\" \/>\n<link rel=\"canonical\" href=\"https:\/\/www.barosa.com\/de\/product-2\/la-mia-grande-salame-picante\/\" \/>\n<meta property=\"og:locale\" content=\"de_DE\" \/>\n<meta property=\"og:type\" content=\"article\" \/>\n<meta property=\"og:title\" content=\"La Mia Grande Salame Picante\" \/>\n<meta property=\"og:description\" content=\"Rodelas de Pepperoni e um irresist\u00edvel queijo mozzarella sobre a nossa massa artesanal, extrafina e com um rebordo crocante. Tem que experimentar!\" \/>\n<meta property=\"og:url\" content=\"https:\/\/www.barosa.com\/de\/product-2\/la-mia-grande-salame-picante\/\" \/>\n<meta property=\"og:site_name\" content=\"BAROSA Congelados | Manuel de Sousa Barosa, Lda.\" \/>\n<meta property=\"article:publisher\" content=\"http:\/\/www.facebook.com\/barosa\/\" \/>\n<meta property=\"article:modified_time\" content=\"2025-07-04T10:04:50+00:00\" \/>\n<meta property=\"og:image\" content=\"https:\/\/www.barosa.com\/wp-content\/uploads\/2021\/10\/La-Mia-Grande-Salame-Picante-953x1024.jpg\" \/>\n\t<meta property=\"og:image:width\" content=\"953\" \/>\n\t<meta property=\"og:image:height\" content=\"1024\" \/>\n\t<meta property=\"og:image:type\" content=\"image\/jpeg\" \/>\n<meta name=\"twitter:card\" content=\"summary_large_image\" \/>\n<meta name=\"twitter:site\" content=\"@barosa_lda\" \/>\n<script type=\"application\/ld+json\" class=\"yoast-schema-graph\">{\"@context\":\"https:\\\/\\\/schema.org\",\"@graph\":[{\"@type\":\"WebPage\",\"@id\":\"https:\\\/\\\/www.barosa.com\\\/produto\\\/la-mia-grande-salame-picante\\\/\",\"url\":\"https:\\\/\\\/www.barosa.com\\\/produto\\\/la-mia-grande-salame-picante\\\/\",\"name\":\"La Mia Grande Salame Picante - BAROSA Congelados | Manuel de Sousa Barosa, Lda.\",\"isPartOf\":{\"@id\":\"https:\\\/\\\/www.barosa.com\\\/#website\"},\"primaryImageOfPage\":{\"@id\":\"https:\\\/\\\/www.barosa.com\\\/produto\\\/la-mia-grande-salame-picante\\\/#primaryimage\"},\"image\":{\"@id\":\"https:\\\/\\\/www.barosa.com\\\/produto\\\/la-mia-grande-salame-picante\\\/#primaryimage\"},\"thumbnailUrl\":\"https:\\\/\\\/www.barosa.com\\\/wp-content\\\/uploads\\\/2021\\\/10\\\/La-Mia-Grande-Salame-Picante.jpg\",\"datePublished\":\"2021-10-21T14:41:47+00:00\",\"dateModified\":\"2025-07-04T10:04:50+00:00\",\"description\":\"Rodelas de Pepperoni e um irresist\u00edvel queijo mozzarella sobre a nossa massa artesanal, extrafina e com um rebordo crocante. Tem que experimentar!\",\"breadcrumb\":{\"@id\":\"https:\\\/\\\/www.barosa.com\\\/produto\\\/la-mia-grande-salame-picante\\\/#breadcrumb\"},\"inLanguage\":\"de\",\"potentialAction\":[{\"@type\":\"ReadAction\",\"target\":[\"https:\\\/\\\/www.barosa.com\\\/produto\\\/la-mia-grande-salame-picante\\\/\"]}]},{\"@type\":\"ImageObject\",\"inLanguage\":\"de\",\"@id\":\"https:\\\/\\\/www.barosa.com\\\/produto\\\/la-mia-grande-salame-picante\\\/#primaryimage\",\"url\":\"https:\\\/\\\/www.barosa.com\\\/wp-content\\\/uploads\\\/2021\\\/10\\\/La-Mia-Grande-Salame-Picante.jpg\",\"contentUrl\":\"https:\\\/\\\/www.barosa.com\\\/wp-content\\\/uploads\\\/2021\\\/10\\\/La-Mia-Grande-Salame-Picante.jpg\",\"width\":2094,\"height\":2250,\"caption\":\"La Mia Grande Salame Picante\"},{\"@type\":\"BreadcrumbList\",\"@id\":\"https:\\\/\\\/www.barosa.com\\\/produto\\\/la-mia-grande-salame-picante\\\/#breadcrumb\",\"itemListElement\":[{\"@type\":\"ListItem\",\"position\":1,\"name\":\"In\u00edcio\",\"item\":\"https:\\\/\\\/www.barosa.com\\\/\"},{\"@type\":\"ListItem\",\"position\":2,\"name\":\"Shop\",\"item\":\"https:\\\/\\\/www.barosa.com\\\/shop\\\/\"},{\"@type\":\"ListItem\",\"position\":3,\"name\":\"La Mia Grande Salame Picante\"}]},{\"@type\":\"WebSite\",\"@id\":\"https:\\\/\\\/www.barosa.com\\\/#website\",\"url\":\"https:\\\/\\\/www.barosa.com\\\/\",\"name\":\"BAROSA Congelados | Manuel de Sousa Barosa, Lda.\",\"description\":\"Empresa de transforma\u00e7\u00e3o e comercializa\u00e7\u00e3o de produtos alimentares congelados. BAROSA \u00ae Pescados, &quot;N\u00e3o h\u00e1 bom garfo que resista\u00ae&quot;. BAROSA \u00ae FoodService &quot;O lado bom da comida\u00ae&quot;. Pescados Crust\u00e1ceos Mariscos Cefal\u00f3podes Bivalves Padaria Pastelaria Pizzas Sobremesas\",\"publisher\":{\"@id\":\"https:\\\/\\\/www.barosa.com\\\/#organization\"},\"alternateName\":\"BAROSA\u00ae\",\"potentialAction\":[{\"@type\":\"SearchAction\",\"target\":{\"@type\":\"EntryPoint\",\"urlTemplate\":\"https:\\\/\\\/www.barosa.com\\\/?s={search_term_string}\"},\"query-input\":{\"@type\":\"PropertyValueSpecification\",\"valueRequired\":true,\"valueName\":\"search_term_string\"}}],\"inLanguage\":\"de\"},{\"@type\":\"Organization\",\"@id\":\"https:\\\/\\\/www.barosa.com\\\/#organization\",\"name\":\"Manuel de Sousa Barosa, Lda.\",\"alternateName\":\"BAROSA\",\"url\":\"https:\\\/\\\/www.barosa.com\\\/\",\"logo\":{\"@type\":\"ImageObject\",\"inLanguage\":\"de\",\"@id\":\"https:\\\/\\\/www.barosa.com\\\/#\\\/schema\\\/logo\\\/image\\\/\",\"url\":\"https:\\\/\\\/www.barosa.com\\\/wp-content\\\/uploads\\\/2025\\\/03\\\/BAROSA-Logo-696x696-1.jpg\",\"contentUrl\":\"https:\\\/\\\/www.barosa.com\\\/wp-content\\\/uploads\\\/2025\\\/03\\\/BAROSA-Logo-696x696-1.jpg\",\"width\":696,\"height\":696,\"caption\":\"Manuel de Sousa Barosa, Lda.\"},\"image\":{\"@id\":\"https:\\\/\\\/www.barosa.com\\\/#\\\/schema\\\/logo\\\/image\\\/\"},\"sameAs\":[\"http:\\\/\\\/www.facebook.com\\\/barosa\\\/\",\"https:\\\/\\\/x.com\\\/barosa_lda\",\"https:\\\/\\\/www.instagram.com\\\/barosa_lda\\\/\",\"https:\\\/\\\/pt.linkedin.com\\\/company\\\/barosa-lda\"],\"description\":\"Empresa de transforma\u00e7\u00e3o e comercializa\u00e7\u00e3o de produtos alimentares congelados. BAROSA \u00ae Pescados, \\\"N\u00e3o h\u00e1 bom garfo que resista\u00ae\\\". BAROSA \u00ae FoodService \\\"O lado bom da comida!\u00ae\\\"\",\"email\":\"info@barosa.com\",\"telephone\":\"+351 262824403\",\"legalName\":\"Manuel de Sousa Barosa, Lda.\",\"foundingDate\":\"1975-05-21\",\"vatID\":\"503365190\",\"taxID\":\"503365190\",\"duns\":\"452388713\",\"numberOfEmployees\":{\"@type\":\"QuantitativeValue\",\"minValue\":\"11\",\"maxValue\":\"50\"},\"ethicsPolicy\":\"https:\\\/\\\/www.barosa.com\\\/politicaprivacidade\\\/\"}]}<\/script>\n<!-- \/ Yoast SEO Premium plugin. -->","yoast_head_json":{"title":"La Mia Grande Salame Picante - BAROSA Congelados | Manuel de Sousa Barosa, Lda.","description":"Rodelas de Pepperoni e um irresist\u00edvel queijo mozzarella sobre a nossa massa artesanal, extrafina e com um rebordo crocante. Tem que experimentar!","robots":{"index":"index","follow":"follow","max-snippet":"max-snippet:-1","max-image-preview":"max-image-preview:large","max-video-preview":"max-video-preview:-1"},"canonical":"https:\/\/www.barosa.com\/de\/product-2\/la-mia-grande-salame-picante\/","og_locale":"de_DE","og_type":"article","og_title":"La Mia Grande Salame Picante","og_description":"Rodelas de Pepperoni e um irresist\u00edvel queijo mozzarella sobre a nossa massa artesanal, extrafina e com um rebordo crocante. Tem que experimentar!","og_url":"https:\/\/www.barosa.com\/de\/product-2\/la-mia-grande-salame-picante\/","og_site_name":"BAROSA Congelados | Manuel de Sousa Barosa, Lda.","article_publisher":"http:\/\/www.facebook.com\/barosa\/","article_modified_time":"2025-07-04T10:04:50+00:00","og_image":[{"width":953,"height":1024,"url":"https:\/\/www.barosa.com\/wp-content\/uploads\/2021\/10\/La-Mia-Grande-Salame-Picante-953x1024.jpg","type":"image\/jpeg"}],"twitter_card":"summary_large_image","twitter_site":"@barosa_lda","schema":{"@context":"https:\/\/schema.org","@graph":[{"@type":"WebPage","@id":"https:\/\/www.barosa.com\/produto\/la-mia-grande-salame-picante\/","url":"https:\/\/www.barosa.com\/produto\/la-mia-grande-salame-picante\/","name":"La Mia Grande Salame Picante - BAROSA Congelados | Manuel de Sousa Barosa, Lda.","isPartOf":{"@id":"https:\/\/www.barosa.com\/#website"},"primaryImageOfPage":{"@id":"https:\/\/www.barosa.com\/produto\/la-mia-grande-salame-picante\/#primaryimage"},"image":{"@id":"https:\/\/www.barosa.com\/produto\/la-mia-grande-salame-picante\/#primaryimage"},"thumbnailUrl":"https:\/\/www.barosa.com\/wp-content\/uploads\/2021\/10\/La-Mia-Grande-Salame-Picante.jpg","datePublished":"2021-10-21T14:41:47+00:00","dateModified":"2025-07-04T10:04:50+00:00","description":"Rodelas de Pepperoni e um irresist\u00edvel queijo mozzarella sobre a nossa massa artesanal, extrafina e com um rebordo crocante. Tem que experimentar!","breadcrumb":{"@id":"https:\/\/www.barosa.com\/produto\/la-mia-grande-salame-picante\/#breadcrumb"},"inLanguage":"de","potentialAction":[{"@type":"ReadAction","target":["https:\/\/www.barosa.com\/produto\/la-mia-grande-salame-picante\/"]}]},{"@type":"ImageObject","inLanguage":"de","@id":"https:\/\/www.barosa.com\/produto\/la-mia-grande-salame-picante\/#primaryimage","url":"https:\/\/www.barosa.com\/wp-content\/uploads\/2021\/10\/La-Mia-Grande-Salame-Picante.jpg","contentUrl":"https:\/\/www.barosa.com\/wp-content\/uploads\/2021\/10\/La-Mia-Grande-Salame-Picante.jpg","width":2094,"height":2250,"caption":"La Mia Grande Salame Picante"},{"@type":"BreadcrumbList","@id":"https:\/\/www.barosa.com\/produto\/la-mia-grande-salame-picante\/#breadcrumb","itemListElement":[{"@type":"ListItem","position":1,"name":"In\u00edcio","item":"https:\/\/www.barosa.com\/"},{"@type":"ListItem","position":2,"name":"Shop","item":"https:\/\/www.barosa.com\/shop\/"},{"@type":"ListItem","position":3,"name":"La Mia Grande Salame Picante"}]},{"@type":"WebSite","@id":"https:\/\/www.barosa.com\/#website","url":"https:\/\/www.barosa.com\/","name":"BAROSA Congelados | Manuel de Sousa Barosa, Lda.","description":"Ein Unternehmen, das Tiefk\u00fchlkostprodukte verarbeitet und verkauft. BAROSA \u00ae Fisch, \"Keine gute Gabel kann widerstehen\u00ae\". BAROSA \u00ae FoodService \"Die gute Seite des Essens\u00ae\". Fisch Krustentiere Schalentiere Kopff\u00fc\u00dfer Muscheln B\u00e4ckerei Geb\u00e4ck Pizzas Desserts","publisher":{"@id":"https:\/\/www.barosa.com\/#organization"},"alternateName":"BAROSA\u00ae","potentialAction":[{"@type":"SearchAction","target":{"@type":"EntryPoint","urlTemplate":"https:\/\/www.barosa.com\/?s={search_term_string}"},"query-input":{"@type":"PropertyValueSpecification","valueRequired":true,"valueName":"search_term_string"}}],"inLanguage":"de"},{"@type":"Organization","@id":"https:\/\/www.barosa.com\/#organization","name":"Manuel de Sousa Barosa, Lda.","alternateName":"BAROSA","url":"https:\/\/www.barosa.com\/","logo":{"@type":"ImageObject","inLanguage":"de","@id":"https:\/\/www.barosa.com\/#\/schema\/logo\/image\/","url":"https:\/\/www.barosa.com\/wp-content\/uploads\/2025\/03\/BAROSA-Logo-696x696-1.jpg","contentUrl":"https:\/\/www.barosa.com\/wp-content\/uploads\/2025\/03\/BAROSA-Logo-696x696-1.jpg","width":696,"height":696,"caption":"Manuel de Sousa Barosa, Lda."},"image":{"@id":"https:\/\/www.barosa.com\/#\/schema\/logo\/image\/"},"sameAs":["http:\/\/www.facebook.com\/barosa\/","https:\/\/x.com\/barosa_lda","https:\/\/www.instagram.com\/barosa_lda\/","https:\/\/pt.linkedin.com\/company\/barosa-lda"],"description":"Ein Unternehmen, das Tiefk\u00fchlkostprodukte verarbeitet und verkauft. BAROSA \u00ae Fisch, \"Keine gute Gabel kann widerstehen\u00ae\". BAROSA \u00ae FoodService \"Die gute Seite des Essens!\u00ae\"","email":"info@barosa.com","telephone":"+351 262824403","legalName":"Manuel de Sousa Barosa, Lda.","foundingDate":"1975-05-21","vatID":"503365190","taxID":"503365190","duns":"452388713","numberOfEmployees":{"@type":"QuantitativeValue","minValue":"11","maxValue":"50"},"ethicsPolicy":"https:\/\/www.barosa.com\/politicaprivacidade\/"}]}},"_links":{"self":[{"href":"https:\/\/www.barosa.com\/de\/wp-json\/wp\/v2\/product\/6492","targetHints":{"allow":["GET"]}}],"collection":[{"href":"https:\/\/www.barosa.com\/de\/wp-json\/wp\/v2\/product"}],"about":[{"href":"https:\/\/www.barosa.com\/de\/wp-json\/wp\/v2\/types\/product"}],"wp:featuredmedia":[{"embeddable":true,"href":"https:\/\/www.barosa.com\/de\/wp-json\/wp\/v2\/media\/6493"}],"wp:attachment":[{"href":"https:\/\/www.barosa.com\/de\/wp-json\/wp\/v2\/media?parent=6492"}],"wp:term":[{"taxonomy":"product_brand","embeddable":true,"href":"https:\/\/www.barosa.com\/de\/wp-json\/wp\/v2\/product_brand?post=6492"},{"taxonomy":"product_cat","embeddable":true,"href":"https:\/\/www.barosa.com\/de\/wp-json\/wp\/v2\/product_cat?post=6492"},{"taxonomy":"product_tag","embeddable":true,"href":"https:\/\/www.barosa.com\/de\/wp-json\/wp\/v2\/product_tag?post=6492"}],"curies":[{"name":"wp","href":"https:\/\/api.w.org\/{rel}","templated":true}]}}